{"id":100987,"date":"2026-01-28T04:42:03","date_gmt":"2026-01-28T03:42:03","guid":{"rendered":"https:\/\/truusk.store\/product\/paviljong-33x33m-vattenavvisande-pop-up-vikpaviljong-med-led-dubbeltak-myggnat-4-sidodelar-vaska\/"},"modified":"2026-03-12T09:33:17","modified_gmt":"2026-03-12T08:33:17","slug":"truusk-paviljong-33x33m-vattenavvisande-pop-up-led-myggnat-dubbeltak-vaska","status":"publish","type":"product","link":"https:\/\/truusk.store\/sv\/produkt\/truusk-paviljong-33x33m-vattenavvisande-pop-up-led-myggnat-dubbeltak-vaska\/","title":{"rendered":"TRUUSK Paviljong 3,3&#215;3,3m &#8211; Vattenavvisande &#8211; Pop-up &#8211; LED &#8211; Myggn\u00e4t &#8211; Dubbeltak &#8211; V\u00e4ska"},"content":{"rendered":"<p>Med [BRAND NAME] vikbara paviljong blir din utomhusoas verklighet! Eftersom den drivs med solenergi sparar den p\u00e5 elr\u00e4kningen. H\u00e5ll dig sval och skyddad fr\u00e5n elementen med det avtagbara n\u00e4tet som h\u00e5ller irriterande insekter i schack. Med sina justerbara f\u00f6tter erbjuder denna paviljong olika h\u00f6jdm\u00f6jligheter. Denna pop-up paviljong garanterar of\u00f6rgl\u00f6mliga sammankomster under str\u00e5lande sol eller glittrande stj\u00e4rnor!<\/p>\n<p>Beskrivning:<\/p>\n<ul>\n<li> Partyt\u00e4ltets solenergidrivna LED-lampor ger 6 timmars ljus efter en full laddning<\/li>\n<li> En fj\u00e4rrkontroll f\u00f6r p\u00e5\/av, ljusstyrka och l\u00e4gen<\/li>\n<li> Tack vare den vikbara designen kan lampan monteras och demonteras p\u00e5 n\u00e5gra minuter utan verktyg<\/li>\n<li> Utrustad med en praktisk transportv\u00e4ska<\/li>\n<li> Pulverlackerat st\u00e5lram med 8 markankare och 4 viktp\u00e5sar f\u00f6r stabil position<\/li>\n<li> Ger skugga f\u00f6r 6-9 personer med tillr\u00e4ckligt utrymme<\/li>\n<li> 90 g Oxford-tyg med silverbel\u00e4ggning f\u00f6r h\u00e5llbarhet och UV-resistens<\/li>\n<li> Luftcirkulation och vindresistens f\u00f6rb\u00e4ttras genom den dubbla takkonstruktionen<\/li>\n<\/ul>\n<p> Tekniska data:<\/p>\n<ul>\n<li> F\u00e4rg: Brun<\/li>\n<li> Material: St\u00e5l, Oxford-tyg<\/li>\n<li> Totala dimensioner: 336L x 336B x 250-270H cm<\/li>\n<li> Takfotsh\u00f6jd: 180-200 cm<\/li>\n<li> Avst\u00e5nd mellan stolpar: 290L x 290B cm<\/li>\n<li> Vikbar storlek: 25L x 25B x 132H cm<\/li>\n<li> Viktp\u00e5se Info: Sand: 13kg per styck, Vatten: 10kg per styck<\/li>\n<li> LED-ljus: Antal: 20, Effekt: 0,2W, Drifttid: 10000h<\/li>\n<li> Laddningstid: 8 h<\/li>\n<li> Drifttid: 6 h<\/li>\n<li> Obs: F\u00f6r att garantera en l\u00e5ng livsl\u00e4ngd p\u00e5 paviljongen rekommenderar vi att den inte s\u00e4tts upp vid d\u00e5ligt v\u00e4der<\/li>\n<\/ul>\n<p>Leverans inneh\u00e5ller:<\/p>\n<ul>\n<li> 1 x Gazebo<\/li>\n<li> 8 x Markspik<\/li>\n<li> 1 x B\u00e4rp\u00e5se<\/li>\n<li> 1 x Manual<\/li>\n<\/ul>\n","protected":false},"excerpt":{"rendered":"<p>Med [BRAND NAME] vikbara paviljong blir din utomhusoas verklighet! Eftersom den drivs med solenergi sparar den p\u00e5 elr\u00e4kningen. H\u00e5ll dig&#8230;<\/p>\n","protected":false},"featured_media":100977,"template":"","meta":[],"product_brand":[],"product_cat":[477,858,476],"product_tag":[],"class_list":{"0":"post-100987","1":"product","2":"type-product","3":"status-publish","4":"has-post-thumbnail","6":"product_cat-paviljonger-partytalt","7":"product_cat-tradgard-terrass","8":"product_cat-tradgardspaviljonger","10":"first","11":"instock","12":"sale","13":"taxable","14":"shipping-taxable","15":"purchasable","16":"product-type-simple"},"yoast_head":"<!-- This site is optimized with the Yoast SEO plugin v25.4 - https:\/\/yoast.com\/wordpress\/plugins\/seo\/ -->\n<title>TRUUSK Paviljong 3,3x3,3m - Vattenavvisande - Pop-up - LED - Myggn\u00e4t - Dubbeltak - V\u00e4ska - TRUUSK - Hem, Tr\u00e4dg\u00e5rd &amp; Fritid<\/title>\n<meta name=\"robots\" content=\"index, follow, max-snippet:-1, max-image-preview:large, max-video-preview:-1\" \/>\n<link rel=\"canonical\" href=\"https:\/\/truusk.store\/sv\/produkt\/truusk-paviljong-33x33m-vattenavvisande-pop-up-led-myggnat-dubbeltak-vaska\/\" \/>\n<meta property=\"og:locale\" content=\"sv_SE\" \/>\n<meta property=\"og:type\" content=\"article\" \/>\n<meta property=\"og:title\" content=\"TRUUSK Paviljong 3,3x3,3m - Vattenavvisande - Pop-up - LED - Myggn\u00e4t - Dubbeltak - V\u00e4ska - TRUUSK - Hem, Tr\u00e4dg\u00e5rd &amp; Fritid\" \/>\n<meta property=\"og:description\" content=\"Med [BRAND NAME] vikbara paviljong blir din utomhusoas verklighet! Eftersom den drivs med solenergi sparar den p\u00e5 elr\u00e4kningen. H\u00e5ll dig...\" \/>\n<meta property=\"og:url\" content=\"https:\/\/truusk.store\/sv\/produkt\/truusk-paviljong-33x33m-vattenavvisande-pop-up-led-myggnat-dubbeltak-vaska\/\" \/>\n<meta property=\"og:site_name\" content=\"TRUUSK - Hem, Tr\u00e4dg\u00e5rd &amp; Fritid\" \/>\n<meta property=\"article:modified_time\" content=\"2026-03-12T08:33:17+00:00\" \/>\n<meta property=\"og:image\" content=\"https:\/\/i0.wp.com\/truusk.se\/wp-content\/uploads\/2026\/01\/paviljong-33x33m-vattenavvisande-pop-up-vikpaviljong-med-led-dubbeltak-myggnat-4-sidodelar-vaska-1.webp?fit=2000%2C2000&ssl=1\" \/>\n\t<meta property=\"og:image:width\" content=\"2000\" \/>\n\t<meta property=\"og:image:height\" content=\"2000\" \/>\n\t<meta property=\"og:image:type\" content=\"image\/webp\" \/>\n<meta name=\"twitter:card\" content=\"summary_large_image\" \/>\n<meta name=\"twitter:label1\" content=\"Ber\u00e4knad l\u00e4stid\" \/>\n\t<meta name=\"twitter:data1\" content=\"1 minut\" \/>\n<!-- \/ Yoast SEO plugin. -->","yoast_head_json":{"title":"TRUUSK Paviljong 3,3x3,3m - Vattenavvisande - Pop-up - LED - Myggn\u00e4t - Dubbeltak - V\u00e4ska - TRUUSK - Hem, Tr\u00e4dg\u00e5rd &amp; Fritid","robots":{"index":"index","follow":"follow","max-snippet":"max-snippet:-1","max-image-preview":"max-image-preview:large","max-video-preview":"max-video-preview:-1"},"canonical":"https:\/\/truusk.store\/sv\/produkt\/truusk-paviljong-33x33m-vattenavvisande-pop-up-led-myggnat-dubbeltak-vaska\/","og_locale":"sv_SE","og_type":"article","og_title":"TRUUSK Paviljong 3,3x3,3m - Vattenavvisande - Pop-up - LED - Myggn\u00e4t - Dubbeltak - V\u00e4ska - TRUUSK - Hem, Tr\u00e4dg\u00e5rd &amp; Fritid","og_description":"Med [BRAND NAME] vikbara paviljong blir din utomhusoas verklighet! Eftersom den drivs med solenergi sparar den p\u00e5 elr\u00e4kningen. H\u00e5ll dig...","og_url":"https:\/\/truusk.store\/sv\/produkt\/truusk-paviljong-33x33m-vattenavvisande-pop-up-led-myggnat-dubbeltak-vaska\/","og_site_name":"TRUUSK - Hem, Tr\u00e4dg\u00e5rd &amp; Fritid","article_modified_time":"2026-03-12T08:33:17+00:00","og_image":[{"width":2000,"height":2000,"url":"https:\/\/i0.wp.com\/truusk.se\/wp-content\/uploads\/2026\/01\/paviljong-33x33m-vattenavvisande-pop-up-vikpaviljong-med-led-dubbeltak-myggnat-4-sidodelar-vaska-1.webp?fit=2000%2C2000&ssl=1","type":"image\/webp"}],"twitter_card":"summary_large_image","twitter_misc":{"Ber\u00e4knad l\u00e4stid":"1 minut"},"schema":{"@context":"https:\/\/schema.org","@graph":[{"@type":"WebPage","@id":"https:\/\/truusk.store\/sv\/produkt\/truusk-paviljong-33x33m-vattenavvisande-pop-up-led-myggnat-dubbeltak-vaska\/","url":"https:\/\/truusk.store\/sv\/produkt\/truusk-paviljong-33x33m-vattenavvisande-pop-up-led-myggnat-dubbeltak-vaska\/","name":"TRUUSK Paviljong 3,3x3,3m - Vattenavvisande - Pop-up - LED - Myggn\u00e4t - Dubbeltak - V\u00e4ska - TRUUSK - Hem, Tr\u00e4dg\u00e5rd &amp; Fritid","isPartOf":{"@id":"https:\/\/truusk.store\/sv\/#website"},"primaryImageOfPage":{"@id":"https:\/\/truusk.store\/sv\/produkt\/truusk-paviljong-33x33m-vattenavvisande-pop-up-led-myggnat-dubbeltak-vaska\/#primaryimage"},"image":{"@id":"https:\/\/truusk.store\/sv\/produkt\/truusk-paviljong-33x33m-vattenavvisande-pop-up-led-myggnat-dubbeltak-vaska\/#primaryimage"},"thumbnailUrl":"https:\/\/i0.wp.com\/truusk.store\/wp-content\/uploads\/2026\/01\/paviljong-33x33m-vattenavvisande-pop-up-vikpaviljong-med-led-dubbeltak-myggnat-4-sidodelar-vaska-1.webp?fit=2000%2C2000&ssl=1","datePublished":"2026-01-28T03:42:03+00:00","dateModified":"2026-03-12T08:33:17+00:00","breadcrumb":{"@id":"https:\/\/truusk.store\/sv\/produkt\/truusk-paviljong-33x33m-vattenavvisande-pop-up-led-myggnat-dubbeltak-vaska\/#breadcrumb"},"inLanguage":"sv-SE","potentialAction":[{"@type":"ReadAction","target":["https:\/\/truusk.store\/sv\/produkt\/truusk-paviljong-33x33m-vattenavvisande-pop-up-led-myggnat-dubbeltak-vaska\/"]}]},{"@type":"ImageObject","inLanguage":"sv-SE","@id":"https:\/\/truusk.store\/sv\/produkt\/truusk-paviljong-33x33m-vattenavvisande-pop-up-led-myggnat-dubbeltak-vaska\/#primaryimage","url":"https:\/\/i0.wp.com\/truusk.store\/wp-content\/uploads\/2026\/01\/paviljong-33x33m-vattenavvisande-pop-up-vikpaviljong-med-led-dubbeltak-myggnat-4-sidodelar-vaska-1.webp?fit=2000%2C2000&ssl=1","contentUrl":"https:\/\/i0.wp.com\/truusk.store\/wp-content\/uploads\/2026\/01\/paviljong-33x33m-vattenavvisande-pop-up-vikpaviljong-med-led-dubbeltak-myggnat-4-sidodelar-vaska-1.webp?fit=2000%2C2000&ssl=1","width":2000,"height":2000},{"@type":"BreadcrumbList","@id":"https:\/\/truusk.store\/sv\/produkt\/truusk-paviljong-33x33m-vattenavvisande-pop-up-led-myggnat-dubbeltak-vaska\/#breadcrumb","itemListElement":[{"@type":"ListItem","position":1,"name":"Home","item":"https:\/\/truusk.store\/sv\/"},{"@type":"ListItem","position":2,"name":"Shop","item":"https:\/\/truusk.store\/shop\/"},{"@type":"ListItem","position":3,"name":"TRUUSK Paviljong 3,3&#215;3,3m &#8211; Vattenavvisande &#8211; Pop-up &#8211; LED &#8211; Myggn\u00e4t &#8211; Dubbeltak &#8211; V\u00e4ska"}]},{"@type":"WebSite","@id":"https:\/\/truusk.store\/sv\/#website","url":"https:\/\/truusk.store\/sv\/","name":"TRUUSK - Hem, Tr\u00e4dg\u00e5rd & Fritid","description":"","publisher":{"@id":"https:\/\/truusk.store\/sv\/#organization"},"potentialAction":[{"@type":"SearchAction","target":{"@type":"EntryPoint","urlTemplate":"https:\/\/truusk.store\/sv\/?s={search_term_string}"},"query-input":{"@type":"PropertyValueSpecification","valueRequired":true,"valueName":"search_term_string"}}],"inLanguage":"sv-SE"},{"@type":"Organization","@id":"https:\/\/truusk.store\/sv\/#organization","name":"TRUUSK - Hem, Tr\u00e4dg\u00e5rd & Fritid","url":"https:\/\/truusk.store\/sv\/","logo":{"@type":"ImageObject","inLanguage":"sv-SE","@id":"https:\/\/truusk.store\/sv\/#\/schema\/logo\/image\/","url":"https:\/\/i0.wp.com\/truusk.store\/wp-content\/uploads\/2026\/03\/cropped-TRUUSK.png?fit=2032%2C917&ssl=1","contentUrl":"https:\/\/i0.wp.com\/truusk.store\/wp-content\/uploads\/2026\/03\/cropped-TRUUSK.png?fit=2032%2C917&ssl=1","width":2032,"height":917,"caption":"TRUUSK - Hem, Tr\u00e4dg\u00e5rd & Fritid"},"image":{"@id":"https:\/\/truusk.store\/sv\/#\/schema\/logo\/image\/"}}]}},"jetpack_sharing_enabled":true,"_links":{"self":[{"href":"https:\/\/truusk.store\/sv\/wp-json\/wp\/v2\/product\/100987","targetHints":{"allow":["GET"]}}],"collection":[{"href":"https:\/\/truusk.store\/sv\/wp-json\/wp\/v2\/product"}],"about":[{"href":"https:\/\/truusk.store\/sv\/wp-json\/wp\/v2\/types\/product"}],"wp:featuredmedia":[{"embeddable":true,"href":"https:\/\/truusk.store\/sv\/wp-json\/wp\/v2\/media\/100977"}],"wp:attachment":[{"href":"https:\/\/truusk.store\/sv\/wp-json\/wp\/v2\/media?parent=100987"}],"wp:term":[{"taxonomy":"product_brand","embeddable":true,"href":"https:\/\/truusk.store\/sv\/wp-json\/wp\/v2\/product_brand?post=100987"},{"taxonomy":"product_cat","embeddable":true,"href":"https:\/\/truusk.store\/sv\/wp-json\/wp\/v2\/product_cat?post=100987"},{"taxonomy":"product_tag","embeddable":true,"href":"https:\/\/truusk.store\/sv\/wp-json\/wp\/v2\/product_tag?post=100987"}],"curies":[{"name":"wp","href":"https:\/\/api.w.org\/{rel}","templated":true}]}}