{"id":100998,"date":"2026-01-28T04:43:04","date_gmt":"2026-01-28T03:43:04","guid":{"rendered":"https:\/\/truusk.store\/product\/ersattnings-tak-for-pergola-med-uv-skydd-solsegel-for-terrasstak-for-3-x-3-m-paviljong-ljusgra\/"},"modified":"2026-03-12T09:33:25","modified_gmt":"2026-03-12T08:33:25","slug":"truusk-uv-skyddstak-for-3x3m-pergola-ljusgra-solsegel-med-uv-skydd-skyddar-mot-solen-passar-3x3m-paviljonger","status":"publish","type":"product","link":"https:\/\/truusk.store\/sv\/produkt\/truusk-uv-skyddstak-for-3x3m-pergola-ljusgra-solsegel-med-uv-skydd-skyddar-mot-solen-passar-3x3m-paviljonger\/","title":{"rendered":"TRUUSK UV-skyddstak f\u00f6r 3x3m pergola &#8211; Ljusgr\u00e5 &#8211; Solsegel med UV-skydd &#8211; Skyddar mot solen &#8211; Passar 3x3m paviljonger"},"content":{"rendered":"<p>Ge din 3 x 3 m stora pergola nytt liv med detta set av tv\u00e5 [BRAND NAME] ers\u00e4ttningstak f\u00f6r pergola. Tyget, tillverkat av 180 g\/m\u00b2 polyester, \u00e4r h\u00e5llbart och UV-resistent tack vare en PA-bel\u00e4ggning. S\u00e4tt bara in de viktade st\u00e4ngerna i \u00e4ndarna p\u00e5 panelerna och f\u00e4st panelerna med remmarna p\u00e5 pergola-ramen (st\u00e4nger ing\u00e5r inte).<\/p>\n<p>Beskrivning:<\/p>\n<ul>\n<li> Ers\u00e4ttnings baldakinstrips f\u00f6r pergola 3 x 3 m<\/li>\n<li> PA-belagt tyg av ers\u00e4ttningstaket f\u00f6r pergola erbjuder UV30+ skydd<\/li>\n<li> Enkel installation med remmar och st\u00e5ngfickor<\/li>\n<li> Montering tar cirka 3\u20135 minuter med tv\u00e5 personer<\/li>\n<li> Endast tyget, ingen ram ing\u00e5r<\/li>\n<\/ul>\n<p> Tekniska data:<\/p>\n<ul>\n<li> F\u00e4rg: Ljusgr\u00e5<\/li>\n<li> Material: Polyester<\/li>\n<li> Enskild panelstorlek: 488L x 122B cm<\/li>\n<li> Tygspecifikationer: 180 g\/m\u00b2<\/li>\n<\/ul>\n<p>Leveransinneh\u00e5ll:<\/p>\n<ul>\n<li> 1 x Pergola-tak;<\/li>\n<\/ul>\n","protected":false},"excerpt":{"rendered":"<p>Ge din 3 x 3 m stora pergola nytt liv med detta set av tv\u00e5 [BRAND NAME] ers\u00e4ttningstak f\u00f6r pergola&#8230;.<\/p>\n","protected":false},"featured_media":100986,"template":"","meta":[],"product_brand":[],"product_cat":[479,858,476],"product_tag":[],"class_list":{"0":"post-100998","1":"product","2":"type-product","3":"status-publish","4":"has-post-thumbnail","6":"product_cat-paviljongtak","7":"product_cat-tradgard-terrass","8":"product_cat-tradgardspaviljonger","10":"first","11":"instock","12":"sale","13":"taxable","14":"shipping-taxable","15":"purchasable","16":"product-type-simple"},"yoast_head":"<!-- This site is optimized with the Yoast SEO plugin v25.4 - https:\/\/yoast.com\/wordpress\/plugins\/seo\/ -->\n<title>TRUUSK UV-skyddstak f\u00f6r 3x3m pergola - Ljusgr\u00e5 - Solsegel med UV-skydd - Skyddar mot solen - Passar 3x3m paviljonger - TRUUSK - Hem, Tr\u00e4dg\u00e5rd &amp; Fritid<\/title>\n<meta name=\"robots\" content=\"index, follow, max-snippet:-1, max-image-preview:large, max-video-preview:-1\" \/>\n<link rel=\"canonical\" href=\"https:\/\/truusk.store\/sv\/produkt\/truusk-uv-skyddstak-for-3x3m-pergola-ljusgra-solsegel-med-uv-skydd-skyddar-mot-solen-passar-3x3m-paviljonger\/\" \/>\n<meta property=\"og:locale\" content=\"sv_SE\" \/>\n<meta property=\"og:type\" content=\"article\" \/>\n<meta property=\"og:title\" content=\"TRUUSK UV-skyddstak f\u00f6r 3x3m pergola - Ljusgr\u00e5 - Solsegel med UV-skydd - Skyddar mot solen - Passar 3x3m paviljonger - TRUUSK - Hem, Tr\u00e4dg\u00e5rd &amp; Fritid\" \/>\n<meta property=\"og:description\" content=\"Ge din 3 x 3 m stora pergola nytt liv med detta set av tv\u00e5 [BRAND NAME] ers\u00e4ttningstak f\u00f6r pergola....\" \/>\n<meta property=\"og:url\" content=\"https:\/\/truusk.store\/sv\/produkt\/truusk-uv-skyddstak-for-3x3m-pergola-ljusgra-solsegel-med-uv-skydd-skyddar-mot-solen-passar-3x3m-paviljonger\/\" \/>\n<meta property=\"og:site_name\" content=\"TRUUSK - Hem, Tr\u00e4dg\u00e5rd &amp; Fritid\" \/>\n<meta property=\"article:modified_time\" content=\"2026-03-12T08:33:25+00:00\" \/>\n<meta property=\"og:image\" content=\"https:\/\/i0.wp.com\/truusk.se\/wp-content\/uploads\/2026\/01\/ersattnings-tak-for-pergola-med-uv-skydd-solsegel-for-terrasstak-for-3-x-3-m-paviljong-ljusgra-1.webp?fit=2000%2C2000&ssl=1\" \/>\n\t<meta property=\"og:image:width\" content=\"2000\" \/>\n\t<meta property=\"og:image:height\" content=\"2000\" \/>\n\t<meta property=\"og:image:type\" content=\"image\/webp\" \/>\n<meta name=\"twitter:card\" content=\"summary_large_image\" \/>\n<meta name=\"twitter:label1\" content=\"Ber\u00e4knad l\u00e4stid\" \/>\n\t<meta name=\"twitter:data1\" content=\"1 minut\" \/>\n<!-- \/ Yoast SEO plugin. -->","yoast_head_json":{"title":"TRUUSK UV-skyddstak f\u00f6r 3x3m pergola - Ljusgr\u00e5 - Solsegel med UV-skydd - Skyddar mot solen - Passar 3x3m paviljonger - TRUUSK - Hem, Tr\u00e4dg\u00e5rd &amp; Fritid","robots":{"index":"index","follow":"follow","max-snippet":"max-snippet:-1","max-image-preview":"max-image-preview:large","max-video-preview":"max-video-preview:-1"},"canonical":"https:\/\/truusk.store\/sv\/produkt\/truusk-uv-skyddstak-for-3x3m-pergola-ljusgra-solsegel-med-uv-skydd-skyddar-mot-solen-passar-3x3m-paviljonger\/","og_locale":"sv_SE","og_type":"article","og_title":"TRUUSK UV-skyddstak f\u00f6r 3x3m pergola - Ljusgr\u00e5 - Solsegel med UV-skydd - Skyddar mot solen - Passar 3x3m paviljonger - TRUUSK - Hem, Tr\u00e4dg\u00e5rd &amp; Fritid","og_description":"Ge din 3 x 3 m stora pergola nytt liv med detta set av tv\u00e5 [BRAND NAME] ers\u00e4ttningstak f\u00f6r pergola....","og_url":"https:\/\/truusk.store\/sv\/produkt\/truusk-uv-skyddstak-for-3x3m-pergola-ljusgra-solsegel-med-uv-skydd-skyddar-mot-solen-passar-3x3m-paviljonger\/","og_site_name":"TRUUSK - Hem, Tr\u00e4dg\u00e5rd &amp; Fritid","article_modified_time":"2026-03-12T08:33:25+00:00","og_image":[{"width":2000,"height":2000,"url":"https:\/\/i0.wp.com\/truusk.se\/wp-content\/uploads\/2026\/01\/ersattnings-tak-for-pergola-med-uv-skydd-solsegel-for-terrasstak-for-3-x-3-m-paviljong-ljusgra-1.webp?fit=2000%2C2000&ssl=1","type":"image\/webp"}],"twitter_card":"summary_large_image","twitter_misc":{"Ber\u00e4knad l\u00e4stid":"1 minut"},"schema":{"@context":"https:\/\/schema.org","@graph":[{"@type":"WebPage","@id":"https:\/\/truusk.store\/sv\/produkt\/truusk-uv-skyddstak-for-3x3m-pergola-ljusgra-solsegel-med-uv-skydd-skyddar-mot-solen-passar-3x3m-paviljonger\/","url":"https:\/\/truusk.store\/sv\/produkt\/truusk-uv-skyddstak-for-3x3m-pergola-ljusgra-solsegel-med-uv-skydd-skyddar-mot-solen-passar-3x3m-paviljonger\/","name":"TRUUSK UV-skyddstak f\u00f6r 3x3m pergola - Ljusgr\u00e5 - Solsegel med UV-skydd - Skyddar mot solen - Passar 3x3m paviljonger - TRUUSK - Hem, Tr\u00e4dg\u00e5rd &amp; Fritid","isPartOf":{"@id":"https:\/\/truusk.store\/sv\/#website"},"primaryImageOfPage":{"@id":"https:\/\/truusk.store\/sv\/produkt\/truusk-uv-skyddstak-for-3x3m-pergola-ljusgra-solsegel-med-uv-skydd-skyddar-mot-solen-passar-3x3m-paviljonger\/#primaryimage"},"image":{"@id":"https:\/\/truusk.store\/sv\/produkt\/truusk-uv-skyddstak-for-3x3m-pergola-ljusgra-solsegel-med-uv-skydd-skyddar-mot-solen-passar-3x3m-paviljonger\/#primaryimage"},"thumbnailUrl":"https:\/\/i0.wp.com\/truusk.store\/wp-content\/uploads\/2026\/01\/ersattnings-tak-for-pergola-med-uv-skydd-solsegel-for-terrasstak-for-3-x-3-m-paviljong-ljusgra-1.webp?fit=2000%2C2000&ssl=1","datePublished":"2026-01-28T03:43:04+00:00","dateModified":"2026-03-12T08:33:25+00:00","breadcrumb":{"@id":"https:\/\/truusk.store\/sv\/produkt\/truusk-uv-skyddstak-for-3x3m-pergola-ljusgra-solsegel-med-uv-skydd-skyddar-mot-solen-passar-3x3m-paviljonger\/#breadcrumb"},"inLanguage":"sv-SE","potentialAction":[{"@type":"ReadAction","target":["https:\/\/truusk.store\/sv\/produkt\/truusk-uv-skyddstak-for-3x3m-pergola-ljusgra-solsegel-med-uv-skydd-skyddar-mot-solen-passar-3x3m-paviljonger\/"]}]},{"@type":"ImageObject","inLanguage":"sv-SE","@id":"https:\/\/truusk.store\/sv\/produkt\/truusk-uv-skyddstak-for-3x3m-pergola-ljusgra-solsegel-med-uv-skydd-skyddar-mot-solen-passar-3x3m-paviljonger\/#primaryimage","url":"https:\/\/i0.wp.com\/truusk.store\/wp-content\/uploads\/2026\/01\/ersattnings-tak-for-pergola-med-uv-skydd-solsegel-for-terrasstak-for-3-x-3-m-paviljong-ljusgra-1.webp?fit=2000%2C2000&ssl=1","contentUrl":"https:\/\/i0.wp.com\/truusk.store\/wp-content\/uploads\/2026\/01\/ersattnings-tak-for-pergola-med-uv-skydd-solsegel-for-terrasstak-for-3-x-3-m-paviljong-ljusgra-1.webp?fit=2000%2C2000&ssl=1","width":2000,"height":2000},{"@type":"BreadcrumbList","@id":"https:\/\/truusk.store\/sv\/produkt\/truusk-uv-skyddstak-for-3x3m-pergola-ljusgra-solsegel-med-uv-skydd-skyddar-mot-solen-passar-3x3m-paviljonger\/#breadcrumb","itemListElement":[{"@type":"ListItem","position":1,"name":"Home","item":"https:\/\/truusk.store\/sv\/"},{"@type":"ListItem","position":2,"name":"Shop","item":"https:\/\/truusk.store\/shop\/"},{"@type":"ListItem","position":3,"name":"TRUUSK UV-skyddstak f\u00f6r 3x3m pergola &#8211; Ljusgr\u00e5 &#8211; Solsegel med UV-skydd &#8211; Skyddar mot solen &#8211; Passar 3x3m paviljonger"}]},{"@type":"WebSite","@id":"https:\/\/truusk.store\/sv\/#website","url":"https:\/\/truusk.store\/sv\/","name":"TRUUSK - Hem, Tr\u00e4dg\u00e5rd & Fritid","description":"","publisher":{"@id":"https:\/\/truusk.store\/sv\/#organization"},"potentialAction":[{"@type":"SearchAction","target":{"@type":"EntryPoint","urlTemplate":"https:\/\/truusk.store\/sv\/?s={search_term_string}"},"query-input":{"@type":"PropertyValueSpecification","valueRequired":true,"valueName":"search_term_string"}}],"inLanguage":"sv-SE"},{"@type":"Organization","@id":"https:\/\/truusk.store\/sv\/#organization","name":"TRUUSK - Hem, Tr\u00e4dg\u00e5rd & Fritid","url":"https:\/\/truusk.store\/sv\/","logo":{"@type":"ImageObject","inLanguage":"sv-SE","@id":"https:\/\/truusk.store\/sv\/#\/schema\/logo\/image\/","url":"https:\/\/i0.wp.com\/truusk.store\/wp-content\/uploads\/2026\/03\/cropped-TRUUSK.png?fit=2032%2C917&ssl=1","contentUrl":"https:\/\/i0.wp.com\/truusk.store\/wp-content\/uploads\/2026\/03\/cropped-TRUUSK.png?fit=2032%2C917&ssl=1","width":2032,"height":917,"caption":"TRUUSK - Hem, Tr\u00e4dg\u00e5rd & Fritid"},"image":{"@id":"https:\/\/truusk.store\/sv\/#\/schema\/logo\/image\/"}}]}},"jetpack_sharing_enabled":true,"_links":{"self":[{"href":"https:\/\/truusk.store\/sv\/wp-json\/wp\/v2\/product\/100998","targetHints":{"allow":["GET"]}}],"collection":[{"href":"https:\/\/truusk.store\/sv\/wp-json\/wp\/v2\/product"}],"about":[{"href":"https:\/\/truusk.store\/sv\/wp-json\/wp\/v2\/types\/product"}],"wp:featuredmedia":[{"embeddable":true,"href":"https:\/\/truusk.store\/sv\/wp-json\/wp\/v2\/media\/100986"}],"wp:attachment":[{"href":"https:\/\/truusk.store\/sv\/wp-json\/wp\/v2\/media?parent=100998"}],"wp:term":[{"taxonomy":"product_brand","embeddable":true,"href":"https:\/\/truusk.store\/sv\/wp-json\/wp\/v2\/product_brand?post=100998"},{"taxonomy":"product_cat","embeddable":true,"href":"https:\/\/truusk.store\/sv\/wp-json\/wp\/v2\/product_cat?post=100998"},{"taxonomy":"product_tag","embeddable":true,"href":"https:\/\/truusk.store\/sv\/wp-json\/wp\/v2\/product_tag?post=100998"}],"curies":[{"name":"wp","href":"https:\/\/api.w.org\/{rel}","templated":true}]}}