{"id":101026,"date":"2026-01-28T04:45:53","date_gmt":"2026-01-28T03:45:53","guid":{"rendered":"https:\/\/truusk.store\/product\/paviljongfotter-4-pack-12-kg-vikter-med-faststift-och-transportrem\/"},"modified":"2026-03-12T09:34:28","modified_gmt":"2026-03-12T08:34:28","slug":"truusk-paviljongfotter-4-pack-12-kg-vikter-med-faststift-och-transportrem-for-stabil-och-saker-paviljong-svart","status":"publish","type":"product","link":"https:\/\/truusk.store\/sv\/produkt\/truusk-paviljongfotter-4-pack-12-kg-vikter-med-faststift-och-transportrem-for-stabil-och-saker-paviljong-svart\/","title":{"rendered":"TRUUSK Paviljongf\u00f6tter 4-pack &#8211; 12 kg vikter med f\u00e4ststift och transportrem &#8211; f\u00f6r stabil och s\u00e4ker paviljong &#8211; Svart"},"content":{"rendered":"<p>H\u00e5ll ditt [BRAND NAME]-paviljong s\u00e4kert: Dessa 3 kg paviljongvikter av HDPE-plast \u00e4r robusta, fyllda med cement, l\u00e4cks\u00e4kra och redo att anv\u00e4ndas direkt. Rem och f\u00e4ststift garanterar s\u00e4ker fasts\u00e4ttning och enkel transport.<\/p>\n<p>Beskrivning:<\/p>\n<ul>\n<li> Paviljongviktset best\u00e5ende av fyra 3 kg vikter<\/li>\n<li> En rem f\u00f6r att bunta ihop f\u00f6r transport<\/li>\n<li> Stift f\u00f6r att f\u00e4sta paviljongvikterna p\u00e5 benen<\/li>\n<li> HDPE-fodral \u00e4r h\u00e5llbara, fyllda med robust cement<\/li>\n<li> L\u00e4mplig f\u00f6r alla paviljonger eller t\u00e4lt (benm\u00e5tt: \u22643L x 3B cm)<\/li>\n<\/ul>\n<p> Tekniska specifikationer:<\/p>\n<ul>\n<li> F\u00e4rg: Svart<\/li>\n<li> Material: HDPE, cement<\/li>\n<li> M\u00e5tt p\u00e5 en enskild vikt: \u00d822 x 5,5H cm, 3 kg<\/li>\n<li> Transportrem: 90L cm<\/li>\n<li> L\u00e4mplig f\u00f6r paviljongbenm\u00e5tt: \u22643L x 3B cm<\/li>\n<\/ul>\n<p>Leveransinneh\u00e5ll:<\/p>\n<ul>\n<li> 4 x viktbrickor<\/li>\n<li> 1 x instruktioner<\/li>\n<\/ul>\n","protected":false},"excerpt":{"rendered":"<p>H\u00e5ll ditt [BRAND NAME]-paviljong s\u00e4kert: Dessa 3 kg paviljongvikter av HDPE-plast \u00e4r robusta, fyllda med cement, l\u00e4cks\u00e4kra och redo att&#8230;<\/p>\n","protected":false},"featured_media":101017,"template":"","meta":[],"product_brand":[],"product_cat":[648,647,650],"product_tag":[],"class_list":{"0":"post-101026","1":"product","2":"type-product","3":"status-publish","4":"has-post-thumbnail","6":"product_cat-camping-tillbehor","7":"product_cat-sport-fritid","8":"product_cat-talt","10":"first","11":"instock","12":"sale","13":"taxable","14":"shipping-taxable","15":"purchasable","16":"product-type-simple"},"yoast_head":"<!-- This site is optimized with the Yoast SEO plugin v25.4 - https:\/\/yoast.com\/wordpress\/plugins\/seo\/ -->\n<title>TRUUSK Paviljongf\u00f6tter 4-pack - 12 kg vikter med f\u00e4ststift och transportrem - f\u00f6r stabil och s\u00e4ker paviljong - Svart - TRUUSK - Hem, Tr\u00e4dg\u00e5rd &amp; Fritid<\/title>\n<meta name=\"robots\" content=\"index, follow, max-snippet:-1, max-image-preview:large, max-video-preview:-1\" \/>\n<link rel=\"canonical\" href=\"https:\/\/truusk.store\/sv\/produkt\/truusk-paviljongfotter-4-pack-12-kg-vikter-med-faststift-och-transportrem-for-stabil-och-saker-paviljong-svart\/\" \/>\n<meta property=\"og:locale\" content=\"sv_SE\" \/>\n<meta property=\"og:type\" content=\"article\" \/>\n<meta property=\"og:title\" content=\"TRUUSK Paviljongf\u00f6tter 4-pack - 12 kg vikter med f\u00e4ststift och transportrem - f\u00f6r stabil och s\u00e4ker paviljong - Svart - TRUUSK - Hem, Tr\u00e4dg\u00e5rd &amp; Fritid\" \/>\n<meta property=\"og:description\" content=\"H\u00e5ll ditt [BRAND NAME]-paviljong s\u00e4kert: Dessa 3 kg paviljongvikter av HDPE-plast \u00e4r robusta, fyllda med cement, l\u00e4cks\u00e4kra och redo att...\" \/>\n<meta property=\"og:url\" content=\"https:\/\/truusk.store\/sv\/produkt\/truusk-paviljongfotter-4-pack-12-kg-vikter-med-faststift-och-transportrem-for-stabil-och-saker-paviljong-svart\/\" \/>\n<meta property=\"og:site_name\" content=\"TRUUSK - Hem, Tr\u00e4dg\u00e5rd &amp; Fritid\" \/>\n<meta property=\"article:modified_time\" content=\"2026-03-12T08:34:28+00:00\" \/>\n<meta property=\"og:image\" content=\"https:\/\/i0.wp.com\/truusk.se\/wp-content\/uploads\/2026\/01\/paviljongfotter-4-pack-12-kg-vikter-med-faststift-och-transportrem-1.webp?fit=2000%2C2000&ssl=1\" \/>\n\t<meta property=\"og:image:width\" content=\"2000\" \/>\n\t<meta property=\"og:image:height\" content=\"2000\" \/>\n\t<meta property=\"og:image:type\" content=\"image\/webp\" \/>\n<meta name=\"twitter:card\" content=\"summary_large_image\" \/>\n<meta name=\"twitter:label1\" content=\"Ber\u00e4knad l\u00e4stid\" \/>\n\t<meta name=\"twitter:data1\" content=\"1 minut\" \/>\n<!-- \/ Yoast SEO plugin. -->","yoast_head_json":{"title":"TRUUSK Paviljongf\u00f6tter 4-pack - 12 kg vikter med f\u00e4ststift och transportrem - f\u00f6r stabil och s\u00e4ker paviljong - Svart - TRUUSK - Hem, Tr\u00e4dg\u00e5rd &amp; Fritid","robots":{"index":"index","follow":"follow","max-snippet":"max-snippet:-1","max-image-preview":"max-image-preview:large","max-video-preview":"max-video-preview:-1"},"canonical":"https:\/\/truusk.store\/sv\/produkt\/truusk-paviljongfotter-4-pack-12-kg-vikter-med-faststift-och-transportrem-for-stabil-och-saker-paviljong-svart\/","og_locale":"sv_SE","og_type":"article","og_title":"TRUUSK Paviljongf\u00f6tter 4-pack - 12 kg vikter med f\u00e4ststift och transportrem - f\u00f6r stabil och s\u00e4ker paviljong - Svart - TRUUSK - Hem, Tr\u00e4dg\u00e5rd &amp; Fritid","og_description":"H\u00e5ll ditt [BRAND NAME]-paviljong s\u00e4kert: Dessa 3 kg paviljongvikter av HDPE-plast \u00e4r robusta, fyllda med cement, l\u00e4cks\u00e4kra och redo att...","og_url":"https:\/\/truusk.store\/sv\/produkt\/truusk-paviljongfotter-4-pack-12-kg-vikter-med-faststift-och-transportrem-for-stabil-och-saker-paviljong-svart\/","og_site_name":"TRUUSK - Hem, Tr\u00e4dg\u00e5rd &amp; Fritid","article_modified_time":"2026-03-12T08:34:28+00:00","og_image":[{"width":2000,"height":2000,"url":"https:\/\/i0.wp.com\/truusk.se\/wp-content\/uploads\/2026\/01\/paviljongfotter-4-pack-12-kg-vikter-med-faststift-och-transportrem-1.webp?fit=2000%2C2000&ssl=1","type":"image\/webp"}],"twitter_card":"summary_large_image","twitter_misc":{"Ber\u00e4knad l\u00e4stid":"1 minut"},"schema":{"@context":"https:\/\/schema.org","@graph":[{"@type":"WebPage","@id":"https:\/\/truusk.store\/sv\/produkt\/truusk-paviljongfotter-4-pack-12-kg-vikter-med-faststift-och-transportrem-for-stabil-och-saker-paviljong-svart\/","url":"https:\/\/truusk.store\/sv\/produkt\/truusk-paviljongfotter-4-pack-12-kg-vikter-med-faststift-och-transportrem-for-stabil-och-saker-paviljong-svart\/","name":"TRUUSK Paviljongf\u00f6tter 4-pack - 12 kg vikter med f\u00e4ststift och transportrem - f\u00f6r stabil och s\u00e4ker paviljong - Svart - TRUUSK - Hem, Tr\u00e4dg\u00e5rd &amp; Fritid","isPartOf":{"@id":"https:\/\/truusk.store\/sv\/#website"},"primaryImageOfPage":{"@id":"https:\/\/truusk.store\/sv\/produkt\/truusk-paviljongfotter-4-pack-12-kg-vikter-med-faststift-och-transportrem-for-stabil-och-saker-paviljong-svart\/#primaryimage"},"image":{"@id":"https:\/\/truusk.store\/sv\/produkt\/truusk-paviljongfotter-4-pack-12-kg-vikter-med-faststift-och-transportrem-for-stabil-och-saker-paviljong-svart\/#primaryimage"},"thumbnailUrl":"https:\/\/i0.wp.com\/truusk.store\/wp-content\/uploads\/2026\/01\/paviljongfotter-4-pack-12-kg-vikter-med-faststift-och-transportrem-1.webp?fit=2000%2C2000&ssl=1","datePublished":"2026-01-28T03:45:53+00:00","dateModified":"2026-03-12T08:34:28+00:00","breadcrumb":{"@id":"https:\/\/truusk.store\/sv\/produkt\/truusk-paviljongfotter-4-pack-12-kg-vikter-med-faststift-och-transportrem-for-stabil-och-saker-paviljong-svart\/#breadcrumb"},"inLanguage":"sv-SE","potentialAction":[{"@type":"ReadAction","target":["https:\/\/truusk.store\/sv\/produkt\/truusk-paviljongfotter-4-pack-12-kg-vikter-med-faststift-och-transportrem-for-stabil-och-saker-paviljong-svart\/"]}]},{"@type":"ImageObject","inLanguage":"sv-SE","@id":"https:\/\/truusk.store\/sv\/produkt\/truusk-paviljongfotter-4-pack-12-kg-vikter-med-faststift-och-transportrem-for-stabil-och-saker-paviljong-svart\/#primaryimage","url":"https:\/\/i0.wp.com\/truusk.store\/wp-content\/uploads\/2026\/01\/paviljongfotter-4-pack-12-kg-vikter-med-faststift-och-transportrem-1.webp?fit=2000%2C2000&ssl=1","contentUrl":"https:\/\/i0.wp.com\/truusk.store\/wp-content\/uploads\/2026\/01\/paviljongfotter-4-pack-12-kg-vikter-med-faststift-och-transportrem-1.webp?fit=2000%2C2000&ssl=1","width":2000,"height":2000},{"@type":"BreadcrumbList","@id":"https:\/\/truusk.store\/sv\/produkt\/truusk-paviljongfotter-4-pack-12-kg-vikter-med-faststift-och-transportrem-for-stabil-och-saker-paviljong-svart\/#breadcrumb","itemListElement":[{"@type":"ListItem","position":1,"name":"Home","item":"https:\/\/truusk.store\/sv\/"},{"@type":"ListItem","position":2,"name":"Shop","item":"https:\/\/truusk.store\/shop\/"},{"@type":"ListItem","position":3,"name":"TRUUSK Paviljongf\u00f6tter 4-pack &#8211; 12 kg vikter med f\u00e4ststift och transportrem &#8211; f\u00f6r stabil och s\u00e4ker paviljong &#8211; Svart"}]},{"@type":"WebSite","@id":"https:\/\/truusk.store\/sv\/#website","url":"https:\/\/truusk.store\/sv\/","name":"TRUUSK - Hem, Tr\u00e4dg\u00e5rd & Fritid","description":"","publisher":{"@id":"https:\/\/truusk.store\/sv\/#organization"},"potentialAction":[{"@type":"SearchAction","target":{"@type":"EntryPoint","urlTemplate":"https:\/\/truusk.store\/sv\/?s={search_term_string}"},"query-input":{"@type":"PropertyValueSpecification","valueRequired":true,"valueName":"search_term_string"}}],"inLanguage":"sv-SE"},{"@type":"Organization","@id":"https:\/\/truusk.store\/sv\/#organization","name":"TRUUSK - Hem, Tr\u00e4dg\u00e5rd & Fritid","url":"https:\/\/truusk.store\/sv\/","logo":{"@type":"ImageObject","inLanguage":"sv-SE","@id":"https:\/\/truusk.store\/sv\/#\/schema\/logo\/image\/","url":"https:\/\/i0.wp.com\/truusk.store\/wp-content\/uploads\/2026\/03\/cropped-TRUUSK.png?fit=2032%2C917&ssl=1","contentUrl":"https:\/\/i0.wp.com\/truusk.store\/wp-content\/uploads\/2026\/03\/cropped-TRUUSK.png?fit=2032%2C917&ssl=1","width":2032,"height":917,"caption":"TRUUSK - Hem, Tr\u00e4dg\u00e5rd & Fritid"},"image":{"@id":"https:\/\/truusk.store\/sv\/#\/schema\/logo\/image\/"}}]}},"jetpack_sharing_enabled":true,"_links":{"self":[{"href":"https:\/\/truusk.store\/sv\/wp-json\/wp\/v2\/product\/101026","targetHints":{"allow":["GET"]}}],"collection":[{"href":"https:\/\/truusk.store\/sv\/wp-json\/wp\/v2\/product"}],"about":[{"href":"https:\/\/truusk.store\/sv\/wp-json\/wp\/v2\/types\/product"}],"wp:featuredmedia":[{"embeddable":true,"href":"https:\/\/truusk.store\/sv\/wp-json\/wp\/v2\/media\/101017"}],"wp:attachment":[{"href":"https:\/\/truusk.store\/sv\/wp-json\/wp\/v2\/media?parent=101026"}],"wp:term":[{"taxonomy":"product_brand","embeddable":true,"href":"https:\/\/truusk.store\/sv\/wp-json\/wp\/v2\/product_brand?post=101026"},{"taxonomy":"product_cat","embeddable":true,"href":"https:\/\/truusk.store\/sv\/wp-json\/wp\/v2\/product_cat?post=101026"},{"taxonomy":"product_tag","embeddable":true,"href":"https:\/\/truusk.store\/sv\/wp-json\/wp\/v2\/product_tag?post=101026"}],"curies":[{"name":"wp","href":"https:\/\/api.w.org\/{rel}","templated":true}]}}