{"id":101038,"date":"2026-01-28T04:46:46","date_gmt":"2026-01-28T03:46:46","guid":{"rendered":"https:\/\/truusk.store\/product\/projektor-duk-med-stativ-221-x-124-cm-100-tum-169-hd-4k-rullgardinsduk\/"},"modified":"2026-03-12T09:34:30","modified_gmt":"2026-03-12T08:34:30","slug":"truusk-projektor-duk-med-stativ-221x124-cm-100-tum-169-hd-4k-rullgardinsduk-svenska","status":"publish","type":"product","link":"https:\/\/truusk.store\/sv\/produkt\/truusk-projektor-duk-med-stativ-221x124-cm-100-tum-169-hd-4k-rullgardinsduk-svenska\/","title":{"rendered":"TRUUSK Projektor Duk Med Stativ 221&#215;124 cm &#8211; 100 tum 16:9 HD 4K &#8211; Rullgardinsduk &#8211; Svenska"},"content":{"rendered":"<p>Den gener\u00f6sa [BRAND NAME] projektorv\u00e4ggen g\u00f6r andra enheter f\u00f6r bild- och video\u00f6verf\u00f6ring \u00f6verfl\u00f6diga. Njut av filmer i stort format bekv\u00e4mt hemifr\u00e5n och dra nytta av dess idealiska storlek vid aff\u00e4rspresentationer eller konferenser.<\/p>\n<p>Beskrivning:<\/p>\n<ul>\n<li> Praktisk projektorv\u00e4gg, perfekt f\u00f6r hemmabio eller aff\u00e4rspresentationer<\/li>\n<li> Tillverkad av slitstarkt och f\u00f6rst\u00e4rkt tyg f\u00f6r en optimal bild<\/li>\n<li> Robust och stabilt metallram med justerbar h\u00f6jd<\/li>\n<li> Projektorrullv\u00e4ggen kan l\u00e4tt rullas upp manuellt<\/li>\n<li> Detaljerade instruktioner f\u00f6r montering kr\u00e4vs<\/li>\n<\/ul>\n<p> Tekniska data:<\/p>\n<ul>\n<li> F\u00e4rg: Svart<\/li>\n<li> Material: Plast, Metall<\/li>\n<li> Totala dimensioner: 235,8L x 8B x 136H cm<\/li>\n<li> Sk\u00e4rmstorlek: 221L x 124H cm<\/li>\n<li> Bildf\u00f6rh\u00e5llande: 16:9<\/li>\n<li> Bredd p\u00e5 svart ram: 3 cm<\/li>\n<\/ul>\n<p>Leveransinneh\u00e5ll:<\/p>\n<ul>\n<li> 1 x Projektorv\u00e4gg<\/li>\n<li> 1 x Bruksanvisning<\/li>\n<li>Viktigt: Vi levererar artikeln till dig kostnadsfritt till trottoarkanten. Var v\u00e4nlig och se till att adressen och telefonnumret \u00e4r korrekt..<\/li>\n<\/ul>\n","protected":false},"excerpt":{"rendered":"<p>Den gener\u00f6sa [BRAND NAME] projektorv\u00e4ggen g\u00f6r andra enheter f\u00f6r bild- och video\u00f6verf\u00f6ring \u00f6verfl\u00f6diga. Njut av filmer i stort format bekv\u00e4mt&#8230;<\/p>\n","protected":false},"featured_media":101027,"template":"","meta":[],"product_brand":[],"product_cat":[867,1067,963],"product_tag":[],"class_list":{"0":"post-101038","1":"product","2":"type-product","3":"status-publish","4":"has-post-thumbnail","6":"product_cat-byggmarknad","7":"product_cat-projektor-skarmar","8":"product_cat-runt-om-huset","10":"first","11":"instock","12":"sale","13":"taxable","14":"shipping-taxable","15":"purchasable","16":"product-type-simple"},"yoast_head":"<!-- This site is optimized with the Yoast SEO plugin v25.4 - https:\/\/yoast.com\/wordpress\/plugins\/seo\/ -->\n<title>TRUUSK Projektor Duk Med Stativ 221x124 cm - 100 tum 16:9 HD 4K - Rullgardinsduk - Svenska - TRUUSK - Hem, Tr\u00e4dg\u00e5rd &amp; Fritid<\/title>\n<meta name=\"robots\" content=\"index, follow, max-snippet:-1, max-image-preview:large, max-video-preview:-1\" \/>\n<link rel=\"canonical\" href=\"https:\/\/truusk.store\/sv\/produkt\/truusk-projektor-duk-med-stativ-221x124-cm-100-tum-169-hd-4k-rullgardinsduk-svenska\/\" \/>\n<meta property=\"og:locale\" content=\"sv_SE\" \/>\n<meta property=\"og:type\" content=\"article\" \/>\n<meta property=\"og:title\" content=\"TRUUSK Projektor Duk Med Stativ 221x124 cm - 100 tum 16:9 HD 4K - Rullgardinsduk - Svenska - TRUUSK - Hem, Tr\u00e4dg\u00e5rd &amp; Fritid\" \/>\n<meta property=\"og:description\" content=\"Den gener\u00f6sa [BRAND NAME] projektorv\u00e4ggen g\u00f6r andra enheter f\u00f6r bild- och video\u00f6verf\u00f6ring \u00f6verfl\u00f6diga. Njut av filmer i stort format bekv\u00e4mt...\" \/>\n<meta property=\"og:url\" content=\"https:\/\/truusk.store\/sv\/produkt\/truusk-projektor-duk-med-stativ-221x124-cm-100-tum-169-hd-4k-rullgardinsduk-svenska\/\" \/>\n<meta property=\"og:site_name\" content=\"TRUUSK - Hem, Tr\u00e4dg\u00e5rd &amp; Fritid\" \/>\n<meta property=\"article:modified_time\" content=\"2026-03-12T08:34:30+00:00\" \/>\n<meta property=\"og:image\" content=\"https:\/\/i0.wp.com\/truusk.se\/wp-content\/uploads\/2026\/01\/projektor-duk-med-stativ-221-x-124-cm-100-tum-169-hd-4k-rullgardinsduk-1.webp?fit=2000%2C2000&ssl=1\" \/>\n\t<meta property=\"og:image:width\" content=\"2000\" \/>\n\t<meta property=\"og:image:height\" content=\"2000\" \/>\n\t<meta property=\"og:image:type\" content=\"image\/webp\" \/>\n<meta name=\"twitter:card\" content=\"summary_large_image\" \/>\n<meta name=\"twitter:label1\" content=\"Ber\u00e4knad l\u00e4stid\" \/>\n\t<meta name=\"twitter:data1\" content=\"1 minut\" \/>\n<!-- \/ Yoast SEO plugin. -->","yoast_head_json":{"title":"TRUUSK Projektor Duk Med Stativ 221x124 cm - 100 tum 16:9 HD 4K - Rullgardinsduk - Svenska - TRUUSK - Hem, Tr\u00e4dg\u00e5rd &amp; Fritid","robots":{"index":"index","follow":"follow","max-snippet":"max-snippet:-1","max-image-preview":"max-image-preview:large","max-video-preview":"max-video-preview:-1"},"canonical":"https:\/\/truusk.store\/sv\/produkt\/truusk-projektor-duk-med-stativ-221x124-cm-100-tum-169-hd-4k-rullgardinsduk-svenska\/","og_locale":"sv_SE","og_type":"article","og_title":"TRUUSK Projektor Duk Med Stativ 221x124 cm - 100 tum 16:9 HD 4K - Rullgardinsduk - Svenska - TRUUSK - Hem, Tr\u00e4dg\u00e5rd &amp; Fritid","og_description":"Den gener\u00f6sa [BRAND NAME] projektorv\u00e4ggen g\u00f6r andra enheter f\u00f6r bild- och video\u00f6verf\u00f6ring \u00f6verfl\u00f6diga. Njut av filmer i stort format bekv\u00e4mt...","og_url":"https:\/\/truusk.store\/sv\/produkt\/truusk-projektor-duk-med-stativ-221x124-cm-100-tum-169-hd-4k-rullgardinsduk-svenska\/","og_site_name":"TRUUSK - Hem, Tr\u00e4dg\u00e5rd &amp; Fritid","article_modified_time":"2026-03-12T08:34:30+00:00","og_image":[{"width":2000,"height":2000,"url":"https:\/\/i0.wp.com\/truusk.se\/wp-content\/uploads\/2026\/01\/projektor-duk-med-stativ-221-x-124-cm-100-tum-169-hd-4k-rullgardinsduk-1.webp?fit=2000%2C2000&ssl=1","type":"image\/webp"}],"twitter_card":"summary_large_image","twitter_misc":{"Ber\u00e4knad l\u00e4stid":"1 minut"},"schema":{"@context":"https:\/\/schema.org","@graph":[{"@type":"WebPage","@id":"https:\/\/truusk.store\/sv\/produkt\/truusk-projektor-duk-med-stativ-221x124-cm-100-tum-169-hd-4k-rullgardinsduk-svenska\/","url":"https:\/\/truusk.store\/sv\/produkt\/truusk-projektor-duk-med-stativ-221x124-cm-100-tum-169-hd-4k-rullgardinsduk-svenska\/","name":"TRUUSK Projektor Duk Med Stativ 221x124 cm - 100 tum 16:9 HD 4K - Rullgardinsduk - Svenska - TRUUSK - Hem, Tr\u00e4dg\u00e5rd &amp; Fritid","isPartOf":{"@id":"https:\/\/truusk.store\/sv\/#website"},"primaryImageOfPage":{"@id":"https:\/\/truusk.store\/sv\/produkt\/truusk-projektor-duk-med-stativ-221x124-cm-100-tum-169-hd-4k-rullgardinsduk-svenska\/#primaryimage"},"image":{"@id":"https:\/\/truusk.store\/sv\/produkt\/truusk-projektor-duk-med-stativ-221x124-cm-100-tum-169-hd-4k-rullgardinsduk-svenska\/#primaryimage"},"thumbnailUrl":"https:\/\/i0.wp.com\/truusk.store\/wp-content\/uploads\/2026\/01\/projektor-duk-med-stativ-221-x-124-cm-100-tum-169-hd-4k-rullgardinsduk-1.webp?fit=2000%2C2000&ssl=1","datePublished":"2026-01-28T03:46:46+00:00","dateModified":"2026-03-12T08:34:30+00:00","breadcrumb":{"@id":"https:\/\/truusk.store\/sv\/produkt\/truusk-projektor-duk-med-stativ-221x124-cm-100-tum-169-hd-4k-rullgardinsduk-svenska\/#breadcrumb"},"inLanguage":"sv-SE","potentialAction":[{"@type":"ReadAction","target":["https:\/\/truusk.store\/sv\/produkt\/truusk-projektor-duk-med-stativ-221x124-cm-100-tum-169-hd-4k-rullgardinsduk-svenska\/"]}]},{"@type":"ImageObject","inLanguage":"sv-SE","@id":"https:\/\/truusk.store\/sv\/produkt\/truusk-projektor-duk-med-stativ-221x124-cm-100-tum-169-hd-4k-rullgardinsduk-svenska\/#primaryimage","url":"https:\/\/i0.wp.com\/truusk.store\/wp-content\/uploads\/2026\/01\/projektor-duk-med-stativ-221-x-124-cm-100-tum-169-hd-4k-rullgardinsduk-1.webp?fit=2000%2C2000&ssl=1","contentUrl":"https:\/\/i0.wp.com\/truusk.store\/wp-content\/uploads\/2026\/01\/projektor-duk-med-stativ-221-x-124-cm-100-tum-169-hd-4k-rullgardinsduk-1.webp?fit=2000%2C2000&ssl=1","width":2000,"height":2000},{"@type":"BreadcrumbList","@id":"https:\/\/truusk.store\/sv\/produkt\/truusk-projektor-duk-med-stativ-221x124-cm-100-tum-169-hd-4k-rullgardinsduk-svenska\/#breadcrumb","itemListElement":[{"@type":"ListItem","position":1,"name":"Home","item":"https:\/\/truusk.store\/sv\/"},{"@type":"ListItem","position":2,"name":"Shop","item":"https:\/\/truusk.store\/shop\/"},{"@type":"ListItem","position":3,"name":"TRUUSK Projektor Duk Med Stativ 221&#215;124 cm &#8211; 100 tum 16:9 HD 4K &#8211; Rullgardinsduk &#8211; Svenska"}]},{"@type":"WebSite","@id":"https:\/\/truusk.store\/sv\/#website","url":"https:\/\/truusk.store\/sv\/","name":"TRUUSK - Hem, Tr\u00e4dg\u00e5rd & Fritid","description":"","publisher":{"@id":"https:\/\/truusk.store\/sv\/#organization"},"potentialAction":[{"@type":"SearchAction","target":{"@type":"EntryPoint","urlTemplate":"https:\/\/truusk.store\/sv\/?s={search_term_string}"},"query-input":{"@type":"PropertyValueSpecification","valueRequired":true,"valueName":"search_term_string"}}],"inLanguage":"sv-SE"},{"@type":"Organization","@id":"https:\/\/truusk.store\/sv\/#organization","name":"TRUUSK - Hem, Tr\u00e4dg\u00e5rd & Fritid","url":"https:\/\/truusk.store\/sv\/","logo":{"@type":"ImageObject","inLanguage":"sv-SE","@id":"https:\/\/truusk.store\/sv\/#\/schema\/logo\/image\/","url":"https:\/\/i0.wp.com\/truusk.store\/wp-content\/uploads\/2026\/03\/cropped-TRUUSK.png?fit=2032%2C917&ssl=1","contentUrl":"https:\/\/i0.wp.com\/truusk.store\/wp-content\/uploads\/2026\/03\/cropped-TRUUSK.png?fit=2032%2C917&ssl=1","width":2032,"height":917,"caption":"TRUUSK - Hem, Tr\u00e4dg\u00e5rd & Fritid"},"image":{"@id":"https:\/\/truusk.store\/sv\/#\/schema\/logo\/image\/"}}]}},"jetpack_sharing_enabled":true,"_links":{"self":[{"href":"https:\/\/truusk.store\/sv\/wp-json\/wp\/v2\/product\/101038","targetHints":{"allow":["GET"]}}],"collection":[{"href":"https:\/\/truusk.store\/sv\/wp-json\/wp\/v2\/product"}],"about":[{"href":"https:\/\/truusk.store\/sv\/wp-json\/wp\/v2\/types\/product"}],"wp:featuredmedia":[{"embeddable":true,"href":"https:\/\/truusk.store\/sv\/wp-json\/wp\/v2\/media\/101027"}],"wp:attachment":[{"href":"https:\/\/truusk.store\/sv\/wp-json\/wp\/v2\/media?parent=101038"}],"wp:term":[{"taxonomy":"product_brand","embeddable":true,"href":"https:\/\/truusk.store\/sv\/wp-json\/wp\/v2\/product_brand?post=101038"},{"taxonomy":"product_cat","embeddable":true,"href":"https:\/\/truusk.store\/sv\/wp-json\/wp\/v2\/product_cat?post=101038"},{"taxonomy":"product_tag","embeddable":true,"href":"https:\/\/truusk.store\/sv\/wp-json\/wp\/v2\/product_tag?post=101038"}],"curies":[{"name":"wp","href":"https:\/\/api.w.org\/{rel}","templated":true}]}}