{"id":101046,"date":"2026-01-28T04:47:32","date_gmt":"2026-01-28T03:47:32","guid":{"rendered":"https:\/\/truusk.store\/product\/hogbadd-3-vaningar-vagnhjulsdekoration-naturtra-62-x-61-x-57-cm\/"},"modified":"2026-03-12T09:34:31","modified_gmt":"2026-03-12T08:34:31","slug":"truusk-hogbadd-3-vaningar-vagnhjulsdekoration-naturtra-62-x-61-x-57-cm","status":"publish","type":"product","link":"https:\/\/truusk.store\/sv\/produkt\/truusk-hogbadd-3-vaningar-vagnhjulsdekoration-naturtra-62-x-61-x-57-cm\/","title":{"rendered":"TRUUSK H\u00f6gb\u00e4dd 3 V\u00e5ningar &#8211; Vagnhjulsdekoration &#8211; Naturtr\u00e4 &#8211; 62 X 61 X 57 Cm"},"content":{"rendered":"<p>Ge din tr\u00e4dg\u00e5rd en underbart rustik accent med v\u00e5r trestegs h\u00f6gkvarter med vagnhjulsdekoration. Den gener\u00f6sa designen erbjuder gott om utrymme f\u00f6r blommor, gr\u00f6nsaker och \u00f6rter att v\u00e4xa och frodas. Tillverkad av robust grantr\u00e4, garanterar ramen stabilitet och h\u00e5llbarhet. Dr\u00e4neringsh\u00e5len i botten m\u00f6jligg\u00f6r optimal vattenavlopp, medan de stabila f\u00f6tterna garanterar en s\u00e4ker st\u00e5nd &#8211; ett blomstrande paradis i kompakt format!<\/p>\n<p>Beskrivning:<\/p>\n<ul>\n<li> Med tre gener\u00f6sa planteringsl\u00e5dor erbjuder h\u00f6gkvarteret gott om utrymme f\u00f6r plantering av gr\u00f6nsaker, blommor och \u00f6rter<\/li>\n<li> Vagnhjulsdekorationen i vintagestil ger tr\u00e4dg\u00e5rden en unik look<\/li>\n<li> Tack vare dr\u00e4neringsh\u00e5len f\u00f6rhindras det att det blir vattenstagnation vid regn<\/li>\n<li> Tillverkad av v\u00e4derbest\u00e4ndigt grantr\u00e4 och d\u00e4rmed idealisk f\u00f6r utomhusbruk<\/li>\n<li> Montering \u00e4r enkel och snabb att genomf\u00f6ra<\/li>\n<\/ul>\n<p> Tekniska data:<\/p>\n<ul>\n<li> F\u00e4rg: Naturtr\u00e4<\/li>\n<li> Material: Grantr\u00e4<\/li>\n<li> Totala dimensioner: 62L x 61B x 57H cm<\/li>\n<li> M\u00e5tt per planteringsl\u00e5da: 56B x 20T x 15H cm<\/li>\n<li> Inre dimensioner: 53B x 17T x 13H cm<\/li>\n<li> Hjulstorlek: \u00d854 cm<\/li>\n<li> B\u00e4rkapacitet: 25 kg (per l\u00e5da)<\/li>\n<\/ul>\n<p>Leveransinneh\u00e5ll:<\/p>\n<ul>\n<li> 1 x Tr\u00e4dg\u00e5rdsb\u00e4dd<\/li>\n<li> 1 x Handbok<\/li>\n<\/ul>\n","protected":false},"excerpt":{"rendered":"<p>Ge din tr\u00e4dg\u00e5rd en underbart rustik accent med v\u00e5r trestegs h\u00f6gkvarter med vagnhjulsdekoration. Den gener\u00f6sa designen erbjuder gott om utrymme&#8230;<\/p>\n","protected":false},"featured_media":101035,"template":"","meta":[],"product_brand":[],"product_cat":[924,858,443],"product_tag":[],"class_list":{"0":"post-101046","1":"product","2":"type-product","3":"status-publish","4":"has-post-thumbnail","6":"product_cat-plantkarl","7":"product_cat-tradgard-terrass","8":"product_cat-vaxthus-tradgardsskotsel","10":"first","11":"instock","12":"sale","13":"taxable","14":"shipping-taxable","15":"purchasable","16":"product-type-simple"},"yoast_head":"<!-- This site is optimized with the Yoast SEO plugin v25.4 - https:\/\/yoast.com\/wordpress\/plugins\/seo\/ -->\n<title>TRUUSK H\u00f6gb\u00e4dd 3 V\u00e5ningar - Vagnhjulsdekoration - Naturtr\u00e4 - 62 X 61 X 57 Cm - TRUUSK - Hem, Tr\u00e4dg\u00e5rd &amp; Fritid<\/title>\n<meta name=\"robots\" content=\"index, follow, max-snippet:-1, max-image-preview:large, max-video-preview:-1\" \/>\n<link rel=\"canonical\" href=\"https:\/\/truusk.store\/sv\/produkt\/truusk-hogbadd-3-vaningar-vagnhjulsdekoration-naturtra-62-x-61-x-57-cm\/\" \/>\n<meta property=\"og:locale\" content=\"sv_SE\" \/>\n<meta property=\"og:type\" content=\"article\" \/>\n<meta property=\"og:title\" content=\"TRUUSK H\u00f6gb\u00e4dd 3 V\u00e5ningar - Vagnhjulsdekoration - Naturtr\u00e4 - 62 X 61 X 57 Cm - TRUUSK - Hem, Tr\u00e4dg\u00e5rd &amp; Fritid\" \/>\n<meta property=\"og:description\" content=\"Ge din tr\u00e4dg\u00e5rd en underbart rustik accent med v\u00e5r trestegs h\u00f6gkvarter med vagnhjulsdekoration. Den gener\u00f6sa designen erbjuder gott om utrymme...\" \/>\n<meta property=\"og:url\" content=\"https:\/\/truusk.store\/sv\/produkt\/truusk-hogbadd-3-vaningar-vagnhjulsdekoration-naturtra-62-x-61-x-57-cm\/\" \/>\n<meta property=\"og:site_name\" content=\"TRUUSK - Hem, Tr\u00e4dg\u00e5rd &amp; Fritid\" \/>\n<meta property=\"article:modified_time\" content=\"2026-03-12T08:34:31+00:00\" \/>\n<meta property=\"og:image\" content=\"https:\/\/i0.wp.com\/truusk.se\/wp-content\/uploads\/2026\/01\/hogbadd-3-vaningar-vagnhjulsdekoration-naturtra-62-x-61-x-57-cm-1.webp?fit=2000%2C2000&ssl=1\" \/>\n\t<meta property=\"og:image:width\" content=\"2000\" \/>\n\t<meta property=\"og:image:height\" content=\"2000\" \/>\n\t<meta property=\"og:image:type\" content=\"image\/webp\" \/>\n<meta name=\"twitter:card\" content=\"summary_large_image\" \/>\n<meta name=\"twitter:label1\" content=\"Ber\u00e4knad l\u00e4stid\" \/>\n\t<meta name=\"twitter:data1\" content=\"1 minut\" \/>\n<!-- \/ Yoast SEO plugin. -->","yoast_head_json":{"title":"TRUUSK H\u00f6gb\u00e4dd 3 V\u00e5ningar - Vagnhjulsdekoration - Naturtr\u00e4 - 62 X 61 X 57 Cm - TRUUSK - Hem, Tr\u00e4dg\u00e5rd &amp; Fritid","robots":{"index":"index","follow":"follow","max-snippet":"max-snippet:-1","max-image-preview":"max-image-preview:large","max-video-preview":"max-video-preview:-1"},"canonical":"https:\/\/truusk.store\/sv\/produkt\/truusk-hogbadd-3-vaningar-vagnhjulsdekoration-naturtra-62-x-61-x-57-cm\/","og_locale":"sv_SE","og_type":"article","og_title":"TRUUSK H\u00f6gb\u00e4dd 3 V\u00e5ningar - Vagnhjulsdekoration - Naturtr\u00e4 - 62 X 61 X 57 Cm - TRUUSK - Hem, Tr\u00e4dg\u00e5rd &amp; Fritid","og_description":"Ge din tr\u00e4dg\u00e5rd en underbart rustik accent med v\u00e5r trestegs h\u00f6gkvarter med vagnhjulsdekoration. Den gener\u00f6sa designen erbjuder gott om utrymme...","og_url":"https:\/\/truusk.store\/sv\/produkt\/truusk-hogbadd-3-vaningar-vagnhjulsdekoration-naturtra-62-x-61-x-57-cm\/","og_site_name":"TRUUSK - Hem, Tr\u00e4dg\u00e5rd &amp; Fritid","article_modified_time":"2026-03-12T08:34:31+00:00","og_image":[{"width":2000,"height":2000,"url":"https:\/\/i0.wp.com\/truusk.se\/wp-content\/uploads\/2026\/01\/hogbadd-3-vaningar-vagnhjulsdekoration-naturtra-62-x-61-x-57-cm-1.webp?fit=2000%2C2000&ssl=1","type":"image\/webp"}],"twitter_card":"summary_large_image","twitter_misc":{"Ber\u00e4knad l\u00e4stid":"1 minut"},"schema":{"@context":"https:\/\/schema.org","@graph":[{"@type":"WebPage","@id":"https:\/\/truusk.store\/sv\/produkt\/truusk-hogbadd-3-vaningar-vagnhjulsdekoration-naturtra-62-x-61-x-57-cm\/","url":"https:\/\/truusk.store\/sv\/produkt\/truusk-hogbadd-3-vaningar-vagnhjulsdekoration-naturtra-62-x-61-x-57-cm\/","name":"TRUUSK H\u00f6gb\u00e4dd 3 V\u00e5ningar - Vagnhjulsdekoration - Naturtr\u00e4 - 62 X 61 X 57 Cm - TRUUSK - Hem, Tr\u00e4dg\u00e5rd &amp; Fritid","isPartOf":{"@id":"https:\/\/truusk.store\/sv\/#website"},"primaryImageOfPage":{"@id":"https:\/\/truusk.store\/sv\/produkt\/truusk-hogbadd-3-vaningar-vagnhjulsdekoration-naturtra-62-x-61-x-57-cm\/#primaryimage"},"image":{"@id":"https:\/\/truusk.store\/sv\/produkt\/truusk-hogbadd-3-vaningar-vagnhjulsdekoration-naturtra-62-x-61-x-57-cm\/#primaryimage"},"thumbnailUrl":"https:\/\/i0.wp.com\/truusk.store\/wp-content\/uploads\/2026\/01\/hogbadd-3-vaningar-vagnhjulsdekoration-naturtra-62-x-61-x-57-cm-1.webp?fit=2000%2C2000&ssl=1","datePublished":"2026-01-28T03:47:32+00:00","dateModified":"2026-03-12T08:34:31+00:00","breadcrumb":{"@id":"https:\/\/truusk.store\/sv\/produkt\/truusk-hogbadd-3-vaningar-vagnhjulsdekoration-naturtra-62-x-61-x-57-cm\/#breadcrumb"},"inLanguage":"sv-SE","potentialAction":[{"@type":"ReadAction","target":["https:\/\/truusk.store\/sv\/produkt\/truusk-hogbadd-3-vaningar-vagnhjulsdekoration-naturtra-62-x-61-x-57-cm\/"]}]},{"@type":"ImageObject","inLanguage":"sv-SE","@id":"https:\/\/truusk.store\/sv\/produkt\/truusk-hogbadd-3-vaningar-vagnhjulsdekoration-naturtra-62-x-61-x-57-cm\/#primaryimage","url":"https:\/\/i0.wp.com\/truusk.store\/wp-content\/uploads\/2026\/01\/hogbadd-3-vaningar-vagnhjulsdekoration-naturtra-62-x-61-x-57-cm-1.webp?fit=2000%2C2000&ssl=1","contentUrl":"https:\/\/i0.wp.com\/truusk.store\/wp-content\/uploads\/2026\/01\/hogbadd-3-vaningar-vagnhjulsdekoration-naturtra-62-x-61-x-57-cm-1.webp?fit=2000%2C2000&ssl=1","width":2000,"height":2000},{"@type":"BreadcrumbList","@id":"https:\/\/truusk.store\/sv\/produkt\/truusk-hogbadd-3-vaningar-vagnhjulsdekoration-naturtra-62-x-61-x-57-cm\/#breadcrumb","itemListElement":[{"@type":"ListItem","position":1,"name":"Home","item":"https:\/\/truusk.store\/sv\/"},{"@type":"ListItem","position":2,"name":"Shop","item":"https:\/\/truusk.store\/shop\/"},{"@type":"ListItem","position":3,"name":"TRUUSK H\u00f6gb\u00e4dd 3 V\u00e5ningar &#8211; Vagnhjulsdekoration &#8211; Naturtr\u00e4 &#8211; 62 X 61 X 57 Cm"}]},{"@type":"WebSite","@id":"https:\/\/truusk.store\/sv\/#website","url":"https:\/\/truusk.store\/sv\/","name":"TRUUSK - Hem, Tr\u00e4dg\u00e5rd & Fritid","description":"","publisher":{"@id":"https:\/\/truusk.store\/sv\/#organization"},"potentialAction":[{"@type":"SearchAction","target":{"@type":"EntryPoint","urlTemplate":"https:\/\/truusk.store\/sv\/?s={search_term_string}"},"query-input":{"@type":"PropertyValueSpecification","valueRequired":true,"valueName":"search_term_string"}}],"inLanguage":"sv-SE"},{"@type":"Organization","@id":"https:\/\/truusk.store\/sv\/#organization","name":"TRUUSK - Hem, Tr\u00e4dg\u00e5rd & Fritid","url":"https:\/\/truusk.store\/sv\/","logo":{"@type":"ImageObject","inLanguage":"sv-SE","@id":"https:\/\/truusk.store\/sv\/#\/schema\/logo\/image\/","url":"https:\/\/i0.wp.com\/truusk.store\/wp-content\/uploads\/2026\/03\/cropped-TRUUSK.png?fit=2032%2C917&ssl=1","contentUrl":"https:\/\/i0.wp.com\/truusk.store\/wp-content\/uploads\/2026\/03\/cropped-TRUUSK.png?fit=2032%2C917&ssl=1","width":2032,"height":917,"caption":"TRUUSK - Hem, Tr\u00e4dg\u00e5rd & Fritid"},"image":{"@id":"https:\/\/truusk.store\/sv\/#\/schema\/logo\/image\/"}}]}},"jetpack_sharing_enabled":true,"_links":{"self":[{"href":"https:\/\/truusk.store\/sv\/wp-json\/wp\/v2\/product\/101046","targetHints":{"allow":["GET"]}}],"collection":[{"href":"https:\/\/truusk.store\/sv\/wp-json\/wp\/v2\/product"}],"about":[{"href":"https:\/\/truusk.store\/sv\/wp-json\/wp\/v2\/types\/product"}],"wp:featuredmedia":[{"embeddable":true,"href":"https:\/\/truusk.store\/sv\/wp-json\/wp\/v2\/media\/101035"}],"wp:attachment":[{"href":"https:\/\/truusk.store\/sv\/wp-json\/wp\/v2\/media?parent=101046"}],"wp:term":[{"taxonomy":"product_brand","embeddable":true,"href":"https:\/\/truusk.store\/sv\/wp-json\/wp\/v2\/product_brand?post=101046"},{"taxonomy":"product_cat","embeddable":true,"href":"https:\/\/truusk.store\/sv\/wp-json\/wp\/v2\/product_cat?post=101046"},{"taxonomy":"product_tag","embeddable":true,"href":"https:\/\/truusk.store\/sv\/wp-json\/wp\/v2\/product_tag?post=101046"}],"curies":[{"name":"wp","href":"https:\/\/api.w.org\/{rel}","templated":true}]}}