{"id":101087,"date":"2026-01-28T04:51:40","date_gmt":"2026-01-28T03:51:40","guid":{"rendered":"https:\/\/truusk.store\/product\/avillon-ca-3x3m-vattenavvisande-stabil-vinterfast-tradgardspaviljong-med-dubbeltak-och-myggnat-med-dragkedja\/"},"modified":"2026-03-12T09:35:25","modified_gmt":"2026-03-12T08:35:25","slug":"truusk-vinterfast-tradgardspaviljong-3x3m-vattenavvisande-stabil-konstruktion-dubbeltak-myggnat-med-dragkedja-avillon","status":"publish","type":"product","link":"https:\/\/truusk.store\/sv\/produkt\/truusk-vinterfast-tradgardspaviljong-3x3m-vattenavvisande-stabil-konstruktion-dubbeltak-myggnat-med-dragkedja-avillon\/","title":{"rendered":"TRUUSK Vinterfast Tr\u00e4dg\u00e5rdspaviljong 3x3m &#8211; Vattenavvisande &#8211; Stabil Konstruktion &#8211; Dubbeltak &#8211; Myggn\u00e4t med Dragkedja &#8211; Avillon &#8211;"},"content":{"rendered":"<p>Ge din utomhusmilj\u00f6 en elegant accent med denna 3 x 3 m paviljong fr\u00e5n [BRAND NAME]! Paviljongen erbjuder utm\u00e4rkt skydd mot sol och regn, s\u00e5 att du, din familj och g\u00e4ster kan njuta av en sval bris under det gener\u00f6sa takomr\u00e5det n\u00e4r som helst. Tack vare det stabila metallramverket och den robusta takbel\u00e4ggningen kommer denna tr\u00e4dg\u00e5rdspaviljong att tj\u00e4na dig p\u00e5litligt under l\u00e5ng tid. Berika din tr\u00e4dg\u00e5rd med en skuggig, sval tillflyktsort.<\/p>\n<p> Beskrivning:<\/p>\n<ul>\n<li> Stort takomr\u00e5de med gott om plats f\u00f6r m\u00e5nga personer<\/li>\n<li> Rostbest\u00e4ndig ram av metall och aluminium<\/li>\n<li> Dubbelskiktad takbel\u00e4ggning p\u00e5 tr\u00e4dg\u00e5rdspaviljongen ger god luftcirkulation inuti<\/li>\n<li> \u00c5tta inbyggda \u00f6ppningar f\u00f6r att dr\u00e4nera regnvatten<\/li>\n<li> Ogenomskinliga gardiner p\u00e5 tr\u00e4dg\u00e5rdspaviljongen f\u00f6r mer privatliv, f\u00e4sta med kardborreband<\/li>\n<li> 8 t\u00e4ltspikar och expansionsbultar f\u00f6r extra stabilitet<\/li>\n<li> Montering kr\u00e4vs<\/li>\n<\/ul>\n<p> Tekniska data:<\/p>\n<ul>\n<li> F\u00e4rg: M\u00f6rkgr\u00e5<\/li>\n<li> Material: Aluminium, metall, polyester<\/li>\n<li> Totala m\u00e5tt: 2,96L x 2,96B x 2,65H m<\/li>\n<li> Takfotsh\u00f6jd: 1,95 m<\/li>\n<li> Pelaravst\u00e5nd: 2,77L x 2,77B m<\/li>\n<li> Obs: Rekommenderas inte f\u00f6r anv\u00e4ndning under extrema v\u00e4derf\u00f6rh\u00e5llanden som storm eller kraftigt vind\/regnskur<\/li>\n<\/ul>\n<p> Leveransinneh\u00e5ll:<\/p>\n<ul>\n<li> 1 x Paviljong<\/li>\n<li> 8 x Jordspikar<\/li>\n<li> 8 x Expansionsbultar<\/li>\n<li> 1 x Instruktioner<\/li>\n<\/ul>\n","protected":false},"excerpt":{"rendered":"<p>Ge din utomhusmilj\u00f6 en elegant accent med denna 3 x 3 m paviljong fr\u00e5n [BRAND NAME]! Paviljongen erbjuder utm\u00e4rkt skydd&#8230;<\/p>\n","protected":false},"featured_media":101077,"template":"","meta":[],"product_brand":[],"product_cat":[477,858,476],"product_tag":[],"class_list":{"0":"post-101087","1":"product","2":"type-product","3":"status-publish","4":"has-post-thumbnail","6":"product_cat-paviljonger-partytalt","7":"product_cat-tradgard-terrass","8":"product_cat-tradgardspaviljonger","10":"first","11":"instock","12":"sale","13":"taxable","14":"shipping-taxable","15":"purchasable","16":"product-type-simple"},"yoast_head":"<!-- This site is optimized with the Yoast SEO plugin v25.4 - https:\/\/yoast.com\/wordpress\/plugins\/seo\/ -->\n<title>TRUUSK Vinterfast Tr\u00e4dg\u00e5rdspaviljong 3x3m - Vattenavvisande - Stabil Konstruktion - Dubbeltak - Myggn\u00e4t med Dragkedja - Avillon - TRUUSK - Hem, Tr\u00e4dg\u00e5rd &amp; Fritid<\/title>\n<meta name=\"robots\" content=\"index, follow, max-snippet:-1, max-image-preview:large, max-video-preview:-1\" \/>\n<link rel=\"canonical\" href=\"https:\/\/truusk.store\/sv\/produkt\/truusk-vinterfast-tradgardspaviljong-3x3m-vattenavvisande-stabil-konstruktion-dubbeltak-myggnat-med-dragkedja-avillon\/\" \/>\n<meta property=\"og:locale\" content=\"sv_SE\" \/>\n<meta property=\"og:type\" content=\"article\" \/>\n<meta property=\"og:title\" content=\"TRUUSK Vinterfast Tr\u00e4dg\u00e5rdspaviljong 3x3m - Vattenavvisande - Stabil Konstruktion - Dubbeltak - Myggn\u00e4t med Dragkedja - Avillon - TRUUSK - Hem, Tr\u00e4dg\u00e5rd &amp; Fritid\" \/>\n<meta property=\"og:description\" content=\"Ge din utomhusmilj\u00f6 en elegant accent med denna 3 x 3 m paviljong fr\u00e5n [BRAND NAME]! Paviljongen erbjuder utm\u00e4rkt skydd...\" \/>\n<meta property=\"og:url\" content=\"https:\/\/truusk.store\/sv\/produkt\/truusk-vinterfast-tradgardspaviljong-3x3m-vattenavvisande-stabil-konstruktion-dubbeltak-myggnat-med-dragkedja-avillon\/\" \/>\n<meta property=\"og:site_name\" content=\"TRUUSK - Hem, Tr\u00e4dg\u00e5rd &amp; Fritid\" \/>\n<meta property=\"article:modified_time\" content=\"2026-03-12T08:35:25+00:00\" \/>\n<meta property=\"og:image\" content=\"https:\/\/i0.wp.com\/truusk.se\/wp-content\/uploads\/2026\/01\/avillon-ca-3x3m-vattenavvisande-stabil-vinterfast-tradgardspaviljong-med-dubbeltak-och-myggnat-med-dragkedja-1.webp?fit=2000%2C2000&ssl=1\" \/>\n\t<meta property=\"og:image:width\" content=\"2000\" \/>\n\t<meta property=\"og:image:height\" content=\"2000\" \/>\n\t<meta property=\"og:image:type\" content=\"image\/webp\" \/>\n<meta name=\"twitter:card\" content=\"summary_large_image\" \/>\n<meta name=\"twitter:label1\" content=\"Ber\u00e4knad l\u00e4stid\" \/>\n\t<meta name=\"twitter:data1\" content=\"1 minut\" \/>\n<!-- \/ Yoast SEO plugin. -->","yoast_head_json":{"title":"TRUUSK Vinterfast Tr\u00e4dg\u00e5rdspaviljong 3x3m - Vattenavvisande - Stabil Konstruktion - Dubbeltak - Myggn\u00e4t med Dragkedja - Avillon - TRUUSK - Hem, Tr\u00e4dg\u00e5rd &amp; Fritid","robots":{"index":"index","follow":"follow","max-snippet":"max-snippet:-1","max-image-preview":"max-image-preview:large","max-video-preview":"max-video-preview:-1"},"canonical":"https:\/\/truusk.store\/sv\/produkt\/truusk-vinterfast-tradgardspaviljong-3x3m-vattenavvisande-stabil-konstruktion-dubbeltak-myggnat-med-dragkedja-avillon\/","og_locale":"sv_SE","og_type":"article","og_title":"TRUUSK Vinterfast Tr\u00e4dg\u00e5rdspaviljong 3x3m - Vattenavvisande - Stabil Konstruktion - Dubbeltak - Myggn\u00e4t med Dragkedja - Avillon - TRUUSK - Hem, Tr\u00e4dg\u00e5rd &amp; Fritid","og_description":"Ge din utomhusmilj\u00f6 en elegant accent med denna 3 x 3 m paviljong fr\u00e5n [BRAND NAME]! Paviljongen erbjuder utm\u00e4rkt skydd...","og_url":"https:\/\/truusk.store\/sv\/produkt\/truusk-vinterfast-tradgardspaviljong-3x3m-vattenavvisande-stabil-konstruktion-dubbeltak-myggnat-med-dragkedja-avillon\/","og_site_name":"TRUUSK - Hem, Tr\u00e4dg\u00e5rd &amp; Fritid","article_modified_time":"2026-03-12T08:35:25+00:00","og_image":[{"width":2000,"height":2000,"url":"https:\/\/i0.wp.com\/truusk.se\/wp-content\/uploads\/2026\/01\/avillon-ca-3x3m-vattenavvisande-stabil-vinterfast-tradgardspaviljong-med-dubbeltak-och-myggnat-med-dragkedja-1.webp?fit=2000%2C2000&ssl=1","type":"image\/webp"}],"twitter_card":"summary_large_image","twitter_misc":{"Ber\u00e4knad l\u00e4stid":"1 minut"},"schema":{"@context":"https:\/\/schema.org","@graph":[{"@type":"WebPage","@id":"https:\/\/truusk.store\/sv\/produkt\/truusk-vinterfast-tradgardspaviljong-3x3m-vattenavvisande-stabil-konstruktion-dubbeltak-myggnat-med-dragkedja-avillon\/","url":"https:\/\/truusk.store\/sv\/produkt\/truusk-vinterfast-tradgardspaviljong-3x3m-vattenavvisande-stabil-konstruktion-dubbeltak-myggnat-med-dragkedja-avillon\/","name":"TRUUSK Vinterfast Tr\u00e4dg\u00e5rdspaviljong 3x3m - Vattenavvisande - Stabil Konstruktion - Dubbeltak - Myggn\u00e4t med Dragkedja - Avillon - TRUUSK - Hem, Tr\u00e4dg\u00e5rd &amp; Fritid","isPartOf":{"@id":"https:\/\/truusk.store\/sv\/#website"},"primaryImageOfPage":{"@id":"https:\/\/truusk.store\/sv\/produkt\/truusk-vinterfast-tradgardspaviljong-3x3m-vattenavvisande-stabil-konstruktion-dubbeltak-myggnat-med-dragkedja-avillon\/#primaryimage"},"image":{"@id":"https:\/\/truusk.store\/sv\/produkt\/truusk-vinterfast-tradgardspaviljong-3x3m-vattenavvisande-stabil-konstruktion-dubbeltak-myggnat-med-dragkedja-avillon\/#primaryimage"},"thumbnailUrl":"https:\/\/i0.wp.com\/truusk.store\/wp-content\/uploads\/2026\/01\/avillon-ca-3x3m-vattenavvisande-stabil-vinterfast-tradgardspaviljong-med-dubbeltak-och-myggnat-med-dragkedja-1.webp?fit=2000%2C2000&ssl=1","datePublished":"2026-01-28T03:51:40+00:00","dateModified":"2026-03-12T08:35:25+00:00","breadcrumb":{"@id":"https:\/\/truusk.store\/sv\/produkt\/truusk-vinterfast-tradgardspaviljong-3x3m-vattenavvisande-stabil-konstruktion-dubbeltak-myggnat-med-dragkedja-avillon\/#breadcrumb"},"inLanguage":"sv-SE","potentialAction":[{"@type":"ReadAction","target":["https:\/\/truusk.store\/sv\/produkt\/truusk-vinterfast-tradgardspaviljong-3x3m-vattenavvisande-stabil-konstruktion-dubbeltak-myggnat-med-dragkedja-avillon\/"]}]},{"@type":"ImageObject","inLanguage":"sv-SE","@id":"https:\/\/truusk.store\/sv\/produkt\/truusk-vinterfast-tradgardspaviljong-3x3m-vattenavvisande-stabil-konstruktion-dubbeltak-myggnat-med-dragkedja-avillon\/#primaryimage","url":"https:\/\/i0.wp.com\/truusk.store\/wp-content\/uploads\/2026\/01\/avillon-ca-3x3m-vattenavvisande-stabil-vinterfast-tradgardspaviljong-med-dubbeltak-och-myggnat-med-dragkedja-1.webp?fit=2000%2C2000&ssl=1","contentUrl":"https:\/\/i0.wp.com\/truusk.store\/wp-content\/uploads\/2026\/01\/avillon-ca-3x3m-vattenavvisande-stabil-vinterfast-tradgardspaviljong-med-dubbeltak-och-myggnat-med-dragkedja-1.webp?fit=2000%2C2000&ssl=1","width":2000,"height":2000},{"@type":"BreadcrumbList","@id":"https:\/\/truusk.store\/sv\/produkt\/truusk-vinterfast-tradgardspaviljong-3x3m-vattenavvisande-stabil-konstruktion-dubbeltak-myggnat-med-dragkedja-avillon\/#breadcrumb","itemListElement":[{"@type":"ListItem","position":1,"name":"Home","item":"https:\/\/truusk.store\/sv\/"},{"@type":"ListItem","position":2,"name":"Shop","item":"https:\/\/truusk.store\/shop\/"},{"@type":"ListItem","position":3,"name":"TRUUSK Vinterfast Tr\u00e4dg\u00e5rdspaviljong 3x3m &#8211; Vattenavvisande &#8211; Stabil Konstruktion &#8211; Dubbeltak &#8211; Myggn\u00e4t med Dragkedja &#8211; Avillon &#8211;"}]},{"@type":"WebSite","@id":"https:\/\/truusk.store\/sv\/#website","url":"https:\/\/truusk.store\/sv\/","name":"TRUUSK - Hem, Tr\u00e4dg\u00e5rd & Fritid","description":"","publisher":{"@id":"https:\/\/truusk.store\/sv\/#organization"},"potentialAction":[{"@type":"SearchAction","target":{"@type":"EntryPoint","urlTemplate":"https:\/\/truusk.store\/sv\/?s={search_term_string}"},"query-input":{"@type":"PropertyValueSpecification","valueRequired":true,"valueName":"search_term_string"}}],"inLanguage":"sv-SE"},{"@type":"Organization","@id":"https:\/\/truusk.store\/sv\/#organization","name":"TRUUSK - Hem, Tr\u00e4dg\u00e5rd & Fritid","url":"https:\/\/truusk.store\/sv\/","logo":{"@type":"ImageObject","inLanguage":"sv-SE","@id":"https:\/\/truusk.store\/sv\/#\/schema\/logo\/image\/","url":"https:\/\/i0.wp.com\/truusk.store\/wp-content\/uploads\/2026\/03\/cropped-TRUUSK.png?fit=2032%2C917&ssl=1","contentUrl":"https:\/\/i0.wp.com\/truusk.store\/wp-content\/uploads\/2026\/03\/cropped-TRUUSK.png?fit=2032%2C917&ssl=1","width":2032,"height":917,"caption":"TRUUSK - Hem, Tr\u00e4dg\u00e5rd & Fritid"},"image":{"@id":"https:\/\/truusk.store\/sv\/#\/schema\/logo\/image\/"}}]}},"jetpack_sharing_enabled":true,"_links":{"self":[{"href":"https:\/\/truusk.store\/sv\/wp-json\/wp\/v2\/product\/101087","targetHints":{"allow":["GET"]}}],"collection":[{"href":"https:\/\/truusk.store\/sv\/wp-json\/wp\/v2\/product"}],"about":[{"href":"https:\/\/truusk.store\/sv\/wp-json\/wp\/v2\/types\/product"}],"wp:featuredmedia":[{"embeddable":true,"href":"https:\/\/truusk.store\/sv\/wp-json\/wp\/v2\/media\/101077"}],"wp:attachment":[{"href":"https:\/\/truusk.store\/sv\/wp-json\/wp\/v2\/media?parent=101087"}],"wp:term":[{"taxonomy":"product_brand","embeddable":true,"href":"https:\/\/truusk.store\/sv\/wp-json\/wp\/v2\/product_brand?post=101087"},{"taxonomy":"product_cat","embeddable":true,"href":"https:\/\/truusk.store\/sv\/wp-json\/wp\/v2\/product_cat?post=101087"},{"taxonomy":"product_tag","embeddable":true,"href":"https:\/\/truusk.store\/sv\/wp-json\/wp\/v2\/product_tag?post=101087"}],"curies":[{"name":"wp","href":"https:\/\/api.w.org\/{rel}","templated":true}]}}