{"id":101096,"date":"2026-01-28T04:52:33","date_gmt":"2026-01-28T03:52:33","guid":{"rendered":"https:\/\/truusk.store\/product\/paviljong-ca-3x6m-vattentat-pop-up-vikpaviljong-med-4-sidovaggar-fonster-uv-skydd-barbar-vaska-svart\/"},"modified":"2026-03-12T09:35:26","modified_gmt":"2026-03-12T08:35:26","slug":"truusk-pop-up-paviljong-ca-3x6m-vattentat-med-4-sidovaggar-fonster-och-uv-skydd-barbar-vaska-svart","status":"publish","type":"product","link":"https:\/\/truusk.store\/sv\/produkt\/truusk-pop-up-paviljong-ca-3x6m-vattentat-med-4-sidovaggar-fonster-och-uv-skydd-barbar-vaska-svart\/","title":{"rendered":"TRUUSK Pop-up Paviljong Ca. 3x6m &#8211; Vattent\u00e4t med 4 Sidov\u00e4ggar &#8211; F\u00f6nster och UV-Skydd &#8211; B\u00e4rbar V\u00e4ska &#8211; Svart"},"content":{"rendered":"<p>Upplev ren flexibilitet utomhus med v\u00e5r 3 x 6 m stora hopf\u00e4llbara paviljong fr\u00e5n [BRAND NAME]. Denna m\u00e5ngsidiga partyt\u00e4lt ger dig inte bara mycket utrymme, utan skapar ocks\u00e5 p\u00e5 nolltid ett \u00f6ppet eller halv\u00f6ppet utrymme &#8211; tack vare de fyra avtagbara sidov\u00e4ggarna. Den pulverlackerade st\u00e5lramen garanterar stabilitet och kan snabbt monteras upp och ner. Tack vare den medf\u00f6ljande b\u00e4rv\u00e4skan kan du ta med dig detta \u00f6lt\u00e4lt \u00f6verallt och \u00e4r redo f\u00f6r alla \u00e4ventyr!<\/p>\n<p>Beskrivning:<\/p>\n<ul>\n<li> Storlek 3 x 6 m: mycket utrymme f\u00f6r g\u00e4sterna<\/li>\n<li> Pulverlackerad st\u00e5lram f\u00f6r en robust struktur<\/li>\n<li> Fyra v\u00e4ggar &#8211; alla \u00e4r avtagbara<\/li>\n<li> B\u00e4rp\u00e5se, 6 sp\u00e4nnlinor och 12 t\u00e4ltspikar ing\u00e5r<\/li>\n<li> Idealisk f\u00f6r m\u00e5nga olika utomhusomr\u00e5den och tillf\u00e4llen<\/li>\n<li> Enkel montering<\/li>\n<\/ul>\n<p> Tekniska data:<\/p>\n<ul>\n<li> F\u00e4rg: Svart<\/li>\n<li> Material: St\u00e5l, Polyester<\/li>\n<li> Totala dimensioner: 5,85L x 2,95B m<\/li>\n<li> Takh\u00f6jd: 2,02 m<\/li>\n<li> Takets h\u00f6jd: 2,7 m<\/li>\n<li> Obs: L\u00e4mna aldrig paviljongen obevakad<\/li>\n<li>montera ner den i h\u00e4ndelse av ov\u00e4der. Anv\u00e4nd alltid b\u00e5de de medf\u00f6ljande t\u00e4ltspikarna och sp\u00e4nnlinorna f\u00f6r stabilisering.<\/li>\n<\/ul>\n<p>Leverans inneh\u00e5ller:<\/p>\n<ul>\n<li> 1 x Paviljong<\/li>\n<li> 6 x Sp\u00e4nnlinor<\/li>\n<li> 12 x T\u00e4ltspikar<\/li>\n<li> 1 x B\u00e4rp\u00e5se<\/li>\n<\/ul>\n","protected":false},"excerpt":{"rendered":"<p>Upplev ren flexibilitet utomhus med v\u00e5r 3 x 6 m stora hopf\u00e4llbara paviljong fr\u00e5n [BRAND NAME]. Denna m\u00e5ngsidiga partyt\u00e4lt ger&#8230;<\/p>\n","protected":false},"featured_media":101085,"template":"","meta":[],"product_brand":[],"product_cat":[477,858,476],"product_tag":[],"class_list":{"0":"post-101096","1":"product","2":"type-product","3":"status-publish","4":"has-post-thumbnail","6":"product_cat-paviljonger-partytalt","7":"product_cat-tradgard-terrass","8":"product_cat-tradgardspaviljonger","10":"first","11":"instock","12":"sale","13":"taxable","14":"shipping-taxable","15":"purchasable","16":"product-type-simple"},"yoast_head":"<!-- This site is optimized with the Yoast SEO plugin v25.4 - https:\/\/yoast.com\/wordpress\/plugins\/seo\/ -->\n<title>TRUUSK Pop-up Paviljong Ca. 3x6m - Vattent\u00e4t med 4 Sidov\u00e4ggar - F\u00f6nster och UV-Skydd - B\u00e4rbar V\u00e4ska - Svart - TRUUSK - Hem, Tr\u00e4dg\u00e5rd &amp; Fritid<\/title>\n<meta name=\"robots\" content=\"index, follow, max-snippet:-1, max-image-preview:large, max-video-preview:-1\" \/>\n<link rel=\"canonical\" href=\"https:\/\/truusk.store\/sv\/produkt\/truusk-pop-up-paviljong-ca-3x6m-vattentat-med-4-sidovaggar-fonster-och-uv-skydd-barbar-vaska-svart\/\" \/>\n<meta property=\"og:locale\" content=\"sv_SE\" \/>\n<meta property=\"og:type\" content=\"article\" \/>\n<meta property=\"og:title\" content=\"TRUUSK Pop-up Paviljong Ca. 3x6m - Vattent\u00e4t med 4 Sidov\u00e4ggar - F\u00f6nster och UV-Skydd - B\u00e4rbar V\u00e4ska - Svart - TRUUSK - Hem, Tr\u00e4dg\u00e5rd &amp; Fritid\" \/>\n<meta property=\"og:description\" content=\"Upplev ren flexibilitet utomhus med v\u00e5r 3 x 6 m stora hopf\u00e4llbara paviljong fr\u00e5n [BRAND NAME]. Denna m\u00e5ngsidiga partyt\u00e4lt ger...\" \/>\n<meta property=\"og:url\" content=\"https:\/\/truusk.store\/sv\/produkt\/truusk-pop-up-paviljong-ca-3x6m-vattentat-med-4-sidovaggar-fonster-och-uv-skydd-barbar-vaska-svart\/\" \/>\n<meta property=\"og:site_name\" content=\"TRUUSK - Hem, Tr\u00e4dg\u00e5rd &amp; Fritid\" \/>\n<meta property=\"article:modified_time\" content=\"2026-03-12T08:35:26+00:00\" \/>\n<meta property=\"og:image\" content=\"https:\/\/i0.wp.com\/truusk.se\/wp-content\/uploads\/2026\/01\/paviljong-ca-3x6m-vattentat-pop-up-vikpaviljong-med-4-sidovaggar-fonster-uv-skydd-barbar-vaska-svart-1.webp?fit=2000%2C2000&ssl=1\" \/>\n\t<meta property=\"og:image:width\" content=\"2000\" \/>\n\t<meta property=\"og:image:height\" content=\"2000\" \/>\n\t<meta property=\"og:image:type\" content=\"image\/webp\" \/>\n<meta name=\"twitter:card\" content=\"summary_large_image\" \/>\n<meta name=\"twitter:label1\" content=\"Ber\u00e4knad l\u00e4stid\" \/>\n\t<meta name=\"twitter:data1\" content=\"1 minut\" \/>\n<!-- \/ Yoast SEO plugin. -->","yoast_head_json":{"title":"TRUUSK Pop-up Paviljong Ca. 3x6m - Vattent\u00e4t med 4 Sidov\u00e4ggar - F\u00f6nster och UV-Skydd - B\u00e4rbar V\u00e4ska - Svart - TRUUSK - Hem, Tr\u00e4dg\u00e5rd &amp; Fritid","robots":{"index":"index","follow":"follow","max-snippet":"max-snippet:-1","max-image-preview":"max-image-preview:large","max-video-preview":"max-video-preview:-1"},"canonical":"https:\/\/truusk.store\/sv\/produkt\/truusk-pop-up-paviljong-ca-3x6m-vattentat-med-4-sidovaggar-fonster-och-uv-skydd-barbar-vaska-svart\/","og_locale":"sv_SE","og_type":"article","og_title":"TRUUSK Pop-up Paviljong Ca. 3x6m - Vattent\u00e4t med 4 Sidov\u00e4ggar - F\u00f6nster och UV-Skydd - B\u00e4rbar V\u00e4ska - Svart - TRUUSK - Hem, Tr\u00e4dg\u00e5rd &amp; Fritid","og_description":"Upplev ren flexibilitet utomhus med v\u00e5r 3 x 6 m stora hopf\u00e4llbara paviljong fr\u00e5n [BRAND NAME]. Denna m\u00e5ngsidiga partyt\u00e4lt ger...","og_url":"https:\/\/truusk.store\/sv\/produkt\/truusk-pop-up-paviljong-ca-3x6m-vattentat-med-4-sidovaggar-fonster-och-uv-skydd-barbar-vaska-svart\/","og_site_name":"TRUUSK - Hem, Tr\u00e4dg\u00e5rd &amp; Fritid","article_modified_time":"2026-03-12T08:35:26+00:00","og_image":[{"width":2000,"height":2000,"url":"https:\/\/i0.wp.com\/truusk.se\/wp-content\/uploads\/2026\/01\/paviljong-ca-3x6m-vattentat-pop-up-vikpaviljong-med-4-sidovaggar-fonster-uv-skydd-barbar-vaska-svart-1.webp?fit=2000%2C2000&ssl=1","type":"image\/webp"}],"twitter_card":"summary_large_image","twitter_misc":{"Ber\u00e4knad l\u00e4stid":"1 minut"},"schema":{"@context":"https:\/\/schema.org","@graph":[{"@type":"WebPage","@id":"https:\/\/truusk.store\/sv\/produkt\/truusk-pop-up-paviljong-ca-3x6m-vattentat-med-4-sidovaggar-fonster-och-uv-skydd-barbar-vaska-svart\/","url":"https:\/\/truusk.store\/sv\/produkt\/truusk-pop-up-paviljong-ca-3x6m-vattentat-med-4-sidovaggar-fonster-och-uv-skydd-barbar-vaska-svart\/","name":"TRUUSK Pop-up Paviljong Ca. 3x6m - Vattent\u00e4t med 4 Sidov\u00e4ggar - F\u00f6nster och UV-Skydd - B\u00e4rbar V\u00e4ska - Svart - TRUUSK - Hem, Tr\u00e4dg\u00e5rd &amp; Fritid","isPartOf":{"@id":"https:\/\/truusk.store\/sv\/#website"},"primaryImageOfPage":{"@id":"https:\/\/truusk.store\/sv\/produkt\/truusk-pop-up-paviljong-ca-3x6m-vattentat-med-4-sidovaggar-fonster-och-uv-skydd-barbar-vaska-svart\/#primaryimage"},"image":{"@id":"https:\/\/truusk.store\/sv\/produkt\/truusk-pop-up-paviljong-ca-3x6m-vattentat-med-4-sidovaggar-fonster-och-uv-skydd-barbar-vaska-svart\/#primaryimage"},"thumbnailUrl":"https:\/\/i0.wp.com\/truusk.store\/wp-content\/uploads\/2026\/01\/paviljong-ca-3x6m-vattentat-pop-up-vikpaviljong-med-4-sidovaggar-fonster-uv-skydd-barbar-vaska-svart-1.webp?fit=2000%2C2000&ssl=1","datePublished":"2026-01-28T03:52:33+00:00","dateModified":"2026-03-12T08:35:26+00:00","breadcrumb":{"@id":"https:\/\/truusk.store\/sv\/produkt\/truusk-pop-up-paviljong-ca-3x6m-vattentat-med-4-sidovaggar-fonster-och-uv-skydd-barbar-vaska-svart\/#breadcrumb"},"inLanguage":"sv-SE","potentialAction":[{"@type":"ReadAction","target":["https:\/\/truusk.store\/sv\/produkt\/truusk-pop-up-paviljong-ca-3x6m-vattentat-med-4-sidovaggar-fonster-och-uv-skydd-barbar-vaska-svart\/"]}]},{"@type":"ImageObject","inLanguage":"sv-SE","@id":"https:\/\/truusk.store\/sv\/produkt\/truusk-pop-up-paviljong-ca-3x6m-vattentat-med-4-sidovaggar-fonster-och-uv-skydd-barbar-vaska-svart\/#primaryimage","url":"https:\/\/i0.wp.com\/truusk.store\/wp-content\/uploads\/2026\/01\/paviljong-ca-3x6m-vattentat-pop-up-vikpaviljong-med-4-sidovaggar-fonster-uv-skydd-barbar-vaska-svart-1.webp?fit=2000%2C2000&ssl=1","contentUrl":"https:\/\/i0.wp.com\/truusk.store\/wp-content\/uploads\/2026\/01\/paviljong-ca-3x6m-vattentat-pop-up-vikpaviljong-med-4-sidovaggar-fonster-uv-skydd-barbar-vaska-svart-1.webp?fit=2000%2C2000&ssl=1","width":2000,"height":2000},{"@type":"BreadcrumbList","@id":"https:\/\/truusk.store\/sv\/produkt\/truusk-pop-up-paviljong-ca-3x6m-vattentat-med-4-sidovaggar-fonster-och-uv-skydd-barbar-vaska-svart\/#breadcrumb","itemListElement":[{"@type":"ListItem","position":1,"name":"Home","item":"https:\/\/truusk.store\/sv\/"},{"@type":"ListItem","position":2,"name":"Shop","item":"https:\/\/truusk.store\/shop\/"},{"@type":"ListItem","position":3,"name":"TRUUSK Pop-up Paviljong Ca. 3x6m &#8211; Vattent\u00e4t med 4 Sidov\u00e4ggar &#8211; F\u00f6nster och UV-Skydd &#8211; B\u00e4rbar V\u00e4ska &#8211; Svart"}]},{"@type":"WebSite","@id":"https:\/\/truusk.store\/sv\/#website","url":"https:\/\/truusk.store\/sv\/","name":"TRUUSK - Hem, Tr\u00e4dg\u00e5rd & Fritid","description":"","publisher":{"@id":"https:\/\/truusk.store\/sv\/#organization"},"potentialAction":[{"@type":"SearchAction","target":{"@type":"EntryPoint","urlTemplate":"https:\/\/truusk.store\/sv\/?s={search_term_string}"},"query-input":{"@type":"PropertyValueSpecification","valueRequired":true,"valueName":"search_term_string"}}],"inLanguage":"sv-SE"},{"@type":"Organization","@id":"https:\/\/truusk.store\/sv\/#organization","name":"TRUUSK - Hem, Tr\u00e4dg\u00e5rd & Fritid","url":"https:\/\/truusk.store\/sv\/","logo":{"@type":"ImageObject","inLanguage":"sv-SE","@id":"https:\/\/truusk.store\/sv\/#\/schema\/logo\/image\/","url":"https:\/\/i0.wp.com\/truusk.store\/wp-content\/uploads\/2026\/03\/cropped-TRUUSK.png?fit=2032%2C917&ssl=1","contentUrl":"https:\/\/i0.wp.com\/truusk.store\/wp-content\/uploads\/2026\/03\/cropped-TRUUSK.png?fit=2032%2C917&ssl=1","width":2032,"height":917,"caption":"TRUUSK - Hem, Tr\u00e4dg\u00e5rd & Fritid"},"image":{"@id":"https:\/\/truusk.store\/sv\/#\/schema\/logo\/image\/"}}]}},"jetpack_sharing_enabled":true,"_links":{"self":[{"href":"https:\/\/truusk.store\/sv\/wp-json\/wp\/v2\/product\/101096","targetHints":{"allow":["GET"]}}],"collection":[{"href":"https:\/\/truusk.store\/sv\/wp-json\/wp\/v2\/product"}],"about":[{"href":"https:\/\/truusk.store\/sv\/wp-json\/wp\/v2\/types\/product"}],"wp:featuredmedia":[{"embeddable":true,"href":"https:\/\/truusk.store\/sv\/wp-json\/wp\/v2\/media\/101085"}],"wp:attachment":[{"href":"https:\/\/truusk.store\/sv\/wp-json\/wp\/v2\/media?parent=101096"}],"wp:term":[{"taxonomy":"product_brand","embeddable":true,"href":"https:\/\/truusk.store\/sv\/wp-json\/wp\/v2\/product_brand?post=101096"},{"taxonomy":"product_cat","embeddable":true,"href":"https:\/\/truusk.store\/sv\/wp-json\/wp\/v2\/product_cat?post=101096"},{"taxonomy":"product_tag","embeddable":true,"href":"https:\/\/truusk.store\/sv\/wp-json\/wp\/v2\/product_tag?post=101096"}],"curies":[{"name":"wp","href":"https:\/\/api.w.org\/{rel}","templated":true}]}}