{"id":101116,"date":"2026-01-28T04:54:35","date_gmt":"2026-01-28T03:54:35","guid":{"rendered":"https:\/\/truusk.store\/product\/vaxthus-barbar-vaxt-hus-med-stalram-och-plastoverdrag-vit\/"},"modified":"2026-03-12T09:35:30","modified_gmt":"2026-03-12T08:35:30","slug":"truusk-vaxthus-barbar-med-stalram-plastoverdrag-vit","status":"publish","type":"product","link":"https:\/\/truusk.store\/sv\/produkt\/truusk-vaxthus-barbar-med-stalram-plastoverdrag-vit\/","title":{"rendered":"TRUUSK V\u00e4xthus &#8211; B\u00e4rbar med St\u00e5lram &#8211; Plast\u00f6verdrag &#8211; Vit"},"content":{"rendered":"<p>Med det b\u00e4rbara [BRAND NAME] v\u00e4xthuset f\u00f6rl\u00e4nger du odlingss\u00e4songen. St\u00e5lstommen p\u00e5 folietunneln, komplett med f\u00f6rankringslinor och markspikar, ger ett stadigt grepp. P\u00e5 6 x 6 fot erbjuder denna folietunnel tillr\u00e4ckligt med utrymme f\u00f6r dina v\u00e4xter och kan utformas helt enligt dina \u00f6nskem\u00e5l. Den har en upprullningsbar d\u00f6rr och ett sidorullf\u00f6nster f\u00f6r enkel \u00e5tkomst och optimal ventilation.<\/p>\n<p>Beskrivning:<\/p>\n<ul>\n<li> Plast\u00f6verdraget p\u00e5 tomatv\u00e4xthuset erbjuder UV- och l\u00e4tt v\u00e4derskydd, s\u00e5 att v\u00e4xterna kan v\u00e4xa bra<\/li>\n<li> Rullande d\u00f6rrar och f\u00f6nster p\u00e5 v\u00e4xthuset f\u00f6r enkel \u00e5tkomst<\/li>\n<li> B\u00e5gformat tak f\u00f6r att f\u00f6rhindra vattenansamling<\/li>\n<li> Pulverlackerad st\u00e5lram p\u00e5 v\u00e4xthuset f\u00f6r en stabil struktur<\/li>\n<li> 10 cm l\u00e5nga kanter f\u00f6r att gr\u00e4va ner i marken, med f\u00f6rankringslinor och markspikar<\/li>\n<\/ul>\n<p> Tekniska data:<\/p>\n<ul>\n<li> F\u00e4rg: Vit<\/li>\n<li> Material: St\u00e5l, plast<\/li>\n<li> Totala dimensioner: 180L x 180B x 200H cm<\/li>\n<li> Sidof\u00f6nster dimensioner: 120B x 45H cm<\/li>\n<li> D\u00f6rrdimensioner: 123B x 158H cm<\/li>\n<li> Plast\u00f6verdrag: 135 GSM<\/li>\n<li> Vindt\u00e4t: Niv\u00e5 4 (vindhastighet under 28 km\/h)<\/li>\n<\/ul>\n<p>Ing\u00e5r:<\/p>\n<ul>\n<li> 1 x V\u00e4xthus<\/li>\n<li> 4 x Markspik<\/li>\n<li> 4 x F\u00f6rankringslina<\/li>\n<li> 1 x Bruksanvisning<\/li>\n<\/ul>\n","protected":false},"excerpt":{"rendered":"<p>Med det b\u00e4rbara [BRAND NAME] v\u00e4xthuset f\u00f6rl\u00e4nger du odlingss\u00e4songen. St\u00e5lstommen p\u00e5 folietunneln, komplett med f\u00f6rankringslinor och markspikar, ger ett stadigt&#8230;<\/p>\n","protected":false},"featured_media":101107,"template":"","meta":[],"product_brand":[],"product_cat":[923,858,1020],"product_tag":[],"class_list":{"0":"post-101116","1":"product","2":"type-product","3":"status-publish","4":"has-post-thumbnail","6":"product_cat-plastfilm-vaxthus","7":"product_cat-tradgard-terrass","8":"product_cat-vaxthus-tradgardsarbete","10":"first","11":"instock","12":"sale","13":"taxable","14":"shipping-taxable","15":"purchasable","16":"product-type-simple"},"yoast_head":"<!-- This site is optimized with the Yoast SEO plugin v25.4 - https:\/\/yoast.com\/wordpress\/plugins\/seo\/ -->\n<title>TRUUSK V\u00e4xthus - B\u00e4rbar med St\u00e5lram - Plast\u00f6verdrag - Vit - TRUUSK - Hem, Tr\u00e4dg\u00e5rd &amp; Fritid<\/title>\n<meta name=\"robots\" content=\"index, follow, max-snippet:-1, max-image-preview:large, max-video-preview:-1\" \/>\n<link rel=\"canonical\" href=\"https:\/\/truusk.store\/sv\/produkt\/truusk-vaxthus-barbar-med-stalram-plastoverdrag-vit\/\" \/>\n<meta property=\"og:locale\" content=\"sv_SE\" \/>\n<meta property=\"og:type\" content=\"article\" \/>\n<meta property=\"og:title\" content=\"TRUUSK V\u00e4xthus - B\u00e4rbar med St\u00e5lram - Plast\u00f6verdrag - Vit - TRUUSK - Hem, Tr\u00e4dg\u00e5rd &amp; Fritid\" \/>\n<meta property=\"og:description\" content=\"Med det b\u00e4rbara [BRAND NAME] v\u00e4xthuset f\u00f6rl\u00e4nger du odlingss\u00e4songen. St\u00e5lstommen p\u00e5 folietunneln, komplett med f\u00f6rankringslinor och markspikar, ger ett stadigt...\" \/>\n<meta property=\"og:url\" content=\"https:\/\/truusk.store\/sv\/produkt\/truusk-vaxthus-barbar-med-stalram-plastoverdrag-vit\/\" \/>\n<meta property=\"og:site_name\" content=\"TRUUSK - Hem, Tr\u00e4dg\u00e5rd &amp; Fritid\" \/>\n<meta property=\"article:modified_time\" content=\"2026-03-12T08:35:30+00:00\" \/>\n<meta property=\"og:image\" content=\"https:\/\/i0.wp.com\/truusk.se\/wp-content\/uploads\/2026\/01\/vaxthus-barbar-vaxt-hus-med-stalram-och-plastoverdrag-vit-1.webp?fit=2000%2C2000&ssl=1\" \/>\n\t<meta property=\"og:image:width\" content=\"2000\" \/>\n\t<meta property=\"og:image:height\" content=\"2000\" \/>\n\t<meta property=\"og:image:type\" content=\"image\/webp\" \/>\n<meta name=\"twitter:card\" content=\"summary_large_image\" \/>\n<meta name=\"twitter:label1\" content=\"Ber\u00e4knad l\u00e4stid\" \/>\n\t<meta name=\"twitter:data1\" content=\"1 minut\" \/>\n<!-- \/ Yoast SEO plugin. -->","yoast_head_json":{"title":"TRUUSK V\u00e4xthus - B\u00e4rbar med St\u00e5lram - Plast\u00f6verdrag - Vit - TRUUSK - Hem, Tr\u00e4dg\u00e5rd &amp; Fritid","robots":{"index":"index","follow":"follow","max-snippet":"max-snippet:-1","max-image-preview":"max-image-preview:large","max-video-preview":"max-video-preview:-1"},"canonical":"https:\/\/truusk.store\/sv\/produkt\/truusk-vaxthus-barbar-med-stalram-plastoverdrag-vit\/","og_locale":"sv_SE","og_type":"article","og_title":"TRUUSK V\u00e4xthus - B\u00e4rbar med St\u00e5lram - Plast\u00f6verdrag - Vit - TRUUSK - Hem, Tr\u00e4dg\u00e5rd &amp; Fritid","og_description":"Med det b\u00e4rbara [BRAND NAME] v\u00e4xthuset f\u00f6rl\u00e4nger du odlingss\u00e4songen. St\u00e5lstommen p\u00e5 folietunneln, komplett med f\u00f6rankringslinor och markspikar, ger ett stadigt...","og_url":"https:\/\/truusk.store\/sv\/produkt\/truusk-vaxthus-barbar-med-stalram-plastoverdrag-vit\/","og_site_name":"TRUUSK - Hem, Tr\u00e4dg\u00e5rd &amp; Fritid","article_modified_time":"2026-03-12T08:35:30+00:00","og_image":[{"width":2000,"height":2000,"url":"https:\/\/i0.wp.com\/truusk.se\/wp-content\/uploads\/2026\/01\/vaxthus-barbar-vaxt-hus-med-stalram-och-plastoverdrag-vit-1.webp?fit=2000%2C2000&ssl=1","type":"image\/webp"}],"twitter_card":"summary_large_image","twitter_misc":{"Ber\u00e4knad l\u00e4stid":"1 minut"},"schema":{"@context":"https:\/\/schema.org","@graph":[{"@type":"WebPage","@id":"https:\/\/truusk.store\/sv\/produkt\/truusk-vaxthus-barbar-med-stalram-plastoverdrag-vit\/","url":"https:\/\/truusk.store\/sv\/produkt\/truusk-vaxthus-barbar-med-stalram-plastoverdrag-vit\/","name":"TRUUSK V\u00e4xthus - B\u00e4rbar med St\u00e5lram - Plast\u00f6verdrag - Vit - TRUUSK - Hem, Tr\u00e4dg\u00e5rd &amp; Fritid","isPartOf":{"@id":"https:\/\/truusk.store\/sv\/#website"},"primaryImageOfPage":{"@id":"https:\/\/truusk.store\/sv\/produkt\/truusk-vaxthus-barbar-med-stalram-plastoverdrag-vit\/#primaryimage"},"image":{"@id":"https:\/\/truusk.store\/sv\/produkt\/truusk-vaxthus-barbar-med-stalram-plastoverdrag-vit\/#primaryimage"},"thumbnailUrl":"https:\/\/i0.wp.com\/truusk.store\/wp-content\/uploads\/2026\/01\/vaxthus-barbar-vaxt-hus-med-stalram-och-plastoverdrag-vit-1.webp?fit=2000%2C2000&ssl=1","datePublished":"2026-01-28T03:54:35+00:00","dateModified":"2026-03-12T08:35:30+00:00","breadcrumb":{"@id":"https:\/\/truusk.store\/sv\/produkt\/truusk-vaxthus-barbar-med-stalram-plastoverdrag-vit\/#breadcrumb"},"inLanguage":"sv-SE","potentialAction":[{"@type":"ReadAction","target":["https:\/\/truusk.store\/sv\/produkt\/truusk-vaxthus-barbar-med-stalram-plastoverdrag-vit\/"]}]},{"@type":"ImageObject","inLanguage":"sv-SE","@id":"https:\/\/truusk.store\/sv\/produkt\/truusk-vaxthus-barbar-med-stalram-plastoverdrag-vit\/#primaryimage","url":"https:\/\/i0.wp.com\/truusk.store\/wp-content\/uploads\/2026\/01\/vaxthus-barbar-vaxt-hus-med-stalram-och-plastoverdrag-vit-1.webp?fit=2000%2C2000&ssl=1","contentUrl":"https:\/\/i0.wp.com\/truusk.store\/wp-content\/uploads\/2026\/01\/vaxthus-barbar-vaxt-hus-med-stalram-och-plastoverdrag-vit-1.webp?fit=2000%2C2000&ssl=1","width":2000,"height":2000},{"@type":"BreadcrumbList","@id":"https:\/\/truusk.store\/sv\/produkt\/truusk-vaxthus-barbar-med-stalram-plastoverdrag-vit\/#breadcrumb","itemListElement":[{"@type":"ListItem","position":1,"name":"Home","item":"https:\/\/truusk.store\/sv\/"},{"@type":"ListItem","position":2,"name":"Shop","item":"https:\/\/truusk.store\/shop\/"},{"@type":"ListItem","position":3,"name":"TRUUSK V\u00e4xthus &#8211; B\u00e4rbar med St\u00e5lram &#8211; Plast\u00f6verdrag &#8211; Vit"}]},{"@type":"WebSite","@id":"https:\/\/truusk.store\/sv\/#website","url":"https:\/\/truusk.store\/sv\/","name":"TRUUSK - Hem, Tr\u00e4dg\u00e5rd & Fritid","description":"","publisher":{"@id":"https:\/\/truusk.store\/sv\/#organization"},"potentialAction":[{"@type":"SearchAction","target":{"@type":"EntryPoint","urlTemplate":"https:\/\/truusk.store\/sv\/?s={search_term_string}"},"query-input":{"@type":"PropertyValueSpecification","valueRequired":true,"valueName":"search_term_string"}}],"inLanguage":"sv-SE"},{"@type":"Organization","@id":"https:\/\/truusk.store\/sv\/#organization","name":"TRUUSK - Hem, Tr\u00e4dg\u00e5rd & Fritid","url":"https:\/\/truusk.store\/sv\/","logo":{"@type":"ImageObject","inLanguage":"sv-SE","@id":"https:\/\/truusk.store\/sv\/#\/schema\/logo\/image\/","url":"https:\/\/i0.wp.com\/truusk.store\/wp-content\/uploads\/2026\/03\/cropped-TRUUSK.png?fit=2032%2C917&ssl=1","contentUrl":"https:\/\/i0.wp.com\/truusk.store\/wp-content\/uploads\/2026\/03\/cropped-TRUUSK.png?fit=2032%2C917&ssl=1","width":2032,"height":917,"caption":"TRUUSK - Hem, Tr\u00e4dg\u00e5rd & Fritid"},"image":{"@id":"https:\/\/truusk.store\/sv\/#\/schema\/logo\/image\/"}}]}},"jetpack_sharing_enabled":true,"_links":{"self":[{"href":"https:\/\/truusk.store\/sv\/wp-json\/wp\/v2\/product\/101116","targetHints":{"allow":["GET"]}}],"collection":[{"href":"https:\/\/truusk.store\/sv\/wp-json\/wp\/v2\/product"}],"about":[{"href":"https:\/\/truusk.store\/sv\/wp-json\/wp\/v2\/types\/product"}],"wp:featuredmedia":[{"embeddable":true,"href":"https:\/\/truusk.store\/sv\/wp-json\/wp\/v2\/media\/101107"}],"wp:attachment":[{"href":"https:\/\/truusk.store\/sv\/wp-json\/wp\/v2\/media?parent=101116"}],"wp:term":[{"taxonomy":"product_brand","embeddable":true,"href":"https:\/\/truusk.store\/sv\/wp-json\/wp\/v2\/product_brand?post=101116"},{"taxonomy":"product_cat","embeddable":true,"href":"https:\/\/truusk.store\/sv\/wp-json\/wp\/v2\/product_cat?post=101116"},{"taxonomy":"product_tag","embeddable":true,"href":"https:\/\/truusk.store\/sv\/wp-json\/wp\/v2\/product_tag?post=101116"}],"curies":[{"name":"wp","href":"https:\/\/api.w.org\/{rel}","templated":true}]}}