{"id":101126,"date":"2026-01-28T04:55:48","date_gmt":"2026-01-28T03:55:48","guid":{"rendered":"https:\/\/truusk.store\/product\/hogbadd-med-klatterstallning-planteringslada-med-klatterstod-oppen-botten-vaderbestandig-61-cm-x-61-cm-x-140-cm-morkgra\/"},"modified":"2026-03-12T09:35:33","modified_gmt":"2026-03-12T08:35:33","slug":"truusk-hogbadd-med-klatterstallning-planteringslada-med-klatterstod-vaderbestandig-61x61x140-cm-morkgra","status":"publish","type":"product","link":"https:\/\/truusk.store\/sv\/produkt\/truusk-hogbadd-med-klatterstallning-planteringslada-med-klatterstod-vaderbestandig-61x61x140-cm-morkgra\/","title":{"rendered":"TRUUSK H\u00f6gb\u00e4dd Med Kl\u00e4tterst\u00e4llning &#8211; Planteringsl\u00e5da Med Kl\u00e4tterst\u00f6d &#8211; V\u00e4derbest\u00e4ndig &#8211; 61x61x140 cm &#8211; M\u00f6rkgr\u00e5"},"content":{"rendered":"<p> Oavsett om det \u00e4r vinstockar eller kl\u00e4tterv\u00e4xter, med tomatrankgitter fr\u00e5n [BRAND NAME] och det medf\u00f6ljande balkongh\u00f6jdsb\u00e4dden, kommer varje kl\u00e4tterv\u00e4xt att n\u00e5 sin fulla potential. Tack vare det anpassningsbara burdesignet kan v\u00e4xter av alla storlekar och former f\u00e4stas. H\u00f6j dina v\u00e4xter \u00f6ver ogr\u00e4s och vilda djur. Den \u00f6ppna botten av planteringskuben med rankgitter f\u00f6rhindrar vattenstagnation och l\u00e5ter r\u00f6tterna v\u00e4xa s\u00e4rskilt bra.<\/p>\n<p> Beskrivning:<\/p>\n<ul>\n<li> Gott om utrymme att v\u00e4xa, rankgitter f\u00f6r kl\u00e4tterv\u00e4xter<\/li>\n<li> H\u00f6jd balkongh\u00f6jdsb\u00e4dd f\u00f6r att h\u00e5lla ogr\u00e4set borta och f\u00f6rhindra vattenstagnation<\/li>\n<li> Tomatburen kan justeras i h\u00f6jd<\/li>\n<li> H\u00e5ller ogr\u00e4s borta och ger bra dr\u00e4nering med \u00f6ppen botten<\/li>\n<li> Tillverkad av tjock, varmf\u00f6rzinkad och pulverlackerad st\u00e5l som inte vrids eller deformeras<\/li>\n<li> Den platta kanten p\u00e5 planteringsl\u00e5dan med rankgitter f\u00f6rhindrar fingerskador<\/li>\n<li> Anv\u00e4nd denna blomsterb\u00e4dd f\u00f6r att plantera tomater, plantor, sm\u00e5 tr\u00e4d, frukt, gr\u00f6nsaker och potatis<\/li>\n<li> L\u00e4tt att montera<\/li>\n<\/ul>\n<p> Tekniska data:<\/p>\n<ul>\n<li> F\u00e4rg: M\u00f6rkgr\u00e5<\/li>\n<li> Material: St\u00e5l, galvaniserat st\u00e5l<\/li>\n<li> Totala dimensioner: 61L x 61B x 140H cm<\/li>\n<li> H\u00f6jdsb\u00e4dd dimension: 61B x 61T x 30H cm<\/li>\n<li> Spalier dimension: 49B x 49T x 140H cm<\/li>\n<li> Storlek p\u00e5 planteringsomr\u00e5det: 59B x 59T x 30H cm<\/li>\n<\/ul>\n<p> Leveransinneh\u00e5ll:<\/p>\n<ul>\n<li> 1 x H\u00f6jdsb\u00e4dd<\/li>\n<li> 1 x Tomatbur<\/li>\n<li> 12 x Plastdel<\/li>\n<li> 1 x Handbok<\/li>\n<\/ul>\n","protected":false},"excerpt":{"rendered":"<p>Oavsett om det \u00e4r vinstockar eller kl\u00e4tterv\u00e4xter, med tomatrankgitter fr\u00e5n [BRAND NAME] och det medf\u00f6ljande balkongh\u00f6jdsb\u00e4dden, kommer varje kl\u00e4tterv\u00e4xt att&#8230;<\/p>\n","protected":false},"featured_media":101117,"template":"","meta":[],"product_brand":[],"product_cat":[922,858,443],"product_tag":[],"class_list":{"0":"post-101126","1":"product","2":"type-product","3":"status-publish","4":"has-post-thumbnail","6":"product_cat-planteringskarl","7":"product_cat-tradgard-terrass","8":"product_cat-vaxthus-tradgardsskotsel","10":"first","11":"instock","12":"sale","13":"taxable","14":"shipping-taxable","15":"purchasable","16":"product-type-simple"},"yoast_head":"<!-- This site is optimized with the Yoast SEO plugin v25.4 - https:\/\/yoast.com\/wordpress\/plugins\/seo\/ -->\n<title>TRUUSK H\u00f6gb\u00e4dd Med Kl\u00e4tterst\u00e4llning - Planteringsl\u00e5da Med Kl\u00e4tterst\u00f6d - V\u00e4derbest\u00e4ndig - 61x61x140 cm - M\u00f6rkgr\u00e5 - TRUUSK - Hem, Tr\u00e4dg\u00e5rd &amp; Fritid<\/title>\n<meta name=\"robots\" content=\"index, follow, max-snippet:-1, max-image-preview:large, max-video-preview:-1\" \/>\n<link rel=\"canonical\" href=\"https:\/\/truusk.store\/sv\/produkt\/truusk-hogbadd-med-klatterstallning-planteringslada-med-klatterstod-vaderbestandig-61x61x140-cm-morkgra\/\" \/>\n<meta property=\"og:locale\" content=\"sv_SE\" \/>\n<meta property=\"og:type\" content=\"article\" \/>\n<meta property=\"og:title\" content=\"TRUUSK H\u00f6gb\u00e4dd Med Kl\u00e4tterst\u00e4llning - Planteringsl\u00e5da Med Kl\u00e4tterst\u00f6d - V\u00e4derbest\u00e4ndig - 61x61x140 cm - M\u00f6rkgr\u00e5 - TRUUSK - Hem, Tr\u00e4dg\u00e5rd &amp; Fritid\" \/>\n<meta property=\"og:description\" content=\"Oavsett om det \u00e4r vinstockar eller kl\u00e4tterv\u00e4xter, med tomatrankgitter fr\u00e5n [BRAND NAME] och det medf\u00f6ljande balkongh\u00f6jdsb\u00e4dden, kommer varje kl\u00e4tterv\u00e4xt att...\" \/>\n<meta property=\"og:url\" content=\"https:\/\/truusk.store\/sv\/produkt\/truusk-hogbadd-med-klatterstallning-planteringslada-med-klatterstod-vaderbestandig-61x61x140-cm-morkgra\/\" \/>\n<meta property=\"og:site_name\" content=\"TRUUSK - Hem, Tr\u00e4dg\u00e5rd &amp; Fritid\" \/>\n<meta property=\"article:modified_time\" content=\"2026-03-12T08:35:33+00:00\" \/>\n<meta property=\"og:image\" content=\"https:\/\/i0.wp.com\/truusk.se\/wp-content\/uploads\/2026\/01\/hogbadd-med-klatterstallning-planteringslada-med-klatterstod-oppen-botten-vaderbestandig-61-cm-x-61-cm-x-140-cm-morkgra-1.webp?fit=2000%2C2000&ssl=1\" \/>\n\t<meta property=\"og:image:width\" content=\"2000\" \/>\n\t<meta property=\"og:image:height\" content=\"2000\" \/>\n\t<meta property=\"og:image:type\" content=\"image\/webp\" \/>\n<meta name=\"twitter:card\" content=\"summary_large_image\" \/>\n<meta name=\"twitter:label1\" content=\"Ber\u00e4knad l\u00e4stid\" \/>\n\t<meta name=\"twitter:data1\" content=\"1 minut\" \/>\n<!-- \/ Yoast SEO plugin. -->","yoast_head_json":{"title":"TRUUSK H\u00f6gb\u00e4dd Med Kl\u00e4tterst\u00e4llning - Planteringsl\u00e5da Med Kl\u00e4tterst\u00f6d - V\u00e4derbest\u00e4ndig - 61x61x140 cm - M\u00f6rkgr\u00e5 - TRUUSK - Hem, Tr\u00e4dg\u00e5rd &amp; Fritid","robots":{"index":"index","follow":"follow","max-snippet":"max-snippet:-1","max-image-preview":"max-image-preview:large","max-video-preview":"max-video-preview:-1"},"canonical":"https:\/\/truusk.store\/sv\/produkt\/truusk-hogbadd-med-klatterstallning-planteringslada-med-klatterstod-vaderbestandig-61x61x140-cm-morkgra\/","og_locale":"sv_SE","og_type":"article","og_title":"TRUUSK H\u00f6gb\u00e4dd Med Kl\u00e4tterst\u00e4llning - Planteringsl\u00e5da Med Kl\u00e4tterst\u00f6d - V\u00e4derbest\u00e4ndig - 61x61x140 cm - M\u00f6rkgr\u00e5 - TRUUSK - Hem, Tr\u00e4dg\u00e5rd &amp; Fritid","og_description":"Oavsett om det \u00e4r vinstockar eller kl\u00e4tterv\u00e4xter, med tomatrankgitter fr\u00e5n [BRAND NAME] och det medf\u00f6ljande balkongh\u00f6jdsb\u00e4dden, kommer varje kl\u00e4tterv\u00e4xt att...","og_url":"https:\/\/truusk.store\/sv\/produkt\/truusk-hogbadd-med-klatterstallning-planteringslada-med-klatterstod-vaderbestandig-61x61x140-cm-morkgra\/","og_site_name":"TRUUSK - Hem, Tr\u00e4dg\u00e5rd &amp; Fritid","article_modified_time":"2026-03-12T08:35:33+00:00","og_image":[{"width":2000,"height":2000,"url":"https:\/\/i0.wp.com\/truusk.se\/wp-content\/uploads\/2026\/01\/hogbadd-med-klatterstallning-planteringslada-med-klatterstod-oppen-botten-vaderbestandig-61-cm-x-61-cm-x-140-cm-morkgra-1.webp?fit=2000%2C2000&ssl=1","type":"image\/webp"}],"twitter_card":"summary_large_image","twitter_misc":{"Ber\u00e4knad l\u00e4stid":"1 minut"},"schema":{"@context":"https:\/\/schema.org","@graph":[{"@type":"WebPage","@id":"https:\/\/truusk.store\/sv\/produkt\/truusk-hogbadd-med-klatterstallning-planteringslada-med-klatterstod-vaderbestandig-61x61x140-cm-morkgra\/","url":"https:\/\/truusk.store\/sv\/produkt\/truusk-hogbadd-med-klatterstallning-planteringslada-med-klatterstod-vaderbestandig-61x61x140-cm-morkgra\/","name":"TRUUSK H\u00f6gb\u00e4dd Med Kl\u00e4tterst\u00e4llning - Planteringsl\u00e5da Med Kl\u00e4tterst\u00f6d - V\u00e4derbest\u00e4ndig - 61x61x140 cm - M\u00f6rkgr\u00e5 - TRUUSK - Hem, Tr\u00e4dg\u00e5rd &amp; Fritid","isPartOf":{"@id":"https:\/\/truusk.store\/sv\/#website"},"primaryImageOfPage":{"@id":"https:\/\/truusk.store\/sv\/produkt\/truusk-hogbadd-med-klatterstallning-planteringslada-med-klatterstod-vaderbestandig-61x61x140-cm-morkgra\/#primaryimage"},"image":{"@id":"https:\/\/truusk.store\/sv\/produkt\/truusk-hogbadd-med-klatterstallning-planteringslada-med-klatterstod-vaderbestandig-61x61x140-cm-morkgra\/#primaryimage"},"thumbnailUrl":"https:\/\/i0.wp.com\/truusk.store\/wp-content\/uploads\/2026\/01\/hogbadd-med-klatterstallning-planteringslada-med-klatterstod-oppen-botten-vaderbestandig-61-cm-x-61-cm-x-140-cm-morkgra-1.webp?fit=2000%2C2000&ssl=1","datePublished":"2026-01-28T03:55:48+00:00","dateModified":"2026-03-12T08:35:33+00:00","breadcrumb":{"@id":"https:\/\/truusk.store\/sv\/produkt\/truusk-hogbadd-med-klatterstallning-planteringslada-med-klatterstod-vaderbestandig-61x61x140-cm-morkgra\/#breadcrumb"},"inLanguage":"sv-SE","potentialAction":[{"@type":"ReadAction","target":["https:\/\/truusk.store\/sv\/produkt\/truusk-hogbadd-med-klatterstallning-planteringslada-med-klatterstod-vaderbestandig-61x61x140-cm-morkgra\/"]}]},{"@type":"ImageObject","inLanguage":"sv-SE","@id":"https:\/\/truusk.store\/sv\/produkt\/truusk-hogbadd-med-klatterstallning-planteringslada-med-klatterstod-vaderbestandig-61x61x140-cm-morkgra\/#primaryimage","url":"https:\/\/i0.wp.com\/truusk.store\/wp-content\/uploads\/2026\/01\/hogbadd-med-klatterstallning-planteringslada-med-klatterstod-oppen-botten-vaderbestandig-61-cm-x-61-cm-x-140-cm-morkgra-1.webp?fit=2000%2C2000&ssl=1","contentUrl":"https:\/\/i0.wp.com\/truusk.store\/wp-content\/uploads\/2026\/01\/hogbadd-med-klatterstallning-planteringslada-med-klatterstod-oppen-botten-vaderbestandig-61-cm-x-61-cm-x-140-cm-morkgra-1.webp?fit=2000%2C2000&ssl=1","width":2000,"height":2000},{"@type":"BreadcrumbList","@id":"https:\/\/truusk.store\/sv\/produkt\/truusk-hogbadd-med-klatterstallning-planteringslada-med-klatterstod-vaderbestandig-61x61x140-cm-morkgra\/#breadcrumb","itemListElement":[{"@type":"ListItem","position":1,"name":"Home","item":"https:\/\/truusk.store\/sv\/"},{"@type":"ListItem","position":2,"name":"Shop","item":"https:\/\/truusk.store\/shop\/"},{"@type":"ListItem","position":3,"name":"TRUUSK H\u00f6gb\u00e4dd Med Kl\u00e4tterst\u00e4llning &#8211; Planteringsl\u00e5da Med Kl\u00e4tterst\u00f6d &#8211; V\u00e4derbest\u00e4ndig &#8211; 61x61x140 cm &#8211; M\u00f6rkgr\u00e5"}]},{"@type":"WebSite","@id":"https:\/\/truusk.store\/sv\/#website","url":"https:\/\/truusk.store\/sv\/","name":"TRUUSK - Hem, Tr\u00e4dg\u00e5rd & Fritid","description":"","publisher":{"@id":"https:\/\/truusk.store\/sv\/#organization"},"potentialAction":[{"@type":"SearchAction","target":{"@type":"EntryPoint","urlTemplate":"https:\/\/truusk.store\/sv\/?s={search_term_string}"},"query-input":{"@type":"PropertyValueSpecification","valueRequired":true,"valueName":"search_term_string"}}],"inLanguage":"sv-SE"},{"@type":"Organization","@id":"https:\/\/truusk.store\/sv\/#organization","name":"TRUUSK - Hem, Tr\u00e4dg\u00e5rd & Fritid","url":"https:\/\/truusk.store\/sv\/","logo":{"@type":"ImageObject","inLanguage":"sv-SE","@id":"https:\/\/truusk.store\/sv\/#\/schema\/logo\/image\/","url":"https:\/\/i0.wp.com\/truusk.store\/wp-content\/uploads\/2026\/03\/cropped-TRUUSK.png?fit=2032%2C917&ssl=1","contentUrl":"https:\/\/i0.wp.com\/truusk.store\/wp-content\/uploads\/2026\/03\/cropped-TRUUSK.png?fit=2032%2C917&ssl=1","width":2032,"height":917,"caption":"TRUUSK - Hem, Tr\u00e4dg\u00e5rd & Fritid"},"image":{"@id":"https:\/\/truusk.store\/sv\/#\/schema\/logo\/image\/"}}]}},"jetpack_sharing_enabled":true,"_links":{"self":[{"href":"https:\/\/truusk.store\/sv\/wp-json\/wp\/v2\/product\/101126","targetHints":{"allow":["GET"]}}],"collection":[{"href":"https:\/\/truusk.store\/sv\/wp-json\/wp\/v2\/product"}],"about":[{"href":"https:\/\/truusk.store\/sv\/wp-json\/wp\/v2\/types\/product"}],"wp:featuredmedia":[{"embeddable":true,"href":"https:\/\/truusk.store\/sv\/wp-json\/wp\/v2\/media\/101117"}],"wp:attachment":[{"href":"https:\/\/truusk.store\/sv\/wp-json\/wp\/v2\/media?parent=101126"}],"wp:term":[{"taxonomy":"product_brand","embeddable":true,"href":"https:\/\/truusk.store\/sv\/wp-json\/wp\/v2\/product_brand?post=101126"},{"taxonomy":"product_cat","embeddable":true,"href":"https:\/\/truusk.store\/sv\/wp-json\/wp\/v2\/product_cat?post=101126"},{"taxonomy":"product_tag","embeddable":true,"href":"https:\/\/truusk.store\/sv\/wp-json\/wp\/v2\/product_tag?post=101126"}],"curies":[{"name":"wp","href":"https:\/\/api.w.org\/{rel}","templated":true}]}}