{"id":101148,"date":"2026-01-28T04:57:57","date_gmt":"2026-01-28T03:57:57","guid":{"rendered":"https:\/\/truusk.store\/product\/hopfallbart-bordtennisbord-mid-size-inklusive-nat-for-bordtennis-3-bollar-12mm-bordsskiva\/"},"modified":"2026-03-12T09:36:15","modified_gmt":"2026-03-12T08:36:15","slug":"truusk-hopfallbart-bordtennisbord-mid-size-inklusive-nat-3-bollar-12mm-bordsskiva","status":"publish","type":"product","link":"https:\/\/truusk.store\/sv\/produkt\/truusk-hopfallbart-bordtennisbord-mid-size-inklusive-nat-3-bollar-12mm-bordsskiva\/","title":{"rendered":"TRUUSK Hopf\u00e4llbart Bordtennisbord Mid Size &#8211; Inklusive N\u00e4t &#8211; 3 Bollar &#8211; 12mm Bordsskiva"},"content":{"rendered":"<p>Denna [BRAND NAME] bordtennisbord \u00e4r l\u00e4mplig b\u00e5de f\u00f6r proffs och amat\u00f6rer och \u00e4r d\u00e4rf\u00f6r det perfekta valet f\u00f6r hemmet. Tack vare dess utrymmesbesparande design kan den enkelt f\u00e4llas ihop n\u00e4r den inte anv\u00e4nds och tack vare dess fyra styrhjul kan den l\u00e4tt flyttas. Utomhusbordtennisbordet \u00e4r ocks\u00e5 l\u00e4mpligt f\u00f6r att \u00e4ta, f\u00f6r br\u00e4dspel och mycket mer.<\/p>\n<p>Beskrivning:<\/p>\n<ul>\n<li> Bordtennisbord i standardstorlek, l\u00e4mplig b\u00e5de f\u00f6r proffs och f\u00f6r fritidsspelare inom denna sport<\/li>\n<li> Kan kompakt f\u00e4llas ihop f\u00f6r att bekv\u00e4mt f\u00f6rvara och spara utrymme. Dessutom kan den tack vare l\u00e5ssystemet f\u00f6rbli s\u00e4kert hopf\u00e4lld<\/li>\n<li> Utrustad med fyra sv\u00e4ngbara hjul, varav tv\u00e5 \u00e4r utrustade med bromsar, f\u00f6r enklare r\u00f6relse eller en stabil position<\/li>\n<li> Denna bordtennisbord har nivelleringsf\u00f6tter f\u00f6r att s\u00e4kerst\u00e4lla en j\u00e4mn spelplan och f\u00f6r att undvika repor<\/li>\n<li> Tillverkad av MDF-platta och st\u00e5lram f\u00f6r en trevlig spelupplevelse<\/li>\n<li> L\u00e4mplig f\u00f6r placering i alla spelrum, gym, garage, tr\u00e4dg\u00e5rd och m\u00e5nga andra platser<\/li>\n<\/ul>\n<p> Tekniska data:<\/p>\n<ul>\n<li> F\u00e4rg: Bl\u00e5<\/li>\n<li> Material: MDF, st\u00e5l, plast<\/li>\n<li> Totala dimensioner: 274L x 152,5B x 76H cm<\/li>\n<li> Vikta m\u00e5tt: 153L x 64B x 181H cm<\/li>\n<li> N\u00e4tets h\u00f6jd: 13,5 cm<\/li>\n<li> Pl\u00e5ttjocklek: 12 mm<\/li>\n<li> Hjuldiameter: \u00d85 cm<\/li>\n<li> Maximal belastning: 50 kg<\/li>\n<\/ul>\n<p>Leveransinneh\u00e5ll:<\/p>\n<ul>\n<li> 1 x Bordtennisbord<\/li>\n<li> 1 x N\u00e4t<\/li>\n<li> 2 x Rackar<\/li>\n<li> 3 x Bollar<\/li>\n<li> 1 x Bruksanvisning<\/li>\n<li>Viktigt: Vi levererar artikeln till dig kostnadsfritt till trottoarkanten. Var v\u00e4nlig och se till att adressen och telefonnumret \u00e4r korrekt.<\/li>\n<\/ul>\n","protected":false},"excerpt":{"rendered":"<p>Denna [BRAND NAME] bordtennisbord \u00e4r l\u00e4mplig b\u00e5de f\u00f6r proffs och amat\u00f6rer och \u00e4r d\u00e4rf\u00f6r det perfekta valet f\u00f6r hemmet. Tack&#8230;<\/p>\n","protected":false},"featured_media":101137,"template":"","meta":[],"product_brand":[],"product_cat":[656,508,647],"product_tag":[],"class_list":{"0":"post-101148","1":"product","2":"type-product","3":"status-publish","4":"has-post-thumbnail","6":"product_cat-spel-hobby","7":"product_cat-spelbord","8":"product_cat-sport-fritid","10":"first","11":"instock","12":"sale","13":"taxable","14":"shipping-taxable","15":"purchasable","16":"product-type-simple"},"yoast_head":"<!-- This site is optimized with the Yoast SEO plugin v25.4 - https:\/\/yoast.com\/wordpress\/plugins\/seo\/ -->\n<title>TRUUSK Hopf\u00e4llbart Bordtennisbord Mid Size - Inklusive N\u00e4t - 3 Bollar - 12mm Bordsskiva - TRUUSK - Hem, Tr\u00e4dg\u00e5rd &amp; Fritid<\/title>\n<meta name=\"robots\" content=\"index, follow, max-snippet:-1, max-image-preview:large, max-video-preview:-1\" \/>\n<link rel=\"canonical\" href=\"https:\/\/truusk.store\/sv\/produkt\/truusk-hopfallbart-bordtennisbord-mid-size-inklusive-nat-3-bollar-12mm-bordsskiva\/\" \/>\n<meta property=\"og:locale\" content=\"sv_SE\" \/>\n<meta property=\"og:type\" content=\"article\" \/>\n<meta property=\"og:title\" content=\"TRUUSK Hopf\u00e4llbart Bordtennisbord Mid Size - Inklusive N\u00e4t - 3 Bollar - 12mm Bordsskiva - TRUUSK - Hem, Tr\u00e4dg\u00e5rd &amp; Fritid\" \/>\n<meta property=\"og:description\" content=\"Denna [BRAND NAME] bordtennisbord \u00e4r l\u00e4mplig b\u00e5de f\u00f6r proffs och amat\u00f6rer och \u00e4r d\u00e4rf\u00f6r det perfekta valet f\u00f6r hemmet. Tack...\" \/>\n<meta property=\"og:url\" content=\"https:\/\/truusk.store\/sv\/produkt\/truusk-hopfallbart-bordtennisbord-mid-size-inklusive-nat-3-bollar-12mm-bordsskiva\/\" \/>\n<meta property=\"og:site_name\" content=\"TRUUSK - Hem, Tr\u00e4dg\u00e5rd &amp; Fritid\" \/>\n<meta property=\"article:modified_time\" content=\"2026-03-12T08:36:15+00:00\" \/>\n<meta property=\"og:image\" content=\"https:\/\/i0.wp.com\/truusk.se\/wp-content\/uploads\/2026\/01\/hopfallbart-bordtennisbord-mid-size-inklusive-nat-for-bordtennis-3-bollar-12mm-bordsskiva-1.webp?fit=2000%2C2000&ssl=1\" \/>\n\t<meta property=\"og:image:width\" content=\"2000\" \/>\n\t<meta property=\"og:image:height\" content=\"2000\" \/>\n\t<meta property=\"og:image:type\" content=\"image\/webp\" \/>\n<meta name=\"twitter:card\" content=\"summary_large_image\" \/>\n<meta name=\"twitter:label1\" content=\"Ber\u00e4knad l\u00e4stid\" \/>\n\t<meta name=\"twitter:data1\" content=\"1 minut\" \/>\n<!-- \/ Yoast SEO plugin. -->","yoast_head_json":{"title":"TRUUSK Hopf\u00e4llbart Bordtennisbord Mid Size - Inklusive N\u00e4t - 3 Bollar - 12mm Bordsskiva - TRUUSK - Hem, Tr\u00e4dg\u00e5rd &amp; Fritid","robots":{"index":"index","follow":"follow","max-snippet":"max-snippet:-1","max-image-preview":"max-image-preview:large","max-video-preview":"max-video-preview:-1"},"canonical":"https:\/\/truusk.store\/sv\/produkt\/truusk-hopfallbart-bordtennisbord-mid-size-inklusive-nat-3-bollar-12mm-bordsskiva\/","og_locale":"sv_SE","og_type":"article","og_title":"TRUUSK Hopf\u00e4llbart Bordtennisbord Mid Size - Inklusive N\u00e4t - 3 Bollar - 12mm Bordsskiva - TRUUSK - Hem, Tr\u00e4dg\u00e5rd &amp; Fritid","og_description":"Denna [BRAND NAME] bordtennisbord \u00e4r l\u00e4mplig b\u00e5de f\u00f6r proffs och amat\u00f6rer och \u00e4r d\u00e4rf\u00f6r det perfekta valet f\u00f6r hemmet. Tack...","og_url":"https:\/\/truusk.store\/sv\/produkt\/truusk-hopfallbart-bordtennisbord-mid-size-inklusive-nat-3-bollar-12mm-bordsskiva\/","og_site_name":"TRUUSK - Hem, Tr\u00e4dg\u00e5rd &amp; Fritid","article_modified_time":"2026-03-12T08:36:15+00:00","og_image":[{"width":2000,"height":2000,"url":"https:\/\/i0.wp.com\/truusk.se\/wp-content\/uploads\/2026\/01\/hopfallbart-bordtennisbord-mid-size-inklusive-nat-for-bordtennis-3-bollar-12mm-bordsskiva-1.webp?fit=2000%2C2000&ssl=1","type":"image\/webp"}],"twitter_card":"summary_large_image","twitter_misc":{"Ber\u00e4knad l\u00e4stid":"1 minut"},"schema":{"@context":"https:\/\/schema.org","@graph":[{"@type":"WebPage","@id":"https:\/\/truusk.store\/sv\/produkt\/truusk-hopfallbart-bordtennisbord-mid-size-inklusive-nat-3-bollar-12mm-bordsskiva\/","url":"https:\/\/truusk.store\/sv\/produkt\/truusk-hopfallbart-bordtennisbord-mid-size-inklusive-nat-3-bollar-12mm-bordsskiva\/","name":"TRUUSK Hopf\u00e4llbart Bordtennisbord Mid Size - Inklusive N\u00e4t - 3 Bollar - 12mm Bordsskiva - TRUUSK - Hem, Tr\u00e4dg\u00e5rd &amp; Fritid","isPartOf":{"@id":"https:\/\/truusk.store\/sv\/#website"},"primaryImageOfPage":{"@id":"https:\/\/truusk.store\/sv\/produkt\/truusk-hopfallbart-bordtennisbord-mid-size-inklusive-nat-3-bollar-12mm-bordsskiva\/#primaryimage"},"image":{"@id":"https:\/\/truusk.store\/sv\/produkt\/truusk-hopfallbart-bordtennisbord-mid-size-inklusive-nat-3-bollar-12mm-bordsskiva\/#primaryimage"},"thumbnailUrl":"https:\/\/i0.wp.com\/truusk.store\/wp-content\/uploads\/2026\/01\/hopfallbart-bordtennisbord-mid-size-inklusive-nat-for-bordtennis-3-bollar-12mm-bordsskiva-1.webp?fit=2000%2C2000&ssl=1","datePublished":"2026-01-28T03:57:57+00:00","dateModified":"2026-03-12T08:36:15+00:00","breadcrumb":{"@id":"https:\/\/truusk.store\/sv\/produkt\/truusk-hopfallbart-bordtennisbord-mid-size-inklusive-nat-3-bollar-12mm-bordsskiva\/#breadcrumb"},"inLanguage":"sv-SE","potentialAction":[{"@type":"ReadAction","target":["https:\/\/truusk.store\/sv\/produkt\/truusk-hopfallbart-bordtennisbord-mid-size-inklusive-nat-3-bollar-12mm-bordsskiva\/"]}]},{"@type":"ImageObject","inLanguage":"sv-SE","@id":"https:\/\/truusk.store\/sv\/produkt\/truusk-hopfallbart-bordtennisbord-mid-size-inklusive-nat-3-bollar-12mm-bordsskiva\/#primaryimage","url":"https:\/\/i0.wp.com\/truusk.store\/wp-content\/uploads\/2026\/01\/hopfallbart-bordtennisbord-mid-size-inklusive-nat-for-bordtennis-3-bollar-12mm-bordsskiva-1.webp?fit=2000%2C2000&ssl=1","contentUrl":"https:\/\/i0.wp.com\/truusk.store\/wp-content\/uploads\/2026\/01\/hopfallbart-bordtennisbord-mid-size-inklusive-nat-for-bordtennis-3-bollar-12mm-bordsskiva-1.webp?fit=2000%2C2000&ssl=1","width":2000,"height":2000},{"@type":"BreadcrumbList","@id":"https:\/\/truusk.store\/sv\/produkt\/truusk-hopfallbart-bordtennisbord-mid-size-inklusive-nat-3-bollar-12mm-bordsskiva\/#breadcrumb","itemListElement":[{"@type":"ListItem","position":1,"name":"Home","item":"https:\/\/truusk.store\/sv\/"},{"@type":"ListItem","position":2,"name":"Shop","item":"https:\/\/truusk.store\/shop\/"},{"@type":"ListItem","position":3,"name":"TRUUSK Hopf\u00e4llbart Bordtennisbord Mid Size &#8211; Inklusive N\u00e4t &#8211; 3 Bollar &#8211; 12mm Bordsskiva"}]},{"@type":"WebSite","@id":"https:\/\/truusk.store\/sv\/#website","url":"https:\/\/truusk.store\/sv\/","name":"TRUUSK - Hem, Tr\u00e4dg\u00e5rd & Fritid","description":"","publisher":{"@id":"https:\/\/truusk.store\/sv\/#organization"},"potentialAction":[{"@type":"SearchAction","target":{"@type":"EntryPoint","urlTemplate":"https:\/\/truusk.store\/sv\/?s={search_term_string}"},"query-input":{"@type":"PropertyValueSpecification","valueRequired":true,"valueName":"search_term_string"}}],"inLanguage":"sv-SE"},{"@type":"Organization","@id":"https:\/\/truusk.store\/sv\/#organization","name":"TRUUSK - Hem, Tr\u00e4dg\u00e5rd & Fritid","url":"https:\/\/truusk.store\/sv\/","logo":{"@type":"ImageObject","inLanguage":"sv-SE","@id":"https:\/\/truusk.store\/sv\/#\/schema\/logo\/image\/","url":"https:\/\/i0.wp.com\/truusk.store\/wp-content\/uploads\/2026\/03\/cropped-TRUUSK.png?fit=2032%2C917&ssl=1","contentUrl":"https:\/\/i0.wp.com\/truusk.store\/wp-content\/uploads\/2026\/03\/cropped-TRUUSK.png?fit=2032%2C917&ssl=1","width":2032,"height":917,"caption":"TRUUSK - Hem, Tr\u00e4dg\u00e5rd & Fritid"},"image":{"@id":"https:\/\/truusk.store\/sv\/#\/schema\/logo\/image\/"}}]}},"jetpack_sharing_enabled":true,"_links":{"self":[{"href":"https:\/\/truusk.store\/sv\/wp-json\/wp\/v2\/product\/101148","targetHints":{"allow":["GET"]}}],"collection":[{"href":"https:\/\/truusk.store\/sv\/wp-json\/wp\/v2\/product"}],"about":[{"href":"https:\/\/truusk.store\/sv\/wp-json\/wp\/v2\/types\/product"}],"wp:featuredmedia":[{"embeddable":true,"href":"https:\/\/truusk.store\/sv\/wp-json\/wp\/v2\/media\/101137"}],"wp:attachment":[{"href":"https:\/\/truusk.store\/sv\/wp-json\/wp\/v2\/media?parent=101148"}],"wp:term":[{"taxonomy":"product_brand","embeddable":true,"href":"https:\/\/truusk.store\/sv\/wp-json\/wp\/v2\/product_brand?post=101148"},{"taxonomy":"product_cat","embeddable":true,"href":"https:\/\/truusk.store\/sv\/wp-json\/wp\/v2\/product_cat?post=101148"},{"taxonomy":"product_tag","embeddable":true,"href":"https:\/\/truusk.store\/sv\/wp-json\/wp\/v2\/product_tag?post=101148"}],"curies":[{"name":"wp","href":"https:\/\/api.w.org\/{rel}","templated":true}]}}