{"id":101156,"date":"2026-01-28T04:58:45","date_gmt":"2026-01-28T03:58:45","guid":{"rendered":"https:\/\/truusk.store\/product\/konstgjord-ficus-vaxt-110-cm-hog-med-90-blad-kruka-for-vardagsrum\/"},"modified":"2026-03-12T09:36:28","modified_gmt":"2026-03-12T08:36:28","slug":"truusk-konstgjord-ficus-vaxt-110-cm-hog-90-blad-med-kruka-for-vardagsrum-dekorativt-realistiskt-utseende","status":"publish","type":"product","link":"https:\/\/truusk.store\/sv\/produkt\/truusk-konstgjord-ficus-vaxt-110-cm-hog-90-blad-med-kruka-for-vardagsrum-dekorativt-realistiskt-utseende\/","title":{"rendered":"TRUUSK Konstgjord Ficus-v\u00e4xt, 110 cm h\u00f6g &#8211; 90 blad &#8211; Med kruka &#8211; F\u00f6r vardagsrum &#8211; Dekorativt &#8211; Realistiskt utseende"},"content":{"rendered":"<p>\u00c4lskar du dekorativa konstv\u00e4xter, men har sv\u00e5rt att h\u00e5lla riktiga v\u00e4xter vid liv? Letar du efter l\u00e4ttsk\u00f6tta gr\u00f6na v\u00e4xter f\u00f6r ditt hem? Denna konstgjorda Ficus-v\u00e4xt fr\u00e5n [BRAND NAME] \u00e4r den perfekta l\u00f6sningen. Den f\u00f6rblir felfri utan v\u00e5rd &#8211; reng\u00f6r den bara med en fuktig trasa som vilken annan m\u00f6bel som helst. Ingen vattning, besk\u00e4rning, inga insekter eller allergier. Njut av den inomhus eller utomhus. Du kommer att \u00e4lska den!<\/p>\n<p>Beskrivning:<\/p>\n<ul>\n<li> Vacker, realistiskt utseende konstgjord Ficus-v\u00e4xt<\/li>\n<li> Perfekt f\u00f6r hem- eller kontorsdekoration<\/li>\n<li> Med 90 naturtrogna blad som imiterar utseendet p\u00e5 en riktig Ficus<\/li>\n<li> Till skillnad fr\u00e5n riktiga v\u00e4xter beh\u00f6ver den inte vattnas eller besk\u00e4ras, vissnar aldrig och kan placeras i omr\u00e5den med lite ljus<\/li>\n<li> Med f\u00f6rst\u00e4rkt kruka, fylld med cement och t\u00e4ckt med syntetisk mossa<\/li>\n<li> L\u00e4tt att reng\u00f6ra, minimalt underh\u00e5ll<\/li>\n<li> Ingen montering kr\u00e4vs<\/li>\n<\/ul>\n<p> Tekniska specifikationer:<\/p>\n<ul>\n<li> F\u00e4rg: Gr\u00f6n<\/li>\n<li> Material: PEVA och metall<\/li>\n<li> V\u00e4xth\u00f6jd: 110 cm<\/li>\n<li> Krukans dimensioner: 15 x 12,5 cm (diameter x h\u00f6jd)<\/li>\n<li> Referens: 830-804V00GN<\/li>\n<\/ul>\n<p>Leveransinneh\u00e5ll:<\/p>\n<ul>\n<li> 1 x konstgjord v\u00e4xt<\/li>\n<\/ul>\n","protected":false},"excerpt":{"rendered":"<p>\u00c4lskar du dekorativa konstv\u00e4xter, men har sv\u00e5rt att h\u00e5lla riktiga v\u00e4xter vid liv? Letar du efter l\u00e4ttsk\u00f6tta gr\u00f6na v\u00e4xter f\u00f6r&#8230;<\/p>\n","protected":false},"featured_media":101144,"template":"","meta":[],"product_brand":[],"product_cat":[962,871,681],"product_tag":[],"class_list":{"0":"post-101156","1":"product","2":"type-product","3":"status-publish","4":"has-post-thumbnail","6":"product_cat-dekoration","7":"product_cat-hus-hem","8":"product_cat-konstgjorda-vaxter","10":"first","11":"instock","12":"sale","13":"taxable","14":"shipping-taxable","15":"purchasable","16":"product-type-simple"},"yoast_head":"<!-- This site is optimized with the Yoast SEO plugin v25.4 - https:\/\/yoast.com\/wordpress\/plugins\/seo\/ -->\n<title>TRUUSK Konstgjord Ficus-v\u00e4xt, 110 cm h\u00f6g - 90 blad - Med kruka - F\u00f6r vardagsrum - Dekorativt - Realistiskt utseende - TRUUSK - Hem, Tr\u00e4dg\u00e5rd &amp; Fritid<\/title>\n<meta name=\"robots\" content=\"index, follow, max-snippet:-1, max-image-preview:large, max-video-preview:-1\" \/>\n<link rel=\"canonical\" href=\"https:\/\/truusk.store\/sv\/produkt\/truusk-konstgjord-ficus-vaxt-110-cm-hog-90-blad-med-kruka-for-vardagsrum-dekorativt-realistiskt-utseende\/\" \/>\n<meta property=\"og:locale\" content=\"sv_SE\" \/>\n<meta property=\"og:type\" content=\"article\" \/>\n<meta property=\"og:title\" content=\"TRUUSK Konstgjord Ficus-v\u00e4xt, 110 cm h\u00f6g - 90 blad - Med kruka - F\u00f6r vardagsrum - Dekorativt - Realistiskt utseende - TRUUSK - Hem, Tr\u00e4dg\u00e5rd &amp; Fritid\" \/>\n<meta property=\"og:description\" content=\"\u00c4lskar du dekorativa konstv\u00e4xter, men har sv\u00e5rt att h\u00e5lla riktiga v\u00e4xter vid liv? Letar du efter l\u00e4ttsk\u00f6tta gr\u00f6na v\u00e4xter f\u00f6r...\" \/>\n<meta property=\"og:url\" content=\"https:\/\/truusk.store\/sv\/produkt\/truusk-konstgjord-ficus-vaxt-110-cm-hog-90-blad-med-kruka-for-vardagsrum-dekorativt-realistiskt-utseende\/\" \/>\n<meta property=\"og:site_name\" content=\"TRUUSK - Hem, Tr\u00e4dg\u00e5rd &amp; Fritid\" \/>\n<meta property=\"article:modified_time\" content=\"2026-03-12T08:36:28+00:00\" \/>\n<meta property=\"og:image\" content=\"https:\/\/i0.wp.com\/truusk.se\/wp-content\/uploads\/2026\/01\/konstgjord-ficus-vaxt-110-cm-hog-med-90-blad-kruka-for-vardagsrum-1.webp?fit=2000%2C2000&ssl=1\" \/>\n\t<meta property=\"og:image:width\" content=\"2000\" \/>\n\t<meta property=\"og:image:height\" content=\"2000\" \/>\n\t<meta property=\"og:image:type\" content=\"image\/webp\" \/>\n<meta name=\"twitter:card\" content=\"summary_large_image\" \/>\n<meta name=\"twitter:label1\" content=\"Ber\u00e4knad l\u00e4stid\" \/>\n\t<meta name=\"twitter:data1\" content=\"1 minut\" \/>\n<!-- \/ Yoast SEO plugin. -->","yoast_head_json":{"title":"TRUUSK Konstgjord Ficus-v\u00e4xt, 110 cm h\u00f6g - 90 blad - Med kruka - F\u00f6r vardagsrum - Dekorativt - Realistiskt utseende - TRUUSK - Hem, Tr\u00e4dg\u00e5rd &amp; Fritid","robots":{"index":"index","follow":"follow","max-snippet":"max-snippet:-1","max-image-preview":"max-image-preview:large","max-video-preview":"max-video-preview:-1"},"canonical":"https:\/\/truusk.store\/sv\/produkt\/truusk-konstgjord-ficus-vaxt-110-cm-hog-90-blad-med-kruka-for-vardagsrum-dekorativt-realistiskt-utseende\/","og_locale":"sv_SE","og_type":"article","og_title":"TRUUSK Konstgjord Ficus-v\u00e4xt, 110 cm h\u00f6g - 90 blad - Med kruka - F\u00f6r vardagsrum - Dekorativt - Realistiskt utseende - TRUUSK - Hem, Tr\u00e4dg\u00e5rd &amp; Fritid","og_description":"\u00c4lskar du dekorativa konstv\u00e4xter, men har sv\u00e5rt att h\u00e5lla riktiga v\u00e4xter vid liv? Letar du efter l\u00e4ttsk\u00f6tta gr\u00f6na v\u00e4xter f\u00f6r...","og_url":"https:\/\/truusk.store\/sv\/produkt\/truusk-konstgjord-ficus-vaxt-110-cm-hog-90-blad-med-kruka-for-vardagsrum-dekorativt-realistiskt-utseende\/","og_site_name":"TRUUSK - Hem, Tr\u00e4dg\u00e5rd &amp; Fritid","article_modified_time":"2026-03-12T08:36:28+00:00","og_image":[{"width":2000,"height":2000,"url":"https:\/\/i0.wp.com\/truusk.se\/wp-content\/uploads\/2026\/01\/konstgjord-ficus-vaxt-110-cm-hog-med-90-blad-kruka-for-vardagsrum-1.webp?fit=2000%2C2000&ssl=1","type":"image\/webp"}],"twitter_card":"summary_large_image","twitter_misc":{"Ber\u00e4knad l\u00e4stid":"1 minut"},"schema":{"@context":"https:\/\/schema.org","@graph":[{"@type":"WebPage","@id":"https:\/\/truusk.store\/sv\/produkt\/truusk-konstgjord-ficus-vaxt-110-cm-hog-90-blad-med-kruka-for-vardagsrum-dekorativt-realistiskt-utseende\/","url":"https:\/\/truusk.store\/sv\/produkt\/truusk-konstgjord-ficus-vaxt-110-cm-hog-90-blad-med-kruka-for-vardagsrum-dekorativt-realistiskt-utseende\/","name":"TRUUSK Konstgjord Ficus-v\u00e4xt, 110 cm h\u00f6g - 90 blad - Med kruka - F\u00f6r vardagsrum - Dekorativt - Realistiskt utseende - TRUUSK - Hem, Tr\u00e4dg\u00e5rd &amp; Fritid","isPartOf":{"@id":"https:\/\/truusk.store\/sv\/#website"},"primaryImageOfPage":{"@id":"https:\/\/truusk.store\/sv\/produkt\/truusk-konstgjord-ficus-vaxt-110-cm-hog-90-blad-med-kruka-for-vardagsrum-dekorativt-realistiskt-utseende\/#primaryimage"},"image":{"@id":"https:\/\/truusk.store\/sv\/produkt\/truusk-konstgjord-ficus-vaxt-110-cm-hog-90-blad-med-kruka-for-vardagsrum-dekorativt-realistiskt-utseende\/#primaryimage"},"thumbnailUrl":"https:\/\/i0.wp.com\/truusk.store\/wp-content\/uploads\/2026\/01\/konstgjord-ficus-vaxt-110-cm-hog-med-90-blad-kruka-for-vardagsrum-1.webp?fit=2000%2C2000&ssl=1","datePublished":"2026-01-28T03:58:45+00:00","dateModified":"2026-03-12T08:36:28+00:00","breadcrumb":{"@id":"https:\/\/truusk.store\/sv\/produkt\/truusk-konstgjord-ficus-vaxt-110-cm-hog-90-blad-med-kruka-for-vardagsrum-dekorativt-realistiskt-utseende\/#breadcrumb"},"inLanguage":"sv-SE","potentialAction":[{"@type":"ReadAction","target":["https:\/\/truusk.store\/sv\/produkt\/truusk-konstgjord-ficus-vaxt-110-cm-hog-90-blad-med-kruka-for-vardagsrum-dekorativt-realistiskt-utseende\/"]}]},{"@type":"ImageObject","inLanguage":"sv-SE","@id":"https:\/\/truusk.store\/sv\/produkt\/truusk-konstgjord-ficus-vaxt-110-cm-hog-90-blad-med-kruka-for-vardagsrum-dekorativt-realistiskt-utseende\/#primaryimage","url":"https:\/\/i0.wp.com\/truusk.store\/wp-content\/uploads\/2026\/01\/konstgjord-ficus-vaxt-110-cm-hog-med-90-blad-kruka-for-vardagsrum-1.webp?fit=2000%2C2000&ssl=1","contentUrl":"https:\/\/i0.wp.com\/truusk.store\/wp-content\/uploads\/2026\/01\/konstgjord-ficus-vaxt-110-cm-hog-med-90-blad-kruka-for-vardagsrum-1.webp?fit=2000%2C2000&ssl=1","width":2000,"height":2000},{"@type":"BreadcrumbList","@id":"https:\/\/truusk.store\/sv\/produkt\/truusk-konstgjord-ficus-vaxt-110-cm-hog-90-blad-med-kruka-for-vardagsrum-dekorativt-realistiskt-utseende\/#breadcrumb","itemListElement":[{"@type":"ListItem","position":1,"name":"Home","item":"https:\/\/truusk.store\/sv\/"},{"@type":"ListItem","position":2,"name":"Shop","item":"https:\/\/truusk.store\/shop\/"},{"@type":"ListItem","position":3,"name":"TRUUSK Konstgjord Ficus-v\u00e4xt, 110 cm h\u00f6g &#8211; 90 blad &#8211; Med kruka &#8211; F\u00f6r vardagsrum &#8211; Dekorativt &#8211; Realistiskt utseende"}]},{"@type":"WebSite","@id":"https:\/\/truusk.store\/sv\/#website","url":"https:\/\/truusk.store\/sv\/","name":"TRUUSK - Hem, Tr\u00e4dg\u00e5rd & Fritid","description":"","publisher":{"@id":"https:\/\/truusk.store\/sv\/#organization"},"potentialAction":[{"@type":"SearchAction","target":{"@type":"EntryPoint","urlTemplate":"https:\/\/truusk.store\/sv\/?s={search_term_string}"},"query-input":{"@type":"PropertyValueSpecification","valueRequired":true,"valueName":"search_term_string"}}],"inLanguage":"sv-SE"},{"@type":"Organization","@id":"https:\/\/truusk.store\/sv\/#organization","name":"TRUUSK - Hem, Tr\u00e4dg\u00e5rd & Fritid","url":"https:\/\/truusk.store\/sv\/","logo":{"@type":"ImageObject","inLanguage":"sv-SE","@id":"https:\/\/truusk.store\/sv\/#\/schema\/logo\/image\/","url":"https:\/\/i0.wp.com\/truusk.store\/wp-content\/uploads\/2026\/03\/cropped-TRUUSK.png?fit=2032%2C917&ssl=1","contentUrl":"https:\/\/i0.wp.com\/truusk.store\/wp-content\/uploads\/2026\/03\/cropped-TRUUSK.png?fit=2032%2C917&ssl=1","width":2032,"height":917,"caption":"TRUUSK - Hem, Tr\u00e4dg\u00e5rd & Fritid"},"image":{"@id":"https:\/\/truusk.store\/sv\/#\/schema\/logo\/image\/"}}]}},"jetpack_sharing_enabled":true,"_links":{"self":[{"href":"https:\/\/truusk.store\/sv\/wp-json\/wp\/v2\/product\/101156","targetHints":{"allow":["GET"]}}],"collection":[{"href":"https:\/\/truusk.store\/sv\/wp-json\/wp\/v2\/product"}],"about":[{"href":"https:\/\/truusk.store\/sv\/wp-json\/wp\/v2\/types\/product"}],"wp:featuredmedia":[{"embeddable":true,"href":"https:\/\/truusk.store\/sv\/wp-json\/wp\/v2\/media\/101144"}],"wp:attachment":[{"href":"https:\/\/truusk.store\/sv\/wp-json\/wp\/v2\/media?parent=101156"}],"wp:term":[{"taxonomy":"product_brand","embeddable":true,"href":"https:\/\/truusk.store\/sv\/wp-json\/wp\/v2\/product_brand?post=101156"},{"taxonomy":"product_cat","embeddable":true,"href":"https:\/\/truusk.store\/sv\/wp-json\/wp\/v2\/product_cat?post=101156"},{"taxonomy":"product_tag","embeddable":true,"href":"https:\/\/truusk.store\/sv\/wp-json\/wp\/v2\/product_tag?post=101156"}],"curies":[{"name":"wp","href":"https:\/\/api.w.org\/{rel}","templated":true}]}}