{"id":101166,"date":"2026-01-28T04:59:59","date_gmt":"2026-01-28T03:59:59","guid":{"rendered":"https:\/\/truusk.store\/product\/solparasollfot-upp-till-20kg-fyllbar-kvadratisk-parasollfot-med-rulle-for-solparasoll-22-38mm-brun\/"},"modified":"2026-03-12T09:37:05","modified_gmt":"2026-03-12T08:37:05","slug":"truusk-solparasollfot-for-stora-paraplyer-fyllbar-kvadratisk-rullhjul-for-paraplyer-22-38mm-brun","status":"publish","type":"product","link":"https:\/\/truusk.store\/sv\/produkt\/truusk-solparasollfot-for-stora-paraplyer-fyllbar-kvadratisk-rullhjul-for-paraplyer-22-38mm-brun\/","title":{"rendered":"TRUUSK Solparasollfot f\u00f6r Stora Paraplyer &#8211; Fyllbar &#8211; Kvadratisk &#8211; Rullhjul &#8211; F\u00f6r Paraplyer 22-38mm &#8211; Brun"},"content":{"rendered":"<p>Se till att ditt paraply alltid st\u00e5r stadigt p\u00e5 plats med denna parasollfot med hjul fr\u00e5n [BRAND NAME]. Parasollfoten \u00e4r tillverkad av h\u00e5llbar, robust plast och m\u00e5ste fyllas med vatten eller sand f\u00f6r att \u00f6ka vikten och s\u00e4kerst\u00e4lla tillr\u00e4cklig stabilitet utomhus. 4 smidiga hjul ger den h\u00f6g mobilitet vid behov. Oavsett om du vill anv\u00e4nda den i tr\u00e4dg\u00e5rden, p\u00e5 terrassen eller vid poolen, \u00e4r detta r\u00e4tt parasollfot f\u00f6r dig.<\/p>\n<p>Beskrivning:<\/p>\n<ul>\n<li> L\u00e4mplig parasollfot f\u00f6r uteplatsparasoller<\/li>\n<li> Tillverkad av robust HDPE-plast med skyddande bel\u00e4ggning f\u00f6r utomhusbruk<\/li>\n<li> Viker upp till 16 kg\/18 kg\/20 kg n\u00e4r den \u00e4r fylld med vatten\/sand\/sand och vatten<\/li>\n<li> Tack vare p\u00e5fyllnings\u00f6ppningen \u00e4r basen l\u00e4tt att fylla och reng\u00f6ra<\/li>\n<li> Fyra hjul, varav tv\u00e5 med bromsar, g\u00f6r det l\u00e4tt att flytta<\/li>\n<li> L\u00e4mplig parasollfot f\u00f6r anv\u00e4ndning i tr\u00e4dg\u00e5rden, p\u00e5 terrassen, vid poolen eller i andra utomhusomr\u00e5den<\/li>\n<li> Montering kr\u00e4vs<\/li>\n<li>Obs: M\u00e4t diameter p\u00e5 din parasollst\u00e5ng i f\u00f6rv\u00e4g f\u00f6r att s\u00e4kerst\u00e4lla att parasollfoten har r\u00e4tt storlek f\u00f6r ditt paraply.<\/li>\n<\/ul>\n<p> Tekniska data:<\/p>\n<ul>\n<li> F\u00e4rg: Brun<\/li>\n<li> Material: HDPE<\/li>\n<li> Total storlek: 45L x 45B x 39H cm<\/li>\n<li> Vikt efter p\u00e5fyllning: 16 kg (vatten), 18 kg (sand), 20 kg (sand och vatten)<\/li>\n<li> Passar f\u00f6r parasollst\u00e4nger: \u00d822 mm till 38 mm<\/li>\n<\/ul>\n<p>Leveransinneh\u00e5ll:<\/p>\n<ul>\n<li> 1 x Parasollfot<\/li>\n<li> 1 x Instruktioner<\/li>\n<\/ul>\n","protected":false},"excerpt":{"rendered":"<p>Se till att ditt paraply alltid st\u00e5r stadigt p\u00e5 plats med denna parasollfot med hjul fr\u00e5n [BRAND NAME]. Parasollfoten \u00e4r&#8230;<\/p>\n","protected":false},"featured_media":101157,"template":"","meta":[],"product_brand":[],"product_cat":[886,862,1036,858],"product_tag":[],"class_list":{"0":"post-101166","1":"product","2":"type-product","3":"status-publish","4":"has-post-thumbnail","6":"product_cat-schirmstander","7":"product_cat-sol-insynsskydd","8":"product_cat-tillbehor-for-solparaplyer","9":"product_cat-tradgard-terrass","11":"first","12":"instock","13":"sale","14":"taxable","15":"shipping-taxable","16":"purchasable","17":"product-type-simple"},"yoast_head":"<!-- This site is optimized with the Yoast SEO plugin v25.4 - https:\/\/yoast.com\/wordpress\/plugins\/seo\/ -->\n<title>TRUUSK Solparasollfot f\u00f6r Stora Paraplyer - Fyllbar - Kvadratisk - Rullhjul - F\u00f6r Paraplyer 22-38mm - Brun - TRUUSK - Hem, Tr\u00e4dg\u00e5rd &amp; Fritid<\/title>\n<meta name=\"robots\" content=\"index, follow, max-snippet:-1, max-image-preview:large, max-video-preview:-1\" \/>\n<link rel=\"canonical\" href=\"https:\/\/truusk.store\/sv\/produkt\/truusk-solparasollfot-for-stora-paraplyer-fyllbar-kvadratisk-rullhjul-for-paraplyer-22-38mm-brun\/\" \/>\n<meta property=\"og:locale\" content=\"sv_SE\" \/>\n<meta property=\"og:type\" content=\"article\" \/>\n<meta property=\"og:title\" content=\"TRUUSK Solparasollfot f\u00f6r Stora Paraplyer - Fyllbar - Kvadratisk - Rullhjul - F\u00f6r Paraplyer 22-38mm - Brun - TRUUSK - Hem, Tr\u00e4dg\u00e5rd &amp; Fritid\" \/>\n<meta property=\"og:description\" content=\"Se till att ditt paraply alltid st\u00e5r stadigt p\u00e5 plats med denna parasollfot med hjul fr\u00e5n [BRAND NAME]. Parasollfoten \u00e4r...\" \/>\n<meta property=\"og:url\" content=\"https:\/\/truusk.store\/sv\/produkt\/truusk-solparasollfot-for-stora-paraplyer-fyllbar-kvadratisk-rullhjul-for-paraplyer-22-38mm-brun\/\" \/>\n<meta property=\"og:site_name\" content=\"TRUUSK - Hem, Tr\u00e4dg\u00e5rd &amp; Fritid\" \/>\n<meta property=\"article:modified_time\" content=\"2026-03-12T08:37:05+00:00\" \/>\n<meta property=\"og:image\" content=\"https:\/\/i0.wp.com\/truusk.se\/wp-content\/uploads\/2026\/01\/solparasollfot-upp-till-20kg-fyllbar-kvadratisk-parasollfot-med-rulle-for-solparasoll-22-38mm-brun-1.webp?fit=2000%2C2000&ssl=1\" \/>\n\t<meta property=\"og:image:width\" content=\"2000\" \/>\n\t<meta property=\"og:image:height\" content=\"2000\" \/>\n\t<meta property=\"og:image:type\" content=\"image\/webp\" \/>\n<meta name=\"twitter:card\" content=\"summary_large_image\" \/>\n<meta name=\"twitter:label1\" content=\"Ber\u00e4knad l\u00e4stid\" \/>\n\t<meta name=\"twitter:data1\" content=\"1 minut\" \/>\n<!-- \/ Yoast SEO plugin. -->","yoast_head_json":{"title":"TRUUSK Solparasollfot f\u00f6r Stora Paraplyer - Fyllbar - Kvadratisk - Rullhjul - F\u00f6r Paraplyer 22-38mm - Brun - TRUUSK - Hem, Tr\u00e4dg\u00e5rd &amp; Fritid","robots":{"index":"index","follow":"follow","max-snippet":"max-snippet:-1","max-image-preview":"max-image-preview:large","max-video-preview":"max-video-preview:-1"},"canonical":"https:\/\/truusk.store\/sv\/produkt\/truusk-solparasollfot-for-stora-paraplyer-fyllbar-kvadratisk-rullhjul-for-paraplyer-22-38mm-brun\/","og_locale":"sv_SE","og_type":"article","og_title":"TRUUSK Solparasollfot f\u00f6r Stora Paraplyer - Fyllbar - Kvadratisk - Rullhjul - F\u00f6r Paraplyer 22-38mm - Brun - TRUUSK - Hem, Tr\u00e4dg\u00e5rd &amp; Fritid","og_description":"Se till att ditt paraply alltid st\u00e5r stadigt p\u00e5 plats med denna parasollfot med hjul fr\u00e5n [BRAND NAME]. Parasollfoten \u00e4r...","og_url":"https:\/\/truusk.store\/sv\/produkt\/truusk-solparasollfot-for-stora-paraplyer-fyllbar-kvadratisk-rullhjul-for-paraplyer-22-38mm-brun\/","og_site_name":"TRUUSK - Hem, Tr\u00e4dg\u00e5rd &amp; Fritid","article_modified_time":"2026-03-12T08:37:05+00:00","og_image":[{"width":2000,"height":2000,"url":"https:\/\/i0.wp.com\/truusk.se\/wp-content\/uploads\/2026\/01\/solparasollfot-upp-till-20kg-fyllbar-kvadratisk-parasollfot-med-rulle-for-solparasoll-22-38mm-brun-1.webp?fit=2000%2C2000&ssl=1","type":"image\/webp"}],"twitter_card":"summary_large_image","twitter_misc":{"Ber\u00e4knad l\u00e4stid":"1 minut"},"schema":{"@context":"https:\/\/schema.org","@graph":[{"@type":"WebPage","@id":"https:\/\/truusk.store\/sv\/produkt\/truusk-solparasollfot-for-stora-paraplyer-fyllbar-kvadratisk-rullhjul-for-paraplyer-22-38mm-brun\/","url":"https:\/\/truusk.store\/sv\/produkt\/truusk-solparasollfot-for-stora-paraplyer-fyllbar-kvadratisk-rullhjul-for-paraplyer-22-38mm-brun\/","name":"TRUUSK Solparasollfot f\u00f6r Stora Paraplyer - Fyllbar - Kvadratisk - Rullhjul - F\u00f6r Paraplyer 22-38mm - Brun - TRUUSK - Hem, Tr\u00e4dg\u00e5rd &amp; Fritid","isPartOf":{"@id":"https:\/\/truusk.store\/sv\/#website"},"primaryImageOfPage":{"@id":"https:\/\/truusk.store\/sv\/produkt\/truusk-solparasollfot-for-stora-paraplyer-fyllbar-kvadratisk-rullhjul-for-paraplyer-22-38mm-brun\/#primaryimage"},"image":{"@id":"https:\/\/truusk.store\/sv\/produkt\/truusk-solparasollfot-for-stora-paraplyer-fyllbar-kvadratisk-rullhjul-for-paraplyer-22-38mm-brun\/#primaryimage"},"thumbnailUrl":"https:\/\/i0.wp.com\/truusk.store\/wp-content\/uploads\/2026\/01\/solparasollfot-upp-till-20kg-fyllbar-kvadratisk-parasollfot-med-rulle-for-solparasoll-22-38mm-brun-1.webp?fit=2000%2C2000&ssl=1","datePublished":"2026-01-28T03:59:59+00:00","dateModified":"2026-03-12T08:37:05+00:00","breadcrumb":{"@id":"https:\/\/truusk.store\/sv\/produkt\/truusk-solparasollfot-for-stora-paraplyer-fyllbar-kvadratisk-rullhjul-for-paraplyer-22-38mm-brun\/#breadcrumb"},"inLanguage":"sv-SE","potentialAction":[{"@type":"ReadAction","target":["https:\/\/truusk.store\/sv\/produkt\/truusk-solparasollfot-for-stora-paraplyer-fyllbar-kvadratisk-rullhjul-for-paraplyer-22-38mm-brun\/"]}]},{"@type":"ImageObject","inLanguage":"sv-SE","@id":"https:\/\/truusk.store\/sv\/produkt\/truusk-solparasollfot-for-stora-paraplyer-fyllbar-kvadratisk-rullhjul-for-paraplyer-22-38mm-brun\/#primaryimage","url":"https:\/\/i0.wp.com\/truusk.store\/wp-content\/uploads\/2026\/01\/solparasollfot-upp-till-20kg-fyllbar-kvadratisk-parasollfot-med-rulle-for-solparasoll-22-38mm-brun-1.webp?fit=2000%2C2000&ssl=1","contentUrl":"https:\/\/i0.wp.com\/truusk.store\/wp-content\/uploads\/2026\/01\/solparasollfot-upp-till-20kg-fyllbar-kvadratisk-parasollfot-med-rulle-for-solparasoll-22-38mm-brun-1.webp?fit=2000%2C2000&ssl=1","width":2000,"height":2000},{"@type":"BreadcrumbList","@id":"https:\/\/truusk.store\/sv\/produkt\/truusk-solparasollfot-for-stora-paraplyer-fyllbar-kvadratisk-rullhjul-for-paraplyer-22-38mm-brun\/#breadcrumb","itemListElement":[{"@type":"ListItem","position":1,"name":"Home","item":"https:\/\/truusk.store\/sv\/"},{"@type":"ListItem","position":2,"name":"Shop","item":"https:\/\/truusk.store\/shop\/"},{"@type":"ListItem","position":3,"name":"TRUUSK Solparasollfot f\u00f6r Stora Paraplyer &#8211; Fyllbar &#8211; Kvadratisk &#8211; Rullhjul &#8211; F\u00f6r Paraplyer 22-38mm &#8211; Brun"}]},{"@type":"WebSite","@id":"https:\/\/truusk.store\/sv\/#website","url":"https:\/\/truusk.store\/sv\/","name":"TRUUSK - Hem, Tr\u00e4dg\u00e5rd & Fritid","description":"","publisher":{"@id":"https:\/\/truusk.store\/sv\/#organization"},"potentialAction":[{"@type":"SearchAction","target":{"@type":"EntryPoint","urlTemplate":"https:\/\/truusk.store\/sv\/?s={search_term_string}"},"query-input":{"@type":"PropertyValueSpecification","valueRequired":true,"valueName":"search_term_string"}}],"inLanguage":"sv-SE"},{"@type":"Organization","@id":"https:\/\/truusk.store\/sv\/#organization","name":"TRUUSK - Hem, Tr\u00e4dg\u00e5rd & Fritid","url":"https:\/\/truusk.store\/sv\/","logo":{"@type":"ImageObject","inLanguage":"sv-SE","@id":"https:\/\/truusk.store\/sv\/#\/schema\/logo\/image\/","url":"https:\/\/i0.wp.com\/truusk.store\/wp-content\/uploads\/2026\/03\/cropped-TRUUSK.png?fit=2032%2C917&ssl=1","contentUrl":"https:\/\/i0.wp.com\/truusk.store\/wp-content\/uploads\/2026\/03\/cropped-TRUUSK.png?fit=2032%2C917&ssl=1","width":2032,"height":917,"caption":"TRUUSK - Hem, Tr\u00e4dg\u00e5rd & Fritid"},"image":{"@id":"https:\/\/truusk.store\/sv\/#\/schema\/logo\/image\/"}}]}},"jetpack_sharing_enabled":true,"_links":{"self":[{"href":"https:\/\/truusk.store\/sv\/wp-json\/wp\/v2\/product\/101166","targetHints":{"allow":["GET"]}}],"collection":[{"href":"https:\/\/truusk.store\/sv\/wp-json\/wp\/v2\/product"}],"about":[{"href":"https:\/\/truusk.store\/sv\/wp-json\/wp\/v2\/types\/product"}],"wp:featuredmedia":[{"embeddable":true,"href":"https:\/\/truusk.store\/sv\/wp-json\/wp\/v2\/media\/101157"}],"wp:attachment":[{"href":"https:\/\/truusk.store\/sv\/wp-json\/wp\/v2\/media?parent=101166"}],"wp:term":[{"taxonomy":"product_brand","embeddable":true,"href":"https:\/\/truusk.store\/sv\/wp-json\/wp\/v2\/product_brand?post=101166"},{"taxonomy":"product_cat","embeddable":true,"href":"https:\/\/truusk.store\/sv\/wp-json\/wp\/v2\/product_cat?post=101166"},{"taxonomy":"product_tag","embeddable":true,"href":"https:\/\/truusk.store\/sv\/wp-json\/wp\/v2\/product_tag?post=101166"}],"curies":[{"name":"wp","href":"https:\/\/api.w.org\/{rel}","templated":true}]}}