{"id":101176,"date":"2026-01-28T05:01:13","date_gmt":"2026-01-28T04:01:13","guid":{"rendered":"https:\/\/truusk.store\/product\/skyddsholje-for-tradgardsmobler-vinterbestandig-vattentat-tackning-anti-uv-tackduk-600d-oxford-210-x-140-x-80-cm-gra\/"},"modified":"2026-03-12T09:38:08","modified_gmt":"2026-03-12T08:38:08","slug":"truusk-skyddsholje-for-tradgardsmobler-vinterbestandig-och-vattentat-anti-uv-tackduk-600d-oxford-210x140x80-cm-gra","status":"publish","type":"product","link":"https:\/\/truusk.store\/sv\/produkt\/truusk-skyddsholje-for-tradgardsmobler-vinterbestandig-och-vattentat-anti-uv-tackduk-600d-oxford-210x140x80-cm-gra\/","title":{"rendered":"TRUUSK Skyddsh\u00f6lje f\u00f6r Tr\u00e4dg\u00e5rdsm\u00f6bler &#8211; Vinterbest\u00e4ndig och Vattent\u00e4t &#8211; Anti-UV T\u00e4ckduk &#8211; 600D Oxford &#8211; 210x140x80 cm &#8211; Gr\u00e5"},"content":{"rendered":"<p>[BRAND NAME] tr\u00e4dg\u00e5rdsm\u00f6belskydd skyddar det som \u00e4r viktigt. I klassiskt gr\u00f6nt \u00e4r det perfekt f\u00f6r att t\u00e4cka dina tr\u00e4dg\u00e5rdsm\u00f6bler, balkongset. Med 8 inbyggda \u00f6ljetter och den h\u00f6gkvalitativa sn\u00f6ren kan du alltid f\u00e4sta ditt skydd exakt och s\u00e4kert. P\u00e5 s\u00e5 s\u00e4tt skyddas dina tr\u00e4dg\u00e5rdsm\u00f6bler b\u00e4st mot sn\u00f6, regn, smuts, damm och intensiv UV-str\u00e5lning.<\/p>\n<p>Beskrivning:<\/p>\n<ul>\n<li> Vattent\u00e4tt skydd f\u00f6r m\u00f6bler<\/li>\n<li> Utm\u00e4rkt skydd mot damm, regn, f\u00e5glar, UV-str\u00e5lar och mer<\/li>\n<li> 600D vattent\u00e4tt, PE-belagt polyestertyg<\/li>\n<li> Dragsn\u00f6re med v\u00e4derbest\u00e4ndiga \u00f6ljetter och sn\u00f6rstopp f\u00f6r att h\u00e5lla skyddet p\u00e5 plats<\/li>\n<li> Utm\u00e4rkt skydd mot smuts och regn f\u00f6r l\u00e5ngvarig anv\u00e4ndning<\/li>\n<li> M\u00f6blerna b\u00f6r vara n\u00e5got mindre \u00e4n tr\u00e4dg\u00e5rdsm\u00f6belskyddet<\/li>\n<\/ul>\n<p> Tekniska data:<\/p>\n<ul>\n<li> F\u00e4rg: Gr\u00e5<\/li>\n<li> Material: Oxfordtyg<\/li>\n<li> Totala m\u00e5tt: 210L x 140B x 80H cm<\/li>\n<li> Nylon dragsn\u00f6re: \u00d85mm<\/li>\n<li> Obs: 1. Kontrollera om skyddet passar storleken p\u00e5 dina m\u00f6bler n\u00e4r de st\u00e5r n\u00e4ra varandra. 2. Du kan l\u00e4gga till ett centralt st\u00f6d f\u00f6r att minska vattenansamling<\/li>\n<\/ul>\n<p>Leveransinneh\u00e5ll:<\/p>\n<ul>\n<li> 1 x Skyddsh\u00f6lje;<\/li>\n<\/ul>\n","protected":false},"excerpt":{"rendered":"<p>[BRAND NAME] tr\u00e4dg\u00e5rdsm\u00f6belskydd skyddar det som \u00e4r viktigt. I klassiskt gr\u00f6nt \u00e4r det perfekt f\u00f6r att t\u00e4cka dina tr\u00e4dg\u00e5rdsm\u00f6bler, balkongset&#8230;.<\/p>\n","protected":false},"featured_media":101167,"template":"","meta":[],"product_brand":[],"product_cat":[1106,1035,858,450],"product_tag":[],"class_list":{"0":"post-101176","1":"product","2":"type-product","3":"status-publish","4":"has-post-thumbnail","6":"product_cat-abdeckplanen","7":"product_cat-polyrattan-tradgardsmobler","8":"product_cat-tradgard-terrass","9":"product_cat-tradgardsmobler","11":"first","12":"instock","13":"sale","14":"taxable","15":"shipping-taxable","16":"purchasable","17":"product-type-simple"},"yoast_head":"<!-- This site is optimized with the Yoast SEO plugin v25.4 - https:\/\/yoast.com\/wordpress\/plugins\/seo\/ -->\n<title>TRUUSK Skyddsh\u00f6lje f\u00f6r Tr\u00e4dg\u00e5rdsm\u00f6bler - Vinterbest\u00e4ndig och Vattent\u00e4t - Anti-UV T\u00e4ckduk - 600D Oxford - 210x140x80 cm - Gr\u00e5 - TRUUSK - Hem, Tr\u00e4dg\u00e5rd &amp; Fritid<\/title>\n<meta name=\"robots\" content=\"index, follow, max-snippet:-1, max-image-preview:large, max-video-preview:-1\" \/>\n<link rel=\"canonical\" href=\"https:\/\/truusk.store\/sv\/produkt\/truusk-skyddsholje-for-tradgardsmobler-vinterbestandig-och-vattentat-anti-uv-tackduk-600d-oxford-210x140x80-cm-gra\/\" \/>\n<meta property=\"og:locale\" content=\"sv_SE\" \/>\n<meta property=\"og:type\" content=\"article\" \/>\n<meta property=\"og:title\" content=\"TRUUSK Skyddsh\u00f6lje f\u00f6r Tr\u00e4dg\u00e5rdsm\u00f6bler - Vinterbest\u00e4ndig och Vattent\u00e4t - Anti-UV T\u00e4ckduk - 600D Oxford - 210x140x80 cm - Gr\u00e5 - TRUUSK - Hem, Tr\u00e4dg\u00e5rd &amp; Fritid\" \/>\n<meta property=\"og:description\" content=\"[BRAND NAME] tr\u00e4dg\u00e5rdsm\u00f6belskydd skyddar det som \u00e4r viktigt. I klassiskt gr\u00f6nt \u00e4r det perfekt f\u00f6r att t\u00e4cka dina tr\u00e4dg\u00e5rdsm\u00f6bler, balkongset....\" \/>\n<meta property=\"og:url\" content=\"https:\/\/truusk.store\/sv\/produkt\/truusk-skyddsholje-for-tradgardsmobler-vinterbestandig-och-vattentat-anti-uv-tackduk-600d-oxford-210x140x80-cm-gra\/\" \/>\n<meta property=\"og:site_name\" content=\"TRUUSK - Hem, Tr\u00e4dg\u00e5rd &amp; Fritid\" \/>\n<meta property=\"article:modified_time\" content=\"2026-03-12T08:38:08+00:00\" \/>\n<meta property=\"og:image\" content=\"https:\/\/i0.wp.com\/truusk.se\/wp-content\/uploads\/2026\/01\/skyddsholje-for-tradgardsmobler-vinterbestandig-vattentat-tackning-anti-uv-tackduk-600d-oxford-210-x-140-x-80-cm-gra-1.webp?fit=2000%2C2000&ssl=1\" \/>\n\t<meta property=\"og:image:width\" content=\"2000\" \/>\n\t<meta property=\"og:image:height\" content=\"2000\" \/>\n\t<meta property=\"og:image:type\" content=\"image\/webp\" \/>\n<meta name=\"twitter:card\" content=\"summary_large_image\" \/>\n<meta name=\"twitter:label1\" content=\"Ber\u00e4knad l\u00e4stid\" \/>\n\t<meta name=\"twitter:data1\" content=\"1 minut\" \/>\n<!-- \/ Yoast SEO plugin. -->","yoast_head_json":{"title":"TRUUSK Skyddsh\u00f6lje f\u00f6r Tr\u00e4dg\u00e5rdsm\u00f6bler - Vinterbest\u00e4ndig och Vattent\u00e4t - Anti-UV T\u00e4ckduk - 600D Oxford - 210x140x80 cm - Gr\u00e5 - TRUUSK - Hem, Tr\u00e4dg\u00e5rd &amp; Fritid","robots":{"index":"index","follow":"follow","max-snippet":"max-snippet:-1","max-image-preview":"max-image-preview:large","max-video-preview":"max-video-preview:-1"},"canonical":"https:\/\/truusk.store\/sv\/produkt\/truusk-skyddsholje-for-tradgardsmobler-vinterbestandig-och-vattentat-anti-uv-tackduk-600d-oxford-210x140x80-cm-gra\/","og_locale":"sv_SE","og_type":"article","og_title":"TRUUSK Skyddsh\u00f6lje f\u00f6r Tr\u00e4dg\u00e5rdsm\u00f6bler - Vinterbest\u00e4ndig och Vattent\u00e4t - Anti-UV T\u00e4ckduk - 600D Oxford - 210x140x80 cm - Gr\u00e5 - TRUUSK - Hem, Tr\u00e4dg\u00e5rd &amp; Fritid","og_description":"[BRAND NAME] tr\u00e4dg\u00e5rdsm\u00f6belskydd skyddar det som \u00e4r viktigt. I klassiskt gr\u00f6nt \u00e4r det perfekt f\u00f6r att t\u00e4cka dina tr\u00e4dg\u00e5rdsm\u00f6bler, balkongset....","og_url":"https:\/\/truusk.store\/sv\/produkt\/truusk-skyddsholje-for-tradgardsmobler-vinterbestandig-och-vattentat-anti-uv-tackduk-600d-oxford-210x140x80-cm-gra\/","og_site_name":"TRUUSK - Hem, Tr\u00e4dg\u00e5rd &amp; Fritid","article_modified_time":"2026-03-12T08:38:08+00:00","og_image":[{"width":2000,"height":2000,"url":"https:\/\/i0.wp.com\/truusk.se\/wp-content\/uploads\/2026\/01\/skyddsholje-for-tradgardsmobler-vinterbestandig-vattentat-tackning-anti-uv-tackduk-600d-oxford-210-x-140-x-80-cm-gra-1.webp?fit=2000%2C2000&ssl=1","type":"image\/webp"}],"twitter_card":"summary_large_image","twitter_misc":{"Ber\u00e4knad l\u00e4stid":"1 minut"},"schema":{"@context":"https:\/\/schema.org","@graph":[{"@type":"WebPage","@id":"https:\/\/truusk.store\/sv\/produkt\/truusk-skyddsholje-for-tradgardsmobler-vinterbestandig-och-vattentat-anti-uv-tackduk-600d-oxford-210x140x80-cm-gra\/","url":"https:\/\/truusk.store\/sv\/produkt\/truusk-skyddsholje-for-tradgardsmobler-vinterbestandig-och-vattentat-anti-uv-tackduk-600d-oxford-210x140x80-cm-gra\/","name":"TRUUSK Skyddsh\u00f6lje f\u00f6r Tr\u00e4dg\u00e5rdsm\u00f6bler - Vinterbest\u00e4ndig och Vattent\u00e4t - Anti-UV T\u00e4ckduk - 600D Oxford - 210x140x80 cm - Gr\u00e5 - TRUUSK - Hem, Tr\u00e4dg\u00e5rd &amp; Fritid","isPartOf":{"@id":"https:\/\/truusk.store\/sv\/#website"},"primaryImageOfPage":{"@id":"https:\/\/truusk.store\/sv\/produkt\/truusk-skyddsholje-for-tradgardsmobler-vinterbestandig-och-vattentat-anti-uv-tackduk-600d-oxford-210x140x80-cm-gra\/#primaryimage"},"image":{"@id":"https:\/\/truusk.store\/sv\/produkt\/truusk-skyddsholje-for-tradgardsmobler-vinterbestandig-och-vattentat-anti-uv-tackduk-600d-oxford-210x140x80-cm-gra\/#primaryimage"},"thumbnailUrl":"https:\/\/i0.wp.com\/truusk.store\/wp-content\/uploads\/2026\/01\/skyddsholje-for-tradgardsmobler-vinterbestandig-vattentat-tackning-anti-uv-tackduk-600d-oxford-210-x-140-x-80-cm-gra-1.webp?fit=2000%2C2000&ssl=1","datePublished":"2026-01-28T04:01:13+00:00","dateModified":"2026-03-12T08:38:08+00:00","breadcrumb":{"@id":"https:\/\/truusk.store\/sv\/produkt\/truusk-skyddsholje-for-tradgardsmobler-vinterbestandig-och-vattentat-anti-uv-tackduk-600d-oxford-210x140x80-cm-gra\/#breadcrumb"},"inLanguage":"sv-SE","potentialAction":[{"@type":"ReadAction","target":["https:\/\/truusk.store\/sv\/produkt\/truusk-skyddsholje-for-tradgardsmobler-vinterbestandig-och-vattentat-anti-uv-tackduk-600d-oxford-210x140x80-cm-gra\/"]}]},{"@type":"ImageObject","inLanguage":"sv-SE","@id":"https:\/\/truusk.store\/sv\/produkt\/truusk-skyddsholje-for-tradgardsmobler-vinterbestandig-och-vattentat-anti-uv-tackduk-600d-oxford-210x140x80-cm-gra\/#primaryimage","url":"https:\/\/i0.wp.com\/truusk.store\/wp-content\/uploads\/2026\/01\/skyddsholje-for-tradgardsmobler-vinterbestandig-vattentat-tackning-anti-uv-tackduk-600d-oxford-210-x-140-x-80-cm-gra-1.webp?fit=2000%2C2000&ssl=1","contentUrl":"https:\/\/i0.wp.com\/truusk.store\/wp-content\/uploads\/2026\/01\/skyddsholje-for-tradgardsmobler-vinterbestandig-vattentat-tackning-anti-uv-tackduk-600d-oxford-210-x-140-x-80-cm-gra-1.webp?fit=2000%2C2000&ssl=1","width":2000,"height":2000},{"@type":"BreadcrumbList","@id":"https:\/\/truusk.store\/sv\/produkt\/truusk-skyddsholje-for-tradgardsmobler-vinterbestandig-och-vattentat-anti-uv-tackduk-600d-oxford-210x140x80-cm-gra\/#breadcrumb","itemListElement":[{"@type":"ListItem","position":1,"name":"Home","item":"https:\/\/truusk.store\/sv\/"},{"@type":"ListItem","position":2,"name":"Shop","item":"https:\/\/truusk.store\/shop\/"},{"@type":"ListItem","position":3,"name":"TRUUSK Skyddsh\u00f6lje f\u00f6r Tr\u00e4dg\u00e5rdsm\u00f6bler &#8211; Vinterbest\u00e4ndig och Vattent\u00e4t &#8211; Anti-UV T\u00e4ckduk &#8211; 600D Oxford &#8211; 210x140x80 cm &#8211; Gr\u00e5"}]},{"@type":"WebSite","@id":"https:\/\/truusk.store\/sv\/#website","url":"https:\/\/truusk.store\/sv\/","name":"TRUUSK - Hem, Tr\u00e4dg\u00e5rd & Fritid","description":"","publisher":{"@id":"https:\/\/truusk.store\/sv\/#organization"},"potentialAction":[{"@type":"SearchAction","target":{"@type":"EntryPoint","urlTemplate":"https:\/\/truusk.store\/sv\/?s={search_term_string}"},"query-input":{"@type":"PropertyValueSpecification","valueRequired":true,"valueName":"search_term_string"}}],"inLanguage":"sv-SE"},{"@type":"Organization","@id":"https:\/\/truusk.store\/sv\/#organization","name":"TRUUSK - Hem, Tr\u00e4dg\u00e5rd & Fritid","url":"https:\/\/truusk.store\/sv\/","logo":{"@type":"ImageObject","inLanguage":"sv-SE","@id":"https:\/\/truusk.store\/sv\/#\/schema\/logo\/image\/","url":"https:\/\/i0.wp.com\/truusk.store\/wp-content\/uploads\/2026\/03\/cropped-TRUUSK.png?fit=2032%2C917&ssl=1","contentUrl":"https:\/\/i0.wp.com\/truusk.store\/wp-content\/uploads\/2026\/03\/cropped-TRUUSK.png?fit=2032%2C917&ssl=1","width":2032,"height":917,"caption":"TRUUSK - Hem, Tr\u00e4dg\u00e5rd & Fritid"},"image":{"@id":"https:\/\/truusk.store\/sv\/#\/schema\/logo\/image\/"}}]}},"jetpack_sharing_enabled":true,"_links":{"self":[{"href":"https:\/\/truusk.store\/sv\/wp-json\/wp\/v2\/product\/101176","targetHints":{"allow":["GET"]}}],"collection":[{"href":"https:\/\/truusk.store\/sv\/wp-json\/wp\/v2\/product"}],"about":[{"href":"https:\/\/truusk.store\/sv\/wp-json\/wp\/v2\/types\/product"}],"wp:featuredmedia":[{"embeddable":true,"href":"https:\/\/truusk.store\/sv\/wp-json\/wp\/v2\/media\/101167"}],"wp:attachment":[{"href":"https:\/\/truusk.store\/sv\/wp-json\/wp\/v2\/media?parent=101176"}],"wp:term":[{"taxonomy":"product_brand","embeddable":true,"href":"https:\/\/truusk.store\/sv\/wp-json\/wp\/v2\/product_brand?post=101176"},{"taxonomy":"product_cat","embeddable":true,"href":"https:\/\/truusk.store\/sv\/wp-json\/wp\/v2\/product_cat?post=101176"},{"taxonomy":"product_tag","embeddable":true,"href":"https:\/\/truusk.store\/sv\/wp-json\/wp\/v2\/product_tag?post=101176"}],"curies":[{"name":"wp","href":"https:\/\/api.w.org\/{rel}","templated":true}]}}