{"id":101196,"date":"2026-01-28T05:02:39","date_gmt":"2026-01-28T04:02:39","guid":{"rendered":"https:\/\/truusk.store\/product\/2-pack-sittdynor-98-x-50-cm-stolsdynor-med-bindband-tygoverdrag-8cm-tjock-khaki\/"},"modified":"2026-03-12T09:38:14","modified_gmt":"2026-03-12T08:38:14","slug":"truusk-sittdynor-2-pack-98-x-50-cm-stolsdynor-med-bindband-tygoverdrag-8cm-tjock-khaki","status":"publish","type":"product","link":"https:\/\/truusk.store\/sv\/produkt\/truusk-sittdynor-2-pack-98-x-50-cm-stolsdynor-med-bindband-tygoverdrag-8cm-tjock-khaki\/","title":{"rendered":"TRUUSK Sittdynor 2-pack &#8211; 98 X 50 cm &#8211; Stolsdynor med bindband &#8211; Tyg\u00f6verdrag &#8211; 8cm tjock &#8211; Khaki"},"content":{"rendered":"<p>Detta 2-pack utomhus sittkuddar fr\u00e5n [BRAND NAME] passar de flesta mat- och tr\u00e4dg\u00e5rdsstolar och kan enkelt f\u00e4stas med f\u00e4stbanden. Stolskuddarna har en extra tjock stoppning och \u00e4r kl\u00e4dda med andningsbart, reng\u00f6rbart polyestertyg. F\u00f6rvandla dina stolar till mjuka, bekv\u00e4ma vilozoner p\u00e5 nolltid med dessa fantastiska kuddar.<\/p>\n<p>Beskrivning:<\/p>\n<ul>\n<li> 2-pack stolskuddar i khaki<\/li>\n<li> Andningsbart, reng\u00f6rbart polyestertyg<\/li>\n<li> Extra tjock och mjuk stoppning (8 cm)<\/li>\n<li> Enkel att f\u00e4sta med 6 f\u00e4stband<\/li>\n<li> Skyddar stolarna och erbjuder h\u00f6g sittkomfort<\/li>\n<li> Obs: Stolen ing\u00e5r INTE i leveransen<\/li>\n<\/ul>\n<p> Tekniska data:<\/p>\n<ul>\n<li> F\u00e4rg: Khaki<\/li>\n<li> Material: Polyester, skum<\/li>\n<li> Totala m\u00e5tt: 98L x 50B x 8D cm<\/li>\n<li> Sitsdjup: 49 cm<\/li>\n<li> Ryggst\u00f6dets h\u00f6jd: 49 cm<\/li>\n<\/ul>\n<p>Leveransinneh\u00e5ll:<\/p>\n<ul>\n<li> 2 x Kuddar f\u00f6r l\u00e5gryggstolar ;<\/li>\n<\/ul>\n","protected":false},"excerpt":{"rendered":"<p>Detta 2-pack utomhus sittkuddar fr\u00e5n [BRAND NAME] passar de flesta mat- och tr\u00e4dg\u00e5rdsstolar och kan enkelt f\u00e4stas med f\u00e4stbanden. Stolskuddarna&#8230;<\/p>\n","protected":false},"featured_media":101183,"template":"","meta":[],"product_brand":[],"product_cat":[858,450,1021],"product_tag":[],"class_list":{"0":"post-101196","1":"product","2":"type-product","3":"status-publish","4":"has-post-thumbnail","6":"product_cat-tradgard-terrass","7":"product_cat-tradgardsmobler","8":"product_cat-tradgardssitskuddar","10":"first","11":"instock","12":"sale","13":"taxable","14":"shipping-taxable","15":"purchasable","16":"product-type-simple"},"yoast_head":"<!-- This site is optimized with the Yoast SEO plugin v25.4 - https:\/\/yoast.com\/wordpress\/plugins\/seo\/ -->\n<title>TRUUSK Sittdynor 2-pack - 98 X 50 cm - Stolsdynor med bindband - Tyg\u00f6verdrag - 8cm tjock - Khaki - TRUUSK - Hem, Tr\u00e4dg\u00e5rd &amp; Fritid<\/title>\n<meta name=\"robots\" content=\"index, follow, max-snippet:-1, max-image-preview:large, max-video-preview:-1\" \/>\n<link rel=\"canonical\" href=\"https:\/\/truusk.store\/sv\/produkt\/truusk-sittdynor-2-pack-98-x-50-cm-stolsdynor-med-bindband-tygoverdrag-8cm-tjock-khaki\/\" \/>\n<meta property=\"og:locale\" content=\"sv_SE\" \/>\n<meta property=\"og:type\" content=\"article\" \/>\n<meta property=\"og:title\" content=\"TRUUSK Sittdynor 2-pack - 98 X 50 cm - Stolsdynor med bindband - Tyg\u00f6verdrag - 8cm tjock - Khaki - TRUUSK - Hem, Tr\u00e4dg\u00e5rd &amp; Fritid\" \/>\n<meta property=\"og:description\" content=\"Detta 2-pack utomhus sittkuddar fr\u00e5n [BRAND NAME] passar de flesta mat- och tr\u00e4dg\u00e5rdsstolar och kan enkelt f\u00e4stas med f\u00e4stbanden. Stolskuddarna...\" \/>\n<meta property=\"og:url\" content=\"https:\/\/truusk.store\/sv\/produkt\/truusk-sittdynor-2-pack-98-x-50-cm-stolsdynor-med-bindband-tygoverdrag-8cm-tjock-khaki\/\" \/>\n<meta property=\"og:site_name\" content=\"TRUUSK - Hem, Tr\u00e4dg\u00e5rd &amp; Fritid\" \/>\n<meta property=\"article:modified_time\" content=\"2026-03-12T08:38:14+00:00\" \/>\n<meta property=\"og:image\" content=\"https:\/\/i0.wp.com\/truusk.se\/wp-content\/uploads\/2026\/01\/2-pack-sittdynor-98-x-50-cm-stolsdynor-med-bindband-tygoverdrag-8cm-tjock-khaki-1.webp?fit=2000%2C2000&ssl=1\" \/>\n\t<meta property=\"og:image:width\" content=\"2000\" \/>\n\t<meta property=\"og:image:height\" content=\"2000\" \/>\n\t<meta property=\"og:image:type\" content=\"image\/webp\" \/>\n<meta name=\"twitter:card\" content=\"summary_large_image\" \/>\n<meta name=\"twitter:label1\" content=\"Ber\u00e4knad l\u00e4stid\" \/>\n\t<meta name=\"twitter:data1\" content=\"1 minut\" \/>\n<!-- \/ Yoast SEO plugin. -->","yoast_head_json":{"title":"TRUUSK Sittdynor 2-pack - 98 X 50 cm - Stolsdynor med bindband - Tyg\u00f6verdrag - 8cm tjock - Khaki - TRUUSK - Hem, Tr\u00e4dg\u00e5rd &amp; Fritid","robots":{"index":"index","follow":"follow","max-snippet":"max-snippet:-1","max-image-preview":"max-image-preview:large","max-video-preview":"max-video-preview:-1"},"canonical":"https:\/\/truusk.store\/sv\/produkt\/truusk-sittdynor-2-pack-98-x-50-cm-stolsdynor-med-bindband-tygoverdrag-8cm-tjock-khaki\/","og_locale":"sv_SE","og_type":"article","og_title":"TRUUSK Sittdynor 2-pack - 98 X 50 cm - Stolsdynor med bindband - Tyg\u00f6verdrag - 8cm tjock - Khaki - TRUUSK - Hem, Tr\u00e4dg\u00e5rd &amp; Fritid","og_description":"Detta 2-pack utomhus sittkuddar fr\u00e5n [BRAND NAME] passar de flesta mat- och tr\u00e4dg\u00e5rdsstolar och kan enkelt f\u00e4stas med f\u00e4stbanden. Stolskuddarna...","og_url":"https:\/\/truusk.store\/sv\/produkt\/truusk-sittdynor-2-pack-98-x-50-cm-stolsdynor-med-bindband-tygoverdrag-8cm-tjock-khaki\/","og_site_name":"TRUUSK - Hem, Tr\u00e4dg\u00e5rd &amp; Fritid","article_modified_time":"2026-03-12T08:38:14+00:00","og_image":[{"width":2000,"height":2000,"url":"https:\/\/i0.wp.com\/truusk.se\/wp-content\/uploads\/2026\/01\/2-pack-sittdynor-98-x-50-cm-stolsdynor-med-bindband-tygoverdrag-8cm-tjock-khaki-1.webp?fit=2000%2C2000&ssl=1","type":"image\/webp"}],"twitter_card":"summary_large_image","twitter_misc":{"Ber\u00e4knad l\u00e4stid":"1 minut"},"schema":{"@context":"https:\/\/schema.org","@graph":[{"@type":"WebPage","@id":"https:\/\/truusk.store\/sv\/produkt\/truusk-sittdynor-2-pack-98-x-50-cm-stolsdynor-med-bindband-tygoverdrag-8cm-tjock-khaki\/","url":"https:\/\/truusk.store\/sv\/produkt\/truusk-sittdynor-2-pack-98-x-50-cm-stolsdynor-med-bindband-tygoverdrag-8cm-tjock-khaki\/","name":"TRUUSK Sittdynor 2-pack - 98 X 50 cm - Stolsdynor med bindband - Tyg\u00f6verdrag - 8cm tjock - Khaki - TRUUSK - Hem, Tr\u00e4dg\u00e5rd &amp; Fritid","isPartOf":{"@id":"https:\/\/truusk.store\/sv\/#website"},"primaryImageOfPage":{"@id":"https:\/\/truusk.store\/sv\/produkt\/truusk-sittdynor-2-pack-98-x-50-cm-stolsdynor-med-bindband-tygoverdrag-8cm-tjock-khaki\/#primaryimage"},"image":{"@id":"https:\/\/truusk.store\/sv\/produkt\/truusk-sittdynor-2-pack-98-x-50-cm-stolsdynor-med-bindband-tygoverdrag-8cm-tjock-khaki\/#primaryimage"},"thumbnailUrl":"https:\/\/i0.wp.com\/truusk.store\/wp-content\/uploads\/2026\/01\/2-pack-sittdynor-98-x-50-cm-stolsdynor-med-bindband-tygoverdrag-8cm-tjock-khaki-1.webp?fit=2000%2C2000&ssl=1","datePublished":"2026-01-28T04:02:39+00:00","dateModified":"2026-03-12T08:38:14+00:00","breadcrumb":{"@id":"https:\/\/truusk.store\/sv\/produkt\/truusk-sittdynor-2-pack-98-x-50-cm-stolsdynor-med-bindband-tygoverdrag-8cm-tjock-khaki\/#breadcrumb"},"inLanguage":"sv-SE","potentialAction":[{"@type":"ReadAction","target":["https:\/\/truusk.store\/sv\/produkt\/truusk-sittdynor-2-pack-98-x-50-cm-stolsdynor-med-bindband-tygoverdrag-8cm-tjock-khaki\/"]}]},{"@type":"ImageObject","inLanguage":"sv-SE","@id":"https:\/\/truusk.store\/sv\/produkt\/truusk-sittdynor-2-pack-98-x-50-cm-stolsdynor-med-bindband-tygoverdrag-8cm-tjock-khaki\/#primaryimage","url":"https:\/\/i0.wp.com\/truusk.store\/wp-content\/uploads\/2026\/01\/2-pack-sittdynor-98-x-50-cm-stolsdynor-med-bindband-tygoverdrag-8cm-tjock-khaki-1.webp?fit=2000%2C2000&ssl=1","contentUrl":"https:\/\/i0.wp.com\/truusk.store\/wp-content\/uploads\/2026\/01\/2-pack-sittdynor-98-x-50-cm-stolsdynor-med-bindband-tygoverdrag-8cm-tjock-khaki-1.webp?fit=2000%2C2000&ssl=1","width":2000,"height":2000},{"@type":"BreadcrumbList","@id":"https:\/\/truusk.store\/sv\/produkt\/truusk-sittdynor-2-pack-98-x-50-cm-stolsdynor-med-bindband-tygoverdrag-8cm-tjock-khaki\/#breadcrumb","itemListElement":[{"@type":"ListItem","position":1,"name":"Home","item":"https:\/\/truusk.store\/sv\/"},{"@type":"ListItem","position":2,"name":"Shop","item":"https:\/\/truusk.store\/shop\/"},{"@type":"ListItem","position":3,"name":"TRUUSK Sittdynor 2-pack &#8211; 98 X 50 cm &#8211; Stolsdynor med bindband &#8211; Tyg\u00f6verdrag &#8211; 8cm tjock &#8211; Khaki"}]},{"@type":"WebSite","@id":"https:\/\/truusk.store\/sv\/#website","url":"https:\/\/truusk.store\/sv\/","name":"TRUUSK - Hem, Tr\u00e4dg\u00e5rd & Fritid","description":"","publisher":{"@id":"https:\/\/truusk.store\/sv\/#organization"},"potentialAction":[{"@type":"SearchAction","target":{"@type":"EntryPoint","urlTemplate":"https:\/\/truusk.store\/sv\/?s={search_term_string}"},"query-input":{"@type":"PropertyValueSpecification","valueRequired":true,"valueName":"search_term_string"}}],"inLanguage":"sv-SE"},{"@type":"Organization","@id":"https:\/\/truusk.store\/sv\/#organization","name":"TRUUSK - Hem, Tr\u00e4dg\u00e5rd & Fritid","url":"https:\/\/truusk.store\/sv\/","logo":{"@type":"ImageObject","inLanguage":"sv-SE","@id":"https:\/\/truusk.store\/sv\/#\/schema\/logo\/image\/","url":"https:\/\/i0.wp.com\/truusk.store\/wp-content\/uploads\/2026\/03\/cropped-TRUUSK.png?fit=2032%2C917&ssl=1","contentUrl":"https:\/\/i0.wp.com\/truusk.store\/wp-content\/uploads\/2026\/03\/cropped-TRUUSK.png?fit=2032%2C917&ssl=1","width":2032,"height":917,"caption":"TRUUSK - Hem, Tr\u00e4dg\u00e5rd & Fritid"},"image":{"@id":"https:\/\/truusk.store\/sv\/#\/schema\/logo\/image\/"}}]}},"jetpack_sharing_enabled":true,"_links":{"self":[{"href":"https:\/\/truusk.store\/sv\/wp-json\/wp\/v2\/product\/101196","targetHints":{"allow":["GET"]}}],"collection":[{"href":"https:\/\/truusk.store\/sv\/wp-json\/wp\/v2\/product"}],"about":[{"href":"https:\/\/truusk.store\/sv\/wp-json\/wp\/v2\/types\/product"}],"wp:featuredmedia":[{"embeddable":true,"href":"https:\/\/truusk.store\/sv\/wp-json\/wp\/v2\/media\/101183"}],"wp:attachment":[{"href":"https:\/\/truusk.store\/sv\/wp-json\/wp\/v2\/media?parent=101196"}],"wp:term":[{"taxonomy":"product_brand","embeddable":true,"href":"https:\/\/truusk.store\/sv\/wp-json\/wp\/v2\/product_brand?post=101196"},{"taxonomy":"product_cat","embeddable":true,"href":"https:\/\/truusk.store\/sv\/wp-json\/wp\/v2\/product_cat?post=101196"},{"taxonomy":"product_tag","embeddable":true,"href":"https:\/\/truusk.store\/sv\/wp-json\/wp\/v2\/product_tag?post=101196"}],"curies":[{"name":"wp","href":"https:\/\/api.w.org\/{rel}","templated":true}]}}