{"id":10120,"date":"2024-02-13T10:04:12","date_gmt":"2024-02-13T09:04:12","guid":{"rendered":"https:\/\/truusk.store\/product\/motionscykel-mini-cykel-pedal-tranare-traningscykel-cykel-enhet-med-lcd-display-gjutjarn-svart-35-x-40-x-31-cm\/"},"modified":"2026-03-12T08:56:19","modified_gmt":"2026-03-12T07:56:19","slug":"truusk-mini-cykel-pedal-tranare-lcd-display-gjutjarn-svart-35-x-40-x-31-cm","status":"publish","type":"product","link":"https:\/\/truusk.store\/sv\/produkt\/truusk-mini-cykel-pedal-tranare-lcd-display-gjutjarn-svart-35-x-40-x-31-cm\/","title":{"rendered":"TRUUSK Mini Cykel Pedal Tr\u00e4nare &#8211; LCD Display &#8211; Gjutj\u00e4rn &#8211; Svart &#8211; 35 x 40 x 31 cm"},"content":{"rendered":"<p>Tr\u00e4na enkelt dina armar och ben med denna kompakta tr\u00e4ningsmaskin. Denna okomplicerade cykeltr\u00e4nare \u00e4r s\u00e4rskilt l\u00e4mplig f\u00f6r nyb\u00f6rjare. Tack vare sin lilla storlek och kompakta vikt \u00e4r den b\u00e4rbar och kan f\u00f6rvaras f\u00f6r att spara utrymme. Du kan enkelt anpassa motst\u00e5ndet till din personliga tr\u00e4ningsniv\u00e5 med hj\u00e4lp av vridkontrollen och f\u00f6lja dina framsteg p\u00e5 den stora LCD-displayen. F\u00e5 ig\u00e5ng cirkulationen och st\u00e4rk dina muskler med denna praktiska motionscykel!<\/p>\n<h3>Beskrivning:<\/h3>\n<ul>\n<li>Tr\u00e4na dina ben och armar med en maskin<\/li>\n<li>L\u00e4tt att transportera och f\u00f6rvara<\/li>\n<li>O\u00e4ndligt manuellt justerbart motst\u00e5nd<\/li>\n<li>Stor LCD-display som visar tid, distans, antal pedalvarv och f\u00f6rbr\u00e4nda kalorier<\/li>\n<li>Stort halkfritt stativ<\/li>\n<li>Halkfria pedaler med justerbara fotremmar<\/li>\n<li>Kan anv\u00e4ndas snabbt och enkelt var som helst, perfekt f\u00f6r hemmatr\u00e4ning<\/li>\n<\/ul>\n<h3>Teknisk data:<\/h3>\n<ul>\n<li>Material: TPR, PP, gjutj\u00e4rn<\/li>\n<li>Svart f\u00e4rg<\/li>\n<li>\u00d6vergripande m\u00e5tt: B35 x D40 x H31 cm<\/li>\n<li>Lastkapacitet: 120 kg<\/li>\n<\/ul>\n<h3>Leveransens omfattning:<\/h3>\n<ul>\n<li>1 x Bentr\u00e4nare<\/li>\n<li>1 x bruksanvisning<\/li>\n<\/ul>\n","protected":false},"excerpt":{"rendered":"<p>Tr\u00e4na enkelt dina armar och ben med denna kompakta tr\u00e4ningsmaskin. Denna okomplicerade cykeltr\u00e4nare \u00e4r s\u00e4rskilt l\u00e4mplig f\u00f6r nyb\u00f6rjare. Tack vare&#8230;<\/p>\n","protected":false},"featured_media":10121,"template":"","meta":[],"product_brand":[],"product_cat":[664,661,647],"product_tag":[],"class_list":{"0":"post-10120","1":"product","2":"type-product","3":"status-publish","4":"has-post-thumbnail","6":"product_cat-ergometrar-motionscyklar","7":"product_cat-kondition-styrketraning","8":"product_cat-sport-fritid","10":"first","11":"instock","12":"sale","13":"taxable","14":"shipping-taxable","15":"purchasable","16":"product-type-simple"},"yoast_head":"<!-- This site is optimized with the Yoast SEO plugin v25.4 - https:\/\/yoast.com\/wordpress\/plugins\/seo\/ -->\n<title>TRUUSK Mini Cykel Pedal Tr\u00e4nare - LCD Display - Gjutj\u00e4rn - Svart - 35 x 40 x 31 cm - TRUUSK - Hem, Tr\u00e4dg\u00e5rd &amp; Fritid<\/title>\n<meta name=\"robots\" content=\"index, follow, max-snippet:-1, max-image-preview:large, max-video-preview:-1\" \/>\n<link rel=\"canonical\" href=\"https:\/\/truusk.store\/sv\/produkt\/truusk-mini-cykel-pedal-tranare-lcd-display-gjutjarn-svart-35-x-40-x-31-cm\/\" \/>\n<meta property=\"og:locale\" content=\"sv_SE\" \/>\n<meta property=\"og:type\" content=\"article\" \/>\n<meta property=\"og:title\" content=\"TRUUSK Mini Cykel Pedal Tr\u00e4nare - LCD Display - Gjutj\u00e4rn - Svart - 35 x 40 x 31 cm - TRUUSK - Hem, Tr\u00e4dg\u00e5rd &amp; Fritid\" \/>\n<meta property=\"og:description\" content=\"Tr\u00e4na enkelt dina armar och ben med denna kompakta tr\u00e4ningsmaskin. Denna okomplicerade cykeltr\u00e4nare \u00e4r s\u00e4rskilt l\u00e4mplig f\u00f6r nyb\u00f6rjare. Tack vare...\" \/>\n<meta property=\"og:url\" content=\"https:\/\/truusk.store\/sv\/produkt\/truusk-mini-cykel-pedal-tranare-lcd-display-gjutjarn-svart-35-x-40-x-31-cm\/\" \/>\n<meta property=\"og:site_name\" content=\"TRUUSK - Hem, Tr\u00e4dg\u00e5rd &amp; Fritid\" \/>\n<meta property=\"article:modified_time\" content=\"2026-03-12T07:56:19+00:00\" \/>\n<meta property=\"og:image\" content=\"https:\/\/i0.wp.com\/truusk.se\/wp-content\/uploads\/2024\/02\/motionscykel-mini-cykel-pedal-tranare-traningscykel-cykel-enhet-med-lcd-display-gjutjarn-svart-35-x-40-x-31-cm.webp?fit=800%2C800&ssl=1\" \/>\n\t<meta property=\"og:image:width\" content=\"800\" \/>\n\t<meta property=\"og:image:height\" content=\"800\" \/>\n\t<meta property=\"og:image:type\" content=\"image\/webp\" \/>\n<meta name=\"twitter:card\" content=\"summary_large_image\" \/>\n<meta name=\"twitter:label1\" content=\"Ber\u00e4knad l\u00e4stid\" \/>\n\t<meta name=\"twitter:data1\" content=\"1 minut\" \/>\n<!-- \/ Yoast SEO plugin. -->","yoast_head_json":{"title":"TRUUSK Mini Cykel Pedal Tr\u00e4nare - LCD Display - Gjutj\u00e4rn - Svart - 35 x 40 x 31 cm - TRUUSK - Hem, Tr\u00e4dg\u00e5rd &amp; Fritid","robots":{"index":"index","follow":"follow","max-snippet":"max-snippet:-1","max-image-preview":"max-image-preview:large","max-video-preview":"max-video-preview:-1"},"canonical":"https:\/\/truusk.store\/sv\/produkt\/truusk-mini-cykel-pedal-tranare-lcd-display-gjutjarn-svart-35-x-40-x-31-cm\/","og_locale":"sv_SE","og_type":"article","og_title":"TRUUSK Mini Cykel Pedal Tr\u00e4nare - LCD Display - Gjutj\u00e4rn - Svart - 35 x 40 x 31 cm - TRUUSK - Hem, Tr\u00e4dg\u00e5rd &amp; Fritid","og_description":"Tr\u00e4na enkelt dina armar och ben med denna kompakta tr\u00e4ningsmaskin. Denna okomplicerade cykeltr\u00e4nare \u00e4r s\u00e4rskilt l\u00e4mplig f\u00f6r nyb\u00f6rjare. Tack vare...","og_url":"https:\/\/truusk.store\/sv\/produkt\/truusk-mini-cykel-pedal-tranare-lcd-display-gjutjarn-svart-35-x-40-x-31-cm\/","og_site_name":"TRUUSK - Hem, Tr\u00e4dg\u00e5rd &amp; Fritid","article_modified_time":"2026-03-12T07:56:19+00:00","og_image":[{"width":800,"height":800,"url":"https:\/\/i0.wp.com\/truusk.se\/wp-content\/uploads\/2024\/02\/motionscykel-mini-cykel-pedal-tranare-traningscykel-cykel-enhet-med-lcd-display-gjutjarn-svart-35-x-40-x-31-cm.webp?fit=800%2C800&ssl=1","type":"image\/webp"}],"twitter_card":"summary_large_image","twitter_misc":{"Ber\u00e4knad l\u00e4stid":"1 minut"},"schema":{"@context":"https:\/\/schema.org","@graph":[{"@type":"WebPage","@id":"https:\/\/truusk.store\/sv\/produkt\/truusk-mini-cykel-pedal-tranare-lcd-display-gjutjarn-svart-35-x-40-x-31-cm\/","url":"https:\/\/truusk.store\/sv\/produkt\/truusk-mini-cykel-pedal-tranare-lcd-display-gjutjarn-svart-35-x-40-x-31-cm\/","name":"TRUUSK Mini Cykel Pedal Tr\u00e4nare - LCD Display - Gjutj\u00e4rn - Svart - 35 x 40 x 31 cm - TRUUSK - Hem, Tr\u00e4dg\u00e5rd &amp; Fritid","isPartOf":{"@id":"https:\/\/truusk.store\/sv\/#website"},"primaryImageOfPage":{"@id":"https:\/\/truusk.store\/sv\/produkt\/truusk-mini-cykel-pedal-tranare-lcd-display-gjutjarn-svart-35-x-40-x-31-cm\/#primaryimage"},"image":{"@id":"https:\/\/truusk.store\/sv\/produkt\/truusk-mini-cykel-pedal-tranare-lcd-display-gjutjarn-svart-35-x-40-x-31-cm\/#primaryimage"},"thumbnailUrl":"https:\/\/i0.wp.com\/truusk.store\/wp-content\/uploads\/2024\/02\/motionscykel-mini-cykel-pedal-tranare-traningscykel-cykel-enhet-med-lcd-display-gjutjarn-svart-35-x-40-x-31-cm.webp?fit=800%2C800&ssl=1","datePublished":"2024-02-13T09:04:12+00:00","dateModified":"2026-03-12T07:56:19+00:00","breadcrumb":{"@id":"https:\/\/truusk.store\/sv\/produkt\/truusk-mini-cykel-pedal-tranare-lcd-display-gjutjarn-svart-35-x-40-x-31-cm\/#breadcrumb"},"inLanguage":"sv-SE","potentialAction":[{"@type":"ReadAction","target":["https:\/\/truusk.store\/sv\/produkt\/truusk-mini-cykel-pedal-tranare-lcd-display-gjutjarn-svart-35-x-40-x-31-cm\/"]}]},{"@type":"ImageObject","inLanguage":"sv-SE","@id":"https:\/\/truusk.store\/sv\/produkt\/truusk-mini-cykel-pedal-tranare-lcd-display-gjutjarn-svart-35-x-40-x-31-cm\/#primaryimage","url":"https:\/\/i0.wp.com\/truusk.store\/wp-content\/uploads\/2024\/02\/motionscykel-mini-cykel-pedal-tranare-traningscykel-cykel-enhet-med-lcd-display-gjutjarn-svart-35-x-40-x-31-cm.webp?fit=800%2C800&ssl=1","contentUrl":"https:\/\/i0.wp.com\/truusk.store\/wp-content\/uploads\/2024\/02\/motionscykel-mini-cykel-pedal-tranare-traningscykel-cykel-enhet-med-lcd-display-gjutjarn-svart-35-x-40-x-31-cm.webp?fit=800%2C800&ssl=1","width":800,"height":800,"caption":"Motionscykel Mini Cykel Pedal Tr\u00e4nare Tr\u00e4ningscykel Cykel Enhet Med LCD Display Gjutj\u00e4rn Svart 35 X 40 X 31 Cm 1"},{"@type":"BreadcrumbList","@id":"https:\/\/truusk.store\/sv\/produkt\/truusk-mini-cykel-pedal-tranare-lcd-display-gjutjarn-svart-35-x-40-x-31-cm\/#breadcrumb","itemListElement":[{"@type":"ListItem","position":1,"name":"Home","item":"https:\/\/truusk.store\/sv\/"},{"@type":"ListItem","position":2,"name":"Shop","item":"https:\/\/truusk.store\/shop\/"},{"@type":"ListItem","position":3,"name":"TRUUSK Mini Cykel Pedal Tr\u00e4nare &#8211; LCD Display &#8211; Gjutj\u00e4rn &#8211; Svart &#8211; 35 x 40 x 31 cm"}]},{"@type":"WebSite","@id":"https:\/\/truusk.store\/sv\/#website","url":"https:\/\/truusk.store\/sv\/","name":"TRUUSK - Hem, Tr\u00e4dg\u00e5rd & Fritid","description":"","publisher":{"@id":"https:\/\/truusk.store\/sv\/#organization"},"potentialAction":[{"@type":"SearchAction","target":{"@type":"EntryPoint","urlTemplate":"https:\/\/truusk.store\/sv\/?s={search_term_string}"},"query-input":{"@type":"PropertyValueSpecification","valueRequired":true,"valueName":"search_term_string"}}],"inLanguage":"sv-SE"},{"@type":"Organization","@id":"https:\/\/truusk.store\/sv\/#organization","name":"TRUUSK - Hem, Tr\u00e4dg\u00e5rd & Fritid","url":"https:\/\/truusk.store\/sv\/","logo":{"@type":"ImageObject","inLanguage":"sv-SE","@id":"https:\/\/truusk.store\/sv\/#\/schema\/logo\/image\/","url":"https:\/\/i0.wp.com\/truusk.store\/wp-content\/uploads\/2026\/03\/cropped-TRUUSK.png?fit=2032%2C917&ssl=1","contentUrl":"https:\/\/i0.wp.com\/truusk.store\/wp-content\/uploads\/2026\/03\/cropped-TRUUSK.png?fit=2032%2C917&ssl=1","width":2032,"height":917,"caption":"TRUUSK - Hem, Tr\u00e4dg\u00e5rd & Fritid"},"image":{"@id":"https:\/\/truusk.store\/sv\/#\/schema\/logo\/image\/"}}]}},"jetpack_sharing_enabled":true,"_links":{"self":[{"href":"https:\/\/truusk.store\/sv\/wp-json\/wp\/v2\/product\/10120","targetHints":{"allow":["GET"]}}],"collection":[{"href":"https:\/\/truusk.store\/sv\/wp-json\/wp\/v2\/product"}],"about":[{"href":"https:\/\/truusk.store\/sv\/wp-json\/wp\/v2\/types\/product"}],"wp:featuredmedia":[{"embeddable":true,"href":"https:\/\/truusk.store\/sv\/wp-json\/wp\/v2\/media\/10121"}],"wp:attachment":[{"href":"https:\/\/truusk.store\/sv\/wp-json\/wp\/v2\/media?parent=10120"}],"wp:term":[{"taxonomy":"product_brand","embeddable":true,"href":"https:\/\/truusk.store\/sv\/wp-json\/wp\/v2\/product_brand?post=10120"},{"taxonomy":"product_cat","embeddable":true,"href":"https:\/\/truusk.store\/sv\/wp-json\/wp\/v2\/product_cat?post=10120"},{"taxonomy":"product_tag","embeddable":true,"href":"https:\/\/truusk.store\/sv\/wp-json\/wp\/v2\/product_tag?post=10120"}],"curies":[{"name":"wp","href":"https:\/\/api.w.org\/{rel}","templated":true}]}}