{"id":101206,"date":"2026-01-28T05:04:05","date_gmt":"2026-01-28T04:04:05","guid":{"rendered":"https:\/\/truusk.store\/product\/staende-spegel-helkroppsspegel-stor-spegel-modern-design-50-cm-x-15-cm-x-1615-cm-guld\/"},"modified":"2026-03-12T09:39:27","modified_gmt":"2026-03-12T08:39:27","slug":"truusk-staende-helkroppsspegel-modern-design-storlek-50-cm-x-15-cm-x-1615-cm-guld","status":"publish","type":"product","link":"https:\/\/truusk.store\/sv\/produkt\/truusk-staende-helkroppsspegel-modern-design-storlek-50-cm-x-15-cm-x-1615-cm-guld\/","title":{"rendered":"TRUUSK St\u00e5ende Helkroppsspegel &#8211; Modern Design &#8211; Storlek 50 cm x 1,5 cm x 161,5 cm &#8211; Guld"},"content":{"rendered":"<p>Ge ditt sovrum stil och funktion med denna helkroppsspegel. Tr\u00f6tt p\u00e5 tr\u00e5kiga speglar? Den rostfria, vattent\u00e4ta ramen av aluminiumlegering p\u00e5 den stora spegeln garanterar h\u00e5llbarhet, medan b\u00e5gformen tillf\u00f6r elegans. Oavsett om den \u00e4r monterad p\u00e5 v\u00e4ggen eller frist\u00e5ende, g\u00f6r denna hall spegel ditt hem omedelbart mer sofistikerat.<\/p>\n<p>Beskrivning:<\/p>\n<ul>\n<li> Helkroppsspegeln visar din spegelbild fr\u00e5n huvud till t\u00e5 i full storlek<\/li>\n<li> Splitters\u00e4kert HD-glas garanterar s\u00e4kerhet och klar reflektion p\u00e5 v\u00e4ggspegeln<\/li>\n<li> Ramen p\u00e5 den stora spegeln \u00e4r gjord av aluminiumlegering och \u00e4r rost- och vattenresistent<\/li>\n<li> Denna st\u00e5ende spegel kan monteras, lutas eller anv\u00e4ndas frist\u00e5ende<\/li>\n<li> Den st\u00e5ende spegeln \u00e4r anv\u00e4ndarv\u00e4nlig och bekv\u00e4m i vardagen<\/li>\n<li> Den rundade designen p\u00e5 hall spegeln tillf\u00f6r estetik till sovrum, hall eller omkl\u00e4dningsrum<\/li>\n<\/ul>\n<p> Tekniska specifikationer:<\/p>\n<ul>\n<li> F\u00e4rg: Guld<\/li>\n<li> Material: Aluminiumlegering, h\u00e4rdat glas<\/li>\n<li> Totala dimensioner: 50L x 1,5B x 161,5H cm (med vikt st\u00f6d)<\/li>\n<li> Totala dimensioner: 50L x 35B x 157H cm (med utvikt st\u00f6d)<\/li>\n<li> Spegelstorlek: 49L x 160,5H cm<\/li>\n<\/ul>\n<p>Leveransinneh\u00e5ll:<\/p>\n<ul>\n<li> 1 x Helkroppsspegel;<\/li>\n<\/ul>\n","protected":false},"excerpt":{"rendered":"<p>Ge ditt sovrum stil och funktion med denna helkroppsspegel. Tr\u00f6tt p\u00e5 tr\u00e5kiga speglar? Den rostfria, vattent\u00e4ta ramen av aluminiumlegering p\u00e5&#8230;<\/p>\n","protected":false},"featured_media":101197,"template":"","meta":[],"product_brand":[],"product_cat":[893,871,966],"product_tag":[],"class_list":{"0":"post-101206","1":"product","2":"type-product","3":"status-publish","4":"has-post-thumbnail","6":"product_cat-garderob-hall","7":"product_cat-hus-hem","8":"product_cat-staende-speglar","10":"first","11":"instock","12":"sale","13":"taxable","14":"shipping-taxable","15":"purchasable","16":"product-type-simple"},"yoast_head":"<!-- This site is optimized with the Yoast SEO plugin v25.4 - https:\/\/yoast.com\/wordpress\/plugins\/seo\/ -->\n<title>TRUUSK St\u00e5ende Helkroppsspegel - Modern Design - Storlek 50 cm x 1,5 cm x 161,5 cm - Guld - TRUUSK - Hem, Tr\u00e4dg\u00e5rd &amp; Fritid<\/title>\n<meta name=\"robots\" content=\"index, follow, max-snippet:-1, max-image-preview:large, max-video-preview:-1\" \/>\n<link rel=\"canonical\" href=\"https:\/\/truusk.store\/sv\/produkt\/truusk-staende-helkroppsspegel-modern-design-storlek-50-cm-x-15-cm-x-1615-cm-guld\/\" \/>\n<meta property=\"og:locale\" content=\"sv_SE\" \/>\n<meta property=\"og:type\" content=\"article\" \/>\n<meta property=\"og:title\" content=\"TRUUSK St\u00e5ende Helkroppsspegel - Modern Design - Storlek 50 cm x 1,5 cm x 161,5 cm - Guld - TRUUSK - Hem, Tr\u00e4dg\u00e5rd &amp; Fritid\" \/>\n<meta property=\"og:description\" content=\"Ge ditt sovrum stil och funktion med denna helkroppsspegel. Tr\u00f6tt p\u00e5 tr\u00e5kiga speglar? Den rostfria, vattent\u00e4ta ramen av aluminiumlegering p\u00e5...\" \/>\n<meta property=\"og:url\" content=\"https:\/\/truusk.store\/sv\/produkt\/truusk-staende-helkroppsspegel-modern-design-storlek-50-cm-x-15-cm-x-1615-cm-guld\/\" \/>\n<meta property=\"og:site_name\" content=\"TRUUSK - Hem, Tr\u00e4dg\u00e5rd &amp; Fritid\" \/>\n<meta property=\"article:modified_time\" content=\"2026-03-12T08:39:27+00:00\" \/>\n<meta property=\"og:image\" content=\"https:\/\/i0.wp.com\/truusk.se\/wp-content\/uploads\/2026\/01\/staende-spegel-helkroppsspegel-stor-spegel-modern-design-50-cm-x-15-cm-x-1615-cm-guld-1.webp?fit=2000%2C2000&ssl=1\" \/>\n\t<meta property=\"og:image:width\" content=\"2000\" \/>\n\t<meta property=\"og:image:height\" content=\"2000\" \/>\n\t<meta property=\"og:image:type\" content=\"image\/webp\" \/>\n<meta name=\"twitter:card\" content=\"summary_large_image\" \/>\n<meta name=\"twitter:label1\" content=\"Ber\u00e4knad l\u00e4stid\" \/>\n\t<meta name=\"twitter:data1\" content=\"1 minut\" \/>\n<!-- \/ Yoast SEO plugin. -->","yoast_head_json":{"title":"TRUUSK St\u00e5ende Helkroppsspegel - Modern Design - Storlek 50 cm x 1,5 cm x 161,5 cm - Guld - TRUUSK - Hem, Tr\u00e4dg\u00e5rd &amp; Fritid","robots":{"index":"index","follow":"follow","max-snippet":"max-snippet:-1","max-image-preview":"max-image-preview:large","max-video-preview":"max-video-preview:-1"},"canonical":"https:\/\/truusk.store\/sv\/produkt\/truusk-staende-helkroppsspegel-modern-design-storlek-50-cm-x-15-cm-x-1615-cm-guld\/","og_locale":"sv_SE","og_type":"article","og_title":"TRUUSK St\u00e5ende Helkroppsspegel - Modern Design - Storlek 50 cm x 1,5 cm x 161,5 cm - Guld - TRUUSK - Hem, Tr\u00e4dg\u00e5rd &amp; Fritid","og_description":"Ge ditt sovrum stil och funktion med denna helkroppsspegel. Tr\u00f6tt p\u00e5 tr\u00e5kiga speglar? Den rostfria, vattent\u00e4ta ramen av aluminiumlegering p\u00e5...","og_url":"https:\/\/truusk.store\/sv\/produkt\/truusk-staende-helkroppsspegel-modern-design-storlek-50-cm-x-15-cm-x-1615-cm-guld\/","og_site_name":"TRUUSK - Hem, Tr\u00e4dg\u00e5rd &amp; Fritid","article_modified_time":"2026-03-12T08:39:27+00:00","og_image":[{"width":2000,"height":2000,"url":"https:\/\/i0.wp.com\/truusk.se\/wp-content\/uploads\/2026\/01\/staende-spegel-helkroppsspegel-stor-spegel-modern-design-50-cm-x-15-cm-x-1615-cm-guld-1.webp?fit=2000%2C2000&ssl=1","type":"image\/webp"}],"twitter_card":"summary_large_image","twitter_misc":{"Ber\u00e4knad l\u00e4stid":"1 minut"},"schema":{"@context":"https:\/\/schema.org","@graph":[{"@type":"WebPage","@id":"https:\/\/truusk.store\/sv\/produkt\/truusk-staende-helkroppsspegel-modern-design-storlek-50-cm-x-15-cm-x-1615-cm-guld\/","url":"https:\/\/truusk.store\/sv\/produkt\/truusk-staende-helkroppsspegel-modern-design-storlek-50-cm-x-15-cm-x-1615-cm-guld\/","name":"TRUUSK St\u00e5ende Helkroppsspegel - Modern Design - Storlek 50 cm x 1,5 cm x 161,5 cm - Guld - TRUUSK - Hem, Tr\u00e4dg\u00e5rd &amp; Fritid","isPartOf":{"@id":"https:\/\/truusk.store\/sv\/#website"},"primaryImageOfPage":{"@id":"https:\/\/truusk.store\/sv\/produkt\/truusk-staende-helkroppsspegel-modern-design-storlek-50-cm-x-15-cm-x-1615-cm-guld\/#primaryimage"},"image":{"@id":"https:\/\/truusk.store\/sv\/produkt\/truusk-staende-helkroppsspegel-modern-design-storlek-50-cm-x-15-cm-x-1615-cm-guld\/#primaryimage"},"thumbnailUrl":"https:\/\/i0.wp.com\/truusk.store\/wp-content\/uploads\/2026\/01\/staende-spegel-helkroppsspegel-stor-spegel-modern-design-50-cm-x-15-cm-x-1615-cm-guld-1.webp?fit=2000%2C2000&ssl=1","datePublished":"2026-01-28T04:04:05+00:00","dateModified":"2026-03-12T08:39:27+00:00","breadcrumb":{"@id":"https:\/\/truusk.store\/sv\/produkt\/truusk-staende-helkroppsspegel-modern-design-storlek-50-cm-x-15-cm-x-1615-cm-guld\/#breadcrumb"},"inLanguage":"sv-SE","potentialAction":[{"@type":"ReadAction","target":["https:\/\/truusk.store\/sv\/produkt\/truusk-staende-helkroppsspegel-modern-design-storlek-50-cm-x-15-cm-x-1615-cm-guld\/"]}]},{"@type":"ImageObject","inLanguage":"sv-SE","@id":"https:\/\/truusk.store\/sv\/produkt\/truusk-staende-helkroppsspegel-modern-design-storlek-50-cm-x-15-cm-x-1615-cm-guld\/#primaryimage","url":"https:\/\/i0.wp.com\/truusk.store\/wp-content\/uploads\/2026\/01\/staende-spegel-helkroppsspegel-stor-spegel-modern-design-50-cm-x-15-cm-x-1615-cm-guld-1.webp?fit=2000%2C2000&ssl=1","contentUrl":"https:\/\/i0.wp.com\/truusk.store\/wp-content\/uploads\/2026\/01\/staende-spegel-helkroppsspegel-stor-spegel-modern-design-50-cm-x-15-cm-x-1615-cm-guld-1.webp?fit=2000%2C2000&ssl=1","width":2000,"height":2000},{"@type":"BreadcrumbList","@id":"https:\/\/truusk.store\/sv\/produkt\/truusk-staende-helkroppsspegel-modern-design-storlek-50-cm-x-15-cm-x-1615-cm-guld\/#breadcrumb","itemListElement":[{"@type":"ListItem","position":1,"name":"Home","item":"https:\/\/truusk.store\/sv\/"},{"@type":"ListItem","position":2,"name":"Shop","item":"https:\/\/truusk.store\/shop\/"},{"@type":"ListItem","position":3,"name":"TRUUSK St\u00e5ende Helkroppsspegel &#8211; Modern Design &#8211; Storlek 50 cm x 1,5 cm x 161,5 cm &#8211; Guld"}]},{"@type":"WebSite","@id":"https:\/\/truusk.store\/sv\/#website","url":"https:\/\/truusk.store\/sv\/","name":"TRUUSK - Hem, Tr\u00e4dg\u00e5rd & Fritid","description":"","publisher":{"@id":"https:\/\/truusk.store\/sv\/#organization"},"potentialAction":[{"@type":"SearchAction","target":{"@type":"EntryPoint","urlTemplate":"https:\/\/truusk.store\/sv\/?s={search_term_string}"},"query-input":{"@type":"PropertyValueSpecification","valueRequired":true,"valueName":"search_term_string"}}],"inLanguage":"sv-SE"},{"@type":"Organization","@id":"https:\/\/truusk.store\/sv\/#organization","name":"TRUUSK - Hem, Tr\u00e4dg\u00e5rd & Fritid","url":"https:\/\/truusk.store\/sv\/","logo":{"@type":"ImageObject","inLanguage":"sv-SE","@id":"https:\/\/truusk.store\/sv\/#\/schema\/logo\/image\/","url":"https:\/\/i0.wp.com\/truusk.store\/wp-content\/uploads\/2026\/03\/cropped-TRUUSK.png?fit=2032%2C917&ssl=1","contentUrl":"https:\/\/i0.wp.com\/truusk.store\/wp-content\/uploads\/2026\/03\/cropped-TRUUSK.png?fit=2032%2C917&ssl=1","width":2032,"height":917,"caption":"TRUUSK - Hem, Tr\u00e4dg\u00e5rd & Fritid"},"image":{"@id":"https:\/\/truusk.store\/sv\/#\/schema\/logo\/image\/"}}]}},"jetpack_sharing_enabled":true,"_links":{"self":[{"href":"https:\/\/truusk.store\/sv\/wp-json\/wp\/v2\/product\/101206","targetHints":{"allow":["GET"]}}],"collection":[{"href":"https:\/\/truusk.store\/sv\/wp-json\/wp\/v2\/product"}],"about":[{"href":"https:\/\/truusk.store\/sv\/wp-json\/wp\/v2\/types\/product"}],"wp:featuredmedia":[{"embeddable":true,"href":"https:\/\/truusk.store\/sv\/wp-json\/wp\/v2\/media\/101197"}],"wp:attachment":[{"href":"https:\/\/truusk.store\/sv\/wp-json\/wp\/v2\/media?parent=101206"}],"wp:term":[{"taxonomy":"product_brand","embeddable":true,"href":"https:\/\/truusk.store\/sv\/wp-json\/wp\/v2\/product_brand?post=101206"},{"taxonomy":"product_cat","embeddable":true,"href":"https:\/\/truusk.store\/sv\/wp-json\/wp\/v2\/product_cat?post=101206"},{"taxonomy":"product_tag","embeddable":true,"href":"https:\/\/truusk.store\/sv\/wp-json\/wp\/v2\/product_tag?post=101206"}],"curies":[{"name":"wp","href":"https:\/\/api.w.org\/{rel}","templated":true}]}}