{"id":101226,"date":"2026-01-28T05:07:06","date_gmt":"2026-01-28T04:07:06","guid":{"rendered":"https:\/\/truusk.store\/product\/hjul-till-skottkarra-4-pack-ersattningshjul-80-kg-o-255-mm-helgummi-luftdack-med-slang-kullager-svart\/"},"modified":"2026-03-12T09:41:10","modified_gmt":"2026-03-12T08:41:10","slug":"truusk-hjul-till-skottkarra-4-pack-ersattningshjul-80-kg-o-255-mm-helgummi-luftdack-med-slang-kullager-svart","status":"publish","type":"product","link":"https:\/\/truusk.store\/sv\/produkt\/truusk-hjul-till-skottkarra-4-pack-ersattningshjul-80-kg-o-255-mm-helgummi-luftdack-med-slang-kullager-svart\/","title":{"rendered":"TRUUSK Hjul Till Skottk\u00e4rra &#8211; 4-pack Ers\u00e4ttningshjul &#8211; 80 Kg &#8211; \u00d8 255 Mm &#8211; Helgummi Luftd\u00e4ck &#8211; Med Slang Kullager &#8211; Svart"},"content":{"rendered":"<p>Uppgradera dina tr\u00e4dg\u00e5rdsverktyg med detta 4-pack [BRAND NAME] helt gummi skottk\u00e4rrshjul &#8211; perfekt f\u00f6r vagnar, skottk\u00e4rror och sl\u00e4pvagnar. De robusta skottk\u00e4rrshjulen av gummi och metall har en diameter p\u00e5 25,5 cm, en navborrning p\u00e5 16 mm och en b\u00e4rkapacitet p\u00e5 80 kg. Det profilerade slitbanem\u00f6nstret ger optimalt grepp p\u00e5 olika underlag.<\/p>\n<p>Beskrivning:<\/p>\n<ul>\n<li> 4 skottk\u00e4rrshjul, l\u00e4mpliga f\u00f6r olika tr\u00e4dg\u00e5rdsverktyg<\/li>\n<li> Tillverkade av robust gummi och metall, b\u00e4r upp till 80 kg<\/li>\n<li> Profilerade slitbanor f\u00f6rb\u00e4ttrar greppet p\u00e5 oj\u00e4mn terr\u00e4ng<\/li>\n<li> Kullager p\u00e5 skottk\u00e4rrshjulen ger en j\u00e4mn hjulr\u00f6relse<\/li>\n<li> Enkel installationsprocess<\/li>\n<li> Kontroll av kompatibilitet med din modell rekommenderas<\/li>\n<\/ul>\n<p> Tekniska data:<\/p>\n<ul>\n<li> F\u00e4rg: Svart<\/li>\n<li> Material: Gummi, Metall<\/li>\n<li> Hjuldimensioner: \u00d825,5 x 7,5B cm<\/li>\n<li> Slangtyp: 3,5-4<\/li>\n<li> Axelh\u00e5ldiameter: 16 mm<\/li>\n<li> Axelns djup: 9 cm<\/li>\n<li> PSI-v\u00e4rde: 15<\/li>\n<li> B\u00e4rkapacitet: 80 kg<\/li>\n<\/ul>\n<p>Ing\u00e5r i leveransen:<\/p>\n<ul>\n<li> 4 x luftd\u00e4ck;<\/li>\n<\/ul>\n","protected":false},"excerpt":{"rendered":"<p>Uppgradera dina tr\u00e4dg\u00e5rdsverktyg med detta 4-pack [BRAND NAME] helt gummi skottk\u00e4rrshjul &#8211; perfekt f\u00f6r vagnar, skottk\u00e4rror och sl\u00e4pvagnar. De robusta&#8230;<\/p>\n","protected":false},"featured_media":101217,"template":"","meta":[],"product_brand":[],"product_cat":[1030,867,1090],"product_tag":[],"class_list":{"0":"post-101226","1":"product","2":"type-product","3":"status-publish","4":"has-post-thumbnail","6":"product_cat-bilaccessoarer","7":"product_cat-byggmarknad","8":"product_cat-verktyg-verkstad","10":"first","11":"instock","12":"sale","13":"taxable","14":"shipping-taxable","15":"purchasable","16":"product-type-simple"},"yoast_head":"<!-- This site is optimized with the Yoast SEO plugin v25.4 - https:\/\/yoast.com\/wordpress\/plugins\/seo\/ -->\n<title>TRUUSK Hjul Till Skottk\u00e4rra - 4-pack Ers\u00e4ttningshjul - 80 Kg - \u00d8 255 Mm - Helgummi Luftd\u00e4ck - Med Slang Kullager - Svart - TRUUSK - Hem, Tr\u00e4dg\u00e5rd &amp; Fritid<\/title>\n<meta name=\"robots\" content=\"index, follow, max-snippet:-1, max-image-preview:large, max-video-preview:-1\" \/>\n<link rel=\"canonical\" href=\"https:\/\/truusk.store\/sv\/produkt\/truusk-hjul-till-skottkarra-4-pack-ersattningshjul-80-kg-o-255-mm-helgummi-luftdack-med-slang-kullager-svart\/\" \/>\n<meta property=\"og:locale\" content=\"sv_SE\" \/>\n<meta property=\"og:type\" content=\"article\" \/>\n<meta property=\"og:title\" content=\"TRUUSK Hjul Till Skottk\u00e4rra - 4-pack Ers\u00e4ttningshjul - 80 Kg - \u00d8 255 Mm - Helgummi Luftd\u00e4ck - Med Slang Kullager - Svart - TRUUSK - Hem, Tr\u00e4dg\u00e5rd &amp; Fritid\" \/>\n<meta property=\"og:description\" content=\"Uppgradera dina tr\u00e4dg\u00e5rdsverktyg med detta 4-pack [BRAND NAME] helt gummi skottk\u00e4rrshjul &#8211; perfekt f\u00f6r vagnar, skottk\u00e4rror och sl\u00e4pvagnar. De robusta...\" \/>\n<meta property=\"og:url\" content=\"https:\/\/truusk.store\/sv\/produkt\/truusk-hjul-till-skottkarra-4-pack-ersattningshjul-80-kg-o-255-mm-helgummi-luftdack-med-slang-kullager-svart\/\" \/>\n<meta property=\"og:site_name\" content=\"TRUUSK - Hem, Tr\u00e4dg\u00e5rd &amp; Fritid\" \/>\n<meta property=\"article:modified_time\" content=\"2026-03-12T08:41:10+00:00\" \/>\n<meta property=\"og:image\" content=\"https:\/\/i0.wp.com\/truusk.se\/wp-content\/uploads\/2026\/01\/hjul-till-skottkarra-4-pack-ersattningshjul-80-kg-o-255-mm-helgummi-luftdack-med-slang-kullager-svart-1.webp?fit=2000%2C2000&ssl=1\" \/>\n\t<meta property=\"og:image:width\" content=\"2000\" \/>\n\t<meta property=\"og:image:height\" content=\"2000\" \/>\n\t<meta property=\"og:image:type\" content=\"image\/webp\" \/>\n<meta name=\"twitter:card\" content=\"summary_large_image\" \/>\n<meta name=\"twitter:label1\" content=\"Ber\u00e4knad l\u00e4stid\" \/>\n\t<meta name=\"twitter:data1\" content=\"1 minut\" \/>\n<!-- \/ Yoast SEO plugin. -->","yoast_head_json":{"title":"TRUUSK Hjul Till Skottk\u00e4rra - 4-pack Ers\u00e4ttningshjul - 80 Kg - \u00d8 255 Mm - Helgummi Luftd\u00e4ck - Med Slang Kullager - Svart - TRUUSK - Hem, Tr\u00e4dg\u00e5rd &amp; Fritid","robots":{"index":"index","follow":"follow","max-snippet":"max-snippet:-1","max-image-preview":"max-image-preview:large","max-video-preview":"max-video-preview:-1"},"canonical":"https:\/\/truusk.store\/sv\/produkt\/truusk-hjul-till-skottkarra-4-pack-ersattningshjul-80-kg-o-255-mm-helgummi-luftdack-med-slang-kullager-svart\/","og_locale":"sv_SE","og_type":"article","og_title":"TRUUSK Hjul Till Skottk\u00e4rra - 4-pack Ers\u00e4ttningshjul - 80 Kg - \u00d8 255 Mm - Helgummi Luftd\u00e4ck - Med Slang Kullager - Svart - TRUUSK - Hem, Tr\u00e4dg\u00e5rd &amp; Fritid","og_description":"Uppgradera dina tr\u00e4dg\u00e5rdsverktyg med detta 4-pack [BRAND NAME] helt gummi skottk\u00e4rrshjul &#8211; perfekt f\u00f6r vagnar, skottk\u00e4rror och sl\u00e4pvagnar. De robusta...","og_url":"https:\/\/truusk.store\/sv\/produkt\/truusk-hjul-till-skottkarra-4-pack-ersattningshjul-80-kg-o-255-mm-helgummi-luftdack-med-slang-kullager-svart\/","og_site_name":"TRUUSK - Hem, Tr\u00e4dg\u00e5rd &amp; Fritid","article_modified_time":"2026-03-12T08:41:10+00:00","og_image":[{"width":2000,"height":2000,"url":"https:\/\/i0.wp.com\/truusk.se\/wp-content\/uploads\/2026\/01\/hjul-till-skottkarra-4-pack-ersattningshjul-80-kg-o-255-mm-helgummi-luftdack-med-slang-kullager-svart-1.webp?fit=2000%2C2000&ssl=1","type":"image\/webp"}],"twitter_card":"summary_large_image","twitter_misc":{"Ber\u00e4knad l\u00e4stid":"1 minut"},"schema":{"@context":"https:\/\/schema.org","@graph":[{"@type":"WebPage","@id":"https:\/\/truusk.store\/sv\/produkt\/truusk-hjul-till-skottkarra-4-pack-ersattningshjul-80-kg-o-255-mm-helgummi-luftdack-med-slang-kullager-svart\/","url":"https:\/\/truusk.store\/sv\/produkt\/truusk-hjul-till-skottkarra-4-pack-ersattningshjul-80-kg-o-255-mm-helgummi-luftdack-med-slang-kullager-svart\/","name":"TRUUSK Hjul Till Skottk\u00e4rra - 4-pack Ers\u00e4ttningshjul - 80 Kg - \u00d8 255 Mm - Helgummi Luftd\u00e4ck - Med Slang Kullager - Svart - TRUUSK - Hem, Tr\u00e4dg\u00e5rd &amp; Fritid","isPartOf":{"@id":"https:\/\/truusk.store\/sv\/#website"},"primaryImageOfPage":{"@id":"https:\/\/truusk.store\/sv\/produkt\/truusk-hjul-till-skottkarra-4-pack-ersattningshjul-80-kg-o-255-mm-helgummi-luftdack-med-slang-kullager-svart\/#primaryimage"},"image":{"@id":"https:\/\/truusk.store\/sv\/produkt\/truusk-hjul-till-skottkarra-4-pack-ersattningshjul-80-kg-o-255-mm-helgummi-luftdack-med-slang-kullager-svart\/#primaryimage"},"thumbnailUrl":"https:\/\/i0.wp.com\/truusk.store\/wp-content\/uploads\/2026\/01\/hjul-till-skottkarra-4-pack-ersattningshjul-80-kg-o-255-mm-helgummi-luftdack-med-slang-kullager-svart-1.webp?fit=2000%2C2000&ssl=1","datePublished":"2026-01-28T04:07:06+00:00","dateModified":"2026-03-12T08:41:10+00:00","breadcrumb":{"@id":"https:\/\/truusk.store\/sv\/produkt\/truusk-hjul-till-skottkarra-4-pack-ersattningshjul-80-kg-o-255-mm-helgummi-luftdack-med-slang-kullager-svart\/#breadcrumb"},"inLanguage":"sv-SE","potentialAction":[{"@type":"ReadAction","target":["https:\/\/truusk.store\/sv\/produkt\/truusk-hjul-till-skottkarra-4-pack-ersattningshjul-80-kg-o-255-mm-helgummi-luftdack-med-slang-kullager-svart\/"]}]},{"@type":"ImageObject","inLanguage":"sv-SE","@id":"https:\/\/truusk.store\/sv\/produkt\/truusk-hjul-till-skottkarra-4-pack-ersattningshjul-80-kg-o-255-mm-helgummi-luftdack-med-slang-kullager-svart\/#primaryimage","url":"https:\/\/i0.wp.com\/truusk.store\/wp-content\/uploads\/2026\/01\/hjul-till-skottkarra-4-pack-ersattningshjul-80-kg-o-255-mm-helgummi-luftdack-med-slang-kullager-svart-1.webp?fit=2000%2C2000&ssl=1","contentUrl":"https:\/\/i0.wp.com\/truusk.store\/wp-content\/uploads\/2026\/01\/hjul-till-skottkarra-4-pack-ersattningshjul-80-kg-o-255-mm-helgummi-luftdack-med-slang-kullager-svart-1.webp?fit=2000%2C2000&ssl=1","width":2000,"height":2000},{"@type":"BreadcrumbList","@id":"https:\/\/truusk.store\/sv\/produkt\/truusk-hjul-till-skottkarra-4-pack-ersattningshjul-80-kg-o-255-mm-helgummi-luftdack-med-slang-kullager-svart\/#breadcrumb","itemListElement":[{"@type":"ListItem","position":1,"name":"Home","item":"https:\/\/truusk.store\/sv\/"},{"@type":"ListItem","position":2,"name":"Shop","item":"https:\/\/truusk.store\/shop\/"},{"@type":"ListItem","position":3,"name":"TRUUSK Hjul Till Skottk\u00e4rra &#8211; 4-pack Ers\u00e4ttningshjul &#8211; 80 Kg &#8211; \u00d8 255 Mm &#8211; Helgummi Luftd\u00e4ck &#8211; Med Slang Kullager &#8211; Svart"}]},{"@type":"WebSite","@id":"https:\/\/truusk.store\/sv\/#website","url":"https:\/\/truusk.store\/sv\/","name":"TRUUSK - Hem, Tr\u00e4dg\u00e5rd & Fritid","description":"","publisher":{"@id":"https:\/\/truusk.store\/sv\/#organization"},"potentialAction":[{"@type":"SearchAction","target":{"@type":"EntryPoint","urlTemplate":"https:\/\/truusk.store\/sv\/?s={search_term_string}"},"query-input":{"@type":"PropertyValueSpecification","valueRequired":true,"valueName":"search_term_string"}}],"inLanguage":"sv-SE"},{"@type":"Organization","@id":"https:\/\/truusk.store\/sv\/#organization","name":"TRUUSK - Hem, Tr\u00e4dg\u00e5rd & Fritid","url":"https:\/\/truusk.store\/sv\/","logo":{"@type":"ImageObject","inLanguage":"sv-SE","@id":"https:\/\/truusk.store\/sv\/#\/schema\/logo\/image\/","url":"https:\/\/i0.wp.com\/truusk.store\/wp-content\/uploads\/2026\/03\/cropped-TRUUSK.png?fit=2032%2C917&ssl=1","contentUrl":"https:\/\/i0.wp.com\/truusk.store\/wp-content\/uploads\/2026\/03\/cropped-TRUUSK.png?fit=2032%2C917&ssl=1","width":2032,"height":917,"caption":"TRUUSK - Hem, Tr\u00e4dg\u00e5rd & Fritid"},"image":{"@id":"https:\/\/truusk.store\/sv\/#\/schema\/logo\/image\/"}}]}},"jetpack_sharing_enabled":true,"_links":{"self":[{"href":"https:\/\/truusk.store\/sv\/wp-json\/wp\/v2\/product\/101226","targetHints":{"allow":["GET"]}}],"collection":[{"href":"https:\/\/truusk.store\/sv\/wp-json\/wp\/v2\/product"}],"about":[{"href":"https:\/\/truusk.store\/sv\/wp-json\/wp\/v2\/types\/product"}],"wp:featuredmedia":[{"embeddable":true,"href":"https:\/\/truusk.store\/sv\/wp-json\/wp\/v2\/media\/101217"}],"wp:attachment":[{"href":"https:\/\/truusk.store\/sv\/wp-json\/wp\/v2\/media?parent=101226"}],"wp:term":[{"taxonomy":"product_brand","embeddable":true,"href":"https:\/\/truusk.store\/sv\/wp-json\/wp\/v2\/product_brand?post=101226"},{"taxonomy":"product_cat","embeddable":true,"href":"https:\/\/truusk.store\/sv\/wp-json\/wp\/v2\/product_cat?post=101226"},{"taxonomy":"product_tag","embeddable":true,"href":"https:\/\/truusk.store\/sv\/wp-json\/wp\/v2\/product_tag?post=101226"}],"curies":[{"name":"wp","href":"https:\/\/api.w.org\/{rel}","templated":true}]}}