{"id":101236,"date":"2026-01-28T05:08:08","date_gmt":"2026-01-28T04:08:08","guid":{"rendered":"https:\/\/truusk.store\/product\/3-stegs-verktygsvagn-4-hjul-stal-83b-x-353t-x-76h-cm-bla\/"},"modified":"2026-03-12T09:41:35","modified_gmt":"2026-03-12T08:41:35","slug":"truusk-verktygsvagn-3-steg-4-hjul-stal-83b-x-353t-x-76h-cm-bla","status":"publish","type":"product","link":"https:\/\/truusk.store\/sv\/produkt\/truusk-verktygsvagn-3-steg-4-hjul-stal-83b-x-353t-x-76h-cm-bla\/","title":{"rendered":"TRUUSK Verktygsvagn 3 Steg &#8211; 4 Hjul &#8211; St\u00e5l &#8211; 83B x 35,3T x 76H cm &#8211; Bl\u00e5"},"content":{"rendered":"<p>Uppt\u00e4ck optimal verktygsf\u00f6rvaring fr\u00e5n [BRAND NAME]: En mobil verktygsvagn med 3 niv\u00e5er f\u00f6r \u00f6versk\u00e5dlig organisation av dina verktyg. Erbjuder gener\u00f6st utrymme f\u00f6r garagebehov och sm\u00e5 tillbeh\u00f6r. Fyra smidiga hjul, varav tv\u00e5 med stoppfunktion, underl\u00e4ttar mobiliteten. Ett oumb\u00e4rligt m\u00e5ste f\u00f6r varje garage eller verkstad!<\/p>\n<p>Beskrivning:<\/p>\n<ul>\n<li> Utrustad med 3-stegs brickor som erbjuder gott om lagringsutrymme<\/li>\n<li> Sidohandtag och 4 universella hjul (2 av dem med broms) underl\u00e4ttar r\u00f6relsen av denna vagn<\/li>\n<li> Robust st\u00e5lkonstruktion s\u00e4kerst\u00e4ller \u00f6verl\u00e4gsen stabilitet<\/li>\n<li> Idealisk f\u00f6r garage, verkst\u00e4der och lager<\/li>\n<li> Designad med h\u00f6ga kanter f\u00f6r att f\u00f6rhindra att f\u00f6rem\u00e5l faller ner<\/li>\n<li> Montering kr\u00e4vs<\/li>\n<\/ul>\n<p> Tekniska data:<\/p>\n<ul>\n<li> F\u00e4rg: Bl\u00e5<\/li>\n<li> Material: Kallvalsat st\u00e5l<\/li>\n<li> Totala dimensioner: 83B x 35,3D x 76H cm<\/li>\n<li> Storlek p\u00e5 \u00f6versta hyllan: 68,7B x 33,7D x 7H cm<\/li>\n<li> Storlek p\u00e5 andra hyllan: 69,5B x 34,5D x 7H cm<\/li>\n<li> Storlek p\u00e5 tredje hyllan: 70B x 35D x 7H cm<\/li>\n<li> Avst\u00e5nd mellan hyllorna: 30 cm<\/li>\n<li> B\u00e4rkapacitet: 150 kg totalt, 50 kg per hylla<\/li>\n<\/ul>\n<p>Leverans inneh\u00e5ller:<\/p>\n<ul>\n<li> 1 x Verktygsvagn<\/li>\n<li> 1 x Handbok<\/li>\n<\/ul>\n","protected":false},"excerpt":{"rendered":"<p>Uppt\u00e4ck optimal verktygsf\u00f6rvaring fr\u00e5n [BRAND NAME]: En mobil verktygsvagn med 3 niv\u00e5er f\u00f6r \u00f6versk\u00e5dlig organisation av dina verktyg. Erbjuder gener\u00f6st&#8230;<\/p>\n","protected":false},"featured_media":101227,"template":"","meta":[],"product_brand":[],"product_cat":[867,898,899],"product_tag":[],"class_list":{"0":"post-101236","1":"product","2":"type-product","3":"status-publish","4":"has-post-thumbnail","6":"product_cat-byggmarknad","7":"product_cat-gor-det-sjalv","8":"product_cat-organiseringssystemer","10":"first","11":"instock","12":"sale","13":"taxable","14":"shipping-taxable","15":"purchasable","16":"product-type-simple"},"yoast_head":"<!-- This site is optimized with the Yoast SEO plugin v25.4 - https:\/\/yoast.com\/wordpress\/plugins\/seo\/ -->\n<title>TRUUSK Verktygsvagn 3 Steg - 4 Hjul - St\u00e5l - 83B x 35,3T x 76H cm - Bl\u00e5 - TRUUSK - Hem, Tr\u00e4dg\u00e5rd &amp; Fritid<\/title>\n<meta name=\"robots\" content=\"index, follow, max-snippet:-1, max-image-preview:large, max-video-preview:-1\" \/>\n<link rel=\"canonical\" href=\"https:\/\/truusk.store\/sv\/produkt\/truusk-verktygsvagn-3-steg-4-hjul-stal-83b-x-353t-x-76h-cm-bla\/\" \/>\n<meta property=\"og:locale\" content=\"sv_SE\" \/>\n<meta property=\"og:type\" content=\"article\" \/>\n<meta property=\"og:title\" content=\"TRUUSK Verktygsvagn 3 Steg - 4 Hjul - St\u00e5l - 83B x 35,3T x 76H cm - Bl\u00e5 - TRUUSK - Hem, Tr\u00e4dg\u00e5rd &amp; Fritid\" \/>\n<meta property=\"og:description\" content=\"Uppt\u00e4ck optimal verktygsf\u00f6rvaring fr\u00e5n [BRAND NAME]: En mobil verktygsvagn med 3 niv\u00e5er f\u00f6r \u00f6versk\u00e5dlig organisation av dina verktyg. Erbjuder gener\u00f6st...\" \/>\n<meta property=\"og:url\" content=\"https:\/\/truusk.store\/sv\/produkt\/truusk-verktygsvagn-3-steg-4-hjul-stal-83b-x-353t-x-76h-cm-bla\/\" \/>\n<meta property=\"og:site_name\" content=\"TRUUSK - Hem, Tr\u00e4dg\u00e5rd &amp; Fritid\" \/>\n<meta property=\"article:modified_time\" content=\"2026-03-12T08:41:35+00:00\" \/>\n<meta property=\"og:image\" content=\"https:\/\/i0.wp.com\/truusk.se\/wp-content\/uploads\/2026\/01\/3-stegs-verktygsvagn-4-hjul-stal-83b-x-353t-x-76h-cm-bla-1.webp?fit=2000%2C2000&ssl=1\" \/>\n\t<meta property=\"og:image:width\" content=\"2000\" \/>\n\t<meta property=\"og:image:height\" content=\"2000\" \/>\n\t<meta property=\"og:image:type\" content=\"image\/webp\" \/>\n<meta name=\"twitter:card\" content=\"summary_large_image\" \/>\n<meta name=\"twitter:label1\" content=\"Ber\u00e4knad l\u00e4stid\" \/>\n\t<meta name=\"twitter:data1\" content=\"1 minut\" \/>\n<!-- \/ Yoast SEO plugin. -->","yoast_head_json":{"title":"TRUUSK Verktygsvagn 3 Steg - 4 Hjul - St\u00e5l - 83B x 35,3T x 76H cm - Bl\u00e5 - TRUUSK - Hem, Tr\u00e4dg\u00e5rd &amp; Fritid","robots":{"index":"index","follow":"follow","max-snippet":"max-snippet:-1","max-image-preview":"max-image-preview:large","max-video-preview":"max-video-preview:-1"},"canonical":"https:\/\/truusk.store\/sv\/produkt\/truusk-verktygsvagn-3-steg-4-hjul-stal-83b-x-353t-x-76h-cm-bla\/","og_locale":"sv_SE","og_type":"article","og_title":"TRUUSK Verktygsvagn 3 Steg - 4 Hjul - St\u00e5l - 83B x 35,3T x 76H cm - Bl\u00e5 - TRUUSK - Hem, Tr\u00e4dg\u00e5rd &amp; Fritid","og_description":"Uppt\u00e4ck optimal verktygsf\u00f6rvaring fr\u00e5n [BRAND NAME]: En mobil verktygsvagn med 3 niv\u00e5er f\u00f6r \u00f6versk\u00e5dlig organisation av dina verktyg. Erbjuder gener\u00f6st...","og_url":"https:\/\/truusk.store\/sv\/produkt\/truusk-verktygsvagn-3-steg-4-hjul-stal-83b-x-353t-x-76h-cm-bla\/","og_site_name":"TRUUSK - Hem, Tr\u00e4dg\u00e5rd &amp; Fritid","article_modified_time":"2026-03-12T08:41:35+00:00","og_image":[{"width":2000,"height":2000,"url":"https:\/\/i0.wp.com\/truusk.se\/wp-content\/uploads\/2026\/01\/3-stegs-verktygsvagn-4-hjul-stal-83b-x-353t-x-76h-cm-bla-1.webp?fit=2000%2C2000&ssl=1","type":"image\/webp"}],"twitter_card":"summary_large_image","twitter_misc":{"Ber\u00e4knad l\u00e4stid":"1 minut"},"schema":{"@context":"https:\/\/schema.org","@graph":[{"@type":"WebPage","@id":"https:\/\/truusk.store\/sv\/produkt\/truusk-verktygsvagn-3-steg-4-hjul-stal-83b-x-353t-x-76h-cm-bla\/","url":"https:\/\/truusk.store\/sv\/produkt\/truusk-verktygsvagn-3-steg-4-hjul-stal-83b-x-353t-x-76h-cm-bla\/","name":"TRUUSK Verktygsvagn 3 Steg - 4 Hjul - St\u00e5l - 83B x 35,3T x 76H cm - Bl\u00e5 - TRUUSK - Hem, Tr\u00e4dg\u00e5rd &amp; Fritid","isPartOf":{"@id":"https:\/\/truusk.store\/sv\/#website"},"primaryImageOfPage":{"@id":"https:\/\/truusk.store\/sv\/produkt\/truusk-verktygsvagn-3-steg-4-hjul-stal-83b-x-353t-x-76h-cm-bla\/#primaryimage"},"image":{"@id":"https:\/\/truusk.store\/sv\/produkt\/truusk-verktygsvagn-3-steg-4-hjul-stal-83b-x-353t-x-76h-cm-bla\/#primaryimage"},"thumbnailUrl":"https:\/\/i0.wp.com\/truusk.store\/wp-content\/uploads\/2026\/01\/3-stegs-verktygsvagn-4-hjul-stal-83b-x-353t-x-76h-cm-bla-1.webp?fit=2000%2C2000&ssl=1","datePublished":"2026-01-28T04:08:08+00:00","dateModified":"2026-03-12T08:41:35+00:00","breadcrumb":{"@id":"https:\/\/truusk.store\/sv\/produkt\/truusk-verktygsvagn-3-steg-4-hjul-stal-83b-x-353t-x-76h-cm-bla\/#breadcrumb"},"inLanguage":"sv-SE","potentialAction":[{"@type":"ReadAction","target":["https:\/\/truusk.store\/sv\/produkt\/truusk-verktygsvagn-3-steg-4-hjul-stal-83b-x-353t-x-76h-cm-bla\/"]}]},{"@type":"ImageObject","inLanguage":"sv-SE","@id":"https:\/\/truusk.store\/sv\/produkt\/truusk-verktygsvagn-3-steg-4-hjul-stal-83b-x-353t-x-76h-cm-bla\/#primaryimage","url":"https:\/\/i0.wp.com\/truusk.store\/wp-content\/uploads\/2026\/01\/3-stegs-verktygsvagn-4-hjul-stal-83b-x-353t-x-76h-cm-bla-1.webp?fit=2000%2C2000&ssl=1","contentUrl":"https:\/\/i0.wp.com\/truusk.store\/wp-content\/uploads\/2026\/01\/3-stegs-verktygsvagn-4-hjul-stal-83b-x-353t-x-76h-cm-bla-1.webp?fit=2000%2C2000&ssl=1","width":2000,"height":2000},{"@type":"BreadcrumbList","@id":"https:\/\/truusk.store\/sv\/produkt\/truusk-verktygsvagn-3-steg-4-hjul-stal-83b-x-353t-x-76h-cm-bla\/#breadcrumb","itemListElement":[{"@type":"ListItem","position":1,"name":"Home","item":"https:\/\/truusk.store\/sv\/"},{"@type":"ListItem","position":2,"name":"Shop","item":"https:\/\/truusk.store\/shop\/"},{"@type":"ListItem","position":3,"name":"TRUUSK Verktygsvagn 3 Steg &#8211; 4 Hjul &#8211; St\u00e5l &#8211; 83B x 35,3T x 76H cm &#8211; Bl\u00e5"}]},{"@type":"WebSite","@id":"https:\/\/truusk.store\/sv\/#website","url":"https:\/\/truusk.store\/sv\/","name":"TRUUSK - Hem, Tr\u00e4dg\u00e5rd & Fritid","description":"","publisher":{"@id":"https:\/\/truusk.store\/sv\/#organization"},"potentialAction":[{"@type":"SearchAction","target":{"@type":"EntryPoint","urlTemplate":"https:\/\/truusk.store\/sv\/?s={search_term_string}"},"query-input":{"@type":"PropertyValueSpecification","valueRequired":true,"valueName":"search_term_string"}}],"inLanguage":"sv-SE"},{"@type":"Organization","@id":"https:\/\/truusk.store\/sv\/#organization","name":"TRUUSK - Hem, Tr\u00e4dg\u00e5rd & Fritid","url":"https:\/\/truusk.store\/sv\/","logo":{"@type":"ImageObject","inLanguage":"sv-SE","@id":"https:\/\/truusk.store\/sv\/#\/schema\/logo\/image\/","url":"https:\/\/i0.wp.com\/truusk.store\/wp-content\/uploads\/2026\/03\/cropped-TRUUSK.png?fit=2032%2C917&ssl=1","contentUrl":"https:\/\/i0.wp.com\/truusk.store\/wp-content\/uploads\/2026\/03\/cropped-TRUUSK.png?fit=2032%2C917&ssl=1","width":2032,"height":917,"caption":"TRUUSK - Hem, Tr\u00e4dg\u00e5rd & Fritid"},"image":{"@id":"https:\/\/truusk.store\/sv\/#\/schema\/logo\/image\/"}}]}},"jetpack_sharing_enabled":true,"_links":{"self":[{"href":"https:\/\/truusk.store\/sv\/wp-json\/wp\/v2\/product\/101236","targetHints":{"allow":["GET"]}}],"collection":[{"href":"https:\/\/truusk.store\/sv\/wp-json\/wp\/v2\/product"}],"about":[{"href":"https:\/\/truusk.store\/sv\/wp-json\/wp\/v2\/types\/product"}],"wp:featuredmedia":[{"embeddable":true,"href":"https:\/\/truusk.store\/sv\/wp-json\/wp\/v2\/media\/101227"}],"wp:attachment":[{"href":"https:\/\/truusk.store\/sv\/wp-json\/wp\/v2\/media?parent=101236"}],"wp:term":[{"taxonomy":"product_brand","embeddable":true,"href":"https:\/\/truusk.store\/sv\/wp-json\/wp\/v2\/product_brand?post=101236"},{"taxonomy":"product_cat","embeddable":true,"href":"https:\/\/truusk.store\/sv\/wp-json\/wp\/v2\/product_cat?post=101236"},{"taxonomy":"product_tag","embeddable":true,"href":"https:\/\/truusk.store\/sv\/wp-json\/wp\/v2\/product_tag?post=101236"}],"curies":[{"name":"wp","href":"https:\/\/api.w.org\/{rel}","templated":true}]}}