{"id":101246,"date":"2026-01-28T05:09:23","date_gmt":"2026-01-28T04:09:23","guid":{"rendered":"https:\/\/truusk.store\/product\/2-pack-barstolar-i-skandi-design-fotstod-43-cm-x-43-cm-x-91-cm-natur-svart\/"},"modified":"2026-03-12T09:41:36","modified_gmt":"2026-03-12T08:41:36","slug":"truusk-skandinavisk-design-barstolar-2-pack-fotstod-matt-43-cm-x-43-cm-x-91-cm-natur-svart","status":"publish","type":"product","link":"https:\/\/truusk.store\/sv\/produkt\/truusk-skandinavisk-design-barstolar-2-pack-fotstod-matt-43-cm-x-43-cm-x-91-cm-natur-svart\/","title":{"rendered":"TRUUSK Skandinavisk Design Barstolar 2-pack &#8211; Fotst\u00f6d &#8211; M\u00e5tt 43 cm x 43 cm x 91 cm &#8211; Natur + Svart"},"content":{"rendered":"<p>Skandinavisk design och h\u00f6g funktionalitet k\u00e4nnetecknar detta set med 2 [BRAND NAME] barstolar f\u00f6r ditt k\u00f6k eller matsal. K\u00f6ksstolarna \u00e4r mycket stabila eftersom de har en ram av massivt tr\u00e4 med halkfri botten, vilket ger mer stabilitet och s\u00e4kerhet och f\u00f6rhindrar att de v\u00e4lter. Fotst\u00f6d av st\u00e5l g\u00f6r att benen kan vila.<\/p>\n<p>Beskrivning:<\/p>\n<ul>\n<li> Set med 2 barstolar i skandinavisk design, perfekt f\u00f6r att ge ditt hem en touch av elegans<\/li>\n<li> H\u00f6g k\u00f6ksstol med ram av massivt tr\u00e4, fotst\u00f6d av st\u00e5l, sits av svart polypropen: vacker material- och f\u00e4rgmix<\/li>\n<li> Barstol med kompakta dimensioner, idealisk f\u00f6r barer, k\u00f6k, kaf\u00e9er etc<\/li>\n<li> Mycket bekv\u00e4m barstol: sits av h\u00f6gdensitetsskum och b\u00f6jd ryggst\u00f6d<\/li>\n<li> Halkfri stoppning: optimal stabilitet, ingen risk f\u00f6r repor p\u00e5 golvet<\/li>\n<li> Enkel montering tack vare den medf\u00f6ljande illustrerade monteringsanvisningen<\/li>\n<\/ul>\n<p> Tekniska data:<\/p>\n<ul>\n<li> F\u00e4rg: Svart<\/li>\n<li> Material: Konstl\u00e4der, plast, boktr\u00e4, st\u00e5l<\/li>\n<li> Totala dimensioner: 43L x 43B x 91H cm<\/li>\n<li> Sitsdimensioner: 38,5L x 33B cm<\/li>\n<li> Sitth\u00f6jd: 69 cm<\/li>\n<li> Ryggst\u00f6dets dimensioner: 23L x 36B cm<\/li>\n<li> H\u00f6jd p\u00e5 fotst\u00f6d: 30 cm<\/li>\n<li> B\u00e4rkapacitet: 120 kg<\/li>\n<\/ul>\n<p>Leverans inneh\u00e5ller:<\/p>\n<ul>\n<li> 2 x Barstolar<\/li>\n<li> 1 x Monteringsanvisning<\/li>\n<\/ul>\n","protected":false},"excerpt":{"rendered":"<p>Skandinavisk design och h\u00f6g funktionalitet k\u00e4nnetecknar detta set med 2 [BRAND NAME] barstolar f\u00f6r ditt k\u00f6k eller matsal. K\u00f6ksstolarna \u00e4r&#8230;<\/p>\n","protected":false},"featured_media":101237,"template":"","meta":[],"product_brand":[],"product_cat":[643,871,889],"product_tag":[],"class_list":{"0":"post-101246","1":"product","2":"type-product","3":"status-publish","4":"has-post-thumbnail","6":"product_cat-barnstolar","7":"product_cat-hus-hem","8":"product_cat-kok-matsal","10":"first","11":"instock","12":"sale","13":"taxable","14":"shipping-taxable","15":"purchasable","16":"product-type-simple"},"yoast_head":"<!-- This site is optimized with the Yoast SEO plugin v25.4 - https:\/\/yoast.com\/wordpress\/plugins\/seo\/ -->\n<title>TRUUSK Skandinavisk Design Barstolar 2-pack - Fotst\u00f6d - M\u00e5tt 43 cm x 43 cm x 91 cm - Natur + Svart - TRUUSK - Hem, Tr\u00e4dg\u00e5rd &amp; Fritid<\/title>\n<meta name=\"robots\" content=\"index, follow, max-snippet:-1, max-image-preview:large, max-video-preview:-1\" \/>\n<link rel=\"canonical\" href=\"https:\/\/truusk.store\/sv\/produkt\/truusk-skandinavisk-design-barstolar-2-pack-fotstod-matt-43-cm-x-43-cm-x-91-cm-natur-svart\/\" \/>\n<meta property=\"og:locale\" content=\"sv_SE\" \/>\n<meta property=\"og:type\" content=\"article\" \/>\n<meta property=\"og:title\" content=\"TRUUSK Skandinavisk Design Barstolar 2-pack - Fotst\u00f6d - M\u00e5tt 43 cm x 43 cm x 91 cm - Natur + Svart - TRUUSK - Hem, Tr\u00e4dg\u00e5rd &amp; Fritid\" \/>\n<meta property=\"og:description\" content=\"Skandinavisk design och h\u00f6g funktionalitet k\u00e4nnetecknar detta set med 2 [BRAND NAME] barstolar f\u00f6r ditt k\u00f6k eller matsal. K\u00f6ksstolarna \u00e4r...\" \/>\n<meta property=\"og:url\" content=\"https:\/\/truusk.store\/sv\/produkt\/truusk-skandinavisk-design-barstolar-2-pack-fotstod-matt-43-cm-x-43-cm-x-91-cm-natur-svart\/\" \/>\n<meta property=\"og:site_name\" content=\"TRUUSK - Hem, Tr\u00e4dg\u00e5rd &amp; Fritid\" \/>\n<meta property=\"article:modified_time\" content=\"2026-03-12T08:41:36+00:00\" \/>\n<meta property=\"og:image\" content=\"https:\/\/i0.wp.com\/truusk.se\/wp-content\/uploads\/2026\/01\/2-pack-barstolar-i-skandi-design-fotstod-43-cm-x-43-cm-x-91-cm-natur-svart-1.webp?fit=2000%2C2000&ssl=1\" \/>\n\t<meta property=\"og:image:width\" content=\"2000\" \/>\n\t<meta property=\"og:image:height\" content=\"2000\" \/>\n\t<meta property=\"og:image:type\" content=\"image\/webp\" \/>\n<meta name=\"twitter:card\" content=\"summary_large_image\" \/>\n<meta name=\"twitter:label1\" content=\"Ber\u00e4knad l\u00e4stid\" \/>\n\t<meta name=\"twitter:data1\" content=\"1 minut\" \/>\n<!-- \/ Yoast SEO plugin. -->","yoast_head_json":{"title":"TRUUSK Skandinavisk Design Barstolar 2-pack - Fotst\u00f6d - M\u00e5tt 43 cm x 43 cm x 91 cm - Natur + Svart - TRUUSK - Hem, Tr\u00e4dg\u00e5rd &amp; Fritid","robots":{"index":"index","follow":"follow","max-snippet":"max-snippet:-1","max-image-preview":"max-image-preview:large","max-video-preview":"max-video-preview:-1"},"canonical":"https:\/\/truusk.store\/sv\/produkt\/truusk-skandinavisk-design-barstolar-2-pack-fotstod-matt-43-cm-x-43-cm-x-91-cm-natur-svart\/","og_locale":"sv_SE","og_type":"article","og_title":"TRUUSK Skandinavisk Design Barstolar 2-pack - Fotst\u00f6d - M\u00e5tt 43 cm x 43 cm x 91 cm - Natur + Svart - TRUUSK - Hem, Tr\u00e4dg\u00e5rd &amp; Fritid","og_description":"Skandinavisk design och h\u00f6g funktionalitet k\u00e4nnetecknar detta set med 2 [BRAND NAME] barstolar f\u00f6r ditt k\u00f6k eller matsal. K\u00f6ksstolarna \u00e4r...","og_url":"https:\/\/truusk.store\/sv\/produkt\/truusk-skandinavisk-design-barstolar-2-pack-fotstod-matt-43-cm-x-43-cm-x-91-cm-natur-svart\/","og_site_name":"TRUUSK - Hem, Tr\u00e4dg\u00e5rd &amp; Fritid","article_modified_time":"2026-03-12T08:41:36+00:00","og_image":[{"width":2000,"height":2000,"url":"https:\/\/i0.wp.com\/truusk.se\/wp-content\/uploads\/2026\/01\/2-pack-barstolar-i-skandi-design-fotstod-43-cm-x-43-cm-x-91-cm-natur-svart-1.webp?fit=2000%2C2000&ssl=1","type":"image\/webp"}],"twitter_card":"summary_large_image","twitter_misc":{"Ber\u00e4knad l\u00e4stid":"1 minut"},"schema":{"@context":"https:\/\/schema.org","@graph":[{"@type":"WebPage","@id":"https:\/\/truusk.store\/sv\/produkt\/truusk-skandinavisk-design-barstolar-2-pack-fotstod-matt-43-cm-x-43-cm-x-91-cm-natur-svart\/","url":"https:\/\/truusk.store\/sv\/produkt\/truusk-skandinavisk-design-barstolar-2-pack-fotstod-matt-43-cm-x-43-cm-x-91-cm-natur-svart\/","name":"TRUUSK Skandinavisk Design Barstolar 2-pack - Fotst\u00f6d - M\u00e5tt 43 cm x 43 cm x 91 cm - Natur + Svart - TRUUSK - Hem, Tr\u00e4dg\u00e5rd &amp; Fritid","isPartOf":{"@id":"https:\/\/truusk.store\/sv\/#website"},"primaryImageOfPage":{"@id":"https:\/\/truusk.store\/sv\/produkt\/truusk-skandinavisk-design-barstolar-2-pack-fotstod-matt-43-cm-x-43-cm-x-91-cm-natur-svart\/#primaryimage"},"image":{"@id":"https:\/\/truusk.store\/sv\/produkt\/truusk-skandinavisk-design-barstolar-2-pack-fotstod-matt-43-cm-x-43-cm-x-91-cm-natur-svart\/#primaryimage"},"thumbnailUrl":"https:\/\/i0.wp.com\/truusk.store\/wp-content\/uploads\/2026\/01\/2-pack-barstolar-i-skandi-design-fotstod-43-cm-x-43-cm-x-91-cm-natur-svart-1.webp?fit=2000%2C2000&ssl=1","datePublished":"2026-01-28T04:09:23+00:00","dateModified":"2026-03-12T08:41:36+00:00","breadcrumb":{"@id":"https:\/\/truusk.store\/sv\/produkt\/truusk-skandinavisk-design-barstolar-2-pack-fotstod-matt-43-cm-x-43-cm-x-91-cm-natur-svart\/#breadcrumb"},"inLanguage":"sv-SE","potentialAction":[{"@type":"ReadAction","target":["https:\/\/truusk.store\/sv\/produkt\/truusk-skandinavisk-design-barstolar-2-pack-fotstod-matt-43-cm-x-43-cm-x-91-cm-natur-svart\/"]}]},{"@type":"ImageObject","inLanguage":"sv-SE","@id":"https:\/\/truusk.store\/sv\/produkt\/truusk-skandinavisk-design-barstolar-2-pack-fotstod-matt-43-cm-x-43-cm-x-91-cm-natur-svart\/#primaryimage","url":"https:\/\/i0.wp.com\/truusk.store\/wp-content\/uploads\/2026\/01\/2-pack-barstolar-i-skandi-design-fotstod-43-cm-x-43-cm-x-91-cm-natur-svart-1.webp?fit=2000%2C2000&ssl=1","contentUrl":"https:\/\/i0.wp.com\/truusk.store\/wp-content\/uploads\/2026\/01\/2-pack-barstolar-i-skandi-design-fotstod-43-cm-x-43-cm-x-91-cm-natur-svart-1.webp?fit=2000%2C2000&ssl=1","width":2000,"height":2000},{"@type":"BreadcrumbList","@id":"https:\/\/truusk.store\/sv\/produkt\/truusk-skandinavisk-design-barstolar-2-pack-fotstod-matt-43-cm-x-43-cm-x-91-cm-natur-svart\/#breadcrumb","itemListElement":[{"@type":"ListItem","position":1,"name":"Home","item":"https:\/\/truusk.store\/sv\/"},{"@type":"ListItem","position":2,"name":"Shop","item":"https:\/\/truusk.store\/shop\/"},{"@type":"ListItem","position":3,"name":"TRUUSK Skandinavisk Design Barstolar 2-pack &#8211; Fotst\u00f6d &#8211; M\u00e5tt 43 cm x 43 cm x 91 cm &#8211; Natur + Svart"}]},{"@type":"WebSite","@id":"https:\/\/truusk.store\/sv\/#website","url":"https:\/\/truusk.store\/sv\/","name":"TRUUSK - Hem, Tr\u00e4dg\u00e5rd & Fritid","description":"","publisher":{"@id":"https:\/\/truusk.store\/sv\/#organization"},"potentialAction":[{"@type":"SearchAction","target":{"@type":"EntryPoint","urlTemplate":"https:\/\/truusk.store\/sv\/?s={search_term_string}"},"query-input":{"@type":"PropertyValueSpecification","valueRequired":true,"valueName":"search_term_string"}}],"inLanguage":"sv-SE"},{"@type":"Organization","@id":"https:\/\/truusk.store\/sv\/#organization","name":"TRUUSK - Hem, Tr\u00e4dg\u00e5rd & Fritid","url":"https:\/\/truusk.store\/sv\/","logo":{"@type":"ImageObject","inLanguage":"sv-SE","@id":"https:\/\/truusk.store\/sv\/#\/schema\/logo\/image\/","url":"https:\/\/i0.wp.com\/truusk.store\/wp-content\/uploads\/2026\/03\/cropped-TRUUSK.png?fit=2032%2C917&ssl=1","contentUrl":"https:\/\/i0.wp.com\/truusk.store\/wp-content\/uploads\/2026\/03\/cropped-TRUUSK.png?fit=2032%2C917&ssl=1","width":2032,"height":917,"caption":"TRUUSK - Hem, Tr\u00e4dg\u00e5rd & Fritid"},"image":{"@id":"https:\/\/truusk.store\/sv\/#\/schema\/logo\/image\/"}}]}},"jetpack_sharing_enabled":true,"_links":{"self":[{"href":"https:\/\/truusk.store\/sv\/wp-json\/wp\/v2\/product\/101246","targetHints":{"allow":["GET"]}}],"collection":[{"href":"https:\/\/truusk.store\/sv\/wp-json\/wp\/v2\/product"}],"about":[{"href":"https:\/\/truusk.store\/sv\/wp-json\/wp\/v2\/types\/product"}],"wp:featuredmedia":[{"embeddable":true,"href":"https:\/\/truusk.store\/sv\/wp-json\/wp\/v2\/media\/101237"}],"wp:attachment":[{"href":"https:\/\/truusk.store\/sv\/wp-json\/wp\/v2\/media?parent=101246"}],"wp:term":[{"taxonomy":"product_brand","embeddable":true,"href":"https:\/\/truusk.store\/sv\/wp-json\/wp\/v2\/product_brand?post=101246"},{"taxonomy":"product_cat","embeddable":true,"href":"https:\/\/truusk.store\/sv\/wp-json\/wp\/v2\/product_cat?post=101246"},{"taxonomy":"product_tag","embeddable":true,"href":"https:\/\/truusk.store\/sv\/wp-json\/wp\/v2\/product_tag?post=101246"}],"curies":[{"name":"wp","href":"https:\/\/api.w.org\/{rel}","templated":true}]}}