{"id":101259,"date":"2026-01-28T05:10:23","date_gmt":"2026-01-28T04:10:23","guid":{"rendered":"https:\/\/truusk.store\/product\/stadvagn-rengoringsvagn-med-3-nivaer-moppvagn-med-press-2x18l-hinkar-for-hotell\/"},"modified":"2026-03-12T09:42:24","modified_gmt":"2026-03-12T08:42:24","slug":"truusk-rengoringsvagn-med-3-nivaer-moppvagn-med-press-2x18l-hinkar-for-hotell","status":"publish","type":"product","link":"https:\/\/truusk.store\/sv\/produkt\/truusk-rengoringsvagn-med-3-nivaer-moppvagn-med-press-2x18l-hinkar-for-hotell\/","title":{"rendered":"TRUUSK Reng\u00f6ringsvagn med 3 niv\u00e5er &#8211; Moppvagn med Press &#8211; 2x18L Hinkar f\u00f6r Hotell"},"content":{"rendered":"<p>[BRAND NAME] st\u00e4dvagn erbjuder den idealiska l\u00f6sningen f\u00f6r fl\u00e4ckfria golv i hotell, skolor, k\u00f6pcentrum och offentliga anl\u00e4ggningar. Tillverkad av robust plast, imponerar den med sin h\u00e5llbarhet. Den genomt\u00e4nkta designen p\u00e5 st\u00e4dvagnen integrerar ett f\u00f6rvaringsfack, en bricka och en stor canvasp\u00e5se f\u00f6r skr\u00e4p. Med fem hjul och ett praktiskt handtag kan den enkelt flyttas och transporteras.<\/p>\n<p>Beskrivning:<\/p>\n<ul>\n<li> Idealisk st\u00e4dvagn f\u00f6r hotell, restauranger, sjukhus och kontor<\/li>\n<li> Flerstegshyllor och f\u00f6rvaringsutrymmen f\u00f6r organiserad f\u00f6rvaring<\/li>\n<li> Utrustad med en mopp-press<\/li>\n<li> Stor canvasavfallsp\u00e5se p\u00e5 st\u00e4dvagnen f\u00f6r professionell anv\u00e4ndning<\/li>\n<li> Praktisk sidospalt<\/li>\n<li> Inneh\u00e5ller tv\u00e5 18-liters hinkar i olika f\u00e4rger<\/li>\n<li> Bekv\u00e4mt handtag och fem hjul f\u00f6r enkel r\u00f6rlighet<\/li>\n<\/ul>\n<p> Tekniska data:<\/p>\n<ul>\n<li> F\u00e4rg: Gr\u00e5+Bl\u00e5+Orange<\/li>\n<li> Material: Metall, plast, Oxford-tyg<\/li>\n<li> Totala m\u00e5tt: 111L x 63,3B x 103H cm<\/li>\n<li> M\u00e5tt f\u00f6rvaringsutrymme: 49,6L x 32,4B x 12H cm<\/li>\n<li> M\u00e5tt avfallsp\u00e5se: 69L x 37B cm<\/li>\n<li> M\u00e5tt p\u00e5 mopp-press: 26,5L x 20,5B x 56,5H cm<\/li>\n<li> Kapacitet hinkar: 18 L<\/li>\n<li> Maximal belastningskapacitet: 25 kg<\/li>\n<\/ul>\n<p>Leveransinneh\u00e5ll:<\/p>\n<ul>\n<li> 1 x St\u00e4dvagn<\/li>\n<li> 1 x Monteringsanvisning<\/li>\n<\/ul>\n","protected":false},"excerpt":{"rendered":"<p>[BRAND NAME] st\u00e4dvagn erbjuder den idealiska l\u00f6sningen f\u00f6r fl\u00e4ckfria golv i hotell, skolor, k\u00f6pcentrum och offentliga anl\u00e4ggningar. Tillverkad av robust&#8230;<\/p>\n","protected":false},"featured_media":101247,"template":"","meta":[],"product_brand":[],"product_cat":[867,869,687],"product_tag":[],"class_list":{"0":"post-101259","1":"product","2":"type-product","3":"status-publish","4":"has-post-thumbnail","6":"product_cat-byggmarknad","7":"product_cat-rengoring-ordning","8":"product_cat-stadutrustning","10":"first","11":"instock","12":"sale","13":"taxable","14":"shipping-taxable","15":"purchasable","16":"product-type-simple"},"yoast_head":"<!-- This site is optimized with the Yoast SEO plugin v25.4 - https:\/\/yoast.com\/wordpress\/plugins\/seo\/ -->\n<title>TRUUSK Reng\u00f6ringsvagn med 3 niv\u00e5er - Moppvagn med Press - 2x18L Hinkar f\u00f6r Hotell - TRUUSK - Hem, Tr\u00e4dg\u00e5rd &amp; Fritid<\/title>\n<meta name=\"robots\" content=\"index, follow, max-snippet:-1, max-image-preview:large, max-video-preview:-1\" \/>\n<link rel=\"canonical\" href=\"https:\/\/truusk.store\/sv\/produkt\/truusk-rengoringsvagn-med-3-nivaer-moppvagn-med-press-2x18l-hinkar-for-hotell\/\" \/>\n<meta property=\"og:locale\" content=\"sv_SE\" \/>\n<meta property=\"og:type\" content=\"article\" \/>\n<meta property=\"og:title\" content=\"TRUUSK Reng\u00f6ringsvagn med 3 niv\u00e5er - Moppvagn med Press - 2x18L Hinkar f\u00f6r Hotell - TRUUSK - Hem, Tr\u00e4dg\u00e5rd &amp; Fritid\" \/>\n<meta property=\"og:description\" content=\"[BRAND NAME] st\u00e4dvagn erbjuder den idealiska l\u00f6sningen f\u00f6r fl\u00e4ckfria golv i hotell, skolor, k\u00f6pcentrum och offentliga anl\u00e4ggningar. Tillverkad av robust...\" \/>\n<meta property=\"og:url\" content=\"https:\/\/truusk.store\/sv\/produkt\/truusk-rengoringsvagn-med-3-nivaer-moppvagn-med-press-2x18l-hinkar-for-hotell\/\" \/>\n<meta property=\"og:site_name\" content=\"TRUUSK - Hem, Tr\u00e4dg\u00e5rd &amp; Fritid\" \/>\n<meta property=\"article:modified_time\" content=\"2026-03-12T08:42:24+00:00\" \/>\n<meta property=\"og:image\" content=\"https:\/\/i0.wp.com\/truusk.se\/wp-content\/uploads\/2026\/01\/stadvagn-rengoringsvagn-med-3-nivaer-moppvagn-med-press-2x18l-hinkar-for-hotell-1.webp?fit=2000%2C2000&ssl=1\" \/>\n\t<meta property=\"og:image:width\" content=\"2000\" \/>\n\t<meta property=\"og:image:height\" content=\"2000\" \/>\n\t<meta property=\"og:image:type\" content=\"image\/webp\" \/>\n<meta name=\"twitter:card\" content=\"summary_large_image\" \/>\n<meta name=\"twitter:label1\" content=\"Ber\u00e4knad l\u00e4stid\" \/>\n\t<meta name=\"twitter:data1\" content=\"1 minut\" \/>\n<!-- \/ Yoast SEO plugin. -->","yoast_head_json":{"title":"TRUUSK Reng\u00f6ringsvagn med 3 niv\u00e5er - Moppvagn med Press - 2x18L Hinkar f\u00f6r Hotell - TRUUSK - Hem, Tr\u00e4dg\u00e5rd &amp; Fritid","robots":{"index":"index","follow":"follow","max-snippet":"max-snippet:-1","max-image-preview":"max-image-preview:large","max-video-preview":"max-video-preview:-1"},"canonical":"https:\/\/truusk.store\/sv\/produkt\/truusk-rengoringsvagn-med-3-nivaer-moppvagn-med-press-2x18l-hinkar-for-hotell\/","og_locale":"sv_SE","og_type":"article","og_title":"TRUUSK Reng\u00f6ringsvagn med 3 niv\u00e5er - Moppvagn med Press - 2x18L Hinkar f\u00f6r Hotell - TRUUSK - Hem, Tr\u00e4dg\u00e5rd &amp; Fritid","og_description":"[BRAND NAME] st\u00e4dvagn erbjuder den idealiska l\u00f6sningen f\u00f6r fl\u00e4ckfria golv i hotell, skolor, k\u00f6pcentrum och offentliga anl\u00e4ggningar. Tillverkad av robust...","og_url":"https:\/\/truusk.store\/sv\/produkt\/truusk-rengoringsvagn-med-3-nivaer-moppvagn-med-press-2x18l-hinkar-for-hotell\/","og_site_name":"TRUUSK - Hem, Tr\u00e4dg\u00e5rd &amp; Fritid","article_modified_time":"2026-03-12T08:42:24+00:00","og_image":[{"width":2000,"height":2000,"url":"https:\/\/i0.wp.com\/truusk.se\/wp-content\/uploads\/2026\/01\/stadvagn-rengoringsvagn-med-3-nivaer-moppvagn-med-press-2x18l-hinkar-for-hotell-1.webp?fit=2000%2C2000&ssl=1","type":"image\/webp"}],"twitter_card":"summary_large_image","twitter_misc":{"Ber\u00e4knad l\u00e4stid":"1 minut"},"schema":{"@context":"https:\/\/schema.org","@graph":[{"@type":"WebPage","@id":"https:\/\/truusk.store\/sv\/produkt\/truusk-rengoringsvagn-med-3-nivaer-moppvagn-med-press-2x18l-hinkar-for-hotell\/","url":"https:\/\/truusk.store\/sv\/produkt\/truusk-rengoringsvagn-med-3-nivaer-moppvagn-med-press-2x18l-hinkar-for-hotell\/","name":"TRUUSK Reng\u00f6ringsvagn med 3 niv\u00e5er - Moppvagn med Press - 2x18L Hinkar f\u00f6r Hotell - TRUUSK - Hem, Tr\u00e4dg\u00e5rd &amp; Fritid","isPartOf":{"@id":"https:\/\/truusk.store\/sv\/#website"},"primaryImageOfPage":{"@id":"https:\/\/truusk.store\/sv\/produkt\/truusk-rengoringsvagn-med-3-nivaer-moppvagn-med-press-2x18l-hinkar-for-hotell\/#primaryimage"},"image":{"@id":"https:\/\/truusk.store\/sv\/produkt\/truusk-rengoringsvagn-med-3-nivaer-moppvagn-med-press-2x18l-hinkar-for-hotell\/#primaryimage"},"thumbnailUrl":"https:\/\/i0.wp.com\/truusk.store\/wp-content\/uploads\/2026\/01\/stadvagn-rengoringsvagn-med-3-nivaer-moppvagn-med-press-2x18l-hinkar-for-hotell-1.webp?fit=2000%2C2000&ssl=1","datePublished":"2026-01-28T04:10:23+00:00","dateModified":"2026-03-12T08:42:24+00:00","breadcrumb":{"@id":"https:\/\/truusk.store\/sv\/produkt\/truusk-rengoringsvagn-med-3-nivaer-moppvagn-med-press-2x18l-hinkar-for-hotell\/#breadcrumb"},"inLanguage":"sv-SE","potentialAction":[{"@type":"ReadAction","target":["https:\/\/truusk.store\/sv\/produkt\/truusk-rengoringsvagn-med-3-nivaer-moppvagn-med-press-2x18l-hinkar-for-hotell\/"]}]},{"@type":"ImageObject","inLanguage":"sv-SE","@id":"https:\/\/truusk.store\/sv\/produkt\/truusk-rengoringsvagn-med-3-nivaer-moppvagn-med-press-2x18l-hinkar-for-hotell\/#primaryimage","url":"https:\/\/i0.wp.com\/truusk.store\/wp-content\/uploads\/2026\/01\/stadvagn-rengoringsvagn-med-3-nivaer-moppvagn-med-press-2x18l-hinkar-for-hotell-1.webp?fit=2000%2C2000&ssl=1","contentUrl":"https:\/\/i0.wp.com\/truusk.store\/wp-content\/uploads\/2026\/01\/stadvagn-rengoringsvagn-med-3-nivaer-moppvagn-med-press-2x18l-hinkar-for-hotell-1.webp?fit=2000%2C2000&ssl=1","width":2000,"height":2000},{"@type":"BreadcrumbList","@id":"https:\/\/truusk.store\/sv\/produkt\/truusk-rengoringsvagn-med-3-nivaer-moppvagn-med-press-2x18l-hinkar-for-hotell\/#breadcrumb","itemListElement":[{"@type":"ListItem","position":1,"name":"Home","item":"https:\/\/truusk.store\/sv\/"},{"@type":"ListItem","position":2,"name":"Shop","item":"https:\/\/truusk.store\/shop\/"},{"@type":"ListItem","position":3,"name":"TRUUSK Reng\u00f6ringsvagn med 3 niv\u00e5er &#8211; Moppvagn med Press &#8211; 2x18L Hinkar f\u00f6r Hotell"}]},{"@type":"WebSite","@id":"https:\/\/truusk.store\/sv\/#website","url":"https:\/\/truusk.store\/sv\/","name":"TRUUSK - Hem, Tr\u00e4dg\u00e5rd & Fritid","description":"","publisher":{"@id":"https:\/\/truusk.store\/sv\/#organization"},"potentialAction":[{"@type":"SearchAction","target":{"@type":"EntryPoint","urlTemplate":"https:\/\/truusk.store\/sv\/?s={search_term_string}"},"query-input":{"@type":"PropertyValueSpecification","valueRequired":true,"valueName":"search_term_string"}}],"inLanguage":"sv-SE"},{"@type":"Organization","@id":"https:\/\/truusk.store\/sv\/#organization","name":"TRUUSK - Hem, Tr\u00e4dg\u00e5rd & Fritid","url":"https:\/\/truusk.store\/sv\/","logo":{"@type":"ImageObject","inLanguage":"sv-SE","@id":"https:\/\/truusk.store\/sv\/#\/schema\/logo\/image\/","url":"https:\/\/i0.wp.com\/truusk.store\/wp-content\/uploads\/2026\/03\/cropped-TRUUSK.png?fit=2032%2C917&ssl=1","contentUrl":"https:\/\/i0.wp.com\/truusk.store\/wp-content\/uploads\/2026\/03\/cropped-TRUUSK.png?fit=2032%2C917&ssl=1","width":2032,"height":917,"caption":"TRUUSK - Hem, Tr\u00e4dg\u00e5rd & Fritid"},"image":{"@id":"https:\/\/truusk.store\/sv\/#\/schema\/logo\/image\/"}}]}},"jetpack_sharing_enabled":true,"_links":{"self":[{"href":"https:\/\/truusk.store\/sv\/wp-json\/wp\/v2\/product\/101259","targetHints":{"allow":["GET"]}}],"collection":[{"href":"https:\/\/truusk.store\/sv\/wp-json\/wp\/v2\/product"}],"about":[{"href":"https:\/\/truusk.store\/sv\/wp-json\/wp\/v2\/types\/product"}],"wp:featuredmedia":[{"embeddable":true,"href":"https:\/\/truusk.store\/sv\/wp-json\/wp\/v2\/media\/101247"}],"wp:attachment":[{"href":"https:\/\/truusk.store\/sv\/wp-json\/wp\/v2\/media?parent=101259"}],"wp:term":[{"taxonomy":"product_brand","embeddable":true,"href":"https:\/\/truusk.store\/sv\/wp-json\/wp\/v2\/product_brand?post=101259"},{"taxonomy":"product_cat","embeddable":true,"href":"https:\/\/truusk.store\/sv\/wp-json\/wp\/v2\/product_cat?post=101259"},{"taxonomy":"product_tag","embeddable":true,"href":"https:\/\/truusk.store\/sv\/wp-json\/wp\/v2\/product_tag?post=101259"}],"curies":[{"name":"wp","href":"https:\/\/api.w.org\/{rel}","templated":true}]}}