{"id":101282,"date":"2026-01-28T05:14:32","date_gmt":"2026-01-28T04:14:32","guid":{"rendered":"https:\/\/truusk.store\/product\/tradgardsskap-med-inre-hylla-och-arbetsbank-tillverkat-av-grantra-och-galvaniserat-stal-79x43x92-cm-trafarg\/"},"modified":"2026-03-12T09:45:35","modified_gmt":"2026-03-12T08:45:35","slug":"truusk-tradgardsskap-med-inre-hylla-och-arbetsbank-tillverkat-av-grantra-och-galvaniserat-stal-79x43x92-cm-trafarg","status":"publish","type":"product","link":"https:\/\/truusk.store\/sv\/produkt\/truusk-tradgardsskap-med-inre-hylla-och-arbetsbank-tillverkat-av-grantra-och-galvaniserat-stal-79x43x92-cm-trafarg\/","title":{"rendered":"TRUUSK Tr\u00e4dg\u00e5rdssk\u00e5p med Inre Hylla och Arbetsb\u00e4nk &#8211; Tillverkat av Grantr\u00e4 och Galvaniserat St\u00e5l &#8211; 79x43x92 cm &#8211; Tr\u00e4f\u00e4rg"},"content":{"rendered":"<p>Hitta den perfekta platsen f\u00f6r dina tr\u00e4dg\u00e5rdsverktyg med v\u00e5rt [BRAND NAME] tr\u00e4dg\u00e5rdssk\u00e5p, som fungerar perfekt b\u00e5de som f\u00f6rvaringsplats och arbetsb\u00e4nk. Den galvaniserade st\u00e5larbetsytan \u00e4r vattent\u00e4t och slitstark och erbjuder d\u00e4rf\u00f6r r\u00e4tt skydd och en torr yta f\u00f6r verktyg och v\u00e4xter. Tillverkad av robust lackerat tr\u00e4 med skyddsf\u00f6tter, \u00e4r detta lilla sk\u00e5p ett funktionellt stilfullt tillskott till alla utomhusomr\u00e5den.<\/p>\n<p>Beskrivning:<\/p>\n<ul>\n<li> M\u00e5ngsidigt utomhussk\u00e5p som kan anv\u00e4ndas som f\u00f6rvaringsplats f\u00f6r tr\u00e4dg\u00e5rdsverktyg eller professionell arbetsb\u00e4nk<\/li>\n<li> Den galvaniserade arbetsytan p\u00e5 detta vattent\u00e4ta och slitstarka tr\u00e4dg\u00e5rdssk\u00e5p garanterar en torr inre<\/li>\n<li> Den interna hyllan i v\u00e5rt utomhussk\u00e5p organiserar effektivt tr\u00e4dg\u00e5rdsverktyg och krukv\u00e4xter<\/li>\n<li> Det lackerade tr\u00e4et med halkfria f\u00f6tter f\u00f6rhindrar korrosion och \u00f6kar livsl\u00e4ngden<\/li>\n<li> Montering kr\u00e4vs<\/li>\n<\/ul>\n<p> Tekniska data:<\/p>\n<ul>\n<li> F\u00e4rg: Tr\u00e4f\u00e4rg<\/li>\n<li> Material: Grantr\u00e4, galvaniserat st\u00e5l<\/li>\n<li> Totala dimensioner: 79L x 43B x 92H cm<\/li>\n<li> Inre dimensioner: 73L x 38B cm<\/li>\n<li> Dimensioner p\u00e5 arbetsytan: 79L x 43B cm<\/li>\n<li> Enskild d\u00f6rrstorlek: 35L x 76H cm<\/li>\n<li> Hyllm\u00e5tt: 73L x 36B cm<\/li>\n<li> H\u00f6jd fr\u00e5n marken: 5,5 cm<\/li>\n<li> Viktkapacitet: 30 kg (hylla)<\/li>\n<\/ul>\n<p>Leverans inneh\u00e5ller:<\/p>\n<ul>\n<li> 1 x Utomhussk\u00e5p<\/li>\n<li> 1 x Monteringsmanual<\/li>\n<\/ul>\n","protected":false},"excerpt":{"rendered":"<p>Hitta den perfekta platsen f\u00f6r dina tr\u00e4dg\u00e5rdsverktyg med v\u00e5rt [BRAND NAME] tr\u00e4dg\u00e5rdssk\u00e5p, som fungerar perfekt b\u00e5de som f\u00f6rvaringsplats och arbetsb\u00e4nk&#8230;.<\/p>\n","protected":false},"featured_media":101277,"template":"","meta":[],"product_brand":[],"product_cat":[901,858,437],"product_tag":[],"class_list":{"0":"post-101282","1":"product","2":"type-product","3":"status-publish","4":"has-post-thumbnail","6":"product_cat-ordning-i-tradgarden","7":"product_cat-tradgard-terrass","8":"product_cat-tradgardsskap","10":"first","11":"instock","12":"sale","13":"taxable","14":"shipping-taxable","15":"purchasable","16":"product-type-simple"},"yoast_head":"<!-- This site is optimized with the Yoast SEO plugin v25.4 - https:\/\/yoast.com\/wordpress\/plugins\/seo\/ -->\n<title>TRUUSK Tr\u00e4dg\u00e5rdssk\u00e5p med Inre Hylla och Arbetsb\u00e4nk - Tillverkat av Grantr\u00e4 och Galvaniserat St\u00e5l - 79x43x92 cm - Tr\u00e4f\u00e4rg - TRUUSK - Hem, Tr\u00e4dg\u00e5rd &amp; Fritid<\/title>\n<meta name=\"robots\" content=\"index, follow, max-snippet:-1, max-image-preview:large, max-video-preview:-1\" \/>\n<link rel=\"canonical\" href=\"https:\/\/truusk.store\/sv\/produkt\/truusk-tradgardsskap-med-inre-hylla-och-arbetsbank-tillverkat-av-grantra-och-galvaniserat-stal-79x43x92-cm-trafarg\/\" \/>\n<meta property=\"og:locale\" content=\"sv_SE\" \/>\n<meta property=\"og:type\" content=\"article\" \/>\n<meta property=\"og:title\" content=\"TRUUSK Tr\u00e4dg\u00e5rdssk\u00e5p med Inre Hylla och Arbetsb\u00e4nk - Tillverkat av Grantr\u00e4 och Galvaniserat St\u00e5l - 79x43x92 cm - Tr\u00e4f\u00e4rg - TRUUSK - Hem, Tr\u00e4dg\u00e5rd &amp; Fritid\" \/>\n<meta property=\"og:description\" content=\"Hitta den perfekta platsen f\u00f6r dina tr\u00e4dg\u00e5rdsverktyg med v\u00e5rt [BRAND NAME] tr\u00e4dg\u00e5rdssk\u00e5p, som fungerar perfekt b\u00e5de som f\u00f6rvaringsplats och arbetsb\u00e4nk....\" \/>\n<meta property=\"og:url\" content=\"https:\/\/truusk.store\/sv\/produkt\/truusk-tradgardsskap-med-inre-hylla-och-arbetsbank-tillverkat-av-grantra-och-galvaniserat-stal-79x43x92-cm-trafarg\/\" \/>\n<meta property=\"og:site_name\" content=\"TRUUSK - Hem, Tr\u00e4dg\u00e5rd &amp; Fritid\" \/>\n<meta property=\"article:modified_time\" content=\"2026-03-12T08:45:35+00:00\" \/>\n<meta property=\"og:image\" content=\"https:\/\/i0.wp.com\/truusk.se\/wp-content\/uploads\/2026\/01\/tradgardsskap-med-inre-hylla-och-arbetsbank-tillverkat-av-grantra-och-galvaniserat-stal-79x43x92-cm-trafarg-1.webp?fit=2000%2C2000&ssl=1\" \/>\n\t<meta property=\"og:image:width\" content=\"2000\" \/>\n\t<meta property=\"og:image:height\" content=\"2000\" \/>\n\t<meta property=\"og:image:type\" content=\"image\/webp\" \/>\n<meta name=\"twitter:card\" content=\"summary_large_image\" \/>\n<meta name=\"twitter:label1\" content=\"Ber\u00e4knad l\u00e4stid\" \/>\n\t<meta name=\"twitter:data1\" content=\"1 minut\" \/>\n<!-- \/ Yoast SEO plugin. -->","yoast_head_json":{"title":"TRUUSK Tr\u00e4dg\u00e5rdssk\u00e5p med Inre Hylla och Arbetsb\u00e4nk - Tillverkat av Grantr\u00e4 och Galvaniserat St\u00e5l - 79x43x92 cm - Tr\u00e4f\u00e4rg - TRUUSK - Hem, Tr\u00e4dg\u00e5rd &amp; Fritid","robots":{"index":"index","follow":"follow","max-snippet":"max-snippet:-1","max-image-preview":"max-image-preview:large","max-video-preview":"max-video-preview:-1"},"canonical":"https:\/\/truusk.store\/sv\/produkt\/truusk-tradgardsskap-med-inre-hylla-och-arbetsbank-tillverkat-av-grantra-och-galvaniserat-stal-79x43x92-cm-trafarg\/","og_locale":"sv_SE","og_type":"article","og_title":"TRUUSK Tr\u00e4dg\u00e5rdssk\u00e5p med Inre Hylla och Arbetsb\u00e4nk - Tillverkat av Grantr\u00e4 och Galvaniserat St\u00e5l - 79x43x92 cm - Tr\u00e4f\u00e4rg - TRUUSK - Hem, Tr\u00e4dg\u00e5rd &amp; Fritid","og_description":"Hitta den perfekta platsen f\u00f6r dina tr\u00e4dg\u00e5rdsverktyg med v\u00e5rt [BRAND NAME] tr\u00e4dg\u00e5rdssk\u00e5p, som fungerar perfekt b\u00e5de som f\u00f6rvaringsplats och arbetsb\u00e4nk....","og_url":"https:\/\/truusk.store\/sv\/produkt\/truusk-tradgardsskap-med-inre-hylla-och-arbetsbank-tillverkat-av-grantra-och-galvaniserat-stal-79x43x92-cm-trafarg\/","og_site_name":"TRUUSK - Hem, Tr\u00e4dg\u00e5rd &amp; Fritid","article_modified_time":"2026-03-12T08:45:35+00:00","og_image":[{"width":2000,"height":2000,"url":"https:\/\/i0.wp.com\/truusk.se\/wp-content\/uploads\/2026\/01\/tradgardsskap-med-inre-hylla-och-arbetsbank-tillverkat-av-grantra-och-galvaniserat-stal-79x43x92-cm-trafarg-1.webp?fit=2000%2C2000&ssl=1","type":"image\/webp"}],"twitter_card":"summary_large_image","twitter_misc":{"Ber\u00e4knad l\u00e4stid":"1 minut"},"schema":{"@context":"https:\/\/schema.org","@graph":[{"@type":"WebPage","@id":"https:\/\/truusk.store\/sv\/produkt\/truusk-tradgardsskap-med-inre-hylla-och-arbetsbank-tillverkat-av-grantra-och-galvaniserat-stal-79x43x92-cm-trafarg\/","url":"https:\/\/truusk.store\/sv\/produkt\/truusk-tradgardsskap-med-inre-hylla-och-arbetsbank-tillverkat-av-grantra-och-galvaniserat-stal-79x43x92-cm-trafarg\/","name":"TRUUSK Tr\u00e4dg\u00e5rdssk\u00e5p med Inre Hylla och Arbetsb\u00e4nk - Tillverkat av Grantr\u00e4 och Galvaniserat St\u00e5l - 79x43x92 cm - Tr\u00e4f\u00e4rg - TRUUSK - Hem, Tr\u00e4dg\u00e5rd &amp; Fritid","isPartOf":{"@id":"https:\/\/truusk.store\/sv\/#website"},"primaryImageOfPage":{"@id":"https:\/\/truusk.store\/sv\/produkt\/truusk-tradgardsskap-med-inre-hylla-och-arbetsbank-tillverkat-av-grantra-och-galvaniserat-stal-79x43x92-cm-trafarg\/#primaryimage"},"image":{"@id":"https:\/\/truusk.store\/sv\/produkt\/truusk-tradgardsskap-med-inre-hylla-och-arbetsbank-tillverkat-av-grantra-och-galvaniserat-stal-79x43x92-cm-trafarg\/#primaryimage"},"thumbnailUrl":"https:\/\/i0.wp.com\/truusk.store\/wp-content\/uploads\/2026\/01\/tradgardsskap-med-inre-hylla-och-arbetsbank-tillverkat-av-grantra-och-galvaniserat-stal-79x43x92-cm-trafarg-1.webp?fit=2000%2C2000&ssl=1","datePublished":"2026-01-28T04:14:32+00:00","dateModified":"2026-03-12T08:45:35+00:00","breadcrumb":{"@id":"https:\/\/truusk.store\/sv\/produkt\/truusk-tradgardsskap-med-inre-hylla-och-arbetsbank-tillverkat-av-grantra-och-galvaniserat-stal-79x43x92-cm-trafarg\/#breadcrumb"},"inLanguage":"sv-SE","potentialAction":[{"@type":"ReadAction","target":["https:\/\/truusk.store\/sv\/produkt\/truusk-tradgardsskap-med-inre-hylla-och-arbetsbank-tillverkat-av-grantra-och-galvaniserat-stal-79x43x92-cm-trafarg\/"]}]},{"@type":"ImageObject","inLanguage":"sv-SE","@id":"https:\/\/truusk.store\/sv\/produkt\/truusk-tradgardsskap-med-inre-hylla-och-arbetsbank-tillverkat-av-grantra-och-galvaniserat-stal-79x43x92-cm-trafarg\/#primaryimage","url":"https:\/\/i0.wp.com\/truusk.store\/wp-content\/uploads\/2026\/01\/tradgardsskap-med-inre-hylla-och-arbetsbank-tillverkat-av-grantra-och-galvaniserat-stal-79x43x92-cm-trafarg-1.webp?fit=2000%2C2000&ssl=1","contentUrl":"https:\/\/i0.wp.com\/truusk.store\/wp-content\/uploads\/2026\/01\/tradgardsskap-med-inre-hylla-och-arbetsbank-tillverkat-av-grantra-och-galvaniserat-stal-79x43x92-cm-trafarg-1.webp?fit=2000%2C2000&ssl=1","width":2000,"height":2000},{"@type":"BreadcrumbList","@id":"https:\/\/truusk.store\/sv\/produkt\/truusk-tradgardsskap-med-inre-hylla-och-arbetsbank-tillverkat-av-grantra-och-galvaniserat-stal-79x43x92-cm-trafarg\/#breadcrumb","itemListElement":[{"@type":"ListItem","position":1,"name":"Home","item":"https:\/\/truusk.store\/sv\/"},{"@type":"ListItem","position":2,"name":"Shop","item":"https:\/\/truusk.store\/shop\/"},{"@type":"ListItem","position":3,"name":"TRUUSK Tr\u00e4dg\u00e5rdssk\u00e5p med Inre Hylla och Arbetsb\u00e4nk &#8211; Tillverkat av Grantr\u00e4 och Galvaniserat St\u00e5l &#8211; 79x43x92 cm &#8211; Tr\u00e4f\u00e4rg"}]},{"@type":"WebSite","@id":"https:\/\/truusk.store\/sv\/#website","url":"https:\/\/truusk.store\/sv\/","name":"TRUUSK - Hem, Tr\u00e4dg\u00e5rd & Fritid","description":"","publisher":{"@id":"https:\/\/truusk.store\/sv\/#organization"},"potentialAction":[{"@type":"SearchAction","target":{"@type":"EntryPoint","urlTemplate":"https:\/\/truusk.store\/sv\/?s={search_term_string}"},"query-input":{"@type":"PropertyValueSpecification","valueRequired":true,"valueName":"search_term_string"}}],"inLanguage":"sv-SE"},{"@type":"Organization","@id":"https:\/\/truusk.store\/sv\/#organization","name":"TRUUSK - Hem, Tr\u00e4dg\u00e5rd & Fritid","url":"https:\/\/truusk.store\/sv\/","logo":{"@type":"ImageObject","inLanguage":"sv-SE","@id":"https:\/\/truusk.store\/sv\/#\/schema\/logo\/image\/","url":"https:\/\/i0.wp.com\/truusk.store\/wp-content\/uploads\/2026\/03\/cropped-TRUUSK.png?fit=2032%2C917&ssl=1","contentUrl":"https:\/\/i0.wp.com\/truusk.store\/wp-content\/uploads\/2026\/03\/cropped-TRUUSK.png?fit=2032%2C917&ssl=1","width":2032,"height":917,"caption":"TRUUSK - Hem, Tr\u00e4dg\u00e5rd & Fritid"},"image":{"@id":"https:\/\/truusk.store\/sv\/#\/schema\/logo\/image\/"}}]}},"jetpack_sharing_enabled":true,"_links":{"self":[{"href":"https:\/\/truusk.store\/sv\/wp-json\/wp\/v2\/product\/101282","targetHints":{"allow":["GET"]}}],"collection":[{"href":"https:\/\/truusk.store\/sv\/wp-json\/wp\/v2\/product"}],"about":[{"href":"https:\/\/truusk.store\/sv\/wp-json\/wp\/v2\/types\/product"}],"wp:featuredmedia":[{"embeddable":true,"href":"https:\/\/truusk.store\/sv\/wp-json\/wp\/v2\/media\/101277"}],"wp:attachment":[{"href":"https:\/\/truusk.store\/sv\/wp-json\/wp\/v2\/media?parent=101282"}],"wp:term":[{"taxonomy":"product_brand","embeddable":true,"href":"https:\/\/truusk.store\/sv\/wp-json\/wp\/v2\/product_brand?post=101282"},{"taxonomy":"product_cat","embeddable":true,"href":"https:\/\/truusk.store\/sv\/wp-json\/wp\/v2\/product_cat?post=101282"},{"taxonomy":"product_tag","embeddable":true,"href":"https:\/\/truusk.store\/sv\/wp-json\/wp\/v2\/product_tag?post=101282"}],"curies":[{"name":"wp","href":"https:\/\/api.w.org\/{rel}","templated":true}]}}