{"id":101292,"date":"2026-01-28T05:15:41","date_gmt":"2026-01-28T04:15:41","guid":{"rendered":"https:\/\/truusk.store\/product\/hogbadd-i-tra-justerbar-planteringsbadd-med-klatterstallning-tidig-badd-tradgardsbadd-60x16x100cm-gra\/"},"modified":"2026-03-12T09:46:10","modified_gmt":"2026-03-12T08:46:10","slug":"truusk-hogbadd-i-tra-justerbar-planteringsbadd-med-klatterstallning-tidig-badd-tradgardsbadd-60x16x100cm-gra","status":"publish","type":"product","link":"https:\/\/truusk.store\/sv\/produkt\/truusk-hogbadd-i-tra-justerbar-planteringsbadd-med-klatterstallning-tidig-badd-tradgardsbadd-60x16x100cm-gra\/","title":{"rendered":"TRUUSK H\u00f6gb\u00e4dd i tr\u00e4 &#8211; Justerbar planteringsb\u00e4dd &#8211; Med kl\u00e4tterst\u00e4llning &#8211; Tidig b\u00e4dd &#8211; Tr\u00e4dg\u00e5rdsb\u00e4dd 60x16x100cm Gr\u00e5"},"content":{"rendered":"<p>V\u00e5rt rustika h\u00f6jda blomsterl\u00e5da i massivt grantr\u00e4 med kl\u00e4tterst\u00e4llning fr\u00e4mjar flexibel tr\u00e4dg\u00e5rdssk\u00f6tsel. Fem upph\u00f6jda planteringsl\u00e5dor p\u00e5 baksidan ger st\u00f6d f\u00f6r kl\u00e4tterv\u00e4xter. Arrangemanget av l\u00e5dorna \u00e4r justerbart. Varje \u00f6rttr\u00e4dg\u00e5rd har tv\u00e5 dr\u00e4neringsh\u00e5l och en tygfilter som skyddar v\u00e4xterna. Med skyddslackering m\u00f6jligg\u00f6r det h\u00e5llbar tr\u00e4dg\u00e5rdssk\u00f6tsel \u00f6ver m\u00e5nga s\u00e4songer.<\/p>\n<p>Beskrivning:<\/p>\n<ul>\n<li> Bakv\u00e4ggstrellis f\u00f6r att kl\u00e4tterv\u00e4xter kan v\u00e4xa upp och runt<\/li>\n<li> Justerbar h\u00f6jd f\u00f6r att m\u00f6ta behoven hos olika v\u00e4xter<\/li>\n<li> Icke-v\u00e4vt tyg och tv\u00e5 dr\u00e4neringsh\u00e5l i blomsterl\u00e5dan gynnar r\u00f6tter och jord<\/li>\n<li> Tr\u00e4dg\u00e5rdsb\u00e4dd med mycket utrymme f\u00f6r att plantera gr\u00f6nsaker, blommor och \u00f6rter<\/li>\n<li> Strukturen p\u00e5 den upph\u00f6jda blomsterl\u00e5dan i grantr\u00e4 \u00e4r stark och stabil, med ett skyddande skikt<\/li>\n<li> V\u00e4ggmonterad design av den upph\u00f6jda blomsterl\u00e5dan sparar utrymme, och du kan justera h\u00f6jden individuellt<\/li>\n<li> Montering kr\u00e4vs<\/li>\n<\/ul>\n<p> Tekniska data:<\/p>\n<ul>\n<li> F\u00e4rg: Gr\u00e5<\/li>\n<li> Material: Grantr\u00e4<\/li>\n<li> Totala dimensioner: 60L x 16B x 100H cm<\/li>\n<li> Planteringsomr\u00e5dets storlek: Stor: 60B x 13T x 12H cm, Liten: 30B x 12,5T x 12H cm<\/li>\n<li> B\u00e4rkapacitet: Stor: 18 kg, Liten: 10 kg<\/li>\n<\/ul>\n<p>Leverans inneh\u00e5ller:<\/p>\n<ul>\n<li> 1 x H\u00f6jd blomsterl\u00e5da<\/li>\n<li> 1 x Skruvset<\/li>\n<\/ul>\n","protected":false},"excerpt":{"rendered":"<p>V\u00e5rt rustika h\u00f6jda blomsterl\u00e5da i massivt grantr\u00e4 med kl\u00e4tterst\u00e4llning fr\u00e4mjar flexibel tr\u00e4dg\u00e5rdssk\u00f6tsel. Fem upph\u00f6jda planteringsl\u00e5dor p\u00e5 baksidan ger st\u00f6d f\u00f6r&#8230;<\/p>\n","protected":false},"featured_media":101283,"template":"","meta":[],"product_brand":[],"product_cat":[924,858,443],"product_tag":[],"class_list":{"0":"post-101292","1":"product","2":"type-product","3":"status-publish","4":"has-post-thumbnail","6":"product_cat-plantkarl","7":"product_cat-tradgard-terrass","8":"product_cat-vaxthus-tradgardsskotsel","10":"first","11":"instock","12":"sale","13":"taxable","14":"shipping-taxable","15":"purchasable","16":"product-type-simple"},"yoast_head":"<!-- This site is optimized with the Yoast SEO plugin v25.4 - https:\/\/yoast.com\/wordpress\/plugins\/seo\/ -->\n<title>TRUUSK H\u00f6gb\u00e4dd i tr\u00e4 - Justerbar planteringsb\u00e4dd - Med kl\u00e4tterst\u00e4llning - Tidig b\u00e4dd - Tr\u00e4dg\u00e5rdsb\u00e4dd 60x16x100cm Gr\u00e5 - TRUUSK - Hem, Tr\u00e4dg\u00e5rd &amp; Fritid<\/title>\n<meta name=\"robots\" content=\"index, follow, max-snippet:-1, max-image-preview:large, max-video-preview:-1\" \/>\n<link rel=\"canonical\" href=\"https:\/\/truusk.store\/sv\/produkt\/truusk-hogbadd-i-tra-justerbar-planteringsbadd-med-klatterstallning-tidig-badd-tradgardsbadd-60x16x100cm-gra\/\" \/>\n<meta property=\"og:locale\" content=\"sv_SE\" \/>\n<meta property=\"og:type\" content=\"article\" \/>\n<meta property=\"og:title\" content=\"TRUUSK H\u00f6gb\u00e4dd i tr\u00e4 - Justerbar planteringsb\u00e4dd - Med kl\u00e4tterst\u00e4llning - Tidig b\u00e4dd - Tr\u00e4dg\u00e5rdsb\u00e4dd 60x16x100cm Gr\u00e5 - TRUUSK - Hem, Tr\u00e4dg\u00e5rd &amp; Fritid\" \/>\n<meta property=\"og:description\" content=\"V\u00e5rt rustika h\u00f6jda blomsterl\u00e5da i massivt grantr\u00e4 med kl\u00e4tterst\u00e4llning fr\u00e4mjar flexibel tr\u00e4dg\u00e5rdssk\u00f6tsel. Fem upph\u00f6jda planteringsl\u00e5dor p\u00e5 baksidan ger st\u00f6d f\u00f6r...\" \/>\n<meta property=\"og:url\" content=\"https:\/\/truusk.store\/sv\/produkt\/truusk-hogbadd-i-tra-justerbar-planteringsbadd-med-klatterstallning-tidig-badd-tradgardsbadd-60x16x100cm-gra\/\" \/>\n<meta property=\"og:site_name\" content=\"TRUUSK - Hem, Tr\u00e4dg\u00e5rd &amp; Fritid\" \/>\n<meta property=\"article:modified_time\" content=\"2026-03-12T08:46:10+00:00\" \/>\n<meta property=\"og:image\" content=\"https:\/\/i0.wp.com\/truusk.se\/wp-content\/uploads\/2026\/01\/hogbadd-i-tra-justerbar-planteringsbadd-med-klatterstallning-tidig-badd-tradgardsbadd-60x16x100cm-gra-1.webp?fit=2000%2C2000&ssl=1\" \/>\n\t<meta property=\"og:image:width\" content=\"2000\" \/>\n\t<meta property=\"og:image:height\" content=\"2000\" \/>\n\t<meta property=\"og:image:type\" content=\"image\/webp\" \/>\n<meta name=\"twitter:card\" content=\"summary_large_image\" \/>\n<meta name=\"twitter:label1\" content=\"Ber\u00e4knad l\u00e4stid\" \/>\n\t<meta name=\"twitter:data1\" content=\"1 minut\" \/>\n<!-- \/ Yoast SEO plugin. -->","yoast_head_json":{"title":"TRUUSK H\u00f6gb\u00e4dd i tr\u00e4 - Justerbar planteringsb\u00e4dd - Med kl\u00e4tterst\u00e4llning - Tidig b\u00e4dd - Tr\u00e4dg\u00e5rdsb\u00e4dd 60x16x100cm Gr\u00e5 - TRUUSK - Hem, Tr\u00e4dg\u00e5rd &amp; Fritid","robots":{"index":"index","follow":"follow","max-snippet":"max-snippet:-1","max-image-preview":"max-image-preview:large","max-video-preview":"max-video-preview:-1"},"canonical":"https:\/\/truusk.store\/sv\/produkt\/truusk-hogbadd-i-tra-justerbar-planteringsbadd-med-klatterstallning-tidig-badd-tradgardsbadd-60x16x100cm-gra\/","og_locale":"sv_SE","og_type":"article","og_title":"TRUUSK H\u00f6gb\u00e4dd i tr\u00e4 - Justerbar planteringsb\u00e4dd - Med kl\u00e4tterst\u00e4llning - Tidig b\u00e4dd - Tr\u00e4dg\u00e5rdsb\u00e4dd 60x16x100cm Gr\u00e5 - TRUUSK - Hem, Tr\u00e4dg\u00e5rd &amp; Fritid","og_description":"V\u00e5rt rustika h\u00f6jda blomsterl\u00e5da i massivt grantr\u00e4 med kl\u00e4tterst\u00e4llning fr\u00e4mjar flexibel tr\u00e4dg\u00e5rdssk\u00f6tsel. Fem upph\u00f6jda planteringsl\u00e5dor p\u00e5 baksidan ger st\u00f6d f\u00f6r...","og_url":"https:\/\/truusk.store\/sv\/produkt\/truusk-hogbadd-i-tra-justerbar-planteringsbadd-med-klatterstallning-tidig-badd-tradgardsbadd-60x16x100cm-gra\/","og_site_name":"TRUUSK - Hem, Tr\u00e4dg\u00e5rd &amp; Fritid","article_modified_time":"2026-03-12T08:46:10+00:00","og_image":[{"width":2000,"height":2000,"url":"https:\/\/i0.wp.com\/truusk.se\/wp-content\/uploads\/2026\/01\/hogbadd-i-tra-justerbar-planteringsbadd-med-klatterstallning-tidig-badd-tradgardsbadd-60x16x100cm-gra-1.webp?fit=2000%2C2000&ssl=1","type":"image\/webp"}],"twitter_card":"summary_large_image","twitter_misc":{"Ber\u00e4knad l\u00e4stid":"1 minut"},"schema":{"@context":"https:\/\/schema.org","@graph":[{"@type":"WebPage","@id":"https:\/\/truusk.store\/sv\/produkt\/truusk-hogbadd-i-tra-justerbar-planteringsbadd-med-klatterstallning-tidig-badd-tradgardsbadd-60x16x100cm-gra\/","url":"https:\/\/truusk.store\/sv\/produkt\/truusk-hogbadd-i-tra-justerbar-planteringsbadd-med-klatterstallning-tidig-badd-tradgardsbadd-60x16x100cm-gra\/","name":"TRUUSK H\u00f6gb\u00e4dd i tr\u00e4 - Justerbar planteringsb\u00e4dd - Med kl\u00e4tterst\u00e4llning - Tidig b\u00e4dd - Tr\u00e4dg\u00e5rdsb\u00e4dd 60x16x100cm Gr\u00e5 - TRUUSK - Hem, Tr\u00e4dg\u00e5rd &amp; Fritid","isPartOf":{"@id":"https:\/\/truusk.store\/sv\/#website"},"primaryImageOfPage":{"@id":"https:\/\/truusk.store\/sv\/produkt\/truusk-hogbadd-i-tra-justerbar-planteringsbadd-med-klatterstallning-tidig-badd-tradgardsbadd-60x16x100cm-gra\/#primaryimage"},"image":{"@id":"https:\/\/truusk.store\/sv\/produkt\/truusk-hogbadd-i-tra-justerbar-planteringsbadd-med-klatterstallning-tidig-badd-tradgardsbadd-60x16x100cm-gra\/#primaryimage"},"thumbnailUrl":"https:\/\/i0.wp.com\/truusk.store\/wp-content\/uploads\/2026\/01\/hogbadd-i-tra-justerbar-planteringsbadd-med-klatterstallning-tidig-badd-tradgardsbadd-60x16x100cm-gra-1.webp?fit=2000%2C2000&ssl=1","datePublished":"2026-01-28T04:15:41+00:00","dateModified":"2026-03-12T08:46:10+00:00","breadcrumb":{"@id":"https:\/\/truusk.store\/sv\/produkt\/truusk-hogbadd-i-tra-justerbar-planteringsbadd-med-klatterstallning-tidig-badd-tradgardsbadd-60x16x100cm-gra\/#breadcrumb"},"inLanguage":"sv-SE","potentialAction":[{"@type":"ReadAction","target":["https:\/\/truusk.store\/sv\/produkt\/truusk-hogbadd-i-tra-justerbar-planteringsbadd-med-klatterstallning-tidig-badd-tradgardsbadd-60x16x100cm-gra\/"]}]},{"@type":"ImageObject","inLanguage":"sv-SE","@id":"https:\/\/truusk.store\/sv\/produkt\/truusk-hogbadd-i-tra-justerbar-planteringsbadd-med-klatterstallning-tidig-badd-tradgardsbadd-60x16x100cm-gra\/#primaryimage","url":"https:\/\/i0.wp.com\/truusk.store\/wp-content\/uploads\/2026\/01\/hogbadd-i-tra-justerbar-planteringsbadd-med-klatterstallning-tidig-badd-tradgardsbadd-60x16x100cm-gra-1.webp?fit=2000%2C2000&ssl=1","contentUrl":"https:\/\/i0.wp.com\/truusk.store\/wp-content\/uploads\/2026\/01\/hogbadd-i-tra-justerbar-planteringsbadd-med-klatterstallning-tidig-badd-tradgardsbadd-60x16x100cm-gra-1.webp?fit=2000%2C2000&ssl=1","width":2000,"height":2000},{"@type":"BreadcrumbList","@id":"https:\/\/truusk.store\/sv\/produkt\/truusk-hogbadd-i-tra-justerbar-planteringsbadd-med-klatterstallning-tidig-badd-tradgardsbadd-60x16x100cm-gra\/#breadcrumb","itemListElement":[{"@type":"ListItem","position":1,"name":"Home","item":"https:\/\/truusk.store\/sv\/"},{"@type":"ListItem","position":2,"name":"Shop","item":"https:\/\/truusk.store\/shop\/"},{"@type":"ListItem","position":3,"name":"TRUUSK H\u00f6gb\u00e4dd i tr\u00e4 &#8211; Justerbar planteringsb\u00e4dd &#8211; Med kl\u00e4tterst\u00e4llning &#8211; Tidig b\u00e4dd &#8211; Tr\u00e4dg\u00e5rdsb\u00e4dd 60x16x100cm Gr\u00e5"}]},{"@type":"WebSite","@id":"https:\/\/truusk.store\/sv\/#website","url":"https:\/\/truusk.store\/sv\/","name":"TRUUSK - Hem, Tr\u00e4dg\u00e5rd & Fritid","description":"","publisher":{"@id":"https:\/\/truusk.store\/sv\/#organization"},"potentialAction":[{"@type":"SearchAction","target":{"@type":"EntryPoint","urlTemplate":"https:\/\/truusk.store\/sv\/?s={search_term_string}"},"query-input":{"@type":"PropertyValueSpecification","valueRequired":true,"valueName":"search_term_string"}}],"inLanguage":"sv-SE"},{"@type":"Organization","@id":"https:\/\/truusk.store\/sv\/#organization","name":"TRUUSK - Hem, Tr\u00e4dg\u00e5rd & Fritid","url":"https:\/\/truusk.store\/sv\/","logo":{"@type":"ImageObject","inLanguage":"sv-SE","@id":"https:\/\/truusk.store\/sv\/#\/schema\/logo\/image\/","url":"https:\/\/i0.wp.com\/truusk.store\/wp-content\/uploads\/2026\/03\/cropped-TRUUSK.png?fit=2032%2C917&ssl=1","contentUrl":"https:\/\/i0.wp.com\/truusk.store\/wp-content\/uploads\/2026\/03\/cropped-TRUUSK.png?fit=2032%2C917&ssl=1","width":2032,"height":917,"caption":"TRUUSK - Hem, Tr\u00e4dg\u00e5rd & Fritid"},"image":{"@id":"https:\/\/truusk.store\/sv\/#\/schema\/logo\/image\/"}}]}},"jetpack_sharing_enabled":true,"_links":{"self":[{"href":"https:\/\/truusk.store\/sv\/wp-json\/wp\/v2\/product\/101292","targetHints":{"allow":["GET"]}}],"collection":[{"href":"https:\/\/truusk.store\/sv\/wp-json\/wp\/v2\/product"}],"about":[{"href":"https:\/\/truusk.store\/sv\/wp-json\/wp\/v2\/types\/product"}],"wp:featuredmedia":[{"embeddable":true,"href":"https:\/\/truusk.store\/sv\/wp-json\/wp\/v2\/media\/101283"}],"wp:attachment":[{"href":"https:\/\/truusk.store\/sv\/wp-json\/wp\/v2\/media?parent=101292"}],"wp:term":[{"taxonomy":"product_brand","embeddable":true,"href":"https:\/\/truusk.store\/sv\/wp-json\/wp\/v2\/product_brand?post=101292"},{"taxonomy":"product_cat","embeddable":true,"href":"https:\/\/truusk.store\/sv\/wp-json\/wp\/v2\/product_cat?post=101292"},{"taxonomy":"product_tag","embeddable":true,"href":"https:\/\/truusk.store\/sv\/wp-json\/wp\/v2\/product_tag?post=101292"}],"curies":[{"name":"wp","href":"https:\/\/api.w.org\/{rel}","templated":true}]}}