{"id":101327,"date":"2026-01-28T05:19:34","date_gmt":"2026-01-28T04:19:34","guid":{"rendered":"https:\/\/truusk.store\/product\/tackning-for-tradgardspaviljong-3x4-m-tvaskiktad-tillverkad-av-oxford-tyg-600d-med-draneringshal-kaffe\/"},"modified":"2026-03-12T09:46:31","modified_gmt":"2026-03-12T08:46:31","slug":"truusk-tradgardspaviljongstak-3x4-m-tvaskiktad-oxford-tyg-600d-draneringshal-kaffe","status":"publish","type":"product","link":"https:\/\/truusk.store\/sv\/produkt\/truusk-tradgardspaviljongstak-3x4-m-tvaskiktad-oxford-tyg-600d-draneringshal-kaffe\/","title":{"rendered":"TRUUSK Tr\u00e4dg\u00e5rdspaviljongstak 3&#215;4 m &#8211; Tv\u00e5skiktad Oxford-tyg 600D &#8211; Dr\u00e4neringsh\u00e5l &#8211; Kaffe"},"content":{"rendered":"<p>F\u00f6rnya stilen p\u00e5 din tr\u00e4dg\u00e5rdspaviljong med ers\u00e4ttnings\u00f6verdraget f\u00f6r paviljonger fr\u00e5n [BRAND NAME]. Tillverkad av robust polyester skyddar detta tak insidan av konstruktionen mot solen vid fester och evenemang. Den tv\u00e5skiktade designen ger optimal ventilation och tillr\u00e4cklig stabilitet \u00e4ven i vind. Med avloppsh\u00e5l f\u00f6r regnvatten minskar \u00f6verdraget risken f\u00f6r vattenansamlingar.<\/p>\n<p>Beskrivning:<\/p>\n<ul>\n<li> \u00d6verdraget \u00e4r endast l\u00e4mpligt f\u00f6r tr\u00e4dg\u00e5rdspaviljonger av storlek 3&#215;4 m som [BRAND NAME]-paviljong 84C-345. Kontrollera produktbilderna noggrant och m\u00e4t konstruktionen av din tr\u00e4dg\u00e5rdspaviljong innan du k\u00f6per f\u00f6r att garantera en perfekt passform<\/li>\n<li> Det polyestert\u00e4ckta Oxford-tyget i tak\u00f6verdraget \u00e4r tjockt och slitstarkt och erbjuder dessutom UPF30+ skydd<\/li>\n<li> Dubbelt tak med centralt n\u00e4t f\u00f6r att skydda insidan mot insekter<\/li>\n<li> Remmar och h\u00f6rnfickor ing\u00e5r f\u00f6r enkel montering och demontering<\/li>\n<li> Paviljong\u00f6verdrag med avloppsh\u00e5l f\u00f6r regnvatten<\/li>\n<li> Tv\u00e5 personer kan montera \u00f6verdraget p\u00e5 5 minuter<\/li>\n<\/ul>\n<p> Tekniska data:<\/p>\n<ul>\n<li> F\u00e4rg: Kaffe<\/li>\n<li> Material: Oxford-tyg 370 g\/m\u00b2<\/li>\n<li> Totala dimensioner: 400L x 300P cm<\/li>\n<li> L\u00e4mplig f\u00f6r tr\u00e4dg\u00e5rdspaviljonger p\u00e5 3&#215;4 m<\/li>\n<\/ul>\n<p>Leverans inneh\u00e5ller:<\/p>\n<ul>\n<li> 1 x Copertura per gazebo;<\/li>\n<\/ul>\n","protected":false},"excerpt":{"rendered":"<p>F\u00f6rnya stilen p\u00e5 din tr\u00e4dg\u00e5rdspaviljong med ers\u00e4ttnings\u00f6verdraget f\u00f6r paviljonger fr\u00e5n [BRAND NAME]. Tillverkad av robust polyester skyddar detta tak insidan&#8230;<\/p>\n","protected":false},"featured_media":101320,"template":"","meta":[],"product_brand":[],"product_cat":[479,858,476],"product_tag":[],"class_list":{"0":"post-101327","1":"product","2":"type-product","3":"status-publish","4":"has-post-thumbnail","6":"product_cat-paviljongtak","7":"product_cat-tradgard-terrass","8":"product_cat-tradgardspaviljonger","10":"first","11":"instock","12":"sale","13":"taxable","14":"shipping-taxable","15":"purchasable","16":"product-type-simple"},"yoast_head":"<!-- This site is optimized with the Yoast SEO plugin v25.4 - https:\/\/yoast.com\/wordpress\/plugins\/seo\/ -->\n<title>TRUUSK Tr\u00e4dg\u00e5rdspaviljongstak 3x4 m - Tv\u00e5skiktad Oxford-tyg 600D - Dr\u00e4neringsh\u00e5l - Kaffe - TRUUSK - Hem, Tr\u00e4dg\u00e5rd &amp; Fritid<\/title>\n<meta name=\"robots\" content=\"index, follow, max-snippet:-1, max-image-preview:large, max-video-preview:-1\" \/>\n<link rel=\"canonical\" href=\"https:\/\/truusk.store\/sv\/produkt\/truusk-tradgardspaviljongstak-3x4-m-tvaskiktad-oxford-tyg-600d-draneringshal-kaffe\/\" \/>\n<meta property=\"og:locale\" content=\"sv_SE\" \/>\n<meta property=\"og:type\" content=\"article\" \/>\n<meta property=\"og:title\" content=\"TRUUSK Tr\u00e4dg\u00e5rdspaviljongstak 3x4 m - Tv\u00e5skiktad Oxford-tyg 600D - Dr\u00e4neringsh\u00e5l - Kaffe - TRUUSK - Hem, Tr\u00e4dg\u00e5rd &amp; Fritid\" \/>\n<meta property=\"og:description\" content=\"F\u00f6rnya stilen p\u00e5 din tr\u00e4dg\u00e5rdspaviljong med ers\u00e4ttnings\u00f6verdraget f\u00f6r paviljonger fr\u00e5n [BRAND NAME]. Tillverkad av robust polyester skyddar detta tak insidan...\" \/>\n<meta property=\"og:url\" content=\"https:\/\/truusk.store\/sv\/produkt\/truusk-tradgardspaviljongstak-3x4-m-tvaskiktad-oxford-tyg-600d-draneringshal-kaffe\/\" \/>\n<meta property=\"og:site_name\" content=\"TRUUSK - Hem, Tr\u00e4dg\u00e5rd &amp; Fritid\" \/>\n<meta property=\"article:modified_time\" content=\"2026-03-12T08:46:31+00:00\" \/>\n<meta property=\"og:image\" content=\"https:\/\/i0.wp.com\/truusk.se\/wp-content\/uploads\/2026\/01\/tackning-for-tradgardspaviljong-3x4-m-tvaskiktad-tillverkad-av-oxford-tyg-600d-med-draneringshal-kaffe-1.webp?fit=2000%2C2000&ssl=1\" \/>\n\t<meta property=\"og:image:width\" content=\"2000\" \/>\n\t<meta property=\"og:image:height\" content=\"2000\" \/>\n\t<meta property=\"og:image:type\" content=\"image\/webp\" \/>\n<meta name=\"twitter:card\" content=\"summary_large_image\" \/>\n<meta name=\"twitter:label1\" content=\"Ber\u00e4knad l\u00e4stid\" \/>\n\t<meta name=\"twitter:data1\" content=\"1 minut\" \/>\n<!-- \/ Yoast SEO plugin. -->","yoast_head_json":{"title":"TRUUSK Tr\u00e4dg\u00e5rdspaviljongstak 3x4 m - Tv\u00e5skiktad Oxford-tyg 600D - Dr\u00e4neringsh\u00e5l - Kaffe - TRUUSK - Hem, Tr\u00e4dg\u00e5rd &amp; Fritid","robots":{"index":"index","follow":"follow","max-snippet":"max-snippet:-1","max-image-preview":"max-image-preview:large","max-video-preview":"max-video-preview:-1"},"canonical":"https:\/\/truusk.store\/sv\/produkt\/truusk-tradgardspaviljongstak-3x4-m-tvaskiktad-oxford-tyg-600d-draneringshal-kaffe\/","og_locale":"sv_SE","og_type":"article","og_title":"TRUUSK Tr\u00e4dg\u00e5rdspaviljongstak 3x4 m - Tv\u00e5skiktad Oxford-tyg 600D - Dr\u00e4neringsh\u00e5l - Kaffe - TRUUSK - Hem, Tr\u00e4dg\u00e5rd &amp; Fritid","og_description":"F\u00f6rnya stilen p\u00e5 din tr\u00e4dg\u00e5rdspaviljong med ers\u00e4ttnings\u00f6verdraget f\u00f6r paviljonger fr\u00e5n [BRAND NAME]. Tillverkad av robust polyester skyddar detta tak insidan...","og_url":"https:\/\/truusk.store\/sv\/produkt\/truusk-tradgardspaviljongstak-3x4-m-tvaskiktad-oxford-tyg-600d-draneringshal-kaffe\/","og_site_name":"TRUUSK - Hem, Tr\u00e4dg\u00e5rd &amp; Fritid","article_modified_time":"2026-03-12T08:46:31+00:00","og_image":[{"width":2000,"height":2000,"url":"https:\/\/i0.wp.com\/truusk.se\/wp-content\/uploads\/2026\/01\/tackning-for-tradgardspaviljong-3x4-m-tvaskiktad-tillverkad-av-oxford-tyg-600d-med-draneringshal-kaffe-1.webp?fit=2000%2C2000&ssl=1","type":"image\/webp"}],"twitter_card":"summary_large_image","twitter_misc":{"Ber\u00e4knad l\u00e4stid":"1 minut"},"schema":{"@context":"https:\/\/schema.org","@graph":[{"@type":"WebPage","@id":"https:\/\/truusk.store\/sv\/produkt\/truusk-tradgardspaviljongstak-3x4-m-tvaskiktad-oxford-tyg-600d-draneringshal-kaffe\/","url":"https:\/\/truusk.store\/sv\/produkt\/truusk-tradgardspaviljongstak-3x4-m-tvaskiktad-oxford-tyg-600d-draneringshal-kaffe\/","name":"TRUUSK Tr\u00e4dg\u00e5rdspaviljongstak 3x4 m - Tv\u00e5skiktad Oxford-tyg 600D - Dr\u00e4neringsh\u00e5l - Kaffe - TRUUSK - Hem, Tr\u00e4dg\u00e5rd &amp; Fritid","isPartOf":{"@id":"https:\/\/truusk.store\/sv\/#website"},"primaryImageOfPage":{"@id":"https:\/\/truusk.store\/sv\/produkt\/truusk-tradgardspaviljongstak-3x4-m-tvaskiktad-oxford-tyg-600d-draneringshal-kaffe\/#primaryimage"},"image":{"@id":"https:\/\/truusk.store\/sv\/produkt\/truusk-tradgardspaviljongstak-3x4-m-tvaskiktad-oxford-tyg-600d-draneringshal-kaffe\/#primaryimage"},"thumbnailUrl":"https:\/\/i0.wp.com\/truusk.store\/wp-content\/uploads\/2026\/01\/tackning-for-tradgardspaviljong-3x4-m-tvaskiktad-tillverkad-av-oxford-tyg-600d-med-draneringshal-kaffe-1.webp?fit=2000%2C2000&ssl=1","datePublished":"2026-01-28T04:19:34+00:00","dateModified":"2026-03-12T08:46:31+00:00","breadcrumb":{"@id":"https:\/\/truusk.store\/sv\/produkt\/truusk-tradgardspaviljongstak-3x4-m-tvaskiktad-oxford-tyg-600d-draneringshal-kaffe\/#breadcrumb"},"inLanguage":"sv-SE","potentialAction":[{"@type":"ReadAction","target":["https:\/\/truusk.store\/sv\/produkt\/truusk-tradgardspaviljongstak-3x4-m-tvaskiktad-oxford-tyg-600d-draneringshal-kaffe\/"]}]},{"@type":"ImageObject","inLanguage":"sv-SE","@id":"https:\/\/truusk.store\/sv\/produkt\/truusk-tradgardspaviljongstak-3x4-m-tvaskiktad-oxford-tyg-600d-draneringshal-kaffe\/#primaryimage","url":"https:\/\/i0.wp.com\/truusk.store\/wp-content\/uploads\/2026\/01\/tackning-for-tradgardspaviljong-3x4-m-tvaskiktad-tillverkad-av-oxford-tyg-600d-med-draneringshal-kaffe-1.webp?fit=2000%2C2000&ssl=1","contentUrl":"https:\/\/i0.wp.com\/truusk.store\/wp-content\/uploads\/2026\/01\/tackning-for-tradgardspaviljong-3x4-m-tvaskiktad-tillverkad-av-oxford-tyg-600d-med-draneringshal-kaffe-1.webp?fit=2000%2C2000&ssl=1","width":2000,"height":2000},{"@type":"BreadcrumbList","@id":"https:\/\/truusk.store\/sv\/produkt\/truusk-tradgardspaviljongstak-3x4-m-tvaskiktad-oxford-tyg-600d-draneringshal-kaffe\/#breadcrumb","itemListElement":[{"@type":"ListItem","position":1,"name":"Home","item":"https:\/\/truusk.store\/sv\/"},{"@type":"ListItem","position":2,"name":"Shop","item":"https:\/\/truusk.store\/shop\/"},{"@type":"ListItem","position":3,"name":"TRUUSK Tr\u00e4dg\u00e5rdspaviljongstak 3&#215;4 m &#8211; Tv\u00e5skiktad Oxford-tyg 600D &#8211; Dr\u00e4neringsh\u00e5l &#8211; Kaffe"}]},{"@type":"WebSite","@id":"https:\/\/truusk.store\/sv\/#website","url":"https:\/\/truusk.store\/sv\/","name":"TRUUSK - Hem, Tr\u00e4dg\u00e5rd & Fritid","description":"","publisher":{"@id":"https:\/\/truusk.store\/sv\/#organization"},"potentialAction":[{"@type":"SearchAction","target":{"@type":"EntryPoint","urlTemplate":"https:\/\/truusk.store\/sv\/?s={search_term_string}"},"query-input":{"@type":"PropertyValueSpecification","valueRequired":true,"valueName":"search_term_string"}}],"inLanguage":"sv-SE"},{"@type":"Organization","@id":"https:\/\/truusk.store\/sv\/#organization","name":"TRUUSK - Hem, Tr\u00e4dg\u00e5rd & Fritid","url":"https:\/\/truusk.store\/sv\/","logo":{"@type":"ImageObject","inLanguage":"sv-SE","@id":"https:\/\/truusk.store\/sv\/#\/schema\/logo\/image\/","url":"https:\/\/i0.wp.com\/truusk.store\/wp-content\/uploads\/2026\/03\/cropped-TRUUSK.png?fit=2032%2C917&ssl=1","contentUrl":"https:\/\/i0.wp.com\/truusk.store\/wp-content\/uploads\/2026\/03\/cropped-TRUUSK.png?fit=2032%2C917&ssl=1","width":2032,"height":917,"caption":"TRUUSK - Hem, Tr\u00e4dg\u00e5rd & Fritid"},"image":{"@id":"https:\/\/truusk.store\/sv\/#\/schema\/logo\/image\/"}}]}},"jetpack_sharing_enabled":true,"_links":{"self":[{"href":"https:\/\/truusk.store\/sv\/wp-json\/wp\/v2\/product\/101327","targetHints":{"allow":["GET"]}}],"collection":[{"href":"https:\/\/truusk.store\/sv\/wp-json\/wp\/v2\/product"}],"about":[{"href":"https:\/\/truusk.store\/sv\/wp-json\/wp\/v2\/types\/product"}],"wp:featuredmedia":[{"embeddable":true,"href":"https:\/\/truusk.store\/sv\/wp-json\/wp\/v2\/media\/101320"}],"wp:attachment":[{"href":"https:\/\/truusk.store\/sv\/wp-json\/wp\/v2\/media?parent=101327"}],"wp:term":[{"taxonomy":"product_brand","embeddable":true,"href":"https:\/\/truusk.store\/sv\/wp-json\/wp\/v2\/product_brand?post=101327"},{"taxonomy":"product_cat","embeddable":true,"href":"https:\/\/truusk.store\/sv\/wp-json\/wp\/v2\/product_cat?post=101327"},{"taxonomy":"product_tag","embeddable":true,"href":"https:\/\/truusk.store\/sv\/wp-json\/wp\/v2\/product_tag?post=101327"}],"curies":[{"name":"wp","href":"https:\/\/api.w.org\/{rel}","templated":true}]}}