{"id":101333,"date":"2026-01-28T05:20:21","date_gmt":"2026-01-28T04:20:21","guid":{"rendered":"https:\/\/truusk.store\/product\/tradgardspaviljongtak-3x3-m-med-8-draneringshal-tillverkad-av-oxford-600d-tyg-kramvit\/"},"modified":"2026-03-12T09:46:32","modified_gmt":"2026-03-12T08:46:32","slug":"truusk-tradgardspaviljongtak-3x3-m-med-8-draneringshal-oxford-600d-tyg-kramvit","status":"publish","type":"product","link":"https:\/\/truusk.store\/sv\/produkt\/truusk-tradgardspaviljongtak-3x3-m-med-8-draneringshal-oxford-600d-tyg-kramvit\/","title":{"rendered":"TRUUSK Tr\u00e4dg\u00e5rdspaviljongtak 3&#215;3 M &#8211; Med 8 Dr\u00e4neringsh\u00e5l &#8211; Oxford 600D Tyg &#8211; Kr\u00e4mvit"},"content":{"rendered":"<p>F\u00f6rnya stilen p\u00e5 din tr\u00e4dg\u00e5rdspaviljong med ers\u00e4ttningstaket fr\u00e5n [BRAND NAME]. Tillverkat av robust polyester, skyddar detta tak insidan av strukturen mot solen under fester och evenemang. Duken design ger optimal ventilation och r\u00e4tt stabilitet \u00e4ven i vind, medan dr\u00e4neringsh\u00e5len minskar risken f\u00f6r vattenansamlingar.<\/p>\n<p>Beskrivning:<\/p>\n<ul>\n<li> Passande tak endast f\u00f6r tr\u00e4dg\u00e5rdspaviljonger med en storlek p\u00e5 3&#215;3 m som [BRAND NAME] Pavilion 01-0867. Kontrollera produktbilderna noggrant och m\u00e4t strukturen p\u00e5 din tr\u00e4dg\u00e5rdspaviljong innan k\u00f6p f\u00f6r att garantera en perfekt passform<\/li>\n<li> Det belagda polyestertyget p\u00e5 paviljongtaket \u00e4r tjockt och h\u00e5llbart och erbjuder dessutom UV30+ skydd<\/li>\n<li> Kardborreband f\u00f6r enkel montering och demontering ing\u00e5r<\/li>\n<li> Paviljongtak med 8 dr\u00e4neringsh\u00e5l f\u00f6r regnvatten<\/li>\n<li> Tv\u00e5 personer kan montera det p\u00e5 5 minuter<\/li>\n<\/ul>\n<p> Tekniska data:<\/p>\n<ul>\n<li> F\u00e4rg: Kr\u00e4mvit<\/li>\n<li> Material: Oxford 600D tyg<\/li>\n<li> Totala m\u00e5tt: 298L x 298B cm<\/li>\n<li> L\u00e4mplig f\u00f6r 3&#215;3 m paviljonger<\/li>\n<\/ul>\n<p>Leveransinneh\u00e5ll:<\/p>\n<ul>\n<li> 1 x T\u00e4ckning f\u00f6r paviljong<\/li>\n<li> 1 x Bruksanvisning<\/li>\n<\/ul>\n","protected":false},"excerpt":{"rendered":"<p>F\u00f6rnya stilen p\u00e5 din tr\u00e4dg\u00e5rdspaviljong med ers\u00e4ttningstaket fr\u00e5n [BRAND NAME]. Tillverkat av robust polyester, skyddar detta tak insidan av strukturen&#8230;<\/p>\n","protected":false},"featured_media":101328,"template":"","meta":[],"product_brand":[],"product_cat":[479,858,476],"product_tag":[],"class_list":{"0":"post-101333","1":"product","2":"type-product","3":"status-publish","4":"has-post-thumbnail","6":"product_cat-paviljongtak","7":"product_cat-tradgard-terrass","8":"product_cat-tradgardspaviljonger","10":"first","11":"instock","12":"sale","13":"taxable","14":"shipping-taxable","15":"purchasable","16":"product-type-simple"},"yoast_head":"<!-- This site is optimized with the Yoast SEO plugin v25.4 - https:\/\/yoast.com\/wordpress\/plugins\/seo\/ -->\n<title>TRUUSK Tr\u00e4dg\u00e5rdspaviljongtak 3x3 M - Med 8 Dr\u00e4neringsh\u00e5l - Oxford 600D Tyg - Kr\u00e4mvit - TRUUSK - Hem, Tr\u00e4dg\u00e5rd &amp; Fritid<\/title>\n<meta name=\"robots\" content=\"index, follow, max-snippet:-1, max-image-preview:large, max-video-preview:-1\" \/>\n<link rel=\"canonical\" href=\"https:\/\/truusk.store\/sv\/produkt\/truusk-tradgardspaviljongtak-3x3-m-med-8-draneringshal-oxford-600d-tyg-kramvit\/\" \/>\n<meta property=\"og:locale\" content=\"sv_SE\" \/>\n<meta property=\"og:type\" content=\"article\" \/>\n<meta property=\"og:title\" content=\"TRUUSK Tr\u00e4dg\u00e5rdspaviljongtak 3x3 M - Med 8 Dr\u00e4neringsh\u00e5l - Oxford 600D Tyg - Kr\u00e4mvit - TRUUSK - Hem, Tr\u00e4dg\u00e5rd &amp; Fritid\" \/>\n<meta property=\"og:description\" content=\"F\u00f6rnya stilen p\u00e5 din tr\u00e4dg\u00e5rdspaviljong med ers\u00e4ttningstaket fr\u00e5n [BRAND NAME]. Tillverkat av robust polyester, skyddar detta tak insidan av strukturen...\" \/>\n<meta property=\"og:url\" content=\"https:\/\/truusk.store\/sv\/produkt\/truusk-tradgardspaviljongtak-3x3-m-med-8-draneringshal-oxford-600d-tyg-kramvit\/\" \/>\n<meta property=\"og:site_name\" content=\"TRUUSK - Hem, Tr\u00e4dg\u00e5rd &amp; Fritid\" \/>\n<meta property=\"article:modified_time\" content=\"2026-03-12T08:46:32+00:00\" \/>\n<meta property=\"og:image\" content=\"https:\/\/i0.wp.com\/truusk.se\/wp-content\/uploads\/2026\/01\/tradgardspaviljongtak-3x3-m-med-8-draneringshal-tillverkad-av-oxford-600d-tyg-kramvit-1.webp?fit=2000%2C2000&ssl=1\" \/>\n\t<meta property=\"og:image:width\" content=\"2000\" \/>\n\t<meta property=\"og:image:height\" content=\"2000\" \/>\n\t<meta property=\"og:image:type\" content=\"image\/webp\" \/>\n<meta name=\"twitter:card\" content=\"summary_large_image\" \/>\n<meta name=\"twitter:label1\" content=\"Ber\u00e4knad l\u00e4stid\" \/>\n\t<meta name=\"twitter:data1\" content=\"1 minut\" \/>\n<!-- \/ Yoast SEO plugin. -->","yoast_head_json":{"title":"TRUUSK Tr\u00e4dg\u00e5rdspaviljongtak 3x3 M - Med 8 Dr\u00e4neringsh\u00e5l - Oxford 600D Tyg - Kr\u00e4mvit - TRUUSK - Hem, Tr\u00e4dg\u00e5rd &amp; Fritid","robots":{"index":"index","follow":"follow","max-snippet":"max-snippet:-1","max-image-preview":"max-image-preview:large","max-video-preview":"max-video-preview:-1"},"canonical":"https:\/\/truusk.store\/sv\/produkt\/truusk-tradgardspaviljongtak-3x3-m-med-8-draneringshal-oxford-600d-tyg-kramvit\/","og_locale":"sv_SE","og_type":"article","og_title":"TRUUSK Tr\u00e4dg\u00e5rdspaviljongtak 3x3 M - Med 8 Dr\u00e4neringsh\u00e5l - Oxford 600D Tyg - Kr\u00e4mvit - TRUUSK - Hem, Tr\u00e4dg\u00e5rd &amp; Fritid","og_description":"F\u00f6rnya stilen p\u00e5 din tr\u00e4dg\u00e5rdspaviljong med ers\u00e4ttningstaket fr\u00e5n [BRAND NAME]. Tillverkat av robust polyester, skyddar detta tak insidan av strukturen...","og_url":"https:\/\/truusk.store\/sv\/produkt\/truusk-tradgardspaviljongtak-3x3-m-med-8-draneringshal-oxford-600d-tyg-kramvit\/","og_site_name":"TRUUSK - Hem, Tr\u00e4dg\u00e5rd &amp; Fritid","article_modified_time":"2026-03-12T08:46:32+00:00","og_image":[{"width":2000,"height":2000,"url":"https:\/\/i0.wp.com\/truusk.se\/wp-content\/uploads\/2026\/01\/tradgardspaviljongtak-3x3-m-med-8-draneringshal-tillverkad-av-oxford-600d-tyg-kramvit-1.webp?fit=2000%2C2000&ssl=1","type":"image\/webp"}],"twitter_card":"summary_large_image","twitter_misc":{"Ber\u00e4knad l\u00e4stid":"1 minut"},"schema":{"@context":"https:\/\/schema.org","@graph":[{"@type":"WebPage","@id":"https:\/\/truusk.store\/sv\/produkt\/truusk-tradgardspaviljongtak-3x3-m-med-8-draneringshal-oxford-600d-tyg-kramvit\/","url":"https:\/\/truusk.store\/sv\/produkt\/truusk-tradgardspaviljongtak-3x3-m-med-8-draneringshal-oxford-600d-tyg-kramvit\/","name":"TRUUSK Tr\u00e4dg\u00e5rdspaviljongtak 3x3 M - Med 8 Dr\u00e4neringsh\u00e5l - Oxford 600D Tyg - Kr\u00e4mvit - TRUUSK - Hem, Tr\u00e4dg\u00e5rd &amp; Fritid","isPartOf":{"@id":"https:\/\/truusk.store\/sv\/#website"},"primaryImageOfPage":{"@id":"https:\/\/truusk.store\/sv\/produkt\/truusk-tradgardspaviljongtak-3x3-m-med-8-draneringshal-oxford-600d-tyg-kramvit\/#primaryimage"},"image":{"@id":"https:\/\/truusk.store\/sv\/produkt\/truusk-tradgardspaviljongtak-3x3-m-med-8-draneringshal-oxford-600d-tyg-kramvit\/#primaryimage"},"thumbnailUrl":"https:\/\/i0.wp.com\/truusk.store\/wp-content\/uploads\/2026\/01\/tradgardspaviljongtak-3x3-m-med-8-draneringshal-tillverkad-av-oxford-600d-tyg-kramvit-1.webp?fit=2000%2C2000&ssl=1","datePublished":"2026-01-28T04:20:21+00:00","dateModified":"2026-03-12T08:46:32+00:00","breadcrumb":{"@id":"https:\/\/truusk.store\/sv\/produkt\/truusk-tradgardspaviljongtak-3x3-m-med-8-draneringshal-oxford-600d-tyg-kramvit\/#breadcrumb"},"inLanguage":"sv-SE","potentialAction":[{"@type":"ReadAction","target":["https:\/\/truusk.store\/sv\/produkt\/truusk-tradgardspaviljongtak-3x3-m-med-8-draneringshal-oxford-600d-tyg-kramvit\/"]}]},{"@type":"ImageObject","inLanguage":"sv-SE","@id":"https:\/\/truusk.store\/sv\/produkt\/truusk-tradgardspaviljongtak-3x3-m-med-8-draneringshal-oxford-600d-tyg-kramvit\/#primaryimage","url":"https:\/\/i0.wp.com\/truusk.store\/wp-content\/uploads\/2026\/01\/tradgardspaviljongtak-3x3-m-med-8-draneringshal-tillverkad-av-oxford-600d-tyg-kramvit-1.webp?fit=2000%2C2000&ssl=1","contentUrl":"https:\/\/i0.wp.com\/truusk.store\/wp-content\/uploads\/2026\/01\/tradgardspaviljongtak-3x3-m-med-8-draneringshal-tillverkad-av-oxford-600d-tyg-kramvit-1.webp?fit=2000%2C2000&ssl=1","width":2000,"height":2000},{"@type":"BreadcrumbList","@id":"https:\/\/truusk.store\/sv\/produkt\/truusk-tradgardspaviljongtak-3x3-m-med-8-draneringshal-oxford-600d-tyg-kramvit\/#breadcrumb","itemListElement":[{"@type":"ListItem","position":1,"name":"Home","item":"https:\/\/truusk.store\/sv\/"},{"@type":"ListItem","position":2,"name":"Shop","item":"https:\/\/truusk.store\/shop\/"},{"@type":"ListItem","position":3,"name":"TRUUSK Tr\u00e4dg\u00e5rdspaviljongtak 3&#215;3 M &#8211; Med 8 Dr\u00e4neringsh\u00e5l &#8211; Oxford 600D Tyg &#8211; Kr\u00e4mvit"}]},{"@type":"WebSite","@id":"https:\/\/truusk.store\/sv\/#website","url":"https:\/\/truusk.store\/sv\/","name":"TRUUSK - Hem, Tr\u00e4dg\u00e5rd & Fritid","description":"","publisher":{"@id":"https:\/\/truusk.store\/sv\/#organization"},"potentialAction":[{"@type":"SearchAction","target":{"@type":"EntryPoint","urlTemplate":"https:\/\/truusk.store\/sv\/?s={search_term_string}"},"query-input":{"@type":"PropertyValueSpecification","valueRequired":true,"valueName":"search_term_string"}}],"inLanguage":"sv-SE"},{"@type":"Organization","@id":"https:\/\/truusk.store\/sv\/#organization","name":"TRUUSK - Hem, Tr\u00e4dg\u00e5rd & Fritid","url":"https:\/\/truusk.store\/sv\/","logo":{"@type":"ImageObject","inLanguage":"sv-SE","@id":"https:\/\/truusk.store\/sv\/#\/schema\/logo\/image\/","url":"https:\/\/i0.wp.com\/truusk.store\/wp-content\/uploads\/2026\/03\/cropped-TRUUSK.png?fit=2032%2C917&ssl=1","contentUrl":"https:\/\/i0.wp.com\/truusk.store\/wp-content\/uploads\/2026\/03\/cropped-TRUUSK.png?fit=2032%2C917&ssl=1","width":2032,"height":917,"caption":"TRUUSK - Hem, Tr\u00e4dg\u00e5rd & Fritid"},"image":{"@id":"https:\/\/truusk.store\/sv\/#\/schema\/logo\/image\/"}}]}},"jetpack_sharing_enabled":true,"_links":{"self":[{"href":"https:\/\/truusk.store\/sv\/wp-json\/wp\/v2\/product\/101333","targetHints":{"allow":["GET"]}}],"collection":[{"href":"https:\/\/truusk.store\/sv\/wp-json\/wp\/v2\/product"}],"about":[{"href":"https:\/\/truusk.store\/sv\/wp-json\/wp\/v2\/types\/product"}],"wp:featuredmedia":[{"embeddable":true,"href":"https:\/\/truusk.store\/sv\/wp-json\/wp\/v2\/media\/101328"}],"wp:attachment":[{"href":"https:\/\/truusk.store\/sv\/wp-json\/wp\/v2\/media?parent=101333"}],"wp:term":[{"taxonomy":"product_brand","embeddable":true,"href":"https:\/\/truusk.store\/sv\/wp-json\/wp\/v2\/product_brand?post=101333"},{"taxonomy":"product_cat","embeddable":true,"href":"https:\/\/truusk.store\/sv\/wp-json\/wp\/v2\/product_cat?post=101333"},{"taxonomy":"product_tag","embeddable":true,"href":"https:\/\/truusk.store\/sv\/wp-json\/wp\/v2\/product_tag?post=101333"}],"curies":[{"name":"wp","href":"https:\/\/api.w.org\/{rel}","templated":true}]}}