{"id":101343,"date":"2026-01-28T05:21:33","date_gmt":"2026-01-28T04:21:33","guid":{"rendered":"https:\/\/truusk.store\/product\/ersattnings-tak-for-paviljong-3-x-3-m-vattenavvisande-paviljongtak-upf30-ersattningsoverdrag-oxford-tyg-370-g-m%c2%b2-gra\/"},"modified":"2026-03-12T09:46:33","modified_gmt":"2026-03-12T08:46:33","slug":"truusk-vattentatt-tak-for-paviljong-3x3m-uv-skydd-upf30-oxford-tyg-370g-m%c2%b2-gra","status":"publish","type":"product","link":"https:\/\/truusk.store\/sv\/produkt\/truusk-vattentatt-tak-for-paviljong-3x3m-uv-skydd-upf30-oxford-tyg-370g-m%c2%b2-gra\/","title":{"rendered":"TRUUSK Vattent\u00e4tt Tak f\u00f6r Paviljong 3x3m &#8211; UV-skydd UPF30+ &#8211; Oxford-tyg, 370g\/m\u00b2 &#8211; Gr\u00e5"},"content":{"rendered":"<p> Ge dina tr\u00e4dg\u00e5rdsfester ny glans med [BRAND NAME] paviljongers\u00e4ttnings tak! Speciellt l\u00e4mplig f\u00f6r 3 x 3 m paviljonger ([BRAND NAME] SKU 01-0867-serien), \u00e4r detta paviljongers\u00e4ttnings tak gjort av PA-belagd polyester och erbjuder UPF30+ solskydd. Ers\u00e4ttningspaviljongt\u00e4ckningen har ocks\u00e5 regnavrinningsh\u00e5l s\u00e5 att inget vatten samlas.<\/p>\n<p>Beskrivning:<\/p>\n<ul>\n<li> Passar ENDAST f\u00f6r 3 x 3(m) paviljonger, [BRAND NAME] 01-0867-serien. Var noga med att titta p\u00e5 produktm\u00e5lbilden och m\u00e4t ditt paviljongram f\u00f6r att s\u00e4kerst\u00e4lla en bra passform<\/li>\n<li> Belagd polyesterv\u00e4v av paviljongers\u00e4ttnings taket \u00e4r tjockt och slitstarkt, erbjuder UPF30+ skydd<\/li>\n<li> Kardborrband f\u00f6r enkel fasts\u00e4ttning och avtagning av paviljongers\u00e4ttnings taket<\/li>\n<li> Vattenavrinningsh\u00e5l f\u00f6r regn<\/li>\n<li> Tv\u00e5 personer kan montera inom 5 minuter<\/li>\n<\/ul>\n<p> Tekniska data:<\/p>\n<ul>\n<li> F\u00e4rg: Gr\u00e5<\/li>\n<li> Material: Oxfordtyg<\/li>\n<li> Totala dimensioner: 298L x 298B cm<\/li>\n<li> Passar f\u00f6r 3 x 3(m) paviljonger<\/li>\n<\/ul>\n<p>Leveransinneh\u00e5ll:<\/p>\n<ul>\n<li> 1 x Ers\u00e4ttningstak f\u00f6r paviljong<\/li>\n<li> 1 x Bruksanvisning<\/li>\n<\/ul>\n","protected":false},"excerpt":{"rendered":"<p>Ge dina tr\u00e4dg\u00e5rdsfester ny glans med [BRAND NAME] paviljongers\u00e4ttnings tak! Speciellt l\u00e4mplig f\u00f6r 3 x 3 m paviljonger ([BRAND NAME]&#8230;<\/p>\n","protected":false},"featured_media":101334,"template":"","meta":[],"product_brand":[],"product_cat":[479,858,476],"product_tag":[],"class_list":{"0":"post-101343","1":"product","2":"type-product","3":"status-publish","4":"has-post-thumbnail","6":"product_cat-paviljongtak","7":"product_cat-tradgard-terrass","8":"product_cat-tradgardspaviljonger","10":"first","11":"instock","12":"sale","13":"taxable","14":"shipping-taxable","15":"purchasable","16":"product-type-simple"},"yoast_head":"<!-- This site is optimized with the Yoast SEO plugin v25.4 - https:\/\/yoast.com\/wordpress\/plugins\/seo\/ -->\n<title>TRUUSK Vattent\u00e4tt Tak f\u00f6r Paviljong 3x3m - UV-skydd UPF30+ - Oxford-tyg, 370g\/m\u00b2 - Gr\u00e5 - TRUUSK - Hem, Tr\u00e4dg\u00e5rd &amp; Fritid<\/title>\n<meta name=\"robots\" content=\"index, follow, max-snippet:-1, max-image-preview:large, max-video-preview:-1\" \/>\n<link rel=\"canonical\" href=\"https:\/\/truusk.store\/sv\/produkt\/truusk-vattentatt-tak-for-paviljong-3x3m-uv-skydd-upf30-oxford-tyg-370g-m%c2%b2-gra\/\" \/>\n<meta property=\"og:locale\" content=\"sv_SE\" \/>\n<meta property=\"og:type\" content=\"article\" \/>\n<meta property=\"og:title\" content=\"TRUUSK Vattent\u00e4tt Tak f\u00f6r Paviljong 3x3m - UV-skydd UPF30+ - Oxford-tyg, 370g\/m\u00b2 - Gr\u00e5 - TRUUSK - Hem, Tr\u00e4dg\u00e5rd &amp; Fritid\" \/>\n<meta property=\"og:description\" content=\"Ge dina tr\u00e4dg\u00e5rdsfester ny glans med [BRAND NAME] paviljongers\u00e4ttnings tak! Speciellt l\u00e4mplig f\u00f6r 3 x 3 m paviljonger ([BRAND NAME]...\" \/>\n<meta property=\"og:url\" content=\"https:\/\/truusk.store\/sv\/produkt\/truusk-vattentatt-tak-for-paviljong-3x3m-uv-skydd-upf30-oxford-tyg-370g-m%c2%b2-gra\/\" \/>\n<meta property=\"og:site_name\" content=\"TRUUSK - Hem, Tr\u00e4dg\u00e5rd &amp; Fritid\" \/>\n<meta property=\"article:modified_time\" content=\"2026-03-12T08:46:33+00:00\" \/>\n<meta property=\"og:image\" content=\"https:\/\/i0.wp.com\/truusk.se\/wp-content\/uploads\/2026\/01\/ersattnings-tak-for-paviljong-3-x-3-m-vattenavvisande-paviljongtak-upf30-ersattningsoverdrag-oxford-tyg-370-g-mc2b2-gra-1.webp?fit=2000%2C2000&ssl=1\" \/>\n\t<meta property=\"og:image:width\" content=\"2000\" \/>\n\t<meta property=\"og:image:height\" content=\"2000\" \/>\n\t<meta property=\"og:image:type\" content=\"image\/webp\" \/>\n<meta name=\"twitter:card\" content=\"summary_large_image\" \/>\n<meta name=\"twitter:label1\" content=\"Ber\u00e4knad l\u00e4stid\" \/>\n\t<meta name=\"twitter:data1\" content=\"1 minut\" \/>\n<!-- \/ Yoast SEO plugin. -->","yoast_head_json":{"title":"TRUUSK Vattent\u00e4tt Tak f\u00f6r Paviljong 3x3m - UV-skydd UPF30+ - Oxford-tyg, 370g\/m\u00b2 - Gr\u00e5 - TRUUSK - Hem, Tr\u00e4dg\u00e5rd &amp; Fritid","robots":{"index":"index","follow":"follow","max-snippet":"max-snippet:-1","max-image-preview":"max-image-preview:large","max-video-preview":"max-video-preview:-1"},"canonical":"https:\/\/truusk.store\/sv\/produkt\/truusk-vattentatt-tak-for-paviljong-3x3m-uv-skydd-upf30-oxford-tyg-370g-m%c2%b2-gra\/","og_locale":"sv_SE","og_type":"article","og_title":"TRUUSK Vattent\u00e4tt Tak f\u00f6r Paviljong 3x3m - UV-skydd UPF30+ - Oxford-tyg, 370g\/m\u00b2 - Gr\u00e5 - TRUUSK - Hem, Tr\u00e4dg\u00e5rd &amp; Fritid","og_description":"Ge dina tr\u00e4dg\u00e5rdsfester ny glans med [BRAND NAME] paviljongers\u00e4ttnings tak! Speciellt l\u00e4mplig f\u00f6r 3 x 3 m paviljonger ([BRAND NAME]...","og_url":"https:\/\/truusk.store\/sv\/produkt\/truusk-vattentatt-tak-for-paviljong-3x3m-uv-skydd-upf30-oxford-tyg-370g-m%c2%b2-gra\/","og_site_name":"TRUUSK - Hem, Tr\u00e4dg\u00e5rd &amp; Fritid","article_modified_time":"2026-03-12T08:46:33+00:00","og_image":[{"width":2000,"height":2000,"url":"https:\/\/i0.wp.com\/truusk.se\/wp-content\/uploads\/2026\/01\/ersattnings-tak-for-paviljong-3-x-3-m-vattenavvisande-paviljongtak-upf30-ersattningsoverdrag-oxford-tyg-370-g-mc2b2-gra-1.webp?fit=2000%2C2000&ssl=1","type":"image\/webp"}],"twitter_card":"summary_large_image","twitter_misc":{"Ber\u00e4knad l\u00e4stid":"1 minut"},"schema":{"@context":"https:\/\/schema.org","@graph":[{"@type":"WebPage","@id":"https:\/\/truusk.store\/sv\/produkt\/truusk-vattentatt-tak-for-paviljong-3x3m-uv-skydd-upf30-oxford-tyg-370g-m%c2%b2-gra\/","url":"https:\/\/truusk.store\/sv\/produkt\/truusk-vattentatt-tak-for-paviljong-3x3m-uv-skydd-upf30-oxford-tyg-370g-m%c2%b2-gra\/","name":"TRUUSK Vattent\u00e4tt Tak f\u00f6r Paviljong 3x3m - UV-skydd UPF30+ - Oxford-tyg, 370g\/m\u00b2 - Gr\u00e5 - TRUUSK - Hem, Tr\u00e4dg\u00e5rd &amp; Fritid","isPartOf":{"@id":"https:\/\/truusk.store\/sv\/#website"},"primaryImageOfPage":{"@id":"https:\/\/truusk.store\/sv\/produkt\/truusk-vattentatt-tak-for-paviljong-3x3m-uv-skydd-upf30-oxford-tyg-370g-m%c2%b2-gra\/#primaryimage"},"image":{"@id":"https:\/\/truusk.store\/sv\/produkt\/truusk-vattentatt-tak-for-paviljong-3x3m-uv-skydd-upf30-oxford-tyg-370g-m%c2%b2-gra\/#primaryimage"},"thumbnailUrl":"https:\/\/i0.wp.com\/truusk.store\/wp-content\/uploads\/2026\/01\/ersattnings-tak-for-paviljong-3-x-3-m-vattenavvisande-paviljongtak-upf30-ersattningsoverdrag-oxford-tyg-370-g-mc2b2-gra-1.webp?fit=2000%2C2000&ssl=1","datePublished":"2026-01-28T04:21:33+00:00","dateModified":"2026-03-12T08:46:33+00:00","breadcrumb":{"@id":"https:\/\/truusk.store\/sv\/produkt\/truusk-vattentatt-tak-for-paviljong-3x3m-uv-skydd-upf30-oxford-tyg-370g-m%c2%b2-gra\/#breadcrumb"},"inLanguage":"sv-SE","potentialAction":[{"@type":"ReadAction","target":["https:\/\/truusk.store\/sv\/produkt\/truusk-vattentatt-tak-for-paviljong-3x3m-uv-skydd-upf30-oxford-tyg-370g-m%c2%b2-gra\/"]}]},{"@type":"ImageObject","inLanguage":"sv-SE","@id":"https:\/\/truusk.store\/sv\/produkt\/truusk-vattentatt-tak-for-paviljong-3x3m-uv-skydd-upf30-oxford-tyg-370g-m%c2%b2-gra\/#primaryimage","url":"https:\/\/i0.wp.com\/truusk.store\/wp-content\/uploads\/2026\/01\/ersattnings-tak-for-paviljong-3-x-3-m-vattenavvisande-paviljongtak-upf30-ersattningsoverdrag-oxford-tyg-370-g-mc2b2-gra-1.webp?fit=2000%2C2000&ssl=1","contentUrl":"https:\/\/i0.wp.com\/truusk.store\/wp-content\/uploads\/2026\/01\/ersattnings-tak-for-paviljong-3-x-3-m-vattenavvisande-paviljongtak-upf30-ersattningsoverdrag-oxford-tyg-370-g-mc2b2-gra-1.webp?fit=2000%2C2000&ssl=1","width":2000,"height":2000},{"@type":"BreadcrumbList","@id":"https:\/\/truusk.store\/sv\/produkt\/truusk-vattentatt-tak-for-paviljong-3x3m-uv-skydd-upf30-oxford-tyg-370g-m%c2%b2-gra\/#breadcrumb","itemListElement":[{"@type":"ListItem","position":1,"name":"Home","item":"https:\/\/truusk.store\/sv\/"},{"@type":"ListItem","position":2,"name":"Shop","item":"https:\/\/truusk.store\/shop\/"},{"@type":"ListItem","position":3,"name":"TRUUSK Vattent\u00e4tt Tak f\u00f6r Paviljong 3x3m &#8211; UV-skydd UPF30+ &#8211; Oxford-tyg, 370g\/m\u00b2 &#8211; Gr\u00e5"}]},{"@type":"WebSite","@id":"https:\/\/truusk.store\/sv\/#website","url":"https:\/\/truusk.store\/sv\/","name":"TRUUSK - Hem, Tr\u00e4dg\u00e5rd & Fritid","description":"","publisher":{"@id":"https:\/\/truusk.store\/sv\/#organization"},"potentialAction":[{"@type":"SearchAction","target":{"@type":"EntryPoint","urlTemplate":"https:\/\/truusk.store\/sv\/?s={search_term_string}"},"query-input":{"@type":"PropertyValueSpecification","valueRequired":true,"valueName":"search_term_string"}}],"inLanguage":"sv-SE"},{"@type":"Organization","@id":"https:\/\/truusk.store\/sv\/#organization","name":"TRUUSK - Hem, Tr\u00e4dg\u00e5rd & Fritid","url":"https:\/\/truusk.store\/sv\/","logo":{"@type":"ImageObject","inLanguage":"sv-SE","@id":"https:\/\/truusk.store\/sv\/#\/schema\/logo\/image\/","url":"https:\/\/i0.wp.com\/truusk.store\/wp-content\/uploads\/2026\/03\/cropped-TRUUSK.png?fit=2032%2C917&ssl=1","contentUrl":"https:\/\/i0.wp.com\/truusk.store\/wp-content\/uploads\/2026\/03\/cropped-TRUUSK.png?fit=2032%2C917&ssl=1","width":2032,"height":917,"caption":"TRUUSK - Hem, Tr\u00e4dg\u00e5rd & Fritid"},"image":{"@id":"https:\/\/truusk.store\/sv\/#\/schema\/logo\/image\/"}}]}},"jetpack_sharing_enabled":true,"_links":{"self":[{"href":"https:\/\/truusk.store\/sv\/wp-json\/wp\/v2\/product\/101343","targetHints":{"allow":["GET"]}}],"collection":[{"href":"https:\/\/truusk.store\/sv\/wp-json\/wp\/v2\/product"}],"about":[{"href":"https:\/\/truusk.store\/sv\/wp-json\/wp\/v2\/types\/product"}],"wp:featuredmedia":[{"embeddable":true,"href":"https:\/\/truusk.store\/sv\/wp-json\/wp\/v2\/media\/101334"}],"wp:attachment":[{"href":"https:\/\/truusk.store\/sv\/wp-json\/wp\/v2\/media?parent=101343"}],"wp:term":[{"taxonomy":"product_brand","embeddable":true,"href":"https:\/\/truusk.store\/sv\/wp-json\/wp\/v2\/product_brand?post=101343"},{"taxonomy":"product_cat","embeddable":true,"href":"https:\/\/truusk.store\/sv\/wp-json\/wp\/v2\/product_cat?post=101343"},{"taxonomy":"product_tag","embeddable":true,"href":"https:\/\/truusk.store\/sv\/wp-json\/wp\/v2\/product_tag?post=101343"}],"curies":[{"name":"wp","href":"https:\/\/api.w.org\/{rel}","templated":true}]}}