{"id":101373,"date":"2026-01-28T05:24:39","date_gmt":"2026-01-28T04:24:39","guid":{"rendered":"https:\/\/truusk.store\/product\/paviljong-sidovaggar-4-sidopaneler-for-tradgardspaviljong-med-dragkedja-3-x-4-m-paviljong-kramvit\/"},"modified":"2026-03-12T09:46:35","modified_gmt":"2026-03-12T08:46:35","slug":"truusk-paviljong-sidovaggar-4-paneler-med-dragkedja-for-tradgardspaviljong-3-x-4-m-kramvit","status":"publish","type":"product","link":"https:\/\/truusk.store\/sv\/produkt\/truusk-paviljong-sidovaggar-4-paneler-med-dragkedja-for-tradgardspaviljong-3-x-4-m-kramvit\/","title":{"rendered":"TRUUSK Paviljong-sidov\u00e4ggar &#8211; 4 paneler &#8211; Med dragkedja &#8211; F\u00f6r tr\u00e4dg\u00e5rdspaviljong &#8211; 3 x 4 m &#8211; Kr\u00e4mvit"},"content":{"rendered":"<p>F\u00f6rnya din tr\u00e4dg\u00e5rdspaviljong med [BRAND NAME]s skr\u00e4ddarsydda paviljong-sidopaneler f\u00f6r 3 x 3 m strukturer. Dessa paviljong-sidov\u00e4ggar av vattent\u00e4t polyester erbjuder UPF 30+ skydd. Utrustade med justerbara remmar och \u00e5tta vackert designade f\u00f6nster, garanteras en bra utsikt och tillr\u00e4cklig integritet. Uppt\u00e4ck dessa paviljong-sidopaneler med \u00f6ljetter, f\u00f6r flexibla och skyddade timmar utomhus.<\/p>\n<p>Beskrivning:<\/p>\n<ul>\n<li> Paviljong-sidopanelset med fyra gardiner passar perfekt f\u00f6r paviljonger med 3 x 3 m<\/li>\n<li> H\u00f6gkvalitativ 160g\/m\u00b2 polyesterv\u00e4v \u00e4r vattenavvisande och erbjuder skydd mot UPF 30+<\/li>\n<li> Remmar i mitten s\u00e4krar gardinerna n\u00e4r de inte anv\u00e4nds<\/li>\n<li> C-formade ringar och krokar p\u00e5 paviljong-sidopanelerna passar till olika paviljongstrukturer<\/li>\n<li> Transparenta, vackert designade f\u00f6nster f\u00f6rb\u00e4ttrar ljuset och erbjuder en bra utsikt<\/li>\n<li> Paviljong-sidov\u00e4ggar med smidiga dragkedjor f\u00f6r enkel \u00f6ppning och st\u00e4ngning<\/li>\n<li> Idealisk f\u00f6r integritet och v\u00e4derskydd utomhus<\/li>\n<\/ul>\n<p> Tekniska specifikationer:<\/p>\n<ul>\n<li> F\u00e4rg: Kr\u00e4mvit<\/li>\n<li> Material: Polyester, plast<\/li>\n<li> M\u00e5tt p\u00e5 varje sidopanel: 302L x 205H cm<\/li>\n<li> Passande paviljongram: 3 x 3 m<\/li>\n<li> Obs: Paviljongram ing\u00e5r INTE. Var v\u00e4nlig m\u00e4t din paviljong innan k\u00f6p<\/li>\n<\/ul>\n<p>Leveransinneh\u00e5ll:<\/p>\n<ul>\n<li> 4 x Sidopaneler<\/li>\n<li> 40 x C-ringar<\/li>\n<li> 40 x Krok<\/li>\n<\/ul>\n","protected":false},"excerpt":{"rendered":"<p>F\u00f6rnya din tr\u00e4dg\u00e5rdspaviljong med [BRAND NAME]s skr\u00e4ddarsydda paviljong-sidopaneler f\u00f6r 3 x 3 m strukturer. Dessa paviljong-sidov\u00e4ggar av vattent\u00e4t polyester erbjuder&#8230;<\/p>\n","protected":false},"featured_media":101364,"template":"","meta":[],"product_brand":[],"product_cat":[1060,858,476],"product_tag":[],"class_list":{"0":"post-101373","1":"product","2":"type-product","3":"status-publish","4":"has-post-thumbnail","6":"product_cat-tillbehor-for-paviljonger","7":"product_cat-tradgard-terrass","8":"product_cat-tradgardspaviljonger","10":"first","11":"instock","12":"sale","13":"taxable","14":"shipping-taxable","15":"purchasable","16":"product-type-simple"},"yoast_head":"<!-- This site is optimized with the Yoast SEO plugin v25.4 - https:\/\/yoast.com\/wordpress\/plugins\/seo\/ -->\n<title>TRUUSK Paviljong-sidov\u00e4ggar - 4 paneler - Med dragkedja - F\u00f6r tr\u00e4dg\u00e5rdspaviljong - 3 x 4 m - Kr\u00e4mvit - TRUUSK - Hem, Tr\u00e4dg\u00e5rd &amp; Fritid<\/title>\n<meta name=\"robots\" content=\"index, follow, max-snippet:-1, max-image-preview:large, max-video-preview:-1\" \/>\n<link rel=\"canonical\" href=\"https:\/\/truusk.store\/sv\/produkt\/truusk-paviljong-sidovaggar-4-paneler-med-dragkedja-for-tradgardspaviljong-3-x-4-m-kramvit\/\" \/>\n<meta property=\"og:locale\" content=\"sv_SE\" \/>\n<meta property=\"og:type\" content=\"article\" \/>\n<meta property=\"og:title\" content=\"TRUUSK Paviljong-sidov\u00e4ggar - 4 paneler - Med dragkedja - F\u00f6r tr\u00e4dg\u00e5rdspaviljong - 3 x 4 m - Kr\u00e4mvit - TRUUSK - Hem, Tr\u00e4dg\u00e5rd &amp; Fritid\" \/>\n<meta property=\"og:description\" content=\"F\u00f6rnya din tr\u00e4dg\u00e5rdspaviljong med [BRAND NAME]s skr\u00e4ddarsydda paviljong-sidopaneler f\u00f6r 3 x 3 m strukturer. Dessa paviljong-sidov\u00e4ggar av vattent\u00e4t polyester erbjuder...\" \/>\n<meta property=\"og:url\" content=\"https:\/\/truusk.store\/sv\/produkt\/truusk-paviljong-sidovaggar-4-paneler-med-dragkedja-for-tradgardspaviljong-3-x-4-m-kramvit\/\" \/>\n<meta property=\"og:site_name\" content=\"TRUUSK - Hem, Tr\u00e4dg\u00e5rd &amp; Fritid\" \/>\n<meta property=\"article:modified_time\" content=\"2026-03-12T08:46:35+00:00\" \/>\n<meta property=\"og:image\" content=\"https:\/\/i0.wp.com\/truusk.se\/wp-content\/uploads\/2026\/01\/paviljong-sidovaggar-4-sidopaneler-for-tradgardspaviljong-med-dragkedja-3-x-4-m-paviljong-kramvit-1.webp?fit=2000%2C2000&ssl=1\" \/>\n\t<meta property=\"og:image:width\" content=\"2000\" \/>\n\t<meta property=\"og:image:height\" content=\"2000\" \/>\n\t<meta property=\"og:image:type\" content=\"image\/webp\" \/>\n<meta name=\"twitter:card\" content=\"summary_large_image\" \/>\n<meta name=\"twitter:label1\" content=\"Ber\u00e4knad l\u00e4stid\" \/>\n\t<meta name=\"twitter:data1\" content=\"1 minut\" \/>\n<!-- \/ Yoast SEO plugin. -->","yoast_head_json":{"title":"TRUUSK Paviljong-sidov\u00e4ggar - 4 paneler - Med dragkedja - F\u00f6r tr\u00e4dg\u00e5rdspaviljong - 3 x 4 m - Kr\u00e4mvit - TRUUSK - Hem, Tr\u00e4dg\u00e5rd &amp; Fritid","robots":{"index":"index","follow":"follow","max-snippet":"max-snippet:-1","max-image-preview":"max-image-preview:large","max-video-preview":"max-video-preview:-1"},"canonical":"https:\/\/truusk.store\/sv\/produkt\/truusk-paviljong-sidovaggar-4-paneler-med-dragkedja-for-tradgardspaviljong-3-x-4-m-kramvit\/","og_locale":"sv_SE","og_type":"article","og_title":"TRUUSK Paviljong-sidov\u00e4ggar - 4 paneler - Med dragkedja - F\u00f6r tr\u00e4dg\u00e5rdspaviljong - 3 x 4 m - Kr\u00e4mvit - TRUUSK - Hem, Tr\u00e4dg\u00e5rd &amp; Fritid","og_description":"F\u00f6rnya din tr\u00e4dg\u00e5rdspaviljong med [BRAND NAME]s skr\u00e4ddarsydda paviljong-sidopaneler f\u00f6r 3 x 3 m strukturer. Dessa paviljong-sidov\u00e4ggar av vattent\u00e4t polyester erbjuder...","og_url":"https:\/\/truusk.store\/sv\/produkt\/truusk-paviljong-sidovaggar-4-paneler-med-dragkedja-for-tradgardspaviljong-3-x-4-m-kramvit\/","og_site_name":"TRUUSK - Hem, Tr\u00e4dg\u00e5rd &amp; Fritid","article_modified_time":"2026-03-12T08:46:35+00:00","og_image":[{"width":2000,"height":2000,"url":"https:\/\/i0.wp.com\/truusk.se\/wp-content\/uploads\/2026\/01\/paviljong-sidovaggar-4-sidopaneler-for-tradgardspaviljong-med-dragkedja-3-x-4-m-paviljong-kramvit-1.webp?fit=2000%2C2000&ssl=1","type":"image\/webp"}],"twitter_card":"summary_large_image","twitter_misc":{"Ber\u00e4knad l\u00e4stid":"1 minut"},"schema":{"@context":"https:\/\/schema.org","@graph":[{"@type":"WebPage","@id":"https:\/\/truusk.store\/sv\/produkt\/truusk-paviljong-sidovaggar-4-paneler-med-dragkedja-for-tradgardspaviljong-3-x-4-m-kramvit\/","url":"https:\/\/truusk.store\/sv\/produkt\/truusk-paviljong-sidovaggar-4-paneler-med-dragkedja-for-tradgardspaviljong-3-x-4-m-kramvit\/","name":"TRUUSK Paviljong-sidov\u00e4ggar - 4 paneler - Med dragkedja - F\u00f6r tr\u00e4dg\u00e5rdspaviljong - 3 x 4 m - Kr\u00e4mvit - TRUUSK - Hem, Tr\u00e4dg\u00e5rd &amp; Fritid","isPartOf":{"@id":"https:\/\/truusk.store\/sv\/#website"},"primaryImageOfPage":{"@id":"https:\/\/truusk.store\/sv\/produkt\/truusk-paviljong-sidovaggar-4-paneler-med-dragkedja-for-tradgardspaviljong-3-x-4-m-kramvit\/#primaryimage"},"image":{"@id":"https:\/\/truusk.store\/sv\/produkt\/truusk-paviljong-sidovaggar-4-paneler-med-dragkedja-for-tradgardspaviljong-3-x-4-m-kramvit\/#primaryimage"},"thumbnailUrl":"https:\/\/i0.wp.com\/truusk.store\/wp-content\/uploads\/2026\/01\/paviljong-sidovaggar-4-sidopaneler-for-tradgardspaviljong-med-dragkedja-3-x-4-m-paviljong-kramvit-1.webp?fit=2000%2C2000&ssl=1","datePublished":"2026-01-28T04:24:39+00:00","dateModified":"2026-03-12T08:46:35+00:00","breadcrumb":{"@id":"https:\/\/truusk.store\/sv\/produkt\/truusk-paviljong-sidovaggar-4-paneler-med-dragkedja-for-tradgardspaviljong-3-x-4-m-kramvit\/#breadcrumb"},"inLanguage":"sv-SE","potentialAction":[{"@type":"ReadAction","target":["https:\/\/truusk.store\/sv\/produkt\/truusk-paviljong-sidovaggar-4-paneler-med-dragkedja-for-tradgardspaviljong-3-x-4-m-kramvit\/"]}]},{"@type":"ImageObject","inLanguage":"sv-SE","@id":"https:\/\/truusk.store\/sv\/produkt\/truusk-paviljong-sidovaggar-4-paneler-med-dragkedja-for-tradgardspaviljong-3-x-4-m-kramvit\/#primaryimage","url":"https:\/\/i0.wp.com\/truusk.store\/wp-content\/uploads\/2026\/01\/paviljong-sidovaggar-4-sidopaneler-for-tradgardspaviljong-med-dragkedja-3-x-4-m-paviljong-kramvit-1.webp?fit=2000%2C2000&ssl=1","contentUrl":"https:\/\/i0.wp.com\/truusk.store\/wp-content\/uploads\/2026\/01\/paviljong-sidovaggar-4-sidopaneler-for-tradgardspaviljong-med-dragkedja-3-x-4-m-paviljong-kramvit-1.webp?fit=2000%2C2000&ssl=1","width":2000,"height":2000},{"@type":"BreadcrumbList","@id":"https:\/\/truusk.store\/sv\/produkt\/truusk-paviljong-sidovaggar-4-paneler-med-dragkedja-for-tradgardspaviljong-3-x-4-m-kramvit\/#breadcrumb","itemListElement":[{"@type":"ListItem","position":1,"name":"Home","item":"https:\/\/truusk.store\/sv\/"},{"@type":"ListItem","position":2,"name":"Shop","item":"https:\/\/truusk.store\/shop\/"},{"@type":"ListItem","position":3,"name":"TRUUSK Paviljong-sidov\u00e4ggar &#8211; 4 paneler &#8211; Med dragkedja &#8211; F\u00f6r tr\u00e4dg\u00e5rdspaviljong &#8211; 3 x 4 m &#8211; Kr\u00e4mvit"}]},{"@type":"WebSite","@id":"https:\/\/truusk.store\/sv\/#website","url":"https:\/\/truusk.store\/sv\/","name":"TRUUSK - Hem, Tr\u00e4dg\u00e5rd & Fritid","description":"","publisher":{"@id":"https:\/\/truusk.store\/sv\/#organization"},"potentialAction":[{"@type":"SearchAction","target":{"@type":"EntryPoint","urlTemplate":"https:\/\/truusk.store\/sv\/?s={search_term_string}"},"query-input":{"@type":"PropertyValueSpecification","valueRequired":true,"valueName":"search_term_string"}}],"inLanguage":"sv-SE"},{"@type":"Organization","@id":"https:\/\/truusk.store\/sv\/#organization","name":"TRUUSK - Hem, Tr\u00e4dg\u00e5rd & Fritid","url":"https:\/\/truusk.store\/sv\/","logo":{"@type":"ImageObject","inLanguage":"sv-SE","@id":"https:\/\/truusk.store\/sv\/#\/schema\/logo\/image\/","url":"https:\/\/i0.wp.com\/truusk.store\/wp-content\/uploads\/2026\/03\/cropped-TRUUSK.png?fit=2032%2C917&ssl=1","contentUrl":"https:\/\/i0.wp.com\/truusk.store\/wp-content\/uploads\/2026\/03\/cropped-TRUUSK.png?fit=2032%2C917&ssl=1","width":2032,"height":917,"caption":"TRUUSK - Hem, Tr\u00e4dg\u00e5rd & Fritid"},"image":{"@id":"https:\/\/truusk.store\/sv\/#\/schema\/logo\/image\/"}}]}},"jetpack_sharing_enabled":true,"_links":{"self":[{"href":"https:\/\/truusk.store\/sv\/wp-json\/wp\/v2\/product\/101373","targetHints":{"allow":["GET"]}}],"collection":[{"href":"https:\/\/truusk.store\/sv\/wp-json\/wp\/v2\/product"}],"about":[{"href":"https:\/\/truusk.store\/sv\/wp-json\/wp\/v2\/types\/product"}],"wp:featuredmedia":[{"embeddable":true,"href":"https:\/\/truusk.store\/sv\/wp-json\/wp\/v2\/media\/101364"}],"wp:attachment":[{"href":"https:\/\/truusk.store\/sv\/wp-json\/wp\/v2\/media?parent=101373"}],"wp:term":[{"taxonomy":"product_brand","embeddable":true,"href":"https:\/\/truusk.store\/sv\/wp-json\/wp\/v2\/product_brand?post=101373"},{"taxonomy":"product_cat","embeddable":true,"href":"https:\/\/truusk.store\/sv\/wp-json\/wp\/v2\/product_cat?post=101373"},{"taxonomy":"product_tag","embeddable":true,"href":"https:\/\/truusk.store\/sv\/wp-json\/wp\/v2\/product_tag?post=101373"}],"curies":[{"name":"wp","href":"https:\/\/api.w.org\/{rel}","templated":true}]}}