{"id":101431,"date":"2026-01-28T05:30:49","date_gmt":"2026-01-28T04:30:49","guid":{"rendered":"https:\/\/truusk.store\/product\/hangstol-med-ram-hopfallbar-aggformad-hanggunga-med-tvattbart-sate-mugg-hallare-sakerhetslina-beige\/"},"modified":"2026-03-12T09:46:49","modified_gmt":"2026-03-12T08:46:49","slug":"truusk-hangstol-for-utomhusbruk-hopfallbar-aggformad-design-tvattbart-sate-mugg-hallare-sakerhetslina-beige","status":"publish","type":"product","link":"https:\/\/truusk.store\/sv\/produkt\/truusk-hangstol-for-utomhusbruk-hopfallbar-aggformad-design-tvattbart-sate-mugg-hallare-sakerhetslina-beige\/","title":{"rendered":"TRUUSK H\u00e4ngstol f\u00f6r Utomhusbruk &#8211; Hopf\u00e4llbar \u00e4ggformad Design &#8211; Tv\u00e4ttbart S\u00e4te &#8211; Mugg H\u00e5llare &#8211; S\u00e4kerhetslina &#8211; Beige"},"content":{"rendered":"<p>Njut av en sk\u00f6n paus med denna h\u00e4ngstol fr\u00e5n [BRAND NAME]. Den sv\u00e4ngda ryggst\u00f6det, den gener\u00f6sa sittytan och det tjocka sittkuddet ger en bekv\u00e4m sittupplevelse. H\u00e4ngstolen med stativ har en stabil st\u00e5lram som kan b\u00e4ra upp till 120 kg. Tack vare den hopf\u00e4llbara sittkorgen kan stolen f\u00f6rvaras utrymmeseffektivt och praktiskt. Det sofistikerade m\u00f6nstret p\u00e5 sittkorgen ger luftgenomstr\u00f6mning och fungerar som en smakfull blickf\u00e5ngare.<\/p>\n<p> Beskrivning:<\/p>\n<ul>\n<li> Gener\u00f6s sittyta, ergonomiskt sv\u00e4ngd ryggst\u00f6d och tjock kudde f\u00f6r maximal komfort<\/li>\n<li> Ett s\u00e4kerhetsrep f\u00f6r \u00f6kad gungningss\u00e4kerhet<\/li>\n<li> St\u00e5lram med repfl\u00e4tning f\u00f6r h\u00f6g stabilitet och h\u00e5llbarhet<\/li>\n<li> Hopf\u00e4llbar sittkorg f\u00f6r utomhus h\u00e4ngstol f\u00f6r utrymmeseffektiv f\u00f6rvaring<\/li>\n<li> Sidofickor p\u00e5 h\u00e4ngstolen ger extra f\u00f6rvaringsutrymme<\/li>\n<li> Mjuk, 20 cm tjock sittkudde f\u00f6r ultimat sittkomfort<\/li>\n<li> L\u00e4mplig f\u00f6r inomhus och utomhus<\/li>\n<li> Montering kr\u00e4vs<\/li>\n<\/ul>\n<p> Tekniska data:<\/p>\n<ul>\n<li> F\u00e4rg: Beige<\/li>\n<li> Material: St\u00e5l, Polyester, Skum, Polypropen<\/li>\n<li> Totala dimensioner: 110L x 100B x 188H cm<\/li>\n<li> Korgdimensioner: 85B x 63T x 106H cm<\/li>\n<li> Hopf\u00e4llbara sittkorgsm\u00e5tt: 108L x 67B x 19H cm<\/li>\n<li> Ryggst\u00f6dsstorlek: 74B x 102H cm<\/li>\n<li> Sittyta: 74B x 56T cm<\/li>\n<li> Sitth\u00f6jd: 53 cm<\/li>\n<li> B\u00e4rkapacitet: 120 kg<\/li>\n<\/ul>\n<p>Leveransinneh\u00e5ll:<\/p>\n<ul>\n<li> 1 x H\u00e4ngstol<\/li>\n<li> 1 x Kudde<\/li>\n<li> 1 x Huvudst\u00f6d<\/li>\n<li> 1 x Handbok<\/li>\n<\/ul>\n","protected":false},"excerpt":{"rendered":"<p>Njut av en sk\u00f6n paus med denna h\u00e4ngstol fr\u00e5n [BRAND NAME]. Den sv\u00e4ngda ryggst\u00f6det, den gener\u00f6sa sittytan och det tjocka&#8230;<\/p>\n","protected":false},"featured_media":101418,"template":"","meta":[],"product_brand":[],"product_cat":[460,858,450],"product_tag":[],"class_list":{"0":"post-101431","1":"product","2":"type-product","3":"status-publish","4":"has-post-thumbnail","6":"product_cat-hangmattor-hangstolar","7":"product_cat-tradgard-terrass","8":"product_cat-tradgardsmobler","10":"first","11":"instock","12":"sale","13":"taxable","14":"shipping-taxable","15":"purchasable","16":"product-type-simple"},"yoast_head":"<!-- This site is optimized with the Yoast SEO plugin v25.4 - https:\/\/yoast.com\/wordpress\/plugins\/seo\/ -->\n<title>TRUUSK H\u00e4ngstol f\u00f6r Utomhusbruk - Hopf\u00e4llbar \u00e4ggformad Design - Tv\u00e4ttbart S\u00e4te - Mugg H\u00e5llare - S\u00e4kerhetslina - Beige - TRUUSK - Hem, Tr\u00e4dg\u00e5rd &amp; Fritid<\/title>\n<meta name=\"robots\" content=\"index, follow, max-snippet:-1, max-image-preview:large, max-video-preview:-1\" \/>\n<link rel=\"canonical\" href=\"https:\/\/truusk.store\/sv\/produkt\/truusk-hangstol-for-utomhusbruk-hopfallbar-aggformad-design-tvattbart-sate-mugg-hallare-sakerhetslina-beige\/\" \/>\n<meta property=\"og:locale\" content=\"sv_SE\" \/>\n<meta property=\"og:type\" content=\"article\" \/>\n<meta property=\"og:title\" content=\"TRUUSK H\u00e4ngstol f\u00f6r Utomhusbruk - Hopf\u00e4llbar \u00e4ggformad Design - Tv\u00e4ttbart S\u00e4te - Mugg H\u00e5llare - S\u00e4kerhetslina - Beige - TRUUSK - Hem, Tr\u00e4dg\u00e5rd &amp; Fritid\" \/>\n<meta property=\"og:description\" content=\"Njut av en sk\u00f6n paus med denna h\u00e4ngstol fr\u00e5n [BRAND NAME]. Den sv\u00e4ngda ryggst\u00f6det, den gener\u00f6sa sittytan och det tjocka...\" \/>\n<meta property=\"og:url\" content=\"https:\/\/truusk.store\/sv\/produkt\/truusk-hangstol-for-utomhusbruk-hopfallbar-aggformad-design-tvattbart-sate-mugg-hallare-sakerhetslina-beige\/\" \/>\n<meta property=\"og:site_name\" content=\"TRUUSK - Hem, Tr\u00e4dg\u00e5rd &amp; Fritid\" \/>\n<meta property=\"article:modified_time\" content=\"2026-03-12T08:46:49+00:00\" \/>\n<meta property=\"og:image\" content=\"https:\/\/i0.wp.com\/truusk.se\/wp-content\/uploads\/2026\/01\/hangstol-med-ram-hopfallbar-aggformad-hanggunga-med-tvattbart-sate-mugg-hallare-sakerhetslina-beige-1.webp?fit=2000%2C2000&ssl=1\" \/>\n\t<meta property=\"og:image:width\" content=\"2000\" \/>\n\t<meta property=\"og:image:height\" content=\"2000\" \/>\n\t<meta property=\"og:image:type\" content=\"image\/webp\" \/>\n<meta name=\"twitter:card\" content=\"summary_large_image\" \/>\n<meta name=\"twitter:label1\" content=\"Ber\u00e4knad l\u00e4stid\" \/>\n\t<meta name=\"twitter:data1\" content=\"1 minut\" \/>\n<!-- \/ Yoast SEO plugin. -->","yoast_head_json":{"title":"TRUUSK H\u00e4ngstol f\u00f6r Utomhusbruk - Hopf\u00e4llbar \u00e4ggformad Design - Tv\u00e4ttbart S\u00e4te - Mugg H\u00e5llare - S\u00e4kerhetslina - Beige - TRUUSK - Hem, Tr\u00e4dg\u00e5rd &amp; Fritid","robots":{"index":"index","follow":"follow","max-snippet":"max-snippet:-1","max-image-preview":"max-image-preview:large","max-video-preview":"max-video-preview:-1"},"canonical":"https:\/\/truusk.store\/sv\/produkt\/truusk-hangstol-for-utomhusbruk-hopfallbar-aggformad-design-tvattbart-sate-mugg-hallare-sakerhetslina-beige\/","og_locale":"sv_SE","og_type":"article","og_title":"TRUUSK H\u00e4ngstol f\u00f6r Utomhusbruk - Hopf\u00e4llbar \u00e4ggformad Design - Tv\u00e4ttbart S\u00e4te - Mugg H\u00e5llare - S\u00e4kerhetslina - Beige - TRUUSK - Hem, Tr\u00e4dg\u00e5rd &amp; Fritid","og_description":"Njut av en sk\u00f6n paus med denna h\u00e4ngstol fr\u00e5n [BRAND NAME]. Den sv\u00e4ngda ryggst\u00f6det, den gener\u00f6sa sittytan och det tjocka...","og_url":"https:\/\/truusk.store\/sv\/produkt\/truusk-hangstol-for-utomhusbruk-hopfallbar-aggformad-design-tvattbart-sate-mugg-hallare-sakerhetslina-beige\/","og_site_name":"TRUUSK - Hem, Tr\u00e4dg\u00e5rd &amp; Fritid","article_modified_time":"2026-03-12T08:46:49+00:00","og_image":[{"width":2000,"height":2000,"url":"https:\/\/i0.wp.com\/truusk.se\/wp-content\/uploads\/2026\/01\/hangstol-med-ram-hopfallbar-aggformad-hanggunga-med-tvattbart-sate-mugg-hallare-sakerhetslina-beige-1.webp?fit=2000%2C2000&ssl=1","type":"image\/webp"}],"twitter_card":"summary_large_image","twitter_misc":{"Ber\u00e4knad l\u00e4stid":"1 minut"},"schema":{"@context":"https:\/\/schema.org","@graph":[{"@type":"WebPage","@id":"https:\/\/truusk.store\/sv\/produkt\/truusk-hangstol-for-utomhusbruk-hopfallbar-aggformad-design-tvattbart-sate-mugg-hallare-sakerhetslina-beige\/","url":"https:\/\/truusk.store\/sv\/produkt\/truusk-hangstol-for-utomhusbruk-hopfallbar-aggformad-design-tvattbart-sate-mugg-hallare-sakerhetslina-beige\/","name":"TRUUSK H\u00e4ngstol f\u00f6r Utomhusbruk - Hopf\u00e4llbar \u00e4ggformad Design - Tv\u00e4ttbart S\u00e4te - Mugg H\u00e5llare - S\u00e4kerhetslina - Beige - TRUUSK - Hem, Tr\u00e4dg\u00e5rd &amp; Fritid","isPartOf":{"@id":"https:\/\/truusk.store\/sv\/#website"},"primaryImageOfPage":{"@id":"https:\/\/truusk.store\/sv\/produkt\/truusk-hangstol-for-utomhusbruk-hopfallbar-aggformad-design-tvattbart-sate-mugg-hallare-sakerhetslina-beige\/#primaryimage"},"image":{"@id":"https:\/\/truusk.store\/sv\/produkt\/truusk-hangstol-for-utomhusbruk-hopfallbar-aggformad-design-tvattbart-sate-mugg-hallare-sakerhetslina-beige\/#primaryimage"},"thumbnailUrl":"https:\/\/i0.wp.com\/truusk.store\/wp-content\/uploads\/2026\/01\/hangstol-med-ram-hopfallbar-aggformad-hanggunga-med-tvattbart-sate-mugg-hallare-sakerhetslina-beige-1.webp?fit=2000%2C2000&ssl=1","datePublished":"2026-01-28T04:30:49+00:00","dateModified":"2026-03-12T08:46:49+00:00","breadcrumb":{"@id":"https:\/\/truusk.store\/sv\/produkt\/truusk-hangstol-for-utomhusbruk-hopfallbar-aggformad-design-tvattbart-sate-mugg-hallare-sakerhetslina-beige\/#breadcrumb"},"inLanguage":"sv-SE","potentialAction":[{"@type":"ReadAction","target":["https:\/\/truusk.store\/sv\/produkt\/truusk-hangstol-for-utomhusbruk-hopfallbar-aggformad-design-tvattbart-sate-mugg-hallare-sakerhetslina-beige\/"]}]},{"@type":"ImageObject","inLanguage":"sv-SE","@id":"https:\/\/truusk.store\/sv\/produkt\/truusk-hangstol-for-utomhusbruk-hopfallbar-aggformad-design-tvattbart-sate-mugg-hallare-sakerhetslina-beige\/#primaryimage","url":"https:\/\/i0.wp.com\/truusk.store\/wp-content\/uploads\/2026\/01\/hangstol-med-ram-hopfallbar-aggformad-hanggunga-med-tvattbart-sate-mugg-hallare-sakerhetslina-beige-1.webp?fit=2000%2C2000&ssl=1","contentUrl":"https:\/\/i0.wp.com\/truusk.store\/wp-content\/uploads\/2026\/01\/hangstol-med-ram-hopfallbar-aggformad-hanggunga-med-tvattbart-sate-mugg-hallare-sakerhetslina-beige-1.webp?fit=2000%2C2000&ssl=1","width":2000,"height":2000},{"@type":"BreadcrumbList","@id":"https:\/\/truusk.store\/sv\/produkt\/truusk-hangstol-for-utomhusbruk-hopfallbar-aggformad-design-tvattbart-sate-mugg-hallare-sakerhetslina-beige\/#breadcrumb","itemListElement":[{"@type":"ListItem","position":1,"name":"Home","item":"https:\/\/truusk.store\/sv\/"},{"@type":"ListItem","position":2,"name":"Shop","item":"https:\/\/truusk.store\/shop\/"},{"@type":"ListItem","position":3,"name":"TRUUSK H\u00e4ngstol f\u00f6r Utomhusbruk &#8211; Hopf\u00e4llbar \u00e4ggformad Design &#8211; Tv\u00e4ttbart S\u00e4te &#8211; Mugg H\u00e5llare &#8211; S\u00e4kerhetslina &#8211; Beige"}]},{"@type":"WebSite","@id":"https:\/\/truusk.store\/sv\/#website","url":"https:\/\/truusk.store\/sv\/","name":"TRUUSK - Hem, Tr\u00e4dg\u00e5rd & Fritid","description":"","publisher":{"@id":"https:\/\/truusk.store\/sv\/#organization"},"potentialAction":[{"@type":"SearchAction","target":{"@type":"EntryPoint","urlTemplate":"https:\/\/truusk.store\/sv\/?s={search_term_string}"},"query-input":{"@type":"PropertyValueSpecification","valueRequired":true,"valueName":"search_term_string"}}],"inLanguage":"sv-SE"},{"@type":"Organization","@id":"https:\/\/truusk.store\/sv\/#organization","name":"TRUUSK - Hem, Tr\u00e4dg\u00e5rd & Fritid","url":"https:\/\/truusk.store\/sv\/","logo":{"@type":"ImageObject","inLanguage":"sv-SE","@id":"https:\/\/truusk.store\/sv\/#\/schema\/logo\/image\/","url":"https:\/\/i0.wp.com\/truusk.store\/wp-content\/uploads\/2026\/03\/cropped-TRUUSK.png?fit=2032%2C917&ssl=1","contentUrl":"https:\/\/i0.wp.com\/truusk.store\/wp-content\/uploads\/2026\/03\/cropped-TRUUSK.png?fit=2032%2C917&ssl=1","width":2032,"height":917,"caption":"TRUUSK - Hem, Tr\u00e4dg\u00e5rd & Fritid"},"image":{"@id":"https:\/\/truusk.store\/sv\/#\/schema\/logo\/image\/"}}]}},"jetpack_sharing_enabled":true,"_links":{"self":[{"href":"https:\/\/truusk.store\/sv\/wp-json\/wp\/v2\/product\/101431","targetHints":{"allow":["GET"]}}],"collection":[{"href":"https:\/\/truusk.store\/sv\/wp-json\/wp\/v2\/product"}],"about":[{"href":"https:\/\/truusk.store\/sv\/wp-json\/wp\/v2\/types\/product"}],"wp:featuredmedia":[{"embeddable":true,"href":"https:\/\/truusk.store\/sv\/wp-json\/wp\/v2\/media\/101418"}],"wp:attachment":[{"href":"https:\/\/truusk.store\/sv\/wp-json\/wp\/v2\/media?parent=101431"}],"wp:term":[{"taxonomy":"product_brand","embeddable":true,"href":"https:\/\/truusk.store\/sv\/wp-json\/wp\/v2\/product_brand?post=101431"},{"taxonomy":"product_cat","embeddable":true,"href":"https:\/\/truusk.store\/sv\/wp-json\/wp\/v2\/product_cat?post=101431"},{"taxonomy":"product_tag","embeddable":true,"href":"https:\/\/truusk.store\/sv\/wp-json\/wp\/v2\/product_tag?post=101431"}],"curies":[{"name":"wp","href":"https:\/\/api.w.org\/{rel}","templated":true}]}}