{"id":101451,"date":"2026-01-28T05:32:46","date_gmt":"2026-01-28T04:32:46","guid":{"rendered":"https:\/\/truusk.store\/product\/hangande-utomhussvangstol-med-hopfallbar-korgsits-och-tjocka-kuddar-stativ-nackstod-muggstall-khaki\/"},"modified":"2026-03-12T09:47:01","modified_gmt":"2026-03-12T08:47:01","slug":"truusk-hangande-utomhussvangstol-hopfallbar-korgsits-tjocka-kuddar-stativ-nackstod-muggstall-khaki","status":"publish","type":"product","link":"https:\/\/truusk.store\/sv\/produkt\/truusk-hangande-utomhussvangstol-hopfallbar-korgsits-tjocka-kuddar-stativ-nackstod-muggstall-khaki\/","title":{"rendered":"TRUUSK H\u00e4ngande Utomhussv\u00e4ngstol &#8211; Hopf\u00e4llbar Korgsits &#8211; Tjocka Kuddar &#8211; Stativ &#8211; Nackst\u00f6d &#8211; Muggst\u00e4ll &#8211; Khaki"},"content":{"rendered":"<p>Njut av h\u00f6gsta komfort i denna [BRAND NAME] h\u00e4ngstol! Tack vare den f\u00e4llbara korgen \u00e4r den enkel att f\u00f6rvara och kopph\u00e5llaren h\u00e5ller drycker inom r\u00e4ckh\u00e5ll. Den 20 cm tjocka dynan med armst\u00f6d och den separata huvudkudden f\u00f6r h\u00e4ngstolen ger bekv\u00e4mlighet. Ett pulverlackerat st\u00e5lram och h\u00e4ngstolens X-formade bas garanterar en stabil gungfunktion. L\u00e4ngden p\u00e5 den \u00f6vre kedjan kan ocks\u00e5 justeras f\u00f6r att anpassa gungupplevelsen individuellt.<\/p>\n<p>Beskrivning:<\/p>\n<ul>\n<li> \u00c4ggformad h\u00e4ngstol imiterar ett f\u00e5gelbo, bred sittyta<\/li>\n<li> Genombrutet design, v\u00e4vt i rep, ger visuell attraktivitet<\/li>\n<li> Korgen f\u00f6r h\u00e4ngstolen kan f\u00e4llas ihop f\u00f6r f\u00f6rvaring och har en kopph\u00e5llare<\/li>\n<li> 20 cm tjock dyna och 12 cm tjock huvudkudde, alla med dragkedjor, f\u00f6r h\u00f6gkvalitativ komfort<\/li>\n<li> Den \u00f6vre kedjan f\u00f6r utomhush\u00e4ngstolen \u00e4r justerbar f\u00f6r att anpassa din optimala gungningsh\u00f6jd<\/li>\n<li> Ett s\u00e4kerhetsrep f\u00f6r h\u00e4nggungan h\u00e5ller korgen fast f\u00f6r att minimera \u00f6verdrivna r\u00f6relser<\/li>\n<li> Pulverlackerad st\u00e5lram och X-formad fot med halkfria fotdynor<\/li>\n<li> Maximal belastning: 120 kg. Montering kr\u00e4vs<\/li>\n<\/ul>\n<p> Tekniska data:<\/p>\n<ul>\n<li> F\u00e4rg: Svart+Khaki<\/li>\n<li> Material: St\u00e5l, Polypropen, Polyester, Skum<\/li>\n<li> Totala dimensioner: 120L x 88B x 192H cm<\/li>\n<li> Korgdimensioner: 76B x 63T x 106H cm<\/li>\n<li> Korgens f\u00e4llbara storlek: 110L x 78B x 19H cm<\/li>\n<li> Sitsstorlek: 72B x 56T cm<\/li>\n<li> Sitth\u00f6jd: 48 cm<\/li>\n<li> Ryggst\u00f6dsdimensioner: 72B x 100H cm<\/li>\n<li> Kuddstorlek: 120L x 112B x 20T cm (stor), 38L x 18B x 12T cm (huvudkudde)<\/li>\n<li> B\u00e4rkapacitet: 120 kg<\/li>\n<li> Obs: Anv\u00e4nd ett skyddande \u00f6verdrag n\u00e4r stolen inte anv\u00e4nds f\u00f6r att skydda den mot regn, vind eller smuts<\/li>\n<\/ul>\n<p>Leveransinneh\u00e5ll:<\/p>\n<ul>\n<li> 1 x Gungstol<\/li>\n<li> 1 x Kudde<\/li>\n<li> 1 x Huvudkudde<\/li>\n<li> 1 x F\u00e4strep<\/li>\n<li> 1 x Manual<\/li>\n<\/ul>\n","protected":false},"excerpt":{"rendered":"<p>Njut av h\u00f6gsta komfort i denna [BRAND NAME] h\u00e4ngstol! Tack vare den f\u00e4llbara korgen \u00e4r den enkel att f\u00f6rvara och&#8230;<\/p>\n","protected":false},"featured_media":101439,"template":"","meta":[],"product_brand":[],"product_cat":[460,858,450],"product_tag":[],"class_list":{"0":"post-101451","1":"product","2":"type-product","3":"status-publish","4":"has-post-thumbnail","6":"product_cat-hangmattor-hangstolar","7":"product_cat-tradgard-terrass","8":"product_cat-tradgardsmobler","10":"first","11":"instock","12":"sale","13":"taxable","14":"shipping-taxable","15":"purchasable","16":"product-type-simple"},"yoast_head":"<!-- This site is optimized with the Yoast SEO plugin v25.4 - https:\/\/yoast.com\/wordpress\/plugins\/seo\/ -->\n<title>TRUUSK H\u00e4ngande Utomhussv\u00e4ngstol - Hopf\u00e4llbar Korgsits - Tjocka Kuddar - Stativ - Nackst\u00f6d - Muggst\u00e4ll - Khaki - TRUUSK - Hem, Tr\u00e4dg\u00e5rd &amp; Fritid<\/title>\n<meta name=\"robots\" content=\"index, follow, max-snippet:-1, max-image-preview:large, max-video-preview:-1\" \/>\n<link rel=\"canonical\" href=\"https:\/\/truusk.store\/sv\/produkt\/truusk-hangande-utomhussvangstol-hopfallbar-korgsits-tjocka-kuddar-stativ-nackstod-muggstall-khaki\/\" \/>\n<meta property=\"og:locale\" content=\"sv_SE\" \/>\n<meta property=\"og:type\" content=\"article\" \/>\n<meta property=\"og:title\" content=\"TRUUSK H\u00e4ngande Utomhussv\u00e4ngstol - Hopf\u00e4llbar Korgsits - Tjocka Kuddar - Stativ - Nackst\u00f6d - Muggst\u00e4ll - Khaki - TRUUSK - Hem, Tr\u00e4dg\u00e5rd &amp; Fritid\" \/>\n<meta property=\"og:description\" content=\"Njut av h\u00f6gsta komfort i denna [BRAND NAME] h\u00e4ngstol! Tack vare den f\u00e4llbara korgen \u00e4r den enkel att f\u00f6rvara och...\" \/>\n<meta property=\"og:url\" content=\"https:\/\/truusk.store\/sv\/produkt\/truusk-hangande-utomhussvangstol-hopfallbar-korgsits-tjocka-kuddar-stativ-nackstod-muggstall-khaki\/\" \/>\n<meta property=\"og:site_name\" content=\"TRUUSK - Hem, Tr\u00e4dg\u00e5rd &amp; Fritid\" \/>\n<meta property=\"article:modified_time\" content=\"2026-03-12T08:47:01+00:00\" \/>\n<meta property=\"og:image\" content=\"https:\/\/i0.wp.com\/truusk.se\/wp-content\/uploads\/2026\/01\/hangande-utomhussvangstol-med-hopfallbar-korgsits-och-tjocka-kuddar-stativ-nackstod-muggstall-khaki-1.webp?fit=2000%2C2000&ssl=1\" \/>\n\t<meta property=\"og:image:width\" content=\"2000\" \/>\n\t<meta property=\"og:image:height\" content=\"2000\" \/>\n\t<meta property=\"og:image:type\" content=\"image\/webp\" \/>\n<meta name=\"twitter:card\" content=\"summary_large_image\" \/>\n<meta name=\"twitter:label1\" content=\"Ber\u00e4knad l\u00e4stid\" \/>\n\t<meta name=\"twitter:data1\" content=\"1 minut\" \/>\n<!-- \/ Yoast SEO plugin. -->","yoast_head_json":{"title":"TRUUSK H\u00e4ngande Utomhussv\u00e4ngstol - Hopf\u00e4llbar Korgsits - Tjocka Kuddar - Stativ - Nackst\u00f6d - Muggst\u00e4ll - Khaki - TRUUSK - Hem, Tr\u00e4dg\u00e5rd &amp; Fritid","robots":{"index":"index","follow":"follow","max-snippet":"max-snippet:-1","max-image-preview":"max-image-preview:large","max-video-preview":"max-video-preview:-1"},"canonical":"https:\/\/truusk.store\/sv\/produkt\/truusk-hangande-utomhussvangstol-hopfallbar-korgsits-tjocka-kuddar-stativ-nackstod-muggstall-khaki\/","og_locale":"sv_SE","og_type":"article","og_title":"TRUUSK H\u00e4ngande Utomhussv\u00e4ngstol - Hopf\u00e4llbar Korgsits - Tjocka Kuddar - Stativ - Nackst\u00f6d - Muggst\u00e4ll - Khaki - TRUUSK - Hem, Tr\u00e4dg\u00e5rd &amp; Fritid","og_description":"Njut av h\u00f6gsta komfort i denna [BRAND NAME] h\u00e4ngstol! Tack vare den f\u00e4llbara korgen \u00e4r den enkel att f\u00f6rvara och...","og_url":"https:\/\/truusk.store\/sv\/produkt\/truusk-hangande-utomhussvangstol-hopfallbar-korgsits-tjocka-kuddar-stativ-nackstod-muggstall-khaki\/","og_site_name":"TRUUSK - Hem, Tr\u00e4dg\u00e5rd &amp; Fritid","article_modified_time":"2026-03-12T08:47:01+00:00","og_image":[{"width":2000,"height":2000,"url":"https:\/\/i0.wp.com\/truusk.se\/wp-content\/uploads\/2026\/01\/hangande-utomhussvangstol-med-hopfallbar-korgsits-och-tjocka-kuddar-stativ-nackstod-muggstall-khaki-1.webp?fit=2000%2C2000&ssl=1","type":"image\/webp"}],"twitter_card":"summary_large_image","twitter_misc":{"Ber\u00e4knad l\u00e4stid":"1 minut"},"schema":{"@context":"https:\/\/schema.org","@graph":[{"@type":"WebPage","@id":"https:\/\/truusk.store\/sv\/produkt\/truusk-hangande-utomhussvangstol-hopfallbar-korgsits-tjocka-kuddar-stativ-nackstod-muggstall-khaki\/","url":"https:\/\/truusk.store\/sv\/produkt\/truusk-hangande-utomhussvangstol-hopfallbar-korgsits-tjocka-kuddar-stativ-nackstod-muggstall-khaki\/","name":"TRUUSK H\u00e4ngande Utomhussv\u00e4ngstol - Hopf\u00e4llbar Korgsits - Tjocka Kuddar - Stativ - Nackst\u00f6d - Muggst\u00e4ll - Khaki - TRUUSK - Hem, Tr\u00e4dg\u00e5rd &amp; Fritid","isPartOf":{"@id":"https:\/\/truusk.store\/sv\/#website"},"primaryImageOfPage":{"@id":"https:\/\/truusk.store\/sv\/produkt\/truusk-hangande-utomhussvangstol-hopfallbar-korgsits-tjocka-kuddar-stativ-nackstod-muggstall-khaki\/#primaryimage"},"image":{"@id":"https:\/\/truusk.store\/sv\/produkt\/truusk-hangande-utomhussvangstol-hopfallbar-korgsits-tjocka-kuddar-stativ-nackstod-muggstall-khaki\/#primaryimage"},"thumbnailUrl":"https:\/\/i0.wp.com\/truusk.store\/wp-content\/uploads\/2026\/01\/hangande-utomhussvangstol-med-hopfallbar-korgsits-och-tjocka-kuddar-stativ-nackstod-muggstall-khaki-1.webp?fit=2000%2C2000&ssl=1","datePublished":"2026-01-28T04:32:46+00:00","dateModified":"2026-03-12T08:47:01+00:00","breadcrumb":{"@id":"https:\/\/truusk.store\/sv\/produkt\/truusk-hangande-utomhussvangstol-hopfallbar-korgsits-tjocka-kuddar-stativ-nackstod-muggstall-khaki\/#breadcrumb"},"inLanguage":"sv-SE","potentialAction":[{"@type":"ReadAction","target":["https:\/\/truusk.store\/sv\/produkt\/truusk-hangande-utomhussvangstol-hopfallbar-korgsits-tjocka-kuddar-stativ-nackstod-muggstall-khaki\/"]}]},{"@type":"ImageObject","inLanguage":"sv-SE","@id":"https:\/\/truusk.store\/sv\/produkt\/truusk-hangande-utomhussvangstol-hopfallbar-korgsits-tjocka-kuddar-stativ-nackstod-muggstall-khaki\/#primaryimage","url":"https:\/\/i0.wp.com\/truusk.store\/wp-content\/uploads\/2026\/01\/hangande-utomhussvangstol-med-hopfallbar-korgsits-och-tjocka-kuddar-stativ-nackstod-muggstall-khaki-1.webp?fit=2000%2C2000&ssl=1","contentUrl":"https:\/\/i0.wp.com\/truusk.store\/wp-content\/uploads\/2026\/01\/hangande-utomhussvangstol-med-hopfallbar-korgsits-och-tjocka-kuddar-stativ-nackstod-muggstall-khaki-1.webp?fit=2000%2C2000&ssl=1","width":2000,"height":2000},{"@type":"BreadcrumbList","@id":"https:\/\/truusk.store\/sv\/produkt\/truusk-hangande-utomhussvangstol-hopfallbar-korgsits-tjocka-kuddar-stativ-nackstod-muggstall-khaki\/#breadcrumb","itemListElement":[{"@type":"ListItem","position":1,"name":"Home","item":"https:\/\/truusk.store\/sv\/"},{"@type":"ListItem","position":2,"name":"Shop","item":"https:\/\/truusk.store\/shop\/"},{"@type":"ListItem","position":3,"name":"TRUUSK H\u00e4ngande Utomhussv\u00e4ngstol &#8211; Hopf\u00e4llbar Korgsits &#8211; Tjocka Kuddar &#8211; Stativ &#8211; Nackst\u00f6d &#8211; Muggst\u00e4ll &#8211; Khaki"}]},{"@type":"WebSite","@id":"https:\/\/truusk.store\/sv\/#website","url":"https:\/\/truusk.store\/sv\/","name":"TRUUSK - Hem, Tr\u00e4dg\u00e5rd & Fritid","description":"","publisher":{"@id":"https:\/\/truusk.store\/sv\/#organization"},"potentialAction":[{"@type":"SearchAction","target":{"@type":"EntryPoint","urlTemplate":"https:\/\/truusk.store\/sv\/?s={search_term_string}"},"query-input":{"@type":"PropertyValueSpecification","valueRequired":true,"valueName":"search_term_string"}}],"inLanguage":"sv-SE"},{"@type":"Organization","@id":"https:\/\/truusk.store\/sv\/#organization","name":"TRUUSK - Hem, Tr\u00e4dg\u00e5rd & Fritid","url":"https:\/\/truusk.store\/sv\/","logo":{"@type":"ImageObject","inLanguage":"sv-SE","@id":"https:\/\/truusk.store\/sv\/#\/schema\/logo\/image\/","url":"https:\/\/i0.wp.com\/truusk.store\/wp-content\/uploads\/2026\/03\/cropped-TRUUSK.png?fit=2032%2C917&ssl=1","contentUrl":"https:\/\/i0.wp.com\/truusk.store\/wp-content\/uploads\/2026\/03\/cropped-TRUUSK.png?fit=2032%2C917&ssl=1","width":2032,"height":917,"caption":"TRUUSK - Hem, Tr\u00e4dg\u00e5rd & Fritid"},"image":{"@id":"https:\/\/truusk.store\/sv\/#\/schema\/logo\/image\/"}}]}},"jetpack_sharing_enabled":true,"_links":{"self":[{"href":"https:\/\/truusk.store\/sv\/wp-json\/wp\/v2\/product\/101451","targetHints":{"allow":["GET"]}}],"collection":[{"href":"https:\/\/truusk.store\/sv\/wp-json\/wp\/v2\/product"}],"about":[{"href":"https:\/\/truusk.store\/sv\/wp-json\/wp\/v2\/types\/product"}],"wp:featuredmedia":[{"embeddable":true,"href":"https:\/\/truusk.store\/sv\/wp-json\/wp\/v2\/media\/101439"}],"wp:attachment":[{"href":"https:\/\/truusk.store\/sv\/wp-json\/wp\/v2\/media?parent=101451"}],"wp:term":[{"taxonomy":"product_brand","embeddable":true,"href":"https:\/\/truusk.store\/sv\/wp-json\/wp\/v2\/product_brand?post=101451"},{"taxonomy":"product_cat","embeddable":true,"href":"https:\/\/truusk.store\/sv\/wp-json\/wp\/v2\/product_cat?post=101451"},{"taxonomy":"product_tag","embeddable":true,"href":"https:\/\/truusk.store\/sv\/wp-json\/wp\/v2\/product_tag?post=101451"}],"curies":[{"name":"wp","href":"https:\/\/api.w.org\/{rel}","templated":true}]}}