{"id":101473,"date":"2026-01-28T05:34:51","date_gmt":"2026-01-28T04:34:51","guid":{"rendered":"https:\/\/truusk.store\/product\/bistroset-3-delat-av-stal-vaderbestandigt-tradgardsmobelset-med-hopfallbart-bistrobord-muggstall-tradgardsstolar-svart\/"},"modified":"2026-03-12T08:40:17","modified_gmt":"2026-03-12T07:40:17","slug":"truusk-3-delat-bistroset-i-stal-vaderbestandigt-hopfallbart-bord-muggstall-tradgardsstolar-svart","status":"publish","type":"product","link":"https:\/\/truusk.store\/sv\/produkt\/truusk-3-delat-bistroset-i-stal-vaderbestandigt-hopfallbart-bord-muggstall-tradgardsstolar-svart\/","title":{"rendered":"TRUUSK 3-delat Bistroset i St\u00e5l &#8211; V\u00e4derbest\u00e4ndigt &#8211; Hopf\u00e4llbart Bord &#8211; Muggst\u00e4ll &#8211; Tr\u00e4dg\u00e5rdsstolar &#8211; Svart"},"content":{"rendered":"<p>Slappna av och njut av naturen med det tredelade [BRAND NAME] balkongm\u00f6belsetet. Tv\u00e5 stolar och ett soffbord erbjuder komfort. Pulverlackerade st\u00e5lstommar garanterar stabilitet. Texteline-tyget \u00e4r andningsbart, l\u00e4tt att sk\u00f6ta och torkar snabbt. Kan f\u00e4llas ihop n\u00e4r det inte anv\u00e4nds, praktiskt att b\u00e4ra och f\u00f6rvara. Perfekt f\u00f6r sociala timmar, samtal och solnedg\u00e5ngar p\u00e5 balkongen eller terrassen.<\/p>\n<p>Beskrivning:<\/p>\n<ul>\n<li> Tredelat set: tv\u00e5 stolar och ett bord. F\u00f6r utomhusbruk, var du vill<\/li>\n<li> Hopf\u00e4llbart bord och stolar kan l\u00e4tt transporteras och f\u00f6rvaras<\/li>\n<li> Texteline-s\u00e4ten och bordsskiva: andningsbara och snabbtorkande, s\u00e4kert f\u00e4sta med bungee-remmar<\/li>\n<li> Tv\u00e5 praktiska muggst\u00e4ll p\u00e5 bordet<\/li>\n<li> Pulverlackerade st\u00e5lstommar f\u00f6r balkongm\u00f6blerna f\u00f6r en stabil k\u00e4rna, med skyddande fotdynor<\/li>\n<li> Ingen montering kr\u00e4vs<\/li>\n<\/ul>\n<p> Tekniska data:<\/p>\n<ul>\n<li> F\u00e4rg: Svart<\/li>\n<li> Material: St\u00e5l, n\u00e4ttyg<\/li>\n<li> Totala dimensioner: 61B x 65T x 91H cm (stol), 50L x 50B x 50H cm (bord)<\/li>\n<li> Hopf\u00e4llbar storlek: 86L x 61B x 8H cm (stol), 65B x 50T x 5H cm (bord)<\/li>\n<li> Sitsstorlek: 49B x 44T cm<\/li>\n<li> Sitth\u00f6jd: 46 cm<\/li>\n<li> Ryggst\u00f6d: 49B x 57H cm<\/li>\n<li> Muggst\u00e4llstorlek: \u00d810 x 9H cm<\/li>\n<li> Belastningskapacitet: 120 kg (stol), 30 kg (bord)<\/li>\n<\/ul>\n<p>Leveransinneh\u00e5ll:<\/p>\n<ul>\n<li> 1 x soffbord:<\/li>\n<li> 2 x stolar<\/li>\n<li> 1 x bruksanvisning<\/li>\n<\/ul>\n","protected":false},"excerpt":{"rendered":"<p>Slappna av och njut av naturen med det tredelade [BRAND NAME] balkongm\u00f6belsetet. Tv\u00e5 stolar och ett soffbord erbjuder komfort. Pulverlackerade&#8230;<\/p>\n","protected":false},"featured_media":101461,"template":"","meta":[],"product_brand":[],"product_cat":[858,450,456],"product_tag":[],"class_list":{"0":"post-101473","1":"product","2":"type-product","3":"status-publish","4":"has-post-thumbnail","6":"product_cat-tradgard-terrass","7":"product_cat-tradgardsmobler","8":"product_cat-tradgardsmobler-set","10":"first","11":"instock","12":"sale","13":"taxable","14":"shipping-taxable","15":"purchasable","16":"product-type-simple"},"yoast_head":"<!-- This site is optimized with the Yoast SEO plugin v25.4 - https:\/\/yoast.com\/wordpress\/plugins\/seo\/ -->\n<title>TRUUSK 3-delat Bistroset i St\u00e5l - V\u00e4derbest\u00e4ndigt - Hopf\u00e4llbart Bord - Muggst\u00e4ll - Tr\u00e4dg\u00e5rdsstolar - Svart - TRUUSK - Hem, Tr\u00e4dg\u00e5rd &amp; Fritid<\/title>\n<meta name=\"robots\" content=\"index, follow, max-snippet:-1, max-image-preview:large, max-video-preview:-1\" \/>\n<link rel=\"canonical\" href=\"https:\/\/truusk.store\/sv\/produkt\/truusk-3-delat-bistroset-i-stal-vaderbestandigt-hopfallbart-bord-muggstall-tradgardsstolar-svart\/\" \/>\n<meta property=\"og:locale\" content=\"sv_SE\" \/>\n<meta property=\"og:type\" content=\"article\" \/>\n<meta property=\"og:title\" content=\"TRUUSK 3-delat Bistroset i St\u00e5l - V\u00e4derbest\u00e4ndigt - Hopf\u00e4llbart Bord - Muggst\u00e4ll - Tr\u00e4dg\u00e5rdsstolar - Svart - TRUUSK - Hem, Tr\u00e4dg\u00e5rd &amp; Fritid\" \/>\n<meta property=\"og:description\" content=\"Slappna av och njut av naturen med det tredelade [BRAND NAME] balkongm\u00f6belsetet. Tv\u00e5 stolar och ett soffbord erbjuder komfort. Pulverlackerade...\" \/>\n<meta property=\"og:url\" content=\"https:\/\/truusk.store\/sv\/produkt\/truusk-3-delat-bistroset-i-stal-vaderbestandigt-hopfallbart-bord-muggstall-tradgardsstolar-svart\/\" \/>\n<meta property=\"og:site_name\" content=\"TRUUSK - Hem, Tr\u00e4dg\u00e5rd &amp; Fritid\" \/>\n<meta property=\"article:modified_time\" content=\"2026-03-12T07:40:17+00:00\" \/>\n<meta property=\"og:image\" content=\"https:\/\/i0.wp.com\/truusk.se\/wp-content\/uploads\/2026\/01\/bistroset-3-delat-av-stal-vaderbestandigt-tradgardsmobelset-med-hopfallbart-bistrobord-muggstall-tradgardsstolar-svart-1.webp?fit=2000%2C2000&ssl=1\" \/>\n\t<meta property=\"og:image:width\" content=\"2000\" \/>\n\t<meta property=\"og:image:height\" content=\"2000\" \/>\n\t<meta property=\"og:image:type\" content=\"image\/webp\" \/>\n<meta name=\"twitter:card\" content=\"summary_large_image\" \/>\n<meta name=\"twitter:label1\" content=\"Ber\u00e4knad l\u00e4stid\" \/>\n\t<meta name=\"twitter:data1\" content=\"1 minut\" \/>\n<!-- \/ Yoast SEO plugin. -->","yoast_head_json":{"title":"TRUUSK 3-delat Bistroset i St\u00e5l - V\u00e4derbest\u00e4ndigt - Hopf\u00e4llbart Bord - Muggst\u00e4ll - Tr\u00e4dg\u00e5rdsstolar - Svart - TRUUSK - Hem, Tr\u00e4dg\u00e5rd &amp; Fritid","robots":{"index":"index","follow":"follow","max-snippet":"max-snippet:-1","max-image-preview":"max-image-preview:large","max-video-preview":"max-video-preview:-1"},"canonical":"https:\/\/truusk.store\/sv\/produkt\/truusk-3-delat-bistroset-i-stal-vaderbestandigt-hopfallbart-bord-muggstall-tradgardsstolar-svart\/","og_locale":"sv_SE","og_type":"article","og_title":"TRUUSK 3-delat Bistroset i St\u00e5l - V\u00e4derbest\u00e4ndigt - Hopf\u00e4llbart Bord - Muggst\u00e4ll - Tr\u00e4dg\u00e5rdsstolar - Svart - TRUUSK - Hem, Tr\u00e4dg\u00e5rd &amp; Fritid","og_description":"Slappna av och njut av naturen med det tredelade [BRAND NAME] balkongm\u00f6belsetet. Tv\u00e5 stolar och ett soffbord erbjuder komfort. Pulverlackerade...","og_url":"https:\/\/truusk.store\/sv\/produkt\/truusk-3-delat-bistroset-i-stal-vaderbestandigt-hopfallbart-bord-muggstall-tradgardsstolar-svart\/","og_site_name":"TRUUSK - Hem, Tr\u00e4dg\u00e5rd &amp; Fritid","article_modified_time":"2026-03-12T07:40:17+00:00","og_image":[{"width":2000,"height":2000,"url":"https:\/\/i0.wp.com\/truusk.se\/wp-content\/uploads\/2026\/01\/bistroset-3-delat-av-stal-vaderbestandigt-tradgardsmobelset-med-hopfallbart-bistrobord-muggstall-tradgardsstolar-svart-1.webp?fit=2000%2C2000&ssl=1","type":"image\/webp"}],"twitter_card":"summary_large_image","twitter_misc":{"Ber\u00e4knad l\u00e4stid":"1 minut"},"schema":{"@context":"https:\/\/schema.org","@graph":[{"@type":"WebPage","@id":"https:\/\/truusk.store\/sv\/produkt\/truusk-3-delat-bistroset-i-stal-vaderbestandigt-hopfallbart-bord-muggstall-tradgardsstolar-svart\/","url":"https:\/\/truusk.store\/sv\/produkt\/truusk-3-delat-bistroset-i-stal-vaderbestandigt-hopfallbart-bord-muggstall-tradgardsstolar-svart\/","name":"TRUUSK 3-delat Bistroset i St\u00e5l - V\u00e4derbest\u00e4ndigt - Hopf\u00e4llbart Bord - Muggst\u00e4ll - Tr\u00e4dg\u00e5rdsstolar - Svart - TRUUSK - Hem, Tr\u00e4dg\u00e5rd &amp; Fritid","isPartOf":{"@id":"https:\/\/truusk.store\/sv\/#website"},"primaryImageOfPage":{"@id":"https:\/\/truusk.store\/sv\/produkt\/truusk-3-delat-bistroset-i-stal-vaderbestandigt-hopfallbart-bord-muggstall-tradgardsstolar-svart\/#primaryimage"},"image":{"@id":"https:\/\/truusk.store\/sv\/produkt\/truusk-3-delat-bistroset-i-stal-vaderbestandigt-hopfallbart-bord-muggstall-tradgardsstolar-svart\/#primaryimage"},"thumbnailUrl":"https:\/\/i0.wp.com\/truusk.store\/wp-content\/uploads\/2026\/01\/bistroset-3-delat-av-stal-vaderbestandigt-tradgardsmobelset-med-hopfallbart-bistrobord-muggstall-tradgardsstolar-svart-1.webp?fit=2000%2C2000&ssl=1","datePublished":"2026-01-28T04:34:51+00:00","dateModified":"2026-03-12T07:40:17+00:00","breadcrumb":{"@id":"https:\/\/truusk.store\/sv\/produkt\/truusk-3-delat-bistroset-i-stal-vaderbestandigt-hopfallbart-bord-muggstall-tradgardsstolar-svart\/#breadcrumb"},"inLanguage":"sv-SE","potentialAction":[{"@type":"ReadAction","target":["https:\/\/truusk.store\/sv\/produkt\/truusk-3-delat-bistroset-i-stal-vaderbestandigt-hopfallbart-bord-muggstall-tradgardsstolar-svart\/"]}]},{"@type":"ImageObject","inLanguage":"sv-SE","@id":"https:\/\/truusk.store\/sv\/produkt\/truusk-3-delat-bistroset-i-stal-vaderbestandigt-hopfallbart-bord-muggstall-tradgardsstolar-svart\/#primaryimage","url":"https:\/\/i0.wp.com\/truusk.store\/wp-content\/uploads\/2026\/01\/bistroset-3-delat-av-stal-vaderbestandigt-tradgardsmobelset-med-hopfallbart-bistrobord-muggstall-tradgardsstolar-svart-1.webp?fit=2000%2C2000&ssl=1","contentUrl":"https:\/\/i0.wp.com\/truusk.store\/wp-content\/uploads\/2026\/01\/bistroset-3-delat-av-stal-vaderbestandigt-tradgardsmobelset-med-hopfallbart-bistrobord-muggstall-tradgardsstolar-svart-1.webp?fit=2000%2C2000&ssl=1","width":2000,"height":2000},{"@type":"BreadcrumbList","@id":"https:\/\/truusk.store\/sv\/produkt\/truusk-3-delat-bistroset-i-stal-vaderbestandigt-hopfallbart-bord-muggstall-tradgardsstolar-svart\/#breadcrumb","itemListElement":[{"@type":"ListItem","position":1,"name":"Home","item":"https:\/\/truusk.store\/sv\/"},{"@type":"ListItem","position":2,"name":"Shop","item":"https:\/\/truusk.store\/shop\/"},{"@type":"ListItem","position":3,"name":"TRUUSK 3-delat Bistroset i St\u00e5l &#8211; V\u00e4derbest\u00e4ndigt &#8211; Hopf\u00e4llbart Bord &#8211; Muggst\u00e4ll &#8211; Tr\u00e4dg\u00e5rdsstolar &#8211; Svart"}]},{"@type":"WebSite","@id":"https:\/\/truusk.store\/sv\/#website","url":"https:\/\/truusk.store\/sv\/","name":"TRUUSK - Hem, Tr\u00e4dg\u00e5rd & Fritid","description":"","publisher":{"@id":"https:\/\/truusk.store\/sv\/#organization"},"potentialAction":[{"@type":"SearchAction","target":{"@type":"EntryPoint","urlTemplate":"https:\/\/truusk.store\/sv\/?s={search_term_string}"},"query-input":{"@type":"PropertyValueSpecification","valueRequired":true,"valueName":"search_term_string"}}],"inLanguage":"sv-SE"},{"@type":"Organization","@id":"https:\/\/truusk.store\/sv\/#organization","name":"TRUUSK - Hem, Tr\u00e4dg\u00e5rd & Fritid","url":"https:\/\/truusk.store\/sv\/","logo":{"@type":"ImageObject","inLanguage":"sv-SE","@id":"https:\/\/truusk.store\/sv\/#\/schema\/logo\/image\/","url":"https:\/\/i0.wp.com\/truusk.store\/wp-content\/uploads\/2026\/03\/cropped-TRUUSK.png?fit=2032%2C917&ssl=1","contentUrl":"https:\/\/i0.wp.com\/truusk.store\/wp-content\/uploads\/2026\/03\/cropped-TRUUSK.png?fit=2032%2C917&ssl=1","width":2032,"height":917,"caption":"TRUUSK - Hem, Tr\u00e4dg\u00e5rd & Fritid"},"image":{"@id":"https:\/\/truusk.store\/sv\/#\/schema\/logo\/image\/"}}]}},"jetpack_sharing_enabled":true,"_links":{"self":[{"href":"https:\/\/truusk.store\/sv\/wp-json\/wp\/v2\/product\/101473","targetHints":{"allow":["GET"]}}],"collection":[{"href":"https:\/\/truusk.store\/sv\/wp-json\/wp\/v2\/product"}],"about":[{"href":"https:\/\/truusk.store\/sv\/wp-json\/wp\/v2\/types\/product"}],"wp:featuredmedia":[{"embeddable":true,"href":"https:\/\/truusk.store\/sv\/wp-json\/wp\/v2\/media\/101461"}],"wp:attachment":[{"href":"https:\/\/truusk.store\/sv\/wp-json\/wp\/v2\/media?parent=101473"}],"wp:term":[{"taxonomy":"product_brand","embeddable":true,"href":"https:\/\/truusk.store\/sv\/wp-json\/wp\/v2\/product_brand?post=101473"},{"taxonomy":"product_cat","embeddable":true,"href":"https:\/\/truusk.store\/sv\/wp-json\/wp\/v2\/product_cat?post=101473"},{"taxonomy":"product_tag","embeddable":true,"href":"https:\/\/truusk.store\/sv\/wp-json\/wp\/v2\/product_tag?post=101473"}],"curies":[{"name":"wp","href":"https:\/\/api.w.org\/{rel}","templated":true}]}}