{"id":101491,"date":"2026-01-28T05:36:35","date_gmt":"2026-01-28T04:36:35","guid":{"rendered":"https:\/\/truusk.store\/product\/skobank-med-sittplats-bambu-sittbank-med-forvaringsutrymme-2-oppna-fack-sittbank-60-x-29-x-49-cm-gra\/"},"modified":"2026-03-12T08:40:22","modified_gmt":"2026-03-12T07:40:22","slug":"truusk-skobank-med-sittplats-bambu-forvaringsutrymme-2-oppna-fack-60x29x49-cm-gra","status":"publish","type":"product","link":"https:\/\/truusk.store\/sv\/produkt\/truusk-skobank-med-sittplats-bambu-forvaringsutrymme-2-oppna-fack-60x29x49-cm-gra\/","title":{"rendered":"TRUUSK Skob\u00e4nk Med Sittplats &#8211; Bambu &#8211; F\u00f6rvaringsutrymme &#8211; 2 \u00f6ppna Fack &#8211; 60x29x49 cm &#8211; Gr\u00e5"},"content":{"rendered":"<p>Njut av komfort och praktisk nytta med [BRAND NAME] skob\u00e4nk. Elegant designad, erbjuder denna stoppade b\u00e4nk med skohylla en 4 cm tjock kudde kl\u00e4dd med mjukt, linne-liknande tyg f\u00f6r bekv\u00e4mt sittande n\u00e4r du tar p\u00e5 dig skorna. Den tv\u00e5v\u00e5nings skohyllan rymmer upp till sex par skor och skapar ordning och en inbjudande atmosf\u00e4r.<\/p>\n<p>Beskrivning:<\/p>\n<ul>\n<li> Tjockt stoppade sittkuddar med linne-look tyg ger komfort n\u00e4r du sitter<\/li>\n<li> Tv\u00e5v\u00e5nings skof\u00f6rvaring av garderobsb\u00e4nken rymmer upp till sex skor<\/li>\n<li> Bambukonstruktion med lackerad yta garanterar l\u00e5ngvarig anv\u00e4ndning<\/li>\n<li> Stilfull design av s\u00e4ngb\u00e4nken f\u00f6rh\u00f6jer varje entr\u00e9hall eller korridor<\/li>\n<li> Montering kr\u00e4vs<\/li>\n<\/ul>\n<p> Tekniska data:<\/p>\n<ul>\n<li> F\u00e4rg: Gr\u00e5+Naturtr\u00e4<\/li>\n<li> Material: Bambu, skum, linneimitation (100% polyester)<\/li>\n<li> Totala dimensioner: 60L x 29B x 49H cm<\/li>\n<li> Sitsstorlek: 57B x 26T x 49H cm<\/li>\n<li> Hyllstorlek: 57B x 23,5T x 16\/14,5H cm<\/li>\n<li> Benh\u00f6jd: 7 cm<\/li>\n<li> B\u00e4rf\u00f6rm\u00e5ga: 150 kg (totalt), 130 kg (sits), 10 kg (hylla)<\/li>\n<\/ul>\n<p>Leveransinneh\u00e5ll:<\/p>\n<ul>\n<li> 1 x Skob\u00e4nk<\/li>\n<li> 1 x Bruksanvisning<\/li>\n<\/ul>\n","protected":false},"excerpt":{"rendered":"<p>Njut av komfort och praktisk nytta med [BRAND NAME] skob\u00e4nk. Elegant designad, erbjuder denna stoppade b\u00e4nk med skohylla en 4&#8230;<\/p>\n","protected":false},"featured_media":101481,"template":"","meta":[],"product_brand":[],"product_cat":[893,871,539],"product_tag":[],"class_list":{"0":"post-101491","1":"product","2":"type-product","3":"status-publish","4":"has-post-thumbnail","6":"product_cat-garderob-hall","7":"product_cat-hus-hem","8":"product_cat-skobankar","10":"first","11":"instock","12":"sale","13":"taxable","14":"shipping-taxable","15":"purchasable","16":"product-type-simple"},"yoast_head":"<!-- This site is optimized with the Yoast SEO plugin v25.4 - https:\/\/yoast.com\/wordpress\/plugins\/seo\/ -->\n<title>TRUUSK Skob\u00e4nk Med Sittplats - Bambu - F\u00f6rvaringsutrymme - 2 \u00f6ppna Fack - 60x29x49 cm - Gr\u00e5 - TRUUSK - Hem, Tr\u00e4dg\u00e5rd &amp; Fritid<\/title>\n<meta name=\"robots\" content=\"index, follow, max-snippet:-1, max-image-preview:large, max-video-preview:-1\" \/>\n<link rel=\"canonical\" href=\"https:\/\/truusk.store\/sv\/produkt\/truusk-skobank-med-sittplats-bambu-forvaringsutrymme-2-oppna-fack-60x29x49-cm-gra\/\" \/>\n<meta property=\"og:locale\" content=\"sv_SE\" \/>\n<meta property=\"og:type\" content=\"article\" \/>\n<meta property=\"og:title\" content=\"TRUUSK Skob\u00e4nk Med Sittplats - Bambu - F\u00f6rvaringsutrymme - 2 \u00f6ppna Fack - 60x29x49 cm - Gr\u00e5 - TRUUSK - Hem, Tr\u00e4dg\u00e5rd &amp; Fritid\" \/>\n<meta property=\"og:description\" content=\"Njut av komfort och praktisk nytta med [BRAND NAME] skob\u00e4nk. Elegant designad, erbjuder denna stoppade b\u00e4nk med skohylla en 4...\" \/>\n<meta property=\"og:url\" content=\"https:\/\/truusk.store\/sv\/produkt\/truusk-skobank-med-sittplats-bambu-forvaringsutrymme-2-oppna-fack-60x29x49-cm-gra\/\" \/>\n<meta property=\"og:site_name\" content=\"TRUUSK - Hem, Tr\u00e4dg\u00e5rd &amp; Fritid\" \/>\n<meta property=\"article:modified_time\" content=\"2026-03-12T07:40:22+00:00\" \/>\n<meta property=\"og:image\" content=\"https:\/\/i0.wp.com\/truusk.se\/wp-content\/uploads\/2026\/01\/skobank-med-sittplats-bambu-sittbank-med-forvaringsutrymme-2-oppna-fack-sittbank-60-x-29-x-49-cm-gra-1.webp?fit=2000%2C2000&ssl=1\" \/>\n\t<meta property=\"og:image:width\" content=\"2000\" \/>\n\t<meta property=\"og:image:height\" content=\"2000\" \/>\n\t<meta property=\"og:image:type\" content=\"image\/webp\" \/>\n<meta name=\"twitter:card\" content=\"summary_large_image\" \/>\n<meta name=\"twitter:label1\" content=\"Ber\u00e4knad l\u00e4stid\" \/>\n\t<meta name=\"twitter:data1\" content=\"1 minut\" \/>\n<!-- \/ Yoast SEO plugin. -->","yoast_head_json":{"title":"TRUUSK Skob\u00e4nk Med Sittplats - Bambu - F\u00f6rvaringsutrymme - 2 \u00f6ppna Fack - 60x29x49 cm - Gr\u00e5 - TRUUSK - Hem, Tr\u00e4dg\u00e5rd &amp; Fritid","robots":{"index":"index","follow":"follow","max-snippet":"max-snippet:-1","max-image-preview":"max-image-preview:large","max-video-preview":"max-video-preview:-1"},"canonical":"https:\/\/truusk.store\/sv\/produkt\/truusk-skobank-med-sittplats-bambu-forvaringsutrymme-2-oppna-fack-60x29x49-cm-gra\/","og_locale":"sv_SE","og_type":"article","og_title":"TRUUSK Skob\u00e4nk Med Sittplats - Bambu - F\u00f6rvaringsutrymme - 2 \u00f6ppna Fack - 60x29x49 cm - Gr\u00e5 - TRUUSK - Hem, Tr\u00e4dg\u00e5rd &amp; Fritid","og_description":"Njut av komfort och praktisk nytta med [BRAND NAME] skob\u00e4nk. Elegant designad, erbjuder denna stoppade b\u00e4nk med skohylla en 4...","og_url":"https:\/\/truusk.store\/sv\/produkt\/truusk-skobank-med-sittplats-bambu-forvaringsutrymme-2-oppna-fack-60x29x49-cm-gra\/","og_site_name":"TRUUSK - Hem, Tr\u00e4dg\u00e5rd &amp; Fritid","article_modified_time":"2026-03-12T07:40:22+00:00","og_image":[{"width":2000,"height":2000,"url":"https:\/\/i0.wp.com\/truusk.se\/wp-content\/uploads\/2026\/01\/skobank-med-sittplats-bambu-sittbank-med-forvaringsutrymme-2-oppna-fack-sittbank-60-x-29-x-49-cm-gra-1.webp?fit=2000%2C2000&ssl=1","type":"image\/webp"}],"twitter_card":"summary_large_image","twitter_misc":{"Ber\u00e4knad l\u00e4stid":"1 minut"},"schema":{"@context":"https:\/\/schema.org","@graph":[{"@type":"WebPage","@id":"https:\/\/truusk.store\/sv\/produkt\/truusk-skobank-med-sittplats-bambu-forvaringsutrymme-2-oppna-fack-60x29x49-cm-gra\/","url":"https:\/\/truusk.store\/sv\/produkt\/truusk-skobank-med-sittplats-bambu-forvaringsutrymme-2-oppna-fack-60x29x49-cm-gra\/","name":"TRUUSK Skob\u00e4nk Med Sittplats - Bambu - F\u00f6rvaringsutrymme - 2 \u00f6ppna Fack - 60x29x49 cm - Gr\u00e5 - TRUUSK - Hem, Tr\u00e4dg\u00e5rd &amp; Fritid","isPartOf":{"@id":"https:\/\/truusk.store\/sv\/#website"},"primaryImageOfPage":{"@id":"https:\/\/truusk.store\/sv\/produkt\/truusk-skobank-med-sittplats-bambu-forvaringsutrymme-2-oppna-fack-60x29x49-cm-gra\/#primaryimage"},"image":{"@id":"https:\/\/truusk.store\/sv\/produkt\/truusk-skobank-med-sittplats-bambu-forvaringsutrymme-2-oppna-fack-60x29x49-cm-gra\/#primaryimage"},"thumbnailUrl":"https:\/\/i0.wp.com\/truusk.store\/wp-content\/uploads\/2026\/01\/skobank-med-sittplats-bambu-sittbank-med-forvaringsutrymme-2-oppna-fack-sittbank-60-x-29-x-49-cm-gra-1.webp?fit=2000%2C2000&ssl=1","datePublished":"2026-01-28T04:36:35+00:00","dateModified":"2026-03-12T07:40:22+00:00","breadcrumb":{"@id":"https:\/\/truusk.store\/sv\/produkt\/truusk-skobank-med-sittplats-bambu-forvaringsutrymme-2-oppna-fack-60x29x49-cm-gra\/#breadcrumb"},"inLanguage":"sv-SE","potentialAction":[{"@type":"ReadAction","target":["https:\/\/truusk.store\/sv\/produkt\/truusk-skobank-med-sittplats-bambu-forvaringsutrymme-2-oppna-fack-60x29x49-cm-gra\/"]}]},{"@type":"ImageObject","inLanguage":"sv-SE","@id":"https:\/\/truusk.store\/sv\/produkt\/truusk-skobank-med-sittplats-bambu-forvaringsutrymme-2-oppna-fack-60x29x49-cm-gra\/#primaryimage","url":"https:\/\/i0.wp.com\/truusk.store\/wp-content\/uploads\/2026\/01\/skobank-med-sittplats-bambu-sittbank-med-forvaringsutrymme-2-oppna-fack-sittbank-60-x-29-x-49-cm-gra-1.webp?fit=2000%2C2000&ssl=1","contentUrl":"https:\/\/i0.wp.com\/truusk.store\/wp-content\/uploads\/2026\/01\/skobank-med-sittplats-bambu-sittbank-med-forvaringsutrymme-2-oppna-fack-sittbank-60-x-29-x-49-cm-gra-1.webp?fit=2000%2C2000&ssl=1","width":2000,"height":2000},{"@type":"BreadcrumbList","@id":"https:\/\/truusk.store\/sv\/produkt\/truusk-skobank-med-sittplats-bambu-forvaringsutrymme-2-oppna-fack-60x29x49-cm-gra\/#breadcrumb","itemListElement":[{"@type":"ListItem","position":1,"name":"Home","item":"https:\/\/truusk.store\/sv\/"},{"@type":"ListItem","position":2,"name":"Shop","item":"https:\/\/truusk.store\/shop\/"},{"@type":"ListItem","position":3,"name":"TRUUSK Skob\u00e4nk Med Sittplats &#8211; Bambu &#8211; F\u00f6rvaringsutrymme &#8211; 2 \u00f6ppna Fack &#8211; 60x29x49 cm &#8211; Gr\u00e5"}]},{"@type":"WebSite","@id":"https:\/\/truusk.store\/sv\/#website","url":"https:\/\/truusk.store\/sv\/","name":"TRUUSK - Hem, Tr\u00e4dg\u00e5rd & Fritid","description":"","publisher":{"@id":"https:\/\/truusk.store\/sv\/#organization"},"potentialAction":[{"@type":"SearchAction","target":{"@type":"EntryPoint","urlTemplate":"https:\/\/truusk.store\/sv\/?s={search_term_string}"},"query-input":{"@type":"PropertyValueSpecification","valueRequired":true,"valueName":"search_term_string"}}],"inLanguage":"sv-SE"},{"@type":"Organization","@id":"https:\/\/truusk.store\/sv\/#organization","name":"TRUUSK - Hem, Tr\u00e4dg\u00e5rd & Fritid","url":"https:\/\/truusk.store\/sv\/","logo":{"@type":"ImageObject","inLanguage":"sv-SE","@id":"https:\/\/truusk.store\/sv\/#\/schema\/logo\/image\/","url":"https:\/\/i0.wp.com\/truusk.store\/wp-content\/uploads\/2026\/03\/cropped-TRUUSK.png?fit=2032%2C917&ssl=1","contentUrl":"https:\/\/i0.wp.com\/truusk.store\/wp-content\/uploads\/2026\/03\/cropped-TRUUSK.png?fit=2032%2C917&ssl=1","width":2032,"height":917,"caption":"TRUUSK - Hem, Tr\u00e4dg\u00e5rd & Fritid"},"image":{"@id":"https:\/\/truusk.store\/sv\/#\/schema\/logo\/image\/"}}]}},"jetpack_sharing_enabled":true,"_links":{"self":[{"href":"https:\/\/truusk.store\/sv\/wp-json\/wp\/v2\/product\/101491","targetHints":{"allow":["GET"]}}],"collection":[{"href":"https:\/\/truusk.store\/sv\/wp-json\/wp\/v2\/product"}],"about":[{"href":"https:\/\/truusk.store\/sv\/wp-json\/wp\/v2\/types\/product"}],"wp:featuredmedia":[{"embeddable":true,"href":"https:\/\/truusk.store\/sv\/wp-json\/wp\/v2\/media\/101481"}],"wp:attachment":[{"href":"https:\/\/truusk.store\/sv\/wp-json\/wp\/v2\/media?parent=101491"}],"wp:term":[{"taxonomy":"product_brand","embeddable":true,"href":"https:\/\/truusk.store\/sv\/wp-json\/wp\/v2\/product_brand?post=101491"},{"taxonomy":"product_cat","embeddable":true,"href":"https:\/\/truusk.store\/sv\/wp-json\/wp\/v2\/product_cat?post=101491"},{"taxonomy":"product_tag","embeddable":true,"href":"https:\/\/truusk.store\/sv\/wp-json\/wp\/v2\/product_tag?post=101491"}],"curies":[{"name":"wp","href":"https:\/\/api.w.org\/{rel}","templated":true}]}}