{"id":101501,"date":"2026-01-28T05:37:40","date_gmt":"2026-01-28T04:37:40","guid":{"rendered":"https:\/\/truusk.store\/product\/byra-sideboard-4-tyglador-industriell-design-60x29x85cm-svart\/"},"modified":"2026-03-12T08:40:36","modified_gmt":"2026-03-12T07:40:36","slug":"truusk-byra-industriell-design-4-tyglador-svart-60x29x85cm","status":"publish","type":"product","link":"https:\/\/truusk.store\/sv\/produkt\/truusk-byra-industriell-design-4-tyglador-svart-60x29x85cm\/","title":{"rendered":"TRUUSK Byr\u00e5 &#8211; Industriell Design &#8211; 4 Tygl\u00e5dor &#8211; Svart &#8211; 60x29x85cm"},"content":{"rendered":"<p>Detta eleganta [BRAND NAME] f\u00f6rvaringssk\u00e5p i industriell stil \u00e4r idealiskt f\u00f6r ordnade hush\u00e5ll. Robust byggd med en st\u00e5lram och h\u00e5llbara MDF-hyllor, erbjuder det daglig tillf\u00f6rlitlighet. Fyra rymliga tygl\u00e5dor erbjuder gott om f\u00f6rvaringsutrymme och \u00e4r l\u00e4tta att ta bort. Inkluderar praktiskt justerbara f\u00f6tter.<\/p>\n<p>Beskrivning:<\/p>\n<ul>\n<li> Vardagsrumssk\u00e5pet har en \u00f6vre hylla och fyra l\u00e5dor<\/li>\n<li> Tygl\u00e5dorna \u00e4r l\u00e4tta att ta bort och vika ihop<\/li>\n<li> St\u00e5lram f\u00f6r en stark, st\u00f6djande struktur<\/li>\n<li> Anti-tip-remmar ing\u00e5r<\/li>\n<li> Justerbara f\u00f6tter f\u00f6r balans<\/li>\n<li> Montering kr\u00e4vs<\/li>\n<\/ul>\n<p> Tekniska specifikationer:<\/p>\n<ul>\n<li> F\u00e4rg: Svart<\/li>\n<li> Material: Polyester, St\u00e5l, MDF<\/li>\n<li> M\u00e5tt: 60B x 29D x 85H cm<\/li>\n<li> \u00d6vre hylla: 57B x 27,5D cm<\/li>\n<li> Inre l\u00e5dm\u00e5tt: 56B x 28D x 21,5H cm<\/li>\n<li> B\u00e4rkapacitet: 3 kg (l\u00e5da), 15 kg (ovanp\u00e5)<\/li>\n<\/ul>\n<p>Leveransinneh\u00e5ll:<\/p>\n<ul>\n<li> 1 x Sk\u00e5p<\/li>\n<li> 1 x Bruksanvisning<\/li>\n<\/ul>\n","protected":false},"excerpt":{"rendered":"<p>Detta eleganta [BRAND NAME] f\u00f6rvaringssk\u00e5p i industriell stil \u00e4r idealiskt f\u00f6r ordnade hush\u00e5ll. Robust byggd med en st\u00e5lram och h\u00e5llbara&#8230;<\/p>\n","protected":false},"featured_media":101492,"template":"","meta":[],"product_brand":[],"product_cat":[956,871,910],"product_tag":[],"class_list":{"0":"post-101501","1":"product","2":"type-product","3":"status-publish","4":"has-post-thumbnail","6":"product_cat-byraer-sideboards","7":"product_cat-hus-hem","8":"product_cat-vardagsrum","10":"first","11":"instock","12":"sale","13":"taxable","14":"shipping-taxable","15":"purchasable","16":"product-type-simple"},"yoast_head":"<!-- This site is optimized with the Yoast SEO plugin v25.4 - https:\/\/yoast.com\/wordpress\/plugins\/seo\/ -->\n<title>TRUUSK Byr\u00e5 - Industriell Design - 4 Tygl\u00e5dor - Svart - 60x29x85cm - TRUUSK - Hem, Tr\u00e4dg\u00e5rd &amp; Fritid<\/title>\n<meta name=\"robots\" content=\"index, follow, max-snippet:-1, max-image-preview:large, max-video-preview:-1\" \/>\n<link rel=\"canonical\" href=\"https:\/\/truusk.store\/sv\/produkt\/truusk-byra-industriell-design-4-tyglador-svart-60x29x85cm\/\" \/>\n<meta property=\"og:locale\" content=\"sv_SE\" \/>\n<meta property=\"og:type\" content=\"article\" \/>\n<meta property=\"og:title\" content=\"TRUUSK Byr\u00e5 - Industriell Design - 4 Tygl\u00e5dor - Svart - 60x29x85cm - TRUUSK - Hem, Tr\u00e4dg\u00e5rd &amp; Fritid\" \/>\n<meta property=\"og:description\" content=\"Detta eleganta [BRAND NAME] f\u00f6rvaringssk\u00e5p i industriell stil \u00e4r idealiskt f\u00f6r ordnade hush\u00e5ll. Robust byggd med en st\u00e5lram och h\u00e5llbara...\" \/>\n<meta property=\"og:url\" content=\"https:\/\/truusk.store\/sv\/produkt\/truusk-byra-industriell-design-4-tyglador-svart-60x29x85cm\/\" \/>\n<meta property=\"og:site_name\" content=\"TRUUSK - Hem, Tr\u00e4dg\u00e5rd &amp; Fritid\" \/>\n<meta property=\"article:modified_time\" content=\"2026-03-12T07:40:36+00:00\" \/>\n<meta property=\"og:image\" content=\"https:\/\/i0.wp.com\/truusk.se\/wp-content\/uploads\/2026\/01\/byra-sideboard-4-tyglador-industriell-design-60x29x85cm-svart-1.webp?fit=2000%2C2000&ssl=1\" \/>\n\t<meta property=\"og:image:width\" content=\"2000\" \/>\n\t<meta property=\"og:image:height\" content=\"2000\" \/>\n\t<meta property=\"og:image:type\" content=\"image\/webp\" \/>\n<meta name=\"twitter:card\" content=\"summary_large_image\" \/>\n<meta name=\"twitter:label1\" content=\"Ber\u00e4knad l\u00e4stid\" \/>\n\t<meta name=\"twitter:data1\" content=\"1 minut\" \/>\n<!-- \/ Yoast SEO plugin. -->","yoast_head_json":{"title":"TRUUSK Byr\u00e5 - Industriell Design - 4 Tygl\u00e5dor - Svart - 60x29x85cm - TRUUSK - Hem, Tr\u00e4dg\u00e5rd &amp; Fritid","robots":{"index":"index","follow":"follow","max-snippet":"max-snippet:-1","max-image-preview":"max-image-preview:large","max-video-preview":"max-video-preview:-1"},"canonical":"https:\/\/truusk.store\/sv\/produkt\/truusk-byra-industriell-design-4-tyglador-svart-60x29x85cm\/","og_locale":"sv_SE","og_type":"article","og_title":"TRUUSK Byr\u00e5 - Industriell Design - 4 Tygl\u00e5dor - Svart - 60x29x85cm - TRUUSK - Hem, Tr\u00e4dg\u00e5rd &amp; Fritid","og_description":"Detta eleganta [BRAND NAME] f\u00f6rvaringssk\u00e5p i industriell stil \u00e4r idealiskt f\u00f6r ordnade hush\u00e5ll. Robust byggd med en st\u00e5lram och h\u00e5llbara...","og_url":"https:\/\/truusk.store\/sv\/produkt\/truusk-byra-industriell-design-4-tyglador-svart-60x29x85cm\/","og_site_name":"TRUUSK - Hem, Tr\u00e4dg\u00e5rd &amp; Fritid","article_modified_time":"2026-03-12T07:40:36+00:00","og_image":[{"width":2000,"height":2000,"url":"https:\/\/i0.wp.com\/truusk.se\/wp-content\/uploads\/2026\/01\/byra-sideboard-4-tyglador-industriell-design-60x29x85cm-svart-1.webp?fit=2000%2C2000&ssl=1","type":"image\/webp"}],"twitter_card":"summary_large_image","twitter_misc":{"Ber\u00e4knad l\u00e4stid":"1 minut"},"schema":{"@context":"https:\/\/schema.org","@graph":[{"@type":"WebPage","@id":"https:\/\/truusk.store\/sv\/produkt\/truusk-byra-industriell-design-4-tyglador-svart-60x29x85cm\/","url":"https:\/\/truusk.store\/sv\/produkt\/truusk-byra-industriell-design-4-tyglador-svart-60x29x85cm\/","name":"TRUUSK Byr\u00e5 - Industriell Design - 4 Tygl\u00e5dor - Svart - 60x29x85cm - TRUUSK - Hem, Tr\u00e4dg\u00e5rd &amp; Fritid","isPartOf":{"@id":"https:\/\/truusk.store\/sv\/#website"},"primaryImageOfPage":{"@id":"https:\/\/truusk.store\/sv\/produkt\/truusk-byra-industriell-design-4-tyglador-svart-60x29x85cm\/#primaryimage"},"image":{"@id":"https:\/\/truusk.store\/sv\/produkt\/truusk-byra-industriell-design-4-tyglador-svart-60x29x85cm\/#primaryimage"},"thumbnailUrl":"https:\/\/i0.wp.com\/truusk.store\/wp-content\/uploads\/2026\/01\/byra-sideboard-4-tyglador-industriell-design-60x29x85cm-svart-1.webp?fit=2000%2C2000&ssl=1","datePublished":"2026-01-28T04:37:40+00:00","dateModified":"2026-03-12T07:40:36+00:00","breadcrumb":{"@id":"https:\/\/truusk.store\/sv\/produkt\/truusk-byra-industriell-design-4-tyglador-svart-60x29x85cm\/#breadcrumb"},"inLanguage":"sv-SE","potentialAction":[{"@type":"ReadAction","target":["https:\/\/truusk.store\/sv\/produkt\/truusk-byra-industriell-design-4-tyglador-svart-60x29x85cm\/"]}]},{"@type":"ImageObject","inLanguage":"sv-SE","@id":"https:\/\/truusk.store\/sv\/produkt\/truusk-byra-industriell-design-4-tyglador-svart-60x29x85cm\/#primaryimage","url":"https:\/\/i0.wp.com\/truusk.store\/wp-content\/uploads\/2026\/01\/byra-sideboard-4-tyglador-industriell-design-60x29x85cm-svart-1.webp?fit=2000%2C2000&ssl=1","contentUrl":"https:\/\/i0.wp.com\/truusk.store\/wp-content\/uploads\/2026\/01\/byra-sideboard-4-tyglador-industriell-design-60x29x85cm-svart-1.webp?fit=2000%2C2000&ssl=1","width":2000,"height":2000},{"@type":"BreadcrumbList","@id":"https:\/\/truusk.store\/sv\/produkt\/truusk-byra-industriell-design-4-tyglador-svart-60x29x85cm\/#breadcrumb","itemListElement":[{"@type":"ListItem","position":1,"name":"Home","item":"https:\/\/truusk.store\/sv\/"},{"@type":"ListItem","position":2,"name":"Shop","item":"https:\/\/truusk.store\/shop\/"},{"@type":"ListItem","position":3,"name":"TRUUSK Byr\u00e5 &#8211; Industriell Design &#8211; 4 Tygl\u00e5dor &#8211; Svart &#8211; 60x29x85cm"}]},{"@type":"WebSite","@id":"https:\/\/truusk.store\/sv\/#website","url":"https:\/\/truusk.store\/sv\/","name":"TRUUSK - Hem, Tr\u00e4dg\u00e5rd & Fritid","description":"","publisher":{"@id":"https:\/\/truusk.store\/sv\/#organization"},"potentialAction":[{"@type":"SearchAction","target":{"@type":"EntryPoint","urlTemplate":"https:\/\/truusk.store\/sv\/?s={search_term_string}"},"query-input":{"@type":"PropertyValueSpecification","valueRequired":true,"valueName":"search_term_string"}}],"inLanguage":"sv-SE"},{"@type":"Organization","@id":"https:\/\/truusk.store\/sv\/#organization","name":"TRUUSK - Hem, Tr\u00e4dg\u00e5rd & Fritid","url":"https:\/\/truusk.store\/sv\/","logo":{"@type":"ImageObject","inLanguage":"sv-SE","@id":"https:\/\/truusk.store\/sv\/#\/schema\/logo\/image\/","url":"https:\/\/i0.wp.com\/truusk.store\/wp-content\/uploads\/2026\/03\/cropped-TRUUSK.png?fit=2032%2C917&ssl=1","contentUrl":"https:\/\/i0.wp.com\/truusk.store\/wp-content\/uploads\/2026\/03\/cropped-TRUUSK.png?fit=2032%2C917&ssl=1","width":2032,"height":917,"caption":"TRUUSK - Hem, Tr\u00e4dg\u00e5rd & Fritid"},"image":{"@id":"https:\/\/truusk.store\/sv\/#\/schema\/logo\/image\/"}}]}},"jetpack_sharing_enabled":true,"_links":{"self":[{"href":"https:\/\/truusk.store\/sv\/wp-json\/wp\/v2\/product\/101501","targetHints":{"allow":["GET"]}}],"collection":[{"href":"https:\/\/truusk.store\/sv\/wp-json\/wp\/v2\/product"}],"about":[{"href":"https:\/\/truusk.store\/sv\/wp-json\/wp\/v2\/types\/product"}],"wp:featuredmedia":[{"embeddable":true,"href":"https:\/\/truusk.store\/sv\/wp-json\/wp\/v2\/media\/101492"}],"wp:attachment":[{"href":"https:\/\/truusk.store\/sv\/wp-json\/wp\/v2\/media?parent=101501"}],"wp:term":[{"taxonomy":"product_brand","embeddable":true,"href":"https:\/\/truusk.store\/sv\/wp-json\/wp\/v2\/product_brand?post=101501"},{"taxonomy":"product_cat","embeddable":true,"href":"https:\/\/truusk.store\/sv\/wp-json\/wp\/v2\/product_cat?post=101501"},{"taxonomy":"product_tag","embeddable":true,"href":"https:\/\/truusk.store\/sv\/wp-json\/wp\/v2\/product_tag?post=101501"}],"curies":[{"name":"wp","href":"https:\/\/api.w.org\/{rel}","templated":true}]}}