{"id":101522,"date":"2026-01-28T05:39:46","date_gmt":"2026-01-28T04:39:46","guid":{"rendered":"https:\/\/truusk.store\/product\/paviljong-ca-6x3m-stabil-vinterbestandig-pop-up-vikpaviljong-med-fonster-dragkedjadorr-sidopaneler-uv-skydd\/"},"modified":"2026-03-12T08:40:40","modified_gmt":"2026-03-12T07:40:40","slug":"truusk-paviljong-ca-6x3m-stabil-vinterbestandig-pop-up-design-fonster-dragkedjadorr-uv-skydd-sidopaneler-enkelt","status":"publish","type":"product","link":"https:\/\/truusk.store\/sv\/produkt\/truusk-paviljong-ca-6x3m-stabil-vinterbestandig-pop-up-design-fonster-dragkedjadorr-uv-skydd-sidopaneler-enkelt\/","title":{"rendered":"TRUUSK Paviljong Ca. 6x3m &#8211; Stabil &amp; Vinterbest\u00e4ndig &#8211; Pop-up Design &#8211; F\u00f6nster &amp; Dragkedjad\u00f6rr &#8211; UV Skydd &#8211; Sidopaneler &#8211; Enkelt"},"content":{"rendered":"<p>Perfekt f\u00f6r utomhusevenemang, erbjuder denna b\u00e4rbara och hopf\u00e4llbara tr\u00e4dg\u00e5rdspaviljong en snabb uppbyggnad. Med avtagbara sidov\u00e4ggar f\u00f6r justerbart utrymme, en b\u00e4rv\u00e4ska f\u00f6r enkel transport, UV-skydd samt vind- och vattent\u00e5lig. Snabb att s\u00e4tta upp och h\u00e5llbar.<\/p>\n<p>Beskrivning:<\/p>\n<ul>\n<li> Mottagningst\u00e4lt med m\u00e5tten 590 x 295 cm och 6 avtagbara sidov\u00e4ggar, idealiskt f\u00f6r utomhusevenemang som grillfester, loppmarknader osv.<\/li>\n<li> St\u00e5lram med pulverlackering f\u00f6r l\u00e5ngvarig anv\u00e4ndning<\/li>\n<li> Vattenavvisande Oxford-tyg med UV-bel\u00e4ggning f\u00f6r skydd mot skadliga solstr\u00e5lar<\/li>\n<li> Sidov\u00e4ggar med kardborreband f\u00f6r enkel montering och demontering, 4 med stora f\u00f6nster f\u00f6r maximal sikt<\/li>\n<li> Hopf\u00e4llbar paviljong med 2 sidov\u00e4ggar med dragkedjor f\u00f6r enkel tillg\u00e5ng<\/li>\n<li> Tr\u00e4dg\u00e5rdspaviljong med 12 dr\u00e4neringsh\u00e5l upptill f\u00f6r att undvika vattenansamling<\/li>\n<li> Inkluderar draglinor och t\u00e4ltspikar f\u00f6r \u00f6kad stabilitet<\/li>\n<li> L\u00e4tt och b\u00e4rbar, med medf\u00f6ljande b\u00e4rv\u00e4ska<\/li>\n<li> Snabb uppbyggnad kr\u00e4vs<\/li>\n<\/ul>\n<p> Tekniska data:<\/p>\n<ul>\n<li> F\u00e4rg: Vit<\/li>\n<li> Material: St\u00e5l, Oxford-tyg (100 % polyester)<\/li>\n<li> Totala m\u00e5tt: 590L x 295B x 285H cm<\/li>\n<li> Takh\u00f6jd: 210 cm<\/li>\n<li> F\u00f6nsterm\u00e5tt: 180L x 83B cm<\/li>\n<li> Hopf\u00e4llda m\u00e5tt: 113L x 36B x 20H cm<\/li>\n<li> Notera: L\u00e4mna aldrig din paviljong obevakad<\/li>\n<li>montera ner den f\u00f6re en stor storm<\/li>\n<\/ul>\n<p>Leveransinneh\u00e5ll:<\/p>\n<ul>\n<li> 1 x Pop-Up Paviljong<\/li>\n<li> 6 x Draglina<\/li>\n<li> 6 x Spiralplugg<\/li>\n<li> 6 x Markplugg<\/li>\n<li> 1 x B\u00e4rv\u00e4ska<\/li>\n<li> 1 x Monteringsanvisning<\/li>\n<\/ul>\n","protected":false},"excerpt":{"rendered":"<p>Perfekt f\u00f6r utomhusevenemang, erbjuder denna b\u00e4rbara och hopf\u00e4llbara tr\u00e4dg\u00e5rdspaviljong en snabb uppbyggnad. Med avtagbara sidov\u00e4ggar f\u00f6r justerbart utrymme, en b\u00e4rv\u00e4ska&#8230;<\/p>\n","protected":false},"featured_media":101512,"template":"","meta":[],"product_brand":[],"product_cat":[477,858,476],"product_tag":[],"class_list":{"0":"post-101522","1":"product","2":"type-product","3":"status-publish","4":"has-post-thumbnail","6":"product_cat-paviljonger-partytalt","7":"product_cat-tradgard-terrass","8":"product_cat-tradgardspaviljonger","10":"first","11":"instock","12":"sale","13":"taxable","14":"shipping-taxable","15":"purchasable","16":"product-type-simple"},"yoast_head":"<!-- This site is optimized with the Yoast SEO plugin v25.4 - https:\/\/yoast.com\/wordpress\/plugins\/seo\/ -->\n<title>TRUUSK Paviljong Ca. 6x3m - Stabil &amp; Vinterbest\u00e4ndig - Pop-up Design - F\u00f6nster &amp; Dragkedjad\u00f6rr - UV Skydd - Sidopaneler - Enkelt - TRUUSK - Hem, Tr\u00e4dg\u00e5rd &amp; Fritid<\/title>\n<meta name=\"robots\" content=\"index, follow, max-snippet:-1, max-image-preview:large, max-video-preview:-1\" \/>\n<link rel=\"canonical\" href=\"https:\/\/truusk.store\/sv\/produkt\/truusk-paviljong-ca-6x3m-stabil-vinterbestandig-pop-up-design-fonster-dragkedjadorr-uv-skydd-sidopaneler-enkelt\/\" \/>\n<meta property=\"og:locale\" content=\"sv_SE\" \/>\n<meta property=\"og:type\" content=\"article\" \/>\n<meta property=\"og:title\" content=\"TRUUSK Paviljong Ca. 6x3m - Stabil &amp; Vinterbest\u00e4ndig - Pop-up Design - F\u00f6nster &amp; Dragkedjad\u00f6rr - UV Skydd - Sidopaneler - Enkelt - TRUUSK - Hem, Tr\u00e4dg\u00e5rd &amp; Fritid\" \/>\n<meta property=\"og:description\" content=\"Perfekt f\u00f6r utomhusevenemang, erbjuder denna b\u00e4rbara och hopf\u00e4llbara tr\u00e4dg\u00e5rdspaviljong en snabb uppbyggnad. Med avtagbara sidov\u00e4ggar f\u00f6r justerbart utrymme, en b\u00e4rv\u00e4ska...\" \/>\n<meta property=\"og:url\" content=\"https:\/\/truusk.store\/sv\/produkt\/truusk-paviljong-ca-6x3m-stabil-vinterbestandig-pop-up-design-fonster-dragkedjadorr-uv-skydd-sidopaneler-enkelt\/\" \/>\n<meta property=\"og:site_name\" content=\"TRUUSK - Hem, Tr\u00e4dg\u00e5rd &amp; Fritid\" \/>\n<meta property=\"article:modified_time\" content=\"2026-03-12T07:40:40+00:00\" \/>\n<meta property=\"og:image\" content=\"https:\/\/i0.wp.com\/truusk.se\/wp-content\/uploads\/2026\/01\/paviljong-ca-6x3m-stabil-vinterbestandig-pop-up-vikpaviljong-med-fonster-dragkedjadorr-sidopaneler-uv-skydd-1.webp?fit=2000%2C2000&ssl=1\" \/>\n\t<meta property=\"og:image:width\" content=\"2000\" \/>\n\t<meta property=\"og:image:height\" content=\"2000\" \/>\n\t<meta property=\"og:image:type\" content=\"image\/webp\" \/>\n<meta name=\"twitter:card\" content=\"summary_large_image\" \/>\n<meta name=\"twitter:label1\" content=\"Ber\u00e4knad l\u00e4stid\" \/>\n\t<meta name=\"twitter:data1\" content=\"1 minut\" \/>\n<!-- \/ Yoast SEO plugin. -->","yoast_head_json":{"title":"TRUUSK Paviljong Ca. 6x3m - Stabil &amp; Vinterbest\u00e4ndig - Pop-up Design - F\u00f6nster &amp; Dragkedjad\u00f6rr - UV Skydd - Sidopaneler - Enkelt - TRUUSK - Hem, Tr\u00e4dg\u00e5rd &amp; Fritid","robots":{"index":"index","follow":"follow","max-snippet":"max-snippet:-1","max-image-preview":"max-image-preview:large","max-video-preview":"max-video-preview:-1"},"canonical":"https:\/\/truusk.store\/sv\/produkt\/truusk-paviljong-ca-6x3m-stabil-vinterbestandig-pop-up-design-fonster-dragkedjadorr-uv-skydd-sidopaneler-enkelt\/","og_locale":"sv_SE","og_type":"article","og_title":"TRUUSK Paviljong Ca. 6x3m - Stabil &amp; Vinterbest\u00e4ndig - Pop-up Design - F\u00f6nster &amp; Dragkedjad\u00f6rr - UV Skydd - Sidopaneler - Enkelt - TRUUSK - Hem, Tr\u00e4dg\u00e5rd &amp; Fritid","og_description":"Perfekt f\u00f6r utomhusevenemang, erbjuder denna b\u00e4rbara och hopf\u00e4llbara tr\u00e4dg\u00e5rdspaviljong en snabb uppbyggnad. Med avtagbara sidov\u00e4ggar f\u00f6r justerbart utrymme, en b\u00e4rv\u00e4ska...","og_url":"https:\/\/truusk.store\/sv\/produkt\/truusk-paviljong-ca-6x3m-stabil-vinterbestandig-pop-up-design-fonster-dragkedjadorr-uv-skydd-sidopaneler-enkelt\/","og_site_name":"TRUUSK - Hem, Tr\u00e4dg\u00e5rd &amp; Fritid","article_modified_time":"2026-03-12T07:40:40+00:00","og_image":[{"width":2000,"height":2000,"url":"https:\/\/i0.wp.com\/truusk.se\/wp-content\/uploads\/2026\/01\/paviljong-ca-6x3m-stabil-vinterbestandig-pop-up-vikpaviljong-med-fonster-dragkedjadorr-sidopaneler-uv-skydd-1.webp?fit=2000%2C2000&ssl=1","type":"image\/webp"}],"twitter_card":"summary_large_image","twitter_misc":{"Ber\u00e4knad l\u00e4stid":"1 minut"},"schema":{"@context":"https:\/\/schema.org","@graph":[{"@type":"WebPage","@id":"https:\/\/truusk.store\/sv\/produkt\/truusk-paviljong-ca-6x3m-stabil-vinterbestandig-pop-up-design-fonster-dragkedjadorr-uv-skydd-sidopaneler-enkelt\/","url":"https:\/\/truusk.store\/sv\/produkt\/truusk-paviljong-ca-6x3m-stabil-vinterbestandig-pop-up-design-fonster-dragkedjadorr-uv-skydd-sidopaneler-enkelt\/","name":"TRUUSK Paviljong Ca. 6x3m - Stabil &amp; Vinterbest\u00e4ndig - Pop-up Design - F\u00f6nster &amp; Dragkedjad\u00f6rr - UV Skydd - Sidopaneler - Enkelt - TRUUSK - Hem, Tr\u00e4dg\u00e5rd &amp; Fritid","isPartOf":{"@id":"https:\/\/truusk.store\/sv\/#website"},"primaryImageOfPage":{"@id":"https:\/\/truusk.store\/sv\/produkt\/truusk-paviljong-ca-6x3m-stabil-vinterbestandig-pop-up-design-fonster-dragkedjadorr-uv-skydd-sidopaneler-enkelt\/#primaryimage"},"image":{"@id":"https:\/\/truusk.store\/sv\/produkt\/truusk-paviljong-ca-6x3m-stabil-vinterbestandig-pop-up-design-fonster-dragkedjadorr-uv-skydd-sidopaneler-enkelt\/#primaryimage"},"thumbnailUrl":"https:\/\/i0.wp.com\/truusk.store\/wp-content\/uploads\/2026\/01\/paviljong-ca-6x3m-stabil-vinterbestandig-pop-up-vikpaviljong-med-fonster-dragkedjadorr-sidopaneler-uv-skydd-1.webp?fit=2000%2C2000&ssl=1","datePublished":"2026-01-28T04:39:46+00:00","dateModified":"2026-03-12T07:40:40+00:00","breadcrumb":{"@id":"https:\/\/truusk.store\/sv\/produkt\/truusk-paviljong-ca-6x3m-stabil-vinterbestandig-pop-up-design-fonster-dragkedjadorr-uv-skydd-sidopaneler-enkelt\/#breadcrumb"},"inLanguage":"sv-SE","potentialAction":[{"@type":"ReadAction","target":["https:\/\/truusk.store\/sv\/produkt\/truusk-paviljong-ca-6x3m-stabil-vinterbestandig-pop-up-design-fonster-dragkedjadorr-uv-skydd-sidopaneler-enkelt\/"]}]},{"@type":"ImageObject","inLanguage":"sv-SE","@id":"https:\/\/truusk.store\/sv\/produkt\/truusk-paviljong-ca-6x3m-stabil-vinterbestandig-pop-up-design-fonster-dragkedjadorr-uv-skydd-sidopaneler-enkelt\/#primaryimage","url":"https:\/\/i0.wp.com\/truusk.store\/wp-content\/uploads\/2026\/01\/paviljong-ca-6x3m-stabil-vinterbestandig-pop-up-vikpaviljong-med-fonster-dragkedjadorr-sidopaneler-uv-skydd-1.webp?fit=2000%2C2000&ssl=1","contentUrl":"https:\/\/i0.wp.com\/truusk.store\/wp-content\/uploads\/2026\/01\/paviljong-ca-6x3m-stabil-vinterbestandig-pop-up-vikpaviljong-med-fonster-dragkedjadorr-sidopaneler-uv-skydd-1.webp?fit=2000%2C2000&ssl=1","width":2000,"height":2000},{"@type":"BreadcrumbList","@id":"https:\/\/truusk.store\/sv\/produkt\/truusk-paviljong-ca-6x3m-stabil-vinterbestandig-pop-up-design-fonster-dragkedjadorr-uv-skydd-sidopaneler-enkelt\/#breadcrumb","itemListElement":[{"@type":"ListItem","position":1,"name":"Home","item":"https:\/\/truusk.store\/sv\/"},{"@type":"ListItem","position":2,"name":"Shop","item":"https:\/\/truusk.store\/shop\/"},{"@type":"ListItem","position":3,"name":"TRUUSK Paviljong Ca. 6x3m &#8211; Stabil &amp; Vinterbest\u00e4ndig &#8211; Pop-up Design &#8211; F\u00f6nster &amp; Dragkedjad\u00f6rr &#8211; UV Skydd &#8211; Sidopaneler &#8211; Enkelt"}]},{"@type":"WebSite","@id":"https:\/\/truusk.store\/sv\/#website","url":"https:\/\/truusk.store\/sv\/","name":"TRUUSK - Hem, Tr\u00e4dg\u00e5rd & Fritid","description":"","publisher":{"@id":"https:\/\/truusk.store\/sv\/#organization"},"potentialAction":[{"@type":"SearchAction","target":{"@type":"EntryPoint","urlTemplate":"https:\/\/truusk.store\/sv\/?s={search_term_string}"},"query-input":{"@type":"PropertyValueSpecification","valueRequired":true,"valueName":"search_term_string"}}],"inLanguage":"sv-SE"},{"@type":"Organization","@id":"https:\/\/truusk.store\/sv\/#organization","name":"TRUUSK - Hem, Tr\u00e4dg\u00e5rd & Fritid","url":"https:\/\/truusk.store\/sv\/","logo":{"@type":"ImageObject","inLanguage":"sv-SE","@id":"https:\/\/truusk.store\/sv\/#\/schema\/logo\/image\/","url":"https:\/\/i0.wp.com\/truusk.store\/wp-content\/uploads\/2026\/03\/cropped-TRUUSK.png?fit=2032%2C917&ssl=1","contentUrl":"https:\/\/i0.wp.com\/truusk.store\/wp-content\/uploads\/2026\/03\/cropped-TRUUSK.png?fit=2032%2C917&ssl=1","width":2032,"height":917,"caption":"TRUUSK - Hem, Tr\u00e4dg\u00e5rd & Fritid"},"image":{"@id":"https:\/\/truusk.store\/sv\/#\/schema\/logo\/image\/"}}]}},"jetpack_sharing_enabled":true,"_links":{"self":[{"href":"https:\/\/truusk.store\/sv\/wp-json\/wp\/v2\/product\/101522","targetHints":{"allow":["GET"]}}],"collection":[{"href":"https:\/\/truusk.store\/sv\/wp-json\/wp\/v2\/product"}],"about":[{"href":"https:\/\/truusk.store\/sv\/wp-json\/wp\/v2\/types\/product"}],"wp:featuredmedia":[{"embeddable":true,"href":"https:\/\/truusk.store\/sv\/wp-json\/wp\/v2\/media\/101512"}],"wp:attachment":[{"href":"https:\/\/truusk.store\/sv\/wp-json\/wp\/v2\/media?parent=101522"}],"wp:term":[{"taxonomy":"product_brand","embeddable":true,"href":"https:\/\/truusk.store\/sv\/wp-json\/wp\/v2\/product_brand?post=101522"},{"taxonomy":"product_cat","embeddable":true,"href":"https:\/\/truusk.store\/sv\/wp-json\/wp\/v2\/product_cat?post=101522"},{"taxonomy":"product_tag","embeddable":true,"href":"https:\/\/truusk.store\/sv\/wp-json\/wp\/v2\/product_tag?post=101522"}],"curies":[{"name":"wp","href":"https:\/\/api.w.org\/{rel}","templated":true}]}}