{"id":101528,"date":"2026-01-28T05:40:26","date_gmt":"2026-01-28T04:40:26","guid":{"rendered":"https:\/\/truusk.store\/product\/barbar-cykelgaragetalt-cykelskydd-for-3-4-cyklar-med-2-sidofickor-205-x-140-x-188-cm-morkgra\/"},"modified":"2026-03-12T08:40:41","modified_gmt":"2026-03-12T07:40:41","slug":"truusk-barbar-cykelgaragetalt-cykelskydd-for-3-4-cyklar-2-sidofickor-morkgra-205-x-140-x-188-cm","status":"publish","type":"product","link":"https:\/\/truusk.store\/sv\/produkt\/truusk-barbar-cykelgaragetalt-cykelskydd-for-3-4-cyklar-2-sidofickor-morkgra-205-x-140-x-188-cm\/","title":{"rendered":"TRUUSK B\u00e4rbar Cykelgaraget\u00e4lt &#8211; Cykelskydd f\u00f6r 3-4 Cyklar &#8211; 2 Sidofickor &#8211; M\u00f6rkgr\u00e5 &#8211; 205 x 140 x 188 cm"},"content":{"rendered":"<p>Uppt\u00e4ck [BRAND NAME] cykelgaraget\u00e4lt, 205 x 140 x 188 cm, perfekt f\u00f6r 4 cyklar eller 2 motorcyklar, tr\u00e4dg\u00e5rdsverktyg eller dekorationer. Tillverkat av Oxford 210D tyg med silverbelagd skydd f\u00f6r UPF50+, erbjuder det utm\u00e4rkt skydd mot vatten, idealiskt f\u00f6r alla \u00e5rstider.<\/p>\n<p>Beskrivning:<\/p>\n<ul>\n<li> Rymligt inre p\u00e5 205 x 140 x 188 cm rymmer 3-4 cyklar eller tr\u00e4dg\u00e5rdsverktyg<\/li>\n<li> Oxford 210D tyget p\u00e5 cykelt\u00e4ltet erbjuder UPF50+ skydd<\/li>\n<li> Vattent\u00e4tt band vid s\u00f6mmarna garanterar en vattenpelare p\u00e5 2000mm<\/li>\n<li> Enkel installation och kompakt f\u00f6rvaring i en v\u00e4ska p\u00e5 64L x 19B x 19H cm<\/li>\n<li> L\u00e4tt konstruktion, v\u00e4ger bara 4 kg, f\u00f6r h\u00f6g b\u00e4rbarhet<\/li>\n<li> Helt st\u00e4ngd dragkedjad\u00f6rr erbjuder omfattande skydd<\/li>\n<li> Detta cykelt\u00e4lt har tv\u00e5 sidofickor f\u00f6r praktisk f\u00f6rvaring av sm\u00e5 f\u00f6rem\u00e5l<\/li>\n<li> Inneh\u00e5ller markspikar och sp\u00e4nnlinor f\u00f6r s\u00e4ker installation<\/li>\n<\/ul>\n<p> Tekniska specifikationer:<\/p>\n<ul>\n<li> F\u00e4rg: M\u00f6rkgr\u00e5<\/li>\n<li> Material: Glasfibermast, Oxford 210D tyg<\/li>\n<li> Totala m\u00e5tt: 220L x 150B x 195H cm<\/li>\n<li> Inre m\u00e5tt: 205L x 140B x 188H cm<\/li>\n<li> M\u00e5tt f\u00f6rvaringsv\u00e4ska: 38B x 33H cm<\/li>\n<li> D\u00f6rrm\u00e5tt: 184B x 165H cm<\/li>\n<li> Vikta m\u00e5tt: 63L x 18B x 18H cm<\/li>\n<li> Vindmotst\u00e5ndsklass: 4-5 (10,6-20,8 km\/h)<\/li>\n<li> Ref.: 84C-649V00CG<\/li>\n<\/ul>\n<p>Leveransinneh\u00e5ll:<\/p>\n<ul>\n<li> 1 x Cykelt\u00e4ckningst\u00e4lt<\/li>\n<li> 8 x Markspik<\/li>\n<li> 4 x Sp\u00e4nnlina<\/li>\n<li> 1 x Spikv\u00e4ska<\/li>\n<li> 1 x Transportv\u00e4ska<\/li>\n<li> 1 x Monteringsanvisning<\/li>\n<\/ul>\n","protected":false},"excerpt":{"rendered":"<p>Uppt\u00e4ck [BRAND NAME] cykelgaraget\u00e4lt, 205 x 140 x 188 cm, perfekt f\u00f6r 4 cyklar eller 2 motorcyklar, tr\u00e4dg\u00e5rdsverktyg eller dekorationer&#8230;.<\/p>\n","protected":false},"featured_media":101521,"template":"","meta":[],"product_brand":[],"product_cat":[684,867,1103],"product_tag":[],"class_list":{"0":"post-101528","1":"product","2":"type-product","3":"status-publish","4":"has-post-thumbnail","6":"product_cat-biltillbehor","7":"product_cat-byggmarknad","8":"product_cat-taltgarage","10":"first","11":"instock","12":"sale","13":"taxable","14":"shipping-taxable","15":"purchasable","16":"product-type-simple"},"yoast_head":"<!-- This site is optimized with the Yoast SEO plugin v25.4 - https:\/\/yoast.com\/wordpress\/plugins\/seo\/ -->\n<title>TRUUSK B\u00e4rbar Cykelgaraget\u00e4lt - Cykelskydd f\u00f6r 3-4 Cyklar - 2 Sidofickor - M\u00f6rkgr\u00e5 - 205 x 140 x 188 cm - TRUUSK - Hem, Tr\u00e4dg\u00e5rd &amp; Fritid<\/title>\n<meta name=\"robots\" content=\"index, follow, max-snippet:-1, max-image-preview:large, max-video-preview:-1\" \/>\n<link rel=\"canonical\" href=\"https:\/\/truusk.store\/sv\/produkt\/truusk-barbar-cykelgaragetalt-cykelskydd-for-3-4-cyklar-2-sidofickor-morkgra-205-x-140-x-188-cm\/\" \/>\n<meta property=\"og:locale\" content=\"sv_SE\" \/>\n<meta property=\"og:type\" content=\"article\" \/>\n<meta property=\"og:title\" content=\"TRUUSK B\u00e4rbar Cykelgaraget\u00e4lt - Cykelskydd f\u00f6r 3-4 Cyklar - 2 Sidofickor - M\u00f6rkgr\u00e5 - 205 x 140 x 188 cm - TRUUSK - Hem, Tr\u00e4dg\u00e5rd &amp; Fritid\" \/>\n<meta property=\"og:description\" content=\"Uppt\u00e4ck [BRAND NAME] cykelgaraget\u00e4lt, 205 x 140 x 188 cm, perfekt f\u00f6r 4 cyklar eller 2 motorcyklar, tr\u00e4dg\u00e5rdsverktyg eller dekorationer....\" \/>\n<meta property=\"og:url\" content=\"https:\/\/truusk.store\/sv\/produkt\/truusk-barbar-cykelgaragetalt-cykelskydd-for-3-4-cyklar-2-sidofickor-morkgra-205-x-140-x-188-cm\/\" \/>\n<meta property=\"og:site_name\" content=\"TRUUSK - Hem, Tr\u00e4dg\u00e5rd &amp; Fritid\" \/>\n<meta property=\"article:modified_time\" content=\"2026-03-12T07:40:41+00:00\" \/>\n<meta property=\"og:image\" content=\"https:\/\/i0.wp.com\/truusk.se\/wp-content\/uploads\/2026\/01\/barbar-cykelgaragetalt-cykelskydd-for-3-4-cyklar-med-2-sidofickor-205-x-140-x-188-cm-morkgra-1.webp?fit=2000%2C2000&ssl=1\" \/>\n\t<meta property=\"og:image:width\" content=\"2000\" \/>\n\t<meta property=\"og:image:height\" content=\"2000\" \/>\n\t<meta property=\"og:image:type\" content=\"image\/webp\" \/>\n<meta name=\"twitter:card\" content=\"summary_large_image\" \/>\n<meta name=\"twitter:label1\" content=\"Ber\u00e4knad l\u00e4stid\" \/>\n\t<meta name=\"twitter:data1\" content=\"1 minut\" \/>\n<!-- \/ Yoast SEO plugin. -->","yoast_head_json":{"title":"TRUUSK B\u00e4rbar Cykelgaraget\u00e4lt - Cykelskydd f\u00f6r 3-4 Cyklar - 2 Sidofickor - M\u00f6rkgr\u00e5 - 205 x 140 x 188 cm - TRUUSK - Hem, Tr\u00e4dg\u00e5rd &amp; Fritid","robots":{"index":"index","follow":"follow","max-snippet":"max-snippet:-1","max-image-preview":"max-image-preview:large","max-video-preview":"max-video-preview:-1"},"canonical":"https:\/\/truusk.store\/sv\/produkt\/truusk-barbar-cykelgaragetalt-cykelskydd-for-3-4-cyklar-2-sidofickor-morkgra-205-x-140-x-188-cm\/","og_locale":"sv_SE","og_type":"article","og_title":"TRUUSK B\u00e4rbar Cykelgaraget\u00e4lt - Cykelskydd f\u00f6r 3-4 Cyklar - 2 Sidofickor - M\u00f6rkgr\u00e5 - 205 x 140 x 188 cm - TRUUSK - Hem, Tr\u00e4dg\u00e5rd &amp; Fritid","og_description":"Uppt\u00e4ck [BRAND NAME] cykelgaraget\u00e4lt, 205 x 140 x 188 cm, perfekt f\u00f6r 4 cyklar eller 2 motorcyklar, tr\u00e4dg\u00e5rdsverktyg eller dekorationer....","og_url":"https:\/\/truusk.store\/sv\/produkt\/truusk-barbar-cykelgaragetalt-cykelskydd-for-3-4-cyklar-2-sidofickor-morkgra-205-x-140-x-188-cm\/","og_site_name":"TRUUSK - Hem, Tr\u00e4dg\u00e5rd &amp; Fritid","article_modified_time":"2026-03-12T07:40:41+00:00","og_image":[{"width":2000,"height":2000,"url":"https:\/\/i0.wp.com\/truusk.se\/wp-content\/uploads\/2026\/01\/barbar-cykelgaragetalt-cykelskydd-for-3-4-cyklar-med-2-sidofickor-205-x-140-x-188-cm-morkgra-1.webp?fit=2000%2C2000&ssl=1","type":"image\/webp"}],"twitter_card":"summary_large_image","twitter_misc":{"Ber\u00e4knad l\u00e4stid":"1 minut"},"schema":{"@context":"https:\/\/schema.org","@graph":[{"@type":"WebPage","@id":"https:\/\/truusk.store\/sv\/produkt\/truusk-barbar-cykelgaragetalt-cykelskydd-for-3-4-cyklar-2-sidofickor-morkgra-205-x-140-x-188-cm\/","url":"https:\/\/truusk.store\/sv\/produkt\/truusk-barbar-cykelgaragetalt-cykelskydd-for-3-4-cyklar-2-sidofickor-morkgra-205-x-140-x-188-cm\/","name":"TRUUSK B\u00e4rbar Cykelgaraget\u00e4lt - Cykelskydd f\u00f6r 3-4 Cyklar - 2 Sidofickor - M\u00f6rkgr\u00e5 - 205 x 140 x 188 cm - TRUUSK - Hem, Tr\u00e4dg\u00e5rd &amp; Fritid","isPartOf":{"@id":"https:\/\/truusk.store\/sv\/#website"},"primaryImageOfPage":{"@id":"https:\/\/truusk.store\/sv\/produkt\/truusk-barbar-cykelgaragetalt-cykelskydd-for-3-4-cyklar-2-sidofickor-morkgra-205-x-140-x-188-cm\/#primaryimage"},"image":{"@id":"https:\/\/truusk.store\/sv\/produkt\/truusk-barbar-cykelgaragetalt-cykelskydd-for-3-4-cyklar-2-sidofickor-morkgra-205-x-140-x-188-cm\/#primaryimage"},"thumbnailUrl":"https:\/\/i0.wp.com\/truusk.store\/wp-content\/uploads\/2026\/01\/barbar-cykelgaragetalt-cykelskydd-for-3-4-cyklar-med-2-sidofickor-205-x-140-x-188-cm-morkgra-1.webp?fit=2000%2C2000&ssl=1","datePublished":"2026-01-28T04:40:26+00:00","dateModified":"2026-03-12T07:40:41+00:00","breadcrumb":{"@id":"https:\/\/truusk.store\/sv\/produkt\/truusk-barbar-cykelgaragetalt-cykelskydd-for-3-4-cyklar-2-sidofickor-morkgra-205-x-140-x-188-cm\/#breadcrumb"},"inLanguage":"sv-SE","potentialAction":[{"@type":"ReadAction","target":["https:\/\/truusk.store\/sv\/produkt\/truusk-barbar-cykelgaragetalt-cykelskydd-for-3-4-cyklar-2-sidofickor-morkgra-205-x-140-x-188-cm\/"]}]},{"@type":"ImageObject","inLanguage":"sv-SE","@id":"https:\/\/truusk.store\/sv\/produkt\/truusk-barbar-cykelgaragetalt-cykelskydd-for-3-4-cyklar-2-sidofickor-morkgra-205-x-140-x-188-cm\/#primaryimage","url":"https:\/\/i0.wp.com\/truusk.store\/wp-content\/uploads\/2026\/01\/barbar-cykelgaragetalt-cykelskydd-for-3-4-cyklar-med-2-sidofickor-205-x-140-x-188-cm-morkgra-1.webp?fit=2000%2C2000&ssl=1","contentUrl":"https:\/\/i0.wp.com\/truusk.store\/wp-content\/uploads\/2026\/01\/barbar-cykelgaragetalt-cykelskydd-for-3-4-cyklar-med-2-sidofickor-205-x-140-x-188-cm-morkgra-1.webp?fit=2000%2C2000&ssl=1","width":2000,"height":2000},{"@type":"BreadcrumbList","@id":"https:\/\/truusk.store\/sv\/produkt\/truusk-barbar-cykelgaragetalt-cykelskydd-for-3-4-cyklar-2-sidofickor-morkgra-205-x-140-x-188-cm\/#breadcrumb","itemListElement":[{"@type":"ListItem","position":1,"name":"Home","item":"https:\/\/truusk.store\/sv\/"},{"@type":"ListItem","position":2,"name":"Shop","item":"https:\/\/truusk.store\/shop\/"},{"@type":"ListItem","position":3,"name":"TRUUSK B\u00e4rbar Cykelgaraget\u00e4lt &#8211; Cykelskydd f\u00f6r 3-4 Cyklar &#8211; 2 Sidofickor &#8211; M\u00f6rkgr\u00e5 &#8211; 205 x 140 x 188 cm"}]},{"@type":"WebSite","@id":"https:\/\/truusk.store\/sv\/#website","url":"https:\/\/truusk.store\/sv\/","name":"TRUUSK - Hem, Tr\u00e4dg\u00e5rd & Fritid","description":"","publisher":{"@id":"https:\/\/truusk.store\/sv\/#organization"},"potentialAction":[{"@type":"SearchAction","target":{"@type":"EntryPoint","urlTemplate":"https:\/\/truusk.store\/sv\/?s={search_term_string}"},"query-input":{"@type":"PropertyValueSpecification","valueRequired":true,"valueName":"search_term_string"}}],"inLanguage":"sv-SE"},{"@type":"Organization","@id":"https:\/\/truusk.store\/sv\/#organization","name":"TRUUSK - Hem, Tr\u00e4dg\u00e5rd & Fritid","url":"https:\/\/truusk.store\/sv\/","logo":{"@type":"ImageObject","inLanguage":"sv-SE","@id":"https:\/\/truusk.store\/sv\/#\/schema\/logo\/image\/","url":"https:\/\/i0.wp.com\/truusk.store\/wp-content\/uploads\/2026\/03\/cropped-TRUUSK.png?fit=2032%2C917&ssl=1","contentUrl":"https:\/\/i0.wp.com\/truusk.store\/wp-content\/uploads\/2026\/03\/cropped-TRUUSK.png?fit=2032%2C917&ssl=1","width":2032,"height":917,"caption":"TRUUSK - Hem, Tr\u00e4dg\u00e5rd & Fritid"},"image":{"@id":"https:\/\/truusk.store\/sv\/#\/schema\/logo\/image\/"}}]}},"jetpack_sharing_enabled":true,"_links":{"self":[{"href":"https:\/\/truusk.store\/sv\/wp-json\/wp\/v2\/product\/101528","targetHints":{"allow":["GET"]}}],"collection":[{"href":"https:\/\/truusk.store\/sv\/wp-json\/wp\/v2\/product"}],"about":[{"href":"https:\/\/truusk.store\/sv\/wp-json\/wp\/v2\/types\/product"}],"wp:featuredmedia":[{"embeddable":true,"href":"https:\/\/truusk.store\/sv\/wp-json\/wp\/v2\/media\/101521"}],"wp:attachment":[{"href":"https:\/\/truusk.store\/sv\/wp-json\/wp\/v2\/media?parent=101528"}],"wp:term":[{"taxonomy":"product_brand","embeddable":true,"href":"https:\/\/truusk.store\/sv\/wp-json\/wp\/v2\/product_brand?post=101528"},{"taxonomy":"product_cat","embeddable":true,"href":"https:\/\/truusk.store\/sv\/wp-json\/wp\/v2\/product_cat?post=101528"},{"taxonomy":"product_tag","embeddable":true,"href":"https:\/\/truusk.store\/sv\/wp-json\/wp\/v2\/product_tag?post=101528"}],"curies":[{"name":"wp","href":"https:\/\/api.w.org\/{rel}","templated":true}]}}