{"id":101538,"date":"2026-01-28T05:41:48","date_gmt":"2026-01-28T04:41:48","guid":{"rendered":"https:\/\/truusk.store\/product\/2-pack-barstolar-bistrostolar-med-fotstod-sammetoverdrag-stalben-for-matsal-45-x-49-x-102-cm-ljusgra\/"},"modified":"2026-03-12T08:40:46","modified_gmt":"2026-03-12T07:40:46","slug":"truusk-2-pack-barstolar-med-fotstod-sammetoverdrag-stalben-for-matsal-45-x-49-x-102-cm-ljusgra","status":"publish","type":"product","link":"https:\/\/truusk.store\/sv\/produkt\/truusk-2-pack-barstolar-med-fotstod-sammetoverdrag-stalben-for-matsal-45-x-49-x-102-cm-ljusgra\/","title":{"rendered":"TRUUSK 2-pack Barstolar med Fotst\u00f6d &#8211; Sammet\u00f6verdrag &#8211; St\u00e5lben &#8211; F\u00f6r Matsal &#8211; 45 x 49 x 102 cm &#8211; Ljusgr\u00e5"},"content":{"rendered":"<p>Upplev komforten med de h\u00f6ga barstolarna fr\u00e5n [BRAND NAME], som med en sammetslen och skumfylld yta ger h\u00f6gsta sittkomfort. Den robusta st\u00e5lkonstruktionen garanterar stabilitet, och det svart-gr\u00e5a f\u00e4rgschemat ger en modern, elegant touch. Dessa k\u00f6ksstolar \u00e4r utrustade med en ryggst\u00f6d och fotst\u00f6d f\u00f6r ut\u00f6kad komfort.<\/p>\n<p>Beskrivning:<\/p>\n<ul>\n<li> Set med tv\u00e5 barstolar, idealiskt f\u00f6r att komplettera ditt k\u00f6k eller baromr\u00e5de<\/li>\n<li> Dessa k\u00f6ksstolar \u00e4r kl\u00e4dda med sammetslen tyg som ger komfort och en trevlig k\u00e4nsla<\/li>\n<li> Tjock skumstoppning som ger st\u00f6d \u00e4ven vid l\u00e4ngre anv\u00e4ndning<\/li>\n<li> Integrerat fotst\u00f6d f\u00f6r att slappna av benen<\/li>\n<li> Robust st\u00e5lstruktur med skyddande stoppning som ger stabilitet och skyddar golvet<\/li>\n<li> Modern och elegant design som framh\u00e4ver k\u00f6kets eller matsalens dekoration<\/li>\n<li> Montering kr\u00e4vs, enkel och snabb<\/li>\n<\/ul>\n<p> Tekniska specifikationer:<\/p>\n<ul>\n<li> F\u00e4rg: Ljusgr\u00e5<\/li>\n<li> Material: Syntetisk sammet (100% polyester), st\u00e5l, skum<\/li>\n<li> Totala dimensioner: 45L x 49B x 102H cm<\/li>\n<li> Sitsstorlek: 45L x 40B x 66H cm<\/li>\n<li> Sits tjocklek: 5 cm<\/li>\n<li> Ryggst\u00f6dsdimensioner: 38L x 43B x 4T cm<\/li>\n<li> H\u00f6jd p\u00e5 fotst\u00f6det fr\u00e5n golvet: 20 cm<\/li>\n<li> Idealisk h\u00f6jd f\u00f6r bardiskar: 89-99 cm<\/li>\n<li> Belastningskapacitet: 120 kg (per stol)<\/li>\n<\/ul>\n<p>Leveransinneh\u00e5ll:<\/p>\n<ul>\n<li> 2 x h\u00f6ga stolar<\/li>\n<li> 1 x bruksanvisning<\/li>\n<\/ul>\n","protected":false},"excerpt":{"rendered":"<p>Upplev komforten med de h\u00f6ga barstolarna fr\u00e5n [BRAND NAME], som med en sammetslen och skumfylld yta ger h\u00f6gsta sittkomfort. Den&#8230;<\/p>\n","protected":false},"featured_media":101529,"template":"","meta":[],"product_brand":[],"product_cat":[643,871,889],"product_tag":[],"class_list":{"0":"post-101538","1":"product","2":"type-product","3":"status-publish","4":"has-post-thumbnail","6":"product_cat-barnstolar","7":"product_cat-hus-hem","8":"product_cat-kok-matsal","10":"first","11":"instock","12":"sale","13":"taxable","14":"shipping-taxable","15":"purchasable","16":"product-type-simple"},"yoast_head":"<!-- This site is optimized with the Yoast SEO plugin v25.4 - https:\/\/yoast.com\/wordpress\/plugins\/seo\/ -->\n<title>TRUUSK 2-pack Barstolar med Fotst\u00f6d - Sammet\u00f6verdrag - St\u00e5lben - F\u00f6r Matsal - 45 x 49 x 102 cm - Ljusgr\u00e5 - TRUUSK - Hem, Tr\u00e4dg\u00e5rd &amp; Fritid<\/title>\n<meta name=\"robots\" content=\"index, follow, max-snippet:-1, max-image-preview:large, max-video-preview:-1\" \/>\n<link rel=\"canonical\" href=\"https:\/\/truusk.store\/sv\/produkt\/truusk-2-pack-barstolar-med-fotstod-sammetoverdrag-stalben-for-matsal-45-x-49-x-102-cm-ljusgra\/\" \/>\n<meta property=\"og:locale\" content=\"sv_SE\" \/>\n<meta property=\"og:type\" content=\"article\" \/>\n<meta property=\"og:title\" content=\"TRUUSK 2-pack Barstolar med Fotst\u00f6d - Sammet\u00f6verdrag - St\u00e5lben - F\u00f6r Matsal - 45 x 49 x 102 cm - Ljusgr\u00e5 - TRUUSK - Hem, Tr\u00e4dg\u00e5rd &amp; Fritid\" \/>\n<meta property=\"og:description\" content=\"Upplev komforten med de h\u00f6ga barstolarna fr\u00e5n [BRAND NAME], som med en sammetslen och skumfylld yta ger h\u00f6gsta sittkomfort. Den...\" \/>\n<meta property=\"og:url\" content=\"https:\/\/truusk.store\/sv\/produkt\/truusk-2-pack-barstolar-med-fotstod-sammetoverdrag-stalben-for-matsal-45-x-49-x-102-cm-ljusgra\/\" \/>\n<meta property=\"og:site_name\" content=\"TRUUSK - Hem, Tr\u00e4dg\u00e5rd &amp; Fritid\" \/>\n<meta property=\"article:modified_time\" content=\"2026-03-12T07:40:46+00:00\" \/>\n<meta property=\"og:image\" content=\"https:\/\/i0.wp.com\/truusk.se\/wp-content\/uploads\/2026\/01\/2-pack-barstolar-bistrostolar-med-fotstod-sammetoverdrag-stalben-for-matsal-45-x-49-x-102-cm-ljusgra-1.webp?fit=2000%2C2000&ssl=1\" \/>\n\t<meta property=\"og:image:width\" content=\"2000\" \/>\n\t<meta property=\"og:image:height\" content=\"2000\" \/>\n\t<meta property=\"og:image:type\" content=\"image\/webp\" \/>\n<meta name=\"twitter:card\" content=\"summary_large_image\" \/>\n<meta name=\"twitter:label1\" content=\"Ber\u00e4knad l\u00e4stid\" \/>\n\t<meta name=\"twitter:data1\" content=\"1 minut\" \/>\n<!-- \/ Yoast SEO plugin. -->","yoast_head_json":{"title":"TRUUSK 2-pack Barstolar med Fotst\u00f6d - Sammet\u00f6verdrag - St\u00e5lben - F\u00f6r Matsal - 45 x 49 x 102 cm - Ljusgr\u00e5 - TRUUSK - Hem, Tr\u00e4dg\u00e5rd &amp; Fritid","robots":{"index":"index","follow":"follow","max-snippet":"max-snippet:-1","max-image-preview":"max-image-preview:large","max-video-preview":"max-video-preview:-1"},"canonical":"https:\/\/truusk.store\/sv\/produkt\/truusk-2-pack-barstolar-med-fotstod-sammetoverdrag-stalben-for-matsal-45-x-49-x-102-cm-ljusgra\/","og_locale":"sv_SE","og_type":"article","og_title":"TRUUSK 2-pack Barstolar med Fotst\u00f6d - Sammet\u00f6verdrag - St\u00e5lben - F\u00f6r Matsal - 45 x 49 x 102 cm - Ljusgr\u00e5 - TRUUSK - Hem, Tr\u00e4dg\u00e5rd &amp; Fritid","og_description":"Upplev komforten med de h\u00f6ga barstolarna fr\u00e5n [BRAND NAME], som med en sammetslen och skumfylld yta ger h\u00f6gsta sittkomfort. Den...","og_url":"https:\/\/truusk.store\/sv\/produkt\/truusk-2-pack-barstolar-med-fotstod-sammetoverdrag-stalben-for-matsal-45-x-49-x-102-cm-ljusgra\/","og_site_name":"TRUUSK - Hem, Tr\u00e4dg\u00e5rd &amp; Fritid","article_modified_time":"2026-03-12T07:40:46+00:00","og_image":[{"width":2000,"height":2000,"url":"https:\/\/i0.wp.com\/truusk.se\/wp-content\/uploads\/2026\/01\/2-pack-barstolar-bistrostolar-med-fotstod-sammetoverdrag-stalben-for-matsal-45-x-49-x-102-cm-ljusgra-1.webp?fit=2000%2C2000&ssl=1","type":"image\/webp"}],"twitter_card":"summary_large_image","twitter_misc":{"Ber\u00e4knad l\u00e4stid":"1 minut"},"schema":{"@context":"https:\/\/schema.org","@graph":[{"@type":"WebPage","@id":"https:\/\/truusk.store\/sv\/produkt\/truusk-2-pack-barstolar-med-fotstod-sammetoverdrag-stalben-for-matsal-45-x-49-x-102-cm-ljusgra\/","url":"https:\/\/truusk.store\/sv\/produkt\/truusk-2-pack-barstolar-med-fotstod-sammetoverdrag-stalben-for-matsal-45-x-49-x-102-cm-ljusgra\/","name":"TRUUSK 2-pack Barstolar med Fotst\u00f6d - Sammet\u00f6verdrag - St\u00e5lben - F\u00f6r Matsal - 45 x 49 x 102 cm - Ljusgr\u00e5 - TRUUSK - Hem, Tr\u00e4dg\u00e5rd &amp; Fritid","isPartOf":{"@id":"https:\/\/truusk.store\/sv\/#website"},"primaryImageOfPage":{"@id":"https:\/\/truusk.store\/sv\/produkt\/truusk-2-pack-barstolar-med-fotstod-sammetoverdrag-stalben-for-matsal-45-x-49-x-102-cm-ljusgra\/#primaryimage"},"image":{"@id":"https:\/\/truusk.store\/sv\/produkt\/truusk-2-pack-barstolar-med-fotstod-sammetoverdrag-stalben-for-matsal-45-x-49-x-102-cm-ljusgra\/#primaryimage"},"thumbnailUrl":"https:\/\/i0.wp.com\/truusk.store\/wp-content\/uploads\/2026\/01\/2-pack-barstolar-bistrostolar-med-fotstod-sammetoverdrag-stalben-for-matsal-45-x-49-x-102-cm-ljusgra-1.webp?fit=2000%2C2000&ssl=1","datePublished":"2026-01-28T04:41:48+00:00","dateModified":"2026-03-12T07:40:46+00:00","breadcrumb":{"@id":"https:\/\/truusk.store\/sv\/produkt\/truusk-2-pack-barstolar-med-fotstod-sammetoverdrag-stalben-for-matsal-45-x-49-x-102-cm-ljusgra\/#breadcrumb"},"inLanguage":"sv-SE","potentialAction":[{"@type":"ReadAction","target":["https:\/\/truusk.store\/sv\/produkt\/truusk-2-pack-barstolar-med-fotstod-sammetoverdrag-stalben-for-matsal-45-x-49-x-102-cm-ljusgra\/"]}]},{"@type":"ImageObject","inLanguage":"sv-SE","@id":"https:\/\/truusk.store\/sv\/produkt\/truusk-2-pack-barstolar-med-fotstod-sammetoverdrag-stalben-for-matsal-45-x-49-x-102-cm-ljusgra\/#primaryimage","url":"https:\/\/i0.wp.com\/truusk.store\/wp-content\/uploads\/2026\/01\/2-pack-barstolar-bistrostolar-med-fotstod-sammetoverdrag-stalben-for-matsal-45-x-49-x-102-cm-ljusgra-1.webp?fit=2000%2C2000&ssl=1","contentUrl":"https:\/\/i0.wp.com\/truusk.store\/wp-content\/uploads\/2026\/01\/2-pack-barstolar-bistrostolar-med-fotstod-sammetoverdrag-stalben-for-matsal-45-x-49-x-102-cm-ljusgra-1.webp?fit=2000%2C2000&ssl=1","width":2000,"height":2000},{"@type":"BreadcrumbList","@id":"https:\/\/truusk.store\/sv\/produkt\/truusk-2-pack-barstolar-med-fotstod-sammetoverdrag-stalben-for-matsal-45-x-49-x-102-cm-ljusgra\/#breadcrumb","itemListElement":[{"@type":"ListItem","position":1,"name":"Home","item":"https:\/\/truusk.store\/sv\/"},{"@type":"ListItem","position":2,"name":"Shop","item":"https:\/\/truusk.store\/shop\/"},{"@type":"ListItem","position":3,"name":"TRUUSK 2-pack Barstolar med Fotst\u00f6d &#8211; Sammet\u00f6verdrag &#8211; St\u00e5lben &#8211; F\u00f6r Matsal &#8211; 45 x 49 x 102 cm &#8211; Ljusgr\u00e5"}]},{"@type":"WebSite","@id":"https:\/\/truusk.store\/sv\/#website","url":"https:\/\/truusk.store\/sv\/","name":"TRUUSK - Hem, Tr\u00e4dg\u00e5rd & Fritid","description":"","publisher":{"@id":"https:\/\/truusk.store\/sv\/#organization"},"potentialAction":[{"@type":"SearchAction","target":{"@type":"EntryPoint","urlTemplate":"https:\/\/truusk.store\/sv\/?s={search_term_string}"},"query-input":{"@type":"PropertyValueSpecification","valueRequired":true,"valueName":"search_term_string"}}],"inLanguage":"sv-SE"},{"@type":"Organization","@id":"https:\/\/truusk.store\/sv\/#organization","name":"TRUUSK - Hem, Tr\u00e4dg\u00e5rd & Fritid","url":"https:\/\/truusk.store\/sv\/","logo":{"@type":"ImageObject","inLanguage":"sv-SE","@id":"https:\/\/truusk.store\/sv\/#\/schema\/logo\/image\/","url":"https:\/\/i0.wp.com\/truusk.store\/wp-content\/uploads\/2026\/03\/cropped-TRUUSK.png?fit=2032%2C917&ssl=1","contentUrl":"https:\/\/i0.wp.com\/truusk.store\/wp-content\/uploads\/2026\/03\/cropped-TRUUSK.png?fit=2032%2C917&ssl=1","width":2032,"height":917,"caption":"TRUUSK - Hem, Tr\u00e4dg\u00e5rd & Fritid"},"image":{"@id":"https:\/\/truusk.store\/sv\/#\/schema\/logo\/image\/"}}]}},"jetpack_sharing_enabled":true,"_links":{"self":[{"href":"https:\/\/truusk.store\/sv\/wp-json\/wp\/v2\/product\/101538","targetHints":{"allow":["GET"]}}],"collection":[{"href":"https:\/\/truusk.store\/sv\/wp-json\/wp\/v2\/product"}],"about":[{"href":"https:\/\/truusk.store\/sv\/wp-json\/wp\/v2\/types\/product"}],"wp:featuredmedia":[{"embeddable":true,"href":"https:\/\/truusk.store\/sv\/wp-json\/wp\/v2\/media\/101529"}],"wp:attachment":[{"href":"https:\/\/truusk.store\/sv\/wp-json\/wp\/v2\/media?parent=101538"}],"wp:term":[{"taxonomy":"product_brand","embeddable":true,"href":"https:\/\/truusk.store\/sv\/wp-json\/wp\/v2\/product_brand?post=101538"},{"taxonomy":"product_cat","embeddable":true,"href":"https:\/\/truusk.store\/sv\/wp-json\/wp\/v2\/product_cat?post=101538"},{"taxonomy":"product_tag","embeddable":true,"href":"https:\/\/truusk.store\/sv\/wp-json\/wp\/v2\/product_tag?post=101538"}],"curies":[{"name":"wp","href":"https:\/\/api.w.org\/{rel}","templated":true}]}}