{"id":101549,"date":"2026-01-28T05:43:20","date_gmt":"2026-01-28T04:43:20","guid":{"rendered":"https:\/\/truusk.store\/product\/hopfallbar-solsang-med-tradgardsliggare-och-huvudkudde-solstol-med-5-faldigt-justerbar-ryggstod-upp-till-120-kg\/"},"modified":"2026-03-12T08:42:17","modified_gmt":"2026-03-12T07:42:17","slug":"truusk-hopfallbar-solsang-med-tradgardsliggare-och-huvudkudde-5-faldigt-justerbart-ryggstod-upp-till-120-kg","status":"publish","type":"product","link":"https:\/\/truusk.store\/sv\/produkt\/truusk-hopfallbar-solsang-med-tradgardsliggare-och-huvudkudde-5-faldigt-justerbart-ryggstod-upp-till-120-kg\/","title":{"rendered":"TRUUSK Hopf\u00e4llbar Sols\u00e4ng med Tr\u00e4dg\u00e5rdsliggare och Huvudkudde &#8211; 5-faldigt Justerbart Ryggst\u00f6d &#8211; Upp till 120 kg"},"content":{"rendered":"<p>Njut av dagen stilfullt med denna [BRAND NAME] hopf\u00e4llbara solstol. Ryggst\u00f6det kan justeras i fem vinklar. Den robusta, pulverlackerade st\u00e5lramen ger stabilitet, medan tyget med dubbla sn\u00f6ren och kuddar erbjuder h\u00f6gsta komfort. En sidobord och en ficka ger funktionalitet. Tack vare b\u00e4rhandtagen \u00e4r den hopf\u00e4llbara solstolen idealisk f\u00f6r solbad eller avkoppling i skuggan.<\/p>\n<p>Beskrivning:<\/p>\n<ul>\n<li> Ryggst\u00f6d justerbart i fem positioner: Hitta din favoritvinkel<\/li>\n<li> Pulverlackerad st\u00e5lram f\u00f6r solstolen ger en stabil och b\u00e4rbar struktur<\/li>\n<li> Sitsen \u00e4r gjord av 600D Oxford-tyg med dubbla elastiska sn\u00f6ren f\u00f6r exceptionell komfort<\/li>\n<li> Vadderat huvudkudde f\u00f6r tr\u00e4dg\u00e5rdsstolen f\u00f6r nack- och huvudst\u00f6d<\/li>\n<li> Hopf\u00e4llbar med b\u00e4rhandtag: L\u00e4tt att transportera och f\u00f6rvara<\/li>\n<li> Praktisk sidoficka och bricka f\u00f6r l\u00e4tt\u00e5tkomliga f\u00f6rem\u00e5l<\/li>\n<li> Maximal belastningskapacitet: 120 kg, ingen montering kr\u00e4vs.<\/li>\n<\/ul>\n<p> Tekniska specifikationer:<\/p>\n<ul>\n<li> F\u00e4rg: Svart<\/li>\n<li> Material: St\u00e5l, Oxford-tyg, plast, skum<\/li>\n<li> Totala dimensioner: 60B x 190T x 31H cm<\/li>\n<li> Platt liggstorlek: 60B x 190T x 31H cm (utan kudde)<\/li>\n<li> Sitsstorlek: 59B x 130T cm<\/li>\n<li> Sitth\u00f6jd: 31 cm (utan kudde)<\/li>\n<li> Ryggst\u00f6d: 57L x 58B cm<\/li>\n<li> Justerbar ryggst\u00f6dsh\u00f6jd: 32,5\/48\/62\/74\/84 cm<\/li>\n<li> Tjocklek p\u00e5 kudde\/huvudkudde: 5 cm<\/li>\n<li> Belastningskapacitet: 120 kg<\/li>\n<\/ul>\n<p>Leveransinneh\u00e5ll:<\/p>\n<ul>\n<li> 1 x Solstol<\/li>\n<li> 1 x Instruktioner<\/li>\n<\/ul>\n","protected":false},"excerpt":{"rendered":"<p>Njut av dagen stilfullt med denna [BRAND NAME] hopf\u00e4llbara solstol. Ryggst\u00f6det kan justeras i fem vinklar. Den robusta, pulverlackerade st\u00e5lramen&#8230;<\/p>\n","protected":false},"featured_media":101539,"template":"","meta":[],"product_brand":[],"product_cat":[451,858,450],"product_tag":[],"class_list":{"0":"post-101549","1":"product","2":"type-product","3":"status-publish","4":"has-post-thumbnail","6":"product_cat-solstolar","7":"product_cat-tradgard-terrass","8":"product_cat-tradgardsmobler","10":"first","11":"instock","12":"sale","13":"taxable","14":"shipping-taxable","15":"purchasable","16":"product-type-simple"},"yoast_head":"<!-- This site is optimized with the Yoast SEO plugin v25.4 - https:\/\/yoast.com\/wordpress\/plugins\/seo\/ -->\n<title>TRUUSK Hopf\u00e4llbar Sols\u00e4ng med Tr\u00e4dg\u00e5rdsliggare och Huvudkudde - 5-faldigt Justerbart Ryggst\u00f6d - Upp till 120 kg - TRUUSK - Hem, Tr\u00e4dg\u00e5rd &amp; Fritid<\/title>\n<meta name=\"robots\" content=\"index, follow, max-snippet:-1, max-image-preview:large, max-video-preview:-1\" \/>\n<link rel=\"canonical\" href=\"https:\/\/truusk.store\/sv\/produkt\/truusk-hopfallbar-solsang-med-tradgardsliggare-och-huvudkudde-5-faldigt-justerbart-ryggstod-upp-till-120-kg\/\" \/>\n<meta property=\"og:locale\" content=\"sv_SE\" \/>\n<meta property=\"og:type\" content=\"article\" \/>\n<meta property=\"og:title\" content=\"TRUUSK Hopf\u00e4llbar Sols\u00e4ng med Tr\u00e4dg\u00e5rdsliggare och Huvudkudde - 5-faldigt Justerbart Ryggst\u00f6d - Upp till 120 kg - TRUUSK - Hem, Tr\u00e4dg\u00e5rd &amp; Fritid\" \/>\n<meta property=\"og:description\" content=\"Njut av dagen stilfullt med denna [BRAND NAME] hopf\u00e4llbara solstol. Ryggst\u00f6det kan justeras i fem vinklar. Den robusta, pulverlackerade st\u00e5lramen...\" \/>\n<meta property=\"og:url\" content=\"https:\/\/truusk.store\/sv\/produkt\/truusk-hopfallbar-solsang-med-tradgardsliggare-och-huvudkudde-5-faldigt-justerbart-ryggstod-upp-till-120-kg\/\" \/>\n<meta property=\"og:site_name\" content=\"TRUUSK - Hem, Tr\u00e4dg\u00e5rd &amp; Fritid\" \/>\n<meta property=\"article:modified_time\" content=\"2026-03-12T07:42:17+00:00\" \/>\n<meta property=\"og:image\" content=\"https:\/\/i0.wp.com\/truusk.se\/wp-content\/uploads\/2026\/01\/hopfallbar-solsang-med-tradgardsliggare-och-huvudkudde-solstol-med-5-faldigt-justerbar-ryggstod-upp-till-120-kg-1.webp?fit=2000%2C2000&ssl=1\" \/>\n\t<meta property=\"og:image:width\" content=\"2000\" \/>\n\t<meta property=\"og:image:height\" content=\"2000\" \/>\n\t<meta property=\"og:image:type\" content=\"image\/webp\" \/>\n<meta name=\"twitter:card\" content=\"summary_large_image\" \/>\n<meta name=\"twitter:label1\" content=\"Ber\u00e4knad l\u00e4stid\" \/>\n\t<meta name=\"twitter:data1\" content=\"1 minut\" \/>\n<!-- \/ Yoast SEO plugin. -->","yoast_head_json":{"title":"TRUUSK Hopf\u00e4llbar Sols\u00e4ng med Tr\u00e4dg\u00e5rdsliggare och Huvudkudde - 5-faldigt Justerbart Ryggst\u00f6d - Upp till 120 kg - TRUUSK - Hem, Tr\u00e4dg\u00e5rd &amp; Fritid","robots":{"index":"index","follow":"follow","max-snippet":"max-snippet:-1","max-image-preview":"max-image-preview:large","max-video-preview":"max-video-preview:-1"},"canonical":"https:\/\/truusk.store\/sv\/produkt\/truusk-hopfallbar-solsang-med-tradgardsliggare-och-huvudkudde-5-faldigt-justerbart-ryggstod-upp-till-120-kg\/","og_locale":"sv_SE","og_type":"article","og_title":"TRUUSK Hopf\u00e4llbar Sols\u00e4ng med Tr\u00e4dg\u00e5rdsliggare och Huvudkudde - 5-faldigt Justerbart Ryggst\u00f6d - Upp till 120 kg - TRUUSK - Hem, Tr\u00e4dg\u00e5rd &amp; Fritid","og_description":"Njut av dagen stilfullt med denna [BRAND NAME] hopf\u00e4llbara solstol. Ryggst\u00f6det kan justeras i fem vinklar. Den robusta, pulverlackerade st\u00e5lramen...","og_url":"https:\/\/truusk.store\/sv\/produkt\/truusk-hopfallbar-solsang-med-tradgardsliggare-och-huvudkudde-5-faldigt-justerbart-ryggstod-upp-till-120-kg\/","og_site_name":"TRUUSK - Hem, Tr\u00e4dg\u00e5rd &amp; Fritid","article_modified_time":"2026-03-12T07:42:17+00:00","og_image":[{"width":2000,"height":2000,"url":"https:\/\/i0.wp.com\/truusk.se\/wp-content\/uploads\/2026\/01\/hopfallbar-solsang-med-tradgardsliggare-och-huvudkudde-solstol-med-5-faldigt-justerbar-ryggstod-upp-till-120-kg-1.webp?fit=2000%2C2000&ssl=1","type":"image\/webp"}],"twitter_card":"summary_large_image","twitter_misc":{"Ber\u00e4knad l\u00e4stid":"1 minut"},"schema":{"@context":"https:\/\/schema.org","@graph":[{"@type":"WebPage","@id":"https:\/\/truusk.store\/sv\/produkt\/truusk-hopfallbar-solsang-med-tradgardsliggare-och-huvudkudde-5-faldigt-justerbart-ryggstod-upp-till-120-kg\/","url":"https:\/\/truusk.store\/sv\/produkt\/truusk-hopfallbar-solsang-med-tradgardsliggare-och-huvudkudde-5-faldigt-justerbart-ryggstod-upp-till-120-kg\/","name":"TRUUSK Hopf\u00e4llbar Sols\u00e4ng med Tr\u00e4dg\u00e5rdsliggare och Huvudkudde - 5-faldigt Justerbart Ryggst\u00f6d - Upp till 120 kg - TRUUSK - Hem, Tr\u00e4dg\u00e5rd &amp; Fritid","isPartOf":{"@id":"https:\/\/truusk.store\/sv\/#website"},"primaryImageOfPage":{"@id":"https:\/\/truusk.store\/sv\/produkt\/truusk-hopfallbar-solsang-med-tradgardsliggare-och-huvudkudde-5-faldigt-justerbart-ryggstod-upp-till-120-kg\/#primaryimage"},"image":{"@id":"https:\/\/truusk.store\/sv\/produkt\/truusk-hopfallbar-solsang-med-tradgardsliggare-och-huvudkudde-5-faldigt-justerbart-ryggstod-upp-till-120-kg\/#primaryimage"},"thumbnailUrl":"https:\/\/i0.wp.com\/truusk.store\/wp-content\/uploads\/2026\/01\/hopfallbar-solsang-med-tradgardsliggare-och-huvudkudde-solstol-med-5-faldigt-justerbar-ryggstod-upp-till-120-kg-1.webp?fit=2000%2C2000&ssl=1","datePublished":"2026-01-28T04:43:20+00:00","dateModified":"2026-03-12T07:42:17+00:00","breadcrumb":{"@id":"https:\/\/truusk.store\/sv\/produkt\/truusk-hopfallbar-solsang-med-tradgardsliggare-och-huvudkudde-5-faldigt-justerbart-ryggstod-upp-till-120-kg\/#breadcrumb"},"inLanguage":"sv-SE","potentialAction":[{"@type":"ReadAction","target":["https:\/\/truusk.store\/sv\/produkt\/truusk-hopfallbar-solsang-med-tradgardsliggare-och-huvudkudde-5-faldigt-justerbart-ryggstod-upp-till-120-kg\/"]}]},{"@type":"ImageObject","inLanguage":"sv-SE","@id":"https:\/\/truusk.store\/sv\/produkt\/truusk-hopfallbar-solsang-med-tradgardsliggare-och-huvudkudde-5-faldigt-justerbart-ryggstod-upp-till-120-kg\/#primaryimage","url":"https:\/\/i0.wp.com\/truusk.store\/wp-content\/uploads\/2026\/01\/hopfallbar-solsang-med-tradgardsliggare-och-huvudkudde-solstol-med-5-faldigt-justerbar-ryggstod-upp-till-120-kg-1.webp?fit=2000%2C2000&ssl=1","contentUrl":"https:\/\/i0.wp.com\/truusk.store\/wp-content\/uploads\/2026\/01\/hopfallbar-solsang-med-tradgardsliggare-och-huvudkudde-solstol-med-5-faldigt-justerbar-ryggstod-upp-till-120-kg-1.webp?fit=2000%2C2000&ssl=1","width":2000,"height":2000},{"@type":"BreadcrumbList","@id":"https:\/\/truusk.store\/sv\/produkt\/truusk-hopfallbar-solsang-med-tradgardsliggare-och-huvudkudde-5-faldigt-justerbart-ryggstod-upp-till-120-kg\/#breadcrumb","itemListElement":[{"@type":"ListItem","position":1,"name":"Home","item":"https:\/\/truusk.store\/sv\/"},{"@type":"ListItem","position":2,"name":"Shop","item":"https:\/\/truusk.store\/shop\/"},{"@type":"ListItem","position":3,"name":"TRUUSK Hopf\u00e4llbar Sols\u00e4ng med Tr\u00e4dg\u00e5rdsliggare och Huvudkudde &#8211; 5-faldigt Justerbart Ryggst\u00f6d &#8211; Upp till 120 kg"}]},{"@type":"WebSite","@id":"https:\/\/truusk.store\/sv\/#website","url":"https:\/\/truusk.store\/sv\/","name":"TRUUSK - Hem, Tr\u00e4dg\u00e5rd & Fritid","description":"","publisher":{"@id":"https:\/\/truusk.store\/sv\/#organization"},"potentialAction":[{"@type":"SearchAction","target":{"@type":"EntryPoint","urlTemplate":"https:\/\/truusk.store\/sv\/?s={search_term_string}"},"query-input":{"@type":"PropertyValueSpecification","valueRequired":true,"valueName":"search_term_string"}}],"inLanguage":"sv-SE"},{"@type":"Organization","@id":"https:\/\/truusk.store\/sv\/#organization","name":"TRUUSK - Hem, Tr\u00e4dg\u00e5rd & Fritid","url":"https:\/\/truusk.store\/sv\/","logo":{"@type":"ImageObject","inLanguage":"sv-SE","@id":"https:\/\/truusk.store\/sv\/#\/schema\/logo\/image\/","url":"https:\/\/i0.wp.com\/truusk.store\/wp-content\/uploads\/2026\/03\/cropped-TRUUSK.png?fit=2032%2C917&ssl=1","contentUrl":"https:\/\/i0.wp.com\/truusk.store\/wp-content\/uploads\/2026\/03\/cropped-TRUUSK.png?fit=2032%2C917&ssl=1","width":2032,"height":917,"caption":"TRUUSK - Hem, Tr\u00e4dg\u00e5rd & Fritid"},"image":{"@id":"https:\/\/truusk.store\/sv\/#\/schema\/logo\/image\/"}}]}},"jetpack_sharing_enabled":true,"_links":{"self":[{"href":"https:\/\/truusk.store\/sv\/wp-json\/wp\/v2\/product\/101549","targetHints":{"allow":["GET"]}}],"collection":[{"href":"https:\/\/truusk.store\/sv\/wp-json\/wp\/v2\/product"}],"about":[{"href":"https:\/\/truusk.store\/sv\/wp-json\/wp\/v2\/types\/product"}],"wp:featuredmedia":[{"embeddable":true,"href":"https:\/\/truusk.store\/sv\/wp-json\/wp\/v2\/media\/101539"}],"wp:attachment":[{"href":"https:\/\/truusk.store\/sv\/wp-json\/wp\/v2\/media?parent=101549"}],"wp:term":[{"taxonomy":"product_brand","embeddable":true,"href":"https:\/\/truusk.store\/sv\/wp-json\/wp\/v2\/product_brand?post=101549"},{"taxonomy":"product_cat","embeddable":true,"href":"https:\/\/truusk.store\/sv\/wp-json\/wp\/v2\/product_cat?post=101549"},{"taxonomy":"product_tag","embeddable":true,"href":"https:\/\/truusk.store\/sv\/wp-json\/wp\/v2\/product_tag?post=101549"}],"curies":[{"name":"wp","href":"https:\/\/api.w.org\/{rel}","templated":true}]}}