{"id":101573,"date":"2026-01-28T05:45:24","date_gmt":"2026-01-28T04:45:24","guid":{"rendered":"https:\/\/truusk.store\/product\/hogbadd-med-klatterstallning-i-rotting-look-blomlada-med-klatterstod-90-x-35-x-148cm-gra\/"},"modified":"2026-03-12T08:42:26","modified_gmt":"2026-03-12T07:42:26","slug":"truusk-hogbadd-med-klatterstallning-rotting-look-blomlada-klatterstod-90-x-35-x-148cm-gra","status":"publish","type":"product","link":"https:\/\/truusk.store\/sv\/produkt\/truusk-hogbadd-med-klatterstallning-rotting-look-blomlada-klatterstod-90-x-35-x-148cm-gra\/","title":{"rendered":"TRUUSK H\u00f6gb\u00e4dd Med Kl\u00e4tterst\u00e4llning &#8211; Rotting-look &#8211; Bloml\u00e5da &#8211; Kl\u00e4tterst\u00f6d &#8211; 90 x 35 x 148cm &#8211; Gr\u00e5"},"content":{"rendered":"<p>Upplev charmen med [BRAND NAME] Rattan v\u00e4xtl\u00e5da med spalj\u00e9 &#8211; en perfekt kombination av funktionalitet och stil. Den upph\u00f6jda rattan h\u00f6gkanten med integrerad spalj\u00e9 ger st\u00f6d f\u00f6r kl\u00e4tterv\u00e4xter, medan den rymliga nedre l\u00e5dan skapar utrymme f\u00f6r olika gr\u00f6na v\u00e4xter. Tillverkad av robust, v\u00e4derbest\u00e4ndigt PE-rattan och st\u00e5l, ger denna rattan bloml\u00e5da en underh\u00e5llsfri elegans i din tr\u00e4dg\u00e5rd.<\/p>\n<p>Beskrivning:<\/p>\n<ul>\n<li> Inbyggd kl\u00e4tterst\u00f6d i rattan bloml\u00e5dan st\u00f6djer effektivt kl\u00e4tterv\u00e4xter<\/li>\n<li> Nedre l\u00e5dan erbjuder plats f\u00f6r flera v\u00e4xter och blommor<\/li>\n<li> V\u00e4derbest\u00e4ndigt PE-rattan och st\u00e5l ger l\u00e5ng livsl\u00e4ngd<\/li>\n<li> Handv\u00e4vd rattan i rattan bloml\u00e5dan ger din tr\u00e4dg\u00e5rd elegans<\/li>\n<li> Inneh\u00e5ller en andningsbar insats som skyddar tr\u00e4et och s\u00e4kerst\u00e4ller dr\u00e4nering<\/li>\n<li> Dr\u00e4neringsh\u00e5l beh\u00e5ller jordfuktigheten och f\u00f6rhindrar rotr\u00f6ta<\/li>\n<li> Montering kr\u00e4vs<\/li>\n<\/ul>\n<p> Tekniska data:<\/p>\n<ul>\n<li> F\u00e4rg: Gr\u00e5<\/li>\n<li> Material: St\u00e5l, PE-rattan<\/li>\n<li> Totala dimensioner: 90L x 35B x 148H cm<\/li>\n<li> Planteringsomr\u00e5desstorlek: 83L x 28B x 28H cm<\/li>\n<li> Avloppsh\u00e5l: \u00d81 cm<\/li>\n<li> Belastningskapacitet: 50 kg<\/li>\n<\/ul>\n<p>Ing\u00e5r i leveransen:<\/p>\n<ul>\n<li> 1 x Rattan v\u00e4xtkruka<\/li>\n<li> 1 x Instruktioner<\/li>\n<\/ul>\n","protected":false},"excerpt":{"rendered":"<p>Upplev charmen med [BRAND NAME] Rattan v\u00e4xtl\u00e5da med spalj\u00e9 &#8211; en perfekt kombination av funktionalitet och stil. Den upph\u00f6jda rattan&#8230;<\/p>\n","protected":false},"featured_media":101558,"template":"","meta":[],"product_brand":[],"product_cat":[924,858,443],"product_tag":[],"class_list":{"0":"post-101573","1":"product","2":"type-product","3":"status-publish","4":"has-post-thumbnail","6":"product_cat-plantkarl","7":"product_cat-tradgard-terrass","8":"product_cat-vaxthus-tradgardsskotsel","10":"first","11":"instock","12":"sale","13":"taxable","14":"shipping-taxable","15":"purchasable","16":"product-type-simple"},"yoast_head":"<!-- This site is optimized with the Yoast SEO plugin v25.4 - https:\/\/yoast.com\/wordpress\/plugins\/seo\/ -->\n<title>TRUUSK H\u00f6gb\u00e4dd Med Kl\u00e4tterst\u00e4llning - Rotting-look - Bloml\u00e5da - Kl\u00e4tterst\u00f6d - 90 x 35 x 148cm - Gr\u00e5 - TRUUSK - Hem, Tr\u00e4dg\u00e5rd &amp; Fritid<\/title>\n<meta name=\"robots\" content=\"index, follow, max-snippet:-1, max-image-preview:large, max-video-preview:-1\" \/>\n<link rel=\"canonical\" href=\"https:\/\/truusk.store\/sv\/produkt\/truusk-hogbadd-med-klatterstallning-rotting-look-blomlada-klatterstod-90-x-35-x-148cm-gra\/\" \/>\n<meta property=\"og:locale\" content=\"sv_SE\" \/>\n<meta property=\"og:type\" content=\"article\" \/>\n<meta property=\"og:title\" content=\"TRUUSK H\u00f6gb\u00e4dd Med Kl\u00e4tterst\u00e4llning - Rotting-look - Bloml\u00e5da - Kl\u00e4tterst\u00f6d - 90 x 35 x 148cm - Gr\u00e5 - TRUUSK - Hem, Tr\u00e4dg\u00e5rd &amp; Fritid\" \/>\n<meta property=\"og:description\" content=\"Upplev charmen med [BRAND NAME] Rattan v\u00e4xtl\u00e5da med spalj\u00e9 &#8211; en perfekt kombination av funktionalitet och stil. Den upph\u00f6jda rattan...\" \/>\n<meta property=\"og:url\" content=\"https:\/\/truusk.store\/sv\/produkt\/truusk-hogbadd-med-klatterstallning-rotting-look-blomlada-klatterstod-90-x-35-x-148cm-gra\/\" \/>\n<meta property=\"og:site_name\" content=\"TRUUSK - Hem, Tr\u00e4dg\u00e5rd &amp; Fritid\" \/>\n<meta property=\"article:modified_time\" content=\"2026-03-12T07:42:26+00:00\" \/>\n<meta property=\"og:image\" content=\"https:\/\/i0.wp.com\/truusk.se\/wp-content\/uploads\/2026\/01\/hogbadd-med-klatterstallning-i-rotting-look-blomlada-med-klatterstod-90-x-35-x-148cm-gra-1.webp?fit=2000%2C2000&ssl=1\" \/>\n\t<meta property=\"og:image:width\" content=\"2000\" \/>\n\t<meta property=\"og:image:height\" content=\"2000\" \/>\n\t<meta property=\"og:image:type\" content=\"image\/webp\" \/>\n<meta name=\"twitter:card\" content=\"summary_large_image\" \/>\n<meta name=\"twitter:label1\" content=\"Ber\u00e4knad l\u00e4stid\" \/>\n\t<meta name=\"twitter:data1\" content=\"1 minut\" \/>\n<!-- \/ Yoast SEO plugin. -->","yoast_head_json":{"title":"TRUUSK H\u00f6gb\u00e4dd Med Kl\u00e4tterst\u00e4llning - Rotting-look - Bloml\u00e5da - Kl\u00e4tterst\u00f6d - 90 x 35 x 148cm - Gr\u00e5 - TRUUSK - Hem, Tr\u00e4dg\u00e5rd &amp; Fritid","robots":{"index":"index","follow":"follow","max-snippet":"max-snippet:-1","max-image-preview":"max-image-preview:large","max-video-preview":"max-video-preview:-1"},"canonical":"https:\/\/truusk.store\/sv\/produkt\/truusk-hogbadd-med-klatterstallning-rotting-look-blomlada-klatterstod-90-x-35-x-148cm-gra\/","og_locale":"sv_SE","og_type":"article","og_title":"TRUUSK H\u00f6gb\u00e4dd Med Kl\u00e4tterst\u00e4llning - Rotting-look - Bloml\u00e5da - Kl\u00e4tterst\u00f6d - 90 x 35 x 148cm - Gr\u00e5 - TRUUSK - Hem, Tr\u00e4dg\u00e5rd &amp; Fritid","og_description":"Upplev charmen med [BRAND NAME] Rattan v\u00e4xtl\u00e5da med spalj\u00e9 &#8211; en perfekt kombination av funktionalitet och stil. Den upph\u00f6jda rattan...","og_url":"https:\/\/truusk.store\/sv\/produkt\/truusk-hogbadd-med-klatterstallning-rotting-look-blomlada-klatterstod-90-x-35-x-148cm-gra\/","og_site_name":"TRUUSK - Hem, Tr\u00e4dg\u00e5rd &amp; Fritid","article_modified_time":"2026-03-12T07:42:26+00:00","og_image":[{"width":2000,"height":2000,"url":"https:\/\/i0.wp.com\/truusk.se\/wp-content\/uploads\/2026\/01\/hogbadd-med-klatterstallning-i-rotting-look-blomlada-med-klatterstod-90-x-35-x-148cm-gra-1.webp?fit=2000%2C2000&ssl=1","type":"image\/webp"}],"twitter_card":"summary_large_image","twitter_misc":{"Ber\u00e4knad l\u00e4stid":"1 minut"},"schema":{"@context":"https:\/\/schema.org","@graph":[{"@type":"WebPage","@id":"https:\/\/truusk.store\/sv\/produkt\/truusk-hogbadd-med-klatterstallning-rotting-look-blomlada-klatterstod-90-x-35-x-148cm-gra\/","url":"https:\/\/truusk.store\/sv\/produkt\/truusk-hogbadd-med-klatterstallning-rotting-look-blomlada-klatterstod-90-x-35-x-148cm-gra\/","name":"TRUUSK H\u00f6gb\u00e4dd Med Kl\u00e4tterst\u00e4llning - Rotting-look - Bloml\u00e5da - Kl\u00e4tterst\u00f6d - 90 x 35 x 148cm - Gr\u00e5 - TRUUSK - Hem, Tr\u00e4dg\u00e5rd &amp; Fritid","isPartOf":{"@id":"https:\/\/truusk.store\/sv\/#website"},"primaryImageOfPage":{"@id":"https:\/\/truusk.store\/sv\/produkt\/truusk-hogbadd-med-klatterstallning-rotting-look-blomlada-klatterstod-90-x-35-x-148cm-gra\/#primaryimage"},"image":{"@id":"https:\/\/truusk.store\/sv\/produkt\/truusk-hogbadd-med-klatterstallning-rotting-look-blomlada-klatterstod-90-x-35-x-148cm-gra\/#primaryimage"},"thumbnailUrl":"https:\/\/i0.wp.com\/truusk.store\/wp-content\/uploads\/2026\/01\/hogbadd-med-klatterstallning-i-rotting-look-blomlada-med-klatterstod-90-x-35-x-148cm-gra-1.webp?fit=2000%2C2000&ssl=1","datePublished":"2026-01-28T04:45:24+00:00","dateModified":"2026-03-12T07:42:26+00:00","breadcrumb":{"@id":"https:\/\/truusk.store\/sv\/produkt\/truusk-hogbadd-med-klatterstallning-rotting-look-blomlada-klatterstod-90-x-35-x-148cm-gra\/#breadcrumb"},"inLanguage":"sv-SE","potentialAction":[{"@type":"ReadAction","target":["https:\/\/truusk.store\/sv\/produkt\/truusk-hogbadd-med-klatterstallning-rotting-look-blomlada-klatterstod-90-x-35-x-148cm-gra\/"]}]},{"@type":"ImageObject","inLanguage":"sv-SE","@id":"https:\/\/truusk.store\/sv\/produkt\/truusk-hogbadd-med-klatterstallning-rotting-look-blomlada-klatterstod-90-x-35-x-148cm-gra\/#primaryimage","url":"https:\/\/i0.wp.com\/truusk.store\/wp-content\/uploads\/2026\/01\/hogbadd-med-klatterstallning-i-rotting-look-blomlada-med-klatterstod-90-x-35-x-148cm-gra-1.webp?fit=2000%2C2000&ssl=1","contentUrl":"https:\/\/i0.wp.com\/truusk.store\/wp-content\/uploads\/2026\/01\/hogbadd-med-klatterstallning-i-rotting-look-blomlada-med-klatterstod-90-x-35-x-148cm-gra-1.webp?fit=2000%2C2000&ssl=1","width":2000,"height":2000},{"@type":"BreadcrumbList","@id":"https:\/\/truusk.store\/sv\/produkt\/truusk-hogbadd-med-klatterstallning-rotting-look-blomlada-klatterstod-90-x-35-x-148cm-gra\/#breadcrumb","itemListElement":[{"@type":"ListItem","position":1,"name":"Home","item":"https:\/\/truusk.store\/sv\/"},{"@type":"ListItem","position":2,"name":"Shop","item":"https:\/\/truusk.store\/shop\/"},{"@type":"ListItem","position":3,"name":"TRUUSK H\u00f6gb\u00e4dd Med Kl\u00e4tterst\u00e4llning &#8211; Rotting-look &#8211; Bloml\u00e5da &#8211; Kl\u00e4tterst\u00f6d &#8211; 90 x 35 x 148cm &#8211; Gr\u00e5"}]},{"@type":"WebSite","@id":"https:\/\/truusk.store\/sv\/#website","url":"https:\/\/truusk.store\/sv\/","name":"TRUUSK - Hem, Tr\u00e4dg\u00e5rd & Fritid","description":"","publisher":{"@id":"https:\/\/truusk.store\/sv\/#organization"},"potentialAction":[{"@type":"SearchAction","target":{"@type":"EntryPoint","urlTemplate":"https:\/\/truusk.store\/sv\/?s={search_term_string}"},"query-input":{"@type":"PropertyValueSpecification","valueRequired":true,"valueName":"search_term_string"}}],"inLanguage":"sv-SE"},{"@type":"Organization","@id":"https:\/\/truusk.store\/sv\/#organization","name":"TRUUSK - Hem, Tr\u00e4dg\u00e5rd & Fritid","url":"https:\/\/truusk.store\/sv\/","logo":{"@type":"ImageObject","inLanguage":"sv-SE","@id":"https:\/\/truusk.store\/sv\/#\/schema\/logo\/image\/","url":"https:\/\/i0.wp.com\/truusk.store\/wp-content\/uploads\/2026\/03\/cropped-TRUUSK.png?fit=2032%2C917&ssl=1","contentUrl":"https:\/\/i0.wp.com\/truusk.store\/wp-content\/uploads\/2026\/03\/cropped-TRUUSK.png?fit=2032%2C917&ssl=1","width":2032,"height":917,"caption":"TRUUSK - Hem, Tr\u00e4dg\u00e5rd & Fritid"},"image":{"@id":"https:\/\/truusk.store\/sv\/#\/schema\/logo\/image\/"}}]}},"jetpack_sharing_enabled":true,"_links":{"self":[{"href":"https:\/\/truusk.store\/sv\/wp-json\/wp\/v2\/product\/101573","targetHints":{"allow":["GET"]}}],"collection":[{"href":"https:\/\/truusk.store\/sv\/wp-json\/wp\/v2\/product"}],"about":[{"href":"https:\/\/truusk.store\/sv\/wp-json\/wp\/v2\/types\/product"}],"wp:featuredmedia":[{"embeddable":true,"href":"https:\/\/truusk.store\/sv\/wp-json\/wp\/v2\/media\/101558"}],"wp:attachment":[{"href":"https:\/\/truusk.store\/sv\/wp-json\/wp\/v2\/media?parent=101573"}],"wp:term":[{"taxonomy":"product_brand","embeddable":true,"href":"https:\/\/truusk.store\/sv\/wp-json\/wp\/v2\/product_brand?post=101573"},{"taxonomy":"product_cat","embeddable":true,"href":"https:\/\/truusk.store\/sv\/wp-json\/wp\/v2\/product_cat?post=101573"},{"taxonomy":"product_tag","embeddable":true,"href":"https:\/\/truusk.store\/sv\/wp-json\/wp\/v2\/product_tag?post=101573"}],"curies":[{"name":"wp","href":"https:\/\/api.w.org\/{rel}","templated":true}]}}