{"id":101598,"date":"2026-01-28T05:48:01","date_gmt":"2026-01-28T04:48:01","guid":{"rendered":"https:\/\/truusk.store\/product\/tom-verktygslada-497-x-253-x-407-cm-verktygslada-med-4-lador-mini-lada-i-stal-gul\/"},"modified":"2026-03-12T08:43:11","modified_gmt":"2026-03-12T07:43:11","slug":"truusk-verktygslada-497-x-253-x-407-cm-med-4-lador-mini-lada-i-stal-gul","status":"publish","type":"product","link":"https:\/\/truusk.store\/sv\/produkt\/truusk-verktygslada-497-x-253-x-407-cm-med-4-lador-mini-lada-i-stal-gul\/","title":{"rendered":"TRUUSK Verktygsl\u00e5da 49,7 x 25,3 x 40,7 cm &#8211; Med 4 L\u00e5dor &#8211; Mini-l\u00e5da i St\u00e5l &#8211; Gul"},"content":{"rendered":"<p>Upplev praktiken med [BRAND NAME] verktygsl\u00e5da med gener\u00f6sa l\u00e5dor! Denna sofistikerade verktygsl\u00e5da erbjuder st\u00e5ll\u00e5dor, ett stort \u00f6vre fack med uttagbar plastverktygsinl\u00e4gg samt tv\u00e5 avtagbara mini-delboxar. Verktygsl\u00e5dan \u00e4r optimerad f\u00f6r effektivt arbete, med smidiga kullagerl\u00e5dor och en robust, rept\u00e5lig yta. Skapa ordning och stil i din verkstad!<\/p>\n<p>Beskrivning:<\/p>\n<ul>\n<li> Denna stora verktygsl\u00e5da har fyra l\u00e5dor, ett stort \u00f6vre fack med uttagbar hylla och tv\u00e5 avtagbara mini-boxar f\u00f6r att f\u00f6rvara dina verktyg snyggt<\/li>\n<li> St\u00e5ll\u00e5dor f\u00f6r en robust konstruktion. Pulverlackerad yta \u00e4r rept\u00e5lig och rostbest\u00e4ndig<\/li>\n<li> Kullagerstyrningar p\u00e5 verktygsl\u00e5dan m\u00f6jligg\u00f6r en mjuk \u00f6ppning av l\u00e5dorna<\/li>\n<li> L\u00e4tt design (j\u00e4mf\u00f6rt med en helt metallkonstruktion), med b\u00e4rhandtag f\u00f6r enkel transport<\/li>\n<li> Verktygsl\u00e5dan \u00e4r l\u00e4mplig f\u00f6r anv\u00e4ndning i garage, verkstad och hobbyrum<\/li>\n<li> Ingen montering kr\u00e4vs<\/li>\n<\/ul>\n<p> Tekniska data:<\/p>\n<ul>\n<li> F\u00e4rg: Gul+Svart<\/li>\n<li> Material: St\u00e5l, Plast<\/li>\n<li> Totala dimensioner: 49,7L x 25,3B x 40,7H cm<\/li>\n<li> L\u00e5dstorlek: 39B x 21,5T x 5H cm<\/li>\n<li> Storlek p\u00e5 \u00f6vre f\u00f6rvaringsutrymme: 46B x 22T x 9H cm<\/li>\n<li> Storlek p\u00e5 mini-delbox: 14L x 11,5B x 3H cm<\/li>\n<li> B\u00e4rkapacitet: 30 kg (totalt), 10 kg (per l\u00e5da)<\/li>\n<\/ul>\n<p>Leveransinneh\u00e5ll:<\/p>\n<ul>\n<li> 1 x Verktygsl\u00e5da;<\/li>\n<\/ul>\n","protected":false},"excerpt":{"rendered":"<p>Upplev praktiken med [BRAND NAME] verktygsl\u00e5da med gener\u00f6sa l\u00e5dor! Denna sofistikerade verktygsl\u00e5da erbjuder st\u00e5ll\u00e5dor, ett stort \u00f6vre fack med uttagbar&#8230;<\/p>\n","protected":false},"featured_media":101585,"template":"","meta":[],"product_brand":[],"product_cat":[867,898,899],"product_tag":[],"class_list":{"0":"post-101598","1":"product","2":"type-product","3":"status-publish","4":"has-post-thumbnail","6":"product_cat-byggmarknad","7":"product_cat-gor-det-sjalv","8":"product_cat-organiseringssystemer","10":"first","11":"instock","12":"sale","13":"taxable","14":"shipping-taxable","15":"purchasable","16":"product-type-simple"},"yoast_head":"<!-- This site is optimized with the Yoast SEO plugin v25.4 - https:\/\/yoast.com\/wordpress\/plugins\/seo\/ -->\n<title>TRUUSK Verktygsl\u00e5da 49,7 x 25,3 x 40,7 cm - Med 4 L\u00e5dor - Mini-l\u00e5da i St\u00e5l - Gul - TRUUSK - Hem, Tr\u00e4dg\u00e5rd &amp; Fritid<\/title>\n<meta name=\"robots\" content=\"index, follow, max-snippet:-1, max-image-preview:large, max-video-preview:-1\" \/>\n<link rel=\"canonical\" href=\"https:\/\/truusk.store\/sv\/produkt\/truusk-verktygslada-497-x-253-x-407-cm-med-4-lador-mini-lada-i-stal-gul\/\" \/>\n<meta property=\"og:locale\" content=\"sv_SE\" \/>\n<meta property=\"og:type\" content=\"article\" \/>\n<meta property=\"og:title\" content=\"TRUUSK Verktygsl\u00e5da 49,7 x 25,3 x 40,7 cm - Med 4 L\u00e5dor - Mini-l\u00e5da i St\u00e5l - Gul - TRUUSK - Hem, Tr\u00e4dg\u00e5rd &amp; Fritid\" \/>\n<meta property=\"og:description\" content=\"Upplev praktiken med [BRAND NAME] verktygsl\u00e5da med gener\u00f6sa l\u00e5dor! Denna sofistikerade verktygsl\u00e5da erbjuder st\u00e5ll\u00e5dor, ett stort \u00f6vre fack med uttagbar...\" \/>\n<meta property=\"og:url\" content=\"https:\/\/truusk.store\/sv\/produkt\/truusk-verktygslada-497-x-253-x-407-cm-med-4-lador-mini-lada-i-stal-gul\/\" \/>\n<meta property=\"og:site_name\" content=\"TRUUSK - Hem, Tr\u00e4dg\u00e5rd &amp; Fritid\" \/>\n<meta property=\"article:modified_time\" content=\"2026-03-12T07:43:11+00:00\" \/>\n<meta property=\"og:image\" content=\"https:\/\/i0.wp.com\/truusk.se\/wp-content\/uploads\/2026\/01\/tom-verktygslada-497-x-253-x-407-cm-verktygslada-med-4-lador-mini-lada-i-stal-gul-1.webp?fit=2000%2C2000&ssl=1\" \/>\n\t<meta property=\"og:image:width\" content=\"2000\" \/>\n\t<meta property=\"og:image:height\" content=\"2000\" \/>\n\t<meta property=\"og:image:type\" content=\"image\/webp\" \/>\n<meta name=\"twitter:card\" content=\"summary_large_image\" \/>\n<meta name=\"twitter:label1\" content=\"Ber\u00e4knad l\u00e4stid\" \/>\n\t<meta name=\"twitter:data1\" content=\"1 minut\" \/>\n<!-- \/ Yoast SEO plugin. -->","yoast_head_json":{"title":"TRUUSK Verktygsl\u00e5da 49,7 x 25,3 x 40,7 cm - Med 4 L\u00e5dor - Mini-l\u00e5da i St\u00e5l - Gul - TRUUSK - Hem, Tr\u00e4dg\u00e5rd &amp; Fritid","robots":{"index":"index","follow":"follow","max-snippet":"max-snippet:-1","max-image-preview":"max-image-preview:large","max-video-preview":"max-video-preview:-1"},"canonical":"https:\/\/truusk.store\/sv\/produkt\/truusk-verktygslada-497-x-253-x-407-cm-med-4-lador-mini-lada-i-stal-gul\/","og_locale":"sv_SE","og_type":"article","og_title":"TRUUSK Verktygsl\u00e5da 49,7 x 25,3 x 40,7 cm - Med 4 L\u00e5dor - Mini-l\u00e5da i St\u00e5l - Gul - TRUUSK - Hem, Tr\u00e4dg\u00e5rd &amp; Fritid","og_description":"Upplev praktiken med [BRAND NAME] verktygsl\u00e5da med gener\u00f6sa l\u00e5dor! Denna sofistikerade verktygsl\u00e5da erbjuder st\u00e5ll\u00e5dor, ett stort \u00f6vre fack med uttagbar...","og_url":"https:\/\/truusk.store\/sv\/produkt\/truusk-verktygslada-497-x-253-x-407-cm-med-4-lador-mini-lada-i-stal-gul\/","og_site_name":"TRUUSK - Hem, Tr\u00e4dg\u00e5rd &amp; Fritid","article_modified_time":"2026-03-12T07:43:11+00:00","og_image":[{"width":2000,"height":2000,"url":"https:\/\/i0.wp.com\/truusk.se\/wp-content\/uploads\/2026\/01\/tom-verktygslada-497-x-253-x-407-cm-verktygslada-med-4-lador-mini-lada-i-stal-gul-1.webp?fit=2000%2C2000&ssl=1","type":"image\/webp"}],"twitter_card":"summary_large_image","twitter_misc":{"Ber\u00e4knad l\u00e4stid":"1 minut"},"schema":{"@context":"https:\/\/schema.org","@graph":[{"@type":"WebPage","@id":"https:\/\/truusk.store\/sv\/produkt\/truusk-verktygslada-497-x-253-x-407-cm-med-4-lador-mini-lada-i-stal-gul\/","url":"https:\/\/truusk.store\/sv\/produkt\/truusk-verktygslada-497-x-253-x-407-cm-med-4-lador-mini-lada-i-stal-gul\/","name":"TRUUSK Verktygsl\u00e5da 49,7 x 25,3 x 40,7 cm - Med 4 L\u00e5dor - Mini-l\u00e5da i St\u00e5l - Gul - TRUUSK - Hem, Tr\u00e4dg\u00e5rd &amp; Fritid","isPartOf":{"@id":"https:\/\/truusk.store\/sv\/#website"},"primaryImageOfPage":{"@id":"https:\/\/truusk.store\/sv\/produkt\/truusk-verktygslada-497-x-253-x-407-cm-med-4-lador-mini-lada-i-stal-gul\/#primaryimage"},"image":{"@id":"https:\/\/truusk.store\/sv\/produkt\/truusk-verktygslada-497-x-253-x-407-cm-med-4-lador-mini-lada-i-stal-gul\/#primaryimage"},"thumbnailUrl":"https:\/\/i0.wp.com\/truusk.store\/wp-content\/uploads\/2026\/01\/tom-verktygslada-497-x-253-x-407-cm-verktygslada-med-4-lador-mini-lada-i-stal-gul-1.webp?fit=2000%2C2000&ssl=1","datePublished":"2026-01-28T04:48:01+00:00","dateModified":"2026-03-12T07:43:11+00:00","breadcrumb":{"@id":"https:\/\/truusk.store\/sv\/produkt\/truusk-verktygslada-497-x-253-x-407-cm-med-4-lador-mini-lada-i-stal-gul\/#breadcrumb"},"inLanguage":"sv-SE","potentialAction":[{"@type":"ReadAction","target":["https:\/\/truusk.store\/sv\/produkt\/truusk-verktygslada-497-x-253-x-407-cm-med-4-lador-mini-lada-i-stal-gul\/"]}]},{"@type":"ImageObject","inLanguage":"sv-SE","@id":"https:\/\/truusk.store\/sv\/produkt\/truusk-verktygslada-497-x-253-x-407-cm-med-4-lador-mini-lada-i-stal-gul\/#primaryimage","url":"https:\/\/i0.wp.com\/truusk.store\/wp-content\/uploads\/2026\/01\/tom-verktygslada-497-x-253-x-407-cm-verktygslada-med-4-lador-mini-lada-i-stal-gul-1.webp?fit=2000%2C2000&ssl=1","contentUrl":"https:\/\/i0.wp.com\/truusk.store\/wp-content\/uploads\/2026\/01\/tom-verktygslada-497-x-253-x-407-cm-verktygslada-med-4-lador-mini-lada-i-stal-gul-1.webp?fit=2000%2C2000&ssl=1","width":2000,"height":2000},{"@type":"BreadcrumbList","@id":"https:\/\/truusk.store\/sv\/produkt\/truusk-verktygslada-497-x-253-x-407-cm-med-4-lador-mini-lada-i-stal-gul\/#breadcrumb","itemListElement":[{"@type":"ListItem","position":1,"name":"Home","item":"https:\/\/truusk.store\/sv\/"},{"@type":"ListItem","position":2,"name":"Shop","item":"https:\/\/truusk.store\/shop\/"},{"@type":"ListItem","position":3,"name":"TRUUSK Verktygsl\u00e5da 49,7 x 25,3 x 40,7 cm &#8211; Med 4 L\u00e5dor &#8211; Mini-l\u00e5da i St\u00e5l &#8211; Gul"}]},{"@type":"WebSite","@id":"https:\/\/truusk.store\/sv\/#website","url":"https:\/\/truusk.store\/sv\/","name":"TRUUSK - Hem, Tr\u00e4dg\u00e5rd & Fritid","description":"","publisher":{"@id":"https:\/\/truusk.store\/sv\/#organization"},"potentialAction":[{"@type":"SearchAction","target":{"@type":"EntryPoint","urlTemplate":"https:\/\/truusk.store\/sv\/?s={search_term_string}"},"query-input":{"@type":"PropertyValueSpecification","valueRequired":true,"valueName":"search_term_string"}}],"inLanguage":"sv-SE"},{"@type":"Organization","@id":"https:\/\/truusk.store\/sv\/#organization","name":"TRUUSK - Hem, Tr\u00e4dg\u00e5rd & Fritid","url":"https:\/\/truusk.store\/sv\/","logo":{"@type":"ImageObject","inLanguage":"sv-SE","@id":"https:\/\/truusk.store\/sv\/#\/schema\/logo\/image\/","url":"https:\/\/i0.wp.com\/truusk.store\/wp-content\/uploads\/2026\/03\/cropped-TRUUSK.png?fit=2032%2C917&ssl=1","contentUrl":"https:\/\/i0.wp.com\/truusk.store\/wp-content\/uploads\/2026\/03\/cropped-TRUUSK.png?fit=2032%2C917&ssl=1","width":2032,"height":917,"caption":"TRUUSK - Hem, Tr\u00e4dg\u00e5rd & Fritid"},"image":{"@id":"https:\/\/truusk.store\/sv\/#\/schema\/logo\/image\/"}}]}},"jetpack_sharing_enabled":true,"_links":{"self":[{"href":"https:\/\/truusk.store\/sv\/wp-json\/wp\/v2\/product\/101598","targetHints":{"allow":["GET"]}}],"collection":[{"href":"https:\/\/truusk.store\/sv\/wp-json\/wp\/v2\/product"}],"about":[{"href":"https:\/\/truusk.store\/sv\/wp-json\/wp\/v2\/types\/product"}],"wp:featuredmedia":[{"embeddable":true,"href":"https:\/\/truusk.store\/sv\/wp-json\/wp\/v2\/media\/101585"}],"wp:attachment":[{"href":"https:\/\/truusk.store\/sv\/wp-json\/wp\/v2\/media?parent=101598"}],"wp:term":[{"taxonomy":"product_brand","embeddable":true,"href":"https:\/\/truusk.store\/sv\/wp-json\/wp\/v2\/product_brand?post=101598"},{"taxonomy":"product_cat","embeddable":true,"href":"https:\/\/truusk.store\/sv\/wp-json\/wp\/v2\/product_cat?post=101598"},{"taxonomy":"product_tag","embeddable":true,"href":"https:\/\/truusk.store\/sv\/wp-json\/wp\/v2\/product_tag?post=101598"}],"curies":[{"name":"wp","href":"https:\/\/api.w.org\/{rel}","templated":true}]}}