{"id":101611,"date":"2026-01-28T05:49:21","date_gmt":"2026-01-28T04:49:21","guid":{"rendered":"https:\/\/truusk.store\/product\/2-pack-hopfallbara-stolar-barbara-kontorsstolar-metallben-fallstol-for-kontor-reception-vantrum-linneutseende-svart\/"},"modified":"2026-03-12T08:44:12","modified_gmt":"2026-03-12T07:44:12","slug":"truusk-hopfallbara-kontorsstolar-2-pack-metallben-barbar-svart-linneutseende-for-kontor-och-vantrum","status":"publish","type":"product","link":"https:\/\/truusk.store\/sv\/produkt\/truusk-hopfallbara-kontorsstolar-2-pack-metallben-barbar-svart-linneutseende-for-kontor-och-vantrum\/","title":{"rendered":"TRUUSK Hopf\u00e4llbara Kontorsstolar 2-pack &#8211; Metallben &#8211; B\u00e4rbar &#8211; Svart Linneutseende &#8211; F\u00f6r Kontor och V\u00e4ntrum"},"content":{"rendered":"<p>Forma om dina utrymmen med de eleganta, praktiska hopf\u00e4llbara stolarna fr\u00e5n [BRAND NAME]. Bekv\u00e4mt vadderade, dessa m\u00e5ngsidiga hopf\u00e4llbara stolar \u00e4r idealiska f\u00f6r extra sittplatser vid alla typer av evenemang. Tillverkade av robust st\u00e5l, lovar de h\u00e5llbarhet och \u00e4r l\u00e4tta att lagra. Perfekta f\u00f6r spontana eller planerade tillf\u00e4llen, kombinerar de hopf\u00e4llbara stolarna funktionalitet med modern design.<\/p>\n<p>Beskrivning:<\/p>\n<ul>\n<li> Tv\u00e5-set: Idealisk f\u00f6r evenemang eller som extra sittplatser hemma<\/li>\n<li> Vadderad sits och ryggst\u00f6d p\u00e5 de hopf\u00e4llbara stolarna, kl\u00e4dda med linne-look tyg, ger komfort och avkoppling<\/li>\n<li> \u00d6ppet ryggst\u00f6d och bred sits p\u00e5 de hopf\u00e4llbara stolarna m\u00f6jligg\u00f6r bekv\u00e4mt sittande<\/li>\n<li> Hopf\u00e4llbar och l\u00e4tt, f\u00f6r enkel omplacering och lagring<\/li>\n<li> Ramen av pulverlackerat st\u00e5l p\u00e5 de hopf\u00e4llbara stolarna garanterar h\u00e5llbarhet<\/li>\n<li> Ingen montering kr\u00e4vs<\/li>\n<\/ul>\n<p> Tekniska data:<\/p>\n<ul>\n<li> F\u00e4rg: Svart<\/li>\n<li> Material: St\u00e5l, linne-look tyg, skum<\/li>\n<li> Stolm\u00e5tt: 45B x 46D x 78H cm<\/li>\n<li> Sitsstorlek: 37B x 37D x 45H cm<\/li>\n<li> Ryggst\u00f6dsstorlek: 42B x 36H cm<\/li>\n<li> Hopf\u00e4lld storlek: 45B x 97D x 9H cm<\/li>\n<li> B\u00e4rkapacitet: 120 kg<\/li>\n<\/ul>\n<p>Leveransinneh\u00e5ll:<\/p>\n<ul>\n<li> 2 x Hopf\u00e4llbar stol<\/li>\n<li> 1 x Handbok<\/li>\n<\/ul>\n","protected":false},"excerpt":{"rendered":"<p>Forma om dina utrymmen med de eleganta, praktiska hopf\u00e4llbara stolarna fr\u00e5n [BRAND NAME]. Bekv\u00e4mt vadderade, dessa m\u00e5ngsidiga hopf\u00e4llbara stolar \u00e4r&#8230;<\/p>\n","protected":false},"featured_media":101599,"template":"","meta":[],"product_brand":[],"product_cat":[451,858,450],"product_tag":[],"class_list":{"0":"post-101611","1":"product","2":"type-product","3":"status-publish","4":"has-post-thumbnail","6":"product_cat-solstolar","7":"product_cat-tradgard-terrass","8":"product_cat-tradgardsmobler","10":"first","11":"instock","12":"sale","13":"taxable","14":"shipping-taxable","15":"purchasable","16":"product-type-simple"},"yoast_head":"<!-- This site is optimized with the Yoast SEO plugin v25.4 - https:\/\/yoast.com\/wordpress\/plugins\/seo\/ -->\n<title>TRUUSK Hopf\u00e4llbara Kontorsstolar 2-pack - Metallben - B\u00e4rbar - Svart Linneutseende - F\u00f6r Kontor och V\u00e4ntrum - TRUUSK - Hem, Tr\u00e4dg\u00e5rd &amp; Fritid<\/title>\n<meta name=\"robots\" content=\"index, follow, max-snippet:-1, max-image-preview:large, max-video-preview:-1\" \/>\n<link rel=\"canonical\" href=\"https:\/\/truusk.store\/sv\/produkt\/truusk-hopfallbara-kontorsstolar-2-pack-metallben-barbar-svart-linneutseende-for-kontor-och-vantrum\/\" \/>\n<meta property=\"og:locale\" content=\"sv_SE\" \/>\n<meta property=\"og:type\" content=\"article\" \/>\n<meta property=\"og:title\" content=\"TRUUSK Hopf\u00e4llbara Kontorsstolar 2-pack - Metallben - B\u00e4rbar - Svart Linneutseende - F\u00f6r Kontor och V\u00e4ntrum - TRUUSK - Hem, Tr\u00e4dg\u00e5rd &amp; Fritid\" \/>\n<meta property=\"og:description\" content=\"Forma om dina utrymmen med de eleganta, praktiska hopf\u00e4llbara stolarna fr\u00e5n [BRAND NAME]. Bekv\u00e4mt vadderade, dessa m\u00e5ngsidiga hopf\u00e4llbara stolar \u00e4r...\" \/>\n<meta property=\"og:url\" content=\"https:\/\/truusk.store\/sv\/produkt\/truusk-hopfallbara-kontorsstolar-2-pack-metallben-barbar-svart-linneutseende-for-kontor-och-vantrum\/\" \/>\n<meta property=\"og:site_name\" content=\"TRUUSK - Hem, Tr\u00e4dg\u00e5rd &amp; Fritid\" \/>\n<meta property=\"article:modified_time\" content=\"2026-03-12T07:44:12+00:00\" \/>\n<meta property=\"og:image\" content=\"https:\/\/i0.wp.com\/truusk.se\/wp-content\/uploads\/2026\/01\/2-pack-hopfallbara-stolar-barbara-kontorsstolar-metallben-fallstol-for-kontor-reception-vantrum-linneutseende-svart-1.webp?fit=2000%2C2000&ssl=1\" \/>\n\t<meta property=\"og:image:width\" content=\"2000\" \/>\n\t<meta property=\"og:image:height\" content=\"2000\" \/>\n\t<meta property=\"og:image:type\" content=\"image\/webp\" \/>\n<meta name=\"twitter:card\" content=\"summary_large_image\" \/>\n<meta name=\"twitter:label1\" content=\"Ber\u00e4knad l\u00e4stid\" \/>\n\t<meta name=\"twitter:data1\" content=\"1 minut\" \/>\n<!-- \/ Yoast SEO plugin. -->","yoast_head_json":{"title":"TRUUSK Hopf\u00e4llbara Kontorsstolar 2-pack - Metallben - B\u00e4rbar - Svart Linneutseende - F\u00f6r Kontor och V\u00e4ntrum - TRUUSK - Hem, Tr\u00e4dg\u00e5rd &amp; Fritid","robots":{"index":"index","follow":"follow","max-snippet":"max-snippet:-1","max-image-preview":"max-image-preview:large","max-video-preview":"max-video-preview:-1"},"canonical":"https:\/\/truusk.store\/sv\/produkt\/truusk-hopfallbara-kontorsstolar-2-pack-metallben-barbar-svart-linneutseende-for-kontor-och-vantrum\/","og_locale":"sv_SE","og_type":"article","og_title":"TRUUSK Hopf\u00e4llbara Kontorsstolar 2-pack - Metallben - B\u00e4rbar - Svart Linneutseende - F\u00f6r Kontor och V\u00e4ntrum - TRUUSK - Hem, Tr\u00e4dg\u00e5rd &amp; Fritid","og_description":"Forma om dina utrymmen med de eleganta, praktiska hopf\u00e4llbara stolarna fr\u00e5n [BRAND NAME]. Bekv\u00e4mt vadderade, dessa m\u00e5ngsidiga hopf\u00e4llbara stolar \u00e4r...","og_url":"https:\/\/truusk.store\/sv\/produkt\/truusk-hopfallbara-kontorsstolar-2-pack-metallben-barbar-svart-linneutseende-for-kontor-och-vantrum\/","og_site_name":"TRUUSK - Hem, Tr\u00e4dg\u00e5rd &amp; Fritid","article_modified_time":"2026-03-12T07:44:12+00:00","og_image":[{"width":2000,"height":2000,"url":"https:\/\/i0.wp.com\/truusk.se\/wp-content\/uploads\/2026\/01\/2-pack-hopfallbara-stolar-barbara-kontorsstolar-metallben-fallstol-for-kontor-reception-vantrum-linneutseende-svart-1.webp?fit=2000%2C2000&ssl=1","type":"image\/webp"}],"twitter_card":"summary_large_image","twitter_misc":{"Ber\u00e4knad l\u00e4stid":"1 minut"},"schema":{"@context":"https:\/\/schema.org","@graph":[{"@type":"WebPage","@id":"https:\/\/truusk.store\/sv\/produkt\/truusk-hopfallbara-kontorsstolar-2-pack-metallben-barbar-svart-linneutseende-for-kontor-och-vantrum\/","url":"https:\/\/truusk.store\/sv\/produkt\/truusk-hopfallbara-kontorsstolar-2-pack-metallben-barbar-svart-linneutseende-for-kontor-och-vantrum\/","name":"TRUUSK Hopf\u00e4llbara Kontorsstolar 2-pack - Metallben - B\u00e4rbar - Svart Linneutseende - F\u00f6r Kontor och V\u00e4ntrum - TRUUSK - Hem, Tr\u00e4dg\u00e5rd &amp; Fritid","isPartOf":{"@id":"https:\/\/truusk.store\/sv\/#website"},"primaryImageOfPage":{"@id":"https:\/\/truusk.store\/sv\/produkt\/truusk-hopfallbara-kontorsstolar-2-pack-metallben-barbar-svart-linneutseende-for-kontor-och-vantrum\/#primaryimage"},"image":{"@id":"https:\/\/truusk.store\/sv\/produkt\/truusk-hopfallbara-kontorsstolar-2-pack-metallben-barbar-svart-linneutseende-for-kontor-och-vantrum\/#primaryimage"},"thumbnailUrl":"https:\/\/i0.wp.com\/truusk.store\/wp-content\/uploads\/2026\/01\/2-pack-hopfallbara-stolar-barbara-kontorsstolar-metallben-fallstol-for-kontor-reception-vantrum-linneutseende-svart-1.webp?fit=2000%2C2000&ssl=1","datePublished":"2026-01-28T04:49:21+00:00","dateModified":"2026-03-12T07:44:12+00:00","breadcrumb":{"@id":"https:\/\/truusk.store\/sv\/produkt\/truusk-hopfallbara-kontorsstolar-2-pack-metallben-barbar-svart-linneutseende-for-kontor-och-vantrum\/#breadcrumb"},"inLanguage":"sv-SE","potentialAction":[{"@type":"ReadAction","target":["https:\/\/truusk.store\/sv\/produkt\/truusk-hopfallbara-kontorsstolar-2-pack-metallben-barbar-svart-linneutseende-for-kontor-och-vantrum\/"]}]},{"@type":"ImageObject","inLanguage":"sv-SE","@id":"https:\/\/truusk.store\/sv\/produkt\/truusk-hopfallbara-kontorsstolar-2-pack-metallben-barbar-svart-linneutseende-for-kontor-och-vantrum\/#primaryimage","url":"https:\/\/i0.wp.com\/truusk.store\/wp-content\/uploads\/2026\/01\/2-pack-hopfallbara-stolar-barbara-kontorsstolar-metallben-fallstol-for-kontor-reception-vantrum-linneutseende-svart-1.webp?fit=2000%2C2000&ssl=1","contentUrl":"https:\/\/i0.wp.com\/truusk.store\/wp-content\/uploads\/2026\/01\/2-pack-hopfallbara-stolar-barbara-kontorsstolar-metallben-fallstol-for-kontor-reception-vantrum-linneutseende-svart-1.webp?fit=2000%2C2000&ssl=1","width":2000,"height":2000},{"@type":"BreadcrumbList","@id":"https:\/\/truusk.store\/sv\/produkt\/truusk-hopfallbara-kontorsstolar-2-pack-metallben-barbar-svart-linneutseende-for-kontor-och-vantrum\/#breadcrumb","itemListElement":[{"@type":"ListItem","position":1,"name":"Home","item":"https:\/\/truusk.store\/sv\/"},{"@type":"ListItem","position":2,"name":"Shop","item":"https:\/\/truusk.store\/shop\/"},{"@type":"ListItem","position":3,"name":"TRUUSK Hopf\u00e4llbara Kontorsstolar 2-pack &#8211; Metallben &#8211; B\u00e4rbar &#8211; Svart Linneutseende &#8211; F\u00f6r Kontor och V\u00e4ntrum"}]},{"@type":"WebSite","@id":"https:\/\/truusk.store\/sv\/#website","url":"https:\/\/truusk.store\/sv\/","name":"TRUUSK - Hem, Tr\u00e4dg\u00e5rd & Fritid","description":"","publisher":{"@id":"https:\/\/truusk.store\/sv\/#organization"},"potentialAction":[{"@type":"SearchAction","target":{"@type":"EntryPoint","urlTemplate":"https:\/\/truusk.store\/sv\/?s={search_term_string}"},"query-input":{"@type":"PropertyValueSpecification","valueRequired":true,"valueName":"search_term_string"}}],"inLanguage":"sv-SE"},{"@type":"Organization","@id":"https:\/\/truusk.store\/sv\/#organization","name":"TRUUSK - Hem, Tr\u00e4dg\u00e5rd & Fritid","url":"https:\/\/truusk.store\/sv\/","logo":{"@type":"ImageObject","inLanguage":"sv-SE","@id":"https:\/\/truusk.store\/sv\/#\/schema\/logo\/image\/","url":"https:\/\/i0.wp.com\/truusk.store\/wp-content\/uploads\/2026\/03\/cropped-TRUUSK.png?fit=2032%2C917&ssl=1","contentUrl":"https:\/\/i0.wp.com\/truusk.store\/wp-content\/uploads\/2026\/03\/cropped-TRUUSK.png?fit=2032%2C917&ssl=1","width":2032,"height":917,"caption":"TRUUSK - Hem, Tr\u00e4dg\u00e5rd & Fritid"},"image":{"@id":"https:\/\/truusk.store\/sv\/#\/schema\/logo\/image\/"}}]}},"jetpack_sharing_enabled":true,"_links":{"self":[{"href":"https:\/\/truusk.store\/sv\/wp-json\/wp\/v2\/product\/101611","targetHints":{"allow":["GET"]}}],"collection":[{"href":"https:\/\/truusk.store\/sv\/wp-json\/wp\/v2\/product"}],"about":[{"href":"https:\/\/truusk.store\/sv\/wp-json\/wp\/v2\/types\/product"}],"wp:featuredmedia":[{"embeddable":true,"href":"https:\/\/truusk.store\/sv\/wp-json\/wp\/v2\/media\/101599"}],"wp:attachment":[{"href":"https:\/\/truusk.store\/sv\/wp-json\/wp\/v2\/media?parent=101611"}],"wp:term":[{"taxonomy":"product_brand","embeddable":true,"href":"https:\/\/truusk.store\/sv\/wp-json\/wp\/v2\/product_brand?post=101611"},{"taxonomy":"product_cat","embeddable":true,"href":"https:\/\/truusk.store\/sv\/wp-json\/wp\/v2\/product_cat?post=101611"},{"taxonomy":"product_tag","embeddable":true,"href":"https:\/\/truusk.store\/sv\/wp-json\/wp\/v2\/product_tag?post=101611"}],"curies":[{"name":"wp","href":"https:\/\/api.w.org\/{rel}","templated":true}]}}