{"id":101618,"date":"2026-01-28T05:50:07","date_gmt":"2026-01-28T04:50:07","guid":{"rendered":"https:\/\/truusk.store\/product\/2-pack-konstgjorda-cypressvaxter-362-plastblad-kruka-uv-resistent-gron\/"},"modified":"2026-03-12T08:44:33","modified_gmt":"2026-03-12T07:44:33","slug":"truusk-2-pack-konstgjorda-cypressvaxter-362-plastblad-kruka-uv-resistent-gron","status":"publish","type":"product","link":"https:\/\/truusk.store\/sv\/produkt\/truusk-2-pack-konstgjorda-cypressvaxter-362-plastblad-kruka-uv-resistent-gron\/","title":{"rendered":"TRUUSK 2-pack Konstgjorda Cypressv\u00e4xter &#8211; 362 Plastblad &#8211; Kruka &#8211; UV-resistent &#8211; Gr\u00f6n"},"content":{"rendered":"<p>Ge ditt omr\u00e5de permanent gr\u00f6nska med [BRAND NAME] konstgjorda v\u00e4xt i kruka. Dessa naturtrogna, 90 cm h\u00f6ga cypressreplikor gjorda av PE-blad i klassiska odlingskrukor kr\u00e4ver ingen sk\u00f6tsel och ingen gr\u00f6na tummen. De konstgjorda v\u00e4xterna \u00e4r UV-resistenta och idealiska f\u00f6r att f\u00f6rb\u00e4ttra b\u00e5de inomhus- och utomhusomr\u00e5den.<\/p>\n<p>Beskrivning:<\/p>\n<ul>\n<li> Realistisk cypress med konstgjord mossa f\u00f6rb\u00e4ttrar hemmets estetik<\/li>\n<li> S\u00e4ljs i dubbelverk f\u00f6r symmetrisk dekoration<\/li>\n<li> Varje konstgjord v\u00e4xt har 362 PE-blad f\u00f6r ett fullt utseende<\/li>\n<li> Inneh\u00e5ller en kruka och cementbotten f\u00f6r stabilitet och st\u00f6d<\/li>\n<li> Ingen gr\u00f6n tumme kr\u00e4vs f\u00f6r sk\u00f6tsel<\/li>\n<li> UV-resistent kvalitet av konstgjorda v\u00e4xter l\u00e4mpar sig f\u00f6r inomhus- och utomhusomr\u00e5den<\/li>\n<\/ul>\n<p> Tekniska data:<\/p>\n<ul>\n<li> F\u00e4rg: Gr\u00f6n<\/li>\n<li> Material: PE, Cement<\/li>\n<li> Typ: Cypress<\/li>\n<li> Totala dimensioner: \u00d840 x 90H cm<\/li>\n<li> Krukstorlek: \u00d815 x 12,5H cm<\/li>\n<\/ul>\n<p>Leveransinneh\u00e5ll:<\/p>\n<ul>\n<li> 2 x konstgjorda v\u00e4xter;<\/li>\n<\/ul>\n","protected":false},"excerpt":{"rendered":"<p>Ge ditt omr\u00e5de permanent gr\u00f6nska med [BRAND NAME] konstgjorda v\u00e4xt i kruka. Dessa naturtrogna, 90 cm h\u00f6ga cypressreplikor gjorda av&#8230;<\/p>\n","protected":false},"featured_media":101606,"template":"","meta":[],"product_brand":[],"product_cat":[962,871,681],"product_tag":[],"class_list":{"0":"post-101618","1":"product","2":"type-product","3":"status-publish","4":"has-post-thumbnail","6":"product_cat-dekoration","7":"product_cat-hus-hem","8":"product_cat-konstgjorda-vaxter","10":"first","11":"instock","12":"sale","13":"taxable","14":"shipping-taxable","15":"purchasable","16":"product-type-simple"},"yoast_head":"<!-- This site is optimized with the Yoast SEO plugin v25.4 - https:\/\/yoast.com\/wordpress\/plugins\/seo\/ -->\n<title>TRUUSK 2-pack Konstgjorda Cypressv\u00e4xter - 362 Plastblad - Kruka - UV-resistent - Gr\u00f6n - TRUUSK - Hem, Tr\u00e4dg\u00e5rd &amp; Fritid<\/title>\n<meta name=\"robots\" content=\"index, follow, max-snippet:-1, max-image-preview:large, max-video-preview:-1\" \/>\n<link rel=\"canonical\" href=\"https:\/\/truusk.store\/sv\/produkt\/truusk-2-pack-konstgjorda-cypressvaxter-362-plastblad-kruka-uv-resistent-gron\/\" \/>\n<meta property=\"og:locale\" content=\"sv_SE\" \/>\n<meta property=\"og:type\" content=\"article\" \/>\n<meta property=\"og:title\" content=\"TRUUSK 2-pack Konstgjorda Cypressv\u00e4xter - 362 Plastblad - Kruka - UV-resistent - Gr\u00f6n - TRUUSK - Hem, Tr\u00e4dg\u00e5rd &amp; Fritid\" \/>\n<meta property=\"og:description\" content=\"Ge ditt omr\u00e5de permanent gr\u00f6nska med [BRAND NAME] konstgjorda v\u00e4xt i kruka. Dessa naturtrogna, 90 cm h\u00f6ga cypressreplikor gjorda av...\" \/>\n<meta property=\"og:url\" content=\"https:\/\/truusk.store\/sv\/produkt\/truusk-2-pack-konstgjorda-cypressvaxter-362-plastblad-kruka-uv-resistent-gron\/\" \/>\n<meta property=\"og:site_name\" content=\"TRUUSK - Hem, Tr\u00e4dg\u00e5rd &amp; Fritid\" \/>\n<meta property=\"article:modified_time\" content=\"2026-03-12T07:44:33+00:00\" \/>\n<meta property=\"og:image\" content=\"https:\/\/i0.wp.com\/truusk.se\/wp-content\/uploads\/2026\/01\/2-pack-konstgjorda-cypressvaxter-362-plastblad-kruka-uv-resistent-gron-1.webp?fit=2000%2C2000&ssl=1\" \/>\n\t<meta property=\"og:image:width\" content=\"2000\" \/>\n\t<meta property=\"og:image:height\" content=\"2000\" \/>\n\t<meta property=\"og:image:type\" content=\"image\/webp\" \/>\n<meta name=\"twitter:card\" content=\"summary_large_image\" \/>\n<meta name=\"twitter:label1\" content=\"Ber\u00e4knad l\u00e4stid\" \/>\n\t<meta name=\"twitter:data1\" content=\"1 minut\" \/>\n<!-- \/ Yoast SEO plugin. -->","yoast_head_json":{"title":"TRUUSK 2-pack Konstgjorda Cypressv\u00e4xter - 362 Plastblad - Kruka - UV-resistent - Gr\u00f6n - TRUUSK - Hem, Tr\u00e4dg\u00e5rd &amp; Fritid","robots":{"index":"index","follow":"follow","max-snippet":"max-snippet:-1","max-image-preview":"max-image-preview:large","max-video-preview":"max-video-preview:-1"},"canonical":"https:\/\/truusk.store\/sv\/produkt\/truusk-2-pack-konstgjorda-cypressvaxter-362-plastblad-kruka-uv-resistent-gron\/","og_locale":"sv_SE","og_type":"article","og_title":"TRUUSK 2-pack Konstgjorda Cypressv\u00e4xter - 362 Plastblad - Kruka - UV-resistent - Gr\u00f6n - TRUUSK - Hem, Tr\u00e4dg\u00e5rd &amp; Fritid","og_description":"Ge ditt omr\u00e5de permanent gr\u00f6nska med [BRAND NAME] konstgjorda v\u00e4xt i kruka. Dessa naturtrogna, 90 cm h\u00f6ga cypressreplikor gjorda av...","og_url":"https:\/\/truusk.store\/sv\/produkt\/truusk-2-pack-konstgjorda-cypressvaxter-362-plastblad-kruka-uv-resistent-gron\/","og_site_name":"TRUUSK - Hem, Tr\u00e4dg\u00e5rd &amp; Fritid","article_modified_time":"2026-03-12T07:44:33+00:00","og_image":[{"width":2000,"height":2000,"url":"https:\/\/i0.wp.com\/truusk.se\/wp-content\/uploads\/2026\/01\/2-pack-konstgjorda-cypressvaxter-362-plastblad-kruka-uv-resistent-gron-1.webp?fit=2000%2C2000&ssl=1","type":"image\/webp"}],"twitter_card":"summary_large_image","twitter_misc":{"Ber\u00e4knad l\u00e4stid":"1 minut"},"schema":{"@context":"https:\/\/schema.org","@graph":[{"@type":"WebPage","@id":"https:\/\/truusk.store\/sv\/produkt\/truusk-2-pack-konstgjorda-cypressvaxter-362-plastblad-kruka-uv-resistent-gron\/","url":"https:\/\/truusk.store\/sv\/produkt\/truusk-2-pack-konstgjorda-cypressvaxter-362-plastblad-kruka-uv-resistent-gron\/","name":"TRUUSK 2-pack Konstgjorda Cypressv\u00e4xter - 362 Plastblad - Kruka - UV-resistent - Gr\u00f6n - TRUUSK - Hem, Tr\u00e4dg\u00e5rd &amp; Fritid","isPartOf":{"@id":"https:\/\/truusk.store\/sv\/#website"},"primaryImageOfPage":{"@id":"https:\/\/truusk.store\/sv\/produkt\/truusk-2-pack-konstgjorda-cypressvaxter-362-plastblad-kruka-uv-resistent-gron\/#primaryimage"},"image":{"@id":"https:\/\/truusk.store\/sv\/produkt\/truusk-2-pack-konstgjorda-cypressvaxter-362-plastblad-kruka-uv-resistent-gron\/#primaryimage"},"thumbnailUrl":"https:\/\/i0.wp.com\/truusk.store\/wp-content\/uploads\/2026\/01\/2-pack-konstgjorda-cypressvaxter-362-plastblad-kruka-uv-resistent-gron-1.webp?fit=2000%2C2000&ssl=1","datePublished":"2026-01-28T04:50:07+00:00","dateModified":"2026-03-12T07:44:33+00:00","breadcrumb":{"@id":"https:\/\/truusk.store\/sv\/produkt\/truusk-2-pack-konstgjorda-cypressvaxter-362-plastblad-kruka-uv-resistent-gron\/#breadcrumb"},"inLanguage":"sv-SE","potentialAction":[{"@type":"ReadAction","target":["https:\/\/truusk.store\/sv\/produkt\/truusk-2-pack-konstgjorda-cypressvaxter-362-plastblad-kruka-uv-resistent-gron\/"]}]},{"@type":"ImageObject","inLanguage":"sv-SE","@id":"https:\/\/truusk.store\/sv\/produkt\/truusk-2-pack-konstgjorda-cypressvaxter-362-plastblad-kruka-uv-resistent-gron\/#primaryimage","url":"https:\/\/i0.wp.com\/truusk.store\/wp-content\/uploads\/2026\/01\/2-pack-konstgjorda-cypressvaxter-362-plastblad-kruka-uv-resistent-gron-1.webp?fit=2000%2C2000&ssl=1","contentUrl":"https:\/\/i0.wp.com\/truusk.store\/wp-content\/uploads\/2026\/01\/2-pack-konstgjorda-cypressvaxter-362-plastblad-kruka-uv-resistent-gron-1.webp?fit=2000%2C2000&ssl=1","width":2000,"height":2000},{"@type":"BreadcrumbList","@id":"https:\/\/truusk.store\/sv\/produkt\/truusk-2-pack-konstgjorda-cypressvaxter-362-plastblad-kruka-uv-resistent-gron\/#breadcrumb","itemListElement":[{"@type":"ListItem","position":1,"name":"Home","item":"https:\/\/truusk.store\/sv\/"},{"@type":"ListItem","position":2,"name":"Shop","item":"https:\/\/truusk.store\/shop\/"},{"@type":"ListItem","position":3,"name":"TRUUSK 2-pack Konstgjorda Cypressv\u00e4xter &#8211; 362 Plastblad &#8211; Kruka &#8211; UV-resistent &#8211; Gr\u00f6n"}]},{"@type":"WebSite","@id":"https:\/\/truusk.store\/sv\/#website","url":"https:\/\/truusk.store\/sv\/","name":"TRUUSK - Hem, Tr\u00e4dg\u00e5rd & Fritid","description":"","publisher":{"@id":"https:\/\/truusk.store\/sv\/#organization"},"potentialAction":[{"@type":"SearchAction","target":{"@type":"EntryPoint","urlTemplate":"https:\/\/truusk.store\/sv\/?s={search_term_string}"},"query-input":{"@type":"PropertyValueSpecification","valueRequired":true,"valueName":"search_term_string"}}],"inLanguage":"sv-SE"},{"@type":"Organization","@id":"https:\/\/truusk.store\/sv\/#organization","name":"TRUUSK - Hem, Tr\u00e4dg\u00e5rd & Fritid","url":"https:\/\/truusk.store\/sv\/","logo":{"@type":"ImageObject","inLanguage":"sv-SE","@id":"https:\/\/truusk.store\/sv\/#\/schema\/logo\/image\/","url":"https:\/\/i0.wp.com\/truusk.store\/wp-content\/uploads\/2026\/03\/cropped-TRUUSK.png?fit=2032%2C917&ssl=1","contentUrl":"https:\/\/i0.wp.com\/truusk.store\/wp-content\/uploads\/2026\/03\/cropped-TRUUSK.png?fit=2032%2C917&ssl=1","width":2032,"height":917,"caption":"TRUUSK - Hem, Tr\u00e4dg\u00e5rd & Fritid"},"image":{"@id":"https:\/\/truusk.store\/sv\/#\/schema\/logo\/image\/"}}]}},"jetpack_sharing_enabled":true,"_links":{"self":[{"href":"https:\/\/truusk.store\/sv\/wp-json\/wp\/v2\/product\/101618","targetHints":{"allow":["GET"]}}],"collection":[{"href":"https:\/\/truusk.store\/sv\/wp-json\/wp\/v2\/product"}],"about":[{"href":"https:\/\/truusk.store\/sv\/wp-json\/wp\/v2\/types\/product"}],"wp:featuredmedia":[{"embeddable":true,"href":"https:\/\/truusk.store\/sv\/wp-json\/wp\/v2\/media\/101606"}],"wp:attachment":[{"href":"https:\/\/truusk.store\/sv\/wp-json\/wp\/v2\/media?parent=101618"}],"wp:term":[{"taxonomy":"product_brand","embeddable":true,"href":"https:\/\/truusk.store\/sv\/wp-json\/wp\/v2\/product_brand?post=101618"},{"taxonomy":"product_cat","embeddable":true,"href":"https:\/\/truusk.store\/sv\/wp-json\/wp\/v2\/product_cat?post=101618"},{"taxonomy":"product_tag","embeddable":true,"href":"https:\/\/truusk.store\/sv\/wp-json\/wp\/v2\/product_tag?post=101618"}],"curies":[{"name":"wp","href":"https:\/\/api.w.org\/{rel}","templated":true}]}}