{"id":101628,"date":"2026-01-28T05:51:12","date_gmt":"2026-01-28T04:51:12","guid":{"rendered":"https:\/\/truusk.store\/product\/kattlada-i-rostfritt-stal-katttoalett-med-hog-kant-badkar-inklusive-skopa-for-stora-katter-53x42x27cm-kolgra\/"},"modified":"2026-03-12T08:44:42","modified_gmt":"2026-03-12T07:44:42","slug":"truusk-kattlada-i-rostfritt-stal-katttoalett-med-hog-kant-inklusive-skopa-for-stora-katter-53x42x27cm-kolgra","status":"publish","type":"product","link":"https:\/\/truusk.store\/sv\/produkt\/truusk-kattlada-i-rostfritt-stal-katttoalett-med-hog-kant-inklusive-skopa-for-stora-katter-53x42x27cm-kolgra\/","title":{"rendered":"TRUUSK Kattl\u00e5da i rostfritt st\u00e5l &#8211; Katttoalett med h\u00f6g kant &#8211; Inklusive skopa &#8211; F\u00f6r stora katter &#8211; 53x42x27cm &#8211; Kolgr\u00e5"},"content":{"rendered":"<p>Det b\u00e4rbara kattl\u00e5dan fr\u00e5n [BRAND NAME] erbjuder din katt maximal integritet och komfort. H\u00f6ga v\u00e4ggar f\u00f6rhindrar att str\u00f6 och urin l\u00e4cker ut, medan s\u00e4kra l\u00e5s h\u00e5ller alla delar stabila. Tillverkad av rostfritt st\u00e5l och h\u00e5llbar ABS, \u00e4r kattl\u00e5dan l\u00e4tt att reng\u00f6ra och idealisk f\u00f6r din lurviga v\u00e4ns dagliga behov.<\/p>\n<p>Beskrivning:<\/p>\n<ul>\n<li> De h\u00f6ga v\u00e4ggarna p\u00e5 kattl\u00e5dan f\u00f6rhindrar att sand och urin l\u00e4cker ut fr\u00e5n l\u00e5dan<\/li>\n<li> L\u00e5sreglarna h\u00e5ller alla delar t\u00e4tt samman<\/li>\n<li> Den rostfria st\u00e5lkoppen f\u00f6rhindrar ansamling av rester och lukter<\/li>\n<li> Tillverkad av ABS, vilket garanterar h\u00f6gre h\u00e5llbarhet<\/li>\n<li> L\u00e5g ing\u00e5ng p\u00e5 framsidan och h\u00f6g baksida f\u00f6r enkel \u00e5tkomst och mer integritet f\u00f6r katten<\/li>\n<li> Omr\u00e5det f\u00f6r fallande sand f\u00f6rhindrar att din katt sprider sand i huset<\/li>\n<li> Denna rostfria st\u00e5lkattl\u00e5da inneh\u00e5ller en skopa f\u00f6r att snabbt ta bort rester<\/li>\n<li> St\u00e4ngd kattl\u00e5da f\u00f6r katter upp till 15 kg<\/li>\n<li> Montering kr\u00e4vs<\/li>\n<\/ul>\n<p> Tekniska specifikationer:<\/p>\n<ul>\n<li> F\u00e4rg: Kolgr\u00e5+Silver<\/li>\n<li> Material: Rostfritt st\u00e5l, Plast<\/li>\n<li> Totala dimensioner: 53L x 42B x 27H cm<\/li>\n<li> Sandbricka: 52L x 40B x 13H cm<\/li>\n<li> Skopdimensioner: 20L x 9,5B cm<\/li>\n<\/ul>\n<p>Ing\u00e5r i leveransen:<\/p>\n<ul>\n<li> 1 x St\u00e4ngd kattl\u00e5da<\/li>\n<li> 1 x Skopa<\/li>\n<li> 1 x Bruksanvisning<\/li>\n<\/ul>\n","protected":false},"excerpt":{"rendered":"<p>Det b\u00e4rbara kattl\u00e5dan fr\u00e5n [BRAND NAME] erbjuder din katt maximal integritet och komfort. H\u00f6ga v\u00e4ggar f\u00f6rhindrar att str\u00f6 och urin&#8230;<\/p>\n","protected":false},"featured_media":101619,"template":"","meta":[],"product_brand":[],"product_cat":[878,594,588],"product_tag":[],"class_list":{"0":"post-101628","1":"product","2":"type-product","3":"status-publish","4":"has-post-thumbnail","6":"product_cat-djurbehov","7":"product_cat-kattlador","8":"product_cat-katttillbehor","10":"first","11":"instock","12":"sale","13":"taxable","14":"shipping-taxable","15":"purchasable","16":"product-type-simple"},"yoast_head":"<!-- This site is optimized with the Yoast SEO plugin v25.4 - https:\/\/yoast.com\/wordpress\/plugins\/seo\/ -->\n<title>TRUUSK Kattl\u00e5da i rostfritt st\u00e5l - Katttoalett med h\u00f6g kant - Inklusive skopa - F\u00f6r stora katter - 53x42x27cm - Kolgr\u00e5 - TRUUSK - Hem, Tr\u00e4dg\u00e5rd &amp; Fritid<\/title>\n<meta name=\"robots\" content=\"index, follow, max-snippet:-1, max-image-preview:large, max-video-preview:-1\" \/>\n<link rel=\"canonical\" href=\"https:\/\/truusk.store\/sv\/produkt\/truusk-kattlada-i-rostfritt-stal-katttoalett-med-hog-kant-inklusive-skopa-for-stora-katter-53x42x27cm-kolgra\/\" \/>\n<meta property=\"og:locale\" content=\"sv_SE\" \/>\n<meta property=\"og:type\" content=\"article\" \/>\n<meta property=\"og:title\" content=\"TRUUSK Kattl\u00e5da i rostfritt st\u00e5l - Katttoalett med h\u00f6g kant - Inklusive skopa - F\u00f6r stora katter - 53x42x27cm - Kolgr\u00e5 - TRUUSK - Hem, Tr\u00e4dg\u00e5rd &amp; Fritid\" \/>\n<meta property=\"og:description\" content=\"Det b\u00e4rbara kattl\u00e5dan fr\u00e5n [BRAND NAME] erbjuder din katt maximal integritet och komfort. H\u00f6ga v\u00e4ggar f\u00f6rhindrar att str\u00f6 och urin...\" \/>\n<meta property=\"og:url\" content=\"https:\/\/truusk.store\/sv\/produkt\/truusk-kattlada-i-rostfritt-stal-katttoalett-med-hog-kant-inklusive-skopa-for-stora-katter-53x42x27cm-kolgra\/\" \/>\n<meta property=\"og:site_name\" content=\"TRUUSK - Hem, Tr\u00e4dg\u00e5rd &amp; Fritid\" \/>\n<meta property=\"article:modified_time\" content=\"2026-03-12T07:44:42+00:00\" \/>\n<meta property=\"og:image\" content=\"https:\/\/i0.wp.com\/truusk.se\/wp-content\/uploads\/2026\/01\/kattlada-i-rostfritt-stal-katttoalett-med-hog-kant-badkar-inklusive-skopa-for-stora-katter-53x42x27cm-kolgra-1.webp?fit=2000%2C2000&ssl=1\" \/>\n\t<meta property=\"og:image:width\" content=\"2000\" \/>\n\t<meta property=\"og:image:height\" content=\"2000\" \/>\n\t<meta property=\"og:image:type\" content=\"image\/webp\" \/>\n<meta name=\"twitter:card\" content=\"summary_large_image\" \/>\n<meta name=\"twitter:label1\" content=\"Ber\u00e4knad l\u00e4stid\" \/>\n\t<meta name=\"twitter:data1\" content=\"1 minut\" \/>\n<!-- \/ Yoast SEO plugin. -->","yoast_head_json":{"title":"TRUUSK Kattl\u00e5da i rostfritt st\u00e5l - Katttoalett med h\u00f6g kant - Inklusive skopa - F\u00f6r stora katter - 53x42x27cm - Kolgr\u00e5 - TRUUSK - Hem, Tr\u00e4dg\u00e5rd &amp; Fritid","robots":{"index":"index","follow":"follow","max-snippet":"max-snippet:-1","max-image-preview":"max-image-preview:large","max-video-preview":"max-video-preview:-1"},"canonical":"https:\/\/truusk.store\/sv\/produkt\/truusk-kattlada-i-rostfritt-stal-katttoalett-med-hog-kant-inklusive-skopa-for-stora-katter-53x42x27cm-kolgra\/","og_locale":"sv_SE","og_type":"article","og_title":"TRUUSK Kattl\u00e5da i rostfritt st\u00e5l - Katttoalett med h\u00f6g kant - Inklusive skopa - F\u00f6r stora katter - 53x42x27cm - Kolgr\u00e5 - TRUUSK - Hem, Tr\u00e4dg\u00e5rd &amp; Fritid","og_description":"Det b\u00e4rbara kattl\u00e5dan fr\u00e5n [BRAND NAME] erbjuder din katt maximal integritet och komfort. H\u00f6ga v\u00e4ggar f\u00f6rhindrar att str\u00f6 och urin...","og_url":"https:\/\/truusk.store\/sv\/produkt\/truusk-kattlada-i-rostfritt-stal-katttoalett-med-hog-kant-inklusive-skopa-for-stora-katter-53x42x27cm-kolgra\/","og_site_name":"TRUUSK - Hem, Tr\u00e4dg\u00e5rd &amp; Fritid","article_modified_time":"2026-03-12T07:44:42+00:00","og_image":[{"width":2000,"height":2000,"url":"https:\/\/i0.wp.com\/truusk.se\/wp-content\/uploads\/2026\/01\/kattlada-i-rostfritt-stal-katttoalett-med-hog-kant-badkar-inklusive-skopa-for-stora-katter-53x42x27cm-kolgra-1.webp?fit=2000%2C2000&ssl=1","type":"image\/webp"}],"twitter_card":"summary_large_image","twitter_misc":{"Ber\u00e4knad l\u00e4stid":"1 minut"},"schema":{"@context":"https:\/\/schema.org","@graph":[{"@type":"WebPage","@id":"https:\/\/truusk.store\/sv\/produkt\/truusk-kattlada-i-rostfritt-stal-katttoalett-med-hog-kant-inklusive-skopa-for-stora-katter-53x42x27cm-kolgra\/","url":"https:\/\/truusk.store\/sv\/produkt\/truusk-kattlada-i-rostfritt-stal-katttoalett-med-hog-kant-inklusive-skopa-for-stora-katter-53x42x27cm-kolgra\/","name":"TRUUSK Kattl\u00e5da i rostfritt st\u00e5l - Katttoalett med h\u00f6g kant - Inklusive skopa - F\u00f6r stora katter - 53x42x27cm - Kolgr\u00e5 - TRUUSK - Hem, Tr\u00e4dg\u00e5rd &amp; Fritid","isPartOf":{"@id":"https:\/\/truusk.store\/sv\/#website"},"primaryImageOfPage":{"@id":"https:\/\/truusk.store\/sv\/produkt\/truusk-kattlada-i-rostfritt-stal-katttoalett-med-hog-kant-inklusive-skopa-for-stora-katter-53x42x27cm-kolgra\/#primaryimage"},"image":{"@id":"https:\/\/truusk.store\/sv\/produkt\/truusk-kattlada-i-rostfritt-stal-katttoalett-med-hog-kant-inklusive-skopa-for-stora-katter-53x42x27cm-kolgra\/#primaryimage"},"thumbnailUrl":"https:\/\/i0.wp.com\/truusk.store\/wp-content\/uploads\/2026\/01\/kattlada-i-rostfritt-stal-katttoalett-med-hog-kant-badkar-inklusive-skopa-for-stora-katter-53x42x27cm-kolgra-1.webp?fit=2000%2C2000&ssl=1","datePublished":"2026-01-28T04:51:12+00:00","dateModified":"2026-03-12T07:44:42+00:00","breadcrumb":{"@id":"https:\/\/truusk.store\/sv\/produkt\/truusk-kattlada-i-rostfritt-stal-katttoalett-med-hog-kant-inklusive-skopa-for-stora-katter-53x42x27cm-kolgra\/#breadcrumb"},"inLanguage":"sv-SE","potentialAction":[{"@type":"ReadAction","target":["https:\/\/truusk.store\/sv\/produkt\/truusk-kattlada-i-rostfritt-stal-katttoalett-med-hog-kant-inklusive-skopa-for-stora-katter-53x42x27cm-kolgra\/"]}]},{"@type":"ImageObject","inLanguage":"sv-SE","@id":"https:\/\/truusk.store\/sv\/produkt\/truusk-kattlada-i-rostfritt-stal-katttoalett-med-hog-kant-inklusive-skopa-for-stora-katter-53x42x27cm-kolgra\/#primaryimage","url":"https:\/\/i0.wp.com\/truusk.store\/wp-content\/uploads\/2026\/01\/kattlada-i-rostfritt-stal-katttoalett-med-hog-kant-badkar-inklusive-skopa-for-stora-katter-53x42x27cm-kolgra-1.webp?fit=2000%2C2000&ssl=1","contentUrl":"https:\/\/i0.wp.com\/truusk.store\/wp-content\/uploads\/2026\/01\/kattlada-i-rostfritt-stal-katttoalett-med-hog-kant-badkar-inklusive-skopa-for-stora-katter-53x42x27cm-kolgra-1.webp?fit=2000%2C2000&ssl=1","width":2000,"height":2000},{"@type":"BreadcrumbList","@id":"https:\/\/truusk.store\/sv\/produkt\/truusk-kattlada-i-rostfritt-stal-katttoalett-med-hog-kant-inklusive-skopa-for-stora-katter-53x42x27cm-kolgra\/#breadcrumb","itemListElement":[{"@type":"ListItem","position":1,"name":"Home","item":"https:\/\/truusk.store\/sv\/"},{"@type":"ListItem","position":2,"name":"Shop","item":"https:\/\/truusk.store\/shop\/"},{"@type":"ListItem","position":3,"name":"TRUUSK Kattl\u00e5da i rostfritt st\u00e5l &#8211; Katttoalett med h\u00f6g kant &#8211; Inklusive skopa &#8211; F\u00f6r stora katter &#8211; 53x42x27cm &#8211; Kolgr\u00e5"}]},{"@type":"WebSite","@id":"https:\/\/truusk.store\/sv\/#website","url":"https:\/\/truusk.store\/sv\/","name":"TRUUSK - Hem, Tr\u00e4dg\u00e5rd & Fritid","description":"","publisher":{"@id":"https:\/\/truusk.store\/sv\/#organization"},"potentialAction":[{"@type":"SearchAction","target":{"@type":"EntryPoint","urlTemplate":"https:\/\/truusk.store\/sv\/?s={search_term_string}"},"query-input":{"@type":"PropertyValueSpecification","valueRequired":true,"valueName":"search_term_string"}}],"inLanguage":"sv-SE"},{"@type":"Organization","@id":"https:\/\/truusk.store\/sv\/#organization","name":"TRUUSK - Hem, Tr\u00e4dg\u00e5rd & Fritid","url":"https:\/\/truusk.store\/sv\/","logo":{"@type":"ImageObject","inLanguage":"sv-SE","@id":"https:\/\/truusk.store\/sv\/#\/schema\/logo\/image\/","url":"https:\/\/i0.wp.com\/truusk.store\/wp-content\/uploads\/2026\/03\/cropped-TRUUSK.png?fit=2032%2C917&ssl=1","contentUrl":"https:\/\/i0.wp.com\/truusk.store\/wp-content\/uploads\/2026\/03\/cropped-TRUUSK.png?fit=2032%2C917&ssl=1","width":2032,"height":917,"caption":"TRUUSK - Hem, Tr\u00e4dg\u00e5rd & Fritid"},"image":{"@id":"https:\/\/truusk.store\/sv\/#\/schema\/logo\/image\/"}}]}},"jetpack_sharing_enabled":true,"_links":{"self":[{"href":"https:\/\/truusk.store\/sv\/wp-json\/wp\/v2\/product\/101628","targetHints":{"allow":["GET"]}}],"collection":[{"href":"https:\/\/truusk.store\/sv\/wp-json\/wp\/v2\/product"}],"about":[{"href":"https:\/\/truusk.store\/sv\/wp-json\/wp\/v2\/types\/product"}],"wp:featuredmedia":[{"embeddable":true,"href":"https:\/\/truusk.store\/sv\/wp-json\/wp\/v2\/media\/101619"}],"wp:attachment":[{"href":"https:\/\/truusk.store\/sv\/wp-json\/wp\/v2\/media?parent=101628"}],"wp:term":[{"taxonomy":"product_brand","embeddable":true,"href":"https:\/\/truusk.store\/sv\/wp-json\/wp\/v2\/product_brand?post=101628"},{"taxonomy":"product_cat","embeddable":true,"href":"https:\/\/truusk.store\/sv\/wp-json\/wp\/v2\/product_cat?post=101628"},{"taxonomy":"product_tag","embeddable":true,"href":"https:\/\/truusk.store\/sv\/wp-json\/wp\/v2\/product_tag?post=101628"}],"curies":[{"name":"wp","href":"https:\/\/api.w.org\/{rel}","templated":true}]}}