{"id":101659,"date":"2026-01-28T05:54:05","date_gmt":"2026-01-28T04:54:05","guid":{"rendered":"https:\/\/truusk.store\/product\/golvsoffa-stoppad-soffa-omvandlingsbar-till-madrass-skum-kuddar-gra\/"},"modified":"2026-03-12T08:45:21","modified_gmt":"2026-03-12T07:45:21","slug":"truusk-golvsoffa-stoppad-omvandlingsbar-till-madrass-skum-kuddar-gra","status":"publish","type":"product","link":"https:\/\/truusk.store\/sv\/produkt\/truusk-golvsoffa-stoppad-omvandlingsbar-till-madrass-skum-kuddar-gra\/","title":{"rendered":"TRUUSK Golvsoffa &#8211; Stoppad &#8211; Omvandlingsbar till Madrass &#8211; Skum &#8211; Kuddar &#8211; Gr\u00e5"},"content":{"rendered":"<p>Letar du efter en b\u00e4ddsoffa att slappna av p\u00e5 efter jobbet eller f\u00f6r att erbjuda g\u00e4ster fler sittplatser? [BRAND NAME] Chair Bed \u00e4r en flexibel l\u00f6sning som s\u00f6ml\u00f6st kan omvandlas fr\u00e5n en mysig golvsoffa till en chaiselongue eller en bekv\u00e4m madrass &#8211; perfekt f\u00f6r alla tillf\u00e4llen. Omsluten av andningsbart linne och fylld med fast skum ger den f\u00f6rstklassig komfort. Idealisk f\u00f6r sm\u00e5 l\u00e4genheter eller mysiga h\u00f6rn, det \u00e4r det perfekta valet f\u00f6r avkoppling och mys.<\/p>\n<p>Beskrivning:<\/p>\n<ul>\n<li> Kan s\u00f6ml\u00f6st omvandlas mellan soffa, liggande och s\u00e4ng<\/li>\n<li> L\u00e4tt och hopf\u00e4llbar design underl\u00e4ttar transport och f\u00f6rvaring<\/li>\n<li> T\u00e4ckt med andningsbart linne f\u00f6r komfort och h\u00e5llbarhet<\/li>\n<li> H\u00f6g densitet skum f\u00f6rb\u00e4ttrar sittst\u00f6d och livsl\u00e4ngd<\/li>\n<li> Inkluderar kudde f\u00f6r att f\u00f6rb\u00e4ttra st\u00f6det f\u00f6r nedre ryggen<\/li>\n<li> Idealisk f\u00f6r sm\u00e5 utrymmen och \u00f6kar den funktionella m\u00e5ngsidigheten<\/li>\n<li> Ingen montering kr\u00e4vs<\/li>\n<\/ul>\n<p> Tekniska specifikationer:<\/p>\n<ul>\n<li> F\u00e4rg: M\u00f6rkgr\u00e5<\/li>\n<li> Material: Linne-look tyg (100% polyester), skum<\/li>\n<li> S\u00e4ngm\u00e5tt: 210B x 80T x 15H cm<\/li>\n<li> Hopf\u00e4llda m\u00e5tt: 80B x 80T x 64H cm<\/li>\n<li> Sittm\u00e5tt: 80B x 58T cm<\/li>\n<li> Sitth\u00f6jd: 30 cm<\/li>\n<li> Ryggst\u00f6dsm\u00e5tt: 80B x 31H cm<\/li>\n<li> Tjocklek: 30 cm (sits), 25 cm (rygg)<\/li>\n<li> B\u00e4rkapacitet: 120 kg<\/li>\n<\/ul>\n<p>Leveransinneh\u00e5ll:<\/p>\n<ul>\n<li> 1 x S\u00e4ngstol<\/li>\n<li> 1 x Kudde<\/li>\n<li> 1 x Bruksanvisning<\/li>\n<\/ul>\n","protected":false},"excerpt":{"rendered":"<p>Letar du efter en b\u00e4ddsoffa att slappna av p\u00e5 efter jobbet eller f\u00f6r att erbjuda g\u00e4ster fler sittplatser? [BRAND NAME]&#8230;<\/p>\n","protected":false},"featured_media":101649,"template":"","meta":[],"product_brand":[],"product_cat":[521,871,1104,910],"product_tag":[],"class_list":{"0":"post-101659","1":"product","2":"type-product","3":"status-publish","4":"has-post-thumbnail","6":"product_cat-fatolj","7":"product_cat-hus-hem","8":"product_cat-sitzsacke-bodensessel","9":"product_cat-vardagsrum","11":"first","12":"instock","13":"sale","14":"taxable","15":"shipping-taxable","16":"purchasable","17":"product-type-simple"},"yoast_head":"<!-- This site is optimized with the Yoast SEO plugin v25.4 - https:\/\/yoast.com\/wordpress\/plugins\/seo\/ -->\n<title>TRUUSK Golvsoffa - Stoppad - Omvandlingsbar till Madrass - Skum - Kuddar - Gr\u00e5 - TRUUSK - Hem, Tr\u00e4dg\u00e5rd &amp; Fritid<\/title>\n<meta name=\"robots\" content=\"index, follow, max-snippet:-1, max-image-preview:large, max-video-preview:-1\" \/>\n<link rel=\"canonical\" href=\"https:\/\/truusk.store\/sv\/produkt\/truusk-golvsoffa-stoppad-omvandlingsbar-till-madrass-skum-kuddar-gra\/\" \/>\n<meta property=\"og:locale\" content=\"sv_SE\" \/>\n<meta property=\"og:type\" content=\"article\" \/>\n<meta property=\"og:title\" content=\"TRUUSK Golvsoffa - Stoppad - Omvandlingsbar till Madrass - Skum - Kuddar - Gr\u00e5 - TRUUSK - Hem, Tr\u00e4dg\u00e5rd &amp; Fritid\" \/>\n<meta property=\"og:description\" content=\"Letar du efter en b\u00e4ddsoffa att slappna av p\u00e5 efter jobbet eller f\u00f6r att erbjuda g\u00e4ster fler sittplatser? [BRAND NAME]...\" \/>\n<meta property=\"og:url\" content=\"https:\/\/truusk.store\/sv\/produkt\/truusk-golvsoffa-stoppad-omvandlingsbar-till-madrass-skum-kuddar-gra\/\" \/>\n<meta property=\"og:site_name\" content=\"TRUUSK - Hem, Tr\u00e4dg\u00e5rd &amp; Fritid\" \/>\n<meta property=\"article:modified_time\" content=\"2026-03-12T07:45:21+00:00\" \/>\n<meta property=\"og:image\" content=\"https:\/\/i0.wp.com\/truusk.se\/wp-content\/uploads\/2026\/01\/golvsoffa-stoppad-soffa-omvandlingsbar-till-madrass-skum-kuddar-gra-1.webp?fit=2000%2C2000&ssl=1\" \/>\n\t<meta property=\"og:image:width\" content=\"2000\" \/>\n\t<meta property=\"og:image:height\" content=\"2000\" \/>\n\t<meta property=\"og:image:type\" content=\"image\/webp\" \/>\n<meta name=\"twitter:card\" content=\"summary_large_image\" \/>\n<meta name=\"twitter:label1\" content=\"Ber\u00e4knad l\u00e4stid\" \/>\n\t<meta name=\"twitter:data1\" content=\"1 minut\" \/>\n<!-- \/ Yoast SEO plugin. -->","yoast_head_json":{"title":"TRUUSK Golvsoffa - Stoppad - Omvandlingsbar till Madrass - Skum - Kuddar - Gr\u00e5 - TRUUSK - Hem, Tr\u00e4dg\u00e5rd &amp; Fritid","robots":{"index":"index","follow":"follow","max-snippet":"max-snippet:-1","max-image-preview":"max-image-preview:large","max-video-preview":"max-video-preview:-1"},"canonical":"https:\/\/truusk.store\/sv\/produkt\/truusk-golvsoffa-stoppad-omvandlingsbar-till-madrass-skum-kuddar-gra\/","og_locale":"sv_SE","og_type":"article","og_title":"TRUUSK Golvsoffa - Stoppad - Omvandlingsbar till Madrass - Skum - Kuddar - Gr\u00e5 - TRUUSK - Hem, Tr\u00e4dg\u00e5rd &amp; Fritid","og_description":"Letar du efter en b\u00e4ddsoffa att slappna av p\u00e5 efter jobbet eller f\u00f6r att erbjuda g\u00e4ster fler sittplatser? [BRAND NAME]...","og_url":"https:\/\/truusk.store\/sv\/produkt\/truusk-golvsoffa-stoppad-omvandlingsbar-till-madrass-skum-kuddar-gra\/","og_site_name":"TRUUSK - Hem, Tr\u00e4dg\u00e5rd &amp; Fritid","article_modified_time":"2026-03-12T07:45:21+00:00","og_image":[{"width":2000,"height":2000,"url":"https:\/\/i0.wp.com\/truusk.se\/wp-content\/uploads\/2026\/01\/golvsoffa-stoppad-soffa-omvandlingsbar-till-madrass-skum-kuddar-gra-1.webp?fit=2000%2C2000&ssl=1","type":"image\/webp"}],"twitter_card":"summary_large_image","twitter_misc":{"Ber\u00e4knad l\u00e4stid":"1 minut"},"schema":{"@context":"https:\/\/schema.org","@graph":[{"@type":"WebPage","@id":"https:\/\/truusk.store\/sv\/produkt\/truusk-golvsoffa-stoppad-omvandlingsbar-till-madrass-skum-kuddar-gra\/","url":"https:\/\/truusk.store\/sv\/produkt\/truusk-golvsoffa-stoppad-omvandlingsbar-till-madrass-skum-kuddar-gra\/","name":"TRUUSK Golvsoffa - Stoppad - Omvandlingsbar till Madrass - Skum - Kuddar - Gr\u00e5 - TRUUSK - Hem, Tr\u00e4dg\u00e5rd &amp; Fritid","isPartOf":{"@id":"https:\/\/truusk.store\/sv\/#website"},"primaryImageOfPage":{"@id":"https:\/\/truusk.store\/sv\/produkt\/truusk-golvsoffa-stoppad-omvandlingsbar-till-madrass-skum-kuddar-gra\/#primaryimage"},"image":{"@id":"https:\/\/truusk.store\/sv\/produkt\/truusk-golvsoffa-stoppad-omvandlingsbar-till-madrass-skum-kuddar-gra\/#primaryimage"},"thumbnailUrl":"https:\/\/i0.wp.com\/truusk.store\/wp-content\/uploads\/2026\/01\/golvsoffa-stoppad-soffa-omvandlingsbar-till-madrass-skum-kuddar-gra-1.webp?fit=2000%2C2000&ssl=1","datePublished":"2026-01-28T04:54:05+00:00","dateModified":"2026-03-12T07:45:21+00:00","breadcrumb":{"@id":"https:\/\/truusk.store\/sv\/produkt\/truusk-golvsoffa-stoppad-omvandlingsbar-till-madrass-skum-kuddar-gra\/#breadcrumb"},"inLanguage":"sv-SE","potentialAction":[{"@type":"ReadAction","target":["https:\/\/truusk.store\/sv\/produkt\/truusk-golvsoffa-stoppad-omvandlingsbar-till-madrass-skum-kuddar-gra\/"]}]},{"@type":"ImageObject","inLanguage":"sv-SE","@id":"https:\/\/truusk.store\/sv\/produkt\/truusk-golvsoffa-stoppad-omvandlingsbar-till-madrass-skum-kuddar-gra\/#primaryimage","url":"https:\/\/i0.wp.com\/truusk.store\/wp-content\/uploads\/2026\/01\/golvsoffa-stoppad-soffa-omvandlingsbar-till-madrass-skum-kuddar-gra-1.webp?fit=2000%2C2000&ssl=1","contentUrl":"https:\/\/i0.wp.com\/truusk.store\/wp-content\/uploads\/2026\/01\/golvsoffa-stoppad-soffa-omvandlingsbar-till-madrass-skum-kuddar-gra-1.webp?fit=2000%2C2000&ssl=1","width":2000,"height":2000},{"@type":"BreadcrumbList","@id":"https:\/\/truusk.store\/sv\/produkt\/truusk-golvsoffa-stoppad-omvandlingsbar-till-madrass-skum-kuddar-gra\/#breadcrumb","itemListElement":[{"@type":"ListItem","position":1,"name":"Home","item":"https:\/\/truusk.store\/sv\/"},{"@type":"ListItem","position":2,"name":"Shop","item":"https:\/\/truusk.store\/shop\/"},{"@type":"ListItem","position":3,"name":"TRUUSK Golvsoffa &#8211; Stoppad &#8211; Omvandlingsbar till Madrass &#8211; Skum &#8211; Kuddar &#8211; Gr\u00e5"}]},{"@type":"WebSite","@id":"https:\/\/truusk.store\/sv\/#website","url":"https:\/\/truusk.store\/sv\/","name":"TRUUSK - Hem, Tr\u00e4dg\u00e5rd & Fritid","description":"","publisher":{"@id":"https:\/\/truusk.store\/sv\/#organization"},"potentialAction":[{"@type":"SearchAction","target":{"@type":"EntryPoint","urlTemplate":"https:\/\/truusk.store\/sv\/?s={search_term_string}"},"query-input":{"@type":"PropertyValueSpecification","valueRequired":true,"valueName":"search_term_string"}}],"inLanguage":"sv-SE"},{"@type":"Organization","@id":"https:\/\/truusk.store\/sv\/#organization","name":"TRUUSK - Hem, Tr\u00e4dg\u00e5rd & Fritid","url":"https:\/\/truusk.store\/sv\/","logo":{"@type":"ImageObject","inLanguage":"sv-SE","@id":"https:\/\/truusk.store\/sv\/#\/schema\/logo\/image\/","url":"https:\/\/i0.wp.com\/truusk.store\/wp-content\/uploads\/2026\/03\/cropped-TRUUSK.png?fit=2032%2C917&ssl=1","contentUrl":"https:\/\/i0.wp.com\/truusk.store\/wp-content\/uploads\/2026\/03\/cropped-TRUUSK.png?fit=2032%2C917&ssl=1","width":2032,"height":917,"caption":"TRUUSK - Hem, Tr\u00e4dg\u00e5rd & Fritid"},"image":{"@id":"https:\/\/truusk.store\/sv\/#\/schema\/logo\/image\/"}}]}},"jetpack_sharing_enabled":true,"_links":{"self":[{"href":"https:\/\/truusk.store\/sv\/wp-json\/wp\/v2\/product\/101659","targetHints":{"allow":["GET"]}}],"collection":[{"href":"https:\/\/truusk.store\/sv\/wp-json\/wp\/v2\/product"}],"about":[{"href":"https:\/\/truusk.store\/sv\/wp-json\/wp\/v2\/types\/product"}],"wp:featuredmedia":[{"embeddable":true,"href":"https:\/\/truusk.store\/sv\/wp-json\/wp\/v2\/media\/101649"}],"wp:attachment":[{"href":"https:\/\/truusk.store\/sv\/wp-json\/wp\/v2\/media?parent=101659"}],"wp:term":[{"taxonomy":"product_brand","embeddable":true,"href":"https:\/\/truusk.store\/sv\/wp-json\/wp\/v2\/product_brand?post=101659"},{"taxonomy":"product_cat","embeddable":true,"href":"https:\/\/truusk.store\/sv\/wp-json\/wp\/v2\/product_cat?post=101659"},{"taxonomy":"product_tag","embeddable":true,"href":"https:\/\/truusk.store\/sv\/wp-json\/wp\/v2\/product_tag?post=101659"}],"curies":[{"name":"wp","href":"https:\/\/api.w.org\/{rel}","templated":true}]}}