{"id":101678,"date":"2026-01-28T05:56:01","date_gmt":"2026-01-28T04:56:01","guid":{"rendered":"https:\/\/truusk.store\/product\/barns-elektriska-bil-12v-med-24-ghz-fjarrkontroll-2-motorer-tuta-led-musik-for-3-8-ar-rosa\/"},"modified":"2026-03-12T08:46:17","modified_gmt":"2026-03-12T07:46:17","slug":"truusk-elektrisk-bil-12v-med-fjarrkontroll-2-motorer-tuta-led-musik-for-barn-3-8-ar-rosa","status":"publish","type":"product","link":"https:\/\/truusk.store\/sv\/produkt\/truusk-elektrisk-bil-12v-med-fjarrkontroll-2-motorer-tuta-led-musik-for-barn-3-8-ar-rosa\/","title":{"rendered":"TRUUSK Elektrisk Bil 12V med Fj\u00e4rrkontroll &#8211; 2 Motorer &#8211; Tuta &#8211; LED &#8211; Musik &#8211; F\u00f6r Barn 3-8 \u00e5r &#8211; Rosa"},"content":{"rendered":"<p>Med [BRAND NAME] 12V barns elbil blir leken en upplevelse. Utrustad med tv\u00e5 motorer k\u00f6r den upp till 60 minuter p\u00e5 olika underlag. Den mjuka fj\u00e4dringen och den progressiva startprocessen ger extra s\u00e4kerhet. Fj\u00e4rrkontrollen g\u00f6r det m\u00f6jligt f\u00f6r f\u00f6r\u00e4ldrarna att styra. Barnbilen n\u00e5r hastigheter upp till 5 km\/h, har USB-musik och str\u00e5lkastare f\u00f6r realistisk lekgl\u00e4dje.<\/p>\n<p>Beskrivning:<\/p>\n<ul>\n<li> 12V elbil f\u00f6r barn med tv\u00e5 motorer och upp till 60 minuters k\u00f6rtid<\/li>\n<li> Mjuk start och fj\u00e4dring ger mjuk k\u00f6rning p\u00e5 olika underlag<\/li>\n<li> Fj\u00e4rrstyrning med tre hastighetsniv\u00e5er eller sj\u00e4lvst\u00e4ndig k\u00f6rning m\u00f6jlig<\/li>\n<li> Denna barnbil har ett unikt startsystem, USB-port, musikspelare, horn och str\u00e5lkastare<\/li>\n<li> S\u00e4kerhetsb\u00e4lte och batteriindikator \u00f6kar s\u00e4kerheten och komforten<\/li>\n<li> Montering kr\u00e4vs<\/li>\n<\/ul>\n<p> Tekniska data:<\/p>\n<ul>\n<li> F\u00e4rg: Rosa<\/li>\n<li> Material: Plast, metall<\/li>\n<li> M\u00e5tt: 95L x 62,5B x 65H cm<\/li>\n<li> Sitsyta: 35,5B x 19T cm<\/li>\n<li> Sitth\u00f6jd: 32 cm (fr\u00e5n golvet)<\/li>\n<li> R\u00e4ckvidd f\u00f6r fj\u00e4rrkontroll: 30 m<\/li>\n<li> Hastighet: 3\u20135 km\/h<\/li>\n<li> Batteri: 12 V 4,5 Ah<\/li>\n<li> Motor: 2 x 12 V<\/li>\n<li> Laddningstid: 8\u201312 timmar<\/li>\n<li> K\u00f6rtid: 60 minuter<\/li>\n<li> Maximal belastning: 30 kg<\/li>\n<li> Godk\u00e4nd \u00e5lder: fr\u00e5n 3 \u00e5r<\/li>\n<li> Rekommenderad \u00e5lder: 3\u20138 \u00e5r<\/li>\n<li> Sittplatser: 1 person<\/li>\n<li> Registreringsskylt: 12L x 3B cm<\/li>\n<li> Not 1: Barn b\u00f6r alltid \u00f6vervakas n\u00e4r de anv\u00e4nder detta fordon<\/li>\n<li> Not 2: F\u00f6r fj\u00e4rrkontrollen beh\u00f6vs 2 AAA-batterier med 1,5 V (ing\u00e5r ej)<\/li>\n<\/ul>\n<p>Leveransinneh\u00e5ll:<\/p>\n<ul>\n<li> 1 x elektrisk barnbil<\/li>\n<li> 1 x fj\u00e4rrkontroll<\/li>\n<li> 1 x bruksanvisning<\/li>\n<\/ul>\n","protected":false},"excerpt":{"rendered":"<p>Med [BRAND NAME] 12V barns elbil blir leken en upplevelse. Utrustad med tv\u00e5 motorer k\u00f6r den upp till 60 minuter&#8230;<\/p>\n","protected":false},"featured_media":101669,"template":"","meta":[],"product_brand":[],"product_cat":[880,610,1066],"product_tag":[],"class_list":{"0":"post-101678","1":"product","2":"type-product","3":"status-publish","4":"has-post-thumbnail","6":"product_cat-baby-barn-2","7":"product_cat-barnfordon","8":"product_cat-barns-elbilar","10":"first","11":"instock","12":"sale","13":"taxable","14":"shipping-taxable","15":"purchasable","16":"product-type-simple"},"yoast_head":"<!-- This site is optimized with the Yoast SEO plugin v25.4 - https:\/\/yoast.com\/wordpress\/plugins\/seo\/ -->\n<title>TRUUSK Elektrisk Bil 12V med Fj\u00e4rrkontroll - 2 Motorer - Tuta - LED - Musik - F\u00f6r Barn 3-8 \u00e5r - Rosa - TRUUSK - Hem, Tr\u00e4dg\u00e5rd &amp; Fritid<\/title>\n<meta name=\"robots\" content=\"index, follow, max-snippet:-1, max-image-preview:large, max-video-preview:-1\" \/>\n<link rel=\"canonical\" href=\"https:\/\/truusk.store\/sv\/produkt\/truusk-elektrisk-bil-12v-med-fjarrkontroll-2-motorer-tuta-led-musik-for-barn-3-8-ar-rosa\/\" \/>\n<meta property=\"og:locale\" content=\"sv_SE\" \/>\n<meta property=\"og:type\" content=\"article\" \/>\n<meta property=\"og:title\" content=\"TRUUSK Elektrisk Bil 12V med Fj\u00e4rrkontroll - 2 Motorer - Tuta - LED - Musik - F\u00f6r Barn 3-8 \u00e5r - Rosa - TRUUSK - Hem, Tr\u00e4dg\u00e5rd &amp; Fritid\" \/>\n<meta property=\"og:description\" content=\"Med [BRAND NAME] 12V barns elbil blir leken en upplevelse. Utrustad med tv\u00e5 motorer k\u00f6r den upp till 60 minuter...\" \/>\n<meta property=\"og:url\" content=\"https:\/\/truusk.store\/sv\/produkt\/truusk-elektrisk-bil-12v-med-fjarrkontroll-2-motorer-tuta-led-musik-for-barn-3-8-ar-rosa\/\" \/>\n<meta property=\"og:site_name\" content=\"TRUUSK - Hem, Tr\u00e4dg\u00e5rd &amp; Fritid\" \/>\n<meta property=\"article:modified_time\" content=\"2026-03-12T07:46:17+00:00\" \/>\n<meta property=\"og:image\" content=\"https:\/\/i0.wp.com\/truusk.se\/wp-content\/uploads\/2026\/01\/barns-elektriska-bil-12v-med-24-ghz-fjarrkontroll-2-motorer-tuta-led-musik-for-3-8-ar-rosa-1.webp?fit=2000%2C2000&ssl=1\" \/>\n\t<meta property=\"og:image:width\" content=\"2000\" \/>\n\t<meta property=\"og:image:height\" content=\"2000\" \/>\n\t<meta property=\"og:image:type\" content=\"image\/webp\" \/>\n<meta name=\"twitter:card\" content=\"summary_large_image\" \/>\n<meta name=\"twitter:label1\" content=\"Ber\u00e4knad l\u00e4stid\" \/>\n\t<meta name=\"twitter:data1\" content=\"1 minut\" \/>\n<!-- \/ Yoast SEO plugin. -->","yoast_head_json":{"title":"TRUUSK Elektrisk Bil 12V med Fj\u00e4rrkontroll - 2 Motorer - Tuta - LED - Musik - F\u00f6r Barn 3-8 \u00e5r - Rosa - TRUUSK - Hem, Tr\u00e4dg\u00e5rd &amp; Fritid","robots":{"index":"index","follow":"follow","max-snippet":"max-snippet:-1","max-image-preview":"max-image-preview:large","max-video-preview":"max-video-preview:-1"},"canonical":"https:\/\/truusk.store\/sv\/produkt\/truusk-elektrisk-bil-12v-med-fjarrkontroll-2-motorer-tuta-led-musik-for-barn-3-8-ar-rosa\/","og_locale":"sv_SE","og_type":"article","og_title":"TRUUSK Elektrisk Bil 12V med Fj\u00e4rrkontroll - 2 Motorer - Tuta - LED - Musik - F\u00f6r Barn 3-8 \u00e5r - Rosa - TRUUSK - Hem, Tr\u00e4dg\u00e5rd &amp; Fritid","og_description":"Med [BRAND NAME] 12V barns elbil blir leken en upplevelse. Utrustad med tv\u00e5 motorer k\u00f6r den upp till 60 minuter...","og_url":"https:\/\/truusk.store\/sv\/produkt\/truusk-elektrisk-bil-12v-med-fjarrkontroll-2-motorer-tuta-led-musik-for-barn-3-8-ar-rosa\/","og_site_name":"TRUUSK - Hem, Tr\u00e4dg\u00e5rd &amp; Fritid","article_modified_time":"2026-03-12T07:46:17+00:00","og_image":[{"width":2000,"height":2000,"url":"https:\/\/i0.wp.com\/truusk.se\/wp-content\/uploads\/2026\/01\/barns-elektriska-bil-12v-med-24-ghz-fjarrkontroll-2-motorer-tuta-led-musik-for-3-8-ar-rosa-1.webp?fit=2000%2C2000&ssl=1","type":"image\/webp"}],"twitter_card":"summary_large_image","twitter_misc":{"Ber\u00e4knad l\u00e4stid":"1 minut"},"schema":{"@context":"https:\/\/schema.org","@graph":[{"@type":"WebPage","@id":"https:\/\/truusk.store\/sv\/produkt\/truusk-elektrisk-bil-12v-med-fjarrkontroll-2-motorer-tuta-led-musik-for-barn-3-8-ar-rosa\/","url":"https:\/\/truusk.store\/sv\/produkt\/truusk-elektrisk-bil-12v-med-fjarrkontroll-2-motorer-tuta-led-musik-for-barn-3-8-ar-rosa\/","name":"TRUUSK Elektrisk Bil 12V med Fj\u00e4rrkontroll - 2 Motorer - Tuta - LED - Musik - F\u00f6r Barn 3-8 \u00e5r - Rosa - TRUUSK - Hem, Tr\u00e4dg\u00e5rd &amp; Fritid","isPartOf":{"@id":"https:\/\/truusk.store\/sv\/#website"},"primaryImageOfPage":{"@id":"https:\/\/truusk.store\/sv\/produkt\/truusk-elektrisk-bil-12v-med-fjarrkontroll-2-motorer-tuta-led-musik-for-barn-3-8-ar-rosa\/#primaryimage"},"image":{"@id":"https:\/\/truusk.store\/sv\/produkt\/truusk-elektrisk-bil-12v-med-fjarrkontroll-2-motorer-tuta-led-musik-for-barn-3-8-ar-rosa\/#primaryimage"},"thumbnailUrl":"https:\/\/i0.wp.com\/truusk.store\/wp-content\/uploads\/2026\/01\/barns-elektriska-bil-12v-med-24-ghz-fjarrkontroll-2-motorer-tuta-led-musik-for-3-8-ar-rosa-1.webp?fit=2000%2C2000&ssl=1","datePublished":"2026-01-28T04:56:01+00:00","dateModified":"2026-03-12T07:46:17+00:00","breadcrumb":{"@id":"https:\/\/truusk.store\/sv\/produkt\/truusk-elektrisk-bil-12v-med-fjarrkontroll-2-motorer-tuta-led-musik-for-barn-3-8-ar-rosa\/#breadcrumb"},"inLanguage":"sv-SE","potentialAction":[{"@type":"ReadAction","target":["https:\/\/truusk.store\/sv\/produkt\/truusk-elektrisk-bil-12v-med-fjarrkontroll-2-motorer-tuta-led-musik-for-barn-3-8-ar-rosa\/"]}]},{"@type":"ImageObject","inLanguage":"sv-SE","@id":"https:\/\/truusk.store\/sv\/produkt\/truusk-elektrisk-bil-12v-med-fjarrkontroll-2-motorer-tuta-led-musik-for-barn-3-8-ar-rosa\/#primaryimage","url":"https:\/\/i0.wp.com\/truusk.store\/wp-content\/uploads\/2026\/01\/barns-elektriska-bil-12v-med-24-ghz-fjarrkontroll-2-motorer-tuta-led-musik-for-3-8-ar-rosa-1.webp?fit=2000%2C2000&ssl=1","contentUrl":"https:\/\/i0.wp.com\/truusk.store\/wp-content\/uploads\/2026\/01\/barns-elektriska-bil-12v-med-24-ghz-fjarrkontroll-2-motorer-tuta-led-musik-for-3-8-ar-rosa-1.webp?fit=2000%2C2000&ssl=1","width":2000,"height":2000},{"@type":"BreadcrumbList","@id":"https:\/\/truusk.store\/sv\/produkt\/truusk-elektrisk-bil-12v-med-fjarrkontroll-2-motorer-tuta-led-musik-for-barn-3-8-ar-rosa\/#breadcrumb","itemListElement":[{"@type":"ListItem","position":1,"name":"Home","item":"https:\/\/truusk.store\/sv\/"},{"@type":"ListItem","position":2,"name":"Shop","item":"https:\/\/truusk.store\/shop\/"},{"@type":"ListItem","position":3,"name":"TRUUSK Elektrisk Bil 12V med Fj\u00e4rrkontroll &#8211; 2 Motorer &#8211; Tuta &#8211; LED &#8211; Musik &#8211; F\u00f6r Barn 3-8 \u00e5r &#8211; Rosa"}]},{"@type":"WebSite","@id":"https:\/\/truusk.store\/sv\/#website","url":"https:\/\/truusk.store\/sv\/","name":"TRUUSK - Hem, Tr\u00e4dg\u00e5rd & Fritid","description":"","publisher":{"@id":"https:\/\/truusk.store\/sv\/#organization"},"potentialAction":[{"@type":"SearchAction","target":{"@type":"EntryPoint","urlTemplate":"https:\/\/truusk.store\/sv\/?s={search_term_string}"},"query-input":{"@type":"PropertyValueSpecification","valueRequired":true,"valueName":"search_term_string"}}],"inLanguage":"sv-SE"},{"@type":"Organization","@id":"https:\/\/truusk.store\/sv\/#organization","name":"TRUUSK - Hem, Tr\u00e4dg\u00e5rd & Fritid","url":"https:\/\/truusk.store\/sv\/","logo":{"@type":"ImageObject","inLanguage":"sv-SE","@id":"https:\/\/truusk.store\/sv\/#\/schema\/logo\/image\/","url":"https:\/\/i0.wp.com\/truusk.store\/wp-content\/uploads\/2026\/03\/cropped-TRUUSK.png?fit=2032%2C917&ssl=1","contentUrl":"https:\/\/i0.wp.com\/truusk.store\/wp-content\/uploads\/2026\/03\/cropped-TRUUSK.png?fit=2032%2C917&ssl=1","width":2032,"height":917,"caption":"TRUUSK - Hem, Tr\u00e4dg\u00e5rd & Fritid"},"image":{"@id":"https:\/\/truusk.store\/sv\/#\/schema\/logo\/image\/"}}]}},"jetpack_sharing_enabled":true,"_links":{"self":[{"href":"https:\/\/truusk.store\/sv\/wp-json\/wp\/v2\/product\/101678","targetHints":{"allow":["GET"]}}],"collection":[{"href":"https:\/\/truusk.store\/sv\/wp-json\/wp\/v2\/product"}],"about":[{"href":"https:\/\/truusk.store\/sv\/wp-json\/wp\/v2\/types\/product"}],"wp:featuredmedia":[{"embeddable":true,"href":"https:\/\/truusk.store\/sv\/wp-json\/wp\/v2\/media\/101669"}],"wp:attachment":[{"href":"https:\/\/truusk.store\/sv\/wp-json\/wp\/v2\/media?parent=101678"}],"wp:term":[{"taxonomy":"product_brand","embeddable":true,"href":"https:\/\/truusk.store\/sv\/wp-json\/wp\/v2\/product_brand?post=101678"},{"taxonomy":"product_cat","embeddable":true,"href":"https:\/\/truusk.store\/sv\/wp-json\/wp\/v2\/product_cat?post=101678"},{"taxonomy":"product_tag","embeddable":true,"href":"https:\/\/truusk.store\/sv\/wp-json\/wp\/v2\/product_tag?post=101678"}],"curies":[{"name":"wp","href":"https:\/\/api.w.org\/{rel}","templated":true}]}}