{"id":101688,"date":"2026-01-28T05:56:52","date_gmt":"2026-01-28T04:56:52","guid":{"rendered":"https:\/\/truusk.store\/product\/7-delars-set-klatterblock-for-spadbarn-smabarn-mjukt-klatterset-for-inomhusbruk-tyg-skum-fargglad\/"},"modified":"2026-03-12T08:46:26","modified_gmt":"2026-03-12T07:46:26","slug":"truusk-7-delars-klatterblock-set-for-spadbarn-smabarn-mjukt-tyg-och-skum-inomhusbruk-fargglad","status":"publish","type":"product","link":"https:\/\/truusk.store\/sv\/produkt\/truusk-7-delars-klatterblock-set-for-spadbarn-smabarn-mjukt-tyg-och-skum-inomhusbruk-fargglad\/","title":{"rendered":"TRUUSK 7-delars Kl\u00e4tterblock Set f\u00f6r Sp\u00e4dbarn &amp; Sm\u00e5barn &#8211; Mjukt Tyg och Skum &#8211; Inomhusbruk &#8211; F\u00e4rgglad"},"content":{"rendered":"<p>F\u00f6rvandla ditt hem till en s\u00e4ker uppt\u00e4ckarv\u00e4rld med [BRAND NAME] baby skumbyggklossar. Dessa sju m\u00e5ngsidiga element, inklusive ramper och b\u00e5gar, stimulerar kreativitet och fysisk utveckling hos sm\u00e5barn. Tillverkade av tyg och fyllda med t\u00e4t skum, ger de komfort och s\u00e4kerhet genom att undvika skarpa kanter. Det avtagbara \u00f6verdraget p\u00e5 de stora byggklossarna g\u00f6r dessutom reng\u00f6ringen l\u00e4tt.<\/p>\n<p>Beskrivning:<\/p>\n<ul>\n<li> Inneh\u00e5ller 7 former f\u00f6r varierande kl\u00e4ttring, glidning och byggande<\/li>\n<li> Mjukt tyg\u00f6verdrag och t\u00e4t skum i mjuka byggklossar ger en mjuk, s\u00e4ker lek<\/li>\n<li> Avtagbart, tv\u00e4ttbart \u00f6verdrag h\u00e5ller blocken fr\u00e4scha och underl\u00e4ttar reng\u00f6ring<\/li>\n<li> L\u00e4tta delar \u00e4r l\u00e4tta att flytta och stapla, sparar plats hemma<\/li>\n<li> Moderna f\u00e4rger p\u00e5 de stora byggklossarna passar perfekt in i alla rum<\/li>\n<li> L\u00e4mplig f\u00f6r vardagsrum, barnrum eller lekrum, passar i de flesta rum<\/li>\n<li> St\u00f6djer ensam lek eller gemensam lek, fr\u00e4mjar kreativitet och f\u00e4rdigheter<\/li>\n<\/ul>\n<p> Tekniska data:<\/p>\n<ul>\n<li> F\u00e4rg: Gr\u00e5+Beige+Gul<\/li>\n<li> Material: Tyg, Skum<\/li>\n<li> Vikbar sluttning storlek: 50B x 40T x 25H cm<\/li>\n<li> 3-stegs sluttning storlek: 45B x 40T x 25H cm<\/li>\n<li> B\u00e5ge storlek: 55B x 20T x 36H cm<\/li>\n<li> Halvrund storlek: 35B x 20T x 20H cm<\/li>\n<li> R\u00e4fflad blockstorlek: 45B x 20T x 25H cm<\/li>\n<li> Trefaldig vikbar matta storlek: 60L x 40B x 3H cm<\/li>\n<li> Rekommenderad \u00e5lder: 0,5-3 \u00e5r<\/li>\n<li> Rekommenderad h\u00f6jd: under 110 cm<\/li>\n<li> Maximal belastning: 15 kg<\/li>\n<\/ul>\n<p>Leverans inneh\u00e5ller:<\/p>\n<ul>\n<li> 7 x Mjuka lekmattor<\/li>\n<li> 1 x Handbok<\/li>\n<\/ul>\n","protected":false},"excerpt":{"rendered":"<p>F\u00f6rvandla ditt hem till en s\u00e4ker uppt\u00e4ckarv\u00e4rld med [BRAND NAME] baby skumbyggklossar. Dessa sju m\u00e5ngsidiga element, inklusive ramper och b\u00e5gar,&#8230;<\/p>\n","protected":false},"featured_media":101679,"template":"","meta":[],"product_brand":[],"product_cat":[880,919,918],"product_tag":[],"class_list":{"0":"post-101688","1":"product","2":"type-product","3":"status-publish","4":"has-post-thumbnail","6":"product_cat-baby-barn-2","7":"product_cat-byggklossar","8":"product_cat-leksaker","10":"first","11":"instock","12":"sale","13":"taxable","14":"shipping-taxable","15":"purchasable","16":"product-type-simple"},"yoast_head":"<!-- This site is optimized with the Yoast SEO plugin v25.4 - https:\/\/yoast.com\/wordpress\/plugins\/seo\/ -->\n<title>TRUUSK 7-delars Kl\u00e4tterblock Set f\u00f6r Sp\u00e4dbarn &amp; Sm\u00e5barn - Mjukt Tyg och Skum - Inomhusbruk - F\u00e4rgglad - TRUUSK - Hem, Tr\u00e4dg\u00e5rd &amp; Fritid<\/title>\n<meta name=\"robots\" content=\"index, follow, max-snippet:-1, max-image-preview:large, max-video-preview:-1\" \/>\n<link rel=\"canonical\" href=\"https:\/\/truusk.store\/sv\/produkt\/truusk-7-delars-klatterblock-set-for-spadbarn-smabarn-mjukt-tyg-och-skum-inomhusbruk-fargglad\/\" \/>\n<meta property=\"og:locale\" content=\"sv_SE\" \/>\n<meta property=\"og:type\" content=\"article\" \/>\n<meta property=\"og:title\" content=\"TRUUSK 7-delars Kl\u00e4tterblock Set f\u00f6r Sp\u00e4dbarn &amp; Sm\u00e5barn - Mjukt Tyg och Skum - Inomhusbruk - F\u00e4rgglad - TRUUSK - Hem, Tr\u00e4dg\u00e5rd &amp; Fritid\" \/>\n<meta property=\"og:description\" content=\"F\u00f6rvandla ditt hem till en s\u00e4ker uppt\u00e4ckarv\u00e4rld med [BRAND NAME] baby skumbyggklossar. Dessa sju m\u00e5ngsidiga element, inklusive ramper och b\u00e5gar,...\" \/>\n<meta property=\"og:url\" content=\"https:\/\/truusk.store\/sv\/produkt\/truusk-7-delars-klatterblock-set-for-spadbarn-smabarn-mjukt-tyg-och-skum-inomhusbruk-fargglad\/\" \/>\n<meta property=\"og:site_name\" content=\"TRUUSK - Hem, Tr\u00e4dg\u00e5rd &amp; Fritid\" \/>\n<meta property=\"article:modified_time\" content=\"2026-03-12T07:46:26+00:00\" \/>\n<meta property=\"og:image\" content=\"https:\/\/i0.wp.com\/truusk.se\/wp-content\/uploads\/2026\/01\/7-delars-set-klatterblock-for-spadbarn-smabarn-mjukt-klatterset-for-inomhusbruk-tyg-skum-fargglad-1.webp?fit=2000%2C2000&ssl=1\" \/>\n\t<meta property=\"og:image:width\" content=\"2000\" \/>\n\t<meta property=\"og:image:height\" content=\"2000\" \/>\n\t<meta property=\"og:image:type\" content=\"image\/webp\" \/>\n<meta name=\"twitter:card\" content=\"summary_large_image\" \/>\n<meta name=\"twitter:label1\" content=\"Ber\u00e4knad l\u00e4stid\" \/>\n\t<meta name=\"twitter:data1\" content=\"1 minut\" \/>\n<!-- \/ Yoast SEO plugin. -->","yoast_head_json":{"title":"TRUUSK 7-delars Kl\u00e4tterblock Set f\u00f6r Sp\u00e4dbarn &amp; Sm\u00e5barn - Mjukt Tyg och Skum - Inomhusbruk - F\u00e4rgglad - TRUUSK - Hem, Tr\u00e4dg\u00e5rd &amp; Fritid","robots":{"index":"index","follow":"follow","max-snippet":"max-snippet:-1","max-image-preview":"max-image-preview:large","max-video-preview":"max-video-preview:-1"},"canonical":"https:\/\/truusk.store\/sv\/produkt\/truusk-7-delars-klatterblock-set-for-spadbarn-smabarn-mjukt-tyg-och-skum-inomhusbruk-fargglad\/","og_locale":"sv_SE","og_type":"article","og_title":"TRUUSK 7-delars Kl\u00e4tterblock Set f\u00f6r Sp\u00e4dbarn &amp; Sm\u00e5barn - Mjukt Tyg och Skum - Inomhusbruk - F\u00e4rgglad - TRUUSK - Hem, Tr\u00e4dg\u00e5rd &amp; Fritid","og_description":"F\u00f6rvandla ditt hem till en s\u00e4ker uppt\u00e4ckarv\u00e4rld med [BRAND NAME] baby skumbyggklossar. Dessa sju m\u00e5ngsidiga element, inklusive ramper och b\u00e5gar,...","og_url":"https:\/\/truusk.store\/sv\/produkt\/truusk-7-delars-klatterblock-set-for-spadbarn-smabarn-mjukt-tyg-och-skum-inomhusbruk-fargglad\/","og_site_name":"TRUUSK - Hem, Tr\u00e4dg\u00e5rd &amp; Fritid","article_modified_time":"2026-03-12T07:46:26+00:00","og_image":[{"width":2000,"height":2000,"url":"https:\/\/i0.wp.com\/truusk.se\/wp-content\/uploads\/2026\/01\/7-delars-set-klatterblock-for-spadbarn-smabarn-mjukt-klatterset-for-inomhusbruk-tyg-skum-fargglad-1.webp?fit=2000%2C2000&ssl=1","type":"image\/webp"}],"twitter_card":"summary_large_image","twitter_misc":{"Ber\u00e4knad l\u00e4stid":"1 minut"},"schema":{"@context":"https:\/\/schema.org","@graph":[{"@type":"WebPage","@id":"https:\/\/truusk.store\/sv\/produkt\/truusk-7-delars-klatterblock-set-for-spadbarn-smabarn-mjukt-tyg-och-skum-inomhusbruk-fargglad\/","url":"https:\/\/truusk.store\/sv\/produkt\/truusk-7-delars-klatterblock-set-for-spadbarn-smabarn-mjukt-tyg-och-skum-inomhusbruk-fargglad\/","name":"TRUUSK 7-delars Kl\u00e4tterblock Set f\u00f6r Sp\u00e4dbarn &amp; Sm\u00e5barn - Mjukt Tyg och Skum - Inomhusbruk - F\u00e4rgglad - TRUUSK - Hem, Tr\u00e4dg\u00e5rd &amp; Fritid","isPartOf":{"@id":"https:\/\/truusk.store\/sv\/#website"},"primaryImageOfPage":{"@id":"https:\/\/truusk.store\/sv\/produkt\/truusk-7-delars-klatterblock-set-for-spadbarn-smabarn-mjukt-tyg-och-skum-inomhusbruk-fargglad\/#primaryimage"},"image":{"@id":"https:\/\/truusk.store\/sv\/produkt\/truusk-7-delars-klatterblock-set-for-spadbarn-smabarn-mjukt-tyg-och-skum-inomhusbruk-fargglad\/#primaryimage"},"thumbnailUrl":"https:\/\/i0.wp.com\/truusk.store\/wp-content\/uploads\/2026\/01\/7-delars-set-klatterblock-for-spadbarn-smabarn-mjukt-klatterset-for-inomhusbruk-tyg-skum-fargglad-1.webp?fit=2000%2C2000&ssl=1","datePublished":"2026-01-28T04:56:52+00:00","dateModified":"2026-03-12T07:46:26+00:00","breadcrumb":{"@id":"https:\/\/truusk.store\/sv\/produkt\/truusk-7-delars-klatterblock-set-for-spadbarn-smabarn-mjukt-tyg-och-skum-inomhusbruk-fargglad\/#breadcrumb"},"inLanguage":"sv-SE","potentialAction":[{"@type":"ReadAction","target":["https:\/\/truusk.store\/sv\/produkt\/truusk-7-delars-klatterblock-set-for-spadbarn-smabarn-mjukt-tyg-och-skum-inomhusbruk-fargglad\/"]}]},{"@type":"ImageObject","inLanguage":"sv-SE","@id":"https:\/\/truusk.store\/sv\/produkt\/truusk-7-delars-klatterblock-set-for-spadbarn-smabarn-mjukt-tyg-och-skum-inomhusbruk-fargglad\/#primaryimage","url":"https:\/\/i0.wp.com\/truusk.store\/wp-content\/uploads\/2026\/01\/7-delars-set-klatterblock-for-spadbarn-smabarn-mjukt-klatterset-for-inomhusbruk-tyg-skum-fargglad-1.webp?fit=2000%2C2000&ssl=1","contentUrl":"https:\/\/i0.wp.com\/truusk.store\/wp-content\/uploads\/2026\/01\/7-delars-set-klatterblock-for-spadbarn-smabarn-mjukt-klatterset-for-inomhusbruk-tyg-skum-fargglad-1.webp?fit=2000%2C2000&ssl=1","width":2000,"height":2000},{"@type":"BreadcrumbList","@id":"https:\/\/truusk.store\/sv\/produkt\/truusk-7-delars-klatterblock-set-for-spadbarn-smabarn-mjukt-tyg-och-skum-inomhusbruk-fargglad\/#breadcrumb","itemListElement":[{"@type":"ListItem","position":1,"name":"Home","item":"https:\/\/truusk.store\/sv\/"},{"@type":"ListItem","position":2,"name":"Shop","item":"https:\/\/truusk.store\/shop\/"},{"@type":"ListItem","position":3,"name":"TRUUSK 7-delars Kl\u00e4tterblock Set f\u00f6r Sp\u00e4dbarn &amp; Sm\u00e5barn &#8211; Mjukt Tyg och Skum &#8211; Inomhusbruk &#8211; F\u00e4rgglad"}]},{"@type":"WebSite","@id":"https:\/\/truusk.store\/sv\/#website","url":"https:\/\/truusk.store\/sv\/","name":"TRUUSK - Hem, Tr\u00e4dg\u00e5rd & Fritid","description":"","publisher":{"@id":"https:\/\/truusk.store\/sv\/#organization"},"potentialAction":[{"@type":"SearchAction","target":{"@type":"EntryPoint","urlTemplate":"https:\/\/truusk.store\/sv\/?s={search_term_string}"},"query-input":{"@type":"PropertyValueSpecification","valueRequired":true,"valueName":"search_term_string"}}],"inLanguage":"sv-SE"},{"@type":"Organization","@id":"https:\/\/truusk.store\/sv\/#organization","name":"TRUUSK - Hem, Tr\u00e4dg\u00e5rd & Fritid","url":"https:\/\/truusk.store\/sv\/","logo":{"@type":"ImageObject","inLanguage":"sv-SE","@id":"https:\/\/truusk.store\/sv\/#\/schema\/logo\/image\/","url":"https:\/\/i0.wp.com\/truusk.store\/wp-content\/uploads\/2026\/03\/cropped-TRUUSK.png?fit=2032%2C917&ssl=1","contentUrl":"https:\/\/i0.wp.com\/truusk.store\/wp-content\/uploads\/2026\/03\/cropped-TRUUSK.png?fit=2032%2C917&ssl=1","width":2032,"height":917,"caption":"TRUUSK - Hem, Tr\u00e4dg\u00e5rd & Fritid"},"image":{"@id":"https:\/\/truusk.store\/sv\/#\/schema\/logo\/image\/"}}]}},"jetpack_sharing_enabled":true,"_links":{"self":[{"href":"https:\/\/truusk.store\/sv\/wp-json\/wp\/v2\/product\/101688","targetHints":{"allow":["GET"]}}],"collection":[{"href":"https:\/\/truusk.store\/sv\/wp-json\/wp\/v2\/product"}],"about":[{"href":"https:\/\/truusk.store\/sv\/wp-json\/wp\/v2\/types\/product"}],"wp:featuredmedia":[{"embeddable":true,"href":"https:\/\/truusk.store\/sv\/wp-json\/wp\/v2\/media\/101679"}],"wp:attachment":[{"href":"https:\/\/truusk.store\/sv\/wp-json\/wp\/v2\/media?parent=101688"}],"wp:term":[{"taxonomy":"product_brand","embeddable":true,"href":"https:\/\/truusk.store\/sv\/wp-json\/wp\/v2\/product_brand?post=101688"},{"taxonomy":"product_cat","embeddable":true,"href":"https:\/\/truusk.store\/sv\/wp-json\/wp\/v2\/product_cat?post=101688"},{"taxonomy":"product_tag","embeddable":true,"href":"https:\/\/truusk.store\/sv\/wp-json\/wp\/v2\/product_tag?post=101688"}],"curies":[{"name":"wp","href":"https:\/\/api.w.org\/{rel}","templated":true}]}}