{"id":101728,"date":"2026-01-28T06:01:08","date_gmt":"2026-01-28T05:01:08","guid":{"rendered":"https:\/\/truusk.store\/product\/kattlada-i-rostfritt-stal-med-oppen-design-och-skopa-hoga-kanter-for-stora-katter-upp-till-7-kg-602-x-402-x-297-cm-gra\/"},"modified":"2026-03-12T08:47:10","modified_gmt":"2026-03-12T07:47:10","slug":"truusk-kattlada-i-rostfritt-stal-med-oppen-design-och-skopa-hoga-kanter-for-stora-katter-upp-till-7-kg-gra","status":"publish","type":"product","link":"https:\/\/truusk.store\/sv\/produkt\/truusk-kattlada-i-rostfritt-stal-med-oppen-design-och-skopa-hoga-kanter-for-stora-katter-upp-till-7-kg-gra\/","title":{"rendered":"TRUUSK Kattl\u00e5da i Rostfritt St\u00e5l &#8211; Med \u00f6ppen Design och Skopa &#8211; H\u00f6ga Kanter f\u00f6r Stora Katter &#8211; Upp till 7 kg &#8211; Gr\u00e5"},"content":{"rendered":"<p>Du vill erbjuda din \u00e4lskling ett rent och bekv\u00e4mt hem varje dag, men lukter och smuts kan st\u00f6ra denna harmoni. [BRAND NAME] rostfritt st\u00e5l kattl\u00e5da erbjuder en hygienisk l\u00f6sning: Kattl\u00e5dan \u00e4r bakterie- och lukth\u00e4mmande och skapar s\u00e5ledes en fr\u00e4sch atmosf\u00e4r. Tack vare dess rymliga design har \u00e4ven stora katter tillr\u00e4ckligt med r\u00f6relsefrihet, medan de 15 cm h\u00f6ga sidov\u00e4ggarna f\u00f6rhindrar spill och g\u00f6r reng\u00f6ringen till en lek.<\/p>\n<p>Beskrivning:<\/p>\n<ul>\n<li> Tillverkad av 201 rostfritt st\u00e5l, motst\u00e5r bakterier och lukter f\u00f6r optimal hygien<\/li>\n<li> XL kattl\u00e5da l\u00e4mplig f\u00f6r katter upp till 7 kg, idealisk f\u00f6r hush\u00e5ll med flera katter<\/li>\n<li> 15 cm h\u00f6ga sidor av plast f\u00f6rhindrar att str\u00f6 och avfall kommer ut<\/li>\n<li> Ing\u00e5ngsomr\u00e5det med stora mellanrum samlar l\u00f6st str\u00f6 fr\u00e5n kattens tassar<\/li>\n<li> Robust rostfri st\u00e5lskopa f\u00f6r kattl\u00e5dan reng\u00f6r dubbelt s\u00e5 snabbt som plastskopor<\/li>\n<li> Non-stick rostfritt st\u00e5l kattstr\u00f6panna f\u00f6r enkel daglig reng\u00f6ring<\/li>\n<li> Snabb montering p\u00e5 5 minuter, inga verktyg eller komplicerade steg kr\u00e4vs<\/li>\n<\/ul>\n<p> Tekniska data:<\/p>\n<ul>\n<li> F\u00e4rg: Gr\u00e5<\/li>\n<li> Material: 201 rostfritt st\u00e5l, plast<\/li>\n<li> Totala dimensioner: 60,2L x 40,2B x 29,7H cm<\/li>\n<li> Storlek p\u00e5 kattstr\u00f6skopa: 25,5L x 10,5B x 3,5H cm<\/li>\n<li> Storlek p\u00e5 skopf\u00f6rvaringsfack: 14,9L x 5B cm<\/li>\n<li> Maximal belastning: 7 kg<\/li>\n<\/ul>\n<p>Leverans inneh\u00e5ller:<\/p>\n<ul>\n<li> 1 x rostfri st\u00e5l kattl\u00e5da<\/li>\n<li> 1 x str\u00f6skopa<\/li>\n<li> 1 x bruksanvisning<\/li>\n<\/ul>\n","protected":false},"excerpt":{"rendered":"<p>Du vill erbjuda din \u00e4lskling ett rent och bekv\u00e4mt hem varje dag, men lukter och smuts kan st\u00f6ra denna harmoni&#8230;.<\/p>\n","protected":false},"featured_media":101717,"template":"","meta":[],"product_brand":[],"product_cat":[878,594,588],"product_tag":[],"class_list":{"0":"post-101728","1":"product","2":"type-product","3":"status-publish","4":"has-post-thumbnail","6":"product_cat-djurbehov","7":"product_cat-kattlador","8":"product_cat-katttillbehor","10":"first","11":"instock","12":"sale","13":"taxable","14":"shipping-taxable","15":"purchasable","16":"product-type-simple"},"yoast_head":"<!-- This site is optimized with the Yoast SEO plugin v25.4 - https:\/\/yoast.com\/wordpress\/plugins\/seo\/ -->\n<title>TRUUSK Kattl\u00e5da i Rostfritt St\u00e5l - Med \u00f6ppen Design och Skopa - H\u00f6ga Kanter f\u00f6r Stora Katter - Upp till 7 kg - Gr\u00e5 - TRUUSK - Hem, Tr\u00e4dg\u00e5rd &amp; Fritid<\/title>\n<meta name=\"robots\" content=\"index, follow, max-snippet:-1, max-image-preview:large, max-video-preview:-1\" \/>\n<link rel=\"canonical\" href=\"https:\/\/truusk.store\/sv\/produkt\/truusk-kattlada-i-rostfritt-stal-med-oppen-design-och-skopa-hoga-kanter-for-stora-katter-upp-till-7-kg-gra\/\" \/>\n<meta property=\"og:locale\" content=\"sv_SE\" \/>\n<meta property=\"og:type\" content=\"article\" \/>\n<meta property=\"og:title\" content=\"TRUUSK Kattl\u00e5da i Rostfritt St\u00e5l - Med \u00f6ppen Design och Skopa - H\u00f6ga Kanter f\u00f6r Stora Katter - Upp till 7 kg - Gr\u00e5 - TRUUSK - Hem, Tr\u00e4dg\u00e5rd &amp; Fritid\" \/>\n<meta property=\"og:description\" content=\"Du vill erbjuda din \u00e4lskling ett rent och bekv\u00e4mt hem varje dag, men lukter och smuts kan st\u00f6ra denna harmoni....\" \/>\n<meta property=\"og:url\" content=\"https:\/\/truusk.store\/sv\/produkt\/truusk-kattlada-i-rostfritt-stal-med-oppen-design-och-skopa-hoga-kanter-for-stora-katter-upp-till-7-kg-gra\/\" \/>\n<meta property=\"og:site_name\" content=\"TRUUSK - Hem, Tr\u00e4dg\u00e5rd &amp; Fritid\" \/>\n<meta property=\"article:modified_time\" content=\"2026-03-12T07:47:10+00:00\" \/>\n<meta property=\"og:image\" content=\"https:\/\/i0.wp.com\/truusk.se\/wp-content\/uploads\/2026\/01\/kattlada-i-rostfritt-stal-med-oppen-design-och-skopa-hoga-kanter-for-stora-katter-upp-till-7-kg-602-x-402-x-297-cm-gra-1.webp?fit=2000%2C2000&ssl=1\" \/>\n\t<meta property=\"og:image:width\" content=\"2000\" \/>\n\t<meta property=\"og:image:height\" content=\"2000\" \/>\n\t<meta property=\"og:image:type\" content=\"image\/webp\" \/>\n<meta name=\"twitter:card\" content=\"summary_large_image\" \/>\n<meta name=\"twitter:label1\" content=\"Ber\u00e4knad l\u00e4stid\" \/>\n\t<meta name=\"twitter:data1\" content=\"1 minut\" \/>\n<!-- \/ Yoast SEO plugin. -->","yoast_head_json":{"title":"TRUUSK Kattl\u00e5da i Rostfritt St\u00e5l - Med \u00f6ppen Design och Skopa - H\u00f6ga Kanter f\u00f6r Stora Katter - Upp till 7 kg - Gr\u00e5 - TRUUSK - Hem, Tr\u00e4dg\u00e5rd &amp; Fritid","robots":{"index":"index","follow":"follow","max-snippet":"max-snippet:-1","max-image-preview":"max-image-preview:large","max-video-preview":"max-video-preview:-1"},"canonical":"https:\/\/truusk.store\/sv\/produkt\/truusk-kattlada-i-rostfritt-stal-med-oppen-design-och-skopa-hoga-kanter-for-stora-katter-upp-till-7-kg-gra\/","og_locale":"sv_SE","og_type":"article","og_title":"TRUUSK Kattl\u00e5da i Rostfritt St\u00e5l - Med \u00f6ppen Design och Skopa - H\u00f6ga Kanter f\u00f6r Stora Katter - Upp till 7 kg - Gr\u00e5 - TRUUSK - Hem, Tr\u00e4dg\u00e5rd &amp; Fritid","og_description":"Du vill erbjuda din \u00e4lskling ett rent och bekv\u00e4mt hem varje dag, men lukter och smuts kan st\u00f6ra denna harmoni....","og_url":"https:\/\/truusk.store\/sv\/produkt\/truusk-kattlada-i-rostfritt-stal-med-oppen-design-och-skopa-hoga-kanter-for-stora-katter-upp-till-7-kg-gra\/","og_site_name":"TRUUSK - Hem, Tr\u00e4dg\u00e5rd &amp; Fritid","article_modified_time":"2026-03-12T07:47:10+00:00","og_image":[{"width":2000,"height":2000,"url":"https:\/\/i0.wp.com\/truusk.se\/wp-content\/uploads\/2026\/01\/kattlada-i-rostfritt-stal-med-oppen-design-och-skopa-hoga-kanter-for-stora-katter-upp-till-7-kg-602-x-402-x-297-cm-gra-1.webp?fit=2000%2C2000&ssl=1","type":"image\/webp"}],"twitter_card":"summary_large_image","twitter_misc":{"Ber\u00e4knad l\u00e4stid":"1 minut"},"schema":{"@context":"https:\/\/schema.org","@graph":[{"@type":"WebPage","@id":"https:\/\/truusk.store\/sv\/produkt\/truusk-kattlada-i-rostfritt-stal-med-oppen-design-och-skopa-hoga-kanter-for-stora-katter-upp-till-7-kg-gra\/","url":"https:\/\/truusk.store\/sv\/produkt\/truusk-kattlada-i-rostfritt-stal-med-oppen-design-och-skopa-hoga-kanter-for-stora-katter-upp-till-7-kg-gra\/","name":"TRUUSK Kattl\u00e5da i Rostfritt St\u00e5l - Med \u00f6ppen Design och Skopa - H\u00f6ga Kanter f\u00f6r Stora Katter - Upp till 7 kg - Gr\u00e5 - TRUUSK - Hem, Tr\u00e4dg\u00e5rd &amp; Fritid","isPartOf":{"@id":"https:\/\/truusk.store\/sv\/#website"},"primaryImageOfPage":{"@id":"https:\/\/truusk.store\/sv\/produkt\/truusk-kattlada-i-rostfritt-stal-med-oppen-design-och-skopa-hoga-kanter-for-stora-katter-upp-till-7-kg-gra\/#primaryimage"},"image":{"@id":"https:\/\/truusk.store\/sv\/produkt\/truusk-kattlada-i-rostfritt-stal-med-oppen-design-och-skopa-hoga-kanter-for-stora-katter-upp-till-7-kg-gra\/#primaryimage"},"thumbnailUrl":"https:\/\/i0.wp.com\/truusk.store\/wp-content\/uploads\/2026\/01\/kattlada-i-rostfritt-stal-med-oppen-design-och-skopa-hoga-kanter-for-stora-katter-upp-till-7-kg-602-x-402-x-297-cm-gra-1.webp?fit=2000%2C2000&ssl=1","datePublished":"2026-01-28T05:01:08+00:00","dateModified":"2026-03-12T07:47:10+00:00","breadcrumb":{"@id":"https:\/\/truusk.store\/sv\/produkt\/truusk-kattlada-i-rostfritt-stal-med-oppen-design-och-skopa-hoga-kanter-for-stora-katter-upp-till-7-kg-gra\/#breadcrumb"},"inLanguage":"sv-SE","potentialAction":[{"@type":"ReadAction","target":["https:\/\/truusk.store\/sv\/produkt\/truusk-kattlada-i-rostfritt-stal-med-oppen-design-och-skopa-hoga-kanter-for-stora-katter-upp-till-7-kg-gra\/"]}]},{"@type":"ImageObject","inLanguage":"sv-SE","@id":"https:\/\/truusk.store\/sv\/produkt\/truusk-kattlada-i-rostfritt-stal-med-oppen-design-och-skopa-hoga-kanter-for-stora-katter-upp-till-7-kg-gra\/#primaryimage","url":"https:\/\/i0.wp.com\/truusk.store\/wp-content\/uploads\/2026\/01\/kattlada-i-rostfritt-stal-med-oppen-design-och-skopa-hoga-kanter-for-stora-katter-upp-till-7-kg-602-x-402-x-297-cm-gra-1.webp?fit=2000%2C2000&ssl=1","contentUrl":"https:\/\/i0.wp.com\/truusk.store\/wp-content\/uploads\/2026\/01\/kattlada-i-rostfritt-stal-med-oppen-design-och-skopa-hoga-kanter-for-stora-katter-upp-till-7-kg-602-x-402-x-297-cm-gra-1.webp?fit=2000%2C2000&ssl=1","width":2000,"height":2000},{"@type":"BreadcrumbList","@id":"https:\/\/truusk.store\/sv\/produkt\/truusk-kattlada-i-rostfritt-stal-med-oppen-design-och-skopa-hoga-kanter-for-stora-katter-upp-till-7-kg-gra\/#breadcrumb","itemListElement":[{"@type":"ListItem","position":1,"name":"Home","item":"https:\/\/truusk.store\/sv\/"},{"@type":"ListItem","position":2,"name":"Shop","item":"https:\/\/truusk.store\/shop\/"},{"@type":"ListItem","position":3,"name":"TRUUSK Kattl\u00e5da i Rostfritt St\u00e5l &#8211; Med \u00f6ppen Design och Skopa &#8211; H\u00f6ga Kanter f\u00f6r Stora Katter &#8211; Upp till 7 kg &#8211; Gr\u00e5"}]},{"@type":"WebSite","@id":"https:\/\/truusk.store\/sv\/#website","url":"https:\/\/truusk.store\/sv\/","name":"TRUUSK - Hem, Tr\u00e4dg\u00e5rd & Fritid","description":"","publisher":{"@id":"https:\/\/truusk.store\/sv\/#organization"},"potentialAction":[{"@type":"SearchAction","target":{"@type":"EntryPoint","urlTemplate":"https:\/\/truusk.store\/sv\/?s={search_term_string}"},"query-input":{"@type":"PropertyValueSpecification","valueRequired":true,"valueName":"search_term_string"}}],"inLanguage":"sv-SE"},{"@type":"Organization","@id":"https:\/\/truusk.store\/sv\/#organization","name":"TRUUSK - Hem, Tr\u00e4dg\u00e5rd & Fritid","url":"https:\/\/truusk.store\/sv\/","logo":{"@type":"ImageObject","inLanguage":"sv-SE","@id":"https:\/\/truusk.store\/sv\/#\/schema\/logo\/image\/","url":"https:\/\/i0.wp.com\/truusk.store\/wp-content\/uploads\/2026\/03\/cropped-TRUUSK.png?fit=2032%2C917&ssl=1","contentUrl":"https:\/\/i0.wp.com\/truusk.store\/wp-content\/uploads\/2026\/03\/cropped-TRUUSK.png?fit=2032%2C917&ssl=1","width":2032,"height":917,"caption":"TRUUSK - Hem, Tr\u00e4dg\u00e5rd & Fritid"},"image":{"@id":"https:\/\/truusk.store\/sv\/#\/schema\/logo\/image\/"}}]}},"jetpack_sharing_enabled":true,"_links":{"self":[{"href":"https:\/\/truusk.store\/sv\/wp-json\/wp\/v2\/product\/101728","targetHints":{"allow":["GET"]}}],"collection":[{"href":"https:\/\/truusk.store\/sv\/wp-json\/wp\/v2\/product"}],"about":[{"href":"https:\/\/truusk.store\/sv\/wp-json\/wp\/v2\/types\/product"}],"wp:featuredmedia":[{"embeddable":true,"href":"https:\/\/truusk.store\/sv\/wp-json\/wp\/v2\/media\/101717"}],"wp:attachment":[{"href":"https:\/\/truusk.store\/sv\/wp-json\/wp\/v2\/media?parent=101728"}],"wp:term":[{"taxonomy":"product_brand","embeddable":true,"href":"https:\/\/truusk.store\/sv\/wp-json\/wp\/v2\/product_brand?post=101728"},{"taxonomy":"product_cat","embeddable":true,"href":"https:\/\/truusk.store\/sv\/wp-json\/wp\/v2\/product_cat?post=101728"},{"taxonomy":"product_tag","embeddable":true,"href":"https:\/\/truusk.store\/sv\/wp-json\/wp\/v2\/product_tag?post=101728"}],"curies":[{"name":"wp","href":"https:\/\/api.w.org\/{rel}","templated":true}]}}