{"id":101748,"date":"2026-01-28T06:02:32","date_gmt":"2026-01-28T05:02:32","guid":{"rendered":"https:\/\/truusk.store\/product\/kattlada-i-rostfritt-stal-med-lock-katttoalett-med-badkar-strolada-for-katter-under-5-kg-524-x-413-x-42-cm-vit\/"},"modified":"2026-03-12T08:47:12","modified_gmt":"2026-03-12T07:47:12","slug":"truusk-kattlada-i-rostfritt-stal-med-lock-och-badkar-for-katter-under-5-kg-524-x-413-x-42-cm-vit","status":"publish","type":"product","link":"https:\/\/truusk.store\/sv\/produkt\/truusk-kattlada-i-rostfritt-stal-med-lock-och-badkar-for-katter-under-5-kg-524-x-413-x-42-cm-vit\/","title":{"rendered":"TRUUSK Kattl\u00e5da i Rostfritt St\u00e5l &#8211; Med Lock och Badkar &#8211; F\u00f6r Katter under 5 kg &#8211; 52,4 x 41,3 x 42 cm &#8211; Vit"},"content":{"rendered":"<p>En oumb\u00e4rlig produkt f\u00f6r katt\u00e4gare &#8211; [BRAND NAME] rostfritt st\u00e5l kattl\u00e5da erbjuder gott om utrymme, \u00e4r l\u00e4tt att reng\u00f6ra och minskar lukter. Den sl\u00e4ta ytan \u00e4r l\u00e4tt att reng\u00f6ra, den slutna designen ger integritet och ett trevligare hem. Med praktiskt viklock och en skopa f\u00f6r enkel reng\u00f6ring. Kompakt och elegant &#8211; idealisk f\u00f6r alla levnadsmilj\u00f6er.<\/p>\n<p>Beskrivning:<\/p>\n<ul>\n<li> Rostfritt st\u00e5l \u00e4r fl\u00e4ck- och luktresistent f\u00f6r enkel reng\u00f6ring<\/li>\n<li> Den helt st\u00e4ngda designen med ett deodorantfack h\u00e5ller tillbaka obehagliga lukter<\/li>\n<li> Stora storlekar p\u00e5 kattl\u00e5dan erbjuder rymlig komfort s\u00e5 att st\u00f6rre katter kan r\u00f6ra sig fritt<\/li>\n<li> Lyft locket f\u00f6r snabb och enkel reng\u00f6ring, en skopa ing\u00e5r<\/li>\n<li> Framing\u00e5ngen och sandfiltersteget f\u00e5ngar upp kattsand fr\u00e5n tassarna s\u00e5 att den inte sprids<\/li>\n<li> Robust konstruktion av kattl\u00e5dan b\u00e4r upp till 15 kg och s\u00e4kerst\u00e4ller en s\u00e4ker, stabil anv\u00e4ndning<\/li>\n<\/ul>\n<p> Tekniska data:<\/p>\n<ul>\n<li> F\u00e4rg: Vit+Silver<\/li>\n<li> Material: Rostfritt st\u00e5l, plast<\/li>\n<li> Totala dimensioner: 52,4L x 41,3B x 42H cm<\/li>\n<li> Kattsandskopa: 20L x 10B x 4H cm<\/li>\n<li> Rostfri panna: 52L x 40B x 14H cm<\/li>\n<li> Ing\u00e5ngsd\u00f6rr: 22,2B x 24,7H cm<\/li>\n<li> Fack f\u00f6r luktborttagare: 7,9L x 7,4T x 2,1H cm<\/li>\n<\/ul>\n<p>Leveransinneh\u00e5ll:<\/p>\n<ul>\n<li> 1 x kattl\u00e5da i rostfritt st\u00e5l<\/li>\n<li> 1 x plastkattsandskopa<\/li>\n<li> 1 x deodoriseringspaket<\/li>\n<li> 1 x instruktioner<\/li>\n<\/ul>\n","protected":false},"excerpt":{"rendered":"<p>En oumb\u00e4rlig produkt f\u00f6r katt\u00e4gare &#8211; [BRAND NAME] rostfritt st\u00e5l kattl\u00e5da erbjuder gott om utrymme, \u00e4r l\u00e4tt att reng\u00f6ra och&#8230;<\/p>\n","protected":false},"featured_media":101734,"template":"","meta":[],"product_brand":[],"product_cat":[878,594,588],"product_tag":[],"class_list":{"0":"post-101748","1":"product","2":"type-product","3":"status-publish","4":"has-post-thumbnail","6":"product_cat-djurbehov","7":"product_cat-kattlador","8":"product_cat-katttillbehor","10":"first","11":"instock","12":"sale","13":"taxable","14":"shipping-taxable","15":"purchasable","16":"product-type-simple"},"yoast_head":"<!-- This site is optimized with the Yoast SEO plugin v25.4 - https:\/\/yoast.com\/wordpress\/plugins\/seo\/ -->\n<title>TRUUSK Kattl\u00e5da i Rostfritt St\u00e5l - Med Lock och Badkar - F\u00f6r Katter under 5 kg - 52,4 x 41,3 x 42 cm - Vit - TRUUSK - Hem, Tr\u00e4dg\u00e5rd &amp; Fritid<\/title>\n<meta name=\"robots\" content=\"index, follow, max-snippet:-1, max-image-preview:large, max-video-preview:-1\" \/>\n<link rel=\"canonical\" href=\"https:\/\/truusk.store\/sv\/produkt\/truusk-kattlada-i-rostfritt-stal-med-lock-och-badkar-for-katter-under-5-kg-524-x-413-x-42-cm-vit\/\" \/>\n<meta property=\"og:locale\" content=\"sv_SE\" \/>\n<meta property=\"og:type\" content=\"article\" \/>\n<meta property=\"og:title\" content=\"TRUUSK Kattl\u00e5da i Rostfritt St\u00e5l - Med Lock och Badkar - F\u00f6r Katter under 5 kg - 52,4 x 41,3 x 42 cm - Vit - TRUUSK - Hem, Tr\u00e4dg\u00e5rd &amp; Fritid\" \/>\n<meta property=\"og:description\" content=\"En oumb\u00e4rlig produkt f\u00f6r katt\u00e4gare &#8211; [BRAND NAME] rostfritt st\u00e5l kattl\u00e5da erbjuder gott om utrymme, \u00e4r l\u00e4tt att reng\u00f6ra och...\" \/>\n<meta property=\"og:url\" content=\"https:\/\/truusk.store\/sv\/produkt\/truusk-kattlada-i-rostfritt-stal-med-lock-och-badkar-for-katter-under-5-kg-524-x-413-x-42-cm-vit\/\" \/>\n<meta property=\"og:site_name\" content=\"TRUUSK - Hem, Tr\u00e4dg\u00e5rd &amp; Fritid\" \/>\n<meta property=\"article:modified_time\" content=\"2026-03-12T07:47:12+00:00\" \/>\n<meta property=\"og:image\" content=\"https:\/\/i0.wp.com\/truusk.se\/wp-content\/uploads\/2026\/01\/kattlada-i-rostfritt-stal-med-lock-katttoalett-med-badkar-strolada-for-katter-under-5-kg-524-x-413-x-42-cm-vit-1.webp?fit=2000%2C2000&ssl=1\" \/>\n\t<meta property=\"og:image:width\" content=\"2000\" \/>\n\t<meta property=\"og:image:height\" content=\"2000\" \/>\n\t<meta property=\"og:image:type\" content=\"image\/webp\" \/>\n<meta name=\"twitter:card\" content=\"summary_large_image\" \/>\n<meta name=\"twitter:label1\" content=\"Ber\u00e4knad l\u00e4stid\" \/>\n\t<meta name=\"twitter:data1\" content=\"1 minut\" \/>\n<!-- \/ Yoast SEO plugin. -->","yoast_head_json":{"title":"TRUUSK Kattl\u00e5da i Rostfritt St\u00e5l - Med Lock och Badkar - F\u00f6r Katter under 5 kg - 52,4 x 41,3 x 42 cm - Vit - TRUUSK - Hem, Tr\u00e4dg\u00e5rd &amp; Fritid","robots":{"index":"index","follow":"follow","max-snippet":"max-snippet:-1","max-image-preview":"max-image-preview:large","max-video-preview":"max-video-preview:-1"},"canonical":"https:\/\/truusk.store\/sv\/produkt\/truusk-kattlada-i-rostfritt-stal-med-lock-och-badkar-for-katter-under-5-kg-524-x-413-x-42-cm-vit\/","og_locale":"sv_SE","og_type":"article","og_title":"TRUUSK Kattl\u00e5da i Rostfritt St\u00e5l - Med Lock och Badkar - F\u00f6r Katter under 5 kg - 52,4 x 41,3 x 42 cm - Vit - TRUUSK - Hem, Tr\u00e4dg\u00e5rd &amp; Fritid","og_description":"En oumb\u00e4rlig produkt f\u00f6r katt\u00e4gare &#8211; [BRAND NAME] rostfritt st\u00e5l kattl\u00e5da erbjuder gott om utrymme, \u00e4r l\u00e4tt att reng\u00f6ra och...","og_url":"https:\/\/truusk.store\/sv\/produkt\/truusk-kattlada-i-rostfritt-stal-med-lock-och-badkar-for-katter-under-5-kg-524-x-413-x-42-cm-vit\/","og_site_name":"TRUUSK - Hem, Tr\u00e4dg\u00e5rd &amp; Fritid","article_modified_time":"2026-03-12T07:47:12+00:00","og_image":[{"width":2000,"height":2000,"url":"https:\/\/i0.wp.com\/truusk.se\/wp-content\/uploads\/2026\/01\/kattlada-i-rostfritt-stal-med-lock-katttoalett-med-badkar-strolada-for-katter-under-5-kg-524-x-413-x-42-cm-vit-1.webp?fit=2000%2C2000&ssl=1","type":"image\/webp"}],"twitter_card":"summary_large_image","twitter_misc":{"Ber\u00e4knad l\u00e4stid":"1 minut"},"schema":{"@context":"https:\/\/schema.org","@graph":[{"@type":"WebPage","@id":"https:\/\/truusk.store\/sv\/produkt\/truusk-kattlada-i-rostfritt-stal-med-lock-och-badkar-for-katter-under-5-kg-524-x-413-x-42-cm-vit\/","url":"https:\/\/truusk.store\/sv\/produkt\/truusk-kattlada-i-rostfritt-stal-med-lock-och-badkar-for-katter-under-5-kg-524-x-413-x-42-cm-vit\/","name":"TRUUSK Kattl\u00e5da i Rostfritt St\u00e5l - Med Lock och Badkar - F\u00f6r Katter under 5 kg - 52,4 x 41,3 x 42 cm - Vit - TRUUSK - Hem, Tr\u00e4dg\u00e5rd &amp; Fritid","isPartOf":{"@id":"https:\/\/truusk.store\/sv\/#website"},"primaryImageOfPage":{"@id":"https:\/\/truusk.store\/sv\/produkt\/truusk-kattlada-i-rostfritt-stal-med-lock-och-badkar-for-katter-under-5-kg-524-x-413-x-42-cm-vit\/#primaryimage"},"image":{"@id":"https:\/\/truusk.store\/sv\/produkt\/truusk-kattlada-i-rostfritt-stal-med-lock-och-badkar-for-katter-under-5-kg-524-x-413-x-42-cm-vit\/#primaryimage"},"thumbnailUrl":"https:\/\/i0.wp.com\/truusk.store\/wp-content\/uploads\/2026\/01\/kattlada-i-rostfritt-stal-med-lock-katttoalett-med-badkar-strolada-for-katter-under-5-kg-524-x-413-x-42-cm-vit-1.webp?fit=2000%2C2000&ssl=1","datePublished":"2026-01-28T05:02:32+00:00","dateModified":"2026-03-12T07:47:12+00:00","breadcrumb":{"@id":"https:\/\/truusk.store\/sv\/produkt\/truusk-kattlada-i-rostfritt-stal-med-lock-och-badkar-for-katter-under-5-kg-524-x-413-x-42-cm-vit\/#breadcrumb"},"inLanguage":"sv-SE","potentialAction":[{"@type":"ReadAction","target":["https:\/\/truusk.store\/sv\/produkt\/truusk-kattlada-i-rostfritt-stal-med-lock-och-badkar-for-katter-under-5-kg-524-x-413-x-42-cm-vit\/"]}]},{"@type":"ImageObject","inLanguage":"sv-SE","@id":"https:\/\/truusk.store\/sv\/produkt\/truusk-kattlada-i-rostfritt-stal-med-lock-och-badkar-for-katter-under-5-kg-524-x-413-x-42-cm-vit\/#primaryimage","url":"https:\/\/i0.wp.com\/truusk.store\/wp-content\/uploads\/2026\/01\/kattlada-i-rostfritt-stal-med-lock-katttoalett-med-badkar-strolada-for-katter-under-5-kg-524-x-413-x-42-cm-vit-1.webp?fit=2000%2C2000&ssl=1","contentUrl":"https:\/\/i0.wp.com\/truusk.store\/wp-content\/uploads\/2026\/01\/kattlada-i-rostfritt-stal-med-lock-katttoalett-med-badkar-strolada-for-katter-under-5-kg-524-x-413-x-42-cm-vit-1.webp?fit=2000%2C2000&ssl=1","width":2000,"height":2000},{"@type":"BreadcrumbList","@id":"https:\/\/truusk.store\/sv\/produkt\/truusk-kattlada-i-rostfritt-stal-med-lock-och-badkar-for-katter-under-5-kg-524-x-413-x-42-cm-vit\/#breadcrumb","itemListElement":[{"@type":"ListItem","position":1,"name":"Home","item":"https:\/\/truusk.store\/sv\/"},{"@type":"ListItem","position":2,"name":"Shop","item":"https:\/\/truusk.store\/shop\/"},{"@type":"ListItem","position":3,"name":"TRUUSK Kattl\u00e5da i Rostfritt St\u00e5l &#8211; Med Lock och Badkar &#8211; F\u00f6r Katter under 5 kg &#8211; 52,4 x 41,3 x 42 cm &#8211; Vit"}]},{"@type":"WebSite","@id":"https:\/\/truusk.store\/sv\/#website","url":"https:\/\/truusk.store\/sv\/","name":"TRUUSK - Hem, Tr\u00e4dg\u00e5rd & Fritid","description":"","publisher":{"@id":"https:\/\/truusk.store\/sv\/#organization"},"potentialAction":[{"@type":"SearchAction","target":{"@type":"EntryPoint","urlTemplate":"https:\/\/truusk.store\/sv\/?s={search_term_string}"},"query-input":{"@type":"PropertyValueSpecification","valueRequired":true,"valueName":"search_term_string"}}],"inLanguage":"sv-SE"},{"@type":"Organization","@id":"https:\/\/truusk.store\/sv\/#organization","name":"TRUUSK - Hem, Tr\u00e4dg\u00e5rd & Fritid","url":"https:\/\/truusk.store\/sv\/","logo":{"@type":"ImageObject","inLanguage":"sv-SE","@id":"https:\/\/truusk.store\/sv\/#\/schema\/logo\/image\/","url":"https:\/\/i0.wp.com\/truusk.store\/wp-content\/uploads\/2026\/03\/cropped-TRUUSK.png?fit=2032%2C917&ssl=1","contentUrl":"https:\/\/i0.wp.com\/truusk.store\/wp-content\/uploads\/2026\/03\/cropped-TRUUSK.png?fit=2032%2C917&ssl=1","width":2032,"height":917,"caption":"TRUUSK - Hem, Tr\u00e4dg\u00e5rd & Fritid"},"image":{"@id":"https:\/\/truusk.store\/sv\/#\/schema\/logo\/image\/"}}]}},"jetpack_sharing_enabled":true,"_links":{"self":[{"href":"https:\/\/truusk.store\/sv\/wp-json\/wp\/v2\/product\/101748","targetHints":{"allow":["GET"]}}],"collection":[{"href":"https:\/\/truusk.store\/sv\/wp-json\/wp\/v2\/product"}],"about":[{"href":"https:\/\/truusk.store\/sv\/wp-json\/wp\/v2\/types\/product"}],"wp:featuredmedia":[{"embeddable":true,"href":"https:\/\/truusk.store\/sv\/wp-json\/wp\/v2\/media\/101734"}],"wp:attachment":[{"href":"https:\/\/truusk.store\/sv\/wp-json\/wp\/v2\/media?parent=101748"}],"wp:term":[{"taxonomy":"product_brand","embeddable":true,"href":"https:\/\/truusk.store\/sv\/wp-json\/wp\/v2\/product_brand?post=101748"},{"taxonomy":"product_cat","embeddable":true,"href":"https:\/\/truusk.store\/sv\/wp-json\/wp\/v2\/product_cat?post=101748"},{"taxonomy":"product_tag","embeddable":true,"href":"https:\/\/truusk.store\/sv\/wp-json\/wp\/v2\/product_tag?post=101748"}],"curies":[{"name":"wp","href":"https:\/\/api.w.org\/{rel}","templated":true}]}}