{"id":10175,"date":"2024-02-13T10:05:56","date_gmt":"2024-02-13T09:05:56","guid":{"rendered":"https:\/\/truusk.store\/product\/vattenhyacint-kattkorg-med-kudde-kattsang-husdjurssang-50-cm-x-42-cm-x-60-cm-brun-beige\/"},"modified":"2026-03-12T08:56:19","modified_gmt":"2026-03-12T07:56:19","slug":"truusk-vattenhyacint-kattkorg-med-kudde-kattsang-husdjurssang-50x42x60-cm-brun-beige","status":"publish","type":"product","link":"https:\/\/truusk.store\/sv\/produkt\/truusk-vattenhyacint-kattkorg-med-kudde-kattsang-husdjurssang-50x42x60-cm-brun-beige\/","title":{"rendered":"TRUUSK Vattenhyacint Kattkorg &#8211; Med Kudde &#8211; Katts\u00e4ng &#8211; Husdjurss\u00e4ng &#8211; 50x42x60 cm &#8211; Brun &amp; Beige"},"content":{"rendered":"<p>Stimulera din katts naturliga instinkter p\u00e5 ett roligt och s\u00e4kert s\u00e4tt med denna katts\u00e4ng. Denna moderna kattkorg f\u00f6r katter erbjuder dina katter en bekv\u00e4m, tyst och s\u00e4ker plats att dra sig tillbaka p\u00e5. En mjuk kudde ing\u00e5r f\u00f6r extra komfort. Denna kattb\u00e4ddkorg \u00e4r stabil och s\u00e4ker och rymmer upp till 10 kg. Ge din lurviga v\u00e4n en gungstol som katts\u00e4ng f\u00f6r att sova, slappa och leka!<\/p>\n<h3>Beskrivning:<\/h3>\n<ul>\n<li>Vattenhyacintfl\u00e4ta ger en naturlig, klassisk stil till ditt hem. &#8211; Den moderna och avtagbara designen passar olika inredningsstilar, &#8211; Metallramen och den solida basen g\u00f6r den stabil och h\u00e5llbar<\/li>\n<li>Den mysiga kudden \u00e4r mjuk, avtagbar och maskintv\u00e4ttbar:- Tv\u00e4ttbar kudde i sammetslook ing\u00e5r f\u00f6r extra komfort. &#8211; F\u00f6rh\u00f6jt stativ erbjuder sp\u00e4nnande nya s\u00e4tt att sova och leka &#8211; Cylindrisk bas f\u00f6r stabilitet.<\/li>\n<\/ul>\n<h3>Teknisk data:<\/h3>\n<ul>\n<li>F\u00e4rg: M\u00f6rkbrun (bas) och beige (kudde).<\/li>\n<li>Material: vattenhyacint, j\u00e4rntr\u00e5d (bas), flanell, PP-bomull (kudde).<\/li>\n<li>Max belastning: 10 kg.<\/li>\n<li>\u00d6vergripande m\u00e5tt: 50L x 42W x 60H cm.<\/li>\n<li>Innerdiameter: 45 cm.<\/li>\n<li>Katt\u00f6ppningsm\u00e5tt: 38cm.<\/li>\n<\/ul>\n<h3>Leveransens omfattning:<\/h3>\n<ul>\n<li>1 x Katthus<\/li>\n<li>1 x Mat<\/li>\n<\/ul>\n","protected":false},"excerpt":{"rendered":"<p>Stimulera din katts naturliga instinkter p\u00e5 ett roligt och s\u00e4kert s\u00e4tt med denna katts\u00e4ng. Denna moderna kattkorg f\u00f6r katter erbjuder&#8230;<\/p>\n","protected":false},"featured_media":10176,"template":"","meta":[],"product_brand":[],"product_cat":[573,590,588],"product_tag":[],"class_list":{"0":"post-10175","1":"product","2":"type-product","3":"status-publish","4":"has-post-thumbnail","6":"product_cat-husdjursmaterial","7":"product_cat-kattgrottor-kattsangar","8":"product_cat-katttillbehor","10":"first","11":"instock","12":"sale","13":"taxable","14":"shipping-taxable","15":"purchasable","16":"product-type-simple"},"yoast_head":"<!-- This site is optimized with the Yoast SEO plugin v25.4 - https:\/\/yoast.com\/wordpress\/plugins\/seo\/ -->\n<title>TRUUSK Vattenhyacint Kattkorg - Med Kudde - Katts\u00e4ng - Husdjurss\u00e4ng - 50x42x60 cm - Brun &amp; Beige - TRUUSK - Hem, Tr\u00e4dg\u00e5rd &amp; Fritid<\/title>\n<meta name=\"robots\" content=\"index, follow, max-snippet:-1, max-image-preview:large, max-video-preview:-1\" \/>\n<link rel=\"canonical\" href=\"https:\/\/truusk.store\/sv\/produkt\/truusk-vattenhyacint-kattkorg-med-kudde-kattsang-husdjurssang-50x42x60-cm-brun-beige\/\" \/>\n<meta property=\"og:locale\" content=\"sv_SE\" \/>\n<meta property=\"og:type\" content=\"article\" \/>\n<meta property=\"og:title\" content=\"TRUUSK Vattenhyacint Kattkorg - Med Kudde - Katts\u00e4ng - Husdjurss\u00e4ng - 50x42x60 cm - Brun &amp; Beige - TRUUSK - Hem, Tr\u00e4dg\u00e5rd &amp; Fritid\" \/>\n<meta property=\"og:description\" content=\"Stimulera din katts naturliga instinkter p\u00e5 ett roligt och s\u00e4kert s\u00e4tt med denna katts\u00e4ng. Denna moderna kattkorg f\u00f6r katter erbjuder...\" \/>\n<meta property=\"og:url\" content=\"https:\/\/truusk.store\/sv\/produkt\/truusk-vattenhyacint-kattkorg-med-kudde-kattsang-husdjurssang-50x42x60-cm-brun-beige\/\" \/>\n<meta property=\"og:site_name\" content=\"TRUUSK - Hem, Tr\u00e4dg\u00e5rd &amp; Fritid\" \/>\n<meta property=\"article:modified_time\" content=\"2026-03-12T07:56:19+00:00\" \/>\n<meta property=\"og:image\" content=\"https:\/\/i0.wp.com\/truusk.se\/wp-content\/uploads\/2024\/02\/vattenhyacint-kattkorg-med-kudde-kattsang-husdjurssang-50-cm-x-42-cm-x-60-cm-brun-beige.webp?fit=800%2C800&ssl=1\" \/>\n\t<meta property=\"og:image:width\" content=\"800\" \/>\n\t<meta property=\"og:image:height\" content=\"800\" \/>\n\t<meta property=\"og:image:type\" content=\"image\/webp\" \/>\n<meta name=\"twitter:card\" content=\"summary_large_image\" \/>\n<meta name=\"twitter:label1\" content=\"Ber\u00e4knad l\u00e4stid\" \/>\n\t<meta name=\"twitter:data1\" content=\"1 minut\" \/>\n<!-- \/ Yoast SEO plugin. -->","yoast_head_json":{"title":"TRUUSK Vattenhyacint Kattkorg - Med Kudde - Katts\u00e4ng - Husdjurss\u00e4ng - 50x42x60 cm - Brun &amp; Beige - TRUUSK - Hem, Tr\u00e4dg\u00e5rd &amp; Fritid","robots":{"index":"index","follow":"follow","max-snippet":"max-snippet:-1","max-image-preview":"max-image-preview:large","max-video-preview":"max-video-preview:-1"},"canonical":"https:\/\/truusk.store\/sv\/produkt\/truusk-vattenhyacint-kattkorg-med-kudde-kattsang-husdjurssang-50x42x60-cm-brun-beige\/","og_locale":"sv_SE","og_type":"article","og_title":"TRUUSK Vattenhyacint Kattkorg - Med Kudde - Katts\u00e4ng - Husdjurss\u00e4ng - 50x42x60 cm - Brun &amp; Beige - TRUUSK - Hem, Tr\u00e4dg\u00e5rd &amp; Fritid","og_description":"Stimulera din katts naturliga instinkter p\u00e5 ett roligt och s\u00e4kert s\u00e4tt med denna katts\u00e4ng. Denna moderna kattkorg f\u00f6r katter erbjuder...","og_url":"https:\/\/truusk.store\/sv\/produkt\/truusk-vattenhyacint-kattkorg-med-kudde-kattsang-husdjurssang-50x42x60-cm-brun-beige\/","og_site_name":"TRUUSK - Hem, Tr\u00e4dg\u00e5rd &amp; Fritid","article_modified_time":"2026-03-12T07:56:19+00:00","og_image":[{"width":800,"height":800,"url":"https:\/\/i0.wp.com\/truusk.se\/wp-content\/uploads\/2024\/02\/vattenhyacint-kattkorg-med-kudde-kattsang-husdjurssang-50-cm-x-42-cm-x-60-cm-brun-beige.webp?fit=800%2C800&ssl=1","type":"image\/webp"}],"twitter_card":"summary_large_image","twitter_misc":{"Ber\u00e4knad l\u00e4stid":"1 minut"},"schema":{"@context":"https:\/\/schema.org","@graph":[{"@type":"WebPage","@id":"https:\/\/truusk.store\/sv\/produkt\/truusk-vattenhyacint-kattkorg-med-kudde-kattsang-husdjurssang-50x42x60-cm-brun-beige\/","url":"https:\/\/truusk.store\/sv\/produkt\/truusk-vattenhyacint-kattkorg-med-kudde-kattsang-husdjurssang-50x42x60-cm-brun-beige\/","name":"TRUUSK Vattenhyacint Kattkorg - Med Kudde - Katts\u00e4ng - Husdjurss\u00e4ng - 50x42x60 cm - Brun &amp; Beige - TRUUSK - Hem, Tr\u00e4dg\u00e5rd &amp; Fritid","isPartOf":{"@id":"https:\/\/truusk.store\/sv\/#website"},"primaryImageOfPage":{"@id":"https:\/\/truusk.store\/sv\/produkt\/truusk-vattenhyacint-kattkorg-med-kudde-kattsang-husdjurssang-50x42x60-cm-brun-beige\/#primaryimage"},"image":{"@id":"https:\/\/truusk.store\/sv\/produkt\/truusk-vattenhyacint-kattkorg-med-kudde-kattsang-husdjurssang-50x42x60-cm-brun-beige\/#primaryimage"},"thumbnailUrl":"https:\/\/i0.wp.com\/truusk.store\/wp-content\/uploads\/2024\/02\/vattenhyacint-kattkorg-med-kudde-kattsang-husdjurssang-50-cm-x-42-cm-x-60-cm-brun-beige.webp?fit=800%2C800&ssl=1","datePublished":"2024-02-13T09:05:56+00:00","dateModified":"2026-03-12T07:56:19+00:00","breadcrumb":{"@id":"https:\/\/truusk.store\/sv\/produkt\/truusk-vattenhyacint-kattkorg-med-kudde-kattsang-husdjurssang-50x42x60-cm-brun-beige\/#breadcrumb"},"inLanguage":"sv-SE","potentialAction":[{"@type":"ReadAction","target":["https:\/\/truusk.store\/sv\/produkt\/truusk-vattenhyacint-kattkorg-med-kudde-kattsang-husdjurssang-50x42x60-cm-brun-beige\/"]}]},{"@type":"ImageObject","inLanguage":"sv-SE","@id":"https:\/\/truusk.store\/sv\/produkt\/truusk-vattenhyacint-kattkorg-med-kudde-kattsang-husdjurssang-50x42x60-cm-brun-beige\/#primaryimage","url":"https:\/\/i0.wp.com\/truusk.store\/wp-content\/uploads\/2024\/02\/vattenhyacint-kattkorg-med-kudde-kattsang-husdjurssang-50-cm-x-42-cm-x-60-cm-brun-beige.webp?fit=800%2C800&ssl=1","contentUrl":"https:\/\/i0.wp.com\/truusk.store\/wp-content\/uploads\/2024\/02\/vattenhyacint-kattkorg-med-kudde-kattsang-husdjurssang-50-cm-x-42-cm-x-60-cm-brun-beige.webp?fit=800%2C800&ssl=1","width":800,"height":800,"caption":"Vattenhyacint Kattkorg Med Kudde, Katts\u00e4ng, Husdjurss\u00e4ng, 50 Cm X 42 Cm X 60 Cm, Brun + Beige 1"},{"@type":"BreadcrumbList","@id":"https:\/\/truusk.store\/sv\/produkt\/truusk-vattenhyacint-kattkorg-med-kudde-kattsang-husdjurssang-50x42x60-cm-brun-beige\/#breadcrumb","itemListElement":[{"@type":"ListItem","position":1,"name":"Home","item":"https:\/\/truusk.store\/sv\/"},{"@type":"ListItem","position":2,"name":"Shop","item":"https:\/\/truusk.store\/shop\/"},{"@type":"ListItem","position":3,"name":"TRUUSK Vattenhyacint Kattkorg &#8211; Med Kudde &#8211; Katts\u00e4ng &#8211; Husdjurss\u00e4ng &#8211; 50x42x60 cm &#8211; Brun &amp; Beige"}]},{"@type":"WebSite","@id":"https:\/\/truusk.store\/sv\/#website","url":"https:\/\/truusk.store\/sv\/","name":"TRUUSK - Hem, Tr\u00e4dg\u00e5rd & Fritid","description":"","publisher":{"@id":"https:\/\/truusk.store\/sv\/#organization"},"potentialAction":[{"@type":"SearchAction","target":{"@type":"EntryPoint","urlTemplate":"https:\/\/truusk.store\/sv\/?s={search_term_string}"},"query-input":{"@type":"PropertyValueSpecification","valueRequired":true,"valueName":"search_term_string"}}],"inLanguage":"sv-SE"},{"@type":"Organization","@id":"https:\/\/truusk.store\/sv\/#organization","name":"TRUUSK - Hem, Tr\u00e4dg\u00e5rd & Fritid","url":"https:\/\/truusk.store\/sv\/","logo":{"@type":"ImageObject","inLanguage":"sv-SE","@id":"https:\/\/truusk.store\/sv\/#\/schema\/logo\/image\/","url":"https:\/\/i0.wp.com\/truusk.store\/wp-content\/uploads\/2026\/03\/cropped-TRUUSK.png?fit=2032%2C917&ssl=1","contentUrl":"https:\/\/i0.wp.com\/truusk.store\/wp-content\/uploads\/2026\/03\/cropped-TRUUSK.png?fit=2032%2C917&ssl=1","width":2032,"height":917,"caption":"TRUUSK - Hem, Tr\u00e4dg\u00e5rd & Fritid"},"image":{"@id":"https:\/\/truusk.store\/sv\/#\/schema\/logo\/image\/"}}]}},"jetpack_sharing_enabled":true,"_links":{"self":[{"href":"https:\/\/truusk.store\/sv\/wp-json\/wp\/v2\/product\/10175","targetHints":{"allow":["GET"]}}],"collection":[{"href":"https:\/\/truusk.store\/sv\/wp-json\/wp\/v2\/product"}],"about":[{"href":"https:\/\/truusk.store\/sv\/wp-json\/wp\/v2\/types\/product"}],"wp:featuredmedia":[{"embeddable":true,"href":"https:\/\/truusk.store\/sv\/wp-json\/wp\/v2\/media\/10176"}],"wp:attachment":[{"href":"https:\/\/truusk.store\/sv\/wp-json\/wp\/v2\/media?parent=10175"}],"wp:term":[{"taxonomy":"product_brand","embeddable":true,"href":"https:\/\/truusk.store\/sv\/wp-json\/wp\/v2\/product_brand?post=10175"},{"taxonomy":"product_cat","embeddable":true,"href":"https:\/\/truusk.store\/sv\/wp-json\/wp\/v2\/product_cat?post=10175"},{"taxonomy":"product_tag","embeddable":true,"href":"https:\/\/truusk.store\/sv\/wp-json\/wp\/v2\/product_tag?post=10175"}],"curies":[{"name":"wp","href":"https:\/\/api.w.org\/{rel}","templated":true}]}}