{"id":101770,"date":"2026-01-28T06:05:03","date_gmt":"2026-01-28T05:05:03","guid":{"rendered":"https:\/\/truusk.store\/product\/mini-torktumlare-4-kg-med-5-program-upp-till-60%e2%84%83-800w-400w-avgaslucka-med-reversibel-rostfritt-staltrumma-vit\/"},"modified":"2026-03-12T08:48:19","modified_gmt":"2026-03-12T07:48:19","slug":"truusk-mini-tvattmaskin-4-kg-5-program-upp-till-60%e2%84%83-800w-400w-vit-rostfritt-stal-avgaslucka-med-reversibel-trumma","status":"publish","type":"product","link":"https:\/\/truusk.store\/sv\/produkt\/truusk-mini-tvattmaskin-4-kg-5-program-upp-till-60%e2%84%83-800w-400w-vit-rostfritt-stal-avgaslucka-med-reversibel-trumma\/","title":{"rendered":"TRUUSK Mini Tv\u00e4ttmaskin 4 kg &#8211; 5 Program Upp till 60\u2103 &#8211; 800W\/400W &#8211; Vit Rostfritt St\u00e5l &#8211; Avgaslucka med Reversibel Trumma &#8211;"},"content":{"rendered":"<p>Orsakar fuktig tv\u00e4tt i ditt lilla bostadsutrymme flaskhalsar, s\u00e5 att kl\u00e4derna blir stela och eventuellt inneh\u00e5ller irriterande \u00e4mnen? Den dagliga kampen f\u00f6r fr\u00e4scha, rena kl\u00e4der kan vara frustrerande. Torktumlaren fr\u00e5n [BRAND NAME] erbjuder den ideala l\u00f6sningen. Kompakt i dimensionerna 48W x 44D x 57H cm, passar den \u00f6verallt och 60\u2103 cykeln s\u00e4kerst\u00e4ller desinficerade tyger. Perfekt f\u00f6r k\u00e4nsliga kl\u00e4der, garanterar den mjuka, hygieniskt rena kl\u00e4der vid varje k\u00f6rning.<\/p>\n<p>Beskrivning:<\/p>\n<ul>\n<li> Har fem torkprogram, inklusive en kyluftinst\u00e4llning f\u00f6r k\u00e4nsliga f\u00f6rem\u00e5l<\/li>\n<li> Denna torktumlare erbjuder tv\u00e5 effektl\u00e4gen, 800W och 400W, f\u00f6r dina olika behov<\/li>\n<li> Erbjuder m\u00e5ngsidiga installationsalternativ med v\u00e4ggmontering, staplad eller frist\u00e5ende f\u00f6r tr\u00e5nga utrymmen<\/li>\n<li> En 60\u00b0C uppv\u00e4rmningscykel steriliserar effektivt kl\u00e4derna, tar bort bakterier och kvalster<\/li>\n<li> Rostfritt st\u00e5ltrumman \u00e4r reversibel f\u00f6r att f\u00f6rhindra trassel och minska veck<\/li>\n<li> Med en IPX4 vattenskyddsklass garanterar den s\u00e4ker drift i fuktiga milj\u00f6er<\/li>\n<li> En auto-stopp-funktion avbryter cykeln n\u00e4r d\u00f6rren \u00f6ppnas<\/li>\n<\/ul>\n<p> Tekniska data:<\/p>\n<ul>\n<li> F\u00e4rg: Vit+Svart<\/li>\n<li> Material: PCM-galvaniserad st\u00e5lpl\u00e5t, plast, rostfritt st\u00e5l<\/li>\n<li> Totala dimensioner: 48B x 44D x 57H cm<\/li>\n<li> Trumstorlek: \u00d844 x 22H cm<\/li>\n<li> \u00c5rlig energif\u00f6rbrukning: 1,04 kWh\/cykel (uppskattat)<\/li>\n<li> Buller: \u226460 dB<\/li>\n<li> Sp\u00e4nning: AC 220-240 V, 50\/60 Hz<\/li>\n<li> Effekt: 400 W, 800 W<\/li>\n<li> Kabell\u00e4ngd: 1,5 m<\/li>\n<li> Obs: F\u00f6r att p\u00e5skynda torkningen, ladda inte mer \u00e4n 2,5 kg kl\u00e4der samtidigt<\/li>\n<\/ul>\n<p>Leveransinneh\u00e5ll:<\/p>\n<ul>\n<li> 1 x B\u00e4rbar kl\u00e4dtorkare<\/li>\n<li> 1 x Avgasanslutning<\/li>\n<li> 1 x H\u00e4nganordning<\/li>\n<\/ul>\n","protected":false},"excerpt":{"rendered":"<p>Orsakar fuktig tv\u00e4tt i ditt lilla bostadsutrymme flaskhalsar, s\u00e5 att kl\u00e4derna blir stela och eventuellt inneh\u00e5ller irriterande \u00e4mnen? Den dagliga&#8230;<\/p>\n","protected":false},"featured_media":101759,"template":"","meta":[],"product_brand":[],"product_cat":[871,498,500],"product_tag":[],"class_list":{"0":"post-101770","1":"product","2":"type-product","3":"status-publish","4":"has-post-thumbnail","6":"product_cat-hus-hem","7":"product_cat-hushallsapparater","8":"product_cat-tvattvard","10":"first","11":"instock","12":"sale","13":"taxable","14":"shipping-taxable","15":"purchasable","16":"product-type-simple"},"yoast_head":"<!-- This site is optimized with the Yoast SEO plugin v25.4 - https:\/\/yoast.com\/wordpress\/plugins\/seo\/ -->\n<title>TRUUSK Mini Tv\u00e4ttmaskin 4 kg - 5 Program Upp till 60\u2103 - 800W\/400W - Vit Rostfritt St\u00e5l - Avgaslucka med Reversibel Trumma - TRUUSK - Hem, Tr\u00e4dg\u00e5rd &amp; Fritid<\/title>\n<meta name=\"robots\" content=\"index, follow, max-snippet:-1, max-image-preview:large, max-video-preview:-1\" \/>\n<link rel=\"canonical\" href=\"https:\/\/truusk.store\/sv\/produkt\/truusk-mini-tvattmaskin-4-kg-5-program-upp-till-60%e2%84%83-800w-400w-vit-rostfritt-stal-avgaslucka-med-reversibel-trumma\/\" \/>\n<meta property=\"og:locale\" content=\"sv_SE\" \/>\n<meta property=\"og:type\" content=\"article\" \/>\n<meta property=\"og:title\" content=\"TRUUSK Mini Tv\u00e4ttmaskin 4 kg - 5 Program Upp till 60\u2103 - 800W\/400W - Vit Rostfritt St\u00e5l - Avgaslucka med Reversibel Trumma - TRUUSK - Hem, Tr\u00e4dg\u00e5rd &amp; Fritid\" \/>\n<meta property=\"og:description\" content=\"Orsakar fuktig tv\u00e4tt i ditt lilla bostadsutrymme flaskhalsar, s\u00e5 att kl\u00e4derna blir stela och eventuellt inneh\u00e5ller irriterande \u00e4mnen? Den dagliga...\" \/>\n<meta property=\"og:url\" content=\"https:\/\/truusk.store\/sv\/produkt\/truusk-mini-tvattmaskin-4-kg-5-program-upp-till-60%e2%84%83-800w-400w-vit-rostfritt-stal-avgaslucka-med-reversibel-trumma\/\" \/>\n<meta property=\"og:site_name\" content=\"TRUUSK - Hem, Tr\u00e4dg\u00e5rd &amp; Fritid\" \/>\n<meta property=\"article:modified_time\" content=\"2026-03-12T07:48:19+00:00\" \/>\n<meta property=\"og:image\" content=\"https:\/\/i0.wp.com\/truusk.se\/wp-content\/uploads\/2026\/01\/mini-torktumlare-4-kg-med-5-program-upp-till-60e28483-800w-400w-avgaslucka-med-reversibel-rostfritt-staltrumma-vit-1.webp?fit=2000%2C2000&ssl=1\" \/>\n\t<meta property=\"og:image:width\" content=\"2000\" \/>\n\t<meta property=\"og:image:height\" content=\"2000\" \/>\n\t<meta property=\"og:image:type\" content=\"image\/webp\" \/>\n<meta name=\"twitter:card\" content=\"summary_large_image\" \/>\n<meta name=\"twitter:label1\" content=\"Ber\u00e4knad l\u00e4stid\" \/>\n\t<meta name=\"twitter:data1\" content=\"1 minut\" \/>\n<!-- \/ Yoast SEO plugin. -->","yoast_head_json":{"title":"TRUUSK Mini Tv\u00e4ttmaskin 4 kg - 5 Program Upp till 60\u2103 - 800W\/400W - Vit Rostfritt St\u00e5l - Avgaslucka med Reversibel Trumma - TRUUSK - Hem, Tr\u00e4dg\u00e5rd &amp; Fritid","robots":{"index":"index","follow":"follow","max-snippet":"max-snippet:-1","max-image-preview":"max-image-preview:large","max-video-preview":"max-video-preview:-1"},"canonical":"https:\/\/truusk.store\/sv\/produkt\/truusk-mini-tvattmaskin-4-kg-5-program-upp-till-60%e2%84%83-800w-400w-vit-rostfritt-stal-avgaslucka-med-reversibel-trumma\/","og_locale":"sv_SE","og_type":"article","og_title":"TRUUSK Mini Tv\u00e4ttmaskin 4 kg - 5 Program Upp till 60\u2103 - 800W\/400W - Vit Rostfritt St\u00e5l - Avgaslucka med Reversibel Trumma - TRUUSK - Hem, Tr\u00e4dg\u00e5rd &amp; Fritid","og_description":"Orsakar fuktig tv\u00e4tt i ditt lilla bostadsutrymme flaskhalsar, s\u00e5 att kl\u00e4derna blir stela och eventuellt inneh\u00e5ller irriterande \u00e4mnen? Den dagliga...","og_url":"https:\/\/truusk.store\/sv\/produkt\/truusk-mini-tvattmaskin-4-kg-5-program-upp-till-60%e2%84%83-800w-400w-vit-rostfritt-stal-avgaslucka-med-reversibel-trumma\/","og_site_name":"TRUUSK - Hem, Tr\u00e4dg\u00e5rd &amp; Fritid","article_modified_time":"2026-03-12T07:48:19+00:00","og_image":[{"width":2000,"height":2000,"url":"https:\/\/i0.wp.com\/truusk.se\/wp-content\/uploads\/2026\/01\/mini-torktumlare-4-kg-med-5-program-upp-till-60e28483-800w-400w-avgaslucka-med-reversibel-rostfritt-staltrumma-vit-1.webp?fit=2000%2C2000&ssl=1","type":"image\/webp"}],"twitter_card":"summary_large_image","twitter_misc":{"Ber\u00e4knad l\u00e4stid":"1 minut"},"schema":{"@context":"https:\/\/schema.org","@graph":[{"@type":"WebPage","@id":"https:\/\/truusk.store\/sv\/produkt\/truusk-mini-tvattmaskin-4-kg-5-program-upp-till-60%e2%84%83-800w-400w-vit-rostfritt-stal-avgaslucka-med-reversibel-trumma\/","url":"https:\/\/truusk.store\/sv\/produkt\/truusk-mini-tvattmaskin-4-kg-5-program-upp-till-60%e2%84%83-800w-400w-vit-rostfritt-stal-avgaslucka-med-reversibel-trumma\/","name":"TRUUSK Mini Tv\u00e4ttmaskin 4 kg - 5 Program Upp till 60\u2103 - 800W\/400W - Vit Rostfritt St\u00e5l - Avgaslucka med Reversibel Trumma - TRUUSK - Hem, Tr\u00e4dg\u00e5rd &amp; Fritid","isPartOf":{"@id":"https:\/\/truusk.store\/sv\/#website"},"primaryImageOfPage":{"@id":"https:\/\/truusk.store\/sv\/produkt\/truusk-mini-tvattmaskin-4-kg-5-program-upp-till-60%e2%84%83-800w-400w-vit-rostfritt-stal-avgaslucka-med-reversibel-trumma\/#primaryimage"},"image":{"@id":"https:\/\/truusk.store\/sv\/produkt\/truusk-mini-tvattmaskin-4-kg-5-program-upp-till-60%e2%84%83-800w-400w-vit-rostfritt-stal-avgaslucka-med-reversibel-trumma\/#primaryimage"},"thumbnailUrl":"https:\/\/i0.wp.com\/truusk.store\/wp-content\/uploads\/2026\/01\/mini-torktumlare-4-kg-med-5-program-upp-till-60e28483-800w-400w-avgaslucka-med-reversibel-rostfritt-staltrumma-vit-1.webp?fit=2000%2C2000&ssl=1","datePublished":"2026-01-28T05:05:03+00:00","dateModified":"2026-03-12T07:48:19+00:00","breadcrumb":{"@id":"https:\/\/truusk.store\/sv\/produkt\/truusk-mini-tvattmaskin-4-kg-5-program-upp-till-60%e2%84%83-800w-400w-vit-rostfritt-stal-avgaslucka-med-reversibel-trumma\/#breadcrumb"},"inLanguage":"sv-SE","potentialAction":[{"@type":"ReadAction","target":["https:\/\/truusk.store\/sv\/produkt\/truusk-mini-tvattmaskin-4-kg-5-program-upp-till-60%e2%84%83-800w-400w-vit-rostfritt-stal-avgaslucka-med-reversibel-trumma\/"]}]},{"@type":"ImageObject","inLanguage":"sv-SE","@id":"https:\/\/truusk.store\/sv\/produkt\/truusk-mini-tvattmaskin-4-kg-5-program-upp-till-60%e2%84%83-800w-400w-vit-rostfritt-stal-avgaslucka-med-reversibel-trumma\/#primaryimage","url":"https:\/\/i0.wp.com\/truusk.store\/wp-content\/uploads\/2026\/01\/mini-torktumlare-4-kg-med-5-program-upp-till-60e28483-800w-400w-avgaslucka-med-reversibel-rostfritt-staltrumma-vit-1.webp?fit=2000%2C2000&ssl=1","contentUrl":"https:\/\/i0.wp.com\/truusk.store\/wp-content\/uploads\/2026\/01\/mini-torktumlare-4-kg-med-5-program-upp-till-60e28483-800w-400w-avgaslucka-med-reversibel-rostfritt-staltrumma-vit-1.webp?fit=2000%2C2000&ssl=1","width":2000,"height":2000},{"@type":"BreadcrumbList","@id":"https:\/\/truusk.store\/sv\/produkt\/truusk-mini-tvattmaskin-4-kg-5-program-upp-till-60%e2%84%83-800w-400w-vit-rostfritt-stal-avgaslucka-med-reversibel-trumma\/#breadcrumb","itemListElement":[{"@type":"ListItem","position":1,"name":"Home","item":"https:\/\/truusk.store\/sv\/"},{"@type":"ListItem","position":2,"name":"Shop","item":"https:\/\/truusk.store\/shop\/"},{"@type":"ListItem","position":3,"name":"TRUUSK Mini Tv\u00e4ttmaskin 4 kg &#8211; 5 Program Upp till 60\u2103 &#8211; 800W\/400W &#8211; Vit Rostfritt St\u00e5l &#8211; Avgaslucka med Reversibel Trumma &#8211;"}]},{"@type":"WebSite","@id":"https:\/\/truusk.store\/sv\/#website","url":"https:\/\/truusk.store\/sv\/","name":"TRUUSK - Hem, Tr\u00e4dg\u00e5rd & Fritid","description":"","publisher":{"@id":"https:\/\/truusk.store\/sv\/#organization"},"potentialAction":[{"@type":"SearchAction","target":{"@type":"EntryPoint","urlTemplate":"https:\/\/truusk.store\/sv\/?s={search_term_string}"},"query-input":{"@type":"PropertyValueSpecification","valueRequired":true,"valueName":"search_term_string"}}],"inLanguage":"sv-SE"},{"@type":"Organization","@id":"https:\/\/truusk.store\/sv\/#organization","name":"TRUUSK - Hem, Tr\u00e4dg\u00e5rd & Fritid","url":"https:\/\/truusk.store\/sv\/","logo":{"@type":"ImageObject","inLanguage":"sv-SE","@id":"https:\/\/truusk.store\/sv\/#\/schema\/logo\/image\/","url":"https:\/\/i0.wp.com\/truusk.store\/wp-content\/uploads\/2026\/03\/cropped-TRUUSK.png?fit=2032%2C917&ssl=1","contentUrl":"https:\/\/i0.wp.com\/truusk.store\/wp-content\/uploads\/2026\/03\/cropped-TRUUSK.png?fit=2032%2C917&ssl=1","width":2032,"height":917,"caption":"TRUUSK - Hem, Tr\u00e4dg\u00e5rd & Fritid"},"image":{"@id":"https:\/\/truusk.store\/sv\/#\/schema\/logo\/image\/"}}]}},"jetpack_sharing_enabled":true,"_links":{"self":[{"href":"https:\/\/truusk.store\/sv\/wp-json\/wp\/v2\/product\/101770","targetHints":{"allow":["GET"]}}],"collection":[{"href":"https:\/\/truusk.store\/sv\/wp-json\/wp\/v2\/product"}],"about":[{"href":"https:\/\/truusk.store\/sv\/wp-json\/wp\/v2\/types\/product"}],"wp:featuredmedia":[{"embeddable":true,"href":"https:\/\/truusk.store\/sv\/wp-json\/wp\/v2\/media\/101759"}],"wp:attachment":[{"href":"https:\/\/truusk.store\/sv\/wp-json\/wp\/v2\/media?parent=101770"}],"wp:term":[{"taxonomy":"product_brand","embeddable":true,"href":"https:\/\/truusk.store\/sv\/wp-json\/wp\/v2\/product_brand?post=101770"},{"taxonomy":"product_cat","embeddable":true,"href":"https:\/\/truusk.store\/sv\/wp-json\/wp\/v2\/product_cat?post=101770"},{"taxonomy":"product_tag","embeddable":true,"href":"https:\/\/truusk.store\/sv\/wp-json\/wp\/v2\/product_tag?post=101770"}],"curies":[{"name":"wp","href":"https:\/\/api.w.org\/{rel}","templated":true}]}}