{"id":101778,"date":"2026-01-28T06:06:02","date_gmt":"2026-01-28T05:06:02","guid":{"rendered":"https:\/\/truusk.store\/product\/hagertradgardsstaty-metallfagel-utomhusstaty-88-cm-staende-skulptur-med-markankare-gron-och-brons\/"},"modified":"2026-03-12T08:48:24","modified_gmt":"2026-03-12T07:48:24","slug":"truusk-metallfagel-utomhusstaty-88-cm-gron-och-brons-staende-skulptur-markankare-tradgardsdekoration","status":"publish","type":"product","link":"https:\/\/truusk.store\/sv\/produkt\/truusk-metallfagel-utomhusstaty-88-cm-gron-och-brons-staende-skulptur-markankare-tradgardsdekoration\/","title":{"rendered":"TRUUSK Metallf\u00e5gel Utomhusstaty 88 Cm &#8211; Gr\u00f6n och Brons &#8211; St\u00e5ende Skulptur &#8211; Markankare &#8211; Tr\u00e4dg\u00e5rdsdekoration"},"content":{"rendered":"<p>Har du f\u00e5tt nog av blekande, v\u00e4ltande eller tr\u00e5kiga tr\u00e4dg\u00e5rdsdekorationer? Ge ditt utomhusomr\u00e5de nytt liv med [BRAND NAME] h\u00e4gertr\u00e4dg\u00e5rdsstaty. V\u00e4derbest\u00e4ndigt metall med trippelbel\u00e4ggning garanterar h\u00e5llbarhet, medan den antika bronsdesignen ger en stilfull, konstn\u00e4rlig touch. U-formade markankare garanterar stabilitet. V\u00e4lkomna g\u00e4ster och skapa en elegant, unik blickf\u00e5ngare f\u00f6r tr\u00e4dg\u00e5rden eller terrassen &#8211; \u00e5ret runt.<\/p>\n<p>Beskrivning:<\/p>\n<ul>\n<li> Antik tr\u00e4dg\u00e5rdsstaty av en h\u00e4ger i bronslook, som framh\u00e4ver din tr\u00e4dg\u00e5rd<\/li>\n<li> Tjock metallstaty f\u00f6r utomhusbruk med trefaldig bel\u00e4ggning f\u00f6r l\u00e5ngvarig h\u00e5llbarhet<\/li>\n<li> Rostar och bleknar inte l\u00e4tt, idealisk f\u00f6r \u00e5ret-runt-anv\u00e4ndning utomhus<\/li>\n<li> Stabil st\u00e5ende med U-formad bas och tv\u00e5 markankare<\/li>\n<li> L\u00e4mplig f\u00f6r tr\u00e4dg\u00e5rdar, verandor, parker, font\u00e4ner, dammar etc.<\/li>\n<li> Utm\u00e4rkt present till tr\u00e4dg\u00e5rdsm\u00e4stare, som ger deras utrymme en konstn\u00e4rlig touch<\/li>\n<li> Enkel montering kr\u00e4vs, inga verktyg beh\u00f6vs<\/li>\n<\/ul>\n<p> Tekniska data:<\/p>\n<ul>\n<li> F\u00e4rg: Gr\u00f6n+Bronze<\/li>\n<li> Material: Metall<\/li>\n<li> Totala dimensioner: 27L x 20B x 88H cm<\/li>\n<li> Ytbehandling: Elektrofores, pulverlackering, lackering<\/li>\n<\/ul>\n<p>Leveransinneh\u00e5ll:<\/p>\n<ul>\n<li> 1 x H\u00e4ger tr\u00e4dg\u00e5rdsstaty<\/li>\n<li> 2 x U-formade markankare<\/li>\n<li> 1 x Instruktioner<\/li>\n<\/ul>\n","protected":false},"excerpt":{"rendered":"<p>Har du f\u00e5tt nog av blekande, v\u00e4ltande eller tr\u00e5kiga tr\u00e4dg\u00e5rdsdekorationer? Ge ditt utomhusomr\u00e5de nytt liv med [BRAND NAME] h\u00e4gertr\u00e4dg\u00e5rdsstaty. V\u00e4derbest\u00e4ndigt&#8230;<\/p>\n","protected":false},"featured_media":101767,"template":"","meta":[],"product_brand":[],"product_cat":[858,464],"product_tag":[],"class_list":{"0":"post-101778","1":"product","2":"type-product","3":"status-publish","4":"has-post-thumbnail","6":"product_cat-tradgard-terrass","7":"product_cat-tradgardsdekoration","9":"first","10":"instock","11":"sale","12":"taxable","13":"shipping-taxable","14":"purchasable","15":"product-type-simple"},"yoast_head":"<!-- This site is optimized with the Yoast SEO plugin v25.4 - https:\/\/yoast.com\/wordpress\/plugins\/seo\/ -->\n<title>TRUUSK Metallf\u00e5gel Utomhusstaty 88 Cm - Gr\u00f6n och Brons - St\u00e5ende Skulptur - Markankare - Tr\u00e4dg\u00e5rdsdekoration - TRUUSK - Hem, Tr\u00e4dg\u00e5rd &amp; Fritid<\/title>\n<meta name=\"robots\" content=\"index, follow, max-snippet:-1, max-image-preview:large, max-video-preview:-1\" \/>\n<link rel=\"canonical\" href=\"https:\/\/truusk.store\/sv\/produkt\/truusk-metallfagel-utomhusstaty-88-cm-gron-och-brons-staende-skulptur-markankare-tradgardsdekoration\/\" \/>\n<meta property=\"og:locale\" content=\"sv_SE\" \/>\n<meta property=\"og:type\" content=\"article\" \/>\n<meta property=\"og:title\" content=\"TRUUSK Metallf\u00e5gel Utomhusstaty 88 Cm - Gr\u00f6n och Brons - St\u00e5ende Skulptur - Markankare - Tr\u00e4dg\u00e5rdsdekoration - TRUUSK - Hem, Tr\u00e4dg\u00e5rd &amp; Fritid\" \/>\n<meta property=\"og:description\" content=\"Har du f\u00e5tt nog av blekande, v\u00e4ltande eller tr\u00e5kiga tr\u00e4dg\u00e5rdsdekorationer? Ge ditt utomhusomr\u00e5de nytt liv med [BRAND NAME] h\u00e4gertr\u00e4dg\u00e5rdsstaty. V\u00e4derbest\u00e4ndigt...\" \/>\n<meta property=\"og:url\" content=\"https:\/\/truusk.store\/sv\/produkt\/truusk-metallfagel-utomhusstaty-88-cm-gron-och-brons-staende-skulptur-markankare-tradgardsdekoration\/\" \/>\n<meta property=\"og:site_name\" content=\"TRUUSK - Hem, Tr\u00e4dg\u00e5rd &amp; Fritid\" \/>\n<meta property=\"article:modified_time\" content=\"2026-03-12T07:48:24+00:00\" \/>\n<meta property=\"og:image\" content=\"https:\/\/i0.wp.com\/truusk.se\/wp-content\/uploads\/2026\/01\/hagertradgardsstaty-metallfagel-utomhusstaty-88-cm-staende-skulptur-med-markankare-gron-och-brons-1.webp?fit=2000%2C2000&ssl=1\" \/>\n\t<meta property=\"og:image:width\" content=\"2000\" \/>\n\t<meta property=\"og:image:height\" content=\"2000\" \/>\n\t<meta property=\"og:image:type\" content=\"image\/webp\" \/>\n<meta name=\"twitter:card\" content=\"summary_large_image\" \/>\n<meta name=\"twitter:label1\" content=\"Ber\u00e4knad l\u00e4stid\" \/>\n\t<meta name=\"twitter:data1\" content=\"1 minut\" \/>\n<!-- \/ Yoast SEO plugin. -->","yoast_head_json":{"title":"TRUUSK Metallf\u00e5gel Utomhusstaty 88 Cm - Gr\u00f6n och Brons - St\u00e5ende Skulptur - Markankare - Tr\u00e4dg\u00e5rdsdekoration - TRUUSK - Hem, Tr\u00e4dg\u00e5rd &amp; Fritid","robots":{"index":"index","follow":"follow","max-snippet":"max-snippet:-1","max-image-preview":"max-image-preview:large","max-video-preview":"max-video-preview:-1"},"canonical":"https:\/\/truusk.store\/sv\/produkt\/truusk-metallfagel-utomhusstaty-88-cm-gron-och-brons-staende-skulptur-markankare-tradgardsdekoration\/","og_locale":"sv_SE","og_type":"article","og_title":"TRUUSK Metallf\u00e5gel Utomhusstaty 88 Cm - Gr\u00f6n och Brons - St\u00e5ende Skulptur - Markankare - Tr\u00e4dg\u00e5rdsdekoration - TRUUSK - Hem, Tr\u00e4dg\u00e5rd &amp; Fritid","og_description":"Har du f\u00e5tt nog av blekande, v\u00e4ltande eller tr\u00e5kiga tr\u00e4dg\u00e5rdsdekorationer? Ge ditt utomhusomr\u00e5de nytt liv med [BRAND NAME] h\u00e4gertr\u00e4dg\u00e5rdsstaty. V\u00e4derbest\u00e4ndigt...","og_url":"https:\/\/truusk.store\/sv\/produkt\/truusk-metallfagel-utomhusstaty-88-cm-gron-och-brons-staende-skulptur-markankare-tradgardsdekoration\/","og_site_name":"TRUUSK - Hem, Tr\u00e4dg\u00e5rd &amp; Fritid","article_modified_time":"2026-03-12T07:48:24+00:00","og_image":[{"width":2000,"height":2000,"url":"https:\/\/i0.wp.com\/truusk.se\/wp-content\/uploads\/2026\/01\/hagertradgardsstaty-metallfagel-utomhusstaty-88-cm-staende-skulptur-med-markankare-gron-och-brons-1.webp?fit=2000%2C2000&ssl=1","type":"image\/webp"}],"twitter_card":"summary_large_image","twitter_misc":{"Ber\u00e4knad l\u00e4stid":"1 minut"},"schema":{"@context":"https:\/\/schema.org","@graph":[{"@type":"WebPage","@id":"https:\/\/truusk.store\/sv\/produkt\/truusk-metallfagel-utomhusstaty-88-cm-gron-och-brons-staende-skulptur-markankare-tradgardsdekoration\/","url":"https:\/\/truusk.store\/sv\/produkt\/truusk-metallfagel-utomhusstaty-88-cm-gron-och-brons-staende-skulptur-markankare-tradgardsdekoration\/","name":"TRUUSK Metallf\u00e5gel Utomhusstaty 88 Cm - Gr\u00f6n och Brons - St\u00e5ende Skulptur - Markankare - Tr\u00e4dg\u00e5rdsdekoration - TRUUSK - Hem, Tr\u00e4dg\u00e5rd &amp; Fritid","isPartOf":{"@id":"https:\/\/truusk.store\/sv\/#website"},"primaryImageOfPage":{"@id":"https:\/\/truusk.store\/sv\/produkt\/truusk-metallfagel-utomhusstaty-88-cm-gron-och-brons-staende-skulptur-markankare-tradgardsdekoration\/#primaryimage"},"image":{"@id":"https:\/\/truusk.store\/sv\/produkt\/truusk-metallfagel-utomhusstaty-88-cm-gron-och-brons-staende-skulptur-markankare-tradgardsdekoration\/#primaryimage"},"thumbnailUrl":"https:\/\/i0.wp.com\/truusk.store\/wp-content\/uploads\/2026\/01\/hagertradgardsstaty-metallfagel-utomhusstaty-88-cm-staende-skulptur-med-markankare-gron-och-brons-1.webp?fit=2000%2C2000&ssl=1","datePublished":"2026-01-28T05:06:02+00:00","dateModified":"2026-03-12T07:48:24+00:00","breadcrumb":{"@id":"https:\/\/truusk.store\/sv\/produkt\/truusk-metallfagel-utomhusstaty-88-cm-gron-och-brons-staende-skulptur-markankare-tradgardsdekoration\/#breadcrumb"},"inLanguage":"sv-SE","potentialAction":[{"@type":"ReadAction","target":["https:\/\/truusk.store\/sv\/produkt\/truusk-metallfagel-utomhusstaty-88-cm-gron-och-brons-staende-skulptur-markankare-tradgardsdekoration\/"]}]},{"@type":"ImageObject","inLanguage":"sv-SE","@id":"https:\/\/truusk.store\/sv\/produkt\/truusk-metallfagel-utomhusstaty-88-cm-gron-och-brons-staende-skulptur-markankare-tradgardsdekoration\/#primaryimage","url":"https:\/\/i0.wp.com\/truusk.store\/wp-content\/uploads\/2026\/01\/hagertradgardsstaty-metallfagel-utomhusstaty-88-cm-staende-skulptur-med-markankare-gron-och-brons-1.webp?fit=2000%2C2000&ssl=1","contentUrl":"https:\/\/i0.wp.com\/truusk.store\/wp-content\/uploads\/2026\/01\/hagertradgardsstaty-metallfagel-utomhusstaty-88-cm-staende-skulptur-med-markankare-gron-och-brons-1.webp?fit=2000%2C2000&ssl=1","width":2000,"height":2000},{"@type":"BreadcrumbList","@id":"https:\/\/truusk.store\/sv\/produkt\/truusk-metallfagel-utomhusstaty-88-cm-gron-och-brons-staende-skulptur-markankare-tradgardsdekoration\/#breadcrumb","itemListElement":[{"@type":"ListItem","position":1,"name":"Home","item":"https:\/\/truusk.store\/sv\/"},{"@type":"ListItem","position":2,"name":"Shop","item":"https:\/\/truusk.store\/shop\/"},{"@type":"ListItem","position":3,"name":"TRUUSK Metallf\u00e5gel Utomhusstaty 88 Cm &#8211; Gr\u00f6n och Brons &#8211; St\u00e5ende Skulptur &#8211; Markankare &#8211; Tr\u00e4dg\u00e5rdsdekoration"}]},{"@type":"WebSite","@id":"https:\/\/truusk.store\/sv\/#website","url":"https:\/\/truusk.store\/sv\/","name":"TRUUSK - Hem, Tr\u00e4dg\u00e5rd & Fritid","description":"","publisher":{"@id":"https:\/\/truusk.store\/sv\/#organization"},"potentialAction":[{"@type":"SearchAction","target":{"@type":"EntryPoint","urlTemplate":"https:\/\/truusk.store\/sv\/?s={search_term_string}"},"query-input":{"@type":"PropertyValueSpecification","valueRequired":true,"valueName":"search_term_string"}}],"inLanguage":"sv-SE"},{"@type":"Organization","@id":"https:\/\/truusk.store\/sv\/#organization","name":"TRUUSK - Hem, Tr\u00e4dg\u00e5rd & Fritid","url":"https:\/\/truusk.store\/sv\/","logo":{"@type":"ImageObject","inLanguage":"sv-SE","@id":"https:\/\/truusk.store\/sv\/#\/schema\/logo\/image\/","url":"https:\/\/i0.wp.com\/truusk.store\/wp-content\/uploads\/2026\/03\/cropped-TRUUSK.png?fit=2032%2C917&ssl=1","contentUrl":"https:\/\/i0.wp.com\/truusk.store\/wp-content\/uploads\/2026\/03\/cropped-TRUUSK.png?fit=2032%2C917&ssl=1","width":2032,"height":917,"caption":"TRUUSK - Hem, Tr\u00e4dg\u00e5rd & Fritid"},"image":{"@id":"https:\/\/truusk.store\/sv\/#\/schema\/logo\/image\/"}}]}},"jetpack_sharing_enabled":true,"_links":{"self":[{"href":"https:\/\/truusk.store\/sv\/wp-json\/wp\/v2\/product\/101778","targetHints":{"allow":["GET"]}}],"collection":[{"href":"https:\/\/truusk.store\/sv\/wp-json\/wp\/v2\/product"}],"about":[{"href":"https:\/\/truusk.store\/sv\/wp-json\/wp\/v2\/types\/product"}],"wp:featuredmedia":[{"embeddable":true,"href":"https:\/\/truusk.store\/sv\/wp-json\/wp\/v2\/media\/101767"}],"wp:attachment":[{"href":"https:\/\/truusk.store\/sv\/wp-json\/wp\/v2\/media?parent=101778"}],"wp:term":[{"taxonomy":"product_brand","embeddable":true,"href":"https:\/\/truusk.store\/sv\/wp-json\/wp\/v2\/product_brand?post=101778"},{"taxonomy":"product_cat","embeddable":true,"href":"https:\/\/truusk.store\/sv\/wp-json\/wp\/v2\/product_cat?post=101778"},{"taxonomy":"product_tag","embeddable":true,"href":"https:\/\/truusk.store\/sv\/wp-json\/wp\/v2\/product_tag?post=101778"}],"curies":[{"name":"wp","href":"https:\/\/api.w.org\/{rel}","templated":true}]}}