{"id":101798,"date":"2026-01-28T06:07:42","date_gmt":"2026-01-28T05:07:42","guid":{"rendered":"https:\/\/truusk.store\/product\/flamingo-tradgardsstatyer-set-om-2-floral-fjadermetallfaglar-staende-skulpturer-med-markankare-rod\/"},"modified":"2026-03-12T08:48:27","modified_gmt":"2026-03-12T07:48:27","slug":"truusk-tradgardsstatyer-set-om-2-floral-fjadermetallfaglar-staende-skulpturer-markankare-rod","status":"publish","type":"product","link":"https:\/\/truusk.store\/sv\/produkt\/truusk-tradgardsstatyer-set-om-2-floral-fjadermetallfaglar-staende-skulpturer-markankare-rod\/","title":{"rendered":"TRUUSK Tr\u00e4dg\u00e5rdsstatyer Set Om 2 &#8211; Floral Fj\u00e4dermetallf\u00e5glar &#8211; St\u00e5ende Skulpturer &#8211; Markankare &#8211; R\u00f6d"},"content":{"rendered":"<p>Tr\u00f6tt p\u00e5 tr\u00e4dg\u00e5rdsdekorationer som bleknar, faller omkull eller ser tr\u00e5kiga ut? Med [BRAND NAME] flamingo tr\u00e4dg\u00e5rdsstatyer, ger du liv och stil till din tr\u00e4dg\u00e5rd. Tillverkade av v\u00e4derbest\u00e4ndigt metall med trippel bel\u00e4ggning, ger konstn\u00e4rligt utformade flamingostatyer en elegant touch. U-formade markankare s\u00e4krar statyerna p\u00e5litligt. V\u00e4lkomna g\u00e4ster och g\u00f6r din utomhusomr\u00e5de till h\u00f6jdpunkten \u00e5ret runt.<\/p>\n<p>Beskrivning:<\/p>\n<ul>\n<li> Set med tv\u00e5 flamingostatyer i olika poser<\/li>\n<li> Unik flamingo tr\u00e4dg\u00e5rdsdekoration med blomfj\u00e4drar som framh\u00e4ver din tr\u00e4dg\u00e5rd<\/li>\n<li> Tjock metalltr\u00e4dg\u00e5rdsstaty med en tredubbel bel\u00e4ggning f\u00f6r l\u00e5ngvarig h\u00e5llbarhet<\/li>\n<li> Inte l\u00e4tt att rosta eller blekna, l\u00e4mplig f\u00f6r utomhusbruk \u00e5ret runt<\/li>\n<li> Stabil st\u00e5ende med U-formad bas och markankare<\/li>\n<li> L\u00e4mplig f\u00f6r tr\u00e4dg\u00e5rdar, verandor, parker, font\u00e4ner, dammar etc.<\/li>\n<li> Utm\u00e4rkt present till tr\u00e4dg\u00e5rdsm\u00e4stare, som ger en konstn\u00e4rlig accent till deras utrymme<\/li>\n<li> Enkel montering kr\u00e4vs, inga verktyg beh\u00f6vs<\/li>\n<\/ul>\n<p> Tekniska specifikationer:<\/p>\n<ul>\n<li> F\u00e4rg: R\u00f6d+Vit<\/li>\n<li> Material: Metall<\/li>\n<li> Totala dimensioner: 28B x 19T x 83H cm, 27B x 19T x 75H cm<\/li>\n<li> Ytbehandling: Elektrofores, pulverlackering, lackering<\/li>\n<\/ul>\n<p>Leveransinneh\u00e5ll:<\/p>\n<ul>\n<li> 2 x Flamingo tr\u00e4dg\u00e5rdsstaty<\/li>\n<li> 4 x U-formad jordspik<\/li>\n<li> 1 x Instruktioner<\/li>\n<\/ul>\n","protected":false},"excerpt":{"rendered":"<p>Tr\u00f6tt p\u00e5 tr\u00e4dg\u00e5rdsdekorationer som bleknar, faller omkull eller ser tr\u00e5kiga ut? Med [BRAND NAME] flamingo tr\u00e4dg\u00e5rdsstatyer, ger du liv och&#8230;<\/p>\n","protected":false},"featured_media":101784,"template":"","meta":[],"product_brand":[],"product_cat":[858,464],"product_tag":[],"class_list":{"0":"post-101798","1":"product","2":"type-product","3":"status-publish","4":"has-post-thumbnail","6":"product_cat-tradgard-terrass","7":"product_cat-tradgardsdekoration","9":"first","10":"instock","11":"sale","12":"taxable","13":"shipping-taxable","14":"purchasable","15":"product-type-simple"},"yoast_head":"<!-- This site is optimized with the Yoast SEO plugin v25.4 - https:\/\/yoast.com\/wordpress\/plugins\/seo\/ -->\n<title>TRUUSK Tr\u00e4dg\u00e5rdsstatyer Set Om 2 - Floral Fj\u00e4dermetallf\u00e5glar - St\u00e5ende Skulpturer - Markankare - R\u00f6d - TRUUSK - Hem, Tr\u00e4dg\u00e5rd &amp; Fritid<\/title>\n<meta name=\"robots\" content=\"index, follow, max-snippet:-1, max-image-preview:large, max-video-preview:-1\" \/>\n<link rel=\"canonical\" href=\"https:\/\/truusk.store\/sv\/produkt\/truusk-tradgardsstatyer-set-om-2-floral-fjadermetallfaglar-staende-skulpturer-markankare-rod\/\" \/>\n<meta property=\"og:locale\" content=\"sv_SE\" \/>\n<meta property=\"og:type\" content=\"article\" \/>\n<meta property=\"og:title\" content=\"TRUUSK Tr\u00e4dg\u00e5rdsstatyer Set Om 2 - Floral Fj\u00e4dermetallf\u00e5glar - St\u00e5ende Skulpturer - Markankare - R\u00f6d - TRUUSK - Hem, Tr\u00e4dg\u00e5rd &amp; Fritid\" \/>\n<meta property=\"og:description\" content=\"Tr\u00f6tt p\u00e5 tr\u00e4dg\u00e5rdsdekorationer som bleknar, faller omkull eller ser tr\u00e5kiga ut? Med [BRAND NAME] flamingo tr\u00e4dg\u00e5rdsstatyer, ger du liv och...\" \/>\n<meta property=\"og:url\" content=\"https:\/\/truusk.store\/sv\/produkt\/truusk-tradgardsstatyer-set-om-2-floral-fjadermetallfaglar-staende-skulpturer-markankare-rod\/\" \/>\n<meta property=\"og:site_name\" content=\"TRUUSK - Hem, Tr\u00e4dg\u00e5rd &amp; Fritid\" \/>\n<meta property=\"article:modified_time\" content=\"2026-03-12T07:48:27+00:00\" \/>\n<meta property=\"og:image\" content=\"https:\/\/i0.wp.com\/truusk.se\/wp-content\/uploads\/2026\/01\/flamingo-tradgardsstatyer-set-om-2-floral-fjadermetallfaglar-staende-skulpturer-med-markankare-rod-1.webp?fit=2000%2C2000&ssl=1\" \/>\n\t<meta property=\"og:image:width\" content=\"2000\" \/>\n\t<meta property=\"og:image:height\" content=\"2000\" \/>\n\t<meta property=\"og:image:type\" content=\"image\/webp\" \/>\n<meta name=\"twitter:card\" content=\"summary_large_image\" \/>\n<meta name=\"twitter:label1\" content=\"Ber\u00e4knad l\u00e4stid\" \/>\n\t<meta name=\"twitter:data1\" content=\"1 minut\" \/>\n<!-- \/ Yoast SEO plugin. -->","yoast_head_json":{"title":"TRUUSK Tr\u00e4dg\u00e5rdsstatyer Set Om 2 - Floral Fj\u00e4dermetallf\u00e5glar - St\u00e5ende Skulpturer - Markankare - R\u00f6d - TRUUSK - Hem, Tr\u00e4dg\u00e5rd &amp; Fritid","robots":{"index":"index","follow":"follow","max-snippet":"max-snippet:-1","max-image-preview":"max-image-preview:large","max-video-preview":"max-video-preview:-1"},"canonical":"https:\/\/truusk.store\/sv\/produkt\/truusk-tradgardsstatyer-set-om-2-floral-fjadermetallfaglar-staende-skulpturer-markankare-rod\/","og_locale":"sv_SE","og_type":"article","og_title":"TRUUSK Tr\u00e4dg\u00e5rdsstatyer Set Om 2 - Floral Fj\u00e4dermetallf\u00e5glar - St\u00e5ende Skulpturer - Markankare - R\u00f6d - TRUUSK - Hem, Tr\u00e4dg\u00e5rd &amp; Fritid","og_description":"Tr\u00f6tt p\u00e5 tr\u00e4dg\u00e5rdsdekorationer som bleknar, faller omkull eller ser tr\u00e5kiga ut? Med [BRAND NAME] flamingo tr\u00e4dg\u00e5rdsstatyer, ger du liv och...","og_url":"https:\/\/truusk.store\/sv\/produkt\/truusk-tradgardsstatyer-set-om-2-floral-fjadermetallfaglar-staende-skulpturer-markankare-rod\/","og_site_name":"TRUUSK - Hem, Tr\u00e4dg\u00e5rd &amp; Fritid","article_modified_time":"2026-03-12T07:48:27+00:00","og_image":[{"width":2000,"height":2000,"url":"https:\/\/i0.wp.com\/truusk.se\/wp-content\/uploads\/2026\/01\/flamingo-tradgardsstatyer-set-om-2-floral-fjadermetallfaglar-staende-skulpturer-med-markankare-rod-1.webp?fit=2000%2C2000&ssl=1","type":"image\/webp"}],"twitter_card":"summary_large_image","twitter_misc":{"Ber\u00e4knad l\u00e4stid":"1 minut"},"schema":{"@context":"https:\/\/schema.org","@graph":[{"@type":"WebPage","@id":"https:\/\/truusk.store\/sv\/produkt\/truusk-tradgardsstatyer-set-om-2-floral-fjadermetallfaglar-staende-skulpturer-markankare-rod\/","url":"https:\/\/truusk.store\/sv\/produkt\/truusk-tradgardsstatyer-set-om-2-floral-fjadermetallfaglar-staende-skulpturer-markankare-rod\/","name":"TRUUSK Tr\u00e4dg\u00e5rdsstatyer Set Om 2 - Floral Fj\u00e4dermetallf\u00e5glar - St\u00e5ende Skulpturer - Markankare - R\u00f6d - TRUUSK - Hem, Tr\u00e4dg\u00e5rd &amp; Fritid","isPartOf":{"@id":"https:\/\/truusk.store\/sv\/#website"},"primaryImageOfPage":{"@id":"https:\/\/truusk.store\/sv\/produkt\/truusk-tradgardsstatyer-set-om-2-floral-fjadermetallfaglar-staende-skulpturer-markankare-rod\/#primaryimage"},"image":{"@id":"https:\/\/truusk.store\/sv\/produkt\/truusk-tradgardsstatyer-set-om-2-floral-fjadermetallfaglar-staende-skulpturer-markankare-rod\/#primaryimage"},"thumbnailUrl":"https:\/\/i0.wp.com\/truusk.store\/wp-content\/uploads\/2026\/01\/flamingo-tradgardsstatyer-set-om-2-floral-fjadermetallfaglar-staende-skulpturer-med-markankare-rod-1.webp?fit=2000%2C2000&ssl=1","datePublished":"2026-01-28T05:07:42+00:00","dateModified":"2026-03-12T07:48:27+00:00","breadcrumb":{"@id":"https:\/\/truusk.store\/sv\/produkt\/truusk-tradgardsstatyer-set-om-2-floral-fjadermetallfaglar-staende-skulpturer-markankare-rod\/#breadcrumb"},"inLanguage":"sv-SE","potentialAction":[{"@type":"ReadAction","target":["https:\/\/truusk.store\/sv\/produkt\/truusk-tradgardsstatyer-set-om-2-floral-fjadermetallfaglar-staende-skulpturer-markankare-rod\/"]}]},{"@type":"ImageObject","inLanguage":"sv-SE","@id":"https:\/\/truusk.store\/sv\/produkt\/truusk-tradgardsstatyer-set-om-2-floral-fjadermetallfaglar-staende-skulpturer-markankare-rod\/#primaryimage","url":"https:\/\/i0.wp.com\/truusk.store\/wp-content\/uploads\/2026\/01\/flamingo-tradgardsstatyer-set-om-2-floral-fjadermetallfaglar-staende-skulpturer-med-markankare-rod-1.webp?fit=2000%2C2000&ssl=1","contentUrl":"https:\/\/i0.wp.com\/truusk.store\/wp-content\/uploads\/2026\/01\/flamingo-tradgardsstatyer-set-om-2-floral-fjadermetallfaglar-staende-skulpturer-med-markankare-rod-1.webp?fit=2000%2C2000&ssl=1","width":2000,"height":2000},{"@type":"BreadcrumbList","@id":"https:\/\/truusk.store\/sv\/produkt\/truusk-tradgardsstatyer-set-om-2-floral-fjadermetallfaglar-staende-skulpturer-markankare-rod\/#breadcrumb","itemListElement":[{"@type":"ListItem","position":1,"name":"Home","item":"https:\/\/truusk.store\/sv\/"},{"@type":"ListItem","position":2,"name":"Shop","item":"https:\/\/truusk.store\/shop\/"},{"@type":"ListItem","position":3,"name":"TRUUSK Tr\u00e4dg\u00e5rdsstatyer Set Om 2 &#8211; Floral Fj\u00e4dermetallf\u00e5glar &#8211; St\u00e5ende Skulpturer &#8211; Markankare &#8211; R\u00f6d"}]},{"@type":"WebSite","@id":"https:\/\/truusk.store\/sv\/#website","url":"https:\/\/truusk.store\/sv\/","name":"TRUUSK - Hem, Tr\u00e4dg\u00e5rd & Fritid","description":"","publisher":{"@id":"https:\/\/truusk.store\/sv\/#organization"},"potentialAction":[{"@type":"SearchAction","target":{"@type":"EntryPoint","urlTemplate":"https:\/\/truusk.store\/sv\/?s={search_term_string}"},"query-input":{"@type":"PropertyValueSpecification","valueRequired":true,"valueName":"search_term_string"}}],"inLanguage":"sv-SE"},{"@type":"Organization","@id":"https:\/\/truusk.store\/sv\/#organization","name":"TRUUSK - Hem, Tr\u00e4dg\u00e5rd & Fritid","url":"https:\/\/truusk.store\/sv\/","logo":{"@type":"ImageObject","inLanguage":"sv-SE","@id":"https:\/\/truusk.store\/sv\/#\/schema\/logo\/image\/","url":"https:\/\/i0.wp.com\/truusk.store\/wp-content\/uploads\/2026\/03\/cropped-TRUUSK.png?fit=2032%2C917&ssl=1","contentUrl":"https:\/\/i0.wp.com\/truusk.store\/wp-content\/uploads\/2026\/03\/cropped-TRUUSK.png?fit=2032%2C917&ssl=1","width":2032,"height":917,"caption":"TRUUSK - Hem, Tr\u00e4dg\u00e5rd & Fritid"},"image":{"@id":"https:\/\/truusk.store\/sv\/#\/schema\/logo\/image\/"}}]}},"jetpack_sharing_enabled":true,"_links":{"self":[{"href":"https:\/\/truusk.store\/sv\/wp-json\/wp\/v2\/product\/101798","targetHints":{"allow":["GET"]}}],"collection":[{"href":"https:\/\/truusk.store\/sv\/wp-json\/wp\/v2\/product"}],"about":[{"href":"https:\/\/truusk.store\/sv\/wp-json\/wp\/v2\/types\/product"}],"wp:featuredmedia":[{"embeddable":true,"href":"https:\/\/truusk.store\/sv\/wp-json\/wp\/v2\/media\/101784"}],"wp:attachment":[{"href":"https:\/\/truusk.store\/sv\/wp-json\/wp\/v2\/media?parent=101798"}],"wp:term":[{"taxonomy":"product_brand","embeddable":true,"href":"https:\/\/truusk.store\/sv\/wp-json\/wp\/v2\/product_brand?post=101798"},{"taxonomy":"product_cat","embeddable":true,"href":"https:\/\/truusk.store\/sv\/wp-json\/wp\/v2\/product_cat?post=101798"},{"taxonomy":"product_tag","embeddable":true,"href":"https:\/\/truusk.store\/sv\/wp-json\/wp\/v2\/product_tag?post=101798"}],"curies":[{"name":"wp","href":"https:\/\/api.w.org\/{rel}","templated":true}]}}