{"id":101818,"date":"2026-01-28T06:09:49","date_gmt":"2026-01-28T05:09:49","guid":{"rendered":"https:\/\/truusk.store\/product\/elektronisk-darttavla-for-1-8-spelare-lcd-display-6-dartset-fargglad\/"},"modified":"2026-03-12T08:48:35","modified_gmt":"2026-03-12T07:48:35","slug":"truusk-elektronisk-darttavla-for-1-8-spelare-lcd-display-6-dartset-fargglad","status":"publish","type":"product","link":"https:\/\/truusk.store\/sv\/produkt\/truusk-elektronisk-darttavla-for-1-8-spelare-lcd-display-6-dartset-fargglad\/","title":{"rendered":"TRUUSK Elektronisk Darttavla &#8211; F\u00f6r 1-8 Spelare &#8211; LCD-display &#8211; 6 Dartset &#8211; F\u00e4rgglad"},"content":{"rendered":"<p>Saknar du sp\u00e4nningen vid dina m\u00f6ten? Sluta med o\u00e4ndlig mobilskrollning och obekv\u00e4ma pauser! Den elektroniska darttavlan [BRAND NAME] g\u00f6r ditt rum till underh\u00e5llningens centrum. Upp till \u00e5tta spelare kan njuta av 18 spel och 159 variationer. LCD-displayen tar automatiskt hand om po\u00e4ngr\u00e4kningen, utan att manuellt beh\u00f6va f\u00f6lja po\u00e4ngst\u00e4llningen. Elektroniska dartkv\u00e4llar \u00e4r tillbaka, packa upp direkt och spela i v\u00e4nlig rivalitet.<\/p>\n<p>Beskrivning:<\/p>\n<ul>\n<li> Denna elektroniska darttavla erbjuder 18 spel med 159 variationer f\u00f6r upp till 8 spelare<\/li>\n<li> Ljus LCD-display sp\u00e5rar automatiskt po\u00e4ngen, med engelska spr\u00e5kp\u00e5minnelser<\/li>\n<li> Kombinationsm\u00e5l med tunna segmentkanter f\u00f6r att minska studsar<\/li>\n<li> Tre h\u00e5l avst\u00e5nd f\u00f6r mer exakta kast i dubbel-\/trippelzonen<\/li>\n<li> Elektronisk darttavla inneh\u00e5ller sex dartset samt 24 extra mjuka spetsar f\u00f6r omedelbart spel<\/li>\n<li> Elektronisk darttavla \u00e4r utrustad med en sidodartf\u00f6rvaring f\u00f6r enkel organisering<\/li>\n<li> Batteridriven f\u00f6r en tr\u00e5dl\u00f6s installation var som helst (3x AA-batterier kr\u00e4vs, ing\u00e5r ej)<\/li>\n<li> Ett utm\u00e4rkt tillskott till familjekv\u00e4llar, pauser p\u00e5 kontoret, semesterfirande eller bartr\u00e4ffar<\/li>\n<\/ul>\n<p> Tekniska data:<\/p>\n<ul>\n<li> F\u00e4rg: Flerf\u00e4rgad<\/li>\n<li> Material: Plast<\/li>\n<li> Totala dimensioner: 47L x 41B x 2,5H cm<\/li>\n<li> Dartvikt: 9,5 g (varje)<\/li>\n<li> Obs: Tre 1,5 V AA-batterier kr\u00e4vs, ing\u00e5r ej.<\/li>\n<\/ul>\n<p>Leveransinneh\u00e5ll:<\/p>\n<ul>\n<li> 1 x Elektronisk darttavla<\/li>\n<li> 6 x Dartpil<\/li>\n<li> 24 x Ers\u00e4ttningsdartspets<\/li>\n<li> 1 x Bruksanvisning<\/li>\n<\/ul>\n","protected":false},"excerpt":{"rendered":"<p>Saknar du sp\u00e4nningen vid dina m\u00f6ten? Sluta med o\u00e4ndlig mobilskrollning och obekv\u00e4ma pauser! Den elektroniska darttavlan [BRAND NAME] g\u00f6r ditt&#8230;<\/p>\n","protected":false},"featured_media":101809,"template":"","meta":[],"product_brand":[],"product_cat":[658,656,647],"product_tag":[],"class_list":{"0":"post-101818","1":"product","2":"type-product","3":"status-publish","4":"has-post-thumbnail","6":"product_cat-elektroniska-darttavlor","7":"product_cat-spel-hobby","8":"product_cat-sport-fritid","10":"first","11":"instock","12":"sale","13":"taxable","14":"shipping-taxable","15":"purchasable","16":"product-type-simple"},"yoast_head":"<!-- This site is optimized with the Yoast SEO plugin v25.4 - https:\/\/yoast.com\/wordpress\/plugins\/seo\/ -->\n<title>TRUUSK Elektronisk Darttavla - F\u00f6r 1-8 Spelare - LCD-display - 6 Dartset - F\u00e4rgglad - TRUUSK - Hem, Tr\u00e4dg\u00e5rd &amp; Fritid<\/title>\n<meta name=\"robots\" content=\"index, follow, max-snippet:-1, max-image-preview:large, max-video-preview:-1\" \/>\n<link rel=\"canonical\" href=\"https:\/\/truusk.store\/sv\/produkt\/truusk-elektronisk-darttavla-for-1-8-spelare-lcd-display-6-dartset-fargglad\/\" \/>\n<meta property=\"og:locale\" content=\"sv_SE\" \/>\n<meta property=\"og:type\" content=\"article\" \/>\n<meta property=\"og:title\" content=\"TRUUSK Elektronisk Darttavla - F\u00f6r 1-8 Spelare - LCD-display - 6 Dartset - F\u00e4rgglad - TRUUSK - Hem, Tr\u00e4dg\u00e5rd &amp; Fritid\" \/>\n<meta property=\"og:description\" content=\"Saknar du sp\u00e4nningen vid dina m\u00f6ten? Sluta med o\u00e4ndlig mobilskrollning och obekv\u00e4ma pauser! Den elektroniska darttavlan [BRAND NAME] g\u00f6r ditt...\" \/>\n<meta property=\"og:url\" content=\"https:\/\/truusk.store\/sv\/produkt\/truusk-elektronisk-darttavla-for-1-8-spelare-lcd-display-6-dartset-fargglad\/\" \/>\n<meta property=\"og:site_name\" content=\"TRUUSK - Hem, Tr\u00e4dg\u00e5rd &amp; Fritid\" \/>\n<meta property=\"article:modified_time\" content=\"2026-03-12T07:48:35+00:00\" \/>\n<meta property=\"og:image\" content=\"https:\/\/i0.wp.com\/truusk.se\/wp-content\/uploads\/2026\/01\/elektronisk-darttavla-for-1-8-spelare-lcd-display-6-dartset-fargglad-1.webp?fit=2000%2C2000&ssl=1\" \/>\n\t<meta property=\"og:image:width\" content=\"2000\" \/>\n\t<meta property=\"og:image:height\" content=\"2000\" \/>\n\t<meta property=\"og:image:type\" content=\"image\/webp\" \/>\n<meta name=\"twitter:card\" content=\"summary_large_image\" \/>\n<meta name=\"twitter:label1\" content=\"Ber\u00e4knad l\u00e4stid\" \/>\n\t<meta name=\"twitter:data1\" content=\"1 minut\" \/>\n<!-- \/ Yoast SEO plugin. -->","yoast_head_json":{"title":"TRUUSK Elektronisk Darttavla - F\u00f6r 1-8 Spelare - LCD-display - 6 Dartset - F\u00e4rgglad - TRUUSK - Hem, Tr\u00e4dg\u00e5rd &amp; Fritid","robots":{"index":"index","follow":"follow","max-snippet":"max-snippet:-1","max-image-preview":"max-image-preview:large","max-video-preview":"max-video-preview:-1"},"canonical":"https:\/\/truusk.store\/sv\/produkt\/truusk-elektronisk-darttavla-for-1-8-spelare-lcd-display-6-dartset-fargglad\/","og_locale":"sv_SE","og_type":"article","og_title":"TRUUSK Elektronisk Darttavla - F\u00f6r 1-8 Spelare - LCD-display - 6 Dartset - F\u00e4rgglad - TRUUSK - Hem, Tr\u00e4dg\u00e5rd &amp; Fritid","og_description":"Saknar du sp\u00e4nningen vid dina m\u00f6ten? Sluta med o\u00e4ndlig mobilskrollning och obekv\u00e4ma pauser! Den elektroniska darttavlan [BRAND NAME] g\u00f6r ditt...","og_url":"https:\/\/truusk.store\/sv\/produkt\/truusk-elektronisk-darttavla-for-1-8-spelare-lcd-display-6-dartset-fargglad\/","og_site_name":"TRUUSK - Hem, Tr\u00e4dg\u00e5rd &amp; Fritid","article_modified_time":"2026-03-12T07:48:35+00:00","og_image":[{"width":2000,"height":2000,"url":"https:\/\/i0.wp.com\/truusk.se\/wp-content\/uploads\/2026\/01\/elektronisk-darttavla-for-1-8-spelare-lcd-display-6-dartset-fargglad-1.webp?fit=2000%2C2000&ssl=1","type":"image\/webp"}],"twitter_card":"summary_large_image","twitter_misc":{"Ber\u00e4knad l\u00e4stid":"1 minut"},"schema":{"@context":"https:\/\/schema.org","@graph":[{"@type":"WebPage","@id":"https:\/\/truusk.store\/sv\/produkt\/truusk-elektronisk-darttavla-for-1-8-spelare-lcd-display-6-dartset-fargglad\/","url":"https:\/\/truusk.store\/sv\/produkt\/truusk-elektronisk-darttavla-for-1-8-spelare-lcd-display-6-dartset-fargglad\/","name":"TRUUSK Elektronisk Darttavla - F\u00f6r 1-8 Spelare - LCD-display - 6 Dartset - F\u00e4rgglad - TRUUSK - Hem, Tr\u00e4dg\u00e5rd &amp; Fritid","isPartOf":{"@id":"https:\/\/truusk.store\/sv\/#website"},"primaryImageOfPage":{"@id":"https:\/\/truusk.store\/sv\/produkt\/truusk-elektronisk-darttavla-for-1-8-spelare-lcd-display-6-dartset-fargglad\/#primaryimage"},"image":{"@id":"https:\/\/truusk.store\/sv\/produkt\/truusk-elektronisk-darttavla-for-1-8-spelare-lcd-display-6-dartset-fargglad\/#primaryimage"},"thumbnailUrl":"https:\/\/i0.wp.com\/truusk.store\/wp-content\/uploads\/2026\/01\/elektronisk-darttavla-for-1-8-spelare-lcd-display-6-dartset-fargglad-1.webp?fit=2000%2C2000&ssl=1","datePublished":"2026-01-28T05:09:49+00:00","dateModified":"2026-03-12T07:48:35+00:00","breadcrumb":{"@id":"https:\/\/truusk.store\/sv\/produkt\/truusk-elektronisk-darttavla-for-1-8-spelare-lcd-display-6-dartset-fargglad\/#breadcrumb"},"inLanguage":"sv-SE","potentialAction":[{"@type":"ReadAction","target":["https:\/\/truusk.store\/sv\/produkt\/truusk-elektronisk-darttavla-for-1-8-spelare-lcd-display-6-dartset-fargglad\/"]}]},{"@type":"ImageObject","inLanguage":"sv-SE","@id":"https:\/\/truusk.store\/sv\/produkt\/truusk-elektronisk-darttavla-for-1-8-spelare-lcd-display-6-dartset-fargglad\/#primaryimage","url":"https:\/\/i0.wp.com\/truusk.store\/wp-content\/uploads\/2026\/01\/elektronisk-darttavla-for-1-8-spelare-lcd-display-6-dartset-fargglad-1.webp?fit=2000%2C2000&ssl=1","contentUrl":"https:\/\/i0.wp.com\/truusk.store\/wp-content\/uploads\/2026\/01\/elektronisk-darttavla-for-1-8-spelare-lcd-display-6-dartset-fargglad-1.webp?fit=2000%2C2000&ssl=1","width":2000,"height":2000},{"@type":"BreadcrumbList","@id":"https:\/\/truusk.store\/sv\/produkt\/truusk-elektronisk-darttavla-for-1-8-spelare-lcd-display-6-dartset-fargglad\/#breadcrumb","itemListElement":[{"@type":"ListItem","position":1,"name":"Home","item":"https:\/\/truusk.store\/sv\/"},{"@type":"ListItem","position":2,"name":"Shop","item":"https:\/\/truusk.store\/shop\/"},{"@type":"ListItem","position":3,"name":"TRUUSK Elektronisk Darttavla &#8211; F\u00f6r 1-8 Spelare &#8211; LCD-display &#8211; 6 Dartset &#8211; F\u00e4rgglad"}]},{"@type":"WebSite","@id":"https:\/\/truusk.store\/sv\/#website","url":"https:\/\/truusk.store\/sv\/","name":"TRUUSK - Hem, Tr\u00e4dg\u00e5rd & Fritid","description":"","publisher":{"@id":"https:\/\/truusk.store\/sv\/#organization"},"potentialAction":[{"@type":"SearchAction","target":{"@type":"EntryPoint","urlTemplate":"https:\/\/truusk.store\/sv\/?s={search_term_string}"},"query-input":{"@type":"PropertyValueSpecification","valueRequired":true,"valueName":"search_term_string"}}],"inLanguage":"sv-SE"},{"@type":"Organization","@id":"https:\/\/truusk.store\/sv\/#organization","name":"TRUUSK - Hem, Tr\u00e4dg\u00e5rd & Fritid","url":"https:\/\/truusk.store\/sv\/","logo":{"@type":"ImageObject","inLanguage":"sv-SE","@id":"https:\/\/truusk.store\/sv\/#\/schema\/logo\/image\/","url":"https:\/\/i0.wp.com\/truusk.store\/wp-content\/uploads\/2026\/03\/cropped-TRUUSK.png?fit=2032%2C917&ssl=1","contentUrl":"https:\/\/i0.wp.com\/truusk.store\/wp-content\/uploads\/2026\/03\/cropped-TRUUSK.png?fit=2032%2C917&ssl=1","width":2032,"height":917,"caption":"TRUUSK - Hem, Tr\u00e4dg\u00e5rd & Fritid"},"image":{"@id":"https:\/\/truusk.store\/sv\/#\/schema\/logo\/image\/"}}]}},"jetpack_sharing_enabled":true,"_links":{"self":[{"href":"https:\/\/truusk.store\/sv\/wp-json\/wp\/v2\/product\/101818","targetHints":{"allow":["GET"]}}],"collection":[{"href":"https:\/\/truusk.store\/sv\/wp-json\/wp\/v2\/product"}],"about":[{"href":"https:\/\/truusk.store\/sv\/wp-json\/wp\/v2\/types\/product"}],"wp:featuredmedia":[{"embeddable":true,"href":"https:\/\/truusk.store\/sv\/wp-json\/wp\/v2\/media\/101809"}],"wp:attachment":[{"href":"https:\/\/truusk.store\/sv\/wp-json\/wp\/v2\/media?parent=101818"}],"wp:term":[{"taxonomy":"product_brand","embeddable":true,"href":"https:\/\/truusk.store\/sv\/wp-json\/wp\/v2\/product_brand?post=101818"},{"taxonomy":"product_cat","embeddable":true,"href":"https:\/\/truusk.store\/sv\/wp-json\/wp\/v2\/product_cat?post=101818"},{"taxonomy":"product_tag","embeddable":true,"href":"https:\/\/truusk.store\/sv\/wp-json\/wp\/v2\/product_tag?post=101818"}],"curies":[{"name":"wp","href":"https:\/\/api.w.org\/{rel}","templated":true}]}}